{"id":9985,"date":"2023-11-11T18:56:08","date_gmt":"2023-11-11T10:56:08","guid":{"rendered":"http:\/\/www.rooderchina.com\/index.php\/product\/2-wheels-scooter-r803a-for-adulsts-with-5-5-inch-tire-folding-aluminum-alloy-24v-lithium-battery-wholesale-price\/"},"modified":"2023-11-11T18:56:08","modified_gmt":"2023-11-11T10:56:08","slug":"2-wheels-scooter-r803a-for-adulsts-with-5-5-inch-tire-folding-aluminum-alloy-24v-lithium-battery-wholesale-price","status":"publish","type":"product","link":"https:\/\/www.rooderchina.com\/tr\/urun\/2-wheels-scooter-r803a-for-adulsts-with-5-5-inch-tire-folding-aluminum-alloy-24v-lithium-battery-wholesale-price\/","title":{"rendered":"Yeti\u015fkinler i\u00e7in 2 tekerlekli scooter r803a 5.5 in\u00e7 lastik katlan\u0131r al\u00fcminyum ala\u015f\u0131ml\u0131 24v lityum pil toptan sat\u0131\u015f fiyat\u0131"},"content":{"rendered":"<p>We are specialized in manufacturing electric scooters.<\/p>\n<p>With an experienced and professional team, we have exported our products to many countries and regions around the world, especially America and Europe. Our<br \/>\nproducts enjoy a good reputation among our customers.<\/p>\n<p>We welcome customers, business associations and friends from all parts of the world to contact us and seek cooperation for mutual benefits.<\/p>\n<p><strong>2 wheels scooter for adulsts <strong>r803a\u00a0<\/strong>with 5.5 inch tire folding aluminum alloy 24v lithium battery wholesale price<\/strong><\/p>\n<\/p>\n<p>model: r803a<br \/>\nal\u00fcminyum ala\u015f\u0131ml\u0131 katlan\u0131r elektrikli scooter<br \/>\nrange: 10-15km<br \/>\npil: 24v 4.4ah 18650 lityum iyon h\u00fccreler<br \/>\nmotor: 24v 250w f\u0131r\u00e7as\u0131z motor<br \/>\nen y\u00fcksek h\u0131z: 25 km\/s<br \/>\ntipik t\u0131rmanma a\u00e7\u0131s\u0131: 25 derece<br \/>\n\u015farj cihaz\u0131: ac100~240v giri\u015f<br \/>\n\u015farj s\u00fcresi: 2-3 saat<br \/>\nmaks. a\u011f\u0131rl\u0131k limiti: 100 kg<br \/>\nmevcut renkler: siyah, beyaz, ye\u015fil, k\u0131rm\u0131z\u0131, mavi vb.<br \/>\nkatlama boyutu: 100*40*23 cm<br \/>\ntoplam boyut: 92*40*100 cm<br \/>\npaket boyutu: 105*16*24 cm<\/p>\n<p>1 adet\/karton<br \/>\ncarton size:105*16*26 cm<br \/>\nnw:8kg, gw:10kg<\/p>\n<p>konteyner d\u00fczeni:<br \/>\n509pcs in 20gp<br \/>\n1099pcs in 40gp<br \/>\n1384pcs in 40hc<\/p>","protected":false},"excerpt":{"rendered":"<h3>K\u0131sa A\u00e7\u0131klama:<\/h3>\n<p><p>www.rooderchina.com \u00fczerinde y\u00fcksek kaliteli ucuz fiyat elektrikli katlan\u0131r scooter, Rooder elektrikli katlan\u0131r scooter \u00fcreticisi ihracat\u00e7\u0131 firma fabrika tedarik\u00e7isinden toptan elektrikli katlan\u0131r scooter bulmak<\/p>\n<p>5.5 in\u00e7 lastik,<br \/>\nal\u00fcminyum ala\u015f\u0131m,<br \/>\nLityum pil,<br \/>\ndo\u011frudan fabrika,<br \/>\ntoptan sat\u0131\u015f fiyat\u0131<\/p>\n<\/p>\n<p><\/p>\n<li><em>Marka: <\/em> OEM\/ODM\/ROODER<\/li>\n<li><em>Min.Sipari\u015f Miktar\u0131: <\/em> 10 Adet \/ Adet<\/li>\n<li><em>Tedarik Yetene\u011fi: <\/em> 10000 Adet \/ Adet her Ay<\/li>\n<li><em>Liman: <\/em> Shenzhen<\/li>\n<li><em>\u00d6deme Ko\u015fullar\u0131: <\/em> T\/T, L\/C, D\/A, D\/P<\/li>","protected":false},"featured_media":9987,"comment_status":"closed","ping_status":"open","template":"","meta":[],"product_brand":[],"product_cat":[829],"product_tag":[780,901,902,536,514,903,904,905,906,907,908,909,706],"class_list":{"0":"post-9985","1":"product","2":"type-product","3":"status-publish","4":"has-post-thumbnail","6":"product_cat-electric-scooters","7":"product_tag-1500w-electric-scooter","8":"product_tag-2-wheels-scooter-for-adults","9":"product_tag-3000w-high-power-electric-scooter","10":"product_tag-adult-electric-scooters","11":"product_tag-eec-electric-scooter","12":"product_tag-electric-folding-scooter","13":"product_tag-electric-mobility-scooter","14":"product_tag-electric-scooter-1200w-72v","15":"product_tag-foldable-scooter","16":"product_tag-golf-cart","17":"product_tag-mobility-scooter","18":"product_tag-motor-scooter","19":"product_tag-two-wheel-scooter","21":"first","22":"instock","23":"product-type-simple"},"yoast_head":"<!-- This site is optimized with the Yoast SEO plugin v21.7 - https:\/\/yoast.com\/wordpress\/plugins\/seo\/ -->\n<title>2 wheels scooter r803a for adulsts with 5.5 inch tire folding aluminum alloy 24v lithium battery wholesale price - Electric Scooters Bikes Citycoco Manufacturer<\/title>\n<meta name=\"robots\" content=\"index, follow, max-snippet:-1, max-image-preview:large, max-video-preview:-1\" \/>\n<link rel=\"canonical\" href=\"https:\/\/www.rooderchina.com\/tr\/urun\/2-wheels-scooter-r803a-for-adulsts-with-5-5-inch-tire-folding-aluminum-alloy-24v-lithium-battery-wholesale-price\/\" \/>\n<meta property=\"og:locale\" content=\"tr_TR\" \/>\n<meta property=\"og:type\" content=\"article\" \/>\n<meta property=\"og:title\" content=\"2 wheels scooter r803a for adulsts with 5.5 inch tire folding aluminum alloy 24v lithium battery wholesale price - Electric Scooters Bikes Citycoco Manufacturer\" \/>\n<meta property=\"og:description\" content=\"Short Description: find high quality cheap price\u00a0electric folding scooter, wholesale\u00a0electric folding scooter from Rooder\u00a0electric folding scooter manufacturer exporter company factory supplier on www.rooderchina.com 5.5 inch tire, aluminum alloy, lithium battery, factory directly, wholesale price    Brand: OEM\/ODM\/ROODER   Min.Order Quantity: 10 Piece\/Pieces   Supply Ability: 10000 Piece\/Pieces per Month   Port: Shenzhen   Payment Terms: T\/T, L\/C, D\/A, D\/P\" \/>\n<meta property=\"og:url\" content=\"https:\/\/www.rooderchina.com\/tr\/urun\/2-wheels-scooter-r803a-for-adulsts-with-5-5-inch-tire-folding-aluminum-alloy-24v-lithium-battery-wholesale-price\/\" \/>\n<meta property=\"og:site_name\" content=\"Electric Scooters Bikes Citycoco Manufacturer\" \/>\n<meta property=\"article:publisher\" content=\"https:\/\/www.facebook.com\/rooder.tec\" \/>\n<meta property=\"og:image\" content=\"https:\/\/www.rooderchina.com\/wp-content\/uploads\/2023\/11\/ad1fd10b.jpg\" \/>\n\t<meta property=\"og:image:width\" content=\"750\" \/>\n\t<meta property=\"og:image:height\" content=\"750\" \/>\n\t<meta property=\"og:image:type\" content=\"image\/jpeg\" \/>\n<meta name=\"twitter:card\" content=\"summary_large_image\" \/>\n<meta name=\"twitter:site\" content=\"@RooderTec\" \/>\n<meta name=\"twitter:label1\" content=\"Tahmini okuma s\u00fcresi\" \/>\n\t<meta name=\"twitter:data1\" content=\"1 dakika\" \/>\n<script type=\"application\/ld+json\" class=\"yoast-schema-graph\">{\"@context\":\"https:\/\/schema.org\",\"@graph\":[{\"@type\":\"WebPage\",\"@id\":\"https:\/\/www.rooderchina.com\/product\/2-wheels-scooter-r803a-for-adulsts-with-5-5-inch-tire-folding-aluminum-alloy-24v-lithium-battery-wholesale-price\/\",\"url\":\"https:\/\/www.rooderchina.com\/product\/2-wheels-scooter-r803a-for-adulsts-with-5-5-inch-tire-folding-aluminum-alloy-24v-lithium-battery-wholesale-price\/\",\"name\":\"2 wheels scooter r803a for adulsts with 5.5 inch tire folding aluminum alloy 24v lithium battery wholesale price - Electric Scooters Bikes Citycoco Manufacturer\",\"isPartOf\":{\"@id\":\"https:\/\/www.rooderchina.com\/#website\"},\"datePublished\":\"2023-11-11T10:56:08+00:00\",\"dateModified\":\"2023-11-11T10:56:08+00:00\",\"breadcrumb\":{\"@id\":\"https:\/\/www.rooderchina.com\/product\/2-wheels-scooter-r803a-for-adulsts-with-5-5-inch-tire-folding-aluminum-alloy-24v-lithium-battery-wholesale-price\/#breadcrumb\"},\"inLanguage\":\"tr\",\"potentialAction\":[{\"@type\":\"ReadAction\",\"target\":[\"https:\/\/www.rooderchina.com\/product\/2-wheels-scooter-r803a-for-adulsts-with-5-5-inch-tire-folding-aluminum-alloy-24v-lithium-battery-wholesale-price\/\"]}]},{\"@type\":\"BreadcrumbList\",\"@id\":\"https:\/\/www.rooderchina.com\/product\/2-wheels-scooter-r803a-for-adulsts-with-5-5-inch-tire-folding-aluminum-alloy-24v-lithium-battery-wholesale-price\/#breadcrumb\",\"itemListElement\":[{\"@type\":\"ListItem\",\"position\":1,\"name\":\"HOME\",\"item\":\"https:\/\/www.rooderchina.com\/\"},{\"@type\":\"ListItem\",\"position\":2,\"name\":\"Shop\",\"item\":\"https:\/\/www.rooderchina.com\/shop\/\"},{\"@type\":\"ListItem\",\"position\":3,\"name\":\"2 wheels scooter r803a for adulsts with 5.5 inch tire folding aluminum alloy 24v lithium battery wholesale price\"}]},{\"@type\":\"WebSite\",\"@id\":\"https:\/\/www.rooderchina.com\/#website\",\"url\":\"https:\/\/www.rooderchina.com\/\",\"name\":\"Electric Scooters Bikes Citycoco Manufacturer\",\"description\":\"Rooder Technology Limited\",\"publisher\":{\"@id\":\"https:\/\/www.rooderchina.com\/#organization\"},\"potentialAction\":[{\"@type\":\"SearchAction\",\"target\":{\"@type\":\"EntryPoint\",\"urlTemplate\":\"https:\/\/www.rooderchina.com\/?s={search_term_string}\"},\"query-input\":\"required name=search_term_string\"}],\"inLanguage\":\"tr\"},{\"@type\":\"Organization\",\"@id\":\"https:\/\/www.rooderchina.com\/#organization\",\"name\":\"Electric Scooters Bikes Citycoco Manufacturer\",\"url\":\"https:\/\/www.rooderchina.com\/\",\"logo\":{\"@type\":\"ImageObject\",\"inLanguage\":\"tr\",\"@id\":\"https:\/\/www.rooderchina.com\/#\/schema\/logo\/image\/\",\"url\":\"https:\/\/www.rooderchina.com\/wp-content\/uploads\/2023\/12\/rooder2.jpg\",\"contentUrl\":\"https:\/\/www.rooderchina.com\/wp-content\/uploads\/2023\/12\/rooder2.jpg\",\"width\":1723,\"height\":1037,\"caption\":\"Electric Scooters Bikes Citycoco Manufacturer\"},\"image\":{\"@id\":\"https:\/\/www.rooderchina.com\/#\/schema\/logo\/image\/\"},\"sameAs\":[\"https:\/\/www.facebook.com\/rooder.tec\",\"https:\/\/twitter.com\/RooderTec\"]}]}<\/script>\n<!-- \/ Yoast SEO plugin. -->","yoast_head_json":{"title":"2 wheels scooter r803a for adulsts with 5.5 inch tire folding aluminum alloy 24v lithium battery wholesale price - Electric Scooters Bikes Citycoco Manufacturer","robots":{"index":"index","follow":"follow","max-snippet":"max-snippet:-1","max-image-preview":"max-image-preview:large","max-video-preview":"max-video-preview:-1"},"canonical":"https:\/\/www.rooderchina.com\/tr\/urun\/2-wheels-scooter-r803a-for-adulsts-with-5-5-inch-tire-folding-aluminum-alloy-24v-lithium-battery-wholesale-price\/","og_locale":"tr_TR","og_type":"article","og_title":"2 wheels scooter r803a for adulsts with 5.5 inch tire folding aluminum alloy 24v lithium battery wholesale price - Electric Scooters Bikes Citycoco Manufacturer","og_description":"Short Description: find high quality cheap price\u00a0electric folding scooter, wholesale\u00a0electric folding scooter from Rooder\u00a0electric folding scooter manufacturer exporter company factory supplier on www.rooderchina.com 5.5 inch tire, aluminum alloy, lithium battery, factory directly, wholesale price    Brand: OEM\/ODM\/ROODER   Min.Order Quantity: 10 Piece\/Pieces   Supply Ability: 10000 Piece\/Pieces per Month   Port: Shenzhen   Payment Terms: T\/T, L\/C, D\/A, D\/P","og_url":"https:\/\/www.rooderchina.com\/tr\/urun\/2-wheels-scooter-r803a-for-adulsts-with-5-5-inch-tire-folding-aluminum-alloy-24v-lithium-battery-wholesale-price\/","og_site_name":"Electric Scooters Bikes Citycoco Manufacturer","article_publisher":"https:\/\/www.facebook.com\/rooder.tec","og_image":[{"width":750,"height":750,"url":"https:\/\/www.rooderchina.com\/wp-content\/uploads\/2023\/11\/ad1fd10b.jpg","type":"image\/jpeg"}],"twitter_card":"summary_large_image","twitter_site":"@RooderTec","twitter_misc":{"Tahmini okuma s\u00fcresi":"1 dakika"},"schema":{"@context":"https:\/\/schema.org","@graph":[{"@type":"WebPage","@id":"https:\/\/www.rooderchina.com\/product\/2-wheels-scooter-r803a-for-adulsts-with-5-5-inch-tire-folding-aluminum-alloy-24v-lithium-battery-wholesale-price\/","url":"https:\/\/www.rooderchina.com\/product\/2-wheels-scooter-r803a-for-adulsts-with-5-5-inch-tire-folding-aluminum-alloy-24v-lithium-battery-wholesale-price\/","name":"2 wheels scooter r803a for adulsts with 5.5 inch tire folding aluminum alloy 24v lithium battery wholesale price - Electric Scooters Bikes Citycoco Manufacturer","isPartOf":{"@id":"https:\/\/www.rooderchina.com\/#website"},"datePublished":"2023-11-11T10:56:08+00:00","dateModified":"2023-11-11T10:56:08+00:00","breadcrumb":{"@id":"https:\/\/www.rooderchina.com\/product\/2-wheels-scooter-r803a-for-adulsts-with-5-5-inch-tire-folding-aluminum-alloy-24v-lithium-battery-wholesale-price\/#breadcrumb"},"inLanguage":"tr","potentialAction":[{"@type":"ReadAction","target":["https:\/\/www.rooderchina.com\/product\/2-wheels-scooter-r803a-for-adulsts-with-5-5-inch-tire-folding-aluminum-alloy-24v-lithium-battery-wholesale-price\/"]}]},{"@type":"BreadcrumbList","@id":"https:\/\/www.rooderchina.com\/product\/2-wheels-scooter-r803a-for-adulsts-with-5-5-inch-tire-folding-aluminum-alloy-24v-lithium-battery-wholesale-price\/#breadcrumb","itemListElement":[{"@type":"ListItem","position":1,"name":"HOME","item":"https:\/\/www.rooderchina.com\/"},{"@type":"ListItem","position":2,"name":"Shop","item":"https:\/\/www.rooderchina.com\/shop\/"},{"@type":"ListItem","position":3,"name":"2 wheels scooter r803a for adulsts with 5.5 inch tire folding aluminum alloy 24v lithium battery wholesale price"}]},{"@type":"WebSite","@id":"https:\/\/www.rooderchina.com\/#website","url":"https:\/\/www.rooderchina.com\/","name":"Electric Scooters Bikes Citycoco Manufacturer","description":"Rooder Technology Limited","publisher":{"@id":"https:\/\/www.rooderchina.com\/#organization"},"potentialAction":[{"@type":"SearchAction","target":{"@type":"EntryPoint","urlTemplate":"https:\/\/www.rooderchina.com\/?s={search_term_string}"},"query-input":"required name=search_term_string"}],"inLanguage":"tr"},{"@type":"Organization","@id":"https:\/\/www.rooderchina.com\/#organization","name":"Electric Scooters Bikes Citycoco Manufacturer","url":"https:\/\/www.rooderchina.com\/","logo":{"@type":"ImageObject","inLanguage":"tr","@id":"https:\/\/www.rooderchina.com\/#\/schema\/logo\/image\/","url":"https:\/\/www.rooderchina.com\/wp-content\/uploads\/2023\/12\/rooder2.jpg","contentUrl":"https:\/\/www.rooderchina.com\/wp-content\/uploads\/2023\/12\/rooder2.jpg","width":1723,"height":1037,"caption":"Electric Scooters Bikes Citycoco Manufacturer"},"image":{"@id":"https:\/\/www.rooderchina.com\/#\/schema\/logo\/image\/"},"sameAs":["https:\/\/www.facebook.com\/rooder.tec","https:\/\/twitter.com\/RooderTec"]}]}},"_links":{"self":[{"href":"https:\/\/www.rooderchina.com\/tr\/wp-json\/wp\/v2\/product\/9985","targetHints":{"allow":["GET"]}}],"collection":[{"href":"https:\/\/www.rooderchina.com\/tr\/wp-json\/wp\/v2\/product"}],"about":[{"href":"https:\/\/www.rooderchina.com\/tr\/wp-json\/wp\/v2\/types\/product"}],"replies":[{"embeddable":true,"href":"https:\/\/www.rooderchina.com\/tr\/wp-json\/wp\/v2\/comments?post=9985"}],"version-history":[{"count":1,"href":"https:\/\/www.rooderchina.com\/tr\/wp-json\/wp\/v2\/product\/9985\/revisions"}],"predecessor-version":[{"id":9986,"href":"https:\/\/www.rooderchina.com\/tr\/wp-json\/wp\/v2\/product\/9985\/revisions\/9986"}],"wp:featuredmedia":[{"embeddable":true,"href":"https:\/\/www.rooderchina.com\/tr\/wp-json\/wp\/v2\/media\/9987"}],"wp:attachment":[{"href":"https:\/\/www.rooderchina.com\/tr\/wp-json\/wp\/v2\/media?parent=9985"}],"wp:term":[{"taxonomy":"product_brand","embeddable":true,"href":"https:\/\/www.rooderchina.com\/tr\/wp-json\/wp\/v2\/product_brand?post=9985"},{"taxonomy":"product_cat","embeddable":true,"href":"https:\/\/www.rooderchina.com\/tr\/wp-json\/wp\/v2\/product_cat?post=9985"},{"taxonomy":"product_tag","embeddable":true,"href":"https:\/\/www.rooderchina.com\/tr\/wp-json\/wp\/v2\/product_tag?post=9985"}],"curies":[{"name":"wp","href":"https:\/\/api.w.org\/{rel}","templated":true}]}}