{"id":9966,"date":"2023-11-11T18:55:21","date_gmt":"2023-11-11T10:55:21","guid":{"rendered":"http:\/\/www.rooderchina.com\/index.php\/product\/citycoco-scooter-echopper-rooder-larsky-4000w\/"},"modified":"2023-11-11T18:55:37","modified_gmt":"2023-11-11T10:55:37","slug":"citycoco-scooter-echopper-rooder-larsky-4000w","status":"publish","type":"product","link":"https:\/\/www.rooderchina.com\/tr\/urun\/citycoco-scooter-echopper-rooder-larsky-4000w\/","title":{"rendered":"citycoco scooter echopper Rooder larsky 4000w"},"content":{"rendered":"<p>Rooder is a professional scooter manufacturer with strong capability in R&amp;D, Production, Marketing and customer service. Honored as Shenzhen National Hi-tech Enterprise, Mangosteen&#8217;s independently designed and manufactured scooter products is greatly qualifying us to be one of the largest manufacturers, suppliers and exporters of electric scooter in China. we have 6 auto SMD production linesand 12 assembly production lines. The daily output of us now is about 500 Pcs monthly. We adopt advanced wave soldering, reflow soldering and SMD machines, Integrating sphere, Goniophotometer and other modern equipments, which enable our products meet the highest quality and technology demand in the international scooter market. Rooderis one of those companies who took the lead in being certified by ISO9001 in industry of Shenzhen.<\/p>\n<\/p>\n<p>Now we have got our scooter products UL, EEC DOT approved to meet the North American standard. In the same time, we are doing our utmost to improve the existing TUV, CE and RoHS approved escooters to fit for the growing European market. Our market has now been expanded to over 150 countries and regions including Europe, America,Oceania, Africa, Southeast Asia, the Middle East and Japan. &#8220;Quality, Innovation, Integrity and Service&#8221; is our principles. Rooderare target- ing at providing customers with the safest, environment-friendly,energy-saving, high quality products and services. Driven by continuous innovation and improve- ment, we are committed to realize the goal of &#8220;RooderLeading a commute innovation&#8221;.<\/p>\n<\/p>\n<p>\u00d6zellikler:<\/p>\n<table style=\"width: 100%;\">\n<tbody>\n<tr>\n<td><strong>Model<\/strong><\/td>\n<td><strong>Rooder Larsky<\/strong><\/td>\n<\/tr>\n<tr>\n<td>Marka<\/td>\n<td>Rooder<\/td>\n<\/tr>\n<tr>\n<td>\u00c7er\u00e7eve malzemesi<\/td>\n<td>Diki\u015fsiz demir ala\u015f\u0131ml\u0131 \u00e7er\u00e7eve<\/td>\n<\/tr>\n<tr>\n<td>\u00d6n Lastik ebad\u0131<\/td>\n<td>215\/40-12<\/td>\n<\/tr>\n<tr>\n<td>Arka Lastik ebad\u0131<\/td>\n<td>215\/40-12<\/td>\n<\/tr>\n<tr>\n<td>Lastik bas\u0131nc\u0131<\/td>\n<td>front 151kpa, rear 151kpa<\/td>\n<\/tr>\n<tr>\n<td>\u00d6n \u00e7atal<\/td>\n<td>ronzlla mekanik \u00c7atal<\/td>\n<\/tr>\n<tr>\n<td>Att\u0131r\u0131c\u0131 Vites Sistemi<\/td>\n<td>HAYIR<\/td>\n<\/tr>\n<tr>\n<td>Fren tipi<\/td>\n<td>\u00d6n ve Arka Disk fren<\/td>\n<\/tr>\n<tr>\n<td>Motor g\u00fcc\u00fc<\/td>\n<td>60V, 4000W brushless motor<\/td>\n<\/tr>\n<tr>\n<td>Maksimum h\u0131z<\/td>\n<td>45km\/h\u00a0for Europe, 85km\/h for USA and Brazil<\/td>\n<\/tr>\n<tr>\n<td>S\u0131n\u0131fland\u0131r\u0131labilirlik<\/td>\n<td>30 derece<\/td>\n<\/tr>\n<tr>\n<td>Maksimum y\u00fckleme<\/td>\n<td>200 kg<\/td>\n<\/tr>\n<tr>\n<td>Ak\u00fc<\/td>\n<td>60V, 40Ah Lithium-ion removable battery<\/td>\n<\/tr>\n<tr>\n<td>Menzil<\/td>\n<td>80-100 km<\/td>\n<\/tr>\n<tr>\n<td>\u015earj cihaz\u0131<\/td>\n<td>MGSD 67.2V, 6A<\/td>\n<\/tr>\n<tr>\n<td>\u015earj s\u00fcresi<\/td>\n<td>6-7 saat<\/td>\n<\/tr>\n<tr>\n<td>\u00c7al\u0131\u015fma s\u0131cakl\u0131\u011f\u0131<\/td>\n<td>-20~40\u2103<\/td>\n<\/tr>\n<tr>\n<td>Su ge\u00e7irmez standart<\/td>\n<td>IP54<\/td>\n<\/tr>\n<tr>\n<td>Ekran<\/td>\n<td>LCD ekran<\/td>\n<\/tr>\n<tr>\n<td>\u00d6n Amortis\u00f6r<\/td>\n<td>Hidrolik \u015fok \u00c7atal<\/td>\n<\/tr>\n<tr>\n<td>Arka Amortis\u00f6r<\/td>\n<td>Al\u00fcminyum ala\u015f\u0131ml\u0131 yayl\u0131 amortis\u00f6r<\/td>\n<\/tr>\n<tr>\n<td>I\u015f\u0131k sistemi<\/td>\n<td>LED far, fren lambas\u0131, d\u00f6n\u00fc\u015f lambalar\u0131, yan reflekt\u00f6r,<\/td>\n<\/tr>\n<tr>\n<td>Sele y\u00fcksekli\u011fi<\/td>\n<td>63,5 cm<\/td>\n<\/tr>\n<tr>\n<td>Uygun y\u00fckseklik<\/td>\n<td>160-210 cm<\/td>\n<\/tr>\n<tr>\n<td>Alarm<\/td>\n<td>2 adet uzaktan kumandal\u0131 alarm<\/td>\n<\/tr>\n<tr>\n<td>\u00dcr\u00fcn net a\u011f\u0131rl\u0131\u011f\u0131<\/td>\n<td>81 kg<\/td>\n<\/tr>\n<tr>\n<td>Br\u00fct a\u011f\u0131rl\u0131k<\/td>\n<td>92 kg<\/td>\n<\/tr>\n<tr>\n<td>Sertifikalar<\/td>\n<td>CE, FCC, ROHS, EEC, COC, CNIT, UTAC, DOT, MSDS, UN38.3<\/td>\n<\/tr>\n<tr>\n<td>\u00dcr\u00fcn boyutu<\/td>\n<td>210*91*130 cm \uff08L*W*H)<\/td>\n<\/tr>\n<tr>\n<td>Paket boyutu<\/td>\n<td>188*37,5*77 cm(L*W*H)<\/td>\n<\/tr>\n<tr>\n<td>Paket listesi<\/td>\n<td>citycoco <a href=\"https:\/\/www.rooderchina.com\/tr\/tag\/larsky\/\" title=\"View all posts in larsky\" target=\"_blank\" rel=\"noopener\">larsky<\/a>, mirrors,\u00a0charger, tools, user manual<\/td>\n<\/tr>\n<\/tbody>\n<\/table>\n<p><strong>Rooder Larsky 4<\/strong><strong>000W 40AH Electronics:<\/strong><\/p>\n<table style=\"width: 100%;\">\n<tbody>\n<tr>\n<td><strong>Ak\u00fc<\/strong><\/td>\n<td>60V\/40AH removable lithium battery, 2400WH, 80-100km range depends on the road condition, driver\u2019s weight, speed and so on.<\/td>\n<\/tr>\n<tr>\n<td><strong>\u015earj cihaz\u0131<\/strong><\/td>\n<td>67.2V~6A RONZLLA quick charger, fully charged with 6-7 hours. (40ah\/6a=6.66h)<\/td>\n<\/tr>\n<tr>\n<td><strong>Kontrol\u00f6r<\/strong><\/td>\n<td>60V\/70A Integrated controller which supports 85kmph+ speed<\/td>\n<\/tr>\n<tr>\n<td><strong>Ekran<\/strong><\/td>\n<td>Motor tarz\u0131 LCD<br \/>\n\u015farj g\u00f6stergeli, h\u0131z g\u00f6stergeli,<br \/>\nkilometre sayac\u0131, seyir kilometre sayac\u0131, gaz kelebe\u011fi vites seviyesi vb.<\/td>\n<\/tr>\n<tr>\n<td><strong>Motor<\/strong><\/td>\n<td>4000W Brushless DC Geared Motor with 150 NM max torque, up to 85km\/h (max speed). Motor brand: SS motor.<\/td>\n<\/tr>\n<tr>\n<td><strong>I\u015f\u0131klar<\/strong><\/td>\n<td>\u00d6n taraf: D\u00f6n\u00fc\u015f lambal\u0131 b\u00fcy\u00fck boy far<br \/>\nArka k\u0131s\u0131m: Fren lambas\u0131 ve y\u00f6n g\u00f6stergesi ile \u00e7amurluk \u00fczerinde entegre arka lamba.<\/td>\n<\/tr>\n<tr>\n<td><strong>Gaz Kelebe\u011fi<\/strong><\/td>\n<td>Three levels of gear throttle in the default. 45kmph max for European market and 85kmph for US and Brazil market.<\/td>\n<\/tr>\n<tr>\n<td><strong>Kickstand<\/strong><\/td>\n<td>Kickstand'a \u00e7\u0131karken elektrik kesiliyor<\/td>\n<\/tr>\n<\/tbody>\n<\/table>\n<p><strong>Larsky Components:<\/strong><\/p>\n<table style=\"width: 100%;\">\n<tbody>\n<tr>\n<td><strong>Lastikler<\/strong><\/td>\n<td>12\u2033 d\u00fcz taneli vakumlu i\u00e7 lastiksiz lastikler<\/td>\n<\/tr>\n<tr>\n<td><strong>\u00c7amurluklar<\/strong><\/td>\n<td>Made of ABS material by RONZLLA.<\/td>\n<\/tr>\n<tr>\n<td><strong>Frenler<\/strong><\/td>\n<td>\u00d6n ve Arka Hidrolik disk frenler<\/td>\n<\/tr>\n<tr>\n<td><strong>\u00c7er\u00e7eve<\/strong><\/td>\n<td>Diki\u015fsiz demir ala\u015f\u0131ml\u0131 \u00e7er\u00e7eve<\/td>\n<\/tr>\n<tr>\n<td><strong>\u00d6n S\u00fcspansiyon<\/strong><\/td>\n<td>Hidrolik \u015fok \u00c7atal<\/td>\n<\/tr>\n<tr>\n<td><strong>Arka S\u00fcspansiyon<\/strong><\/td>\n<td>Yayl\u0131 \u00e7elik \u015fok<\/td>\n<\/tr>\n<tr>\n<td><strong>Koltuk<\/strong><\/td>\n<td>Long seat in leather for 2 persons<\/td>\n<\/tr>\n<tr>\n<td><strong>Ayak dayana\u011f\u0131<\/strong><\/td>\n<td>Katlanabilir<\/td>\n<\/tr>\n<\/tbody>\n<\/table>\n<p><strong>Rooder e chopper Larsky Geometry:<\/strong><\/p>\n<table style=\"width: 100%;\">\n<tbody>\n<tr>\n<td><strong>Koltuk Y\u00fcksekli\u011fi<\/strong><\/td>\n<td>63.5cm<\/td>\n<\/tr>\n<tr>\n<td><strong>Gidon Y\u00fcksekli\u011fi<\/strong><\/td>\n<td>77cm<\/td>\n<\/tr>\n<tr>\n<td><strong>Toplam Uzunluk<\/strong><\/td>\n<td>212cm<\/td>\n<\/tr>\n<tr>\n<td><strong>Gidon Geni\u015fli\u011fi<\/strong><\/td>\n<td>85cm<\/td>\n<\/tr>\n<tr>\n<td><strong>Arka S\u00fcspansiyon Uzunlu\u011fu<\/strong><\/td>\n<td>24.38cm<\/td>\n<\/tr>\n<tr>\n<td><strong>Ayakl\u0131k Boyutu<\/strong><\/td>\n<td>12.44cm * 14.47cm<\/td>\n<\/tr>\n<tr>\n<td><strong>Kickstand Uzunlu\u011fu<\/strong><\/td>\n<td>17cm<\/td>\n<\/tr>\n<tr>\n<td><strong>Denetleyici Boyutu<\/strong><\/td>\n<td>17.2cm* 9.4cm<\/td>\n<\/tr>\n<tr>\n<td><strong>\u00d6n Fren Hortumu<\/strong><\/td>\n<td>1100mm<\/td>\n<\/tr>\n<tr>\n<td><strong>Arka Fren Hortumu<\/strong><\/td>\n<td>2250mm<\/td>\n<\/tr>\n<tr>\n<td><strong>Arka Tescil Plakas\u0131 Boyutu<\/strong><\/td>\n<td>14.45cm * 12.5cm<\/td>\n<\/tr>\n<tr>\n<td><strong>Hidrolik Rezervuar<\/strong><\/td>\n<td>24ml<\/td>\n<\/tr>\n<tr>\n<td><strong>S\u0131n\u0131fland\u0131r\u0131labilirlik<\/strong><\/td>\n<td>30\u00b0<\/td>\n<\/tr>\n<tr>\n<td><strong>Lastik Bas\u0131nc\u0131<\/strong><\/td>\n<td>Front:\u00a0151 kPa,\u00a0Rear: 151 kPa<\/td>\n<\/tr>\n<tr>\n<td>\u00a0<strong>Net A\u011f\u0131rl\u0131k<\/strong><\/td>\n<td>76kg<\/td>\n<\/tr>\n<tr>\n<td><strong>Br\u00fct A\u011f\u0131rl\u0131k<\/strong><\/td>\n<td>100kg<\/td>\n<\/tr>\n<tr>\n<td><strong>Maksimum Y\u00fck<\/strong><\/td>\n<td>200kg<\/td>\n<\/tr>\n<tr>\n<td><strong>Tavsiye Edilen S\u00fcr\u00fcc\u00fc Y\u00fcksekli\u011fi<\/strong><\/td>\n<td>140cm \u00fczeri<\/td>\n<\/tr>\n<\/tbody>\n<\/table>\n<p>&nbsp;<\/p>\n<p><strong>Video of\u00a0<a href=\"https:\/\/www.rooderchina.com\/tr\/tag\/citycoco-scooter\/\" title=\"citycoco scooter i\u00e7indeki t\u00fcm g\u00f6nderileri g\u00f6r\u00fcnt\u00fcleyin\" target=\"_blank\" rel=\"noopener\">citycoco scooter<\/a> <a href=\"https:\/\/www.rooderchina.com\/tr\/tag\/echopper\/\" title=\"View all posts in echopper\" target=\"_blank\" rel=\"noopener\">echopper<\/a> Rooder larsky 4000w:<\/strong><br \/>\n<iframe loading=\"lazy\" title=\"citycoco scooter echopper Rooder larsky 4000w\" src=\"https:\/\/www.youtube.com\/embed\/qzwRc_YbSWU?rel=0&amp;autoplay=0\" height=\"318\" width=\"385\" allowfullscreen=\"\" frameborder=\"0\"><\/iframe><\/p>","protected":false},"excerpt":{"rendered":"<h3>K\u0131sa A\u00e7\u0131klama:<\/h3>\n<p><p>Rooder Technology co, LTD, 2018 y\u0131l\u0131nda kurulan, ara\u015ft\u0131rma, geli\u015ftirme, \u00fcretim ve \u015fehir coco, chopper, elektrikli motosiklet, elektrikli scooter sat\u0131\u015f yapan bir y\u00fcksek teknoloji kurulu\u015ftur.<\/p>\n<p>ISO 9001 sertifikal\u0131, 10 y\u0131ll\u0131k ge\u00e7mi\u015f TUV, UL, FCC, CE, ROHS, EEC, COC, DOT onayl\u0131,<\/p>\n<p>Tasar\u0131m Patenti ve Yeni Uygulama Patenti.<\/p>\n<p>1. SENEN \u015firketi taraf\u0131ndan tasar\u0131m<br \/>\n2. 4000w motor<br \/>\n3. maksimum h\u0131z 85kmph, Brezilya ve ABD pazar\u0131 i\u00e7in tasar\u0131m<br \/>\n4. 40ah uzun menzilli pil 80-100km<br \/>\n5. 6a h\u0131zl\u0131 \u015farj cihaz\u0131, 6-7 ila tam \u015farj 40ah<br \/>\n6. Avrupa pazar\u0131 i\u00e7in 25\/45\/65kmph h\u0131z se\u00e7ene\u011fi<br \/>\n7. 2 y\u0131l garantili y\u00fcksek kaliteli \u00e7er\u00e7eve<br \/>\n8. su ge\u00e7irmez ekran<br \/>\n9. uzun koltuk 2 ki\u015fi<\/p>\n<\/p>\n<p><\/p>\n<li><em>Marka: <\/em> OEM\/ODM\/ROODER<\/li>\n<li><em>Min.Sipari\u015f Miktar\u0131: <\/em> 10 Adet \/ Adet<\/li>\n<li><em>Tedarik Yetene\u011fi: <\/em> 10000 Adet \/ Adet her Ay<\/li>\n<li><em>Liman: <\/em> Shenzhen<\/li>\n<li><em>\u00d6deme Ko\u015fullar\u0131: <\/em> T\/T, L\/C, D\/A, D\/P<\/li>","protected":false},"featured_media":9968,"comment_status":"closed","ping_status":"open","template":"","meta":[],"product_brand":[],"product_cat":[464],"product_tag":[468,897,472,898,899,745,756,900],"class_list":{"0":"post-9966","1":"product","2":"type-product","3":"status-publish","4":"has-post-thumbnail","6":"product_cat-citycoco-choppers","7":"product_tag-citycoco","8":"product_tag-citycoco-4000w","9":"product_tag-citycoco-scooter","10":"product_tag-echopper","11":"product_tag-larsky","12":"product_tag-rooder","13":"product_tag-rooder-citycoco","14":"product_tag-rooder-larsky","16":"first","17":"instock","18":"product-type-simple"},"yoast_head":"<!-- This site is optimized with the Yoast SEO plugin v21.7 - https:\/\/yoast.com\/wordpress\/plugins\/seo\/ -->\n<title>citycoco scooter echopper Rooder larsky 4000w - Electric Scooters Bikes Citycoco Manufacturer<\/title>\n<meta name=\"robots\" content=\"index, follow, max-snippet:-1, max-image-preview:large, max-video-preview:-1\" \/>\n<link rel=\"canonical\" href=\"https:\/\/www.rooderchina.com\/tr\/urun\/citycoco-scooter-echopper-rooder-larsky-4000w\/\" \/>\n<meta property=\"og:locale\" content=\"tr_TR\" \/>\n<meta property=\"og:type\" content=\"article\" \/>\n<meta property=\"og:title\" content=\"citycoco scooter echopper Rooder larsky 4000w - Electric Scooters Bikes Citycoco Manufacturer\" \/>\n<meta property=\"og:description\" content=\"Short Description: Rooder Technology co., LTD., founded in 2018, is a high-tech enterprise engaged in the research, development, production and sales of city coco, chopper, electric motorcycle, electric scooter. ISO 9001 certified, 10 years history TUV, UL, FCC, CE, ROHS, EEC, COC, DOT approved, Design Patent and New Practical Patent. 1. design by SENEN company 2. 4000w engine 3. max speed 85kmph, design for brazil and USA market 4. 40ah long range battery 80-100km 5. 6a fast charger, 6-7 to full charge 40ah 6. option speed 25\/45\/65kmph for european market 7. high quality frame with 2 years warranty 8. waterproof display 9. long seat 2 persons    Brand: OEM\/ODM\/ROODER   Min.Order Quantity: 10 Piece\/Pieces   Supply Ability: 10000 Piece\/Pieces per Month   Port: Shenzhen   Payment Terms: T\/T, L\/C, D\/A, D\/P\" \/>\n<meta property=\"og:url\" content=\"https:\/\/www.rooderchina.com\/tr\/urun\/citycoco-scooter-echopper-rooder-larsky-4000w\/\" \/>\n<meta property=\"og:site_name\" content=\"Electric Scooters Bikes Citycoco Manufacturer\" \/>\n<meta property=\"article:publisher\" content=\"https:\/\/www.facebook.com\/rooder.tec\" \/>\n<meta property=\"article:modified_time\" content=\"2023-11-11T10:55:37+00:00\" \/>\n<meta property=\"og:image\" content=\"https:\/\/www.rooderchina.com\/wp-content\/uploads\/2023\/11\/citycoco-scooter-echopper-Rooder-larsky-4000w-1.jpg\" \/>\n\t<meta property=\"og:image:width\" content=\"1024\" \/>\n\t<meta property=\"og:image:height\" content=\"1024\" \/>\n\t<meta property=\"og:image:type\" content=\"image\/jpeg\" \/>\n<meta name=\"twitter:card\" content=\"summary_large_image\" \/>\n<meta name=\"twitter:site\" content=\"@RooderTec\" \/>\n<meta name=\"twitter:label1\" content=\"Tahmini okuma s\u00fcresi\" \/>\n\t<meta name=\"twitter:data1\" content=\"3 dakika\" \/>\n<script type=\"application\/ld+json\" class=\"yoast-schema-graph\">{\"@context\":\"https:\/\/schema.org\",\"@graph\":[{\"@type\":\"WebPage\",\"@id\":\"https:\/\/www.rooderchina.com\/product\/citycoco-scooter-echopper-rooder-larsky-4000w\/\",\"url\":\"https:\/\/www.rooderchina.com\/product\/citycoco-scooter-echopper-rooder-larsky-4000w\/\",\"name\":\"citycoco scooter echopper Rooder larsky 4000w - Electric Scooters Bikes Citycoco Manufacturer\",\"isPartOf\":{\"@id\":\"https:\/\/www.rooderchina.com\/#website\"},\"datePublished\":\"2023-11-11T10:55:21+00:00\",\"dateModified\":\"2023-11-11T10:55:37+00:00\",\"breadcrumb\":{\"@id\":\"https:\/\/www.rooderchina.com\/product\/citycoco-scooter-echopper-rooder-larsky-4000w\/#breadcrumb\"},\"inLanguage\":\"tr\",\"potentialAction\":[{\"@type\":\"ReadAction\",\"target\":[\"https:\/\/www.rooderchina.com\/product\/citycoco-scooter-echopper-rooder-larsky-4000w\/\"]}]},{\"@type\":\"BreadcrumbList\",\"@id\":\"https:\/\/www.rooderchina.com\/product\/citycoco-scooter-echopper-rooder-larsky-4000w\/#breadcrumb\",\"itemListElement\":[{\"@type\":\"ListItem\",\"position\":1,\"name\":\"HOME\",\"item\":\"https:\/\/www.rooderchina.com\/\"},{\"@type\":\"ListItem\",\"position\":2,\"name\":\"Shop\",\"item\":\"https:\/\/www.rooderchina.com\/shop\/\"},{\"@type\":\"ListItem\",\"position\":3,\"name\":\"citycoco scooter echopper Rooder larsky 4000w\"}]},{\"@type\":\"WebSite\",\"@id\":\"https:\/\/www.rooderchina.com\/#website\",\"url\":\"https:\/\/www.rooderchina.com\/\",\"name\":\"Electric Scooters Bikes Citycoco Manufacturer\",\"description\":\"Rooder Technology Limited\",\"publisher\":{\"@id\":\"https:\/\/www.rooderchina.com\/#organization\"},\"potentialAction\":[{\"@type\":\"SearchAction\",\"target\":{\"@type\":\"EntryPoint\",\"urlTemplate\":\"https:\/\/www.rooderchina.com\/?s={search_term_string}\"},\"query-input\":\"required name=search_term_string\"}],\"inLanguage\":\"tr\"},{\"@type\":\"Organization\",\"@id\":\"https:\/\/www.rooderchina.com\/#organization\",\"name\":\"Electric Scooters Bikes Citycoco Manufacturer\",\"url\":\"https:\/\/www.rooderchina.com\/\",\"logo\":{\"@type\":\"ImageObject\",\"inLanguage\":\"tr\",\"@id\":\"https:\/\/www.rooderchina.com\/#\/schema\/logo\/image\/\",\"url\":\"https:\/\/www.rooderchina.com\/wp-content\/uploads\/2023\/12\/rooder2.jpg\",\"contentUrl\":\"https:\/\/www.rooderchina.com\/wp-content\/uploads\/2023\/12\/rooder2.jpg\",\"width\":1723,\"height\":1037,\"caption\":\"Electric Scooters Bikes Citycoco Manufacturer\"},\"image\":{\"@id\":\"https:\/\/www.rooderchina.com\/#\/schema\/logo\/image\/\"},\"sameAs\":[\"https:\/\/www.facebook.com\/rooder.tec\",\"https:\/\/twitter.com\/RooderTec\"]}]}<\/script>\n<!-- \/ Yoast SEO plugin. -->","yoast_head_json":{"title":"citycoco scooter echopper Rooder larsky 4000w - Electric Scooters Bikes Citycoco Manufacturer","robots":{"index":"index","follow":"follow","max-snippet":"max-snippet:-1","max-image-preview":"max-image-preview:large","max-video-preview":"max-video-preview:-1"},"canonical":"https:\/\/www.rooderchina.com\/tr\/urun\/citycoco-scooter-echopper-rooder-larsky-4000w\/","og_locale":"tr_TR","og_type":"article","og_title":"citycoco scooter echopper Rooder larsky 4000w - Electric Scooters Bikes Citycoco Manufacturer","og_description":"Short Description: Rooder Technology co., LTD., founded in 2018, is a high-tech enterprise engaged in the research, development, production and sales of city coco, chopper, electric motorcycle, electric scooter. ISO 9001 certified, 10 years history TUV, UL, FCC, CE, ROHS, EEC, COC, DOT approved, Design Patent and New Practical Patent. 1. design by SENEN company 2. 4000w engine 3. max speed 85kmph, design for brazil and USA market 4. 40ah long range battery 80-100km 5. 6a fast charger, 6-7 to full charge 40ah 6. option speed 25\/45\/65kmph for european market 7. high quality frame with 2 years warranty 8. waterproof display 9. long seat 2 persons    Brand: OEM\/ODM\/ROODER   Min.Order Quantity: 10 Piece\/Pieces   Supply Ability: 10000 Piece\/Pieces per Month   Port: Shenzhen   Payment Terms: T\/T, L\/C, D\/A, D\/P","og_url":"https:\/\/www.rooderchina.com\/tr\/urun\/citycoco-scooter-echopper-rooder-larsky-4000w\/","og_site_name":"Electric Scooters Bikes Citycoco Manufacturer","article_publisher":"https:\/\/www.facebook.com\/rooder.tec","article_modified_time":"2023-11-11T10:55:37+00:00","og_image":[{"width":1024,"height":1024,"url":"https:\/\/www.rooderchina.com\/wp-content\/uploads\/2023\/11\/citycoco-scooter-echopper-Rooder-larsky-4000w-1.jpg","type":"image\/jpeg"}],"twitter_card":"summary_large_image","twitter_site":"@RooderTec","twitter_misc":{"Tahmini okuma s\u00fcresi":"3 dakika"},"schema":{"@context":"https:\/\/schema.org","@graph":[{"@type":"WebPage","@id":"https:\/\/www.rooderchina.com\/product\/citycoco-scooter-echopper-rooder-larsky-4000w\/","url":"https:\/\/www.rooderchina.com\/product\/citycoco-scooter-echopper-rooder-larsky-4000w\/","name":"citycoco scooter echopper Rooder larsky 4000w - Electric Scooters Bikes Citycoco Manufacturer","isPartOf":{"@id":"https:\/\/www.rooderchina.com\/#website"},"datePublished":"2023-11-11T10:55:21+00:00","dateModified":"2023-11-11T10:55:37+00:00","breadcrumb":{"@id":"https:\/\/www.rooderchina.com\/product\/citycoco-scooter-echopper-rooder-larsky-4000w\/#breadcrumb"},"inLanguage":"tr","potentialAction":[{"@type":"ReadAction","target":["https:\/\/www.rooderchina.com\/product\/citycoco-scooter-echopper-rooder-larsky-4000w\/"]}]},{"@type":"BreadcrumbList","@id":"https:\/\/www.rooderchina.com\/product\/citycoco-scooter-echopper-rooder-larsky-4000w\/#breadcrumb","itemListElement":[{"@type":"ListItem","position":1,"name":"HOME","item":"https:\/\/www.rooderchina.com\/"},{"@type":"ListItem","position":2,"name":"Shop","item":"https:\/\/www.rooderchina.com\/shop\/"},{"@type":"ListItem","position":3,"name":"citycoco scooter echopper Rooder larsky 4000w"}]},{"@type":"WebSite","@id":"https:\/\/www.rooderchina.com\/#website","url":"https:\/\/www.rooderchina.com\/","name":"Electric Scooters Bikes Citycoco Manufacturer","description":"Rooder Technology Limited","publisher":{"@id":"https:\/\/www.rooderchina.com\/#organization"},"potentialAction":[{"@type":"SearchAction","target":{"@type":"EntryPoint","urlTemplate":"https:\/\/www.rooderchina.com\/?s={search_term_string}"},"query-input":"required name=search_term_string"}],"inLanguage":"tr"},{"@type":"Organization","@id":"https:\/\/www.rooderchina.com\/#organization","name":"Electric Scooters Bikes Citycoco Manufacturer","url":"https:\/\/www.rooderchina.com\/","logo":{"@type":"ImageObject","inLanguage":"tr","@id":"https:\/\/www.rooderchina.com\/#\/schema\/logo\/image\/","url":"https:\/\/www.rooderchina.com\/wp-content\/uploads\/2023\/12\/rooder2.jpg","contentUrl":"https:\/\/www.rooderchina.com\/wp-content\/uploads\/2023\/12\/rooder2.jpg","width":1723,"height":1037,"caption":"Electric Scooters Bikes Citycoco Manufacturer"},"image":{"@id":"https:\/\/www.rooderchina.com\/#\/schema\/logo\/image\/"},"sameAs":["https:\/\/www.facebook.com\/rooder.tec","https:\/\/twitter.com\/RooderTec"]}]}},"_links":{"self":[{"href":"https:\/\/www.rooderchina.com\/tr\/wp-json\/wp\/v2\/product\/9966","targetHints":{"allow":["GET"]}}],"collection":[{"href":"https:\/\/www.rooderchina.com\/tr\/wp-json\/wp\/v2\/product"}],"about":[{"href":"https:\/\/www.rooderchina.com\/tr\/wp-json\/wp\/v2\/types\/product"}],"replies":[{"embeddable":true,"href":"https:\/\/www.rooderchina.com\/tr\/wp-json\/wp\/v2\/comments?post=9966"}],"version-history":[{"count":1,"href":"https:\/\/www.rooderchina.com\/tr\/wp-json\/wp\/v2\/product\/9966\/revisions"}],"predecessor-version":[{"id":9967,"href":"https:\/\/www.rooderchina.com\/tr\/wp-json\/wp\/v2\/product\/9966\/revisions\/9967"}],"wp:featuredmedia":[{"embeddable":true,"href":"https:\/\/www.rooderchina.com\/tr\/wp-json\/wp\/v2\/media\/9968"}],"wp:attachment":[{"href":"https:\/\/www.rooderchina.com\/tr\/wp-json\/wp\/v2\/media?parent=9966"}],"wp:term":[{"taxonomy":"product_brand","embeddable":true,"href":"https:\/\/www.rooderchina.com\/tr\/wp-json\/wp\/v2\/product_brand?post=9966"},{"taxonomy":"product_cat","embeddable":true,"href":"https:\/\/www.rooderchina.com\/tr\/wp-json\/wp\/v2\/product_cat?post=9966"},{"taxonomy":"product_tag","embeddable":true,"href":"https:\/\/www.rooderchina.com\/tr\/wp-json\/wp\/v2\/product_tag?post=9966"}],"curies":[{"name":"wp","href":"https:\/\/api.w.org\/{rel}","templated":true}]}}