{"id":9949,"date":"2023-11-11T18:54:58","date_gmt":"2023-11-11T10:54:58","guid":{"rendered":"http:\/\/www.rooderchina.com\/index.php\/product\/rooder-r803o10-best-long-range-electric-scooter-48v-3200w-21ah\/"},"modified":"2023-11-11T18:55:10","modified_gmt":"2023-11-11T10:55:10","slug":"rooder-r803o10-best-long-range-electric-scooter-48v-3200w-21ah","status":"publish","type":"product","link":"https:\/\/www.rooderchina.com\/tr\/urun\/rooder-r803o10-best-long-range-electric-scooter-48v-3200w-21ah\/","title":{"rendered":"Rooder r803o10 en iyi uzun menzilli elektrikli scooter 48v 3200w 21ah"},"content":{"rendered":"<table style=\"width: 423px;\" border=\"0\" cellspacing=\"0\" cellpadding=\"0\">\n<colgroup>\n<col width=\"149\" \/>\n<col width=\"274\" \/> <\/colgroup>\n<tbody>\n<tr>\n<td width=\"149\" height=\"19\">Model<\/td>\n<td width=\"274\">\u00a0<a href=\"https:\/\/www.rooderchina.com\/tr\/tag\/r803o10\/\" title=\"View all posts in r803o10\" target=\"_blank\" rel=\"noopener\">r803o10<\/a><\/td>\n<\/tr>\n<tr>\n<td height=\"19\">NW<\/td>\n<td>\u00a043kgs<\/td>\n<\/tr>\n<tr>\n<td height=\"19\">Lastik<\/td>\n<td>\u00a010 in\u00e7 lastikler<\/td>\n<\/tr>\n<tr>\n<td height=\"19\">Maksimum y\u00fck<\/td>\n<td>\u00a0200KG<\/td>\n<\/tr>\n<tr>\n<td height=\"19\">Motor<\/td>\n<td>\u00a048V1600KW*2<\/td>\n<\/tr>\n<tr>\n<td height=\"19\">Maksimum h\u0131z<\/td>\n<td>\u00a060-70km\/s<\/td>\n<\/tr>\n<tr>\n<td height=\"19\">Kontrol\u00f6r<\/td>\n<td>\u00a0\u00e7ift kontrol\u00f6r<\/td>\n<\/tr>\n<tr>\n<td height=\"19\">Frenler<\/td>\n<td>\u00a0\u00d6n ve arka hidrolik ya\u011fl\u0131 frenler<\/td>\n<\/tr>\n<tr>\n<td height=\"19\">\u015eok emiciler<\/td>\n<td>\u00a0\u00d6n ve arka yayl\u0131 amortis\u00f6rler<\/td>\n<\/tr>\n<tr>\n<td height=\"19\">I\u015f\u0131klar<\/td>\n<td>\u00a02*lights + motorcycle horns<\/td>\n<\/tr>\n<tr>\n<td height=\"19\">Ekran<\/td>\n<td>\u00a0h\u0131z, batarya ve kilometre<\/td>\n<\/tr>\n<tr>\n<td height=\"19\">\u015earj cihaz\u0131<\/td>\n<td>\u00a04A \u015farj cihaz\u0131<\/td>\n<\/tr>\n<tr>\n<td height=\"19\">T\u0131rmanma e\u011fimi<\/td>\n<td>\u00a0yakla\u015f\u0131k 30 derece<\/td>\n<\/tr>\n<tr>\n<td height=\"19\">Su ge\u00e7irmezlik s\u0131n\u0131f\u0131<\/td>\n<td>\u00a0IP54<\/td>\n<\/tr>\n<tr>\n<td height=\"19\">\u015earj cihaz\u0131 giri\u015f gerilimi<\/td>\n<td>\u00a0100 - 240V, 50 \/ 60Hz<\/td>\n<\/tr>\n<tr>\n<td height=\"19\">Ak\u00fc<\/td>\n<td>\u00a048v21ah lityum pil<\/td>\n<\/tr>\n<tr>\n<td height=\"19\">\u015earj s\u00fcresi<\/td>\n<td>\u00a06-7 saat<\/td>\n<\/tr>\n<tr>\n<td height=\"19\">A\u00e7\u0131lan boyut<\/td>\n<td>\u00a0133*57*130cm<\/td>\n<\/tr>\n<tr>\n<td height=\"19\">Katlan\u0131r boyut<\/td>\n<td>\u00a0123*23*47cm<\/td>\n<\/tr>\n<tr>\n<td height=\"19\">Ambalaj boyutu<\/td>\n<td>\u00a0137*36*57cm<\/td>\n<\/tr>\n<tr>\n<td height=\"19\">GW<\/td>\n<td>\u00a048kgs<\/td>\n<\/tr>\n<\/tbody>\n<\/table>\n<p>&nbsp;<br \/>\n<iframe loading=\"lazy\" title=\"elektrikli scooter\" src=\"https:\/\/www.youtube.com\/embed\/ghKKVi9CVHA?rel=0&amp;autoplay=0\" height=\"318\" width=\"385\" allowfullscreen=\"\" frameborder=\"0\"><\/iframe><\/p>","protected":false},"excerpt":{"rendered":"<h3>K\u0131sa A\u00e7\u0131klama:<\/h3>\n<p><p>Rooder Technology Co, Ltd \u00c7in'de elektrikli scooter ve her t\u00fcrl\u00fc elektrikli bisiklet konusunda uzmanla\u015fm\u0131\u015f bir fabrikad\u0131r. Ba\u015fl\u0131ca \u00fcr\u00fcnlerimiz motorlar, scooterlar, elektrikli bisiklet d\u00f6n\u00fc\u015f\u00fcm kitleri, da\u011f ve \u015fehir elektrikli bisikletleri, ya\u011fl\u0131 lastik elektrikli bisikletler ve elektrikli bisikletler i\u00e7in ilgili par\u00e7alard\u0131r. Bu sekt\u00f6rde \u00e7ok fazla deneyime sahip olan \u015firket, bir\u00e7ok tedarik\u00e7i ile iyi ve istikrarl\u0131 bir i\u015fbirli\u011fi kurmu\u015ftur. En iyi ebike d\u00f6n\u00fc\u015f\u00fcm kitini ve ebike entegrasyon \u00fcr\u00fcn\u00fcn\u00fc sa\u011flamak i\u00e7in \u015firket her zaman iyile\u015ftirmek ve geli\u015ftirmek i\u00e7in elinden gelenin en iyisini yapmaktad\u0131r.<\/p>\n<p>S\u0131k\u0131 \u00fcretim, kalite kontrol ve test sistemi kurmu\u015ftur. \u015eimdiye kadar, d\u00fcnya \u00e7ap\u0131nda bir\u00e7ok ebikes ve kit m\u00fc\u015fterisine sahiptir ve iyi bir \u00fcne sahiptir. Avantajlar\u0131m\u0131z:1. An\u0131nda ve m\u00fckemmel sat\u0131\u015f \u00f6ncesi ve sonras\u0131 servis2. Elektronik ve ebikes konusunda profesyonel teknik destek3. D\u00fcnyan\u0131n d\u00f6rt bir yan\u0131ndaki m\u00fc\u015fterilerle sa\u011flam ili\u015fki4. Her \u00fcr\u00fcn\u00fcn teslimattan \u00f6nce nitelikli olmas\u0131n\u0131 sa\u011flamak i\u00e7in s\u0131k\u0131 \u00fcretim ve test sistemi \"Kalite m\u00fc\u015fteriyi yapar, hizmet m\u00fc\u015fteriyi korur\" hedefiyle sadece s\u00f6z verdi\u011fimiz \u015feyi yapar\u0131z. \u0130\u015f g\u00f6r\u00fc\u015fmesi yapmak, bilgi al\u0131\u015fveri\u015finde bulunmak ve bizimle i\u015fbirli\u011fi yapmak i\u00e7in bizimle ileti\u015fime ge\u00e7meleri i\u00e7in yurti\u00e7i ve yurtd\u0131\u015f\u0131ndaki m\u00fc\u015fterileri s\u0131cak ve i\u00e7tenlikle kar\u015f\u0131l\u0131yoruz!<\/p>\n<\/p>\n<p><\/p>\n<li><em>Marka: <\/em> OEM\/ODM\/ROODER<\/li>\n<li><em>Min.Sipari\u015f Miktar\u0131: <\/em> 10 Adet \/ Adet<\/li>\n<li><em>Tedarik Yetene\u011fi: <\/em> 10000 Adet \/ Adet her Ay<\/li>\n<li><em>Liman: <\/em> Shenzhen<\/li>\n<li><em>\u00d6deme Ko\u015fullar\u0131: <\/em> T\/T, L\/C, D\/A, D\/P<\/li>","protected":false},"featured_media":9951,"comment_status":"closed","ping_status":"open","template":"","meta":[],"product_brand":[],"product_cat":[829],"product_tag":[891,530,892,745,893],"class_list":{"0":"post-9949","1":"product","2":"type-product","3":"status-publish","4":"has-post-thumbnail","6":"product_cat-electric-scooters","7":"product_tag-best-long-range-electric-scooter","8":"product_tag-electric-scooter","9":"product_tag-r803o10","10":"product_tag-rooder","11":"product_tag-rooder-r803o10","13":"first","14":"instock","15":"product-type-simple"},"yoast_head":"<!-- This site is optimized with the Yoast SEO plugin v21.7 - https:\/\/yoast.com\/wordpress\/plugins\/seo\/ -->\n<title>Rooder r803o10 best long range electric scooter 48v 3200w 21ah - Electric Scooters Bikes Citycoco Manufacturer<\/title>\n<meta name=\"robots\" content=\"index, follow, max-snippet:-1, max-image-preview:large, max-video-preview:-1\" \/>\n<link rel=\"canonical\" href=\"https:\/\/www.rooderchina.com\/tr\/urun\/rooder-r803o10-best-long-range-electric-scooter-48v-3200w-21ah\/\" \/>\n<meta property=\"og:locale\" content=\"tr_TR\" \/>\n<meta property=\"og:type\" content=\"article\" \/>\n<meta property=\"og:title\" content=\"Rooder r803o10 best long range electric scooter 48v 3200w 21ah - Electric Scooters Bikes Citycoco Manufacturer\" \/>\n<meta property=\"og:description\" content=\"Short Description: Rooder Technology Co., Ltd. is a factory specialized in electric scooters and all kinds of electric bicycles in China. Our main products are motors, scooters, electric bike conversion kits, mountain and city electric bikes, fat tyre electric bikes and relative parts for electric bicycles. With much experience in this industry, company has established a good and stable cooperation with many suppliers. In order to provide the best ebike conversion kit and ebike integration product, company is always doing its best to improve and develop. It has setted up strict production, quality control and test system. Until now, it has many ebikes and kits customers around the world and have a good reputation. Our advantages:1. Instant and excellent pre and after sales service2. Professional technical support in electronics and ebikes3. Solid relationship with customers around the world4. Strict production and test system to insure each product qualified before delivery Aimed at &#8220;Quality make customer, service retain customer&#8221; we just do what we promise. Warmly and sincerely welcome domestic and abroad customers to contact us to negotiate business, exchange information and cooperate with us!    Brand: OEM\/ODM\/ROODER   Min.Order Quantity: 10 Piece\/Pieces   Supply Ability: 10000 Piece\/Pieces per Month   Port: Shenzhen   Payment Terms: T\/T, L\/C, D\/A, D\/P\" \/>\n<meta property=\"og:url\" content=\"https:\/\/www.rooderchina.com\/tr\/urun\/rooder-r803o10-best-long-range-electric-scooter-48v-3200w-21ah\/\" \/>\n<meta property=\"og:site_name\" content=\"Electric Scooters Bikes Citycoco Manufacturer\" \/>\n<meta property=\"article:publisher\" content=\"https:\/\/www.facebook.com\/rooder.tec\" \/>\n<meta property=\"article:modified_time\" content=\"2023-11-11T10:55:10+00:00\" \/>\n<meta property=\"og:image\" content=\"https:\/\/www.rooderchina.com\/wp-content\/uploads\/2023\/11\/Rooder-r803o10-best-long-range-electric-scooter-48v-3200w-21ah-1.jpg\" \/>\n\t<meta property=\"og:image:width\" content=\"1000\" \/>\n\t<meta property=\"og:image:height\" content=\"1000\" \/>\n\t<meta property=\"og:image:type\" content=\"image\/jpeg\" \/>\n<meta name=\"twitter:card\" content=\"summary_large_image\" \/>\n<meta name=\"twitter:site\" content=\"@RooderTec\" \/>\n<script type=\"application\/ld+json\" class=\"yoast-schema-graph\">{\"@context\":\"https:\/\/schema.org\",\"@graph\":[{\"@type\":\"WebPage\",\"@id\":\"https:\/\/www.rooderchina.com\/product\/rooder-r803o10-best-long-range-electric-scooter-48v-3200w-21ah\/\",\"url\":\"https:\/\/www.rooderchina.com\/product\/rooder-r803o10-best-long-range-electric-scooter-48v-3200w-21ah\/\",\"name\":\"Rooder r803o10 best long range electric scooter 48v 3200w 21ah - Electric Scooters Bikes Citycoco Manufacturer\",\"isPartOf\":{\"@id\":\"https:\/\/www.rooderchina.com\/#website\"},\"datePublished\":\"2023-11-11T10:54:58+00:00\",\"dateModified\":\"2023-11-11T10:55:10+00:00\",\"breadcrumb\":{\"@id\":\"https:\/\/www.rooderchina.com\/product\/rooder-r803o10-best-long-range-electric-scooter-48v-3200w-21ah\/#breadcrumb\"},\"inLanguage\":\"tr\",\"potentialAction\":[{\"@type\":\"ReadAction\",\"target\":[\"https:\/\/www.rooderchina.com\/product\/rooder-r803o10-best-long-range-electric-scooter-48v-3200w-21ah\/\"]}]},{\"@type\":\"BreadcrumbList\",\"@id\":\"https:\/\/www.rooderchina.com\/product\/rooder-r803o10-best-long-range-electric-scooter-48v-3200w-21ah\/#breadcrumb\",\"itemListElement\":[{\"@type\":\"ListItem\",\"position\":1,\"name\":\"HOME\",\"item\":\"https:\/\/www.rooderchina.com\/\"},{\"@type\":\"ListItem\",\"position\":2,\"name\":\"Shop\",\"item\":\"https:\/\/www.rooderchina.com\/shop\/\"},{\"@type\":\"ListItem\",\"position\":3,\"name\":\"Rooder r803o10 best long range electric scooter 48v 3200w 21ah\"}]},{\"@type\":\"WebSite\",\"@id\":\"https:\/\/www.rooderchina.com\/#website\",\"url\":\"https:\/\/www.rooderchina.com\/\",\"name\":\"Electric Scooters Bikes Citycoco Manufacturer\",\"description\":\"Rooder Technology Limited\",\"publisher\":{\"@id\":\"https:\/\/www.rooderchina.com\/#organization\"},\"potentialAction\":[{\"@type\":\"SearchAction\",\"target\":{\"@type\":\"EntryPoint\",\"urlTemplate\":\"https:\/\/www.rooderchina.com\/?s={search_term_string}\"},\"query-input\":\"required name=search_term_string\"}],\"inLanguage\":\"tr\"},{\"@type\":\"Organization\",\"@id\":\"https:\/\/www.rooderchina.com\/#organization\",\"name\":\"Electric Scooters Bikes Citycoco Manufacturer\",\"url\":\"https:\/\/www.rooderchina.com\/\",\"logo\":{\"@type\":\"ImageObject\",\"inLanguage\":\"tr\",\"@id\":\"https:\/\/www.rooderchina.com\/#\/schema\/logo\/image\/\",\"url\":\"https:\/\/www.rooderchina.com\/wp-content\/uploads\/2023\/12\/rooder2.jpg\",\"contentUrl\":\"https:\/\/www.rooderchina.com\/wp-content\/uploads\/2023\/12\/rooder2.jpg\",\"width\":1723,\"height\":1037,\"caption\":\"Electric Scooters Bikes Citycoco Manufacturer\"},\"image\":{\"@id\":\"https:\/\/www.rooderchina.com\/#\/schema\/logo\/image\/\"},\"sameAs\":[\"https:\/\/www.facebook.com\/rooder.tec\",\"https:\/\/twitter.com\/RooderTec\"]}]}<\/script>\n<!-- \/ Yoast SEO plugin. -->","yoast_head_json":{"title":"Rooder r803o10 best long range electric scooter 48v 3200w 21ah - Electric Scooters Bikes Citycoco Manufacturer","robots":{"index":"index","follow":"follow","max-snippet":"max-snippet:-1","max-image-preview":"max-image-preview:large","max-video-preview":"max-video-preview:-1"},"canonical":"https:\/\/www.rooderchina.com\/tr\/urun\/rooder-r803o10-best-long-range-electric-scooter-48v-3200w-21ah\/","og_locale":"tr_TR","og_type":"article","og_title":"Rooder r803o10 best long range electric scooter 48v 3200w 21ah - Electric Scooters Bikes Citycoco Manufacturer","og_description":"Short Description: Rooder Technology Co., Ltd. is a factory specialized in electric scooters and all kinds of electric bicycles in China. Our main products are motors, scooters, electric bike conversion kits, mountain and city electric bikes, fat tyre electric bikes and relative parts for electric bicycles. With much experience in this industry, company has established a good and stable cooperation with many suppliers. In order to provide the best ebike conversion kit and ebike integration product, company is always doing its best to improve and develop. It has setted up strict production, quality control and test system. Until now, it has many ebikes and kits customers around the world and have a good reputation. Our advantages:1. Instant and excellent pre and after sales service2. Professional technical support in electronics and ebikes3. Solid relationship with customers around the world4. Strict production and test system to insure each product qualified before delivery Aimed at &#8220;Quality make customer, service retain customer&#8221; we just do what we promise. Warmly and sincerely welcome domestic and abroad customers to contact us to negotiate business, exchange information and cooperate with us!    Brand: OEM\/ODM\/ROODER   Min.Order Quantity: 10 Piece\/Pieces   Supply Ability: 10000 Piece\/Pieces per Month   Port: Shenzhen   Payment Terms: T\/T, L\/C, D\/A, D\/P","og_url":"https:\/\/www.rooderchina.com\/tr\/urun\/rooder-r803o10-best-long-range-electric-scooter-48v-3200w-21ah\/","og_site_name":"Electric Scooters Bikes Citycoco Manufacturer","article_publisher":"https:\/\/www.facebook.com\/rooder.tec","article_modified_time":"2023-11-11T10:55:10+00:00","og_image":[{"width":1000,"height":1000,"url":"https:\/\/www.rooderchina.com\/wp-content\/uploads\/2023\/11\/Rooder-r803o10-best-long-range-electric-scooter-48v-3200w-21ah-1.jpg","type":"image\/jpeg"}],"twitter_card":"summary_large_image","twitter_site":"@RooderTec","schema":{"@context":"https:\/\/schema.org","@graph":[{"@type":"WebPage","@id":"https:\/\/www.rooderchina.com\/product\/rooder-r803o10-best-long-range-electric-scooter-48v-3200w-21ah\/","url":"https:\/\/www.rooderchina.com\/product\/rooder-r803o10-best-long-range-electric-scooter-48v-3200w-21ah\/","name":"Rooder r803o10 best long range electric scooter 48v 3200w 21ah - Electric Scooters Bikes Citycoco Manufacturer","isPartOf":{"@id":"https:\/\/www.rooderchina.com\/#website"},"datePublished":"2023-11-11T10:54:58+00:00","dateModified":"2023-11-11T10:55:10+00:00","breadcrumb":{"@id":"https:\/\/www.rooderchina.com\/product\/rooder-r803o10-best-long-range-electric-scooter-48v-3200w-21ah\/#breadcrumb"},"inLanguage":"tr","potentialAction":[{"@type":"ReadAction","target":["https:\/\/www.rooderchina.com\/product\/rooder-r803o10-best-long-range-electric-scooter-48v-3200w-21ah\/"]}]},{"@type":"BreadcrumbList","@id":"https:\/\/www.rooderchina.com\/product\/rooder-r803o10-best-long-range-electric-scooter-48v-3200w-21ah\/#breadcrumb","itemListElement":[{"@type":"ListItem","position":1,"name":"HOME","item":"https:\/\/www.rooderchina.com\/"},{"@type":"ListItem","position":2,"name":"Shop","item":"https:\/\/www.rooderchina.com\/shop\/"},{"@type":"ListItem","position":3,"name":"Rooder r803o10 best long range electric scooter 48v 3200w 21ah"}]},{"@type":"WebSite","@id":"https:\/\/www.rooderchina.com\/#website","url":"https:\/\/www.rooderchina.com\/","name":"Electric Scooters Bikes Citycoco Manufacturer","description":"Rooder Technology Limited","publisher":{"@id":"https:\/\/www.rooderchina.com\/#organization"},"potentialAction":[{"@type":"SearchAction","target":{"@type":"EntryPoint","urlTemplate":"https:\/\/www.rooderchina.com\/?s={search_term_string}"},"query-input":"required name=search_term_string"}],"inLanguage":"tr"},{"@type":"Organization","@id":"https:\/\/www.rooderchina.com\/#organization","name":"Electric Scooters Bikes Citycoco Manufacturer","url":"https:\/\/www.rooderchina.com\/","logo":{"@type":"ImageObject","inLanguage":"tr","@id":"https:\/\/www.rooderchina.com\/#\/schema\/logo\/image\/","url":"https:\/\/www.rooderchina.com\/wp-content\/uploads\/2023\/12\/rooder2.jpg","contentUrl":"https:\/\/www.rooderchina.com\/wp-content\/uploads\/2023\/12\/rooder2.jpg","width":1723,"height":1037,"caption":"Electric Scooters Bikes Citycoco Manufacturer"},"image":{"@id":"https:\/\/www.rooderchina.com\/#\/schema\/logo\/image\/"},"sameAs":["https:\/\/www.facebook.com\/rooder.tec","https:\/\/twitter.com\/RooderTec"]}]}},"_links":{"self":[{"href":"https:\/\/www.rooderchina.com\/tr\/wp-json\/wp\/v2\/product\/9949","targetHints":{"allow":["GET"]}}],"collection":[{"href":"https:\/\/www.rooderchina.com\/tr\/wp-json\/wp\/v2\/product"}],"about":[{"href":"https:\/\/www.rooderchina.com\/tr\/wp-json\/wp\/v2\/types\/product"}],"replies":[{"embeddable":true,"href":"https:\/\/www.rooderchina.com\/tr\/wp-json\/wp\/v2\/comments?post=9949"}],"version-history":[{"count":1,"href":"https:\/\/www.rooderchina.com\/tr\/wp-json\/wp\/v2\/product\/9949\/revisions"}],"predecessor-version":[{"id":9950,"href":"https:\/\/www.rooderchina.com\/tr\/wp-json\/wp\/v2\/product\/9949\/revisions\/9950"}],"wp:featuredmedia":[{"embeddable":true,"href":"https:\/\/www.rooderchina.com\/tr\/wp-json\/wp\/v2\/media\/9951"}],"wp:attachment":[{"href":"https:\/\/www.rooderchina.com\/tr\/wp-json\/wp\/v2\/media?parent=9949"}],"wp:term":[{"taxonomy":"product_brand","embeddable":true,"href":"https:\/\/www.rooderchina.com\/tr\/wp-json\/wp\/v2\/product_brand?post=9949"},{"taxonomy":"product_cat","embeddable":true,"href":"https:\/\/www.rooderchina.com\/tr\/wp-json\/wp\/v2\/product_cat?post=9949"},{"taxonomy":"product_tag","embeddable":true,"href":"https:\/\/www.rooderchina.com\/tr\/wp-json\/wp\/v2\/product_tag?post=9949"}],"curies":[{"name":"wp","href":"https:\/\/api.w.org\/{rel}","templated":true}]}}