{"id":9941,"date":"2023-11-11T18:54:58","date_gmt":"2023-11-11T10:54:58","guid":{"rendered":"http:\/\/www.rooderchina.com\/index.php\/product\/rooder-803o9-electric-scooter-with-10-inch-tires-48v-4000w-motors\/"},"modified":"2023-11-11T18:54:58","modified_gmt":"2023-11-11T10:54:58","slug":"rooder-803o9-electric-scooter-with-10-inch-tires-48v-4000w-motors","status":"publish","type":"product","link":"https:\/\/www.rooderchina.com\/tr\/urun\/rooder-803o9-electric-scooter-with-10-inch-tires-48v-4000w-motors\/","title":{"rendered":"rooder 803o9 10 in\u00e7 lastikli 48v 4000w motorlu elektrikli scooter"},"content":{"rendered":"<p><strong>\u00d6zellikler:<\/strong><\/p>\n<table style=\"width: 429px;\" border=\"0\" cellspacing=\"0\" cellpadding=\"0\">\n<colgroup>\n<col width=\"149\" \/>\n<col width=\"280\" \/> <\/colgroup>\n<tbody>\n<tr>\n<td width=\"149\" height=\"19\">Model<\/td>\n<td width=\"280\">\u00a0<a href=\"https:\/\/www.rooderchina.com\/tr\/tag\/r803o9\/\" title=\"r803o9 i\u00e7indeki t\u00fcm g\u00f6nderileri g\u00f6r\u00fcnt\u00fcle\" target=\"_blank\" rel=\"noopener\">r803o9<\/a><\/td>\n<\/tr>\n<tr>\n<td height=\"19\">NW<\/td>\n<td>\u00a043kgs<\/td>\n<\/tr>\n<tr>\n<td height=\"19\">Lastik<\/td>\n<td>\u00a010 in\u00e7 lastikler<\/td>\n<\/tr>\n<tr>\n<td height=\"19\">Maksimum y\u00fck<\/td>\n<td>\u00a0200KG<\/td>\n<\/tr>\n<tr>\n<td height=\"19\">Motor<\/td>\n<td>\u00a048V2000KW*2<\/td>\n<\/tr>\n<tr>\n<td height=\"19\">Maksimum h\u0131z<\/td>\n<td>\u00a060-70km\/s<\/td>\n<\/tr>\n<tr>\n<td height=\"19\">Kontrol\u00f6r<\/td>\n<td>\u00a0\u00e7ift kontrol\u00f6r<\/td>\n<\/tr>\n<tr>\n<td height=\"19\">Frenler<\/td>\n<td>\u00a0\u00d6n ve arka frenler<\/td>\n<\/tr>\n<tr>\n<td height=\"19\">\u015eok emiciler<\/td>\n<td>\u00a0\u00d6n ve arka yayl\u0131 amortis\u00f6rler<\/td>\n<\/tr>\n<tr>\n<td height=\"19\">I\u015f\u0131klar<\/td>\n<td>\u00a0\u00f6n+arka+yan farlar + motosiklet kornas\u0131<\/td>\n<\/tr>\n<tr>\n<td height=\"19\">Ekran<\/td>\n<td>\u00a0h\u0131z, batarya ve kilometre<\/td>\n<\/tr>\n<tr>\n<td height=\"19\">\u015earj cihaz\u0131<\/td>\n<td>\u00a02A \u015farj cihaz\u0131<\/td>\n<\/tr>\n<tr>\n<td height=\"19\">T\u0131rmanma e\u011fimi<\/td>\n<td>\u00a0yakla\u015f\u0131k 30 derece<\/td>\n<\/tr>\n<tr>\n<td height=\"19\">Su ge\u00e7irmezlik s\u0131n\u0131f\u0131<\/td>\n<td>\u00a0IP54<\/td>\n<\/tr>\n<tr>\n<td height=\"19\">\u015earj cihaz\u0131 giri\u015f gerilimi<\/td>\n<td>\u00a0100 - 240V, 50 \/ 60Hz<\/td>\n<\/tr>\n<tr>\n<td height=\"19\">Ak\u00fc<\/td>\n<td>\u00a048v21ah lityum pil<\/td>\n<\/tr>\n<tr>\n<td height=\"19\">\u015earj s\u00fcresi<\/td>\n<td>\u00a08-10 saat<\/td>\n<\/tr>\n<tr>\n<td height=\"19\">A\u00e7\u0131lan boyut<\/td>\n<td>\u00a0133*57*130cm<\/td>\n<\/tr>\n<tr>\n<td height=\"19\">Katlan\u0131r boyut<\/td>\n<td>\u00a0123*23*47cm<\/td>\n<\/tr>\n<tr>\n<td height=\"19\">Ambalaj boyutu<\/td>\n<td>\u00a0137*36*57cm<\/td>\n<\/tr>\n<tr>\n<td height=\"19\">GW<\/td>\n<td>\u00a048kgs<\/td>\n<\/tr>\n<\/tbody>\n<\/table>\n<p><strong>Foto\u011fraflar:<\/strong><\/p>\n<\/p>\n<p>&nbsp;<br \/>\n<iframe loading=\"lazy\" title=\"elektrikli scooter\" src=\"https:\/\/www.youtube.com\/embed\/U4wcdIS8cTo?rel=0&amp;autoplay=0\" height=\"318\" width=\"385\" allowfullscreen=\"\" frameborder=\"0\"><\/iframe><\/p>\n<p><iframe loading=\"lazy\" title=\"elektrikli scooter\" src=\"https:\/\/www.youtube.com\/embed\/7lCgstBPUVQ?rel=0&amp;autoplay=0\" height=\"318\" width=\"385\" allowfullscreen=\"\" frameborder=\"0\"><\/iframe><\/p>","protected":false},"excerpt":{"rendered":"<h3>K\u0131sa A\u00e7\u0131klama:<\/h3>\n<p><p>Rooder, 14 y\u0131l\u0131 a\u015fk\u0131n s\u00fcredir \u00e7e\u015fitli elektrikli scooter, elektrikli bisiklet ve aksesuarlar\u0131n\u0131n profesyonel bir tedarik\u00e7isidir.<\/p>\n<p>E-bisikletlerimiz Avrupa, Kuzey Amerika, G\u00fcney Amerika ve G\u00fcneydo\u011fu Asya dahil olmak \u00fczere 68'den fazla \u00fclkeye ihra\u00e7 edilmi\u015f ve kalitesi m\u00fc\u015fteriler taraf\u0131ndan onaylanm\u0131\u015ft\u0131r. Kaliteli \u00fcr\u00fcnler sunmak, m\u00fc\u015fterilerimizi \u00f6d\u00fcllendirmenin en iyi yoludur. Kalite: Uzun vadeli i\u015f ili\u015fkilerinde her zaman \u00f6nce gelir, kararl\u0131y\u0131z, m\u00fc\u015fterilere en son \u00fcr\u00fcnleri, rekabet\u00e7i fiyat\u0131, birinci s\u0131n\u0131f kaliteyi ve VIP hizmetini sunmak i\u00e7in elimizden gelenin en iyisini yapaca\u011f\u0131z.<\/p>\n<p>Sorumluluk: Biz ciddi insanlar\u0131z. Sorumluluk, bir \u015firketin hayatta kalmas\u0131 i\u00e7in temeldir ve temel yetkinliklerinin olu\u015fumunun temelidir. M\u00fc\u015fterilerin ihtiya\u00e7lar\u0131n\u0131 kar\u015f\u0131lamak, t\u00fcm Rooder personelinin de\u011ferini zenginle\u015ftirmek, giderek daha fazla sosyal sorumluluk \u00fcstlenmek, bunlar bizim aral\u0131ks\u0131z aray\u0131\u015flar\u0131m\u0131zd\u0131r. Yarat\u0131c\u0131l\u0131k: Biz tutkuluyuz. Yarat\u0131c\u0131l\u0131k, uyum sa\u011flaman\u0131za ve zorluklar\u0131n \u00fcstesinden gelmenize olanak tan\u0131yan bir numaral\u0131 ara\u00e7t\u0131r.<\/p>\n<p>\u00dcr\u00fcnlerimizden herhangi biriyle ilgileniyorsan\u0131z veya \u00f6zelle\u015ftirilmi\u015f bir sipari\u015fi tart\u0131\u015fmak istiyorsan\u0131z, bizimle ileti\u015fime ge\u00e7mekten \u00e7ekinmeyin ve yorumlar\u0131n\u0131z\u0131 bize geri g\u00f6nderin. Geri bildirimlerinizden herhangi birinin derhal dikkatimizi ve cevab\u0131m\u0131z\u0131 alaca\u011f\u0131ndan eminiz. D\u00fcnyan\u0131n her yerinden m\u00fc\u015fterilerle iyi ve uzun vadeli i\u015f ili\u015fkileri kurmay\u0131 d\u00f6rt g\u00f6zle bekliyoruz.<\/p>\n<\/p>\n<p><\/p>\n<li><em>Marka: <\/em> OEM\/ODM\/ROODER<\/li>\n<li><em>Min.Sipari\u015f Miktar\u0131: <\/em> 10 Adet \/ Adet<\/li>\n<li><em>Tedarik Yetene\u011fi: <\/em> 10000 Adet \/ Adet her Ay<\/li>\n<li><em>Liman: <\/em> Shenzhen<\/li>\n<li><em>\u00d6deme Ko\u015fullar\u0131: <\/em> T\/T, L\/C, D\/A, D\/P<\/li>","protected":false},"featured_media":9943,"comment_status":"closed","ping_status":"open","template":"","meta":[],"product_brand":[],"product_cat":[829],"product_tag":[530,889,745,890],"class_list":{"0":"post-9941","1":"product","2":"type-product","3":"status-publish","4":"has-post-thumbnail","6":"product_cat-electric-scooters","7":"product_tag-electric-scooter","8":"product_tag-r803o9","9":"product_tag-rooder","10":"product_tag-rooder-r803o9","12":"first","13":"instock","14":"product-type-simple"},"yoast_head":"<!-- This site is optimized with the Yoast SEO plugin v21.7 - https:\/\/yoast.com\/wordpress\/plugins\/seo\/ -->\n<title>rooder 803o9 electric scooter with 10 inch tires 48v 4000w motors - Electric Scooters Bikes Citycoco Manufacturer<\/title>\n<meta name=\"robots\" content=\"index, follow, max-snippet:-1, max-image-preview:large, max-video-preview:-1\" \/>\n<link rel=\"canonical\" href=\"https:\/\/www.rooderchina.com\/tr\/urun\/rooder-803o9-electric-scooter-with-10-inch-tires-48v-4000w-motors\/\" \/>\n<meta property=\"og:locale\" content=\"tr_TR\" \/>\n<meta property=\"og:type\" content=\"article\" \/>\n<meta property=\"og:title\" content=\"rooder 803o9 electric scooter with 10 inch tires 48v 4000w motors - Electric Scooters Bikes Citycoco Manufacturer\" \/>\n<meta property=\"og:description\" content=\"Short Description: Rooder is a professional supplier of various electric scooters , electric bikes and its accessories for over 14 years. Our e-bikes have been exported to more than 68 countries, including Europe, North America, South America, and Southeast Asia etc. and quality has been approved by customers. Supplying quality products is the best way to reward our customers. Quality: it always comes first in long-term business relationship, we are determined, we will do the best to provide the customers with the latest products, competitive price, first-class quality and VIP service. Responsibility: We are serious people. Responsibility is fundamental to the survival of a company and is the basis for the formation of its core competencies. To meet the needs of customers, to enrich the value of all Rooder staff, to shoulder more and more social responsibility, these are our unremitting pursuits. Creativity: We are passionate. Creativity is the number one tool that allows you to adapt and overcome difficulties. If you are interested in any of our products or want to discuss a customized order, just feel free to contact us and kindly get back your comments to us. We are sure any of your feedback will get our prompt attention &amp; reply. We are looking forward to establishing good and long-term business relationships with customers from all over the world.    Brand: OEM\/ODM\/ROODER   Min.Order Quantity: 10 Piece\/Pieces   Supply Ability: 10000 Piece\/Pieces per Month   Port: Shenzhen   Payment Terms: T\/T, L\/C, D\/A, D\/P\" \/>\n<meta property=\"og:url\" content=\"https:\/\/www.rooderchina.com\/tr\/urun\/rooder-803o9-electric-scooter-with-10-inch-tires-48v-4000w-motors\/\" \/>\n<meta property=\"og:site_name\" content=\"Electric Scooters Bikes Citycoco Manufacturer\" \/>\n<meta property=\"article:publisher\" content=\"https:\/\/www.facebook.com\/rooder.tec\" \/>\n<meta property=\"og:image\" content=\"https:\/\/www.rooderchina.com\/wp-content\/uploads\/2023\/11\/rooder-803o9-electric-scooter-with-10-inch-tires-48v-4000w-motors-1.jpg\" \/>\n\t<meta property=\"og:image:width\" content=\"1000\" \/>\n\t<meta property=\"og:image:height\" content=\"1000\" \/>\n\t<meta property=\"og:image:type\" content=\"image\/jpeg\" \/>\n<meta name=\"twitter:card\" content=\"summary_large_image\" \/>\n<meta name=\"twitter:site\" content=\"@RooderTec\" \/>\n<script type=\"application\/ld+json\" class=\"yoast-schema-graph\">{\"@context\":\"https:\/\/schema.org\",\"@graph\":[{\"@type\":\"WebPage\",\"@id\":\"https:\/\/www.rooderchina.com\/product\/rooder-803o9-electric-scooter-with-10-inch-tires-48v-4000w-motors\/\",\"url\":\"https:\/\/www.rooderchina.com\/product\/rooder-803o9-electric-scooter-with-10-inch-tires-48v-4000w-motors\/\",\"name\":\"rooder 803o9 electric scooter with 10 inch tires 48v 4000w motors - Electric Scooters Bikes Citycoco Manufacturer\",\"isPartOf\":{\"@id\":\"https:\/\/www.rooderchina.com\/#website\"},\"datePublished\":\"2023-11-11T10:54:58+00:00\",\"dateModified\":\"2023-11-11T10:54:58+00:00\",\"breadcrumb\":{\"@id\":\"https:\/\/www.rooderchina.com\/product\/rooder-803o9-electric-scooter-with-10-inch-tires-48v-4000w-motors\/#breadcrumb\"},\"inLanguage\":\"tr\",\"potentialAction\":[{\"@type\":\"ReadAction\",\"target\":[\"https:\/\/www.rooderchina.com\/product\/rooder-803o9-electric-scooter-with-10-inch-tires-48v-4000w-motors\/\"]}]},{\"@type\":\"BreadcrumbList\",\"@id\":\"https:\/\/www.rooderchina.com\/product\/rooder-803o9-electric-scooter-with-10-inch-tires-48v-4000w-motors\/#breadcrumb\",\"itemListElement\":[{\"@type\":\"ListItem\",\"position\":1,\"name\":\"HOME\",\"item\":\"https:\/\/www.rooderchina.com\/\"},{\"@type\":\"ListItem\",\"position\":2,\"name\":\"Shop\",\"item\":\"https:\/\/www.rooderchina.com\/shop\/\"},{\"@type\":\"ListItem\",\"position\":3,\"name\":\"rooder 803o9 electric scooter with 10 inch tires 48v 4000w motors\"}]},{\"@type\":\"WebSite\",\"@id\":\"https:\/\/www.rooderchina.com\/#website\",\"url\":\"https:\/\/www.rooderchina.com\/\",\"name\":\"Electric Scooters Bikes Citycoco Manufacturer\",\"description\":\"Rooder Technology Limited\",\"publisher\":{\"@id\":\"https:\/\/www.rooderchina.com\/#organization\"},\"potentialAction\":[{\"@type\":\"SearchAction\",\"target\":{\"@type\":\"EntryPoint\",\"urlTemplate\":\"https:\/\/www.rooderchina.com\/?s={search_term_string}\"},\"query-input\":\"required name=search_term_string\"}],\"inLanguage\":\"tr\"},{\"@type\":\"Organization\",\"@id\":\"https:\/\/www.rooderchina.com\/#organization\",\"name\":\"Electric Scooters Bikes Citycoco Manufacturer\",\"url\":\"https:\/\/www.rooderchina.com\/\",\"logo\":{\"@type\":\"ImageObject\",\"inLanguage\":\"tr\",\"@id\":\"https:\/\/www.rooderchina.com\/#\/schema\/logo\/image\/\",\"url\":\"https:\/\/www.rooderchina.com\/wp-content\/uploads\/2023\/12\/rooder2.jpg\",\"contentUrl\":\"https:\/\/www.rooderchina.com\/wp-content\/uploads\/2023\/12\/rooder2.jpg\",\"width\":1723,\"height\":1037,\"caption\":\"Electric Scooters Bikes Citycoco Manufacturer\"},\"image\":{\"@id\":\"https:\/\/www.rooderchina.com\/#\/schema\/logo\/image\/\"},\"sameAs\":[\"https:\/\/www.facebook.com\/rooder.tec\",\"https:\/\/twitter.com\/RooderTec\"]}]}<\/script>\n<!-- \/ Yoast SEO plugin. -->","yoast_head_json":{"title":"rooder 803o9 electric scooter with 10 inch tires 48v 4000w motors - Electric Scooters Bikes Citycoco Manufacturer","robots":{"index":"index","follow":"follow","max-snippet":"max-snippet:-1","max-image-preview":"max-image-preview:large","max-video-preview":"max-video-preview:-1"},"canonical":"https:\/\/www.rooderchina.com\/tr\/urun\/rooder-803o9-electric-scooter-with-10-inch-tires-48v-4000w-motors\/","og_locale":"tr_TR","og_type":"article","og_title":"rooder 803o9 electric scooter with 10 inch tires 48v 4000w motors - Electric Scooters Bikes Citycoco Manufacturer","og_description":"Short Description: Rooder is a professional supplier of various electric scooters , electric bikes and its accessories for over 14 years. Our e-bikes have been exported to more than 68 countries, including Europe, North America, South America, and Southeast Asia etc. and quality has been approved by customers. Supplying quality products is the best way to reward our customers. Quality: it always comes first in long-term business relationship, we are determined, we will do the best to provide the customers with the latest products, competitive price, first-class quality and VIP service. Responsibility: We are serious people. Responsibility is fundamental to the survival of a company and is the basis for the formation of its core competencies. To meet the needs of customers, to enrich the value of all Rooder staff, to shoulder more and more social responsibility, these are our unremitting pursuits. Creativity: We are passionate. Creativity is the number one tool that allows you to adapt and overcome difficulties. If you are interested in any of our products or want to discuss a customized order, just feel free to contact us and kindly get back your comments to us. We are sure any of your feedback will get our prompt attention &amp; reply. We are looking forward to establishing good and long-term business relationships with customers from all over the world.    Brand: OEM\/ODM\/ROODER   Min.Order Quantity: 10 Piece\/Pieces   Supply Ability: 10000 Piece\/Pieces per Month   Port: Shenzhen   Payment Terms: T\/T, L\/C, D\/A, D\/P","og_url":"https:\/\/www.rooderchina.com\/tr\/urun\/rooder-803o9-electric-scooter-with-10-inch-tires-48v-4000w-motors\/","og_site_name":"Electric Scooters Bikes Citycoco Manufacturer","article_publisher":"https:\/\/www.facebook.com\/rooder.tec","og_image":[{"width":1000,"height":1000,"url":"https:\/\/www.rooderchina.com\/wp-content\/uploads\/2023\/11\/rooder-803o9-electric-scooter-with-10-inch-tires-48v-4000w-motors-1.jpg","type":"image\/jpeg"}],"twitter_card":"summary_large_image","twitter_site":"@RooderTec","schema":{"@context":"https:\/\/schema.org","@graph":[{"@type":"WebPage","@id":"https:\/\/www.rooderchina.com\/product\/rooder-803o9-electric-scooter-with-10-inch-tires-48v-4000w-motors\/","url":"https:\/\/www.rooderchina.com\/product\/rooder-803o9-electric-scooter-with-10-inch-tires-48v-4000w-motors\/","name":"rooder 803o9 electric scooter with 10 inch tires 48v 4000w motors - Electric Scooters Bikes Citycoco Manufacturer","isPartOf":{"@id":"https:\/\/www.rooderchina.com\/#website"},"datePublished":"2023-11-11T10:54:58+00:00","dateModified":"2023-11-11T10:54:58+00:00","breadcrumb":{"@id":"https:\/\/www.rooderchina.com\/product\/rooder-803o9-electric-scooter-with-10-inch-tires-48v-4000w-motors\/#breadcrumb"},"inLanguage":"tr","potentialAction":[{"@type":"ReadAction","target":["https:\/\/www.rooderchina.com\/product\/rooder-803o9-electric-scooter-with-10-inch-tires-48v-4000w-motors\/"]}]},{"@type":"BreadcrumbList","@id":"https:\/\/www.rooderchina.com\/product\/rooder-803o9-electric-scooter-with-10-inch-tires-48v-4000w-motors\/#breadcrumb","itemListElement":[{"@type":"ListItem","position":1,"name":"HOME","item":"https:\/\/www.rooderchina.com\/"},{"@type":"ListItem","position":2,"name":"Shop","item":"https:\/\/www.rooderchina.com\/shop\/"},{"@type":"ListItem","position":3,"name":"rooder 803o9 electric scooter with 10 inch tires 48v 4000w motors"}]},{"@type":"WebSite","@id":"https:\/\/www.rooderchina.com\/#website","url":"https:\/\/www.rooderchina.com\/","name":"Electric Scooters Bikes Citycoco Manufacturer","description":"Rooder Technology Limited","publisher":{"@id":"https:\/\/www.rooderchina.com\/#organization"},"potentialAction":[{"@type":"SearchAction","target":{"@type":"EntryPoint","urlTemplate":"https:\/\/www.rooderchina.com\/?s={search_term_string}"},"query-input":"required name=search_term_string"}],"inLanguage":"tr"},{"@type":"Organization","@id":"https:\/\/www.rooderchina.com\/#organization","name":"Electric Scooters Bikes Citycoco Manufacturer","url":"https:\/\/www.rooderchina.com\/","logo":{"@type":"ImageObject","inLanguage":"tr","@id":"https:\/\/www.rooderchina.com\/#\/schema\/logo\/image\/","url":"https:\/\/www.rooderchina.com\/wp-content\/uploads\/2023\/12\/rooder2.jpg","contentUrl":"https:\/\/www.rooderchina.com\/wp-content\/uploads\/2023\/12\/rooder2.jpg","width":1723,"height":1037,"caption":"Electric Scooters Bikes Citycoco Manufacturer"},"image":{"@id":"https:\/\/www.rooderchina.com\/#\/schema\/logo\/image\/"},"sameAs":["https:\/\/www.facebook.com\/rooder.tec","https:\/\/twitter.com\/RooderTec"]}]}},"_links":{"self":[{"href":"https:\/\/www.rooderchina.com\/tr\/wp-json\/wp\/v2\/product\/9941","targetHints":{"allow":["GET"]}}],"collection":[{"href":"https:\/\/www.rooderchina.com\/tr\/wp-json\/wp\/v2\/product"}],"about":[{"href":"https:\/\/www.rooderchina.com\/tr\/wp-json\/wp\/v2\/types\/product"}],"replies":[{"embeddable":true,"href":"https:\/\/www.rooderchina.com\/tr\/wp-json\/wp\/v2\/comments?post=9941"}],"version-history":[{"count":1,"href":"https:\/\/www.rooderchina.com\/tr\/wp-json\/wp\/v2\/product\/9941\/revisions"}],"predecessor-version":[{"id":9942,"href":"https:\/\/www.rooderchina.com\/tr\/wp-json\/wp\/v2\/product\/9941\/revisions\/9942"}],"wp:featuredmedia":[{"embeddable":true,"href":"https:\/\/www.rooderchina.com\/tr\/wp-json\/wp\/v2\/media\/9943"}],"wp:attachment":[{"href":"https:\/\/www.rooderchina.com\/tr\/wp-json\/wp\/v2\/media?parent=9941"}],"wp:term":[{"taxonomy":"product_brand","embeddable":true,"href":"https:\/\/www.rooderchina.com\/tr\/wp-json\/wp\/v2\/product_brand?post=9941"},{"taxonomy":"product_cat","embeddable":true,"href":"https:\/\/www.rooderchina.com\/tr\/wp-json\/wp\/v2\/product_cat?post=9941"},{"taxonomy":"product_tag","embeddable":true,"href":"https:\/\/www.rooderchina.com\/tr\/wp-json\/wp\/v2\/product_tag?post=9941"}],"curies":[{"name":"wp","href":"https:\/\/api.w.org\/{rel}","templated":true}]}}