{"id":9930,"date":"2023-11-11T18:54:33","date_gmt":"2023-11-11T10:54:33","guid":{"rendered":"http:\/\/www.rooderchina.com\/index.php\/product\/rooder-803o11-elektro-scooter-electric-with-52v-2400w-28ah\/"},"modified":"2023-11-20T01:59:02","modified_gmt":"2023-11-19T17:59:02","slug":"rooder-803o11-elektro-scooter-electric-with-52v-2400w-28ah","status":"publish","type":"product","link":"https:\/\/www.rooderchina.com\/tr\/urun\/rooder-803o11-elektro-scooter-electric-with-52v-2400w-28ah\/","title":{"rendered":"rooder 803o11 elektro scooter 52v 2400w 28ah i\u0307le elektri\u0307kli\u0307"},"content":{"rendered":"<table style=\"width: 411px;\" border=\"0\" cellspacing=\"0\" cellpadding=\"0\">\n<colgroup>\n<col width=\"149\" \/>\n<col width=\"262\" \/> <\/colgroup>\n<tbody>\n<tr>\n<td width=\"149\" height=\"19\">Model<\/td>\n<td width=\"262\">\u00a0<a href=\"https:\/\/www.rooderchina.com\/tr\/tag\/r803o11\/\" title=\"r803o11 i\u00e7indeki t\u00fcm g\u00f6nderileri g\u00f6r\u00fcnt\u00fcle\" target=\"_blank\" rel=\"noopener\">r803o11<\/a><\/td>\n<\/tr>\n<tr>\n<td height=\"19\">NW<\/td>\n<td>\u00a043kgs<\/td>\n<\/tr>\n<tr>\n<td height=\"19\">Lastik<\/td>\n<td>10 in\u00e7 lastikler, (255*80)<\/td>\n<\/tr>\n<tr>\n<td height=\"19\">Maksimum y\u00fck<\/td>\n<td>200KG<\/td>\n<\/tr>\n<tr>\n<td height=\"19\">Motor<\/td>\n<td>\u00a052V1200KW*2<\/td>\n<\/tr>\n<tr>\n<td height=\"19\">Maksimum h\u0131z<\/td>\n<td>60-70km\/s<\/td>\n<\/tr>\n<tr>\n<td height=\"19\">Kontrol\u00f6r<\/td>\n<td>\u00a0\u00e7ift 25A kontrol\u00f6rler<\/td>\n<\/tr>\n<tr>\n<td height=\"19\">Frenler<\/td>\n<td>\u00a0\u00d6n ve arka hidrolik ya\u011fl\u0131 frenler<\/td>\n<\/tr>\n<tr>\n<td height=\"19\">\u015eok emiciler<\/td>\n<td>\u00a0\u00d6n ve arka yayl\u0131 amortis\u00f6rler<\/td>\n<\/tr>\n<tr>\n<td height=\"19\">I\u015f\u0131klar<\/td>\n<td>\u00a02*U7 \u0131\u015f\u0131klar + motosiklet kornalar\u0131<\/td>\n<\/tr>\n<tr>\n<td height=\"19\">Ekran<\/td>\n<td>\u00a0h\u0131z, batarya ve kilometre<\/td>\n<\/tr>\n<tr>\n<td height=\"19\">\u015earj cihaz\u0131<\/td>\n<td>\u00a04A \u015farj cihaz\u0131<\/td>\n<\/tr>\n<tr>\n<td height=\"19\">T\u0131rmanma e\u011fimi<\/td>\n<td>\u00a0yakla\u015f\u0131k 30 derece<\/td>\n<\/tr>\n<tr>\n<td height=\"19\">Su ge\u00e7irmezlik s\u0131n\u0131f\u0131<\/td>\n<td>\u00a0IP54<\/td>\n<\/tr>\n<tr>\n<td height=\"19\">\u015earj cihaz\u0131 giri\u015f gerilimi<\/td>\n<td>\u00a0100 - 240V, 50 \/ 60Hz<\/td>\n<\/tr>\n<tr>\n<td height=\"19\">Ak\u00fc<\/td>\n<td>\u00a052v28ah lityum pil<\/td>\n<\/tr>\n<tr>\n<td height=\"19\">\u015earj s\u00fcresi<\/td>\n<td>\u00a06-7 saat<\/td>\n<\/tr>\n<tr>\n<td height=\"19\">A\u00e7\u0131lan boyut<\/td>\n<td>\u00a0133*57*130cm<\/td>\n<\/tr>\n<tr>\n<td height=\"19\">Katlan\u0131r boyut<\/td>\n<td>\u00a0123*23*47cm<\/td>\n<\/tr>\n<tr>\n<td height=\"19\">Ambalaj boyutu<\/td>\n<td>\u00a0137*36*57cm<\/td>\n<\/tr>\n<tr>\n<td height=\"19\">GW<\/td>\n<td>\u00a048kgs<\/td>\n<\/tr>\n<\/tbody>\n<\/table>\n<p>&nbsp;<\/p>\n<p>&nbsp;<\/p>\n<p><iframe loading=\"lazy\" title=\"elektrikli scooter\" src=\"https:\/\/www.youtube.com\/embed\/6mAIJl98gjA?rel=0&amp;autoplay=0\" height=\"318\" width=\"385\" allowfullscreen=\"\" frameborder=\"0\"><\/iframe><\/p>","protected":false},"excerpt":{"rendered":"<h3>K\u0131sa A\u00e7\u0131klama:<\/h3>\n<p><p>\u015eirketin hedefi: en iyi aktar\u0131m sistemini yaratmak ve yenilik\u00e7i \u00fcr\u00fcnlerimizle scooter ve bisiklet d\u00fcnyas\u0131n\u0131 sonsuza dek de\u011fi\u015ftirmek. S\u00fcr\u00fc\u015f deneyiminizi daha da iyi hale getirmek i\u00e7in da\u011f\u0131t\u0131m teknolojisi ve m\u00fchendisli\u011finde ilerlemeler aramaya devam edece\u011fiz! Sadece daha iyisini yapmaya devam ediyoruz! Rooder'\u0131n t\u00fcm amac\u0131 budur. Bisiklet par\u00e7alar\u0131 i\u015finde 10 y\u0131ldan fazla deneyime sahiptir.<\/p>\n<p>150'den fazla \u00fclkedeki s\u00fcr\u00fcc\u00fclere \u00e7ok \u00e7e\u015fitli g\u00fc\u00e7 aktar\u0131m bile\u015fenleri tedarik ettik. Farkl\u0131 web sitelerinde en iyi kartonlar\u0131 \u00fcretiyoruz, bisiklet end\u00fcstrisindeki i\u015fimizi geni\u015fletme vizyonuna ve arzusuna sahibiz, bu nedenle \u015fimdi daha farkl\u0131 \u00fcr\u00fcnlerimizi geni\u015fletiyoruz. Elbette, s\u0131radan s\u00fcr\u00fcc\u00fcler g\u00fcvenilir performans, g\u00fcvenilirlik ve insanlar\u0131n bekledi\u011fi t\u00fcm standart nitelikleri takdir edeceklerdir. Bizi en \u00e7ok sevenler bisiklet\u00e7iler. Bizi en \u00e7ok onlar seviyor, bu y\u00fczden bu kadar iyi olmak zorunday\u0131z!<\/p>\n<\/p>\n<p><\/p>\n<li><em>Marka: <\/em> OEM\/ODM\/ROODER<\/li>\n<li><em>Min.Sipari\u015f Miktar\u0131: <\/em> 10 Adet \/ Adet<\/li>\n<li><em>Tedarik Yetene\u011fi: <\/em> 10000 Adet \/ Adet her Ay<\/li>\n<li><em>Liman: <\/em> Shenzhen<\/li>\n<li><em>\u00d6deme Ko\u015fullar\u0131: <\/em> T\/T, L\/C, D\/A, D\/P<\/li>","protected":false},"featured_media":9932,"comment_status":"closed","ping_status":"open","template":"","meta":[],"product_brand":[],"product_cat":[829],"product_tag":[530,885,886,745,887,888],"class_list":{"0":"post-9930","1":"product","2":"type-product","3":"status-publish","4":"has-post-thumbnail","6":"product_cat-electric-scooters","7":"product_tag-electric-scooter","8":"product_tag-elektro-scooter","9":"product_tag-r803o11","10":"product_tag-rooder","11":"product_tag-rooder-r803o11","12":"product_tag-scooter-electric","14":"first","15":"instock","16":"featured","17":"product-type-simple"},"yoast_head":"<!-- This site is optimized with the Yoast SEO plugin v21.7 - https:\/\/yoast.com\/wordpress\/plugins\/seo\/ -->\n<title>rooder 803o11 elektro scooter electric with 52v 2400w 28ah - Electric Scooters Bikes Citycoco Manufacturer<\/title>\n<meta name=\"robots\" content=\"index, follow, max-snippet:-1, max-image-preview:large, max-video-preview:-1\" \/>\n<link rel=\"canonical\" href=\"https:\/\/www.rooderchina.com\/tr\/urun\/rooder-803o11-elektro-scooter-electric-with-52v-2400w-28ah\/\" \/>\n<meta property=\"og:locale\" content=\"tr_TR\" \/>\n<meta property=\"og:type\" content=\"article\" \/>\n<meta property=\"og:title\" content=\"rooder 803o11 elektro scooter electric with 52v 2400w 28ah - Electric Scooters Bikes Citycoco Manufacturer\" \/>\n<meta property=\"og:description\" content=\"Short Description: Company&#8217;s goal: to create the best transmission system and to change the world of scooters and bicycles forever through our innovative products. We will continue to seek advances in deployment technology and engineering to make your riding experience even better! We just keep doing better! This is the whole purpose of Rooder. Has more than 10 years of experience in the bicycle parts business. We have supplied a wide range of powertrain components to riders in more than 150 countries. We produce the best cartons on different websites, we have the vision and desire to expand our business in the bicycle industry, so we are now expanding our more distinctive products. Of course, casual riders will appreciate reliable performance, reliability and all the standard qualities that people expect. The ones who love us the most are cyclists. They love us the most, which is why we have to do so well!    Brand: OEM\/ODM\/ROODER   Min.Order Quantity: 10 Piece\/Pieces   Supply Ability: 10000 Piece\/Pieces per Month   Port: Shenzhen   Payment Terms: T\/T, L\/C, D\/A, D\/P\" \/>\n<meta property=\"og:url\" content=\"https:\/\/www.rooderchina.com\/tr\/urun\/rooder-803o11-elektro-scooter-electric-with-52v-2400w-28ah\/\" \/>\n<meta property=\"og:site_name\" content=\"Electric Scooters Bikes Citycoco Manufacturer\" \/>\n<meta property=\"article:publisher\" content=\"https:\/\/www.facebook.com\/rooder.tec\" \/>\n<meta property=\"article:modified_time\" content=\"2023-11-19T17:59:02+00:00\" \/>\n<meta property=\"og:image\" content=\"https:\/\/www.rooderchina.com\/wp-content\/uploads\/2023\/11\/rooder-803o11-elektro-scooter-electric-with-52v-2400w-28ah-1.jpg\" \/>\n\t<meta property=\"og:image:width\" content=\"1000\" \/>\n\t<meta property=\"og:image:height\" content=\"1000\" \/>\n\t<meta property=\"og:image:type\" content=\"image\/jpeg\" \/>\n<meta name=\"twitter:card\" content=\"summary_large_image\" \/>\n<meta name=\"twitter:site\" content=\"@RooderTec\" \/>\n<script type=\"application\/ld+json\" class=\"yoast-schema-graph\">{\"@context\":\"https:\/\/schema.org\",\"@graph\":[{\"@type\":\"WebPage\",\"@id\":\"https:\/\/www.rooderchina.com\/product\/rooder-803o11-elektro-scooter-electric-with-52v-2400w-28ah\/\",\"url\":\"https:\/\/www.rooderchina.com\/product\/rooder-803o11-elektro-scooter-electric-with-52v-2400w-28ah\/\",\"name\":\"rooder 803o11 elektro scooter electric with 52v 2400w 28ah - Electric Scooters Bikes Citycoco Manufacturer\",\"isPartOf\":{\"@id\":\"https:\/\/www.rooderchina.com\/#website\"},\"datePublished\":\"2023-11-11T10:54:33+00:00\",\"dateModified\":\"2023-11-19T17:59:02+00:00\",\"breadcrumb\":{\"@id\":\"https:\/\/www.rooderchina.com\/product\/rooder-803o11-elektro-scooter-electric-with-52v-2400w-28ah\/#breadcrumb\"},\"inLanguage\":\"tr\",\"potentialAction\":[{\"@type\":\"ReadAction\",\"target\":[\"https:\/\/www.rooderchina.com\/product\/rooder-803o11-elektro-scooter-electric-with-52v-2400w-28ah\/\"]}]},{\"@type\":\"BreadcrumbList\",\"@id\":\"https:\/\/www.rooderchina.com\/product\/rooder-803o11-elektro-scooter-electric-with-52v-2400w-28ah\/#breadcrumb\",\"itemListElement\":[{\"@type\":\"ListItem\",\"position\":1,\"name\":\"HOME\",\"item\":\"https:\/\/www.rooderchina.com\/\"},{\"@type\":\"ListItem\",\"position\":2,\"name\":\"Shop\",\"item\":\"https:\/\/www.rooderchina.com\/shop\/\"},{\"@type\":\"ListItem\",\"position\":3,\"name\":\"rooder 803o11 elektro scooter electric with 52v 2400w 28ah\"}]},{\"@type\":\"WebSite\",\"@id\":\"https:\/\/www.rooderchina.com\/#website\",\"url\":\"https:\/\/www.rooderchina.com\/\",\"name\":\"Electric Scooters Bikes Citycoco Manufacturer\",\"description\":\"Rooder Technology Limited\",\"publisher\":{\"@id\":\"https:\/\/www.rooderchina.com\/#organization\"},\"potentialAction\":[{\"@type\":\"SearchAction\",\"target\":{\"@type\":\"EntryPoint\",\"urlTemplate\":\"https:\/\/www.rooderchina.com\/?s={search_term_string}\"},\"query-input\":\"required name=search_term_string\"}],\"inLanguage\":\"tr\"},{\"@type\":\"Organization\",\"@id\":\"https:\/\/www.rooderchina.com\/#organization\",\"name\":\"Electric Scooters Bikes Citycoco Manufacturer\",\"url\":\"https:\/\/www.rooderchina.com\/\",\"logo\":{\"@type\":\"ImageObject\",\"inLanguage\":\"tr\",\"@id\":\"https:\/\/www.rooderchina.com\/#\/schema\/logo\/image\/\",\"url\":\"https:\/\/www.rooderchina.com\/wp-content\/uploads\/2023\/12\/rooder2.jpg\",\"contentUrl\":\"https:\/\/www.rooderchina.com\/wp-content\/uploads\/2023\/12\/rooder2.jpg\",\"width\":1723,\"height\":1037,\"caption\":\"Electric Scooters Bikes Citycoco Manufacturer\"},\"image\":{\"@id\":\"https:\/\/www.rooderchina.com\/#\/schema\/logo\/image\/\"},\"sameAs\":[\"https:\/\/www.facebook.com\/rooder.tec\",\"https:\/\/twitter.com\/RooderTec\"]}]}<\/script>\n<!-- \/ Yoast SEO plugin. -->","yoast_head_json":{"title":"rooder 803o11 elektro scooter electric with 52v 2400w 28ah - Electric Scooters Bikes Citycoco Manufacturer","robots":{"index":"index","follow":"follow","max-snippet":"max-snippet:-1","max-image-preview":"max-image-preview:large","max-video-preview":"max-video-preview:-1"},"canonical":"https:\/\/www.rooderchina.com\/tr\/urun\/rooder-803o11-elektro-scooter-electric-with-52v-2400w-28ah\/","og_locale":"tr_TR","og_type":"article","og_title":"rooder 803o11 elektro scooter electric with 52v 2400w 28ah - Electric Scooters Bikes Citycoco Manufacturer","og_description":"Short Description: Company&#8217;s goal: to create the best transmission system and to change the world of scooters and bicycles forever through our innovative products. We will continue to seek advances in deployment technology and engineering to make your riding experience even better! We just keep doing better! This is the whole purpose of Rooder. Has more than 10 years of experience in the bicycle parts business. We have supplied a wide range of powertrain components to riders in more than 150 countries. We produce the best cartons on different websites, we have the vision and desire to expand our business in the bicycle industry, so we are now expanding our more distinctive products. Of course, casual riders will appreciate reliable performance, reliability and all the standard qualities that people expect. The ones who love us the most are cyclists. They love us the most, which is why we have to do so well!    Brand: OEM\/ODM\/ROODER   Min.Order Quantity: 10 Piece\/Pieces   Supply Ability: 10000 Piece\/Pieces per Month   Port: Shenzhen   Payment Terms: T\/T, L\/C, D\/A, D\/P","og_url":"https:\/\/www.rooderchina.com\/tr\/urun\/rooder-803o11-elektro-scooter-electric-with-52v-2400w-28ah\/","og_site_name":"Electric Scooters Bikes Citycoco Manufacturer","article_publisher":"https:\/\/www.facebook.com\/rooder.tec","article_modified_time":"2023-11-19T17:59:02+00:00","og_image":[{"width":1000,"height":1000,"url":"https:\/\/www.rooderchina.com\/wp-content\/uploads\/2023\/11\/rooder-803o11-elektro-scooter-electric-with-52v-2400w-28ah-1.jpg","type":"image\/jpeg"}],"twitter_card":"summary_large_image","twitter_site":"@RooderTec","schema":{"@context":"https:\/\/schema.org","@graph":[{"@type":"WebPage","@id":"https:\/\/www.rooderchina.com\/product\/rooder-803o11-elektro-scooter-electric-with-52v-2400w-28ah\/","url":"https:\/\/www.rooderchina.com\/product\/rooder-803o11-elektro-scooter-electric-with-52v-2400w-28ah\/","name":"rooder 803o11 elektro scooter electric with 52v 2400w 28ah - Electric Scooters Bikes Citycoco Manufacturer","isPartOf":{"@id":"https:\/\/www.rooderchina.com\/#website"},"datePublished":"2023-11-11T10:54:33+00:00","dateModified":"2023-11-19T17:59:02+00:00","breadcrumb":{"@id":"https:\/\/www.rooderchina.com\/product\/rooder-803o11-elektro-scooter-electric-with-52v-2400w-28ah\/#breadcrumb"},"inLanguage":"tr","potentialAction":[{"@type":"ReadAction","target":["https:\/\/www.rooderchina.com\/product\/rooder-803o11-elektro-scooter-electric-with-52v-2400w-28ah\/"]}]},{"@type":"BreadcrumbList","@id":"https:\/\/www.rooderchina.com\/product\/rooder-803o11-elektro-scooter-electric-with-52v-2400w-28ah\/#breadcrumb","itemListElement":[{"@type":"ListItem","position":1,"name":"HOME","item":"https:\/\/www.rooderchina.com\/"},{"@type":"ListItem","position":2,"name":"Shop","item":"https:\/\/www.rooderchina.com\/shop\/"},{"@type":"ListItem","position":3,"name":"rooder 803o11 elektro scooter electric with 52v 2400w 28ah"}]},{"@type":"WebSite","@id":"https:\/\/www.rooderchina.com\/#website","url":"https:\/\/www.rooderchina.com\/","name":"Electric Scooters Bikes Citycoco Manufacturer","description":"Rooder Technology Limited","publisher":{"@id":"https:\/\/www.rooderchina.com\/#organization"},"potentialAction":[{"@type":"SearchAction","target":{"@type":"EntryPoint","urlTemplate":"https:\/\/www.rooderchina.com\/?s={search_term_string}"},"query-input":"required name=search_term_string"}],"inLanguage":"tr"},{"@type":"Organization","@id":"https:\/\/www.rooderchina.com\/#organization","name":"Electric Scooters Bikes Citycoco Manufacturer","url":"https:\/\/www.rooderchina.com\/","logo":{"@type":"ImageObject","inLanguage":"tr","@id":"https:\/\/www.rooderchina.com\/#\/schema\/logo\/image\/","url":"https:\/\/www.rooderchina.com\/wp-content\/uploads\/2023\/12\/rooder2.jpg","contentUrl":"https:\/\/www.rooderchina.com\/wp-content\/uploads\/2023\/12\/rooder2.jpg","width":1723,"height":1037,"caption":"Electric Scooters Bikes Citycoco Manufacturer"},"image":{"@id":"https:\/\/www.rooderchina.com\/#\/schema\/logo\/image\/"},"sameAs":["https:\/\/www.facebook.com\/rooder.tec","https:\/\/twitter.com\/RooderTec"]}]}},"_links":{"self":[{"href":"https:\/\/www.rooderchina.com\/tr\/wp-json\/wp\/v2\/product\/9930","targetHints":{"allow":["GET"]}}],"collection":[{"href":"https:\/\/www.rooderchina.com\/tr\/wp-json\/wp\/v2\/product"}],"about":[{"href":"https:\/\/www.rooderchina.com\/tr\/wp-json\/wp\/v2\/types\/product"}],"replies":[{"embeddable":true,"href":"https:\/\/www.rooderchina.com\/tr\/wp-json\/wp\/v2\/comments?post=9930"}],"version-history":[{"count":1,"href":"https:\/\/www.rooderchina.com\/tr\/wp-json\/wp\/v2\/product\/9930\/revisions"}],"predecessor-version":[{"id":9931,"href":"https:\/\/www.rooderchina.com\/tr\/wp-json\/wp\/v2\/product\/9930\/revisions\/9931"}],"wp:featuredmedia":[{"embeddable":true,"href":"https:\/\/www.rooderchina.com\/tr\/wp-json\/wp\/v2\/media\/9932"}],"wp:attachment":[{"href":"https:\/\/www.rooderchina.com\/tr\/wp-json\/wp\/v2\/media?parent=9930"}],"wp:term":[{"taxonomy":"product_brand","embeddable":true,"href":"https:\/\/www.rooderchina.com\/tr\/wp-json\/wp\/v2\/product_brand?post=9930"},{"taxonomy":"product_cat","embeddable":true,"href":"https:\/\/www.rooderchina.com\/tr\/wp-json\/wp\/v2\/product_cat?post=9930"},{"taxonomy":"product_tag","embeddable":true,"href":"https:\/\/www.rooderchina.com\/tr\/wp-json\/wp\/v2\/product_tag?post=9930"}],"curies":[{"name":"wp","href":"https:\/\/api.w.org\/{rel}","templated":true}]}}