{"id":9864,"date":"2023-11-11T18:51:21","date_gmt":"2023-11-11T10:51:21","guid":{"rendered":"http:\/\/www.rooderchina.com\/index.php\/product\/rooder-r803o17-high-power-e-scooter-52v-6000w-20ah\/"},"modified":"2023-11-11T18:51:43","modified_gmt":"2023-11-11T10:51:43","slug":"rooder-r803o17-high-power-e-scooter-52v-6000w-20ah","status":"publish","type":"product","link":"https:\/\/www.rooderchina.com\/tr\/urun\/rooder-r803o17-high-power-e-scooter-52v-6000w-20ah\/","title":{"rendered":"Rooder r803o17 y\u00fcksek g\u00fc\u00e7l\u00fc e scooter 52v 6000w 20ah"},"content":{"rendered":"<table style=\"width: 423px;\" border=\"0\" cellspacing=\"0\" cellpadding=\"0\">\n<colgroup>\n<col width=\"149\" \/>\n<col width=\"274\" \/> <\/colgroup>\n<tbody>\n<tr>\n<td width=\"149\" height=\"19\">Model<\/td>\n<td width=\"274\">\u00a0<a href=\"https:\/\/www.rooderchina.com\/tr\/tag\/r803o17\/\" title=\"View all posts in r803o17\" target=\"_blank\" rel=\"noopener\">r803o17<\/a><\/td>\n<\/tr>\n<tr>\n<td height=\"19\">NW<\/td>\n<td>\u00a052kgs<\/td>\n<\/tr>\n<tr>\n<td height=\"19\">Lastik<\/td>\n<td>\u00a011 in\u00e7 lastikler, (100\/65-6.5)<\/td>\n<\/tr>\n<tr>\n<td height=\"19\">Maksimum y\u00fck<\/td>\n<td>\u00a0170KG<\/td>\n<\/tr>\n<tr>\n<td height=\"19\">Motor<\/td>\n<td>\u00a052V3KW*2<\/td>\n<\/tr>\n<tr>\n<td height=\"19\">Maksimum h\u0131z<\/td>\n<td>\u00a060-65km\/s<\/td>\n<\/tr>\n<tr>\n<td height=\"19\">Kontrol\u00f6r<\/td>\n<td>\u00a0\u00e7ift kontrol\u00f6r<\/td>\n<\/tr>\n<tr>\n<td height=\"19\">Frenler<\/td>\n<td>\u00a0\u00d6n ve arka hidrolik ya\u011fl\u0131 frenler<\/td>\n<\/tr>\n<tr>\n<td height=\"19\">\u015eok emiciler<\/td>\n<td>\u00a0\u00d6n ve arka yayl\u0131 amortis\u00f6rler<\/td>\n<\/tr>\n<tr>\n<td height=\"19\">I\u015f\u0131klar<\/td>\n<td>\u00a02 adet \u0131\u015f\u0131k + motosiklet kornas\u0131<\/td>\n<\/tr>\n<tr>\n<td height=\"19\">Ekran<\/td>\n<td>\u00a0LCD ekran, h\u0131z, ak\u00fc ve kilometre<\/td>\n<\/tr>\n<tr>\n<td height=\"19\">\u015earj cihaz\u0131<\/td>\n<td>\u00a04A \u015farj cihaz\u0131<\/td>\n<\/tr>\n<tr>\n<td height=\"19\">T\u0131rmanma e\u011fimi<\/td>\n<td>\u00a0yakla\u015f\u0131k 55 derece<\/td>\n<\/tr>\n<tr>\n<td height=\"19\">Su ge\u00e7irmezlik s\u0131n\u0131f\u0131<\/td>\n<td>\u00a0IP54<\/td>\n<\/tr>\n<tr>\n<td height=\"19\">\u015earj cihaz\u0131 giri\u015f gerilimi<\/td>\n<td>\u00a0100 - 240V, 50 \/ 60Hz<\/td>\n<\/tr>\n<tr>\n<td height=\"19\">Ak\u00fc<\/td>\n<td>\u00a052v20ah lityum pil<\/td>\n<\/tr>\n<tr>\n<td height=\"19\">\u015earj s\u00fcresi<\/td>\n<td>\u00a03-5 saat<\/td>\n<\/tr>\n<tr>\n<td height=\"19\">A\u00e7\u0131lan boyut<\/td>\n<td>\u00a0131*75*130cm<\/td>\n<\/tr>\n<tr>\n<td height=\"19\">Katlan\u0131r boyut<\/td>\n<td>\u00a0133*29*49cm<\/td>\n<\/tr>\n<tr>\n<td height=\"19\">Ambalaj boyutu<\/td>\n<td>\u00a0148*37*58cm<\/td>\n<\/tr>\n<tr>\n<td height=\"19\">GW<\/td>\n<td>\u00a058kgs<\/td>\n<\/tr>\n<\/tbody>\n<\/table>\n<p>&nbsp;<\/p>\n<p>&nbsp;<\/p>\n<p><iframe loading=\"lazy\" title=\"elektrikli scooter\" src=\"https:\/\/www.youtube.com\/embed\/yXTdxe1k78s?rel=0&amp;autoplay=0\" height=\"318\" width=\"385\" allowfullscreen=\"\" frameborder=\"0\"><\/iframe><\/p>","protected":false},"excerpt":{"rendered":"<h3>K\u0131sa A\u00e7\u0131klama:<\/h3>\n<p><p>\u015eirket, elektrikli scooter, elektrikli motosiklet ve elektrikli bisiklet tasar\u0131m\u0131, geli\u015ftirilmesi ve \u00fcretimi yapmaktad\u0131r. Ana \u00fcr\u00fcnler escooer, citycoco chopper, moto'dur. \u00dcr\u00fcnler \u00fclke genelinde 20'den fazla il ve \u015fehirde iyi sat\u0131lmakta ve 30'dan fazla \u00fclke ve b\u00f6lgeye ihra\u00e7 edilmektedir.<\/p>\n<\/p>\n<p><\/p>\n<li><em>Marka: <\/em> OEM\/ODM\/ROODER<\/li>\n<li><em>Min.Sipari\u015f Miktar\u0131: <\/em> 10 Adet \/ Adet<\/li>\n<li><em>Tedarik Yetene\u011fi: <\/em> 10000 Adet \/ Adet her Ay<\/li>\n<li><em>Liman: <\/em> Shenzhen<\/li>\n<li><em>\u00d6deme Ko\u015fullar\u0131: <\/em> T\/T, L\/C, D\/A, D\/P<\/li>","protected":false},"featured_media":9866,"comment_status":"closed","ping_status":"open","template":"","meta":[],"product_brand":[],"product_cat":[829],"product_tag":[530,867,868,745,869],"class_list":{"0":"post-9864","1":"product","2":"type-product","3":"status-publish","4":"has-post-thumbnail","6":"product_cat-electric-scooters","7":"product_tag-electric-scooter","8":"product_tag-high-power-e-scooter","9":"product_tag-r803o17","10":"product_tag-rooder","11":"product_tag-rooder-r803o17","13":"first","14":"instock","15":"product-type-simple"},"yoast_head":"<!-- This site is optimized with the Yoast SEO plugin v21.7 - https:\/\/yoast.com\/wordpress\/plugins\/seo\/ -->\n<title>Rooder r803o17 high power e scooter 52v 6000w 20ah - Electric Scooters Bikes Citycoco Manufacturer<\/title>\n<meta name=\"robots\" content=\"index, follow, max-snippet:-1, max-image-preview:large, max-video-preview:-1\" \/>\n<link rel=\"canonical\" href=\"https:\/\/www.rooderchina.com\/tr\/urun\/rooder-r803o17-high-power-e-scooter-52v-6000w-20ah\/\" \/>\n<meta property=\"og:locale\" content=\"tr_TR\" \/>\n<meta property=\"og:type\" content=\"article\" \/>\n<meta property=\"og:title\" content=\"Rooder r803o17 high power e scooter 52v 6000w 20ah - Electric Scooters Bikes Citycoco Manufacturer\" \/>\n<meta property=\"og:description\" content=\"Short Description: The company is engaged in the design, development and manufacture of electric scooter, electric motorcycle and electric bicycle. The main products are escooer, citycoco chopper, moto. The products sell well in more than 20 provinces and cities across the country and are exported to more than 30 countries and regions.    Brand: OEM\/ODM\/ROODER   Min.Order Quantity: 10 Piece\/Pieces   Supply Ability: 10000 Piece\/Pieces per Month   Port: Shenzhen   Payment Terms: T\/T, L\/C, D\/A, D\/P\" \/>\n<meta property=\"og:url\" content=\"https:\/\/www.rooderchina.com\/tr\/urun\/rooder-r803o17-high-power-e-scooter-52v-6000w-20ah\/\" \/>\n<meta property=\"og:site_name\" content=\"Electric Scooters Bikes Citycoco Manufacturer\" \/>\n<meta property=\"article:publisher\" content=\"https:\/\/www.facebook.com\/rooder.tec\" \/>\n<meta property=\"article:modified_time\" content=\"2023-11-11T10:51:43+00:00\" \/>\n<meta property=\"og:image\" content=\"https:\/\/www.rooderchina.com\/wp-content\/uploads\/2023\/11\/Rooder-r803o17-high-power-e-scooter-52v-6000w-20ah-1.jpg\" \/>\n\t<meta property=\"og:image:width\" content=\"1000\" \/>\n\t<meta property=\"og:image:height\" content=\"1000\" \/>\n\t<meta property=\"og:image:type\" content=\"image\/jpeg\" \/>\n<meta name=\"twitter:card\" content=\"summary_large_image\" \/>\n<meta name=\"twitter:site\" content=\"@RooderTec\" \/>\n<script type=\"application\/ld+json\" class=\"yoast-schema-graph\">{\"@context\":\"https:\/\/schema.org\",\"@graph\":[{\"@type\":\"WebPage\",\"@id\":\"https:\/\/www.rooderchina.com\/product\/rooder-r803o17-high-power-e-scooter-52v-6000w-20ah\/\",\"url\":\"https:\/\/www.rooderchina.com\/product\/rooder-r803o17-high-power-e-scooter-52v-6000w-20ah\/\",\"name\":\"Rooder r803o17 high power e scooter 52v 6000w 20ah - Electric Scooters Bikes Citycoco Manufacturer\",\"isPartOf\":{\"@id\":\"https:\/\/www.rooderchina.com\/#website\"},\"datePublished\":\"2023-11-11T10:51:21+00:00\",\"dateModified\":\"2023-11-11T10:51:43+00:00\",\"breadcrumb\":{\"@id\":\"https:\/\/www.rooderchina.com\/product\/rooder-r803o17-high-power-e-scooter-52v-6000w-20ah\/#breadcrumb\"},\"inLanguage\":\"tr\",\"potentialAction\":[{\"@type\":\"ReadAction\",\"target\":[\"https:\/\/www.rooderchina.com\/product\/rooder-r803o17-high-power-e-scooter-52v-6000w-20ah\/\"]}]},{\"@type\":\"BreadcrumbList\",\"@id\":\"https:\/\/www.rooderchina.com\/product\/rooder-r803o17-high-power-e-scooter-52v-6000w-20ah\/#breadcrumb\",\"itemListElement\":[{\"@type\":\"ListItem\",\"position\":1,\"name\":\"HOME\",\"item\":\"https:\/\/www.rooderchina.com\/\"},{\"@type\":\"ListItem\",\"position\":2,\"name\":\"Shop\",\"item\":\"https:\/\/www.rooderchina.com\/shop\/\"},{\"@type\":\"ListItem\",\"position\":3,\"name\":\"Rooder r803o17 high power e scooter 52v 6000w 20ah\"}]},{\"@type\":\"WebSite\",\"@id\":\"https:\/\/www.rooderchina.com\/#website\",\"url\":\"https:\/\/www.rooderchina.com\/\",\"name\":\"Electric Scooters Bikes Citycoco Manufacturer\",\"description\":\"Rooder Technology Limited\",\"publisher\":{\"@id\":\"https:\/\/www.rooderchina.com\/#organization\"},\"potentialAction\":[{\"@type\":\"SearchAction\",\"target\":{\"@type\":\"EntryPoint\",\"urlTemplate\":\"https:\/\/www.rooderchina.com\/?s={search_term_string}\"},\"query-input\":\"required name=search_term_string\"}],\"inLanguage\":\"tr\"},{\"@type\":\"Organization\",\"@id\":\"https:\/\/www.rooderchina.com\/#organization\",\"name\":\"Electric Scooters Bikes Citycoco Manufacturer\",\"url\":\"https:\/\/www.rooderchina.com\/\",\"logo\":{\"@type\":\"ImageObject\",\"inLanguage\":\"tr\",\"@id\":\"https:\/\/www.rooderchina.com\/#\/schema\/logo\/image\/\",\"url\":\"https:\/\/www.rooderchina.com\/wp-content\/uploads\/2023\/12\/rooder2.jpg\",\"contentUrl\":\"https:\/\/www.rooderchina.com\/wp-content\/uploads\/2023\/12\/rooder2.jpg\",\"width\":1723,\"height\":1037,\"caption\":\"Electric Scooters Bikes Citycoco Manufacturer\"},\"image\":{\"@id\":\"https:\/\/www.rooderchina.com\/#\/schema\/logo\/image\/\"},\"sameAs\":[\"https:\/\/www.facebook.com\/rooder.tec\",\"https:\/\/twitter.com\/RooderTec\"]}]}<\/script>\n<!-- \/ Yoast SEO plugin. -->","yoast_head_json":{"title":"Rooder r803o17 high power e scooter 52v 6000w 20ah - Electric Scooters Bikes Citycoco Manufacturer","robots":{"index":"index","follow":"follow","max-snippet":"max-snippet:-1","max-image-preview":"max-image-preview:large","max-video-preview":"max-video-preview:-1"},"canonical":"https:\/\/www.rooderchina.com\/tr\/urun\/rooder-r803o17-high-power-e-scooter-52v-6000w-20ah\/","og_locale":"tr_TR","og_type":"article","og_title":"Rooder r803o17 high power e scooter 52v 6000w 20ah - Electric Scooters Bikes Citycoco Manufacturer","og_description":"Short Description: The company is engaged in the design, development and manufacture of electric scooter, electric motorcycle and electric bicycle. The main products are escooer, citycoco chopper, moto. The products sell well in more than 20 provinces and cities across the country and are exported to more than 30 countries and regions.    Brand: OEM\/ODM\/ROODER   Min.Order Quantity: 10 Piece\/Pieces   Supply Ability: 10000 Piece\/Pieces per Month   Port: Shenzhen   Payment Terms: T\/T, L\/C, D\/A, D\/P","og_url":"https:\/\/www.rooderchina.com\/tr\/urun\/rooder-r803o17-high-power-e-scooter-52v-6000w-20ah\/","og_site_name":"Electric Scooters Bikes Citycoco Manufacturer","article_publisher":"https:\/\/www.facebook.com\/rooder.tec","article_modified_time":"2023-11-11T10:51:43+00:00","og_image":[{"width":1000,"height":1000,"url":"https:\/\/www.rooderchina.com\/wp-content\/uploads\/2023\/11\/Rooder-r803o17-high-power-e-scooter-52v-6000w-20ah-1.jpg","type":"image\/jpeg"}],"twitter_card":"summary_large_image","twitter_site":"@RooderTec","schema":{"@context":"https:\/\/schema.org","@graph":[{"@type":"WebPage","@id":"https:\/\/www.rooderchina.com\/product\/rooder-r803o17-high-power-e-scooter-52v-6000w-20ah\/","url":"https:\/\/www.rooderchina.com\/product\/rooder-r803o17-high-power-e-scooter-52v-6000w-20ah\/","name":"Rooder r803o17 high power e scooter 52v 6000w 20ah - Electric Scooters Bikes Citycoco Manufacturer","isPartOf":{"@id":"https:\/\/www.rooderchina.com\/#website"},"datePublished":"2023-11-11T10:51:21+00:00","dateModified":"2023-11-11T10:51:43+00:00","breadcrumb":{"@id":"https:\/\/www.rooderchina.com\/product\/rooder-r803o17-high-power-e-scooter-52v-6000w-20ah\/#breadcrumb"},"inLanguage":"tr","potentialAction":[{"@type":"ReadAction","target":["https:\/\/www.rooderchina.com\/product\/rooder-r803o17-high-power-e-scooter-52v-6000w-20ah\/"]}]},{"@type":"BreadcrumbList","@id":"https:\/\/www.rooderchina.com\/product\/rooder-r803o17-high-power-e-scooter-52v-6000w-20ah\/#breadcrumb","itemListElement":[{"@type":"ListItem","position":1,"name":"HOME","item":"https:\/\/www.rooderchina.com\/"},{"@type":"ListItem","position":2,"name":"Shop","item":"https:\/\/www.rooderchina.com\/shop\/"},{"@type":"ListItem","position":3,"name":"Rooder r803o17 high power e scooter 52v 6000w 20ah"}]},{"@type":"WebSite","@id":"https:\/\/www.rooderchina.com\/#website","url":"https:\/\/www.rooderchina.com\/","name":"Electric Scooters Bikes Citycoco Manufacturer","description":"Rooder Technology Limited","publisher":{"@id":"https:\/\/www.rooderchina.com\/#organization"},"potentialAction":[{"@type":"SearchAction","target":{"@type":"EntryPoint","urlTemplate":"https:\/\/www.rooderchina.com\/?s={search_term_string}"},"query-input":"required name=search_term_string"}],"inLanguage":"tr"},{"@type":"Organization","@id":"https:\/\/www.rooderchina.com\/#organization","name":"Electric Scooters Bikes Citycoco Manufacturer","url":"https:\/\/www.rooderchina.com\/","logo":{"@type":"ImageObject","inLanguage":"tr","@id":"https:\/\/www.rooderchina.com\/#\/schema\/logo\/image\/","url":"https:\/\/www.rooderchina.com\/wp-content\/uploads\/2023\/12\/rooder2.jpg","contentUrl":"https:\/\/www.rooderchina.com\/wp-content\/uploads\/2023\/12\/rooder2.jpg","width":1723,"height":1037,"caption":"Electric Scooters Bikes Citycoco Manufacturer"},"image":{"@id":"https:\/\/www.rooderchina.com\/#\/schema\/logo\/image\/"},"sameAs":["https:\/\/www.facebook.com\/rooder.tec","https:\/\/twitter.com\/RooderTec"]}]}},"_links":{"self":[{"href":"https:\/\/www.rooderchina.com\/tr\/wp-json\/wp\/v2\/product\/9864","targetHints":{"allow":["GET"]}}],"collection":[{"href":"https:\/\/www.rooderchina.com\/tr\/wp-json\/wp\/v2\/product"}],"about":[{"href":"https:\/\/www.rooderchina.com\/tr\/wp-json\/wp\/v2\/types\/product"}],"replies":[{"embeddable":true,"href":"https:\/\/www.rooderchina.com\/tr\/wp-json\/wp\/v2\/comments?post=9864"}],"version-history":[{"count":1,"href":"https:\/\/www.rooderchina.com\/tr\/wp-json\/wp\/v2\/product\/9864\/revisions"}],"predecessor-version":[{"id":9865,"href":"https:\/\/www.rooderchina.com\/tr\/wp-json\/wp\/v2\/product\/9864\/revisions\/9865"}],"wp:featuredmedia":[{"embeddable":true,"href":"https:\/\/www.rooderchina.com\/tr\/wp-json\/wp\/v2\/media\/9866"}],"wp:attachment":[{"href":"https:\/\/www.rooderchina.com\/tr\/wp-json\/wp\/v2\/media?parent=9864"}],"wp:term":[{"taxonomy":"product_brand","embeddable":true,"href":"https:\/\/www.rooderchina.com\/tr\/wp-json\/wp\/v2\/product_brand?post=9864"},{"taxonomy":"product_cat","embeddable":true,"href":"https:\/\/www.rooderchina.com\/tr\/wp-json\/wp\/v2\/product_cat?post=9864"},{"taxonomy":"product_tag","embeddable":true,"href":"https:\/\/www.rooderchina.com\/tr\/wp-json\/wp\/v2\/product_tag?post=9864"}],"curies":[{"name":"wp","href":"https:\/\/api.w.org\/{rel}","templated":true}]}}