{"id":9831,"date":"2023-11-11T18:50:34","date_gmt":"2023-11-11T10:50:34","guid":{"rendered":"http:\/\/www.rooderchina.com\/index.php\/product\/rooder-xs09-best-electric-scooter-10000w-belt-motor-110km-h\/"},"modified":"2023-12-15T18:53:20","modified_gmt":"2023-12-15T10:53:20","slug":"rooder-xs09-best-electric-scooter-10000w-belt-motor-110km-h","status":"publish","type":"product","link":"https:\/\/www.rooderchina.com\/tr\/urun\/rooder-xs09-best-electric-scooter-10000w-belt-motor-110km-h\/","title":{"rendered":"Rooder xs09 en iyi elektrikli scooter 10000w kay\u0131\u015f motoru 110km\/s"},"content":{"rendered":"<table style=\"width: 424px;\" border=\"0\" cellspacing=\"0\" cellpadding=\"0\">\n<colgroup>\n<col width=\"149\" \/>\n<col width=\"275\" \/> <\/colgroup>\n<tbody>\n<tr>\n<td width=\"149\" height=\"19\">Model<\/td>\n<td width=\"275\">\u00a0e-Cruiser <a href=\"https:\/\/www.rooderchina.com\/tr\/tag\/xs09\/\" title=\"xs09 i\u00e7indeki t\u00fcm g\u00f6nderileri g\u00f6r\u00fcnt\u00fcleyin\" target=\"_blank\" rel=\"noopener\">xs09<\/a><\/td>\n<\/tr>\n<tr>\n<td height=\"19\">NW<\/td>\n<td>\u00a058kgs<\/td>\n<\/tr>\n<tr>\n<td height=\"19\">Lastik<\/td>\n<td>11 in\u00e7 lastikler, (90\/65-6.5)<\/td>\n<\/tr>\n<tr>\n<td height=\"19\">Maksimum y\u00fck<\/td>\n<td>170KG<\/td>\n<\/tr>\n<tr>\n<td height=\"19\">Motor<\/td>\n<td>\u00a072V10000w<\/td>\n<\/tr>\n<tr>\n<td height=\"19\">Maksimum h\u0131z<\/td>\n<td>100-110km\/s<\/td>\n<\/tr>\n<tr>\n<td height=\"19\">Frenler<\/td>\n<td>\u00a0\u00d6n ve arka hidrolik ya\u011fl\u0131 frenler<\/td>\n<\/tr>\n<tr>\n<td height=\"19\">\u015eok emiciler<\/td>\n<td>\u00a0\u00d6n ve arka yayl\u0131 amortis\u00f6rler<\/td>\n<\/tr>\n<tr>\n<td height=\"19\">I\u015f\u0131klar<\/td>\n<td>\u00a02 adet \u0131\u015f\u0131k + motosiklet kornas\u0131<\/td>\n<\/tr>\n<tr>\n<td height=\"19\">Ekran<\/td>\n<td>\u00a0LCD Ekran, h\u0131z, pil ve kilometre<\/td>\n<\/tr>\n<tr>\n<td height=\"19\">\u015earj cihaz\u0131<\/td>\n<td>\u00a084v5A \u015farj cihaz\u0131<\/td>\n<\/tr>\n<tr>\n<td height=\"19\">T\u0131rmanma e\u011fimi<\/td>\n<td>\u00a0yakla\u015f\u0131k 25 derece<\/td>\n<\/tr>\n<tr>\n<td height=\"19\">Su ge\u00e7irmezlik s\u0131n\u0131f\u0131<\/td>\n<td>\u00a0IP54<\/td>\n<\/tr>\n<tr>\n<td height=\"19\">\u015earj cihaz\u0131 giri\u015f gerilimi<\/td>\n<td>\u00a0100 - 240V, 50 \/ 60Hz<\/td>\n<\/tr>\n<tr>\n<td height=\"19\">Ak\u00fc<\/td>\n<td>\u00a072v40ah lityum ak\u00fc<\/td>\n<\/tr>\n<tr>\n<td height=\"19\">\u015earj s\u00fcresi<\/td>\n<td>\u00a06-8 saat<\/td>\n<\/tr>\n<tr>\n<td height=\"19\">A\u00e7\u0131lan boyut<\/td>\n<td>\u00a0150*69*125cm<\/td>\n<\/tr>\n<tr>\n<td height=\"19\">Ambalaj boyutu<\/td>\n<td>\u00a0153*37*58cm<\/td>\n<\/tr>\n<tr>\n<td height=\"19\">GW<\/td>\n<td>\u00a062kgs<\/td>\n<\/tr>\n<tr>\n<td height=\"19\">se\u00e7enek<\/td>\n<td>\u00a0LED LOGO<\/td>\n<\/tr>\n<\/tbody>\n<\/table>\n<p>&nbsp;<\/p>\n<p>&nbsp;<\/p>\n<p><iframe loading=\"lazy\" title=\"elektrikli scooter\" src=\"https:\/\/www.youtube.com\/embed\/ZSSNQ3rzfUc?rel=0&amp;autoplay=0\" height=\"318\" width=\"385\" allowfullscreen=\"\" frameborder=\"0\"><\/iframe><\/p>","protected":false},"excerpt":{"rendered":"<h3>K\u0131sa A\u00e7\u0131klama:<\/h3>\n<p><p>Eyl\u00fcl 2010'da kurulan Rooder Technology Co, Ltd, elektrikli scooter ve elektrikli bisiklet \u00fcretiminde uzmanla\u015fm\u0131\u015f bir \u015firkettir. \u015eirketin 50 \u00e7al\u0131\u015fan\u0131 bulunmaktad\u0131r. Bir\u00e7ok Amazon tedarik\u00e7isi, AliExpress, eBay, Alibaba tedarik\u00e7ileri, d\u0131\u015f ticaret \u015firketleri, elektrikli scooter toptanc\u0131lar\u0131 ve fabrikalar i\u00e7in \u00f6zelle\u015ftirilmi\u015f \u00fcr\u00fcnler sa\u011flar ve OEM \/ ODM \/ OBM'nin geli\u015ftirilmesini ve tasar\u0131m\u0131n\u0131 destekler. Ucuzluk M\u00fc\u015fterilerimiz Kuzey Amerika, Avrupa Birli\u011fi, Avustralya ve Kanada gibi d\u00fcnyan\u0131n her yerinden gelmektedir.<\/p>\n<p>Y\u00fcksek kaliteli bir ara\u015ft\u0131rma ve geli\u015ftirme ekibimiz var. Her alt\u0131 ayda bir yeni bir \u00fcr\u00fcn piyasaya s\u00fcren y\u00fcksek kaliteli bir ara\u015ft\u0131rma ve geli\u015ftirme ekibimiz var. M\u00fc\u015fteri gereksinimlerine g\u00f6re y\u00fckseltme yapabiliriz. ISO9001 kalite y\u00f6netim sistemi sertifikas\u0131n\u0131 ve BSCI fabrika sertifikas\u0131n\u0131 ge\u00e7tik ve \u00fcr\u00fcnlerimiz CE, RoHS ve FCC sertifikalar\u0131n\u0131 ge\u00e7ti. Marka etkimizi art\u0131rmak i\u00e7in yerli ve yabanc\u0131 ortaklarla i\u015fbirli\u011fi yapmaya devam ediyoruz. Sizinle uzun vadeli bir i\u015f ili\u015fkisi kurmay\u0131 d\u00f6rt g\u00f6zle bekliyoruz. Herhangi bir \u00fcr\u00fcnle ilgileniyorsan\u0131z, l\u00fctfen bizimle ileti\u015fime ge\u00e7mekten \u00e7ekinmeyin!<\/p>\n<\/p>\n<p><\/p>\n<li><em>Marka: <\/em> OEM\/ODM\/ROODER<\/li>\n<li><em>Min.Sipari\u015f Miktar\u0131: <\/em> 10 Adet \/ Adet<\/li>\n<li><em>Tedarik Yetene\u011fi: <\/em> 10000 Adet \/ Adet her Ay<\/li>\n<li><em>Liman: <\/em> Shenzhen<\/li>\n<li><em>\u00d6deme Ko\u015fullar\u0131: <\/em> T\/T, L\/C, D\/A, D\/P<\/li>","protected":false},"featured_media":9833,"comment_status":"closed","ping_status":"open","template":"","meta":[],"product_brand":[],"product_cat":[829],"product_tag":[861,530,745,862,863],"class_list":{"0":"post-9831","1":"product","2":"type-product","3":"status-publish","4":"has-post-thumbnail","6":"product_cat-electric-scooters","7":"product_tag-best-electric-scooter","8":"product_tag-electric-scooter","9":"product_tag-rooder","10":"product_tag-rooder-xs09","11":"product_tag-xs09","13":"first","14":"instock","15":"product-type-simple"},"yoast_head":"<!-- This site is optimized with the Yoast SEO plugin v21.7 - https:\/\/yoast.com\/wordpress\/plugins\/seo\/ -->\n<title>Rooder xs09 best electric scooter 10000w belt motor 110km\/h - Electric Scooters Bikes Citycoco Manufacturer<\/title>\n<meta name=\"robots\" content=\"index, follow, max-snippet:-1, max-image-preview:large, max-video-preview:-1\" \/>\n<link rel=\"canonical\" href=\"https:\/\/www.rooderchina.com\/tr\/urun\/rooder-xs09-best-electric-scooter-10000w-belt-motor-110km-h\/\" \/>\n<meta property=\"og:locale\" content=\"tr_TR\" \/>\n<meta property=\"og:type\" content=\"article\" \/>\n<meta property=\"og:title\" content=\"Rooder xs09 best electric scooter 10000w belt motor 110km\/h - Electric Scooters Bikes Citycoco Manufacturer\" \/>\n<meta property=\"og:description\" content=\"Short Description: Founded in September 2010, Rooder Technology Co., Ltd. is a company specializing in the production of electric scooters and electric bicycles. It has 50 employees. It provides customized products for many Amazon suppliers, AliExpress, eBay, Alibaba suppliers, foreign trade companies, electric scooter wholesale, and factories, and supports the development and design of OEM\/ODM\/OBM. Cheapness Our customers come from all over the world, such as North America, the European Union, Australia, and Canada. We have a high-quality research and development team. We have a high-quality research and development team that launches a new product every six months. We can upgrade according to customer requirements. We have passed ISO9001 quality management system certification and BSCI factory certification, and our products have passed CE, RoHS, and FCC certification. We continue to cooperate with domestic and foreign partners to enhance our brand influence. We look forward to establishing a long-term business relationship with you. If you are interested in any product, please feel free to contact us!    Brand: OEM\/ODM\/ROODER   Min.Order Quantity: 10 Piece\/Pieces   Supply Ability: 10000 Piece\/Pieces per Month   Port: Shenzhen   Payment Terms: T\/T, L\/C, D\/A, D\/P\" \/>\n<meta property=\"og:url\" content=\"https:\/\/www.rooderchina.com\/tr\/urun\/rooder-xs09-best-electric-scooter-10000w-belt-motor-110km-h\/\" \/>\n<meta property=\"og:site_name\" content=\"Electric Scooters Bikes Citycoco Manufacturer\" \/>\n<meta property=\"article:publisher\" content=\"https:\/\/www.facebook.com\/rooder.tec\" \/>\n<meta property=\"article:modified_time\" content=\"2023-12-15T10:53:20+00:00\" \/>\n<meta property=\"og:image\" content=\"https:\/\/www.rooderchina.com\/wp-content\/uploads\/2023\/11\/Rooder-xs09-best-electric-scooter-10000w-belt-motor-110kmh-1.jpg\" \/>\n\t<meta property=\"og:image:width\" content=\"1000\" \/>\n\t<meta property=\"og:image:height\" content=\"1000\" \/>\n\t<meta property=\"og:image:type\" content=\"image\/jpeg\" \/>\n<meta name=\"twitter:card\" content=\"summary_large_image\" \/>\n<meta name=\"twitter:site\" content=\"@RooderTec\" \/>\n<script type=\"application\/ld+json\" class=\"yoast-schema-graph\">{\"@context\":\"https:\/\/schema.org\",\"@graph\":[{\"@type\":\"WebPage\",\"@id\":\"https:\/\/www.rooderchina.com\/product\/rooder-xs09-best-electric-scooter-10000w-belt-motor-110km-h\/\",\"url\":\"https:\/\/www.rooderchina.com\/product\/rooder-xs09-best-electric-scooter-10000w-belt-motor-110km-h\/\",\"name\":\"Rooder xs09 best electric scooter 10000w belt motor 110km\/h - Electric Scooters Bikes Citycoco Manufacturer\",\"isPartOf\":{\"@id\":\"https:\/\/www.rooderchina.com\/#website\"},\"datePublished\":\"2023-11-11T10:50:34+00:00\",\"dateModified\":\"2023-12-15T10:53:20+00:00\",\"breadcrumb\":{\"@id\":\"https:\/\/www.rooderchina.com\/product\/rooder-xs09-best-electric-scooter-10000w-belt-motor-110km-h\/#breadcrumb\"},\"inLanguage\":\"tr\",\"potentialAction\":[{\"@type\":\"ReadAction\",\"target\":[\"https:\/\/www.rooderchina.com\/product\/rooder-xs09-best-electric-scooter-10000w-belt-motor-110km-h\/\"]}]},{\"@type\":\"BreadcrumbList\",\"@id\":\"https:\/\/www.rooderchina.com\/product\/rooder-xs09-best-electric-scooter-10000w-belt-motor-110km-h\/#breadcrumb\",\"itemListElement\":[{\"@type\":\"ListItem\",\"position\":1,\"name\":\"HOME\",\"item\":\"https:\/\/www.rooderchina.com\/\"},{\"@type\":\"ListItem\",\"position\":2,\"name\":\"Shop\",\"item\":\"https:\/\/www.rooderchina.com\/shop\/\"},{\"@type\":\"ListItem\",\"position\":3,\"name\":\"Rooder xs09 best electric scooter 10000w belt motor 110km\/h\"}]},{\"@type\":\"WebSite\",\"@id\":\"https:\/\/www.rooderchina.com\/#website\",\"url\":\"https:\/\/www.rooderchina.com\/\",\"name\":\"Electric Scooters Bikes Citycoco Manufacturer\",\"description\":\"Rooder Technology Limited\",\"publisher\":{\"@id\":\"https:\/\/www.rooderchina.com\/#organization\"},\"potentialAction\":[{\"@type\":\"SearchAction\",\"target\":{\"@type\":\"EntryPoint\",\"urlTemplate\":\"https:\/\/www.rooderchina.com\/?s={search_term_string}\"},\"query-input\":\"required name=search_term_string\"}],\"inLanguage\":\"tr\"},{\"@type\":\"Organization\",\"@id\":\"https:\/\/www.rooderchina.com\/#organization\",\"name\":\"Electric Scooters Bikes Citycoco Manufacturer\",\"url\":\"https:\/\/www.rooderchina.com\/\",\"logo\":{\"@type\":\"ImageObject\",\"inLanguage\":\"tr\",\"@id\":\"https:\/\/www.rooderchina.com\/#\/schema\/logo\/image\/\",\"url\":\"https:\/\/www.rooderchina.com\/wp-content\/uploads\/2023\/12\/rooder2.jpg\",\"contentUrl\":\"https:\/\/www.rooderchina.com\/wp-content\/uploads\/2023\/12\/rooder2.jpg\",\"width\":1723,\"height\":1037,\"caption\":\"Electric Scooters Bikes Citycoco Manufacturer\"},\"image\":{\"@id\":\"https:\/\/www.rooderchina.com\/#\/schema\/logo\/image\/\"},\"sameAs\":[\"https:\/\/www.facebook.com\/rooder.tec\",\"https:\/\/twitter.com\/RooderTec\"]}]}<\/script>\n<!-- \/ Yoast SEO plugin. -->","yoast_head_json":{"title":"Rooder xs09 best electric scooter 10000w belt motor 110km\/h - Electric Scooters Bikes Citycoco Manufacturer","robots":{"index":"index","follow":"follow","max-snippet":"max-snippet:-1","max-image-preview":"max-image-preview:large","max-video-preview":"max-video-preview:-1"},"canonical":"https:\/\/www.rooderchina.com\/tr\/urun\/rooder-xs09-best-electric-scooter-10000w-belt-motor-110km-h\/","og_locale":"tr_TR","og_type":"article","og_title":"Rooder xs09 best electric scooter 10000w belt motor 110km\/h - Electric Scooters Bikes Citycoco Manufacturer","og_description":"Short Description: Founded in September 2010, Rooder Technology Co., Ltd. is a company specializing in the production of electric scooters and electric bicycles. It has 50 employees. It provides customized products for many Amazon suppliers, AliExpress, eBay, Alibaba suppliers, foreign trade companies, electric scooter wholesale, and factories, and supports the development and design of OEM\/ODM\/OBM. Cheapness Our customers come from all over the world, such as North America, the European Union, Australia, and Canada. We have a high-quality research and development team. We have a high-quality research and development team that launches a new product every six months. We can upgrade according to customer requirements. We have passed ISO9001 quality management system certification and BSCI factory certification, and our products have passed CE, RoHS, and FCC certification. We continue to cooperate with domestic and foreign partners to enhance our brand influence. We look forward to establishing a long-term business relationship with you. If you are interested in any product, please feel free to contact us!    Brand: OEM\/ODM\/ROODER   Min.Order Quantity: 10 Piece\/Pieces   Supply Ability: 10000 Piece\/Pieces per Month   Port: Shenzhen   Payment Terms: T\/T, L\/C, D\/A, D\/P","og_url":"https:\/\/www.rooderchina.com\/tr\/urun\/rooder-xs09-best-electric-scooter-10000w-belt-motor-110km-h\/","og_site_name":"Electric Scooters Bikes Citycoco Manufacturer","article_publisher":"https:\/\/www.facebook.com\/rooder.tec","article_modified_time":"2023-12-15T10:53:20+00:00","og_image":[{"width":1000,"height":1000,"url":"https:\/\/www.rooderchina.com\/wp-content\/uploads\/2023\/11\/Rooder-xs09-best-electric-scooter-10000w-belt-motor-110kmh-1.jpg","type":"image\/jpeg"}],"twitter_card":"summary_large_image","twitter_site":"@RooderTec","schema":{"@context":"https:\/\/schema.org","@graph":[{"@type":"WebPage","@id":"https:\/\/www.rooderchina.com\/product\/rooder-xs09-best-electric-scooter-10000w-belt-motor-110km-h\/","url":"https:\/\/www.rooderchina.com\/product\/rooder-xs09-best-electric-scooter-10000w-belt-motor-110km-h\/","name":"Rooder xs09 best electric scooter 10000w belt motor 110km\/h - Electric Scooters Bikes Citycoco Manufacturer","isPartOf":{"@id":"https:\/\/www.rooderchina.com\/#website"},"datePublished":"2023-11-11T10:50:34+00:00","dateModified":"2023-12-15T10:53:20+00:00","breadcrumb":{"@id":"https:\/\/www.rooderchina.com\/product\/rooder-xs09-best-electric-scooter-10000w-belt-motor-110km-h\/#breadcrumb"},"inLanguage":"tr","potentialAction":[{"@type":"ReadAction","target":["https:\/\/www.rooderchina.com\/product\/rooder-xs09-best-electric-scooter-10000w-belt-motor-110km-h\/"]}]},{"@type":"BreadcrumbList","@id":"https:\/\/www.rooderchina.com\/product\/rooder-xs09-best-electric-scooter-10000w-belt-motor-110km-h\/#breadcrumb","itemListElement":[{"@type":"ListItem","position":1,"name":"HOME","item":"https:\/\/www.rooderchina.com\/"},{"@type":"ListItem","position":2,"name":"Shop","item":"https:\/\/www.rooderchina.com\/shop\/"},{"@type":"ListItem","position":3,"name":"Rooder xs09 best electric scooter 10000w belt motor 110km\/h"}]},{"@type":"WebSite","@id":"https:\/\/www.rooderchina.com\/#website","url":"https:\/\/www.rooderchina.com\/","name":"Electric Scooters Bikes Citycoco Manufacturer","description":"Rooder Technology Limited","publisher":{"@id":"https:\/\/www.rooderchina.com\/#organization"},"potentialAction":[{"@type":"SearchAction","target":{"@type":"EntryPoint","urlTemplate":"https:\/\/www.rooderchina.com\/?s={search_term_string}"},"query-input":"required name=search_term_string"}],"inLanguage":"tr"},{"@type":"Organization","@id":"https:\/\/www.rooderchina.com\/#organization","name":"Electric Scooters Bikes Citycoco Manufacturer","url":"https:\/\/www.rooderchina.com\/","logo":{"@type":"ImageObject","inLanguage":"tr","@id":"https:\/\/www.rooderchina.com\/#\/schema\/logo\/image\/","url":"https:\/\/www.rooderchina.com\/wp-content\/uploads\/2023\/12\/rooder2.jpg","contentUrl":"https:\/\/www.rooderchina.com\/wp-content\/uploads\/2023\/12\/rooder2.jpg","width":1723,"height":1037,"caption":"Electric Scooters Bikes Citycoco Manufacturer"},"image":{"@id":"https:\/\/www.rooderchina.com\/#\/schema\/logo\/image\/"},"sameAs":["https:\/\/www.facebook.com\/rooder.tec","https:\/\/twitter.com\/RooderTec"]}]}},"_links":{"self":[{"href":"https:\/\/www.rooderchina.com\/tr\/wp-json\/wp\/v2\/product\/9831","targetHints":{"allow":["GET"]}}],"collection":[{"href":"https:\/\/www.rooderchina.com\/tr\/wp-json\/wp\/v2\/product"}],"about":[{"href":"https:\/\/www.rooderchina.com\/tr\/wp-json\/wp\/v2\/types\/product"}],"replies":[{"embeddable":true,"href":"https:\/\/www.rooderchina.com\/tr\/wp-json\/wp\/v2\/comments?post=9831"}],"version-history":[{"count":1,"href":"https:\/\/www.rooderchina.com\/tr\/wp-json\/wp\/v2\/product\/9831\/revisions"}],"predecessor-version":[{"id":9832,"href":"https:\/\/www.rooderchina.com\/tr\/wp-json\/wp\/v2\/product\/9831\/revisions\/9832"}],"wp:featuredmedia":[{"embeddable":true,"href":"https:\/\/www.rooderchina.com\/tr\/wp-json\/wp\/v2\/media\/9833"}],"wp:attachment":[{"href":"https:\/\/www.rooderchina.com\/tr\/wp-json\/wp\/v2\/media?parent=9831"}],"wp:term":[{"taxonomy":"product_brand","embeddable":true,"href":"https:\/\/www.rooderchina.com\/tr\/wp-json\/wp\/v2\/product_brand?post=9831"},{"taxonomy":"product_cat","embeddable":true,"href":"https:\/\/www.rooderchina.com\/tr\/wp-json\/wp\/v2\/product_cat?post=9831"},{"taxonomy":"product_tag","embeddable":true,"href":"https:\/\/www.rooderchina.com\/tr\/wp-json\/wp\/v2\/product_tag?post=9831"}],"curies":[{"name":"wp","href":"https:\/\/api.w.org\/{rel}","templated":true}]}}