{"id":9813,"date":"2023-11-11T18:49:56","date_gmt":"2023-11-11T10:49:56","guid":{"rendered":"http:\/\/www.rooderchina.com\/index.php\/product\/cb01b-rooder-electric-chopper-bike-wholesale-price\/"},"modified":"2023-11-11T18:50:22","modified_gmt":"2023-11-11T10:50:22","slug":"cb01b-rooder-electric-chopper-bike-wholesale-price","status":"publish","type":"product","link":"https:\/\/www.rooderchina.com\/tr\/urun\/cb01b-rooder-electric-chopper-bike-wholesale-price\/","title":{"rendered":"cb01b Rooder elektrikli helikopter bisiklet toptan sat\u0131\u015f fiyat\u0131"},"content":{"rendered":"<p><strong>Videolar:<\/strong><\/p>\n<p><iframe loading=\"lazy\" title=\"elektrikli bisiklet\" src=\"https:\/\/www.youtube.com\/embed\/INJQyz4pw2U?rel=0&amp;autoplay=0\" height=\"318\" width=\"385\" allowfullscreen=\"\" frameborder=\"0\"><\/iframe><\/p>\n<p><strong>\u00d6zellikler:<\/strong><\/p>\n<table style=\"width: 538px;\" border=\"0\" cellspacing=\"0\" cellpadding=\"0\">\n<tbody>\n<tr>\n<td width=\"165\">\n<p align=\"center\"><b>Model<\/b><\/p>\n<\/td>\n<td width=\"373\">\n<p align=\"left\"><b>CB01A (zincirli) ve CB01B (zincirsiz)<\/b><\/p>\n<\/td>\n<\/tr>\n<tr>\n<td width=\"165\">\n<p align=\"center\">Marka<\/p>\n<\/td>\n<td width=\"373\">\n<p align=\"left\">Rooder<\/p>\n<\/td>\n<\/tr>\n<tr>\n<td width=\"165\">\n<p align=\"center\"><b>\u00c7er\u00e7eve malzemesi<\/b><\/p>\n<\/td>\n<td width=\"373\">\n<p align=\"left\">Diki\u015fsiz demir ala\u015f\u0131ml\u0131 \u00e7er\u00e7eve<\/p>\n<\/td>\n<\/tr>\n<tr>\n<td width=\"165\">\n<p align=\"center\">Lastik ebad\u0131<\/p>\n<\/td>\n<td width=\"373\">\n<p align=\"left\">20*5 in\u00e7 ya\u011fl\u0131 lastik<\/p>\n<\/td>\n<\/tr>\n<tr>\n<td width=\"165\">\n<p align=\"center\">\u00d6n \u00e7atal<\/p>\n<\/td>\n<td width=\"373\">\n<p align=\"left\">ronzlla mekanik \u00c7atal<\/p>\n<\/td>\n<\/tr>\n<tr>\n<td width=\"165\">\n<p align=\"center\">Fren tipi<\/p>\n<\/td>\n<td width=\"373\">\n<p align=\"left\">\u00d6n ve Arka Disk fren<\/p>\n<\/td>\n<\/tr>\n<tr>\n<td width=\"165\">\n<p align=\"center\"><b>Motor g\u00fcc\u00fc<\/b><\/p>\n<\/td>\n<td width=\"373\">\n<p align=\"left\">\u00c7arkl\u0131 48V 500W\/1000W motor<\/p>\n<\/td>\n<\/tr>\n<tr>\n<td width=\"165\">\n<p align=\"center\"><b>Maksimum h\u0131z<\/b><\/p>\n<\/td>\n<td width=\"373\">\n<p align=\"left\">500w 25-45km\/saat, 1000w 25-50km\/saat.<\/p>\n<\/td>\n<\/tr>\n<tr>\n<td width=\"165\">\n<p align=\"center\"><b>S\u0131n\u0131fland\u0131r\u0131labilirlik<\/b><\/p>\n<\/td>\n<td width=\"373\">\n<p align=\"left\">20 derece<\/p>\n<\/td>\n<\/tr>\n<tr>\n<td width=\"165\">\n<p align=\"center\">Maksimum y\u00fckleme<\/p>\n<\/td>\n<td width=\"373\">\n<p align=\"left\">150 kg<\/p>\n<\/td>\n<\/tr>\n<tr>\n<td width=\"165\">\n<p align=\"center\"><b>Ak\u00fc<\/b><\/p>\n<\/td>\n<td width=\"373\">\n<p align=\"left\">48V 10Ah, 15Ah, 20Ah ve 40Ah lityum ak\u00fc<\/p>\n<\/td>\n<\/tr>\n<tr>\n<td width=\"165\">\n<p align=\"center\">Menzil<\/p>\n<\/td>\n<td width=\"373\">\n<p align=\"left\">10a 10-30 km, 15a 15-45km, 40a 40-120km.<\/p>\n<\/td>\n<\/tr>\n<tr>\n<td width=\"165\">\n<p align=\"center\"><b>\u015earj cihaz\u0131<\/b><\/p>\n<\/td>\n<td width=\"373\">\n<p align=\"left\">54,6V 2A<\/p>\n<\/td>\n<\/tr>\n<tr>\n<td width=\"165\">\n<p align=\"center\"><b>\u015earj s\u00fcresi<\/b><\/p>\n<\/td>\n<td width=\"373\">\n<p align=\"left\">Bataryaya ba\u011fl\u0131 olarak 5-10 saat<\/p>\n<\/td>\n<\/tr>\n<tr>\n<td width=\"165\">\n<p align=\"center\">\u00c7al\u0131\u015fma s\u0131cakl\u0131\u011f\u0131<\/p>\n<\/td>\n<td width=\"373\">\n<p align=\"left\">-20~40\u2103<\/p>\n<\/td>\n<\/tr>\n<tr>\n<td width=\"165\">\n<p align=\"center\">Su ge\u00e7irmez standart<\/p>\n<\/td>\n<td width=\"373\">\n<p align=\"left\">IP65<\/p>\n<\/td>\n<\/tr>\n<tr>\n<td width=\"165\">\n<p align=\"center\">Ekran<\/p>\n<\/td>\n<td width=\"373\">\n<p align=\"left\">LCD ekran<\/p>\n<\/td>\n<\/tr>\n<tr>\n<td width=\"165\">\n<p align=\"center\">\u00d6n Amortis\u00f6r<\/p>\n<\/td>\n<td width=\"373\">\n<p align=\"left\">Hidrolik \u015fok \u00c7atal<\/p>\n<\/td>\n<\/tr>\n<tr>\n<td width=\"165\">\n<p align=\"center\">Arka Amortis\u00f6r<\/p>\n<\/td>\n<td width=\"373\">\n<p align=\"left\">YOK<\/p>\n<\/td>\n<\/tr>\n<tr>\n<td width=\"165\">\n<p align=\"center\">I\u015f\u0131k sistemi<\/p>\n<\/td>\n<td width=\"373\">\n<p align=\"left\">LED far<\/p>\n<\/td>\n<\/tr>\n<tr>\n<td width=\"165\">\n<p align=\"center\">\u00dcr\u00fcn net a\u011f\u0131rl\u0131\u011f\u0131<\/p>\n<\/td>\n<td width=\"373\">\n<p align=\"left\">35 kg<\/p>\n<\/td>\n<\/tr>\n<tr>\n<td width=\"165\">\n<p align=\"center\">Br\u00fct a\u011f\u0131rl\u0131k<\/p>\n<\/td>\n<td width=\"373\">\n<p align=\"left\">48 kg<\/p>\n<\/td>\n<\/tr>\n<tr>\n<td width=\"165\">\n<p align=\"center\">Sertifikalar<\/p>\n<\/td>\n<td width=\"373\">\n<p align=\"left\">CE, FCC, ROHS, MSDS, UN38.3<\/p>\n<\/td>\n<\/tr>\n<tr>\n<td width=\"165\">\n<p align=\"center\">Paket boyutu<\/p>\n<\/td>\n<td width=\"373\">\n<p align=\"left\">158\u00d728\u00d773cm(L*W*H)<\/p>\n<\/td>\n<\/tr>\n<tr>\n<td width=\"165\">\n<p align=\"center\">Paket listesi<\/p>\n<\/td>\n<td width=\"373\">\n<p align=\"left\"><a href=\"https:\/\/www.rooderchina.com\/tr\/tag\/bike\/\" title=\"View all posts in bisiklet\" target=\"_blank\" rel=\"noopener\">Bisiklet<\/a>, \u015farj cihaz\u0131, aletler, kullan\u0131m k\u0131lavuzu<\/p>\n<\/td>\n<\/tr>\n<\/tbody>\n<\/table>\n<p><strong>Foto\u011fraflar:<\/strong><\/p>\n<\/p>\n<p>&nbsp;<\/p>","protected":false},"excerpt":{"rendered":"<h3>K\u0131sa A\u00e7\u0131klama:<\/h3>\n<p><p>Rooder Technology Co, Ltd bir elektrikli scooter \u00fcreticisi, ebike d\u00f6n\u00fc\u015f\u00fcm kitleri ve ebike alan\u0131nda 9 y\u0131ldan fazla deneyime sahiptir. A\u011f\u0131rl\u0131kl\u0131 olarak elektrikli scooter, elektrikli motosiklet ve bisiklet tedarik ediyoruz. T\u00fcm \u00fcr\u00fcnlerimiz gerekli \u00fcr\u00fcn kalitesi sertifikas\u0131n\u0131 ge\u00e7mi\u015ftir.<\/p>\n<p>M\u00fc\u015fteri gruplar\u0131m\u0131z: ebike markalar\u0131 distrib\u00fct\u00f6rleri, bisiklet ma\u011fazas\u0131, bisiklet kul\u00fcpleri, biniciler, tekerlek \u00fcreticileri, ebike fabrikas\u0131 veya bisiklet \u00fcreticileri vb. Bisiklet performans par\u00e7alar\u0131 \u00fcretiyor, toptan sat\u0131yor ve tedarik ediyoruz. Profesyonel kaynak ve teknisyen ekibi ile Rooder her zaman rekabet\u00e7i fiyatlarla kaliteli ve hizmet sunar. \u0130\u00e7tenlikle sizinle uzun vadeli i\u015f ili\u015fkileri ar\u0131yoruz!<\/p>\n<\/p>\n<p><\/p>\n<li><em>Marka: <\/em> OEM\/ODM\/ROODER<\/li>\n<li><em>Min.Sipari\u015f Miktar\u0131: <\/em> 10 Adet \/ Adet<\/li>\n<li><em>Tedarik Yetene\u011fi: <\/em> 10000 Adet \/ Adet her Ay<\/li>\n<li><em>Liman: <\/em> Shenzhen<\/li>\n<li><em>\u00d6deme Ko\u015fullar\u0131: <\/em> T\/T, L\/C, D\/A, D\/P<\/li>","protected":false},"featured_media":9815,"comment_status":"closed","ping_status":"open","template":"","meta":[],"product_brand":[],"product_cat":[574],"product_tag":[844,845,857,538,584,745,847,848],"class_list":{"0":"post-9813","1":"product","2":"type-product","3":"status-publish","4":"has-post-thumbnail","6":"product_cat-electric-bicycles","7":"product_tag-bike","8":"product_tag-cb01b","9":"product_tag-chopper-bike","10":"product_tag-electric-bike","11":"product_tag-electric-chopper-bike","12":"product_tag-rooder","13":"product_tag-rooder-bike","14":"product_tag-rooder-cb01b","16":"first","17":"instock","18":"product-type-simple"},"yoast_head":"<!-- This site is optimized with the Yoast SEO plugin v21.7 - https:\/\/yoast.com\/wordpress\/plugins\/seo\/ -->\n<title>cb01b Rooder electric chopper bike wholesale price - Electric Scooters Bikes Citycoco Manufacturer<\/title>\n<meta name=\"robots\" content=\"index, follow, max-snippet:-1, max-image-preview:large, max-video-preview:-1\" \/>\n<link rel=\"canonical\" href=\"https:\/\/www.rooderchina.com\/tr\/urun\/cb01b-rooder-electric-chopper-bike-wholesale-price\/\" \/>\n<meta property=\"og:locale\" content=\"tr_TR\" \/>\n<meta property=\"og:type\" content=\"article\" \/>\n<meta property=\"og:title\" content=\"cb01b Rooder electric chopper bike wholesale price - Electric Scooters Bikes Citycoco Manufacturer\" \/>\n<meta property=\"og:description\" content=\"Short Description: Rooder Technology Co., Ltd is a electric scooter manufacturer, more than 9 years of experience in ebike conversion kits and ebike field. We mainly supply electric scooter, electric motorcycle and bikes. All of our products have passed the certification of product quality required. Our customer groups: ebike brands distributors, bike shop, cycling clubs, riders, wheels makers, ebike factory or bike builders etc. We manufacture, wholesale and supply bicycle performance parts. With professional sourcing and technician team, Rooder always offer good quality and service with competitive price. Sincerely look for long-term business relationship with you!    Brand: OEM\/ODM\/ROODER   Min.Order Quantity: 10 Piece\/Pieces   Supply Ability: 10000 Piece\/Pieces per Month   Port: Shenzhen   Payment Terms: T\/T, L\/C, D\/A, D\/P\" \/>\n<meta property=\"og:url\" content=\"https:\/\/www.rooderchina.com\/tr\/urun\/cb01b-rooder-electric-chopper-bike-wholesale-price\/\" \/>\n<meta property=\"og:site_name\" content=\"Electric Scooters Bikes Citycoco Manufacturer\" \/>\n<meta property=\"article:publisher\" content=\"https:\/\/www.facebook.com\/rooder.tec\" \/>\n<meta property=\"article:modified_time\" content=\"2023-11-11T10:50:22+00:00\" \/>\n<meta property=\"og:image\" content=\"https:\/\/www.rooderchina.com\/wp-content\/uploads\/2023\/11\/cb01b-Rooder-electric-chopper-bike-wholesale-price-1.jpg\" \/>\n\t<meta property=\"og:image:width\" content=\"1000\" \/>\n\t<meta property=\"og:image:height\" content=\"1000\" \/>\n\t<meta property=\"og:image:type\" content=\"image\/jpeg\" \/>\n<meta name=\"twitter:card\" content=\"summary_large_image\" \/>\n<meta name=\"twitter:site\" content=\"@RooderTec\" \/>\n<meta name=\"twitter:label1\" content=\"Tahmini okuma s\u00fcresi\" \/>\n\t<meta name=\"twitter:data1\" content=\"1 dakika\" \/>\n<script type=\"application\/ld+json\" class=\"yoast-schema-graph\">{\"@context\":\"https:\/\/schema.org\",\"@graph\":[{\"@type\":\"WebPage\",\"@id\":\"https:\/\/www.rooderchina.com\/product\/cb01b-rooder-electric-chopper-bike-wholesale-price\/\",\"url\":\"https:\/\/www.rooderchina.com\/product\/cb01b-rooder-electric-chopper-bike-wholesale-price\/\",\"name\":\"cb01b Rooder electric chopper bike wholesale price - Electric Scooters Bikes Citycoco Manufacturer\",\"isPartOf\":{\"@id\":\"https:\/\/www.rooderchina.com\/#website\"},\"datePublished\":\"2023-11-11T10:49:56+00:00\",\"dateModified\":\"2023-11-11T10:50:22+00:00\",\"breadcrumb\":{\"@id\":\"https:\/\/www.rooderchina.com\/product\/cb01b-rooder-electric-chopper-bike-wholesale-price\/#breadcrumb\"},\"inLanguage\":\"tr\",\"potentialAction\":[{\"@type\":\"ReadAction\",\"target\":[\"https:\/\/www.rooderchina.com\/product\/cb01b-rooder-electric-chopper-bike-wholesale-price\/\"]}]},{\"@type\":\"BreadcrumbList\",\"@id\":\"https:\/\/www.rooderchina.com\/product\/cb01b-rooder-electric-chopper-bike-wholesale-price\/#breadcrumb\",\"itemListElement\":[{\"@type\":\"ListItem\",\"position\":1,\"name\":\"HOME\",\"item\":\"https:\/\/www.rooderchina.com\/\"},{\"@type\":\"ListItem\",\"position\":2,\"name\":\"Shop\",\"item\":\"https:\/\/www.rooderchina.com\/shop\/\"},{\"@type\":\"ListItem\",\"position\":3,\"name\":\"cb01b Rooder electric chopper bike wholesale price\"}]},{\"@type\":\"WebSite\",\"@id\":\"https:\/\/www.rooderchina.com\/#website\",\"url\":\"https:\/\/www.rooderchina.com\/\",\"name\":\"Electric Scooters Bikes Citycoco Manufacturer\",\"description\":\"Rooder Technology Limited\",\"publisher\":{\"@id\":\"https:\/\/www.rooderchina.com\/#organization\"},\"potentialAction\":[{\"@type\":\"SearchAction\",\"target\":{\"@type\":\"EntryPoint\",\"urlTemplate\":\"https:\/\/www.rooderchina.com\/?s={search_term_string}\"},\"query-input\":\"required name=search_term_string\"}],\"inLanguage\":\"tr\"},{\"@type\":\"Organization\",\"@id\":\"https:\/\/www.rooderchina.com\/#organization\",\"name\":\"Electric Scooters Bikes Citycoco Manufacturer\",\"url\":\"https:\/\/www.rooderchina.com\/\",\"logo\":{\"@type\":\"ImageObject\",\"inLanguage\":\"tr\",\"@id\":\"https:\/\/www.rooderchina.com\/#\/schema\/logo\/image\/\",\"url\":\"https:\/\/www.rooderchina.com\/wp-content\/uploads\/2023\/12\/rooder2.jpg\",\"contentUrl\":\"https:\/\/www.rooderchina.com\/wp-content\/uploads\/2023\/12\/rooder2.jpg\",\"width\":1723,\"height\":1037,\"caption\":\"Electric Scooters Bikes Citycoco Manufacturer\"},\"image\":{\"@id\":\"https:\/\/www.rooderchina.com\/#\/schema\/logo\/image\/\"},\"sameAs\":[\"https:\/\/www.facebook.com\/rooder.tec\",\"https:\/\/twitter.com\/RooderTec\"]}]}<\/script>\n<!-- \/ Yoast SEO plugin. -->","yoast_head_json":{"title":"cb01b Rooder electric chopper bike wholesale price - Electric Scooters Bikes Citycoco Manufacturer","robots":{"index":"index","follow":"follow","max-snippet":"max-snippet:-1","max-image-preview":"max-image-preview:large","max-video-preview":"max-video-preview:-1"},"canonical":"https:\/\/www.rooderchina.com\/tr\/urun\/cb01b-rooder-electric-chopper-bike-wholesale-price\/","og_locale":"tr_TR","og_type":"article","og_title":"cb01b Rooder electric chopper bike wholesale price - Electric Scooters Bikes Citycoco Manufacturer","og_description":"Short Description: Rooder Technology Co., Ltd is a electric scooter manufacturer, more than 9 years of experience in ebike conversion kits and ebike field. We mainly supply electric scooter, electric motorcycle and bikes. All of our products have passed the certification of product quality required. Our customer groups: ebike brands distributors, bike shop, cycling clubs, riders, wheels makers, ebike factory or bike builders etc. We manufacture, wholesale and supply bicycle performance parts. With professional sourcing and technician team, Rooder always offer good quality and service with competitive price. Sincerely look for long-term business relationship with you!    Brand: OEM\/ODM\/ROODER   Min.Order Quantity: 10 Piece\/Pieces   Supply Ability: 10000 Piece\/Pieces per Month   Port: Shenzhen   Payment Terms: T\/T, L\/C, D\/A, D\/P","og_url":"https:\/\/www.rooderchina.com\/tr\/urun\/cb01b-rooder-electric-chopper-bike-wholesale-price\/","og_site_name":"Electric Scooters Bikes Citycoco Manufacturer","article_publisher":"https:\/\/www.facebook.com\/rooder.tec","article_modified_time":"2023-11-11T10:50:22+00:00","og_image":[{"width":1000,"height":1000,"url":"https:\/\/www.rooderchina.com\/wp-content\/uploads\/2023\/11\/cb01b-Rooder-electric-chopper-bike-wholesale-price-1.jpg","type":"image\/jpeg"}],"twitter_card":"summary_large_image","twitter_site":"@RooderTec","twitter_misc":{"Tahmini okuma s\u00fcresi":"1 dakika"},"schema":{"@context":"https:\/\/schema.org","@graph":[{"@type":"WebPage","@id":"https:\/\/www.rooderchina.com\/product\/cb01b-rooder-electric-chopper-bike-wholesale-price\/","url":"https:\/\/www.rooderchina.com\/product\/cb01b-rooder-electric-chopper-bike-wholesale-price\/","name":"cb01b Rooder electric chopper bike wholesale price - Electric Scooters Bikes Citycoco Manufacturer","isPartOf":{"@id":"https:\/\/www.rooderchina.com\/#website"},"datePublished":"2023-11-11T10:49:56+00:00","dateModified":"2023-11-11T10:50:22+00:00","breadcrumb":{"@id":"https:\/\/www.rooderchina.com\/product\/cb01b-rooder-electric-chopper-bike-wholesale-price\/#breadcrumb"},"inLanguage":"tr","potentialAction":[{"@type":"ReadAction","target":["https:\/\/www.rooderchina.com\/product\/cb01b-rooder-electric-chopper-bike-wholesale-price\/"]}]},{"@type":"BreadcrumbList","@id":"https:\/\/www.rooderchina.com\/product\/cb01b-rooder-electric-chopper-bike-wholesale-price\/#breadcrumb","itemListElement":[{"@type":"ListItem","position":1,"name":"HOME","item":"https:\/\/www.rooderchina.com\/"},{"@type":"ListItem","position":2,"name":"Shop","item":"https:\/\/www.rooderchina.com\/shop\/"},{"@type":"ListItem","position":3,"name":"cb01b Rooder electric chopper bike wholesale price"}]},{"@type":"WebSite","@id":"https:\/\/www.rooderchina.com\/#website","url":"https:\/\/www.rooderchina.com\/","name":"Electric Scooters Bikes Citycoco Manufacturer","description":"Rooder Technology Limited","publisher":{"@id":"https:\/\/www.rooderchina.com\/#organization"},"potentialAction":[{"@type":"SearchAction","target":{"@type":"EntryPoint","urlTemplate":"https:\/\/www.rooderchina.com\/?s={search_term_string}"},"query-input":"required name=search_term_string"}],"inLanguage":"tr"},{"@type":"Organization","@id":"https:\/\/www.rooderchina.com\/#organization","name":"Electric Scooters Bikes Citycoco Manufacturer","url":"https:\/\/www.rooderchina.com\/","logo":{"@type":"ImageObject","inLanguage":"tr","@id":"https:\/\/www.rooderchina.com\/#\/schema\/logo\/image\/","url":"https:\/\/www.rooderchina.com\/wp-content\/uploads\/2023\/12\/rooder2.jpg","contentUrl":"https:\/\/www.rooderchina.com\/wp-content\/uploads\/2023\/12\/rooder2.jpg","width":1723,"height":1037,"caption":"Electric Scooters Bikes Citycoco Manufacturer"},"image":{"@id":"https:\/\/www.rooderchina.com\/#\/schema\/logo\/image\/"},"sameAs":["https:\/\/www.facebook.com\/rooder.tec","https:\/\/twitter.com\/RooderTec"]}]}},"_links":{"self":[{"href":"https:\/\/www.rooderchina.com\/tr\/wp-json\/wp\/v2\/product\/9813","targetHints":{"allow":["GET"]}}],"collection":[{"href":"https:\/\/www.rooderchina.com\/tr\/wp-json\/wp\/v2\/product"}],"about":[{"href":"https:\/\/www.rooderchina.com\/tr\/wp-json\/wp\/v2\/types\/product"}],"replies":[{"embeddable":true,"href":"https:\/\/www.rooderchina.com\/tr\/wp-json\/wp\/v2\/comments?post=9813"}],"version-history":[{"count":1,"href":"https:\/\/www.rooderchina.com\/tr\/wp-json\/wp\/v2\/product\/9813\/revisions"}],"predecessor-version":[{"id":9814,"href":"https:\/\/www.rooderchina.com\/tr\/wp-json\/wp\/v2\/product\/9813\/revisions\/9814"}],"wp:featuredmedia":[{"embeddable":true,"href":"https:\/\/www.rooderchina.com\/tr\/wp-json\/wp\/v2\/media\/9815"}],"wp:attachment":[{"href":"https:\/\/www.rooderchina.com\/tr\/wp-json\/wp\/v2\/media?parent=9813"}],"wp:term":[{"taxonomy":"product_brand","embeddable":true,"href":"https:\/\/www.rooderchina.com\/tr\/wp-json\/wp\/v2\/product_brand?post=9813"},{"taxonomy":"product_cat","embeddable":true,"href":"https:\/\/www.rooderchina.com\/tr\/wp-json\/wp\/v2\/product_cat?post=9813"},{"taxonomy":"product_tag","embeddable":true,"href":"https:\/\/www.rooderchina.com\/tr\/wp-json\/wp\/v2\/product_tag?post=9813"}],"curies":[{"name":"wp","href":"https:\/\/api.w.org\/{rel}","templated":true}]}}