{"id":9765,"date":"2023-11-11T18:49:12","date_gmt":"2023-11-11T10:49:12","guid":{"rendered":"http:\/\/www.rooderchina.com\/index.php\/product\/citycoco-chopper-electric-scooter-rooder-m1p-custom-2000w-wholesale-price\/"},"modified":"2023-11-11T18:49:12","modified_gmt":"2023-11-11T10:49:12","slug":"citycoco-chopper-electric-scooter-rooder-m1p-custom-2000w-wholesale-price","status":"publish","type":"product","link":"https:\/\/www.rooderchina.com\/tr\/urun\/citycoco-chopper-electric-scooter-rooder-m1p-custom-2000w-wholesale-price\/","title":{"rendered":"citycoco chopper elektrikli scooter Rooder m1p \u00f6zel 2000w toptan sat\u0131\u015f fiyat\u0131"},"content":{"rendered":"<p>Rooder Technology Co., Ltd. is set research and development, production, sales and service as one of the integrated high-tech enterprise, specializing in the production and operation of the <a href=\"https:\/\/www.rooderchina.com\/tr\/tag\/citycoco-chopper\/\" title=\"citycoco chopper i\u00e7indeki t\u00fcm g\u00f6nderileri g\u00f6r\u00fcnt\u00fcleyin\" target=\"_blank\" rel=\"noopener\">citycoco chopper<\/a> escooter. Major products are electric motorcycle, citycoo e<a href=\"https:\/\/www.rooderchina.com\/tr\/tag\/chopper\/\" title=\"chopper i\u00e7indeki t\u00fcm g\u00f6nderileri g\u00f6r\u00fcnt\u00fcleyin\" target=\"_blank\" rel=\"noopener\">helikopter<\/a>.<\/p>\n<p>The company has professional and technical development personnel advanced operation, has many years of experience, a large number of well-trained, skilled staff. Companies strictly enforce the ISO9001:2000 quality control system, the existing national product has covered a large area of the market at and abroad, has won recognition and praise of users from all walks of life, create a good corporate brand and high visibility, products in short supply.<\/p>\n<p>Excellent quality, honest reputation and perfect service is our unremitting pursuit of Cheng Sheng, long-term adherence to the &#8220;high quality market, good service to win customers, full efforts to create efficiency&#8221; business principles. We wish all my colleagues and sincere cooperation, create brilliant.<\/p>\n<\/p>\n<p>&nbsp;<\/p>\n<p>citycoco <a href=\"https:\/\/www.rooderchina.com\/tr\/tag\/chopper\/\" title=\"chopper i\u00e7indeki t\u00fcm g\u00f6nderileri g\u00f6r\u00fcnt\u00fcleyin\" target=\"_blank\" rel=\"noopener\">helikopter<\/a> youtube videosunu inceleyin:<\/p>\n<p><iframe loading=\"lazy\" title=\"citycoco chopper \" src=\"https:\/\/www.youtube.com\/embed\/Pn90zgkh5ew?rel=0&amp;autoplay=0\" height=\"270\" width=\"480\" allowfullscreen=\"\" frameborder=\"0\"><\/iframe><\/p>\n<p>citycoco chopper is made by Rooder factory in Shenzhen Guangdong China<\/p>\n<p><iframe loading=\"lazy\" title=\"citycoco chopper factory\" src=\"https:\/\/www.youtube.com\/embed\/uk7SKZr9NGg?rel=0&amp;autoplay=0\" height=\"270\" width=\"480\" allowfullscreen=\"\" frameborder=\"0\"><\/iframe><\/p>","protected":false},"excerpt":{"rendered":"<h3>K\u0131sa A\u00e7\u0131klama:<\/h3>\n<p><p>Citycoco Chopper, erkekler ve kad\u0131nlar i\u00e7in mevcut olan elektrikli bir scooter'd\u0131r. Scooter bir lityum bataryaya ve 45 km\/s azami h\u0131za sahiptir.<\/p>\n<p>En fazla 200 kg y\u00fck ta\u015f\u0131yabilir ve 25 dereceden fazla t\u0131rmanma kapasitesine sahiptir.<\/p>\n<p>Citycoco Chopper'\u0131n super m1, arrow m1p, runner m8, alligator m2, sara m1ps, knight m8s ve daha fazlas\u0131 dahil olmak \u00fczere farkl\u0131 modelleri mevcuttur.<\/p>\n<p>Citycoco chopper'\u0131 Rooder suppplier, WA i\u015fletme numaras\u0131ndan sat\u0131n alabilirsiniz: +8613632905138.<\/p>\n<p>Rooder Technology Limited, Shenzhen, \u00c7in'de 10 y\u0131ld\u0131r elektrikli scooter \u00fcreten bir \u015firkettir. Ayr\u0131ca elektrikli motosikletler, denge scooterlar\u0131 ve daha fazlas\u0131n\u0131 yap\u0131yorlar.<\/p>\n<p>&nbsp;<\/p>\n<\/p>\n<p><\/p>\n<li><em>Marka: <\/em> OEM\/ODM\/ROODER<\/li>\n<li><em>Min.Sipari\u015f Miktar\u0131: <\/em> 10 Adet \/ Adet<\/li>\n<li><em>Tedarik Yetene\u011fi: <\/em> 10000 Adet \/ Adet her Ay<\/li>\n<li><em>Liman: <\/em> Shenzhen<\/li>\n<li><em>\u00d6deme Ko\u015fullar\u0131: <\/em> T\/T, L\/C, D\/A, D\/P<\/li>","protected":false},"featured_media":9767,"comment_status":"closed","ping_status":"open","template":"","meta":[],"product_brand":[],"product_cat":[464],"product_tag":[750,468,487,751,843,836,841,756],"class_list":{"0":"post-9765","1":"product","2":"type-product","3":"status-publish","4":"has-post-thumbnail","6":"product_cat-citycoco-choppers","7":"product_tag-chopper","8":"product_tag-citycoco","9":"product_tag-citycoco-2000w","10":"product_tag-citycoco-chopper","11":"product_tag-citycoco-chopper-electric-scooter","12":"product_tag-citycoco-m1p","13":"product_tag-m1p-scooter","14":"product_tag-rooder-citycoco","16":"first","17":"instock","18":"product-type-simple"},"yoast_head":"<!-- This site is optimized with the Yoast SEO plugin v21.7 - https:\/\/yoast.com\/wordpress\/plugins\/seo\/ -->\n<title>citycoco chopper electric scooter Rooder m1p custom 2000w wholesale price - Electric Scooters Bikes Citycoco Manufacturer<\/title>\n<meta name=\"robots\" content=\"index, follow, max-snippet:-1, max-image-preview:large, max-video-preview:-1\" \/>\n<link rel=\"canonical\" href=\"https:\/\/www.rooderchina.com\/tr\/urun\/citycoco-chopper-electric-scooter-rooder-m1p-custom-2000w-wholesale-price\/\" \/>\n<meta property=\"og:locale\" content=\"tr_TR\" \/>\n<meta property=\"og:type\" content=\"article\" \/>\n<meta property=\"og:title\" content=\"citycoco chopper electric scooter Rooder m1p custom 2000w wholesale price - Electric Scooters Bikes Citycoco Manufacturer\" \/>\n<meta property=\"og:description\" content=\"Short Description: The Citycoco Chopper is an electric scooter that&#8217;s available for men and women. The scooter has a lithium battery and a top speed of 45 km\/h. It can carry loads of up to 200 kg and has a climbing capacity of more than 25 degrees. The Citycoco Chopper is available in different models, including the super m1, arrow m1p, runner m8, alligator m2, sara m1ps, knight m8s and more. You can buy citycoco chopper from Rooder suppplier, WA business number: +8613632905138. Rooder Technology Limited is a company in Shenzhen, China that has been making electric scooters for 10 years. They also make electric motorcycles, balance scooters, and more. &nbsp;    Brand: OEM\/ODM\/ROODER   Min.Order Quantity: 10 Piece\/Pieces   Supply Ability: 10000 Piece\/Pieces per Month   Port: Shenzhen   Payment Terms: T\/T, L\/C, D\/A, D\/P\" \/>\n<meta property=\"og:url\" content=\"https:\/\/www.rooderchina.com\/tr\/urun\/citycoco-chopper-electric-scooter-rooder-m1p-custom-2000w-wholesale-price\/\" \/>\n<meta property=\"og:site_name\" content=\"Electric Scooters Bikes Citycoco Manufacturer\" \/>\n<meta property=\"article:publisher\" content=\"https:\/\/www.facebook.com\/rooder.tec\" \/>\n<meta property=\"og:image\" content=\"https:\/\/www.rooderchina.com\/wp-content\/uploads\/2023\/11\/citycoco-chopper-electric-scooter-Rooder-m1p-custom-2000w-wholesale-price-1.jpg\" \/>\n\t<meta property=\"og:image:width\" content=\"1000\" \/>\n\t<meta property=\"og:image:height\" content=\"1000\" \/>\n\t<meta property=\"og:image:type\" content=\"image\/jpeg\" \/>\n<meta name=\"twitter:card\" content=\"summary_large_image\" \/>\n<meta name=\"twitter:site\" content=\"@RooderTec\" \/>\n<meta name=\"twitter:label1\" content=\"Tahmini okuma s\u00fcresi\" \/>\n\t<meta name=\"twitter:data1\" content=\"1 dakika\" \/>\n<script type=\"application\/ld+json\" class=\"yoast-schema-graph\">{\"@context\":\"https:\/\/schema.org\",\"@graph\":[{\"@type\":\"WebPage\",\"@id\":\"https:\/\/www.rooderchina.com\/product\/citycoco-chopper-electric-scooter-rooder-m1p-custom-2000w-wholesale-price\/\",\"url\":\"https:\/\/www.rooderchina.com\/product\/citycoco-chopper-electric-scooter-rooder-m1p-custom-2000w-wholesale-price\/\",\"name\":\"citycoco chopper electric scooter Rooder m1p custom 2000w wholesale price - Electric Scooters Bikes Citycoco Manufacturer\",\"isPartOf\":{\"@id\":\"https:\/\/www.rooderchina.com\/#website\"},\"datePublished\":\"2023-11-11T10:49:12+00:00\",\"dateModified\":\"2023-11-11T10:49:12+00:00\",\"breadcrumb\":{\"@id\":\"https:\/\/www.rooderchina.com\/product\/citycoco-chopper-electric-scooter-rooder-m1p-custom-2000w-wholesale-price\/#breadcrumb\"},\"inLanguage\":\"tr\",\"potentialAction\":[{\"@type\":\"ReadAction\",\"target\":[\"https:\/\/www.rooderchina.com\/product\/citycoco-chopper-electric-scooter-rooder-m1p-custom-2000w-wholesale-price\/\"]}]},{\"@type\":\"BreadcrumbList\",\"@id\":\"https:\/\/www.rooderchina.com\/product\/citycoco-chopper-electric-scooter-rooder-m1p-custom-2000w-wholesale-price\/#breadcrumb\",\"itemListElement\":[{\"@type\":\"ListItem\",\"position\":1,\"name\":\"HOME\",\"item\":\"https:\/\/www.rooderchina.com\/\"},{\"@type\":\"ListItem\",\"position\":2,\"name\":\"Shop\",\"item\":\"https:\/\/www.rooderchina.com\/shop\/\"},{\"@type\":\"ListItem\",\"position\":3,\"name\":\"citycoco chopper electric scooter Rooder m1p custom 2000w wholesale price\"}]},{\"@type\":\"WebSite\",\"@id\":\"https:\/\/www.rooderchina.com\/#website\",\"url\":\"https:\/\/www.rooderchina.com\/\",\"name\":\"Electric Scooters Bikes Citycoco Manufacturer\",\"description\":\"Rooder Technology Limited\",\"publisher\":{\"@id\":\"https:\/\/www.rooderchina.com\/#organization\"},\"potentialAction\":[{\"@type\":\"SearchAction\",\"target\":{\"@type\":\"EntryPoint\",\"urlTemplate\":\"https:\/\/www.rooderchina.com\/?s={search_term_string}\"},\"query-input\":\"required name=search_term_string\"}],\"inLanguage\":\"tr\"},{\"@type\":\"Organization\",\"@id\":\"https:\/\/www.rooderchina.com\/#organization\",\"name\":\"Electric Scooters Bikes Citycoco Manufacturer\",\"url\":\"https:\/\/www.rooderchina.com\/\",\"logo\":{\"@type\":\"ImageObject\",\"inLanguage\":\"tr\",\"@id\":\"https:\/\/www.rooderchina.com\/#\/schema\/logo\/image\/\",\"url\":\"https:\/\/www.rooderchina.com\/wp-content\/uploads\/2023\/12\/rooder2.jpg\",\"contentUrl\":\"https:\/\/www.rooderchina.com\/wp-content\/uploads\/2023\/12\/rooder2.jpg\",\"width\":1723,\"height\":1037,\"caption\":\"Electric Scooters Bikes Citycoco Manufacturer\"},\"image\":{\"@id\":\"https:\/\/www.rooderchina.com\/#\/schema\/logo\/image\/\"},\"sameAs\":[\"https:\/\/www.facebook.com\/rooder.tec\",\"https:\/\/twitter.com\/RooderTec\"]}]}<\/script>\n<!-- \/ Yoast SEO plugin. -->","yoast_head_json":{"title":"citycoco chopper electric scooter Rooder m1p custom 2000w wholesale price - Electric Scooters Bikes Citycoco Manufacturer","robots":{"index":"index","follow":"follow","max-snippet":"max-snippet:-1","max-image-preview":"max-image-preview:large","max-video-preview":"max-video-preview:-1"},"canonical":"https:\/\/www.rooderchina.com\/tr\/urun\/citycoco-chopper-electric-scooter-rooder-m1p-custom-2000w-wholesale-price\/","og_locale":"tr_TR","og_type":"article","og_title":"citycoco chopper electric scooter Rooder m1p custom 2000w wholesale price - Electric Scooters Bikes Citycoco Manufacturer","og_description":"Short Description: The Citycoco Chopper is an electric scooter that&#8217;s available for men and women. The scooter has a lithium battery and a top speed of 45 km\/h. It can carry loads of up to 200 kg and has a climbing capacity of more than 25 degrees. The Citycoco Chopper is available in different models, including the super m1, arrow m1p, runner m8, alligator m2, sara m1ps, knight m8s and more. You can buy citycoco chopper from Rooder suppplier, WA business number: +8613632905138. Rooder Technology Limited is a company in Shenzhen, China that has been making electric scooters for 10 years. They also make electric motorcycles, balance scooters, and more. &nbsp;    Brand: OEM\/ODM\/ROODER   Min.Order Quantity: 10 Piece\/Pieces   Supply Ability: 10000 Piece\/Pieces per Month   Port: Shenzhen   Payment Terms: T\/T, L\/C, D\/A, D\/P","og_url":"https:\/\/www.rooderchina.com\/tr\/urun\/citycoco-chopper-electric-scooter-rooder-m1p-custom-2000w-wholesale-price\/","og_site_name":"Electric Scooters Bikes Citycoco Manufacturer","article_publisher":"https:\/\/www.facebook.com\/rooder.tec","og_image":[{"width":1000,"height":1000,"url":"https:\/\/www.rooderchina.com\/wp-content\/uploads\/2023\/11\/citycoco-chopper-electric-scooter-Rooder-m1p-custom-2000w-wholesale-price-1.jpg","type":"image\/jpeg"}],"twitter_card":"summary_large_image","twitter_site":"@RooderTec","twitter_misc":{"Tahmini okuma s\u00fcresi":"1 dakika"},"schema":{"@context":"https:\/\/schema.org","@graph":[{"@type":"WebPage","@id":"https:\/\/www.rooderchina.com\/product\/citycoco-chopper-electric-scooter-rooder-m1p-custom-2000w-wholesale-price\/","url":"https:\/\/www.rooderchina.com\/product\/citycoco-chopper-electric-scooter-rooder-m1p-custom-2000w-wholesale-price\/","name":"citycoco chopper electric scooter Rooder m1p custom 2000w wholesale price - Electric Scooters Bikes Citycoco Manufacturer","isPartOf":{"@id":"https:\/\/www.rooderchina.com\/#website"},"datePublished":"2023-11-11T10:49:12+00:00","dateModified":"2023-11-11T10:49:12+00:00","breadcrumb":{"@id":"https:\/\/www.rooderchina.com\/product\/citycoco-chopper-electric-scooter-rooder-m1p-custom-2000w-wholesale-price\/#breadcrumb"},"inLanguage":"tr","potentialAction":[{"@type":"ReadAction","target":["https:\/\/www.rooderchina.com\/product\/citycoco-chopper-electric-scooter-rooder-m1p-custom-2000w-wholesale-price\/"]}]},{"@type":"BreadcrumbList","@id":"https:\/\/www.rooderchina.com\/product\/citycoco-chopper-electric-scooter-rooder-m1p-custom-2000w-wholesale-price\/#breadcrumb","itemListElement":[{"@type":"ListItem","position":1,"name":"HOME","item":"https:\/\/www.rooderchina.com\/"},{"@type":"ListItem","position":2,"name":"Shop","item":"https:\/\/www.rooderchina.com\/shop\/"},{"@type":"ListItem","position":3,"name":"citycoco chopper electric scooter Rooder m1p custom 2000w wholesale price"}]},{"@type":"WebSite","@id":"https:\/\/www.rooderchina.com\/#website","url":"https:\/\/www.rooderchina.com\/","name":"Electric Scooters Bikes Citycoco Manufacturer","description":"Rooder Technology Limited","publisher":{"@id":"https:\/\/www.rooderchina.com\/#organization"},"potentialAction":[{"@type":"SearchAction","target":{"@type":"EntryPoint","urlTemplate":"https:\/\/www.rooderchina.com\/?s={search_term_string}"},"query-input":"required name=search_term_string"}],"inLanguage":"tr"},{"@type":"Organization","@id":"https:\/\/www.rooderchina.com\/#organization","name":"Electric Scooters Bikes Citycoco Manufacturer","url":"https:\/\/www.rooderchina.com\/","logo":{"@type":"ImageObject","inLanguage":"tr","@id":"https:\/\/www.rooderchina.com\/#\/schema\/logo\/image\/","url":"https:\/\/www.rooderchina.com\/wp-content\/uploads\/2023\/12\/rooder2.jpg","contentUrl":"https:\/\/www.rooderchina.com\/wp-content\/uploads\/2023\/12\/rooder2.jpg","width":1723,"height":1037,"caption":"Electric Scooters Bikes Citycoco Manufacturer"},"image":{"@id":"https:\/\/www.rooderchina.com\/#\/schema\/logo\/image\/"},"sameAs":["https:\/\/www.facebook.com\/rooder.tec","https:\/\/twitter.com\/RooderTec"]}]}},"_links":{"self":[{"href":"https:\/\/www.rooderchina.com\/tr\/wp-json\/wp\/v2\/product\/9765","targetHints":{"allow":["GET"]}}],"collection":[{"href":"https:\/\/www.rooderchina.com\/tr\/wp-json\/wp\/v2\/product"}],"about":[{"href":"https:\/\/www.rooderchina.com\/tr\/wp-json\/wp\/v2\/types\/product"}],"replies":[{"embeddable":true,"href":"https:\/\/www.rooderchina.com\/tr\/wp-json\/wp\/v2\/comments?post=9765"}],"version-history":[{"count":1,"href":"https:\/\/www.rooderchina.com\/tr\/wp-json\/wp\/v2\/product\/9765\/revisions"}],"predecessor-version":[{"id":9766,"href":"https:\/\/www.rooderchina.com\/tr\/wp-json\/wp\/v2\/product\/9765\/revisions\/9766"}],"wp:featuredmedia":[{"embeddable":true,"href":"https:\/\/www.rooderchina.com\/tr\/wp-json\/wp\/v2\/media\/9767"}],"wp:attachment":[{"href":"https:\/\/www.rooderchina.com\/tr\/wp-json\/wp\/v2\/media?parent=9765"}],"wp:term":[{"taxonomy":"product_brand","embeddable":true,"href":"https:\/\/www.rooderchina.com\/tr\/wp-json\/wp\/v2\/product_brand?post=9765"},{"taxonomy":"product_cat","embeddable":true,"href":"https:\/\/www.rooderchina.com\/tr\/wp-json\/wp\/v2\/product_cat?post=9765"},{"taxonomy":"product_tag","embeddable":true,"href":"https:\/\/www.rooderchina.com\/tr\/wp-json\/wp\/v2\/product_tag?post=9765"}],"curies":[{"name":"wp","href":"https:\/\/api.w.org\/{rel}","templated":true}]}}