{"id":9718,"date":"2023-11-11T18:47:36","date_gmt":"2023-11-11T10:47:36","guid":{"rendered":"http:\/\/www.rooderchina.com\/index.php\/product\/eec-coc-harley-citycoco-electric-scooter-with-two-removable-battery\/"},"modified":"2023-11-20T01:47:46","modified_gmt":"2023-11-19T17:47:46","slug":"eec-coc-harley-citycoco-electric-scooter-with-two-removable-battery","status":"publish","type":"product","link":"https:\/\/www.rooderchina.com\/tr\/urun\/eec-coc-harley-citycoco-electric-scooter-with-two-removable-battery\/","title":{"rendered":"EEC &amp; COC harley citycoco iki \u00e7\u0131kar\u0131labilir bataryal\u0131 elektrikli scooter"},"content":{"rendered":"<p><span style=\"font-size: large;\">Rooder EEC &amp; COC harley citycoco elektrikli scooter, iki \u00e7\u0131kar\u0131labilir batarya ile, VIN numaras\u0131: \u2606 R36CP1000JA000001\u2606<\/span><\/p>\n<p>&nbsp;<\/p>\n<section>\n<section>\n<section>\n<article>\n<section>\n<section>\n<section>\n<article>Model: R804r-EECMotor: 1500WBatarya: 12AH veya 20 AH (\u00e7\u0131kar\u0131labilir)<\/p>\n<p>\u00d6n ve arka s\u00fcspansiyon<\/p>\n<p>LED b\u00fcy\u00fck \u0131\u015f\u0131k<\/p>\n<p>Stop lambalar\u0131 ve d\u00f6n\u00fc\u015f lambalar\u0131<\/p>\n<p>LCD saya\u00e7 ekran\u0131<\/p>\n<p>&nbsp;<\/p>\n<p>Bu yeni tasar\u0131m EEC modeline bakal\u0131m.<\/p>\n<p><iframe loading=\"lazy\" src=\"https:\/\/www.youtube.com\/embed\/PWTFxOo0i5w?rel=0\" height=\"576\" width=\"1024\" allowfullscreen=\"\" frameborder=\"0\"><\/iframe><\/p>\n<\/p>\n<section>\n<section>\n<section>\n<article>\n<section>\n<section>\n<section>\n<article>\n<section>\n<section>\n<section>\n<article><\/article>\n<article><span style=\"font-size: medium;\">EEC citycoco R804R hakk\u0131nda daha fazla detay resmi<\/span><\/article>\n<article><\/article>\n<article><\/p>\n<section>\n<section>\n<section>\n<section>\n<section>\n<section>\n<section>\n<section>\n<section>\n<section>\n<section>\n<section><\/section>\n<section><\/section>\n<section><span style=\"font-size: medium;\">\u00c7ift \u00e7\u0131kar\u0131labilir batarya tasar\u0131m\u0131na sahip tek \u00fcr\u00fcn biziz G\u00fcnl\u00fck hayat\u0131m\u0131zda muhtemelen uzun mesafeli bir yere gitmemiz gerekiyor.\u00a0<\/span><span style=\"font-size: medium;\">12 AH ak\u00fc : 35-40km\/s<\/span><\/p>\n<p><span style=\"font-size: medium;\">20 AH ak\u00fc: 55-65km\/s<\/span><\/p>\n<p><span style=\"font-size: medium;\">\u00a0Uzun mesafeli bir yere gitmek ve geri d\u00f6nmek i\u00e7in ak\u00fc g\u00fcc\u00fcn\u00fcn nas\u0131l yeterli olmad\u0131\u011f\u0131n\u0131 hayal edebiliriz?  Bazen, seyir mesafesi y\u00fck a\u011f\u0131rl\u0131\u011f\u0131 nedeniyle sapma g\u00f6sterir.<\/span><\/p>\n<p>&nbsp;<\/p>\n<\/section>\n<\/section>\n<\/section>\n<\/section>\n<\/section>\n<\/section>\n<\/section>\n<\/section>\n<\/section>\n<\/section>\n<\/section>\n<\/section>\n<\/article>\n<article>\n<section>\n<section>\n<section>\n<section>\n<section>\n<section>\n<section>\n<section>\n<section>\n<section>\n<section>\n<section><span style=\"font-size: medium;\">Paket bilgileri<\/span><\/section>\n<section><\/section>\n<section>1 adet\/karton<\/section>\n<section>karton boyutu:1850*420*870mmNW:65kg, GW:70kg0.676CBM\/adet<\/p>\n<\/p>\n<\/section>\n<\/section>\n<\/section>\n<\/section>\n<\/section>\n<\/section>\n<\/section>\n<\/section>\n<\/section>\n<\/section>\n<\/section>\n<\/section>\n<\/article>\n<\/section>\n<\/section>\n<\/section>\n<\/article>\n<\/section>\n<\/section>\n<\/section>\n<\/article>\n<\/section>\n<\/section>\n<\/section>\n<\/article>\n<\/section>\n<\/section>\n<\/section>\n<\/article>\n<\/section>\n<\/section>\n<\/section>","protected":false},"excerpt":{"rendered":"<h3>K\u0131sa A\u00e7\u0131klama:<\/h3>\n<p><p>\u00c7in'deki harley elektrikli scooter \u00fcreticisi Rooder EEC citycoco fabrikas\u0131ndan iki \u00e7\u0131kar\u0131labilir pilli EEC &amp; COC harley citycoco elektrikli scooter bulma.<\/p>\n<p>&nbsp;<\/p>\n<\/p>\n<p><\/p>\n<li><em>Marka: <\/em> OEM\/ODM\/ROODER<\/li>\n<li><em>Min.Sipari\u015f Miktar\u0131: <\/em> 10 Adet \/ Adet<\/li>\n<li><em>Tedarik Yetene\u011fi: <\/em> 10000 Adet \/ Adet her Ay<\/li>\n<li><em>Liman: <\/em> Shenzhen<\/li>\n<li><em>\u00d6deme Ko\u015fullar\u0131: <\/em> T\/T, L\/C, D\/A, D\/P<\/li>\n<li><em>Model No: <\/em> EEC-R804r<\/li>\n<li><em>Motor: <\/em> 1500W<\/li>\n<li><em>\u00c7\u0131kar\u0131labilir pil: <\/em> 12AH veya 20AH<\/li>","protected":false},"featured_media":9720,"comment_status":"closed","ping_status":"closed","template":"","meta":[],"product_brand":[],"product_cat":[464],"product_tag":[527,825,822,548,493],"class_list":{"0":"post-9718","1":"product","2":"type-product","3":"status-publish","4":"has-post-thumbnail","6":"product_cat-citycoco-choppers","7":"product_tag-citycoco-factory","8":"product_tag-coc-citycoco-harley-scooter","9":"product_tag-eec-approval-citycoco","10":"product_tag-eec-citycoco-electric-scooter","11":"product_tag-electric-harley-scooter","13":"first","14":"instock","15":"product-type-simple"},"yoast_head":"<!-- This site is optimized with the Yoast SEO plugin v21.7 - https:\/\/yoast.com\/wordpress\/plugins\/seo\/ -->\n<title>EEC &amp; COC harley citycoco electric scooter with two removable battery - Electric Scooters Bikes Citycoco Manufacturer<\/title>\n<meta name=\"robots\" content=\"index, follow, max-snippet:-1, max-image-preview:large, max-video-preview:-1\" \/>\n<link rel=\"canonical\" href=\"https:\/\/www.rooderchina.com\/tr\/urun\/eec-coc-harley-citycoco-electric-scooter-with-two-removable-battery\/\" \/>\n<meta property=\"og:locale\" content=\"tr_TR\" \/>\n<meta property=\"og:type\" content=\"article\" \/>\n<meta property=\"og:title\" content=\"EEC &amp; COC harley citycoco electric scooter with two removable battery - Electric Scooters Bikes Citycoco Manufacturer\" \/>\n<meta property=\"og:description\" content=\"Short Description: Finding\u00a0EEC &amp; COC\u00a0 harley citycoco electric scooter with two removable battery from Rooder EEC citycoco factory, harley electric scooter manufacturer\u00a0 in China. &nbsp;    Brand: OEM\/ODM\/ROODER   Min.Order Quantity: 10 Piece\/Pieces   Supply Ability: 10000 Piece\/Pieces per Month   Port: Shenzhen   Payment Terms: T\/T, L\/C, D\/A, D\/P   Model No.: EEC-R804r   Motor: 1500W   Removable battery: 12AH or 20AH\" \/>\n<meta property=\"og:url\" content=\"https:\/\/www.rooderchina.com\/tr\/urun\/eec-coc-harley-citycoco-electric-scooter-with-two-removable-battery\/\" \/>\n<meta property=\"og:site_name\" content=\"Electric Scooters Bikes Citycoco Manufacturer\" \/>\n<meta property=\"article:publisher\" content=\"https:\/\/www.facebook.com\/rooder.tec\" \/>\n<meta property=\"article:modified_time\" content=\"2023-11-19T17:47:46+00:00\" \/>\n<meta property=\"og:image\" content=\"https:\/\/www.rooderchina.com\/wp-content\/uploads\/2023\/11\/62c2cf0f.jpg\" \/>\n\t<meta property=\"og:image:width\" content=\"960\" \/>\n\t<meta property=\"og:image:height\" content=\"960\" \/>\n\t<meta property=\"og:image:type\" content=\"image\/jpeg\" \/>\n<meta name=\"twitter:card\" content=\"summary_large_image\" \/>\n<meta name=\"twitter:site\" content=\"@RooderTec\" \/>\n<meta name=\"twitter:label1\" content=\"Tahmini okuma s\u00fcresi\" \/>\n\t<meta name=\"twitter:data1\" content=\"1 dakika\" \/>\n<script type=\"application\/ld+json\" class=\"yoast-schema-graph\">{\"@context\":\"https:\/\/schema.org\",\"@graph\":[{\"@type\":\"WebPage\",\"@id\":\"https:\/\/www.rooderchina.com\/product\/eec-coc-harley-citycoco-electric-scooter-with-two-removable-battery\/\",\"url\":\"https:\/\/www.rooderchina.com\/product\/eec-coc-harley-citycoco-electric-scooter-with-two-removable-battery\/\",\"name\":\"EEC &amp; COC harley citycoco electric scooter with two removable battery - Electric Scooters Bikes Citycoco Manufacturer\",\"isPartOf\":{\"@id\":\"https:\/\/www.rooderchina.com\/#website\"},\"datePublished\":\"2023-11-11T10:47:36+00:00\",\"dateModified\":\"2023-11-19T17:47:46+00:00\",\"breadcrumb\":{\"@id\":\"https:\/\/www.rooderchina.com\/product\/eec-coc-harley-citycoco-electric-scooter-with-two-removable-battery\/#breadcrumb\"},\"inLanguage\":\"tr\",\"potentialAction\":[{\"@type\":\"ReadAction\",\"target\":[\"https:\/\/www.rooderchina.com\/product\/eec-coc-harley-citycoco-electric-scooter-with-two-removable-battery\/\"]}]},{\"@type\":\"BreadcrumbList\",\"@id\":\"https:\/\/www.rooderchina.com\/product\/eec-coc-harley-citycoco-electric-scooter-with-two-removable-battery\/#breadcrumb\",\"itemListElement\":[{\"@type\":\"ListItem\",\"position\":1,\"name\":\"HOME\",\"item\":\"https:\/\/www.rooderchina.com\/\"},{\"@type\":\"ListItem\",\"position\":2,\"name\":\"Shop\",\"item\":\"https:\/\/www.rooderchina.com\/shop\/\"},{\"@type\":\"ListItem\",\"position\":3,\"name\":\"EEC &amp; COC harley citycoco electric scooter with two removable battery\"}]},{\"@type\":\"WebSite\",\"@id\":\"https:\/\/www.rooderchina.com\/#website\",\"url\":\"https:\/\/www.rooderchina.com\/\",\"name\":\"Electric Scooters Bikes Citycoco Manufacturer\",\"description\":\"Rooder Technology Limited\",\"publisher\":{\"@id\":\"https:\/\/www.rooderchina.com\/#organization\"},\"potentialAction\":[{\"@type\":\"SearchAction\",\"target\":{\"@type\":\"EntryPoint\",\"urlTemplate\":\"https:\/\/www.rooderchina.com\/?s={search_term_string}\"},\"query-input\":\"required name=search_term_string\"}],\"inLanguage\":\"tr\"},{\"@type\":\"Organization\",\"@id\":\"https:\/\/www.rooderchina.com\/#organization\",\"name\":\"Electric Scooters Bikes Citycoco Manufacturer\",\"url\":\"https:\/\/www.rooderchina.com\/\",\"logo\":{\"@type\":\"ImageObject\",\"inLanguage\":\"tr\",\"@id\":\"https:\/\/www.rooderchina.com\/#\/schema\/logo\/image\/\",\"url\":\"https:\/\/www.rooderchina.com\/wp-content\/uploads\/2023\/12\/rooder2.jpg\",\"contentUrl\":\"https:\/\/www.rooderchina.com\/wp-content\/uploads\/2023\/12\/rooder2.jpg\",\"width\":1723,\"height\":1037,\"caption\":\"Electric Scooters Bikes Citycoco Manufacturer\"},\"image\":{\"@id\":\"https:\/\/www.rooderchina.com\/#\/schema\/logo\/image\/\"},\"sameAs\":[\"https:\/\/www.facebook.com\/rooder.tec\",\"https:\/\/twitter.com\/RooderTec\"]}]}<\/script>\n<!-- \/ Yoast SEO plugin. -->","yoast_head_json":{"title":"EEC &amp; COC harley citycoco electric scooter with two removable battery - Electric Scooters Bikes Citycoco Manufacturer","robots":{"index":"index","follow":"follow","max-snippet":"max-snippet:-1","max-image-preview":"max-image-preview:large","max-video-preview":"max-video-preview:-1"},"canonical":"https:\/\/www.rooderchina.com\/tr\/urun\/eec-coc-harley-citycoco-electric-scooter-with-two-removable-battery\/","og_locale":"tr_TR","og_type":"article","og_title":"EEC &amp; COC harley citycoco electric scooter with two removable battery - Electric Scooters Bikes Citycoco Manufacturer","og_description":"Short Description: Finding\u00a0EEC &amp; COC\u00a0 harley citycoco electric scooter with two removable battery from Rooder EEC citycoco factory, harley electric scooter manufacturer\u00a0 in China. &nbsp;    Brand: OEM\/ODM\/ROODER   Min.Order Quantity: 10 Piece\/Pieces   Supply Ability: 10000 Piece\/Pieces per Month   Port: Shenzhen   Payment Terms: T\/T, L\/C, D\/A, D\/P   Model No.: EEC-R804r   Motor: 1500W   Removable battery: 12AH or 20AH","og_url":"https:\/\/www.rooderchina.com\/tr\/urun\/eec-coc-harley-citycoco-electric-scooter-with-two-removable-battery\/","og_site_name":"Electric Scooters Bikes Citycoco Manufacturer","article_publisher":"https:\/\/www.facebook.com\/rooder.tec","article_modified_time":"2023-11-19T17:47:46+00:00","og_image":[{"width":960,"height":960,"url":"https:\/\/www.rooderchina.com\/wp-content\/uploads\/2023\/11\/62c2cf0f.jpg","type":"image\/jpeg"}],"twitter_card":"summary_large_image","twitter_site":"@RooderTec","twitter_misc":{"Tahmini okuma s\u00fcresi":"1 dakika"},"schema":{"@context":"https:\/\/schema.org","@graph":[{"@type":"WebPage","@id":"https:\/\/www.rooderchina.com\/product\/eec-coc-harley-citycoco-electric-scooter-with-two-removable-battery\/","url":"https:\/\/www.rooderchina.com\/product\/eec-coc-harley-citycoco-electric-scooter-with-two-removable-battery\/","name":"EEC &amp; COC harley citycoco electric scooter with two removable battery - Electric Scooters Bikes Citycoco Manufacturer","isPartOf":{"@id":"https:\/\/www.rooderchina.com\/#website"},"datePublished":"2023-11-11T10:47:36+00:00","dateModified":"2023-11-19T17:47:46+00:00","breadcrumb":{"@id":"https:\/\/www.rooderchina.com\/product\/eec-coc-harley-citycoco-electric-scooter-with-two-removable-battery\/#breadcrumb"},"inLanguage":"tr","potentialAction":[{"@type":"ReadAction","target":["https:\/\/www.rooderchina.com\/product\/eec-coc-harley-citycoco-electric-scooter-with-two-removable-battery\/"]}]},{"@type":"BreadcrumbList","@id":"https:\/\/www.rooderchina.com\/product\/eec-coc-harley-citycoco-electric-scooter-with-two-removable-battery\/#breadcrumb","itemListElement":[{"@type":"ListItem","position":1,"name":"HOME","item":"https:\/\/www.rooderchina.com\/"},{"@type":"ListItem","position":2,"name":"Shop","item":"https:\/\/www.rooderchina.com\/shop\/"},{"@type":"ListItem","position":3,"name":"EEC &amp; COC harley citycoco electric scooter with two removable battery"}]},{"@type":"WebSite","@id":"https:\/\/www.rooderchina.com\/#website","url":"https:\/\/www.rooderchina.com\/","name":"Electric Scooters Bikes Citycoco Manufacturer","description":"Rooder Technology Limited","publisher":{"@id":"https:\/\/www.rooderchina.com\/#organization"},"potentialAction":[{"@type":"SearchAction","target":{"@type":"EntryPoint","urlTemplate":"https:\/\/www.rooderchina.com\/?s={search_term_string}"},"query-input":"required name=search_term_string"}],"inLanguage":"tr"},{"@type":"Organization","@id":"https:\/\/www.rooderchina.com\/#organization","name":"Electric Scooters Bikes Citycoco Manufacturer","url":"https:\/\/www.rooderchina.com\/","logo":{"@type":"ImageObject","inLanguage":"tr","@id":"https:\/\/www.rooderchina.com\/#\/schema\/logo\/image\/","url":"https:\/\/www.rooderchina.com\/wp-content\/uploads\/2023\/12\/rooder2.jpg","contentUrl":"https:\/\/www.rooderchina.com\/wp-content\/uploads\/2023\/12\/rooder2.jpg","width":1723,"height":1037,"caption":"Electric Scooters Bikes Citycoco Manufacturer"},"image":{"@id":"https:\/\/www.rooderchina.com\/#\/schema\/logo\/image\/"},"sameAs":["https:\/\/www.facebook.com\/rooder.tec","https:\/\/twitter.com\/RooderTec"]}]}},"_links":{"self":[{"href":"https:\/\/www.rooderchina.com\/tr\/wp-json\/wp\/v2\/product\/9718","targetHints":{"allow":["GET"]}}],"collection":[{"href":"https:\/\/www.rooderchina.com\/tr\/wp-json\/wp\/v2\/product"}],"about":[{"href":"https:\/\/www.rooderchina.com\/tr\/wp-json\/wp\/v2\/types\/product"}],"replies":[{"embeddable":true,"href":"https:\/\/www.rooderchina.com\/tr\/wp-json\/wp\/v2\/comments?post=9718"}],"version-history":[{"count":1,"href":"https:\/\/www.rooderchina.com\/tr\/wp-json\/wp\/v2\/product\/9718\/revisions"}],"predecessor-version":[{"id":9719,"href":"https:\/\/www.rooderchina.com\/tr\/wp-json\/wp\/v2\/product\/9718\/revisions\/9719"}],"wp:featuredmedia":[{"embeddable":true,"href":"https:\/\/www.rooderchina.com\/tr\/wp-json\/wp\/v2\/media\/9720"}],"wp:attachment":[{"href":"https:\/\/www.rooderchina.com\/tr\/wp-json\/wp\/v2\/media?parent=9718"}],"wp:term":[{"taxonomy":"product_brand","embeddable":true,"href":"https:\/\/www.rooderchina.com\/tr\/wp-json\/wp\/v2\/product_brand?post=9718"},{"taxonomy":"product_cat","embeddable":true,"href":"https:\/\/www.rooderchina.com\/tr\/wp-json\/wp\/v2\/product_cat?post=9718"},{"taxonomy":"product_tag","embeddable":true,"href":"https:\/\/www.rooderchina.com\/tr\/wp-json\/wp\/v2\/product_tag?post=9718"}],"curies":[{"name":"wp","href":"https:\/\/api.w.org\/{rel}","templated":true}]}}