{"id":9704,"date":"2023-11-11T18:46:12","date_gmt":"2023-11-11T10:46:12","guid":{"rendered":"http:\/\/www.rooderchina.com\/index.php\/product\/rooder-citycoco-electric-scooter-for-adults-with-coc-approval\/"},"modified":"2023-11-20T01:43:28","modified_gmt":"2023-11-19T17:43:28","slug":"rooder-citycoco-electric-scooter-for-adults-with-coc-approval","status":"publish","type":"product","link":"https:\/\/www.rooderchina.com\/tr\/urun\/rooder-citycoco-electric-scooter-for-adults-with-coc-approval\/","title":{"rendered":"COC onayl\u0131 yeti\u015fkinler i\u00e7in Rooder citycoco elektrikli scooter"},"content":{"rendered":"<p><span style=\"font-size: large;\">COC onayl\u0131 yeti\u015fkinler i\u00e7in Rooder citycoco elektrikli scooter<\/span><\/p>\n<p>In 2018, Rooder group Shansu technology limited has our own patent citycoco,\u00a0 and passed EEC approval at the same time.<\/p>\n<p>R804r is new design based on first generation citycoco r804, it comes with double seat, 1500watt stronger motor and removable battery, 12ah and 20ah battery optional. It passed EEC standard 168\/2013 category Le1B as well as\u00a0 VIN and COC paper for register for street legal using in Europe.<\/p>\n<p><iframe loading=\"lazy\" src=\"https:\/\/www.youtube.com\/embed\/PWTFxOo0i5w?rel=0\" height=\"576\" width=\"1025\" allowfullscreen=\"\" frameborder=\"0\"><\/iframe><\/p>\n<p>&nbsp;<\/p>\n<\/p>\n<p>&nbsp;<\/p>\n<p>Finding Rooder citycoco electric scooter for adults with COC approval from China <a href=\"https:\/\/www.rooderchina.com\/tr\/tag\/coc-approval-citycoco\/\" title=\"View all posts in COC approval citycoco\" target=\"_blank\" rel=\"noopener\">COC approval citycoco<\/a> factory, professional COC approval\u00a0 citycoco supplier.<\/p><\/p>","protected":false},"excerpt":{"rendered":"<h3>K\u0131sa A\u00e7\u0131klama:<\/h3>\n<p><p>\u00c7in COC onayl\u0131 citycoco fabrikas\u0131ndan, profesyonel COC onayl\u0131 citycoco tedarik\u00e7isinden COC onayl\u0131 yeti\u015fkinler i\u00e7in Rooder citycoco elektrikli scooter bulma.<\/p>\n<\/p>\n<p><\/p>\n<li><em>Marka: <\/em> OEM\/ODM\/ROODER<\/li>\n<li><em>Min.Sipari\u015f Miktar\u0131: <\/em> 10 Adet \/ Adet<\/li>\n<li><em>Tedarik Yetene\u011fi: <\/em> 10000 Adet \/ Adet her Ay<\/li>\n<li><em>Liman: <\/em> Shenzhen<\/li>\n<li><em>\u00d6deme Ko\u015fullar\u0131: <\/em> T\/T, L\/C, D\/A, D\/P<\/li>","protected":false},"featured_media":9706,"comment_status":"closed","ping_status":"closed","template":"","meta":[],"product_brand":[],"product_cat":[464],"product_tag":[513,821,547,822,823,824],"class_list":{"0":"post-9704","1":"product","2":"type-product","3":"status-publish","4":"has-post-thumbnail","6":"product_cat-citycoco-choppers","7":"product_tag-citycoco-electric-scooter","8":"product_tag-coc-approval-citycoco","9":"product_tag-coc-citycoco-factory","10":"product_tag-eec-approval-citycoco","11":"product_tag-eec-citycoco-factory","12":"product_tag-electric-scooter-with-seat","14":"first","15":"instock","16":"product-type-simple"},"yoast_head":"<!-- This site is optimized with the Yoast SEO plugin v21.7 - https:\/\/yoast.com\/wordpress\/plugins\/seo\/ -->\n<title>Rooder citycoco electric scooter for adults with COC approval - Electric Scooters Bikes Citycoco Manufacturer<\/title>\n<meta name=\"robots\" content=\"index, follow, max-snippet:-1, max-image-preview:large, max-video-preview:-1\" \/>\n<link rel=\"canonical\" href=\"https:\/\/www.rooderchina.com\/tr\/urun\/rooder-citycoco-electric-scooter-for-adults-with-coc-approval\/\" \/>\n<meta property=\"og:locale\" content=\"tr_TR\" \/>\n<meta property=\"og:type\" content=\"article\" \/>\n<meta property=\"og:title\" content=\"Rooder citycoco electric scooter for adults with COC approval - Electric Scooters Bikes Citycoco Manufacturer\" \/>\n<meta property=\"og:description\" content=\"Short Description: Finding Rooder citycoco electric scooter for adults with COC approval from China COC approval citycoco factory, professional COC approval\u00a0 citycoco supplier.    Brand: OEM\/ODM\/ROODER   Min.Order Quantity: 10 Piece\/Pieces   Supply Ability: 10000 Piece\/Pieces per Month   Port: Shenzhen   Payment Terms: T\/T, L\/C, D\/A, D\/P\" \/>\n<meta property=\"og:url\" content=\"https:\/\/www.rooderchina.com\/tr\/urun\/rooder-citycoco-electric-scooter-for-adults-with-coc-approval\/\" \/>\n<meta property=\"og:site_name\" content=\"Electric Scooters Bikes Citycoco Manufacturer\" \/>\n<meta property=\"article:publisher\" content=\"https:\/\/www.facebook.com\/rooder.tec\" \/>\n<meta property=\"article:modified_time\" content=\"2023-11-19T17:43:28+00:00\" \/>\n<meta property=\"og:image\" content=\"https:\/\/www.rooderchina.com\/wp-content\/uploads\/2023\/11\/62c2cf0f1.jpg\" \/>\n\t<meta property=\"og:image:width\" content=\"960\" \/>\n\t<meta property=\"og:image:height\" content=\"960\" \/>\n\t<meta property=\"og:image:type\" content=\"image\/jpeg\" \/>\n<meta name=\"twitter:card\" content=\"summary_large_image\" \/>\n<meta name=\"twitter:site\" content=\"@RooderTec\" \/>\n<meta name=\"twitter:label1\" content=\"Tahmini okuma s\u00fcresi\" \/>\n\t<meta name=\"twitter:data1\" content=\"1 dakika\" \/>\n<script type=\"application\/ld+json\" class=\"yoast-schema-graph\">{\"@context\":\"https:\/\/schema.org\",\"@graph\":[{\"@type\":\"WebPage\",\"@id\":\"https:\/\/www.rooderchina.com\/uk\/product\/rooder-citycoco-electric-scooter-for-adults-with-coc-approval\/\",\"url\":\"https:\/\/www.rooderchina.com\/uk\/product\/rooder-citycoco-electric-scooter-for-adults-with-coc-approval\/\",\"name\":\"Rooder citycoco electric scooter for adults with COC approval - Electric Scooters Bikes Citycoco Manufacturer\",\"isPartOf\":{\"@id\":\"https:\/\/www.rooderchina.com\/#website\"},\"datePublished\":\"2023-11-11T10:46:12+00:00\",\"dateModified\":\"2023-11-19T17:43:28+00:00\",\"breadcrumb\":{\"@id\":\"https:\/\/www.rooderchina.com\/uk\/product\/rooder-citycoco-electric-scooter-for-adults-with-coc-approval\/#breadcrumb\"},\"inLanguage\":\"tr\",\"potentialAction\":[{\"@type\":\"ReadAction\",\"target\":[\"https:\/\/www.rooderchina.com\/uk\/product\/rooder-citycoco-electric-scooter-for-adults-with-coc-approval\/\"]}]},{\"@type\":\"BreadcrumbList\",\"@id\":\"https:\/\/www.rooderchina.com\/uk\/product\/rooder-citycoco-electric-scooter-for-adults-with-coc-approval\/#breadcrumb\",\"itemListElement\":[{\"@type\":\"ListItem\",\"position\":1,\"name\":\"HOME\",\"item\":\"https:\/\/www.rooderchina.com\/\"},{\"@type\":\"ListItem\",\"position\":2,\"name\":\"Shop\",\"item\":\"https:\/\/www.rooderchina.com\/shop\/\"},{\"@type\":\"ListItem\",\"position\":3,\"name\":\"Rooder citycoco electric scooter for adults with COC approval\"}]},{\"@type\":\"WebSite\",\"@id\":\"https:\/\/www.rooderchina.com\/#website\",\"url\":\"https:\/\/www.rooderchina.com\/\",\"name\":\"Electric Scooters Bikes Citycoco Manufacturer\",\"description\":\"Rooder Technology Limited\",\"publisher\":{\"@id\":\"https:\/\/www.rooderchina.com\/#organization\"},\"potentialAction\":[{\"@type\":\"SearchAction\",\"target\":{\"@type\":\"EntryPoint\",\"urlTemplate\":\"https:\/\/www.rooderchina.com\/?s={search_term_string}\"},\"query-input\":\"required name=search_term_string\"}],\"inLanguage\":\"tr\"},{\"@type\":\"Organization\",\"@id\":\"https:\/\/www.rooderchina.com\/#organization\",\"name\":\"Electric Scooters Bikes Citycoco Manufacturer\",\"url\":\"https:\/\/www.rooderchina.com\/\",\"logo\":{\"@type\":\"ImageObject\",\"inLanguage\":\"tr\",\"@id\":\"https:\/\/www.rooderchina.com\/#\/schema\/logo\/image\/\",\"url\":\"https:\/\/www.rooderchina.com\/wp-content\/uploads\/2023\/12\/rooder2.jpg\",\"contentUrl\":\"https:\/\/www.rooderchina.com\/wp-content\/uploads\/2023\/12\/rooder2.jpg\",\"width\":1723,\"height\":1037,\"caption\":\"Electric Scooters Bikes Citycoco Manufacturer\"},\"image\":{\"@id\":\"https:\/\/www.rooderchina.com\/#\/schema\/logo\/image\/\"},\"sameAs\":[\"https:\/\/www.facebook.com\/rooder.tec\",\"https:\/\/twitter.com\/RooderTec\"]}]}<\/script>\n<!-- \/ Yoast SEO plugin. -->","yoast_head_json":{"title":"Rooder citycoco electric scooter for adults with COC approval - Electric Scooters Bikes Citycoco Manufacturer","robots":{"index":"index","follow":"follow","max-snippet":"max-snippet:-1","max-image-preview":"max-image-preview:large","max-video-preview":"max-video-preview:-1"},"canonical":"https:\/\/www.rooderchina.com\/tr\/urun\/rooder-citycoco-electric-scooter-for-adults-with-coc-approval\/","og_locale":"tr_TR","og_type":"article","og_title":"Rooder citycoco electric scooter for adults with COC approval - Electric Scooters Bikes Citycoco Manufacturer","og_description":"Short Description: Finding Rooder citycoco electric scooter for adults with COC approval from China COC approval citycoco factory, professional COC approval\u00a0 citycoco supplier.    Brand: OEM\/ODM\/ROODER   Min.Order Quantity: 10 Piece\/Pieces   Supply Ability: 10000 Piece\/Pieces per Month   Port: Shenzhen   Payment Terms: T\/T, L\/C, D\/A, D\/P","og_url":"https:\/\/www.rooderchina.com\/tr\/urun\/rooder-citycoco-electric-scooter-for-adults-with-coc-approval\/","og_site_name":"Electric Scooters Bikes Citycoco Manufacturer","article_publisher":"https:\/\/www.facebook.com\/rooder.tec","article_modified_time":"2023-11-19T17:43:28+00:00","og_image":[{"width":960,"height":960,"url":"https:\/\/www.rooderchina.com\/wp-content\/uploads\/2023\/11\/62c2cf0f1.jpg","type":"image\/jpeg"}],"twitter_card":"summary_large_image","twitter_site":"@RooderTec","twitter_misc":{"Tahmini okuma s\u00fcresi":"1 dakika"},"schema":{"@context":"https:\/\/schema.org","@graph":[{"@type":"WebPage","@id":"https:\/\/www.rooderchina.com\/uk\/product\/rooder-citycoco-electric-scooter-for-adults-with-coc-approval\/","url":"https:\/\/www.rooderchina.com\/uk\/product\/rooder-citycoco-electric-scooter-for-adults-with-coc-approval\/","name":"Rooder citycoco electric scooter for adults with COC approval - Electric Scooters Bikes Citycoco Manufacturer","isPartOf":{"@id":"https:\/\/www.rooderchina.com\/#website"},"datePublished":"2023-11-11T10:46:12+00:00","dateModified":"2023-11-19T17:43:28+00:00","breadcrumb":{"@id":"https:\/\/www.rooderchina.com\/uk\/product\/rooder-citycoco-electric-scooter-for-adults-with-coc-approval\/#breadcrumb"},"inLanguage":"tr","potentialAction":[{"@type":"ReadAction","target":["https:\/\/www.rooderchina.com\/uk\/product\/rooder-citycoco-electric-scooter-for-adults-with-coc-approval\/"]}]},{"@type":"BreadcrumbList","@id":"https:\/\/www.rooderchina.com\/uk\/product\/rooder-citycoco-electric-scooter-for-adults-with-coc-approval\/#breadcrumb","itemListElement":[{"@type":"ListItem","position":1,"name":"HOME","item":"https:\/\/www.rooderchina.com\/"},{"@type":"ListItem","position":2,"name":"Shop","item":"https:\/\/www.rooderchina.com\/shop\/"},{"@type":"ListItem","position":3,"name":"Rooder citycoco electric scooter for adults with COC approval"}]},{"@type":"WebSite","@id":"https:\/\/www.rooderchina.com\/#website","url":"https:\/\/www.rooderchina.com\/","name":"Electric Scooters Bikes Citycoco Manufacturer","description":"Rooder Technology Limited","publisher":{"@id":"https:\/\/www.rooderchina.com\/#organization"},"potentialAction":[{"@type":"SearchAction","target":{"@type":"EntryPoint","urlTemplate":"https:\/\/www.rooderchina.com\/?s={search_term_string}"},"query-input":"required name=search_term_string"}],"inLanguage":"tr"},{"@type":"Organization","@id":"https:\/\/www.rooderchina.com\/#organization","name":"Electric Scooters Bikes Citycoco Manufacturer","url":"https:\/\/www.rooderchina.com\/","logo":{"@type":"ImageObject","inLanguage":"tr","@id":"https:\/\/www.rooderchina.com\/#\/schema\/logo\/image\/","url":"https:\/\/www.rooderchina.com\/wp-content\/uploads\/2023\/12\/rooder2.jpg","contentUrl":"https:\/\/www.rooderchina.com\/wp-content\/uploads\/2023\/12\/rooder2.jpg","width":1723,"height":1037,"caption":"Electric Scooters Bikes Citycoco Manufacturer"},"image":{"@id":"https:\/\/www.rooderchina.com\/#\/schema\/logo\/image\/"},"sameAs":["https:\/\/www.facebook.com\/rooder.tec","https:\/\/twitter.com\/RooderTec"]}]}},"_links":{"self":[{"href":"https:\/\/www.rooderchina.com\/tr\/wp-json\/wp\/v2\/product\/9704","targetHints":{"allow":["GET"]}}],"collection":[{"href":"https:\/\/www.rooderchina.com\/tr\/wp-json\/wp\/v2\/product"}],"about":[{"href":"https:\/\/www.rooderchina.com\/tr\/wp-json\/wp\/v2\/types\/product"}],"replies":[{"embeddable":true,"href":"https:\/\/www.rooderchina.com\/tr\/wp-json\/wp\/v2\/comments?post=9704"}],"version-history":[{"count":1,"href":"https:\/\/www.rooderchina.com\/tr\/wp-json\/wp\/v2\/product\/9704\/revisions"}],"predecessor-version":[{"id":9705,"href":"https:\/\/www.rooderchina.com\/tr\/wp-json\/wp\/v2\/product\/9704\/revisions\/9705"}],"wp:featuredmedia":[{"embeddable":true,"href":"https:\/\/www.rooderchina.com\/tr\/wp-json\/wp\/v2\/media\/9706"}],"wp:attachment":[{"href":"https:\/\/www.rooderchina.com\/tr\/wp-json\/wp\/v2\/media?parent=9704"}],"wp:term":[{"taxonomy":"product_brand","embeddable":true,"href":"https:\/\/www.rooderchina.com\/tr\/wp-json\/wp\/v2\/product_brand?post=9704"},{"taxonomy":"product_cat","embeddable":true,"href":"https:\/\/www.rooderchina.com\/tr\/wp-json\/wp\/v2\/product_cat?post=9704"},{"taxonomy":"product_tag","embeddable":true,"href":"https:\/\/www.rooderchina.com\/tr\/wp-json\/wp\/v2\/product_tag?post=9704"}],"curies":[{"name":"wp","href":"https:\/\/api.w.org\/{rel}","templated":true}]}}