{"id":9689,"date":"2023-11-11T18:46:12","date_gmt":"2023-11-11T10:46:12","guid":{"rendered":"http:\/\/www.rooderchina.com\/index.php\/product\/newest-big-wheel-citycoco-electric-scooter-with-seat-for-adult\/"},"modified":"2023-11-11T18:46:12","modified_gmt":"2023-11-11T10:46:12","slug":"newest-big-wheel-citycoco-electric-scooter-with-seat-for-adult","status":"publish","type":"product","link":"https:\/\/www.rooderchina.com\/tr\/urun\/newest-big-wheel-citycoco-electric-scooter-with-seat-for-adult\/","title":{"rendered":"Yeti\u015fkinler i\u00e7in koltuklu yeni B\u00fcy\u00fck tekerlekli citycoco elektrikli scooter"},"content":{"rendered":"<p><span style=\"font-size: large;\">Yeti\u015fkinler i\u00e7in koltuklu yeni B\u00fcy\u00fck tekerlekli citycoco elektrikli scooter<\/span><\/p>\n<p>Rooder Group, fabrikas\u0131 citycoco, denge scooter ve kick scooter'a odaklanan 5 y\u0131ld\u0131r elektrikli scooter end\u00fcstrisindedir.  D\u00fcnyan\u0131n her yerine y\u00fcksek kaliteli elektrikli scooter ihra\u00e7 etmekte ve birlikte \u00e7ok iyi bir \u00fcn kazanmaktad\u0131r. Rooder markas\u0131 y\u00fcksek kalite ve iyi hizmeti temsil etmektedir.<\/p>\n<p>&nbsp;<\/p>\n<p>\u015eimdi bu m\u00fckemmel citycoco elektrikli scooter'a bakal\u0131m<\/p>\n<p><iframe loading=\"lazy\" src=\"https:\/\/www.youtube.com\/embed\/Oip0Y3Z9gk8?rel=0\" height=\"550\" width=\"1025\" allowfullscreen=\"\" frameborder=\"0\"><\/iframe><\/p>\n<p>Model:r804o<br \/>\nUzunluk: 1756mm*750mm*50mm<br \/>\nLastik ebad\u0131: 18\u00d79,5 in\u00e7<br \/>\nfren modu : Disk fren<br \/>\nMaksimum t\u0131rman\u0131\u015f : 18 derece<br \/>\nMaksimum tork : 95N\/M<br \/>\nMaksimum kilometre : 35-40KM<br \/>\nMaksimum h\u0131z: 50km\/s<br \/>\nMaksimum y\u00fck : 200kg<br \/>\n\u00c7\u0131kar\u0131labilir pil: 60V12AH lityum pil<br \/>\n\u015earj s\u00fcresi: 6 saat<br \/>\nMotor g\u00fcc\u00fc: 2000W<br \/>\n\u00d6n \u015fok s\u00fcspansiyon: evet<br \/>\nArka \u015fok s\u00fcspansiyon: evet<br \/>\nEvet.<br \/>\nArka d\u00f6n\u00fc\u015f \u0131\u015f\u0131klar\u0131: evet<br \/>\nDur \u0131\u015f\u0131\u011f\u0131: evet<br \/>\nLED ekran: evet<br \/>\n\u00e7ift ki\u015filik koltuk: evet<br \/>\nUSB portlu telefon tutucu: evet<br \/>\narka kutu: evet<br \/>\nmotosiklet ses hoparl\u00f6r\u00fc: evet<br \/>\n\u00f6n yan lambalar: evet<br \/>\narazi lasti\u011fi: evet<br \/>\naynalar: evet\n       <\/p>\n<\/p>\n<p><span style=\"font-size: large;\">Ambalaj bilgileri<\/span><\/p>\n<p>&nbsp;<\/p>\n<p>1 adet\/karton<\/p>\n<p>karton boyutu: 1850*420*870mm<\/p>\n<p>NW:65kg, GW:70kg<\/p>\n<p>0,676CBM\/pc<\/p>\n<p>&nbsp;<\/p>\n<p>Konteyner sipari\u015fi:<\/p>\n<p>20GP'de 43 adet<\/p>\n<p>40GP'de 92 adet<\/p>\n<p>40HC'de 104 adet<\/p>\n<\/p>\n<p>&nbsp;<\/p>","protected":false},"excerpt":{"rendered":"<h3>K\u0131sa A\u00e7\u0131klama:<\/h3>\n<p><p>Rooder citycoco scooter fabrikas\u0131ndan, b\u00fcy\u00fck tekerlekli elektrikli scooter tedarik\u00e7isinden, t\u00fcm d\u00fcnyaya citycoco ihra\u00e7 eden yeti\u015fkinler i\u00e7in koltuklu Yeni B\u00fcy\u00fck tekerlekli citycoco elektrikli scooter bulma.<\/p>\n<\/p>\n<p><\/p>\n<li><em>Marka: <\/em> OEM\/ODM\/ROODER<\/li>\n<li><em>Min.Sipari\u015f Miktar\u0131: <\/em> 10 Adet \/ Adet<\/li>\n<li><em>Tedarik Yetene\u011fi: <\/em> 10000 Adet \/ Adet her Ay<\/li>\n<li><em>Liman: <\/em> Shenzhen<\/li>\n<li><em>\u00d6deme Ko\u015fullar\u0131: <\/em> T\/T, L\/C, D\/A, D\/P<\/li>\n<li><em>Model: <\/em> R804o<\/li>","protected":false},"featured_media":9691,"comment_status":"closed","ping_status":"open","template":"","meta":[],"product_brand":[],"product_cat":[464],"product_tag":[820],"class_list":{"0":"post-9689","1":"product","2":"type-product","3":"status-publish","4":"has-post-thumbnail","6":"product_cat-citycoco-choppers","7":"product_tag-big-wheel-electric-scootercitycoco-1500wcitycoco-electric-scootercitycoco-harleycitycoco-scootercoc-approval-citycocococ-citycoco-factory","9":"first","10":"instock","11":"product-type-simple"},"yoast_head":"<!-- This site is optimized with the Yoast SEO plugin v21.7 - https:\/\/yoast.com\/wordpress\/plugins\/seo\/ -->\n<title>Newest Big wheel citycoco electric scooter with seat for adult - Electric Scooters Bikes Citycoco Manufacturer<\/title>\n<meta name=\"robots\" content=\"index, follow, max-snippet:-1, max-image-preview:large, max-video-preview:-1\" \/>\n<link rel=\"canonical\" href=\"https:\/\/www.rooderchina.com\/tr\/urun\/newest-big-wheel-citycoco-electric-scooter-with-seat-for-adult\/\" \/>\n<meta property=\"og:locale\" content=\"tr_TR\" \/>\n<meta property=\"og:type\" content=\"article\" \/>\n<meta property=\"og:title\" content=\"Newest Big wheel citycoco electric scooter with seat for adult - Electric Scooters Bikes Citycoco Manufacturer\" \/>\n<meta property=\"og:description\" content=\"Short Description: Finding\u00a0Newest Big wheel citycoco electric scooter with seat for adult from Rooder citycoco scooter factory, big wheel electric scooter supplier, exporting citycoco all\u00a0 around the world.    Brand: OEM\/ODM\/ROODER   Min.Order Quantity: 10 Piece\/Pieces   Supply Ability: 10000 Piece\/Pieces per Month   Port: Shenzhen   Payment Terms: T\/T, L\/C, D\/A, D\/P   Model: R804o\" \/>\n<meta property=\"og:url\" content=\"https:\/\/www.rooderchina.com\/tr\/urun\/newest-big-wheel-citycoco-electric-scooter-with-seat-for-adult\/\" \/>\n<meta property=\"og:site_name\" content=\"Electric Scooters Bikes Citycoco Manufacturer\" \/>\n<meta property=\"article:publisher\" content=\"https:\/\/www.facebook.com\/rooder.tec\" \/>\n<meta property=\"og:image\" content=\"https:\/\/www.rooderchina.com\/wp-content\/uploads\/2023\/11\/c7a1cbaa.jpg\" \/>\n\t<meta property=\"og:image:width\" content=\"1025\" \/>\n\t<meta property=\"og:image:height\" content=\"1025\" \/>\n\t<meta property=\"og:image:type\" content=\"image\/jpeg\" \/>\n<meta name=\"twitter:card\" content=\"summary_large_image\" \/>\n<meta name=\"twitter:site\" content=\"@RooderTec\" \/>\n<meta name=\"twitter:label1\" content=\"Tahmini okuma s\u00fcresi\" \/>\n\t<meta name=\"twitter:data1\" content=\"1 dakika\" \/>\n<script type=\"application\/ld+json\" class=\"yoast-schema-graph\">{\"@context\":\"https:\/\/schema.org\",\"@graph\":[{\"@type\":\"WebPage\",\"@id\":\"https:\/\/www.rooderchina.com\/product\/newest-big-wheel-citycoco-electric-scooter-with-seat-for-adult\/\",\"url\":\"https:\/\/www.rooderchina.com\/product\/newest-big-wheel-citycoco-electric-scooter-with-seat-for-adult\/\",\"name\":\"Newest Big wheel citycoco electric scooter with seat for adult - Electric Scooters Bikes Citycoco Manufacturer\",\"isPartOf\":{\"@id\":\"https:\/\/www.rooderchina.com\/#website\"},\"datePublished\":\"2023-11-11T10:46:12+00:00\",\"dateModified\":\"2023-11-11T10:46:12+00:00\",\"breadcrumb\":{\"@id\":\"https:\/\/www.rooderchina.com\/product\/newest-big-wheel-citycoco-electric-scooter-with-seat-for-adult\/#breadcrumb\"},\"inLanguage\":\"tr\",\"potentialAction\":[{\"@type\":\"ReadAction\",\"target\":[\"https:\/\/www.rooderchina.com\/product\/newest-big-wheel-citycoco-electric-scooter-with-seat-for-adult\/\"]}]},{\"@type\":\"BreadcrumbList\",\"@id\":\"https:\/\/www.rooderchina.com\/product\/newest-big-wheel-citycoco-electric-scooter-with-seat-for-adult\/#breadcrumb\",\"itemListElement\":[{\"@type\":\"ListItem\",\"position\":1,\"name\":\"HOME\",\"item\":\"https:\/\/www.rooderchina.com\/\"},{\"@type\":\"ListItem\",\"position\":2,\"name\":\"Shop\",\"item\":\"https:\/\/www.rooderchina.com\/shop\/\"},{\"@type\":\"ListItem\",\"position\":3,\"name\":\"Newest Big wheel citycoco electric scooter with seat for adult\"}]},{\"@type\":\"WebSite\",\"@id\":\"https:\/\/www.rooderchina.com\/#website\",\"url\":\"https:\/\/www.rooderchina.com\/\",\"name\":\"Electric Scooters Bikes Citycoco Manufacturer\",\"description\":\"Rooder Technology Limited\",\"publisher\":{\"@id\":\"https:\/\/www.rooderchina.com\/#organization\"},\"potentialAction\":[{\"@type\":\"SearchAction\",\"target\":{\"@type\":\"EntryPoint\",\"urlTemplate\":\"https:\/\/www.rooderchina.com\/?s={search_term_string}\"},\"query-input\":\"required name=search_term_string\"}],\"inLanguage\":\"tr\"},{\"@type\":\"Organization\",\"@id\":\"https:\/\/www.rooderchina.com\/#organization\",\"name\":\"Electric Scooters Bikes Citycoco Manufacturer\",\"url\":\"https:\/\/www.rooderchina.com\/\",\"logo\":{\"@type\":\"ImageObject\",\"inLanguage\":\"tr\",\"@id\":\"https:\/\/www.rooderchina.com\/#\/schema\/logo\/image\/\",\"url\":\"https:\/\/www.rooderchina.com\/wp-content\/uploads\/2023\/12\/rooder2.jpg\",\"contentUrl\":\"https:\/\/www.rooderchina.com\/wp-content\/uploads\/2023\/12\/rooder2.jpg\",\"width\":1723,\"height\":1037,\"caption\":\"Electric Scooters Bikes Citycoco Manufacturer\"},\"image\":{\"@id\":\"https:\/\/www.rooderchina.com\/#\/schema\/logo\/image\/\"},\"sameAs\":[\"https:\/\/www.facebook.com\/rooder.tec\",\"https:\/\/twitter.com\/RooderTec\"]}]}<\/script>\n<!-- \/ Yoast SEO plugin. -->","yoast_head_json":{"title":"Newest Big wheel citycoco electric scooter with seat for adult - Electric Scooters Bikes Citycoco Manufacturer","robots":{"index":"index","follow":"follow","max-snippet":"max-snippet:-1","max-image-preview":"max-image-preview:large","max-video-preview":"max-video-preview:-1"},"canonical":"https:\/\/www.rooderchina.com\/tr\/urun\/newest-big-wheel-citycoco-electric-scooter-with-seat-for-adult\/","og_locale":"tr_TR","og_type":"article","og_title":"Newest Big wheel citycoco electric scooter with seat for adult - Electric Scooters Bikes Citycoco Manufacturer","og_description":"Short Description: Finding\u00a0Newest Big wheel citycoco electric scooter with seat for adult from Rooder citycoco scooter factory, big wheel electric scooter supplier, exporting citycoco all\u00a0 around the world.    Brand: OEM\/ODM\/ROODER   Min.Order Quantity: 10 Piece\/Pieces   Supply Ability: 10000 Piece\/Pieces per Month   Port: Shenzhen   Payment Terms: T\/T, L\/C, D\/A, D\/P   Model: R804o","og_url":"https:\/\/www.rooderchina.com\/tr\/urun\/newest-big-wheel-citycoco-electric-scooter-with-seat-for-adult\/","og_site_name":"Electric Scooters Bikes Citycoco Manufacturer","article_publisher":"https:\/\/www.facebook.com\/rooder.tec","og_image":[{"width":1025,"height":1025,"url":"https:\/\/www.rooderchina.com\/wp-content\/uploads\/2023\/11\/c7a1cbaa.jpg","type":"image\/jpeg"}],"twitter_card":"summary_large_image","twitter_site":"@RooderTec","twitter_misc":{"Tahmini okuma s\u00fcresi":"1 dakika"},"schema":{"@context":"https:\/\/schema.org","@graph":[{"@type":"WebPage","@id":"https:\/\/www.rooderchina.com\/product\/newest-big-wheel-citycoco-electric-scooter-with-seat-for-adult\/","url":"https:\/\/www.rooderchina.com\/product\/newest-big-wheel-citycoco-electric-scooter-with-seat-for-adult\/","name":"Newest Big wheel citycoco electric scooter with seat for adult - Electric Scooters Bikes Citycoco Manufacturer","isPartOf":{"@id":"https:\/\/www.rooderchina.com\/#website"},"datePublished":"2023-11-11T10:46:12+00:00","dateModified":"2023-11-11T10:46:12+00:00","breadcrumb":{"@id":"https:\/\/www.rooderchina.com\/product\/newest-big-wheel-citycoco-electric-scooter-with-seat-for-adult\/#breadcrumb"},"inLanguage":"tr","potentialAction":[{"@type":"ReadAction","target":["https:\/\/www.rooderchina.com\/product\/newest-big-wheel-citycoco-electric-scooter-with-seat-for-adult\/"]}]},{"@type":"BreadcrumbList","@id":"https:\/\/www.rooderchina.com\/product\/newest-big-wheel-citycoco-electric-scooter-with-seat-for-adult\/#breadcrumb","itemListElement":[{"@type":"ListItem","position":1,"name":"HOME","item":"https:\/\/www.rooderchina.com\/"},{"@type":"ListItem","position":2,"name":"Shop","item":"https:\/\/www.rooderchina.com\/shop\/"},{"@type":"ListItem","position":3,"name":"Newest Big wheel citycoco electric scooter with seat for adult"}]},{"@type":"WebSite","@id":"https:\/\/www.rooderchina.com\/#website","url":"https:\/\/www.rooderchina.com\/","name":"Electric Scooters Bikes Citycoco Manufacturer","description":"Rooder Technology Limited","publisher":{"@id":"https:\/\/www.rooderchina.com\/#organization"},"potentialAction":[{"@type":"SearchAction","target":{"@type":"EntryPoint","urlTemplate":"https:\/\/www.rooderchina.com\/?s={search_term_string}"},"query-input":"required name=search_term_string"}],"inLanguage":"tr"},{"@type":"Organization","@id":"https:\/\/www.rooderchina.com\/#organization","name":"Electric Scooters Bikes Citycoco Manufacturer","url":"https:\/\/www.rooderchina.com\/","logo":{"@type":"ImageObject","inLanguage":"tr","@id":"https:\/\/www.rooderchina.com\/#\/schema\/logo\/image\/","url":"https:\/\/www.rooderchina.com\/wp-content\/uploads\/2023\/12\/rooder2.jpg","contentUrl":"https:\/\/www.rooderchina.com\/wp-content\/uploads\/2023\/12\/rooder2.jpg","width":1723,"height":1037,"caption":"Electric Scooters Bikes Citycoco Manufacturer"},"image":{"@id":"https:\/\/www.rooderchina.com\/#\/schema\/logo\/image\/"},"sameAs":["https:\/\/www.facebook.com\/rooder.tec","https:\/\/twitter.com\/RooderTec"]}]}},"_links":{"self":[{"href":"https:\/\/www.rooderchina.com\/tr\/wp-json\/wp\/v2\/product\/9689","targetHints":{"allow":["GET"]}}],"collection":[{"href":"https:\/\/www.rooderchina.com\/tr\/wp-json\/wp\/v2\/product"}],"about":[{"href":"https:\/\/www.rooderchina.com\/tr\/wp-json\/wp\/v2\/types\/product"}],"replies":[{"embeddable":true,"href":"https:\/\/www.rooderchina.com\/tr\/wp-json\/wp\/v2\/comments?post=9689"}],"version-history":[{"count":1,"href":"https:\/\/www.rooderchina.com\/tr\/wp-json\/wp\/v2\/product\/9689\/revisions"}],"predecessor-version":[{"id":9690,"href":"https:\/\/www.rooderchina.com\/tr\/wp-json\/wp\/v2\/product\/9689\/revisions\/9690"}],"wp:featuredmedia":[{"embeddable":true,"href":"https:\/\/www.rooderchina.com\/tr\/wp-json\/wp\/v2\/media\/9691"}],"wp:attachment":[{"href":"https:\/\/www.rooderchina.com\/tr\/wp-json\/wp\/v2\/media?parent=9689"}],"wp:term":[{"taxonomy":"product_brand","embeddable":true,"href":"https:\/\/www.rooderchina.com\/tr\/wp-json\/wp\/v2\/product_brand?post=9689"},{"taxonomy":"product_cat","embeddable":true,"href":"https:\/\/www.rooderchina.com\/tr\/wp-json\/wp\/v2\/product_cat?post=9689"},{"taxonomy":"product_tag","embeddable":true,"href":"https:\/\/www.rooderchina.com\/tr\/wp-json\/wp\/v2\/product_tag?post=9689"}],"curies":[{"name":"wp","href":"https:\/\/api.w.org\/{rel}","templated":true}]}}