{"id":9545,"date":"2023-11-11T18:40:50","date_gmt":"2023-11-11T10:40:50","guid":{"rendered":"http:\/\/www.rooderchina.com\/index.php\/product\/elektroroller-harley-scooter-citycoco-elektroscooter-coc-eec-rooder\/"},"modified":"2023-11-11T18:40:50","modified_gmt":"2023-11-11T10:40:50","slug":"elektroroller-harley-scooter-citycoco-elektroscooter-coc-eec-rooder","status":"publish","type":"product","link":"https:\/\/www.rooderchina.com\/tr\/urun\/elektroroller-harley-scooter-citycoco-elektroscooter-coc-eec-rooder\/","title":{"rendered":"Elektroroller Harley Scooter Citycoco Elektroscooter COC EEC ROODER"},"content":{"rendered":"<p><a href=\"https:\/\/www.rooderchina.com\/tr\/tag\/elektroroller\/\" title=\"Elektroroller i\u00e7indeki t\u00fcm g\u00f6nderileri g\u00f6r\u00fcnt\u00fcleyin\" target=\"_blank\" rel=\"noopener\">Elektroroller<\/a> Harley Scooter <a href=\"https:\/\/www.rooderchina.com\/tr\/tag\/citycoco\/\" title=\"Citycoco i\u00e7indeki t\u00fcm g\u00f6nderileri g\u00f6r\u00fcnt\u00fcleyin\" target=\"_blank\" rel=\"noopener\">Citycoco<\/a> Elektroscooter COC EEC ROODER<\/p>\n<p><span style=\"color: #ff0000;\"><strong>1.we are EU warehouse reseller supplier.<\/strong><\/span><\/p>\n<p>Dutch address:<\/p>\n<p>MFR Warehousing<br \/>\nEssebaan 43\/45, 2908 LJ<br \/>\nCapelle Aan Den Ijssel<\/p>\n<p>Rotterdam\u00a0Netherlands<\/p>\n<p>Contact Name: Gavin Lee<\/p>\n<p>Contact Number: 0031***<\/p>\n<p>Whatsapp: 008613632905138<\/p>\n<p>&nbsp;<\/p>\n<p><strong><span style=\"color: #ff0000;\">2.Our Youtube channel (unboxing, testing, design, factory, material, after-sales service, warranty&#8230;)<\/span><\/strong><\/p>\n<p><a title=\"citycoco youtube\" href=\"https:\/\/www.youtube.com\/user\/rooder2010\" target=\"_blank\" rel=\"noopener\">https:\/\/www.youtube.com\/user\/rooder2010<\/a><\/p>\n<p>Please Subscribe and Like us.\u00a0Rooder\u00a0Live Show Schedule.<\/p>\n<p>&nbsp;<\/p>\n<p>The following product Rooder mangosteen r804-m8 is certified COC (Certificate of Conformity),2000W EEC electric roller, is the latest and most fashionable design this\u00a0year, the electric roller, which we have LED headlights and flashlights, fashionable LED display design, CNC aluminium design, aluminium fork, front 12 inch aluminium\u00a0alloy rim, front and rear hydraulic disc brake, colorful design for customer choice.\u00a0The Rooder roller is approved by the EEC, each Citycoco roller has a COC certificate. And can drive road traffic in Europe, 2000W aluminum wheel powerful brushless\u00a0engine, comfortable large seat.\u00a060V 20A or 30ah lithium exchanger removable battery, long running power for the drive, battery box with stronger cover, more safety and longevity. 4A quick charger, 4-5 hours can be fully charged.<\/p>\n<p>If you need an electric roller to go to work, go to shopping, go to the beach or take a trip, this two-wheel electric roller is your best choice!<\/p>\n<p>We have warehouse in Holland and Germany, Min order 1 piece, fast shipping to Europe Union Countries such as Netherlands, Belgium, Germany, France, United Kingdom,\u00a0Monaco, Italy, Spain, Ireland, Denmark, Sweden, Finland, Greece, Lithuania, Latvia, Portugal, Estonia, Croatia, Romania, Hungary and so on.<\/p>\n<p>&nbsp;<\/p>\n<p>Description<\/p>\n<p>Model: r804-m8<br \/>\nLastik boyutu: 18 in\u00e7<br \/>\nfren modu : Disk fren<br \/>\nMaksimum t\u0131rman\u0131\u015f : 30 derece<br \/>\nMaksimum tork : 95N\/M<br \/>\nMaksimum kilometre : 50KM<br \/>\nMaksimum h\u0131z: 45km\/s<br \/>\nMaksimum y\u00fck : 200kg<br \/>\n\u00c7\u0131kar\u0131labilir pil: 60V20AH lityum pil<br \/>\n\u015earj s\u00fcresi: 5 saat<br \/>\nMotor g\u00fcc\u00fc: 2000W<br \/>\nEvet.<br \/>\n\u00d6n \u015fok s\u00fcspansiyon: evet<br \/>\nArka \u015fok s\u00fcspansiyon: evet<br \/>\nEvet.<br \/>\n\u00d6n led \u0131\u015f\u0131k: evet<br \/>\n\u00d6n d\u00f6n\u00fc\u015f \u0131\u015f\u0131klar\u0131: evet<br \/>\nArka d\u00f6n\u00fc\u015f \u0131\u015f\u0131klar\u0131: evet<br \/>\nDur \u0131\u015f\u0131\u011f\u0131: evet<br \/>\nLCD ekran: evet<br \/>\nNW: 72KG GW: 82KG<br \/>\nPaket boyutu: 180*38*77cm<\/p>\n<p>Option: 3000w.<\/p>\n<p>more details, please check our youtube channel:<\/p>\n<p data-spm-anchor-id=\"a2700.wholesale.pronpeci14.i0.1d2775e8mQVU4q\"><a title=\"Rooder citycoco\" href=\"https:\/\/www.youtube.com\/watch?v=q041U4dO3yo \" target=\"_blank\" rel=\"noopener\">https:\/\/www.youtube.com\/watch?v=q041U4dO3yo\u00a0<\/a><\/p>\n<p data-spm-anchor-id=\"a2700.wholesale.pronpeci14.i0.1d2775e8mQVU4q\">\n<p><iframe loading=\"lazy\" src=\"https:\/\/www.youtube.com\/embed\/q041U4dO3yo?rel=0&amp;autoplay=0\" height=\"318\" width=\"385\" allowfullscreen=\"\" frameborder=\"0\"><\/iframe><\/p>","protected":false},"excerpt":{"rendered":"<h3>K\u0131sa A\u00e7\u0131klama:<\/h3>\n<p><p>Rooder grubu kendi patentimiz olan citycoco'ya sahiptir ve ayn\u0131 zamanda EEC onay\u0131n\u0131 ge\u00e7mi\u015ftir.<\/p>\n<p>Rooder citycoco elektrikli scooter R804-m8, birinci nesil citycoco r804'e dayanan yeni bir tasar\u0131md\u0131r, tek koltuk, daha g\u00fc\u00e7l\u00fc motor ve \u00e7\u0131kar\u0131labilir pil, iste\u011fe ba\u011fl\u0131 12ah ve 20ah pil ile birlikte gelir. EEC standard\u0131 168\/2013 kategorisi Le1B'nin yan\u0131 s\u0131ra Avrupa'da sokakta yasal kullan\u0131m i\u00e7in kay\u0131t i\u00e7in VIN ve COC belgesini ge\u00e7ti. Hollanda ve Almanya'da depomuz var, Min sipari\u015f 1 adet, Hollanda, Bel\u00e7ika, Almanya, Fransa, Birle\u015fik Krall\u0131k gibi Avrupa Birli\u011fi \u00dclkelerine h\u0131zl\u0131 sevkiyat,<br \/>\nMonako, \u0130talya, \u0130spanya, \u0130rlanda, Danimarka, \u0130sve\u00e7, Finlandiya, Yunanistan, Litvanya, Letonya, Portekiz, Estonya, H\u0131rvatistan, Romanya, Macaristan vb.<\/p>\n<\/p>\n<p><\/p>\n<li><em>Marka: <\/em> OEM\/ODM\/ROODER<\/li>\n<li><em>Min.Sipari\u015f Miktar\u0131: <\/em> 10 Adet \/ Adet<\/li>\n<li><em>Tedarik Yetene\u011fi: <\/em> 10000 Adet \/ Adet her Ay<\/li>\n<li><em>Liman: <\/em> Shenzhen<\/li>\n<li><em>\u00d6deme Ko\u015fullar\u0131: <\/em> T\/T, L\/C, D\/A, D\/P<\/li>","protected":false},"featured_media":9547,"comment_status":"closed","ping_status":"open","template":"","meta":[],"product_brand":[],"product_cat":[464],"product_tag":[468,765,766,767,768,769,508,770],"class_list":{"0":"post-9545","1":"product","2":"type-product","3":"status-publish","4":"has-post-thumbnail","6":"product_cat-citycoco-choppers","7":"product_tag-citycoco","8":"product_tag-citycoco-coc","9":"product_tag-citycoco-coc-eec","10":"product_tag-citycoco-eec","11":"product_tag-elektroroller","12":"product_tag-elektroscooter","13":"product_tag-harley","14":"product_tag-harley-scooter","16":"first","17":"instock","18":"product-type-simple"},"yoast_head":"<!-- This site is optimized with the Yoast SEO plugin v21.7 - https:\/\/yoast.com\/wordpress\/plugins\/seo\/ -->\n<title>Elektroroller Harley Scooter Citycoco Elektroscooter COC EEC ROODER - Electric Scooters Bikes Citycoco Manufacturer<\/title>\n<meta name=\"robots\" content=\"index, follow, max-snippet:-1, max-image-preview:large, max-video-preview:-1\" \/>\n<link rel=\"canonical\" href=\"https:\/\/www.rooderchina.com\/tr\/urun\/elektroroller-harley-scooter-citycoco-elektroscooter-coc-eec-rooder\/\" \/>\n<meta property=\"og:locale\" content=\"tr_TR\" \/>\n<meta property=\"og:type\" content=\"article\" \/>\n<meta property=\"og:title\" content=\"Elektroroller Harley Scooter Citycoco Elektroscooter COC EEC ROODER - Electric Scooters Bikes Citycoco Manufacturer\" \/>\n<meta property=\"og:description\" content=\"Short Description: Rooder group has our own patent citycoco,\u00a0 and passed EEC approval at the same time. Rooder citycoco electric scooter R804-m8 is new design based on first generation citycoco r804, it comes with\u00a0single\u00a0seat, stronger motor and removable battery, 12ah and 20ah battery optional. It passed EEC standard 168\/2013 category Le1B as well as VIN and COC paper for register for street legal using in Europe. We have warehouse in Holland and Germany, Min order 1 piece, fast shipping to Europe Union Countries such as\u00a0Netherlands, Belgium, Germany, France, United Kingdom, Monaco, Italy, Spain, Ireland, Denmark, Sweden, Finland, Greece, Lithuania, Latvia, Portugal, Estonia, Croatia, Romania, Hungary and so on.    Brand: OEM\/ODM\/ROODER   Min.Order Quantity: 10 Piece\/Pieces   Supply Ability: 10000 Piece\/Pieces per Month   Port: Shenzhen   Payment Terms: T\/T, L\/C, D\/A, D\/P\" \/>\n<meta property=\"og:url\" content=\"https:\/\/www.rooderchina.com\/tr\/urun\/elektroroller-harley-scooter-citycoco-elektroscooter-coc-eec-rooder\/\" \/>\n<meta property=\"og:site_name\" content=\"Electric Scooters Bikes Citycoco Manufacturer\" \/>\n<meta property=\"article:publisher\" content=\"https:\/\/www.facebook.com\/rooder.tec\" \/>\n<meta property=\"og:image\" content=\"https:\/\/www.rooderchina.com\/wp-content\/uploads\/2023\/11\/9d3e868c.jpg\" \/>\n\t<meta property=\"og:image:width\" content=\"750\" \/>\n\t<meta property=\"og:image:height\" content=\"750\" \/>\n\t<meta property=\"og:image:type\" content=\"image\/jpeg\" \/>\n<meta name=\"twitter:card\" content=\"summary_large_image\" \/>\n<meta name=\"twitter:site\" content=\"@RooderTec\" \/>\n<meta name=\"twitter:label1\" content=\"Tahmini okuma s\u00fcresi\" \/>\n\t<meta name=\"twitter:data1\" content=\"2 dakika\" \/>\n<script type=\"application\/ld+json\" class=\"yoast-schema-graph\">{\"@context\":\"https:\/\/schema.org\",\"@graph\":[{\"@type\":\"WebPage\",\"@id\":\"https:\/\/www.rooderchina.com\/product\/elektroroller-harley-scooter-citycoco-elektroscooter-coc-eec-rooder\/\",\"url\":\"https:\/\/www.rooderchina.com\/product\/elektroroller-harley-scooter-citycoco-elektroscooter-coc-eec-rooder\/\",\"name\":\"Elektroroller Harley Scooter Citycoco Elektroscooter COC EEC ROODER - Electric Scooters Bikes Citycoco Manufacturer\",\"isPartOf\":{\"@id\":\"https:\/\/www.rooderchina.com\/#website\"},\"datePublished\":\"2023-11-11T10:40:50+00:00\",\"dateModified\":\"2023-11-11T10:40:50+00:00\",\"breadcrumb\":{\"@id\":\"https:\/\/www.rooderchina.com\/product\/elektroroller-harley-scooter-citycoco-elektroscooter-coc-eec-rooder\/#breadcrumb\"},\"inLanguage\":\"tr\",\"potentialAction\":[{\"@type\":\"ReadAction\",\"target\":[\"https:\/\/www.rooderchina.com\/product\/elektroroller-harley-scooter-citycoco-elektroscooter-coc-eec-rooder\/\"]}]},{\"@type\":\"BreadcrumbList\",\"@id\":\"https:\/\/www.rooderchina.com\/product\/elektroroller-harley-scooter-citycoco-elektroscooter-coc-eec-rooder\/#breadcrumb\",\"itemListElement\":[{\"@type\":\"ListItem\",\"position\":1,\"name\":\"HOME\",\"item\":\"https:\/\/www.rooderchina.com\/\"},{\"@type\":\"ListItem\",\"position\":2,\"name\":\"Shop\",\"item\":\"https:\/\/www.rooderchina.com\/shop\/\"},{\"@type\":\"ListItem\",\"position\":3,\"name\":\"Elektroroller Harley Scooter Citycoco Elektroscooter COC EEC ROODER\"}]},{\"@type\":\"WebSite\",\"@id\":\"https:\/\/www.rooderchina.com\/#website\",\"url\":\"https:\/\/www.rooderchina.com\/\",\"name\":\"Electric Scooters Bikes Citycoco Manufacturer\",\"description\":\"Rooder Technology Limited\",\"publisher\":{\"@id\":\"https:\/\/www.rooderchina.com\/#organization\"},\"potentialAction\":[{\"@type\":\"SearchAction\",\"target\":{\"@type\":\"EntryPoint\",\"urlTemplate\":\"https:\/\/www.rooderchina.com\/?s={search_term_string}\"},\"query-input\":\"required name=search_term_string\"}],\"inLanguage\":\"tr\"},{\"@type\":\"Organization\",\"@id\":\"https:\/\/www.rooderchina.com\/#organization\",\"name\":\"Electric Scooters Bikes Citycoco Manufacturer\",\"url\":\"https:\/\/www.rooderchina.com\/\",\"logo\":{\"@type\":\"ImageObject\",\"inLanguage\":\"tr\",\"@id\":\"https:\/\/www.rooderchina.com\/#\/schema\/logo\/image\/\",\"url\":\"https:\/\/www.rooderchina.com\/wp-content\/uploads\/2023\/12\/rooder2.jpg\",\"contentUrl\":\"https:\/\/www.rooderchina.com\/wp-content\/uploads\/2023\/12\/rooder2.jpg\",\"width\":1723,\"height\":1037,\"caption\":\"Electric Scooters Bikes Citycoco Manufacturer\"},\"image\":{\"@id\":\"https:\/\/www.rooderchina.com\/#\/schema\/logo\/image\/\"},\"sameAs\":[\"https:\/\/www.facebook.com\/rooder.tec\",\"https:\/\/twitter.com\/RooderTec\"]}]}<\/script>\n<!-- \/ Yoast SEO plugin. -->","yoast_head_json":{"title":"Elektroroller Harley Scooter Citycoco Elektroscooter COC EEC ROODER - Electric Scooters Bikes Citycoco Manufacturer","robots":{"index":"index","follow":"follow","max-snippet":"max-snippet:-1","max-image-preview":"max-image-preview:large","max-video-preview":"max-video-preview:-1"},"canonical":"https:\/\/www.rooderchina.com\/tr\/urun\/elektroroller-harley-scooter-citycoco-elektroscooter-coc-eec-rooder\/","og_locale":"tr_TR","og_type":"article","og_title":"Elektroroller Harley Scooter Citycoco Elektroscooter COC EEC ROODER - Electric Scooters Bikes Citycoco Manufacturer","og_description":"Short Description: Rooder group has our own patent citycoco,\u00a0 and passed EEC approval at the same time. Rooder citycoco electric scooter R804-m8 is new design based on first generation citycoco r804, it comes with\u00a0single\u00a0seat, stronger motor and removable battery, 12ah and 20ah battery optional. It passed EEC standard 168\/2013 category Le1B as well as VIN and COC paper for register for street legal using in Europe. We have warehouse in Holland and Germany, Min order 1 piece, fast shipping to Europe Union Countries such as\u00a0Netherlands, Belgium, Germany, France, United Kingdom, Monaco, Italy, Spain, Ireland, Denmark, Sweden, Finland, Greece, Lithuania, Latvia, Portugal, Estonia, Croatia, Romania, Hungary and so on.    Brand: OEM\/ODM\/ROODER   Min.Order Quantity: 10 Piece\/Pieces   Supply Ability: 10000 Piece\/Pieces per Month   Port: Shenzhen   Payment Terms: T\/T, L\/C, D\/A, D\/P","og_url":"https:\/\/www.rooderchina.com\/tr\/urun\/elektroroller-harley-scooter-citycoco-elektroscooter-coc-eec-rooder\/","og_site_name":"Electric Scooters Bikes Citycoco Manufacturer","article_publisher":"https:\/\/www.facebook.com\/rooder.tec","og_image":[{"width":750,"height":750,"url":"https:\/\/www.rooderchina.com\/wp-content\/uploads\/2023\/11\/9d3e868c.jpg","type":"image\/jpeg"}],"twitter_card":"summary_large_image","twitter_site":"@RooderTec","twitter_misc":{"Tahmini okuma s\u00fcresi":"2 dakika"},"schema":{"@context":"https:\/\/schema.org","@graph":[{"@type":"WebPage","@id":"https:\/\/www.rooderchina.com\/product\/elektroroller-harley-scooter-citycoco-elektroscooter-coc-eec-rooder\/","url":"https:\/\/www.rooderchina.com\/product\/elektroroller-harley-scooter-citycoco-elektroscooter-coc-eec-rooder\/","name":"Elektroroller Harley Scooter Citycoco Elektroscooter COC EEC ROODER - Electric Scooters Bikes Citycoco Manufacturer","isPartOf":{"@id":"https:\/\/www.rooderchina.com\/#website"},"datePublished":"2023-11-11T10:40:50+00:00","dateModified":"2023-11-11T10:40:50+00:00","breadcrumb":{"@id":"https:\/\/www.rooderchina.com\/product\/elektroroller-harley-scooter-citycoco-elektroscooter-coc-eec-rooder\/#breadcrumb"},"inLanguage":"tr","potentialAction":[{"@type":"ReadAction","target":["https:\/\/www.rooderchina.com\/product\/elektroroller-harley-scooter-citycoco-elektroscooter-coc-eec-rooder\/"]}]},{"@type":"BreadcrumbList","@id":"https:\/\/www.rooderchina.com\/product\/elektroroller-harley-scooter-citycoco-elektroscooter-coc-eec-rooder\/#breadcrumb","itemListElement":[{"@type":"ListItem","position":1,"name":"HOME","item":"https:\/\/www.rooderchina.com\/"},{"@type":"ListItem","position":2,"name":"Shop","item":"https:\/\/www.rooderchina.com\/shop\/"},{"@type":"ListItem","position":3,"name":"Elektroroller Harley Scooter Citycoco Elektroscooter COC EEC ROODER"}]},{"@type":"WebSite","@id":"https:\/\/www.rooderchina.com\/#website","url":"https:\/\/www.rooderchina.com\/","name":"Electric Scooters Bikes Citycoco Manufacturer","description":"Rooder Technology Limited","publisher":{"@id":"https:\/\/www.rooderchina.com\/#organization"},"potentialAction":[{"@type":"SearchAction","target":{"@type":"EntryPoint","urlTemplate":"https:\/\/www.rooderchina.com\/?s={search_term_string}"},"query-input":"required name=search_term_string"}],"inLanguage":"tr"},{"@type":"Organization","@id":"https:\/\/www.rooderchina.com\/#organization","name":"Electric Scooters Bikes Citycoco Manufacturer","url":"https:\/\/www.rooderchina.com\/","logo":{"@type":"ImageObject","inLanguage":"tr","@id":"https:\/\/www.rooderchina.com\/#\/schema\/logo\/image\/","url":"https:\/\/www.rooderchina.com\/wp-content\/uploads\/2023\/12\/rooder2.jpg","contentUrl":"https:\/\/www.rooderchina.com\/wp-content\/uploads\/2023\/12\/rooder2.jpg","width":1723,"height":1037,"caption":"Electric Scooters Bikes Citycoco Manufacturer"},"image":{"@id":"https:\/\/www.rooderchina.com\/#\/schema\/logo\/image\/"},"sameAs":["https:\/\/www.facebook.com\/rooder.tec","https:\/\/twitter.com\/RooderTec"]}]}},"_links":{"self":[{"href":"https:\/\/www.rooderchina.com\/tr\/wp-json\/wp\/v2\/product\/9545","targetHints":{"allow":["GET"]}}],"collection":[{"href":"https:\/\/www.rooderchina.com\/tr\/wp-json\/wp\/v2\/product"}],"about":[{"href":"https:\/\/www.rooderchina.com\/tr\/wp-json\/wp\/v2\/types\/product"}],"replies":[{"embeddable":true,"href":"https:\/\/www.rooderchina.com\/tr\/wp-json\/wp\/v2\/comments?post=9545"}],"version-history":[{"count":1,"href":"https:\/\/www.rooderchina.com\/tr\/wp-json\/wp\/v2\/product\/9545\/revisions"}],"predecessor-version":[{"id":9546,"href":"https:\/\/www.rooderchina.com\/tr\/wp-json\/wp\/v2\/product\/9545\/revisions\/9546"}],"wp:featuredmedia":[{"embeddable":true,"href":"https:\/\/www.rooderchina.com\/tr\/wp-json\/wp\/v2\/media\/9547"}],"wp:attachment":[{"href":"https:\/\/www.rooderchina.com\/tr\/wp-json\/wp\/v2\/media?parent=9545"}],"wp:term":[{"taxonomy":"product_brand","embeddable":true,"href":"https:\/\/www.rooderchina.com\/tr\/wp-json\/wp\/v2\/product_brand?post=9545"},{"taxonomy":"product_cat","embeddable":true,"href":"https:\/\/www.rooderchina.com\/tr\/wp-json\/wp\/v2\/product_cat?post=9545"},{"taxonomy":"product_tag","embeddable":true,"href":"https:\/\/www.rooderchina.com\/tr\/wp-json\/wp\/v2\/product_tag?post=9545"}],"curies":[{"name":"wp","href":"https:\/\/api.w.org\/{rel}","templated":true}]}}