{"id":9533,"date":"2023-11-11T18:37:46","date_gmt":"2023-11-11T10:37:46","guid":{"rendered":"http:\/\/www.rooderchina.com\/index.php\/product\/elektroroller-chopper-elektro-roller-e-harley-roller-e-chopper-e-scooter-rooder-3000w-eec-coc\/"},"modified":"2023-11-11T18:39:10","modified_gmt":"2023-11-11T10:39:10","slug":"elektroroller-chopper-elektro-roller-e-harley-roller-e-chopper-e-scooter-rooder-3000w-eec-coc","status":"publish","type":"product","link":"https:\/\/www.rooderchina.com\/tr\/urun\/elektroroller-chopper-elektro-roller-e-harley-roller-e-chopper-e-scooter-rooder-3000w-eec-coc\/","title":{"rendered":"elektroroller chopper Elektro Roller E Harley Roller E chopper E Scooter Rooder 3000W EEC COC"},"content":{"rendered":"<p><a href=\"https:\/\/www.rooderchina.com\/tr\/tag\/elektroroller-chopper\/\" title=\"View all posts in elektroroller chopper\" target=\"_blank\" rel=\"noopener\">elektroroller chopper<\/a> <a href=\"https:\/\/www.rooderchina.com\/tr\/tag\/elektro-roller\/\" title=\"View all posts in Elektro Roller\" target=\"_blank\" rel=\"noopener\">Elektro Silindir<\/a> E Harley Roller <a href=\"https:\/\/www.rooderchina.com\/tr\/tag\/e-chopper\/\" title=\"View all posts in E chopper\" target=\"_blank\" rel=\"noopener\">E chopper<\/a> E Scooter Rooder 3000W EEC COC<\/p>\n<p>Model: r804i3<br \/>\nMax Speed:45km\/h<br \/>\nRange (per charge):40-100 km<br \/>\nMotor :2000W 3000W brushless Motor<br \/>\nWheel Size:12 inch<br \/>\nBattery: 60V 20AH,60V28AH,60V45AH<br \/>\nremovable Lithium Battery<br \/>\nCharging Time: 4-5 hours<br \/>\nLight:head light,turn lights,brake light,rear light<br \/>\nSuspension : front&amp;rear<\/p>\n<\/p>\n<p>&nbsp;<\/p>\n<p>we can send these citycoco\u00a0golf scooter to all over the world from China, Min order 5-10pcs.<\/p>\n<p>we also have warehouses in Netherland, we can ship citycoco golf scooter,\u00a0<a title=\"citycoco chopper i\u00e7indeki t\u00fcm g\u00f6nderileri g\u00f6r\u00fcnt\u00fcleyin\" href=\"https:\/\/www.roodergroup.com\/tag\/citycoco-chopper\/\" target=\"_blank\" rel=\"noopener\">citycoco chopper<\/a>, electric scooter, vespa scooter, kick scooter and electric motorcycle from our warehouse (Jona international transport B.V ) directly, min order 1 piece to any countries of Europe, 3-8 day after payment.<\/p>\n<p>&nbsp;<\/p>\n<p>we have a pickup option available, after payment, we can make an appointment, and then you can collect the\u00a0<a title=\"citycoco chopper i\u00e7indeki t\u00fcm g\u00f6nderileri g\u00f6r\u00fcnt\u00fcleyin\" href=\"https:\/\/www.roodergroup.com\/tag\/citycoco-chopper\/\" target=\"_blank\" rel=\"noopener\">citycoco chopper<\/a>, electric scooter and electric motorcycle by yourself or by third party shipping logistics company.<\/p>\n<p>Navigation: Estron warehouse DC4, Gate 47.<\/p>\n<p>complete address:<br \/>\n<a title=\"View all posts in Jona International Transport B.V.\" href=\"https:\/\/www.roodergroup.com\/tag\/jona-international-transport-b-v\/\" target=\"_blank\" rel=\"noopener\">Jona International Transport B.V.<\/a><br \/>\nWolgaweg 3,<br \/>\nEuropoort Rotterdam 3198LR,<br \/>\nNetherlands.<br \/>\nNavigation: Estron warehouse DC4, Gate 47.<\/p>\n<p><strong>more dutch warehouse of Rooder Runner electric scooter.<\/strong><\/p>\n<p>2)<br \/>\n<a title=\"View all posts in Roadjet Logistics.B.V.\" href=\"https:\/\/www.roodergroup.com\/tag\/roadjet-logistics-b-v\/\" target=\"_blank\" rel=\"noopener\">Roadjet Logistics.B.V.<\/a><br \/>\nSluisjesdijk 119<br \/>\n3087<br \/>\nAE Rotterdam<\/p>\n<p>3)<br \/>\n<a title=\"View all posts in MFR Warehousing\" href=\"https:\/\/www.roodergroup.com\/tag\/mfr-warehousing\/\" target=\"_blank\" rel=\"noopener\">MFR Warehousing<\/a><br \/>\nEssebaan 43\/45, 2908 LJ<br \/>\nCapelle Aan Den Ijssel<br \/>\nRotterdam Netherlands<\/p>\n<p>4)<br \/>\n<a title=\"View all posts in DVR Warehousing BV\" href=\"https:\/\/www.roodergroup.com\/tag\/dvr-warehousing-bv\/\" target=\"_blank\" rel=\"noopener\">DVR Warehousing BV<\/a><br \/>\nWolgaweg 7<br \/>\n3198LR<br \/>\nEuropoort-Rotterdam<br \/>\nNetherlands<\/p>\n<p>&nbsp;<\/p>\n<p>\u015eirket bilgileri:<\/p>\n<p>Rooder Group has been in electric scooter industry for 10 years, which is factory focus on citycoco, electric motorcycle, eletirc chopper, balanc<a title=\"View all posts in e scooter\" href=\"https:\/\/www.roodergroup.com\/tag\/e-scooter\/\" target=\"_blank\" rel=\"noopener\">e scooter<\/a>, and kick scooter. It has been exporting high quality electric scooter to all over the world, together earning a lot of good reputation. Rooder brand is representing high quality and good service.<\/p>\n<p>Our website is : https:\/\/www.RooderGroup.com OR https:\/\/www.RooderChina.com<\/p>\n<p>Servis:<br \/>\n1. OEM \u0130malat ho\u015f geldiniz: \u00dcr\u00fcn, Paket...<br \/>\n2. \u00d6rnek sipari\u015f Avrupa stoklar\u0131ndan veya \u00c7in'den temin edilebilir<br \/>\n3. Sorunuz i\u00e7in size 24 saat i\u00e7inde cevap verece\u011fiz.<\/p>\n<p>Garanti:<\/p>\n<p>12 ay.<\/p>\n<p>citycoco spare parts available:<\/p>\n<p>Citycoco Accessories, Citycoco scooter accessories, citycoco fenders, citycoco battery, citycoco charger, citycoco motor, citycoco engine, citycoco spare parts, citycoco led light, citycoco speedometer, citycoco battery replacement, citycoco inginition, citycoco controller, citycoco lights, citycoco lamp, citycoco seat, citycoco throttle, citycoco kick stand, citycoco converter, citycoco tire, citycoco <a href=\"https:\/\/www.rooderchina.com\/tr\/tag\/rooder\/\" title=\"View all posts in rooder\" target=\"_blank\" rel=\"noopener\">rooder<\/a>, citycoco chopper, citycoco cruiser, citycoco scooter,\u00a0elektrische chopper.<\/p>\n<p>SSS:<\/p>\n<p>S1: Siz \u00fcretici misiniz?<br \/>\nA1: Biz do\u011frudan \u00fcreticiyiz ve ayr\u0131ca OEM ve ODM sa\u011fl\u0131yoruz.<\/p>\n<p>S2: Minimum Sipari\u015f Miktar\u0131 (MOQ) nedir?<br \/>\nA2: Miktar s\u0131n\u0131rlamas\u0131 yoktur, \u00d6rnek sipari\u015f veya k\u00fc\u00e7\u00fck sipari\u015f kabul edilebilir.<\/p>\n<p>S3: Teslim s\u00fcresi nedir? (Mallar\u0131m\u0131 haz\u0131rlamak ne kadar s\u00fcrer?)<br \/>\nA3: \u00d6rnek sipari\u015fler i\u00e7in 2-3 g\u00fcn, toplu sipari\u015fler i\u00e7in 5-10 g\u00fcn (Kesin s\u00fcre gereksinimlere g\u00f6re belirlenecektir)<\/p>\n<p>S4: \u00dcr\u00fcnlerimi bana nas\u0131l teslim edeceksiniz?<br \/>\nA4: Normalde, mallar\u0131 hava, deniz ve DHL, Fedes, UPS, TNT gibi farkl\u0131 m\u00fc\u015fterilerin ihtiya\u00e7lar\u0131na g\u00f6re ekspres olarak g\u00f6nderece\u011fiz.<\/p>\n<p>S5: \u00dcr\u00fcnlerimi almak i\u00e7in ne kadar beklemem gerekecek?<br \/>\nA5: Hava ekspres yoluyla 3-7 g\u00fcn, hava yoluyla 5-10 g\u00fcn, deniz yoluyla 20-35 g\u00fcn.<\/p>\n<p>S6: \u00dcr\u00fcnlerin \u00fczerine kendi logomu basabilir misiniz?<br \/>\nA6: Evet, elbette. Sadece logo de\u011fil, ayn\u0131 zamanda ambalaj tasar\u0131m\u0131 ve di\u011fer OEM hizmetleri de mevcuttur.<\/p>\n<p>S7: \u00dcr\u00fcn kaliteniz nedir?<br \/>\nA7: Hammaddelerimizin tamam\u0131 nitelikli tedarik\u00e7ilerden sat\u0131n al\u0131nmaktad\u0131r. Ve nihai \u00fcr\u00fcnlerimizin gereksinimlerinizi kar\u015f\u0131lad\u0131\u011f\u0131ndan emin olmak i\u00e7in \u00e7ok s\u0131k\u0131 QC standard\u0131m\u0131z var.<\/p>\n<p>S8: Garantiniz nedir?<br \/>\nA8: Garantimiz, mallar\u0131 ald\u0131ktan sonra 12 ayd\u0131r. Sat\u0131\u015f sonras\u0131 hizmete b\u00fcy\u00fck \u00f6nem verece\u011fiz.<\/p>\n<p>S9: \u00d6deme yap\u0131ld\u0131ktan sonra mallar\u0131 alaca\u011f\u0131m nas\u0131l garanti edilir?<br \/>\nA9: Biz Alibaba alt\u0131n \u00fcyesiyiz. Alibaba sadece nitelikli tedarik\u00e7ilere sertifika verir. Onlardan gelen t\u00fcm kontrollerden ge\u00e7tik, bu y\u00fczden bizimle i\u015f yapmak tamamen g\u00fcvenlidir.<\/p>\n<p>Sertifikalar:<\/p>\n<p>Rooder CE FCC ROHS sertifikalar\u0131, citycoco scooter, elektrikli scooter vb. i\u00e7in EEC\/COC sertifikalar\u0131.<\/p>\n<p><strong>Video:<\/strong><\/p>\n<p><iframe loading=\"lazy\" src=\"https:\/\/www.youtube.com\/embed\/7duVEdFFjsU?rel=0&amp;autoplay=0\" height=\"318\" width=\"385\" allowfullscreen=\"\" frameborder=\"0\"><\/iframe><iframe loading=\"lazy\" src=\"https:\/\/www.youtube.com\/embed\/HQLtd01RF5M?rel=0&amp;autoplay=0\" height=\"318\" width=\"385\" allowfullscreen=\"\" frameborder=\"0\"><\/iframe><\/p>\n<p>&nbsp;<\/p>\n<p>Bize ula\u015f\u0131n:<\/p>\n<p>\u00dcr\u00fcnlerimizle ilgileniyorsan\u0131z, l\u00fctfen bizimle ileti\u015fime ge\u00e7mekten \u00e7ekinmeyin.<\/p>\n<p>Shenzhen Rooder Technology Co, Ltd.<\/p>\n<p>website: www.RooderGroup.com<\/p>\n<p>Skype: <a href=\"https:\/\/www.rooderchina.com\/tr\/tag\/rooder\/\" title=\"View all posts in rooder\" target=\"_blank\" rel=\"noopener\">rooder<\/a>china<\/p>\n<p>WhatsApp\/mobile phone: +8613632905138<\/p>\n<p>WeChat: gavin782<\/p>\n<p>Tel: +86 755 23352562<\/p>\n<p>daha fazla bi\u0307lgi\u0307 i\u0307\u00e7i\u0307n l\u00fctfen youtube kanalimizi be\u011feni\u0307n ve abone olun<\/p>\n<p>Our Youtube channel (citycoco review, unboxing, testing, design, factory, material, after-sales service, warranty\u2026)<\/p>\n<p><a href=\"https:\/\/www.youtube.com\/user\/Rooder2010?sub_confirmation=1\">https:\/\/www.youtube.com\/user\/Rooder2010?sub_confirmation=1<\/a><\/p>\n<p>&nbsp;<\/p>\n<p>&nbsp;<\/p>","protected":false},"excerpt":{"rendered":"<h3>K\u0131sa A\u00e7\u0131klama:<\/h3>\n<p><p>Rooder avrupa deposundan elektroroller chopper Elektro Roller E Harley Roller E chopper E Scooter Rooder 3000W EEC COC sat\u0131n al\u0131n<\/p>\n<\/p>\n<p><\/p>\n<li><em>Marka: <\/em> OEM\/ODM\/ROODER<\/li>\n<li><em>Min.Sipari\u015f Miktar\u0131: <\/em> 10 Adet \/ Adet<\/li>\n<li><em>Tedarik Yetene\u011fi: <\/em> 10000 Adet \/ Adet her Ay<\/li>\n<li><em>Liman: <\/em> Shenzhen<\/li>\n<li><em>\u00d6deme Ko\u015fullar\u0131: <\/em> T\/T, L\/C, D\/A, D\/P<\/li>","protected":false},"featured_media":9535,"comment_status":"closed","ping_status":"open","template":"","meta":[],"product_brand":[],"product_cat":[464],"product_tag":[762,492,763,764,745],"class_list":{"0":"post-9533","1":"product","2":"type-product","3":"status-publish","4":"has-post-thumbnail","6":"product_cat-citycoco-choppers","7":"product_tag-e-chopper","8":"product_tag-e-scooter","9":"product_tag-elektro-roller","10":"product_tag-elektroroller-chopper","11":"product_tag-rooder","13":"first","14":"instock","15":"product-type-simple"},"yoast_head":"<!-- This site is optimized with the Yoast SEO plugin v21.7 - https:\/\/yoast.com\/wordpress\/plugins\/seo\/ -->\n<title>elektroroller chopper Elektro Roller E Harley Roller E chopper E Scooter Rooder 3000W EEC COC - Electric Scooters Bikes Citycoco Manufacturer<\/title>\n<meta name=\"robots\" content=\"index, follow, max-snippet:-1, max-image-preview:large, max-video-preview:-1\" \/>\n<link rel=\"canonical\" href=\"https:\/\/www.rooderchina.com\/tr\/urun\/elektroroller-chopper-elektro-roller-e-harley-roller-e-chopper-e-scooter-rooder-3000w-eec-coc\/\" \/>\n<meta property=\"og:locale\" content=\"tr_TR\" \/>\n<meta property=\"og:type\" content=\"article\" \/>\n<meta property=\"og:title\" content=\"elektroroller chopper Elektro Roller E Harley Roller E chopper E Scooter Rooder 3000W EEC COC - Electric Scooters Bikes Citycoco Manufacturer\" \/>\n<meta property=\"og:description\" content=\"Short Description: buy elektroroller chopper Elektro Roller E Harley Roller E chopper E Scooter Rooder 3000W EEC COC from Rooder european warehouse    Brand: OEM\/ODM\/ROODER   Min.Order Quantity: 10 Piece\/Pieces   Supply Ability: 10000 Piece\/Pieces per Month   Port: Shenzhen   Payment Terms: T\/T, L\/C, D\/A, D\/P\" \/>\n<meta property=\"og:url\" content=\"https:\/\/www.rooderchina.com\/tr\/urun\/elektroroller-chopper-elektro-roller-e-harley-roller-e-chopper-e-scooter-rooder-3000w-eec-coc\/\" \/>\n<meta property=\"og:site_name\" content=\"Electric Scooters Bikes Citycoco Manufacturer\" \/>\n<meta property=\"article:publisher\" content=\"https:\/\/www.facebook.com\/rooder.tec\" \/>\n<meta property=\"article:modified_time\" content=\"2023-11-11T10:39:10+00:00\" \/>\n<meta property=\"og:image\" content=\"https:\/\/www.rooderchina.com\/wp-content\/uploads\/2023\/11\/elektroroller-chopper-Elektro-Roller-E-Harley-Roller-E-chopper-E-Scooter-Rooder-3000W-EEC-COC-1.jpg\" \/>\n\t<meta property=\"og:image:width\" content=\"750\" \/>\n\t<meta property=\"og:image:height\" content=\"750\" \/>\n\t<meta property=\"og:image:type\" content=\"image\/jpeg\" \/>\n<meta name=\"twitter:card\" content=\"summary_large_image\" \/>\n<meta name=\"twitter:site\" content=\"@RooderTec\" \/>\n<meta name=\"twitter:label1\" content=\"Tahmini okuma s\u00fcresi\" \/>\n\t<meta name=\"twitter:data1\" content=\"4 dakika\" \/>\n<script type=\"application\/ld+json\" class=\"yoast-schema-graph\">{\"@context\":\"https:\/\/schema.org\",\"@graph\":[{\"@type\":\"WebPage\",\"@id\":\"https:\/\/www.rooderchina.com\/product\/elektroroller-chopper-elektro-roller-e-harley-roller-e-chopper-e-scooter-rooder-3000w-eec-coc\/\",\"url\":\"https:\/\/www.rooderchina.com\/product\/elektroroller-chopper-elektro-roller-e-harley-roller-e-chopper-e-scooter-rooder-3000w-eec-coc\/\",\"name\":\"elektroroller chopper Elektro Roller E Harley Roller E chopper E Scooter Rooder 3000W EEC COC - Electric Scooters Bikes Citycoco Manufacturer\",\"isPartOf\":{\"@id\":\"https:\/\/www.rooderchina.com\/#website\"},\"datePublished\":\"2023-11-11T10:37:46+00:00\",\"dateModified\":\"2023-11-11T10:39:10+00:00\",\"breadcrumb\":{\"@id\":\"https:\/\/www.rooderchina.com\/product\/elektroroller-chopper-elektro-roller-e-harley-roller-e-chopper-e-scooter-rooder-3000w-eec-coc\/#breadcrumb\"},\"inLanguage\":\"tr\",\"potentialAction\":[{\"@type\":\"ReadAction\",\"target\":[\"https:\/\/www.rooderchina.com\/product\/elektroroller-chopper-elektro-roller-e-harley-roller-e-chopper-e-scooter-rooder-3000w-eec-coc\/\"]}]},{\"@type\":\"BreadcrumbList\",\"@id\":\"https:\/\/www.rooderchina.com\/product\/elektroroller-chopper-elektro-roller-e-harley-roller-e-chopper-e-scooter-rooder-3000w-eec-coc\/#breadcrumb\",\"itemListElement\":[{\"@type\":\"ListItem\",\"position\":1,\"name\":\"HOME\",\"item\":\"https:\/\/www.rooderchina.com\/\"},{\"@type\":\"ListItem\",\"position\":2,\"name\":\"Shop\",\"item\":\"https:\/\/www.rooderchina.com\/shop\/\"},{\"@type\":\"ListItem\",\"position\":3,\"name\":\"elektroroller chopper Elektro Roller E Harley Roller E chopper E Scooter Rooder 3000W EEC COC\"}]},{\"@type\":\"WebSite\",\"@id\":\"https:\/\/www.rooderchina.com\/#website\",\"url\":\"https:\/\/www.rooderchina.com\/\",\"name\":\"Electric Scooters Bikes Citycoco Manufacturer\",\"description\":\"Rooder Technology Limited\",\"publisher\":{\"@id\":\"https:\/\/www.rooderchina.com\/#organization\"},\"potentialAction\":[{\"@type\":\"SearchAction\",\"target\":{\"@type\":\"EntryPoint\",\"urlTemplate\":\"https:\/\/www.rooderchina.com\/?s={search_term_string}\"},\"query-input\":\"required name=search_term_string\"}],\"inLanguage\":\"tr\"},{\"@type\":\"Organization\",\"@id\":\"https:\/\/www.rooderchina.com\/#organization\",\"name\":\"Electric Scooters Bikes Citycoco Manufacturer\",\"url\":\"https:\/\/www.rooderchina.com\/\",\"logo\":{\"@type\":\"ImageObject\",\"inLanguage\":\"tr\",\"@id\":\"https:\/\/www.rooderchina.com\/#\/schema\/logo\/image\/\",\"url\":\"https:\/\/www.rooderchina.com\/wp-content\/uploads\/2023\/12\/rooder2.jpg\",\"contentUrl\":\"https:\/\/www.rooderchina.com\/wp-content\/uploads\/2023\/12\/rooder2.jpg\",\"width\":1723,\"height\":1037,\"caption\":\"Electric Scooters Bikes Citycoco Manufacturer\"},\"image\":{\"@id\":\"https:\/\/www.rooderchina.com\/#\/schema\/logo\/image\/\"},\"sameAs\":[\"https:\/\/www.facebook.com\/rooder.tec\",\"https:\/\/twitter.com\/RooderTec\"]}]}<\/script>\n<!-- \/ Yoast SEO plugin. -->","yoast_head_json":{"title":"elektroroller chopper Elektro Roller E Harley Roller E chopper E Scooter Rooder 3000W EEC COC - Electric Scooters Bikes Citycoco Manufacturer","robots":{"index":"index","follow":"follow","max-snippet":"max-snippet:-1","max-image-preview":"max-image-preview:large","max-video-preview":"max-video-preview:-1"},"canonical":"https:\/\/www.rooderchina.com\/tr\/urun\/elektroroller-chopper-elektro-roller-e-harley-roller-e-chopper-e-scooter-rooder-3000w-eec-coc\/","og_locale":"tr_TR","og_type":"article","og_title":"elektroroller chopper Elektro Roller E Harley Roller E chopper E Scooter Rooder 3000W EEC COC - Electric Scooters Bikes Citycoco Manufacturer","og_description":"Short Description: buy elektroroller chopper Elektro Roller E Harley Roller E chopper E Scooter Rooder 3000W EEC COC from Rooder european warehouse    Brand: OEM\/ODM\/ROODER   Min.Order Quantity: 10 Piece\/Pieces   Supply Ability: 10000 Piece\/Pieces per Month   Port: Shenzhen   Payment Terms: T\/T, L\/C, D\/A, D\/P","og_url":"https:\/\/www.rooderchina.com\/tr\/urun\/elektroroller-chopper-elektro-roller-e-harley-roller-e-chopper-e-scooter-rooder-3000w-eec-coc\/","og_site_name":"Electric Scooters Bikes Citycoco Manufacturer","article_publisher":"https:\/\/www.facebook.com\/rooder.tec","article_modified_time":"2023-11-11T10:39:10+00:00","og_image":[{"width":750,"height":750,"url":"https:\/\/www.rooderchina.com\/wp-content\/uploads\/2023\/11\/elektroroller-chopper-Elektro-Roller-E-Harley-Roller-E-chopper-E-Scooter-Rooder-3000W-EEC-COC-1.jpg","type":"image\/jpeg"}],"twitter_card":"summary_large_image","twitter_site":"@RooderTec","twitter_misc":{"Tahmini okuma s\u00fcresi":"4 dakika"},"schema":{"@context":"https:\/\/schema.org","@graph":[{"@type":"WebPage","@id":"https:\/\/www.rooderchina.com\/product\/elektroroller-chopper-elektro-roller-e-harley-roller-e-chopper-e-scooter-rooder-3000w-eec-coc\/","url":"https:\/\/www.rooderchina.com\/product\/elektroroller-chopper-elektro-roller-e-harley-roller-e-chopper-e-scooter-rooder-3000w-eec-coc\/","name":"elektroroller chopper Elektro Roller E Harley Roller E chopper E Scooter Rooder 3000W EEC COC - Electric Scooters Bikes Citycoco Manufacturer","isPartOf":{"@id":"https:\/\/www.rooderchina.com\/#website"},"datePublished":"2023-11-11T10:37:46+00:00","dateModified":"2023-11-11T10:39:10+00:00","breadcrumb":{"@id":"https:\/\/www.rooderchina.com\/product\/elektroroller-chopper-elektro-roller-e-harley-roller-e-chopper-e-scooter-rooder-3000w-eec-coc\/#breadcrumb"},"inLanguage":"tr","potentialAction":[{"@type":"ReadAction","target":["https:\/\/www.rooderchina.com\/product\/elektroroller-chopper-elektro-roller-e-harley-roller-e-chopper-e-scooter-rooder-3000w-eec-coc\/"]}]},{"@type":"BreadcrumbList","@id":"https:\/\/www.rooderchina.com\/product\/elektroroller-chopper-elektro-roller-e-harley-roller-e-chopper-e-scooter-rooder-3000w-eec-coc\/#breadcrumb","itemListElement":[{"@type":"ListItem","position":1,"name":"HOME","item":"https:\/\/www.rooderchina.com\/"},{"@type":"ListItem","position":2,"name":"Shop","item":"https:\/\/www.rooderchina.com\/shop\/"},{"@type":"ListItem","position":3,"name":"elektroroller chopper Elektro Roller E Harley Roller E chopper E Scooter Rooder 3000W EEC COC"}]},{"@type":"WebSite","@id":"https:\/\/www.rooderchina.com\/#website","url":"https:\/\/www.rooderchina.com\/","name":"Electric Scooters Bikes Citycoco Manufacturer","description":"Rooder Technology Limited","publisher":{"@id":"https:\/\/www.rooderchina.com\/#organization"},"potentialAction":[{"@type":"SearchAction","target":{"@type":"EntryPoint","urlTemplate":"https:\/\/www.rooderchina.com\/?s={search_term_string}"},"query-input":"required name=search_term_string"}],"inLanguage":"tr"},{"@type":"Organization","@id":"https:\/\/www.rooderchina.com\/#organization","name":"Electric Scooters Bikes Citycoco Manufacturer","url":"https:\/\/www.rooderchina.com\/","logo":{"@type":"ImageObject","inLanguage":"tr","@id":"https:\/\/www.rooderchina.com\/#\/schema\/logo\/image\/","url":"https:\/\/www.rooderchina.com\/wp-content\/uploads\/2023\/12\/rooder2.jpg","contentUrl":"https:\/\/www.rooderchina.com\/wp-content\/uploads\/2023\/12\/rooder2.jpg","width":1723,"height":1037,"caption":"Electric Scooters Bikes Citycoco Manufacturer"},"image":{"@id":"https:\/\/www.rooderchina.com\/#\/schema\/logo\/image\/"},"sameAs":["https:\/\/www.facebook.com\/rooder.tec","https:\/\/twitter.com\/RooderTec"]}]}},"_links":{"self":[{"href":"https:\/\/www.rooderchina.com\/tr\/wp-json\/wp\/v2\/product\/9533","targetHints":{"allow":["GET"]}}],"collection":[{"href":"https:\/\/www.rooderchina.com\/tr\/wp-json\/wp\/v2\/product"}],"about":[{"href":"https:\/\/www.rooderchina.com\/tr\/wp-json\/wp\/v2\/types\/product"}],"replies":[{"embeddable":true,"href":"https:\/\/www.rooderchina.com\/tr\/wp-json\/wp\/v2\/comments?post=9533"}],"version-history":[{"count":1,"href":"https:\/\/www.rooderchina.com\/tr\/wp-json\/wp\/v2\/product\/9533\/revisions"}],"predecessor-version":[{"id":9534,"href":"https:\/\/www.rooderchina.com\/tr\/wp-json\/wp\/v2\/product\/9533\/revisions\/9534"}],"wp:featuredmedia":[{"embeddable":true,"href":"https:\/\/www.rooderchina.com\/tr\/wp-json\/wp\/v2\/media\/9535"}],"wp:attachment":[{"href":"https:\/\/www.rooderchina.com\/tr\/wp-json\/wp\/v2\/media?parent=9533"}],"wp:term":[{"taxonomy":"product_brand","embeddable":true,"href":"https:\/\/www.rooderchina.com\/tr\/wp-json\/wp\/v2\/product_brand?post=9533"},{"taxonomy":"product_cat","embeddable":true,"href":"https:\/\/www.rooderchina.com\/tr\/wp-json\/wp\/v2\/product_cat?post=9533"},{"taxonomy":"product_tag","embeddable":true,"href":"https:\/\/www.rooderchina.com\/tr\/wp-json\/wp\/v2\/product_tag?post=9533"}],"curies":[{"name":"wp","href":"https:\/\/api.w.org\/{rel}","templated":true}]}}