{"id":9487,"date":"2023-11-11T18:37:46","date_gmt":"2023-11-11T10:37:46","guid":{"rendered":"http:\/\/www.rooderchina.com\/index.php\/product\/mangosteen-m1ps-rooder-sara-citycoco-chopper-60v-50ah\/"},"modified":"2023-11-11T18:37:48","modified_gmt":"2023-11-11T10:37:48","slug":"mangosteen-m1ps-rooder-sara-citycoco-chopper-60v-50ah","status":"publish","type":"product","link":"https:\/\/www.rooderchina.com\/tr\/urun\/mangosteen-m1ps-rooder-sara-citycoco-chopper-60v-50ah\/","title":{"rendered":"mangosteen m1ps Rooder SARA citycoco chopper 60v 50ah"},"content":{"rendered":"<p><strong><a href=\"https:\/\/www.rooderchina.com\/tr\/tag\/mangosteen-m1ps\/\" title=\"Mangosteen m1ps i\u00e7indeki t\u00fcm g\u00f6nderileri g\u00f6r\u00fcnt\u00fcleyin\" target=\"_blank\" rel=\"noopener\">mangosten m1ps<\/a> Rooder SARA <a href=\"https:\/\/www.rooderchina.com\/tr\/tag\/citycoco-chopper\/\" title=\"citycoco chopper i\u00e7indeki t\u00fcm g\u00f6nderileri g\u00f6r\u00fcnt\u00fcleyin\" target=\"_blank\" rel=\"noopener\">citycoco chopper<\/a> 60v 50ah<\/strong><\/p>\n<\/p>\n<p>Menzili 100 kilometreye kadar \u00e7\u0131kabilen bir\u00e7ok elektrikli scooter var, ancak k\u00f6t\u00fc yollarda su ge\u00e7irmezken ve \u00e7e\u015fitli yol ko\u015fullar\u0131n\u0131 dikkate alarak s\u00fcr\u00fc\u015f yapabilen \u00e7ok az elektrikli scooter var.<\/p>\n<p>&nbsp;<\/p>\n<p>Bug\u00fcn size dayan\u0131kl\u0131 ve uzun mesafe gidebilen bir elektrikli scooter tan\u0131taca\u011f\u0131m. Etraf\u0131mda inan\u0131lmaz yeni bir scooter Rooder SARA var. Taraf\u0131ndan yap\u0131lm\u0131\u015ft\u0131r <a href=\"https:\/\/www.rooderchina.com\/tr\/tag\/mangosteen\/\" title=\"Mangosteen i\u00e7indeki t\u00fcm g\u00f6nderileri g\u00f6r\u00fcnt\u00fcleyin\" target=\"_blank\" rel=\"noopener\">mangosten<\/a> Gonddong \u00c7in'de bulunan s\u0131n\u0131rl\u0131 teknoloji co. Model Mangosten <a href=\"https:\/\/www.rooderchina.com\/tr\/tag\/m1ps\/\" title=\"m1ps i\u00e7indeki t\u00fcm g\u00f6nderileri g\u00f6r\u00fcnt\u00fcle\" target=\"_blank\" rel=\"noopener\">m1ps<\/a><\/p>\n<\/p>\n<p>Neden <a href=\"https:\/\/www.rooderchina.com\/tr\/tag\/mangosteen-m1ps\/\" title=\"Mangosteen m1ps i\u00e7indeki t\u00fcm g\u00f6nderileri g\u00f6r\u00fcnt\u00fcleyin\" target=\"_blank\" rel=\"noopener\">mangosten m1ps<\/a> 100 kilometreden fazla s\u00fcrebilir. Bunun \u00dc\u00c7 nedeni var.<\/p>\n<p>&nbsp;<\/p>\n<p>Birincisi Samsung ve LG'nin en kaliteli bataryas\u0131, 72V40AH veya 60V50AH.<\/p>\n<p>\u0130kincisi, MGSD y\u00fcksek verimli motor, 4000w 5000w ve se\u00e7meniz i\u00e7in 8000w'a kadar, 100km \/ saate kadar h\u0131z.<\/p>\n<p>\u00dc\u00e7\u00fcnc\u00fcs\u00fc ise MGSD enerji tasarrufu kontrol\u00f6r\u00fcd\u00fcr.<\/p>\n<\/p>\n<p>100 kilometre pil \u00f6mr\u00fcne ek olarak, s\u00fcr\u00fcc\u00fcn\u00fcn \u015fekli ve g\u00f6r\u00fcn\u00fcm\u00fc de. T\u00fcm scooter bir Harley'e sahip <a href=\"https:\/\/www.rooderchina.com\/tr\/tag\/chopper\/\" title=\"chopper i\u00e7indeki t\u00fcm g\u00f6nderileri g\u00f6r\u00fcnt\u00fcleyin\" target=\"_blank\" rel=\"noopener\">helikopter<\/a> LED farlar ve \u00f6zel alt\u0131n s\u00fcslemeler ile stil \u015fekli. Di\u011fer k\u0131y\u0131c\u0131lar\u0131n g\u00f6r\u00fcn\u00fcm\u00fcyle kar\u015f\u0131la\u015ft\u0131r\u0131ld\u0131\u011f\u0131nda, bu Harley k\u0131y\u0131c\u0131 \u015fekli daha iyidir, Erkekler ve kad\u0131nlar bundan ho\u015flan\u0131r.<\/p>\n<p>&nbsp;<\/p>\n<p>Y\u00fcksek parlakl\u0131ktaki LED saya\u00e7, g\u00fcne\u015fte net bir \u015fekilde g\u00f6r\u00fcnt\u00fclenebilen g\u00fc\u00e7, h\u0131z ve kilometre i\u00e7in kavisli bir y\u00fczey tasar\u0131m\u0131na sahiptir ve do\u011fru bir g\u00fc\u00e7 g\u00f6stergesine sahiptir.<\/p>\n<\/p>\n<p>Rooder SARA, elektrikli ekopperin daha uzun bir seyir mesafesi sa\u011flar ve ayr\u0131ca escooter'\u0131 net bir \u015fekilde tan\u0131yabilir. Scooter ne kadar s\u00fcre dayanabilir ve \u015farj etmek i\u00e7in en uygun zaman ne zamand\u0131r. S\u00fcr\u00fc\u015f g\u00fcvenli\u011fi a\u00e7\u0131s\u0131ndan, bilimsel ara\u015ft\u0131rman\u0131n stand-off y\u0131\u011f\u0131n frenleri ile donat\u0131lmas\u0131 gerekti\u011fi kadar k\u00fc\u00e7\u00fck, fren mesafesi daha k\u0131sad\u0131r, al\u00fcminyum namlunun hidrolik \u00f6n yerle\u015ftirmesinin getirdi\u011fi ultra konforlu \u015fok emme deneyimi, \u00e7e\u015fitli yol ko\u015fullar\u0131yla kolayca ba\u015fa \u00e7\u0131kabilir ve \u00e7ift t\u00fcpl\u00fc hidrolik arka \u015fok emilimi Nefesinizi kolayla\u015ft\u0131r\u0131n.<\/p>\n<p>&nbsp;<\/p>\n<p>Bu SARA tasar\u0131m\u0131n\u0131n en b\u00fcy\u00fck sat\u0131\u015f noktas\u0131 ve uzun menzili,<\/p>\n<p>batarya darbelerden korunur ve onu y\u0131kamak i\u00e7in daha istekliyiz, \u015fasiyi k\u0131rma ve bataryaya zarar verme konusunda endi\u015felenmemize gerek yok ve ya\u011fmurlu g\u00fcnlerde su ile yoldan ge\u00e7ti\u011fimizde ,<\/p>\n<\/p>\n<p>Rooder Sara mangosteen m1ps 100 kilometre pil \u00f6mr\u00fcne sahip, harika g\u00f6r\u00fcn\u00fcyor ve \u00e7e\u015fitli yol ko\u015fullar\u0131nda kullan\u0131labiliyor.<\/p>\n<p>Bu konuda ne d\u00fc\u015f\u00fcn\u00fcyorsunuz?  Whatsapp <a href=\"https:\/\/api.whatsapp.com\/send?phone=8613632905138\" target=\"_blank\" rel=\"noopener\">+8613632905138<\/a><\/p>\n<p>&nbsp;<\/p>\n<p><strong>mangosten m1ps vi\u0307deosu:<\/strong><\/p>\n<p><iframe loading=\"lazy\" src=\"https:\/\/www.youtube.com\/embed\/YoM_FInH64Q?rel=0&amp;autoplay=0\" height=\"318\" width=\"385\" allowfullscreen=\"\" frameborder=\"0\"><\/iframe><\/p>","protected":false},"excerpt":{"rendered":"<h3>K\u0131sa A\u00e7\u0131klama:<\/h3>\n<p><p>mangosten m1ps<\/p>\n<p>4000 ila 8000w motor, 45kmph ila 100kmph veya 62mph maksimum h\u0131z<\/p>\n<p>72v40ah veya 60v50a lityum pil, 80-160km menzil<\/p>\n<p>EEC COC DOT CE FCC ROHS sertifikalar\u0131<\/p>\n<p>Rooder mangosten markas\u0131 <a href=\"https:\/\/api.whatsapp.com\/send?phone=8613632905138\" target=\"_blank\" rel=\"noopener\">+8613632905138<\/a><\/p>\n<\/p>\n<p><\/p>\n<li><em>Marka: <\/em> OEM\/ODM\/ROODER<\/li>\n<li><em>Min.Sipari\u015f Miktar\u0131: <\/em> 10 Adet \/ Adet<\/li>\n<li><em>Tedarik Yetene\u011fi: <\/em> 10000 Adet \/ Adet her Ay<\/li>\n<li><em>Liman: <\/em> Shenzhen<\/li>\n<li><em>\u00d6deme Ko\u015fullar\u0131: <\/em> T\/T, L\/C, D\/A, D\/P<\/li>","protected":false},"featured_media":9489,"comment_status":"closed","ping_status":"open","template":"","meta":[],"product_brand":[],"product_cat":[464],"product_tag":[750,468,751,752,734,735,753,754,745,755,756,757,758,759],"class_list":{"0":"post-9487","1":"product","2":"type-product","3":"status-publish","4":"has-post-thumbnail","6":"product_cat-citycoco-choppers","7":"product_tag-chopper","8":"product_tag-citycoco","9":"product_tag-citycoco-chopper","10":"product_tag-m1ps","11":"product_tag-mangosteen","12":"product_tag-mangosteen-chopper","13":"product_tag-mangosteen-citycoco","14":"product_tag-mangosteen-m1ps","15":"product_tag-rooder","16":"product_tag-rooder-chopper","17":"product_tag-rooder-citycoco","18":"product_tag-rooder-citycoco-chopper","19":"product_tag-rooder-sara","20":"product_tag-sara","22":"first","23":"instock","24":"product-type-simple"},"yoast_head":"<!-- This site is optimized with the Yoast SEO plugin v21.7 - https:\/\/yoast.com\/wordpress\/plugins\/seo\/ -->\n<title>mangosteen m1ps Rooder SARA citycoco chopper 60v 50ah - Electric Scooters Bikes Citycoco Manufacturer<\/title>\n<meta name=\"robots\" content=\"index, follow, max-snippet:-1, max-image-preview:large, max-video-preview:-1\" \/>\n<link rel=\"canonical\" href=\"https:\/\/www.rooderchina.com\/tr\/urun\/mangosteen-m1ps-rooder-sara-citycoco-chopper-60v-50ah\/\" \/>\n<meta property=\"og:locale\" content=\"tr_TR\" \/>\n<meta property=\"og:type\" content=\"article\" \/>\n<meta property=\"og:title\" content=\"mangosteen m1ps Rooder SARA citycoco chopper 60v 50ah - Electric Scooters Bikes Citycoco Manufacturer\" \/>\n<meta property=\"og:description\" content=\"Short Description: mangosteen m1ps 4000 to 8000w motor, 45kmph to 100kmph or 62mph max speed 72v40ah or 60v50a lithium battery, 80-160km range EEC COC DOT CE FCC ROHS certifications Rooder mangosteen brand +8613632905138    Brand: OEM\/ODM\/ROODER   Min.Order Quantity: 10 Piece\/Pieces   Supply Ability: 10000 Piece\/Pieces per Month   Port: Shenzhen   Payment Terms: T\/T, L\/C, D\/A, D\/P\" \/>\n<meta property=\"og:url\" content=\"https:\/\/www.rooderchina.com\/tr\/urun\/mangosteen-m1ps-rooder-sara-citycoco-chopper-60v-50ah\/\" \/>\n<meta property=\"og:site_name\" content=\"Electric Scooters Bikes Citycoco Manufacturer\" \/>\n<meta property=\"article:publisher\" content=\"https:\/\/www.facebook.com\/rooder.tec\" \/>\n<meta property=\"article:modified_time\" content=\"2023-11-11T10:37:48+00:00\" \/>\n<meta property=\"og:image\" content=\"https:\/\/www.rooderchina.com\/wp-content\/uploads\/2023\/11\/mangosteen-m1ps-Rooder-SARA-citycoco-chopper-1.jpg\" \/>\n\t<meta property=\"og:image:width\" content=\"1024\" \/>\n\t<meta property=\"og:image:height\" content=\"1024\" \/>\n\t<meta property=\"og:image:type\" content=\"image\/jpeg\" \/>\n<meta name=\"twitter:card\" content=\"summary_large_image\" \/>\n<meta name=\"twitter:site\" content=\"@RooderTec\" \/>\n<meta name=\"twitter:label1\" content=\"Tahmini okuma s\u00fcresi\" \/>\n\t<meta name=\"twitter:data1\" content=\"2 dakika\" \/>\n<script type=\"application\/ld+json\" class=\"yoast-schema-graph\">{\"@context\":\"https:\/\/schema.org\",\"@graph\":[{\"@type\":\"WebPage\",\"@id\":\"https:\/\/www.rooderchina.com\/product\/mangosteen-m1ps-rooder-sara-citycoco-chopper-60v-50ah\/\",\"url\":\"https:\/\/www.rooderchina.com\/product\/mangosteen-m1ps-rooder-sara-citycoco-chopper-60v-50ah\/\",\"name\":\"mangosteen m1ps Rooder SARA citycoco chopper 60v 50ah - Electric Scooters Bikes Citycoco Manufacturer\",\"isPartOf\":{\"@id\":\"https:\/\/www.rooderchina.com\/#website\"},\"datePublished\":\"2023-11-11T10:37:46+00:00\",\"dateModified\":\"2023-11-11T10:37:48+00:00\",\"breadcrumb\":{\"@id\":\"https:\/\/www.rooderchina.com\/product\/mangosteen-m1ps-rooder-sara-citycoco-chopper-60v-50ah\/#breadcrumb\"},\"inLanguage\":\"tr\",\"potentialAction\":[{\"@type\":\"ReadAction\",\"target\":[\"https:\/\/www.rooderchina.com\/product\/mangosteen-m1ps-rooder-sara-citycoco-chopper-60v-50ah\/\"]}]},{\"@type\":\"BreadcrumbList\",\"@id\":\"https:\/\/www.rooderchina.com\/product\/mangosteen-m1ps-rooder-sara-citycoco-chopper-60v-50ah\/#breadcrumb\",\"itemListElement\":[{\"@type\":\"ListItem\",\"position\":1,\"name\":\"HOME\",\"item\":\"https:\/\/www.rooderchina.com\/\"},{\"@type\":\"ListItem\",\"position\":2,\"name\":\"Shop\",\"item\":\"https:\/\/www.rooderchina.com\/shop\/\"},{\"@type\":\"ListItem\",\"position\":3,\"name\":\"mangosteen m1ps Rooder SARA citycoco chopper 60v 50ah\"}]},{\"@type\":\"WebSite\",\"@id\":\"https:\/\/www.rooderchina.com\/#website\",\"url\":\"https:\/\/www.rooderchina.com\/\",\"name\":\"Electric Scooters Bikes Citycoco Manufacturer\",\"description\":\"Rooder Technology Limited\",\"publisher\":{\"@id\":\"https:\/\/www.rooderchina.com\/#organization\"},\"potentialAction\":[{\"@type\":\"SearchAction\",\"target\":{\"@type\":\"EntryPoint\",\"urlTemplate\":\"https:\/\/www.rooderchina.com\/?s={search_term_string}\"},\"query-input\":\"required name=search_term_string\"}],\"inLanguage\":\"tr\"},{\"@type\":\"Organization\",\"@id\":\"https:\/\/www.rooderchina.com\/#organization\",\"name\":\"Electric Scooters Bikes Citycoco Manufacturer\",\"url\":\"https:\/\/www.rooderchina.com\/\",\"logo\":{\"@type\":\"ImageObject\",\"inLanguage\":\"tr\",\"@id\":\"https:\/\/www.rooderchina.com\/#\/schema\/logo\/image\/\",\"url\":\"https:\/\/www.rooderchina.com\/wp-content\/uploads\/2023\/12\/rooder2.jpg\",\"contentUrl\":\"https:\/\/www.rooderchina.com\/wp-content\/uploads\/2023\/12\/rooder2.jpg\",\"width\":1723,\"height\":1037,\"caption\":\"Electric Scooters Bikes Citycoco Manufacturer\"},\"image\":{\"@id\":\"https:\/\/www.rooderchina.com\/#\/schema\/logo\/image\/\"},\"sameAs\":[\"https:\/\/www.facebook.com\/rooder.tec\",\"https:\/\/twitter.com\/RooderTec\"]}]}<\/script>\n<!-- \/ Yoast SEO plugin. -->","yoast_head_json":{"title":"mangosteen m1ps Rooder SARA citycoco chopper 60v 50ah - Electric Scooters Bikes Citycoco Manufacturer","robots":{"index":"index","follow":"follow","max-snippet":"max-snippet:-1","max-image-preview":"max-image-preview:large","max-video-preview":"max-video-preview:-1"},"canonical":"https:\/\/www.rooderchina.com\/tr\/urun\/mangosteen-m1ps-rooder-sara-citycoco-chopper-60v-50ah\/","og_locale":"tr_TR","og_type":"article","og_title":"mangosteen m1ps Rooder SARA citycoco chopper 60v 50ah - Electric Scooters Bikes Citycoco Manufacturer","og_description":"Short Description: mangosteen m1ps 4000 to 8000w motor, 45kmph to 100kmph or 62mph max speed 72v40ah or 60v50a lithium battery, 80-160km range EEC COC DOT CE FCC ROHS certifications Rooder mangosteen brand +8613632905138    Brand: OEM\/ODM\/ROODER   Min.Order Quantity: 10 Piece\/Pieces   Supply Ability: 10000 Piece\/Pieces per Month   Port: Shenzhen   Payment Terms: T\/T, L\/C, D\/A, D\/P","og_url":"https:\/\/www.rooderchina.com\/tr\/urun\/mangosteen-m1ps-rooder-sara-citycoco-chopper-60v-50ah\/","og_site_name":"Electric Scooters Bikes Citycoco Manufacturer","article_publisher":"https:\/\/www.facebook.com\/rooder.tec","article_modified_time":"2023-11-11T10:37:48+00:00","og_image":[{"width":1024,"height":1024,"url":"https:\/\/www.rooderchina.com\/wp-content\/uploads\/2023\/11\/mangosteen-m1ps-Rooder-SARA-citycoco-chopper-1.jpg","type":"image\/jpeg"}],"twitter_card":"summary_large_image","twitter_site":"@RooderTec","twitter_misc":{"Tahmini okuma s\u00fcresi":"2 dakika"},"schema":{"@context":"https:\/\/schema.org","@graph":[{"@type":"WebPage","@id":"https:\/\/www.rooderchina.com\/product\/mangosteen-m1ps-rooder-sara-citycoco-chopper-60v-50ah\/","url":"https:\/\/www.rooderchina.com\/product\/mangosteen-m1ps-rooder-sara-citycoco-chopper-60v-50ah\/","name":"mangosteen m1ps Rooder SARA citycoco chopper 60v 50ah - Electric Scooters Bikes Citycoco Manufacturer","isPartOf":{"@id":"https:\/\/www.rooderchina.com\/#website"},"datePublished":"2023-11-11T10:37:46+00:00","dateModified":"2023-11-11T10:37:48+00:00","breadcrumb":{"@id":"https:\/\/www.rooderchina.com\/product\/mangosteen-m1ps-rooder-sara-citycoco-chopper-60v-50ah\/#breadcrumb"},"inLanguage":"tr","potentialAction":[{"@type":"ReadAction","target":["https:\/\/www.rooderchina.com\/product\/mangosteen-m1ps-rooder-sara-citycoco-chopper-60v-50ah\/"]}]},{"@type":"BreadcrumbList","@id":"https:\/\/www.rooderchina.com\/product\/mangosteen-m1ps-rooder-sara-citycoco-chopper-60v-50ah\/#breadcrumb","itemListElement":[{"@type":"ListItem","position":1,"name":"HOME","item":"https:\/\/www.rooderchina.com\/"},{"@type":"ListItem","position":2,"name":"Shop","item":"https:\/\/www.rooderchina.com\/shop\/"},{"@type":"ListItem","position":3,"name":"mangosteen m1ps Rooder SARA citycoco chopper 60v 50ah"}]},{"@type":"WebSite","@id":"https:\/\/www.rooderchina.com\/#website","url":"https:\/\/www.rooderchina.com\/","name":"Electric Scooters Bikes Citycoco Manufacturer","description":"Rooder Technology Limited","publisher":{"@id":"https:\/\/www.rooderchina.com\/#organization"},"potentialAction":[{"@type":"SearchAction","target":{"@type":"EntryPoint","urlTemplate":"https:\/\/www.rooderchina.com\/?s={search_term_string}"},"query-input":"required name=search_term_string"}],"inLanguage":"tr"},{"@type":"Organization","@id":"https:\/\/www.rooderchina.com\/#organization","name":"Electric Scooters Bikes Citycoco Manufacturer","url":"https:\/\/www.rooderchina.com\/","logo":{"@type":"ImageObject","inLanguage":"tr","@id":"https:\/\/www.rooderchina.com\/#\/schema\/logo\/image\/","url":"https:\/\/www.rooderchina.com\/wp-content\/uploads\/2023\/12\/rooder2.jpg","contentUrl":"https:\/\/www.rooderchina.com\/wp-content\/uploads\/2023\/12\/rooder2.jpg","width":1723,"height":1037,"caption":"Electric Scooters Bikes Citycoco Manufacturer"},"image":{"@id":"https:\/\/www.rooderchina.com\/#\/schema\/logo\/image\/"},"sameAs":["https:\/\/www.facebook.com\/rooder.tec","https:\/\/twitter.com\/RooderTec"]}]}},"_links":{"self":[{"href":"https:\/\/www.rooderchina.com\/tr\/wp-json\/wp\/v2\/product\/9487","targetHints":{"allow":["GET"]}}],"collection":[{"href":"https:\/\/www.rooderchina.com\/tr\/wp-json\/wp\/v2\/product"}],"about":[{"href":"https:\/\/www.rooderchina.com\/tr\/wp-json\/wp\/v2\/types\/product"}],"replies":[{"embeddable":true,"href":"https:\/\/www.rooderchina.com\/tr\/wp-json\/wp\/v2\/comments?post=9487"}],"version-history":[{"count":1,"href":"https:\/\/www.rooderchina.com\/tr\/wp-json\/wp\/v2\/product\/9487\/revisions"}],"predecessor-version":[{"id":9488,"href":"https:\/\/www.rooderchina.com\/tr\/wp-json\/wp\/v2\/product\/9487\/revisions\/9488"}],"wp:featuredmedia":[{"embeddable":true,"href":"https:\/\/www.rooderchina.com\/tr\/wp-json\/wp\/v2\/media\/9489"}],"wp:attachment":[{"href":"https:\/\/www.rooderchina.com\/tr\/wp-json\/wp\/v2\/media?parent=9487"}],"wp:term":[{"taxonomy":"product_brand","embeddable":true,"href":"https:\/\/www.rooderchina.com\/tr\/wp-json\/wp\/v2\/product_brand?post=9487"},{"taxonomy":"product_cat","embeddable":true,"href":"https:\/\/www.rooderchina.com\/tr\/wp-json\/wp\/v2\/product_cat?post=9487"},{"taxonomy":"product_tag","embeddable":true,"href":"https:\/\/www.rooderchina.com\/tr\/wp-json\/wp\/v2\/product_tag?post=9487"}],"curies":[{"name":"wp","href":"https:\/\/api.w.org\/{rel}","templated":true}]}}