{"id":9450,"date":"2023-11-11T18:35:38","date_gmt":"2023-11-11T10:35:38","guid":{"rendered":"http:\/\/www.rooderchina.com\/index.php\/product\/mangosteen-m1p-citycoco-chopper-electric-scooter\/"},"modified":"2023-11-11T18:36:37","modified_gmt":"2023-11-11T10:36:37","slug":"mangosteen-m1p-citycoco-chopper-electric-scooter","status":"publish","type":"product","link":"https:\/\/www.rooderchina.com\/tr\/urun\/mangosteen-m1p-citycoco-chopper-electric-scooter\/","title":{"rendered":"mangosteen m1p citycoco chopper elektri\u0307kli\u0307 scooter"},"content":{"rendered":"<p>First of all, Rooder <a href=\"https:\/\/www.rooderchina.com\/tr\/tag\/mangosteen-m1p\/\" title=\"View all posts in mangosteen m1p\" target=\"_blank\" rel=\"noopener\">mangosten m1p<\/a> with amazing Harley chopper style design, it\u2019s popular in Europe and USA.<\/p>\n<p>\nIn other respects, the driving experience of the Rooder arrow m1p is comfortable and the support is insufficient when turning.<\/p>\n<p>\nThe disadvantage is that the power should limit in European countries. It has many functions,<\/p>\n<p>but the disadvantage is that the higher price than normal electric bicycle.<\/p>\n<\/p>\n<p>Every citycoco choppers have pros and cons, the key is how you choose.<\/p>\n<p>the riding experience, the renovations, power and intelligence.<\/p>\n<\/p>\n<p>&nbsp;<\/p>\n<p>Rooder Mangosteen brands are the top brand of the citycoco choppers,<\/p>\n<p>and they have exceeded the traditional electric bike by a lot in all aspects.<\/p>\n<\/p>\n<p>&nbsp;<\/p>\n<p>In fact, it does not matter what you choose, what matters is whether we like it.<\/p>\n<\/p>\n<p>&nbsp;<\/p>\n<p><strong>\u00d6zellikler:<\/strong><\/p>\n<p>Model: Rooder Arrow, r804-m1p-EEC<br \/>\nLastik boyutu: 18 in\u00e7<br \/>\nfren modu : Disk fren<br \/>\nMaksimum t\u0131rman\u0131\u015f : 30 derece<br \/>\nMaksimum tork : 95N\/M<br \/>\nMaksimum kilometre : 50KM<br \/>\nMaksimum h\u0131z: 45km\/s<br \/>\nMaksimum y\u00fck : 200kg<br \/>\n\u00c7\u0131kar\u0131labilir pil: 60V20AH lityum pil<br \/>\n\u015earj s\u00fcresi: 5 saat<br \/>\nMotor g\u00fcc\u00fc: 2000W<br \/>\nEvet.<br \/>\n\u00d6n \u015fok s\u00fcspansiyon: evet<br \/>\nArka \u015fok s\u00fcspansiyon: evet<br \/>\nEvet.<br \/>\n\u00d6n led \u0131\u015f\u0131k: evet<br \/>\n\u00d6n d\u00f6n\u00fc\u015f \u0131\u015f\u0131klar\u0131: evet<br \/>\nArka d\u00f6n\u00fc\u015f \u0131\u015f\u0131klar\u0131: evet<br \/>\nDur \u0131\u015f\u0131\u011f\u0131: evet<br \/>\nLCD ekran: evet<\/p>\n<p><strong>Paket:<\/strong><\/p>\n<p>1 adet\/karton<br \/>\nkarton boyutu: 182*38*77cm<br \/>\nNW:76kg, GW:86kg<br \/>\n0,56CBM\/pc<\/p>\n<p>Konteyner sipari\u015fi:<br \/>\n20GP'de 50 adet<br \/>\n40GP'de 98 adet<br \/>\n40HQ i\u00e7inde 114 adet<br \/>\n<strong>Rooder m1p\u00a0 unboxing:<\/strong><\/p>\n<p>&nbsp;<\/p>\n<p><iframe loading=\"lazy\" src=\"https:\/\/www.youtube.com\/embed\/cD2Zc7-0niw?rel=0&amp;autoplay=0\" height=\"318\" width=\"385\" allowfullscreen=\"\" frameborder=\"0\"><\/iframe><\/p>\n<p>&nbsp;<\/p>\n<p>Zaman damgalar\u0131:<\/p>\n<p><a dir=\"auto\" spellcheck=\"false\" href=\"https:\/\/www.youtube.com\/watch?v=cD2Zc7-0niw&amp;t=0s\">00:00<\/a>\u00a0citycoco m1p Rooder Arrow elektrikli scooter kutu a\u00e7\u0131l\u0131m\u0131<\/p>\n<p><a dir=\"auto\" spellcheck=\"false\" href=\"https:\/\/www.youtube.com\/watch?v=cD2Zc7-0niw&amp;t=178s\">02:58<\/a>\u00a0Rooder Mangosteen scooter paketinin i\u00e7inde ne var?<\/p>\n<p><a dir=\"auto\" spellcheck=\"false\" href=\"https:\/\/www.youtube.com\/watch?v=cD2Zc7-0niw&amp;t=201s\">03:21<\/a>\u00a0escooter gidonu nas\u0131l tak\u0131l\u0131r?<\/p>\n<p><a dir=\"auto\" spellcheck=\"false\" href=\"https:\/\/www.youtube.com\/watch?v=cD2Zc7-0niw&amp;t=361s\">06:01<\/a>\u00a0Rooder scooter'\u0131n ekseni nas\u0131l \u00e7\u0131kar\u0131l\u0131r?<\/p>\n<p><a dir=\"auto\" spellcheck=\"false\" href=\"https:\/\/www.youtube.com\/watch?v=cD2Zc7-0niw&amp;t=383s\">06:23<\/a>\u00a0Remove the protective foam from the e-<a href=\"https:\/\/www.rooderchina.com\/tr\/tag\/mangosteen-m1p\/\" title=\"View all posts in mangosteen m1p\" target=\"_blank\" rel=\"noopener\">mangosten m1p<\/a>.<\/p>\n<p><a dir=\"auto\" spellcheck=\"false\" href=\"https:\/\/www.youtube.com\/watch?v=cD2Zc7-0niw&amp;t=418s\">06:58<\/a>\u00a0Rooder ElektroRoller chopper'\u0131n \u00f6n tekerle\u011fi nas\u0131l tak\u0131l\u0131r?<\/p>\n<p><a dir=\"auto\" spellcheck=\"false\" href=\"https:\/\/www.youtube.com\/watch?v=cD2Zc7-0niw&amp;t=532s\">08:52<\/a>\u00a0Rooder citycoco'nun \u00f6n \u00e7amurlu\u011fu nas\u0131l tak\u0131l\u0131r?<\/p>\n<p><a dir=\"auto\" spellcheck=\"false\" href=\"https:\/\/www.youtube.com\/watch?v=cD2Zc7-0niw&amp;t=726s\">12:06<\/a>\u00a0how to install the e<a href=\"https:\/\/www.rooderchina.com\/tr\/tag\/mangosteen\/\" title=\"Mangosteen i\u00e7indeki t\u00fcm g\u00f6nderileri g\u00f6r\u00fcnt\u00fcleyin\" target=\"_blank\" rel=\"noopener\">mangosten<\/a> mirrors?<\/p>\n<p><a dir=\"auto\" spellcheck=\"false\" href=\"https:\/\/www.youtube.com\/watch?v=cD2Zc7-0niw&amp;t=898s\">14:58<\/a>\u00a0connect the MGSD chopper battery, the remove battery can be charged at home.<\/p>\n<p><a dir=\"auto\" spellcheck=\"false\" href=\"https:\/\/www.youtube.com\/watch?v=cD2Zc7-0niw&amp;t=985s\">16:25<\/a>\u00a0genel bak\u0131\u015f<\/p>\n<p>&nbsp;<\/p>\n<p><strong>Mangosteen m1p review:<\/strong><\/p>\n<p>&nbsp;<\/p>\n<p><iframe loading=\"lazy\" src=\"https:\/\/www.youtube.com\/embed\/83m4F73GHVg?rel=0&amp;autoplay=0\" height=\"318\" width=\"385\" allowfullscreen=\"\" frameborder=\"0\"><\/iframe><\/p>\n<p>&nbsp;<\/p>\n<p><a dir=\"auto\" spellcheck=\"false\" href=\"https:\/\/www.youtube.com\/watch?v=83m4F73GHVg&amp;t=0s\">00:00<\/a>\u00a0Rooder Arrow m1p genel bak\u0131\u015f<\/p>\n<p><a dir=\"auto\" spellcheck=\"false\" href=\"https:\/\/www.youtube.com\/watch?v=83m4F73GHVg&amp;t=155s\">02:35<\/a>\u00a0da\u011f yolunda s\u00fcr\u00fc\u015f<\/p>\n<p><a dir=\"auto\" spellcheck=\"false\" href=\"https:\/\/www.youtube.com\/watch?v=83m4F73GHVg&amp;t=190s\">03:10<\/a>\u00a020 derecelik da\u011f yoluna t\u0131rmanmak<\/p>\n<p><a dir=\"auto\" spellcheck=\"false\" href=\"https:\/\/www.youtube.com\/watch?v=83m4F73GHVg&amp;t=218s\">03:38<\/a>\u00a0da\u011f yolunda test<\/p>\n<p><a dir=\"auto\" spellcheck=\"false\" href=\"https:\/\/www.youtube.com\/watch?v=83m4F73GHVg&amp;t=360s\">06:00<\/a>\u00a0\u00f6n ve arka s\u00fcspansiyonun test edilmesi<\/p>\n<p><a dir=\"auto\" spellcheck=\"false\" href=\"https:\/\/www.youtube.com\/watch?v=83m4F73GHVg&amp;t=400s\">06:40<\/a>\u00a0\u015fehir i\u00e7i yolda s\u00fcr\u00fc\u015f<\/p>\n<p><a dir=\"auto\" spellcheck=\"false\" href=\"https:\/\/www.youtube.com\/watch?v=83m4F73GHVg&amp;t=480s\">08:00<\/a>\u00a0\u00e7imenlerin \u00fczerinde s\u00fcrmek<\/p>\n<p><a dir=\"auto\" spellcheck=\"false\" href=\"https:\/\/www.youtube.com\/watch?v=83m4F73GHVg&amp;t=493s\">08:13<\/a>\u00a0fren testleri<\/p>\n<p><a dir=\"auto\" spellcheck=\"false\" href=\"https:\/\/www.youtube.com\/watch?v=83m4F73GHVg&amp;t=506s\">08:26<\/a>\u00a0h\u0131z g\u00f6stergesinde ve GPS'te h\u0131z\u0131n test edilmesi<\/p>\n<p><a dir=\"auto\" spellcheck=\"false\" href=\"https:\/\/www.youtube.com\/watch?v=83m4F73GHVg&amp;t=662s\">11:02<\/a>\u00a0ileti\u015fim whatsapp +8613632905138<\/p>\n<p>&nbsp;<\/p>","protected":false},"excerpt":{"rendered":"<h3>K\u0131sa A\u00e7\u0131klama:<\/h3>\n<p><p>mangosteen m1p citycoco chopper elektri\u0307kli\u0307 scooter<\/p>\n<p>mangosteen technology co., limited EEC COC DOT<\/p>\n<p>2000w 3000w g\u00fc\u00e7l\u00fc motor 65kmph 37mph<\/p>\n<p>20ah 28ah lityum pil \u00e7\u0131kar\u0131labilir<\/p>\n<p>12 ay garantilidir, <a title=\"mangosten m1p\" href=\"https:\/\/api.whatsapp.com\/send?phone=8613632905138\" target=\"_blank\" rel=\"noopener\">whatsapp +8613632905138<\/a><\/p>\n<\/p>\n<p><\/p>\n<li><em>Marka: <\/em> OEM\/ODM\/ROODER<\/li>\n<li><em>Min.Sipari\u015f Miktar\u0131: <\/em> 10 Adet \/ Adet<\/li>\n<li><em>Tedarik Yetene\u011fi: <\/em> 10000 Adet \/ Adet her Ay<\/li>\n<li><em>Liman: <\/em> Shenzhen<\/li>\n<li><em>\u00d6deme Ko\u015fullar\u0131: <\/em> T\/T, L\/C, D\/A, D\/P<\/li>","protected":false},"featured_media":9452,"comment_status":"closed","ping_status":"open","template":"","meta":[],"product_brand":[],"product_cat":[464],"product_tag":[734,735,736,737,738,739,740],"class_list":{"0":"post-9450","1":"product","2":"type-product","3":"status-publish","4":"has-post-thumbnail","6":"product_cat-citycoco-choppers","7":"product_tag-mangosteen","8":"product_tag-mangosteen-chopper","9":"product_tag-mangosteen-citycoco-chopper","10":"product_tag-mangosteen-electric-scooter","11":"product_tag-mangosteen-m1p","12":"product_tag-mangosteen-m1p-citycoco","13":"product_tag-mangosteen-scooter","15":"first","16":"instock","17":"product-type-simple"},"yoast_head":"<!-- This site is optimized with the Yoast SEO plugin v21.7 - https:\/\/yoast.com\/wordpress\/plugins\/seo\/ -->\n<title>mangosteen m1p citycoco chopper electric scooter - Electric Scooters Bikes Citycoco Manufacturer<\/title>\n<meta name=\"robots\" content=\"index, follow, max-snippet:-1, max-image-preview:large, max-video-preview:-1\" \/>\n<link rel=\"canonical\" href=\"https:\/\/www.rooderchina.com\/tr\/urun\/mangosteen-m1p-citycoco-chopper-electric-scooter\/\" \/>\n<meta property=\"og:locale\" content=\"tr_TR\" \/>\n<meta property=\"og:type\" content=\"article\" \/>\n<meta property=\"og:title\" content=\"mangosteen m1p citycoco chopper electric scooter - Electric Scooters Bikes Citycoco Manufacturer\" \/>\n<meta property=\"og:description\" content=\"Short Description: mangosteen m1p citycoco chopper electric scooter mangosteen technology co., limited EEC COC DOT 2000w 3000w powerful engine 65kmph 37mph 20ah 28ah lithium battery removable 12 months warranty, whatsapp +8613632905138    Brand: OEM\/ODM\/ROODER   Min.Order Quantity: 10 Piece\/Pieces   Supply Ability: 10000 Piece\/Pieces per Month   Port: Shenzhen   Payment Terms: T\/T, L\/C, D\/A, D\/P\" \/>\n<meta property=\"og:url\" content=\"https:\/\/www.rooderchina.com\/tr\/urun\/mangosteen-m1p-citycoco-chopper-electric-scooter\/\" \/>\n<meta property=\"og:site_name\" content=\"Electric Scooters Bikes Citycoco Manufacturer\" \/>\n<meta property=\"article:publisher\" content=\"https:\/\/www.facebook.com\/rooder.tec\" \/>\n<meta property=\"article:modified_time\" content=\"2023-11-11T10:36:37+00:00\" \/>\n<meta property=\"og:image\" content=\"https:\/\/www.rooderchina.com\/wp-content\/uploads\/2023\/11\/mangosteen-m1p-1.jpg\" \/>\n\t<meta property=\"og:image:width\" content=\"800\" \/>\n\t<meta property=\"og:image:height\" content=\"800\" \/>\n\t<meta property=\"og:image:type\" content=\"image\/jpeg\" \/>\n<meta name=\"twitter:card\" content=\"summary_large_image\" \/>\n<meta name=\"twitter:site\" content=\"@RooderTec\" \/>\n<meta name=\"twitter:label1\" content=\"Tahmini okuma s\u00fcresi\" \/>\n\t<meta name=\"twitter:data1\" content=\"2 dakika\" \/>\n<script type=\"application\/ld+json\" class=\"yoast-schema-graph\">{\"@context\":\"https:\/\/schema.org\",\"@graph\":[{\"@type\":\"WebPage\",\"@id\":\"https:\/\/www.rooderchina.com\/product\/mangosteen-m1p-citycoco-chopper-electric-scooter\/\",\"url\":\"https:\/\/www.rooderchina.com\/product\/mangosteen-m1p-citycoco-chopper-electric-scooter\/\",\"name\":\"mangosteen m1p citycoco chopper electric scooter - Electric Scooters Bikes Citycoco Manufacturer\",\"isPartOf\":{\"@id\":\"https:\/\/www.rooderchina.com\/#website\"},\"datePublished\":\"2023-11-11T10:35:38+00:00\",\"dateModified\":\"2023-11-11T10:36:37+00:00\",\"breadcrumb\":{\"@id\":\"https:\/\/www.rooderchina.com\/product\/mangosteen-m1p-citycoco-chopper-electric-scooter\/#breadcrumb\"},\"inLanguage\":\"tr\",\"potentialAction\":[{\"@type\":\"ReadAction\",\"target\":[\"https:\/\/www.rooderchina.com\/product\/mangosteen-m1p-citycoco-chopper-electric-scooter\/\"]}]},{\"@type\":\"BreadcrumbList\",\"@id\":\"https:\/\/www.rooderchina.com\/product\/mangosteen-m1p-citycoco-chopper-electric-scooter\/#breadcrumb\",\"itemListElement\":[{\"@type\":\"ListItem\",\"position\":1,\"name\":\"HOME\",\"item\":\"https:\/\/www.rooderchina.com\/\"},{\"@type\":\"ListItem\",\"position\":2,\"name\":\"Shop\",\"item\":\"https:\/\/www.rooderchina.com\/shop\/\"},{\"@type\":\"ListItem\",\"position\":3,\"name\":\"mangosteen m1p citycoco chopper electric scooter\"}]},{\"@type\":\"WebSite\",\"@id\":\"https:\/\/www.rooderchina.com\/#website\",\"url\":\"https:\/\/www.rooderchina.com\/\",\"name\":\"Electric Scooters Bikes Citycoco Manufacturer\",\"description\":\"Rooder Technology Limited\",\"publisher\":{\"@id\":\"https:\/\/www.rooderchina.com\/#organization\"},\"potentialAction\":[{\"@type\":\"SearchAction\",\"target\":{\"@type\":\"EntryPoint\",\"urlTemplate\":\"https:\/\/www.rooderchina.com\/?s={search_term_string}\"},\"query-input\":\"required name=search_term_string\"}],\"inLanguage\":\"tr\"},{\"@type\":\"Organization\",\"@id\":\"https:\/\/www.rooderchina.com\/#organization\",\"name\":\"Electric Scooters Bikes Citycoco Manufacturer\",\"url\":\"https:\/\/www.rooderchina.com\/\",\"logo\":{\"@type\":\"ImageObject\",\"inLanguage\":\"tr\",\"@id\":\"https:\/\/www.rooderchina.com\/#\/schema\/logo\/image\/\",\"url\":\"https:\/\/www.rooderchina.com\/wp-content\/uploads\/2023\/12\/rooder2.jpg\",\"contentUrl\":\"https:\/\/www.rooderchina.com\/wp-content\/uploads\/2023\/12\/rooder2.jpg\",\"width\":1723,\"height\":1037,\"caption\":\"Electric Scooters Bikes Citycoco Manufacturer\"},\"image\":{\"@id\":\"https:\/\/www.rooderchina.com\/#\/schema\/logo\/image\/\"},\"sameAs\":[\"https:\/\/www.facebook.com\/rooder.tec\",\"https:\/\/twitter.com\/RooderTec\"]}]}<\/script>\n<!-- \/ Yoast SEO plugin. -->","yoast_head_json":{"title":"mangosteen m1p citycoco chopper electric scooter - Electric Scooters Bikes Citycoco Manufacturer","robots":{"index":"index","follow":"follow","max-snippet":"max-snippet:-1","max-image-preview":"max-image-preview:large","max-video-preview":"max-video-preview:-1"},"canonical":"https:\/\/www.rooderchina.com\/tr\/urun\/mangosteen-m1p-citycoco-chopper-electric-scooter\/","og_locale":"tr_TR","og_type":"article","og_title":"mangosteen m1p citycoco chopper electric scooter - Electric Scooters Bikes Citycoco Manufacturer","og_description":"Short Description: mangosteen m1p citycoco chopper electric scooter mangosteen technology co., limited EEC COC DOT 2000w 3000w powerful engine 65kmph 37mph 20ah 28ah lithium battery removable 12 months warranty, whatsapp +8613632905138    Brand: OEM\/ODM\/ROODER   Min.Order Quantity: 10 Piece\/Pieces   Supply Ability: 10000 Piece\/Pieces per Month   Port: Shenzhen   Payment Terms: T\/T, L\/C, D\/A, D\/P","og_url":"https:\/\/www.rooderchina.com\/tr\/urun\/mangosteen-m1p-citycoco-chopper-electric-scooter\/","og_site_name":"Electric Scooters Bikes Citycoco Manufacturer","article_publisher":"https:\/\/www.facebook.com\/rooder.tec","article_modified_time":"2023-11-11T10:36:37+00:00","og_image":[{"width":800,"height":800,"url":"https:\/\/www.rooderchina.com\/wp-content\/uploads\/2023\/11\/mangosteen-m1p-1.jpg","type":"image\/jpeg"}],"twitter_card":"summary_large_image","twitter_site":"@RooderTec","twitter_misc":{"Tahmini okuma s\u00fcresi":"2 dakika"},"schema":{"@context":"https:\/\/schema.org","@graph":[{"@type":"WebPage","@id":"https:\/\/www.rooderchina.com\/product\/mangosteen-m1p-citycoco-chopper-electric-scooter\/","url":"https:\/\/www.rooderchina.com\/product\/mangosteen-m1p-citycoco-chopper-electric-scooter\/","name":"mangosteen m1p citycoco chopper electric scooter - Electric Scooters Bikes Citycoco Manufacturer","isPartOf":{"@id":"https:\/\/www.rooderchina.com\/#website"},"datePublished":"2023-11-11T10:35:38+00:00","dateModified":"2023-11-11T10:36:37+00:00","breadcrumb":{"@id":"https:\/\/www.rooderchina.com\/product\/mangosteen-m1p-citycoco-chopper-electric-scooter\/#breadcrumb"},"inLanguage":"tr","potentialAction":[{"@type":"ReadAction","target":["https:\/\/www.rooderchina.com\/product\/mangosteen-m1p-citycoco-chopper-electric-scooter\/"]}]},{"@type":"BreadcrumbList","@id":"https:\/\/www.rooderchina.com\/product\/mangosteen-m1p-citycoco-chopper-electric-scooter\/#breadcrumb","itemListElement":[{"@type":"ListItem","position":1,"name":"HOME","item":"https:\/\/www.rooderchina.com\/"},{"@type":"ListItem","position":2,"name":"Shop","item":"https:\/\/www.rooderchina.com\/shop\/"},{"@type":"ListItem","position":3,"name":"mangosteen m1p citycoco chopper electric scooter"}]},{"@type":"WebSite","@id":"https:\/\/www.rooderchina.com\/#website","url":"https:\/\/www.rooderchina.com\/","name":"Electric Scooters Bikes Citycoco Manufacturer","description":"Rooder Technology Limited","publisher":{"@id":"https:\/\/www.rooderchina.com\/#organization"},"potentialAction":[{"@type":"SearchAction","target":{"@type":"EntryPoint","urlTemplate":"https:\/\/www.rooderchina.com\/?s={search_term_string}"},"query-input":"required name=search_term_string"}],"inLanguage":"tr"},{"@type":"Organization","@id":"https:\/\/www.rooderchina.com\/#organization","name":"Electric Scooters Bikes Citycoco Manufacturer","url":"https:\/\/www.rooderchina.com\/","logo":{"@type":"ImageObject","inLanguage":"tr","@id":"https:\/\/www.rooderchina.com\/#\/schema\/logo\/image\/","url":"https:\/\/www.rooderchina.com\/wp-content\/uploads\/2023\/12\/rooder2.jpg","contentUrl":"https:\/\/www.rooderchina.com\/wp-content\/uploads\/2023\/12\/rooder2.jpg","width":1723,"height":1037,"caption":"Electric Scooters Bikes Citycoco Manufacturer"},"image":{"@id":"https:\/\/www.rooderchina.com\/#\/schema\/logo\/image\/"},"sameAs":["https:\/\/www.facebook.com\/rooder.tec","https:\/\/twitter.com\/RooderTec"]}]}},"_links":{"self":[{"href":"https:\/\/www.rooderchina.com\/tr\/wp-json\/wp\/v2\/product\/9450","targetHints":{"allow":["GET"]}}],"collection":[{"href":"https:\/\/www.rooderchina.com\/tr\/wp-json\/wp\/v2\/product"}],"about":[{"href":"https:\/\/www.rooderchina.com\/tr\/wp-json\/wp\/v2\/types\/product"}],"replies":[{"embeddable":true,"href":"https:\/\/www.rooderchina.com\/tr\/wp-json\/wp\/v2\/comments?post=9450"}],"version-history":[{"count":1,"href":"https:\/\/www.rooderchina.com\/tr\/wp-json\/wp\/v2\/product\/9450\/revisions"}],"predecessor-version":[{"id":9451,"href":"https:\/\/www.rooderchina.com\/tr\/wp-json\/wp\/v2\/product\/9450\/revisions\/9451"}],"wp:featuredmedia":[{"embeddable":true,"href":"https:\/\/www.rooderchina.com\/tr\/wp-json\/wp\/v2\/media\/9452"}],"wp:attachment":[{"href":"https:\/\/www.rooderchina.com\/tr\/wp-json\/wp\/v2\/media?parent=9450"}],"wp:term":[{"taxonomy":"product_brand","embeddable":true,"href":"https:\/\/www.rooderchina.com\/tr\/wp-json\/wp\/v2\/product_brand?post=9450"},{"taxonomy":"product_cat","embeddable":true,"href":"https:\/\/www.rooderchina.com\/tr\/wp-json\/wp\/v2\/product_cat?post=9450"},{"taxonomy":"product_tag","embeddable":true,"href":"https:\/\/www.rooderchina.com\/tr\/wp-json\/wp\/v2\/product_tag?post=9450"}],"curies":[{"name":"wp","href":"https:\/\/api.w.org\/{rel}","templated":true}]}}