{"id":9400,"date":"2023-11-11T18:35:38","date_gmt":"2023-11-11T10:35:38","guid":{"rendered":"http:\/\/www.rooderchina.com\/index.php\/product\/self-balancing-electric-scooter-a8-a8-10-with-10-inch-tires-li-ion-battery-msds-un38-3-ce-fcc-rohs-certificatoins\/"},"modified":"2023-11-20T01:49:05","modified_gmt":"2023-11-19T17:49:05","slug":"self-balancing-electric-scooter-a8-a8-10-with-10-inch-tires-li-ion-battery-msds-un38-3-ce-fcc-rohs-certificatoins","status":"publish","type":"product","link":"https:\/\/www.rooderchina.com\/tr\/urun\/self-balancing-electric-scooter-a8-a8-10-with-10-inch-tires-li-ion-battery-msds-un38-3-ce-fcc-rohs-certificatoins\/","title":{"rendered":"kendini dengeleyen elektrikli scooter a8 a8-10 10 in\u00e7 lastikli li-ion pil MSDS UN38.3 CE FCC RoHS sertifikalar\u0131"},"content":{"rendered":"<p>Avrupa, Amerika, Brezilya, Arjantin, Japonya, G\u00fcney Afrika ve benzeri farkl\u0131 pazarlar i\u00e7in CE, EN15194, RoHS ve EEC sertifikalar\u0131 ile yerel pazarda \u00fcnl\u00fc bir markay\u0131z.<\/p>\n<p>End\u00fcstriyi geli\u015ftirmek i\u00e7in bize kat\u0131lman\u0131z\u0131 memnuniyetle kar\u015f\u0131l\u0131yoruz ve i\u00e7tenlikle iyi fiyat ve iyi hizmet ile kaliteli \u00fcr\u00fcnler tedarik edece\u011fimize s\u00f6z veriyoruz. Sizinle i\u015fbirli\u011fi yapmay\u0131 ve ilerlemeyi ve birlikte harika bir ya\u015fam bah\u00e7esi in\u015fa etmeyi umuyoruz.<\/p>\n<p><strong><a href=\"https:\/\/www.rooderchina.com\/tr\/tag\/self-balancing-electric-scooter\/\" title=\"View all posts in kendini dengeleyen elektrikli scooter\" target=\"_blank\" rel=\"noopener\">kendi\u0307ni\u0307 dengeleyen elektri\u0307kli\u0307 scooter<\/a> a8 a8-10 10 in\u00e7 lastikli li-ion pil MSDS UN38.3 CE FCC RoHS sertifikalar\u0131<\/strong><\/p>\n<\/p>\n<p>model: a8-10<br \/>\nnet a\u011f\u0131rl\u0131k:14kgs<br \/>\nlastik boyutu:10\u2033<br \/>\nmaksimum y\u00fck: 120kgs<br \/>\nmaksimum h\u0131z s\u0131n\u0131r\u0131:10km\/s<br \/>\nmenzil:15-20km<br \/>\nminimus d\u00f6n\u00fc\u015f yar\u0131\u00e7ap\u0131:0<br \/>\nmaksimum t\u0131rmanma limiti:20<br \/>\nbatarya:lityum-iyon 36v 4.4ah samsung<br \/>\n\u015farj s\u0131cakl\u0131\u011f\u0131: 0 \u2103 ~ 40 \u2103<br \/>\n\u00e7al\u0131\u015ft\u0131r\u0131lan s\u0131cakl\u0131k: -15 \u2103 ~ 50 \u2103<br \/>\nMotor: 350w*2<br \/>\npower requirements:ac100-240v\/50-60hz<br \/>\n\u015farj s\u00fcresi: 2-3 saat<br \/>\nambalaj kartonu: 68*35*38cm<br \/>\nbr\u00fct a\u011f\u0131rl\u0131k: 17kg<br \/>\nmevcut renk: siyah, beyaz, k\u0131rm\u0131z\u0131, mavi vb.<\/p>\n<p>1 adet\/karton<br \/>\nnet a\u011f\u0131rl\u0131k:14kg<br \/>\ngw:17kg<br \/>\nkarton boyutu: 68*35*38cm<br \/>\n0.09cbm\/adet<\/p>\n<p>konteyner d\u00fczeni:<br \/>\n20gp'de 321 adet<br \/>\n40gp'de 686 adet<br \/>\n40 saat i\u00e7inde 774 adet<\/p>","protected":false},"excerpt":{"rendered":"<h3>K\u0131sa A\u00e7\u0131klama:<\/h3>\n<p><p>y\u00fcksek kaliteli kendini dengeleyen elektrikli scooter, Rooder kendini dengeleyen elektrikli scooter fabrika tedarik\u00e7isi \u00fcretici ihracat\u00e7\u0131 firmadan toptan d\u00fc\u015f\u00fck fiyat kendini dengeleyen elektrikli scooter bulmak<\/p>\n<p>10 in\u00e7,<br \/>\nLityum pil,<br \/>\n350w*2 motorlar,<br \/>\nce fcc rohs serti\u0307fi\u0307kali,<br \/>\nmsds, un38.3<\/p>\n<\/p>\n<p><\/p>\n<li><em>Marka: <\/em> OEM\/ODM\/ROODER<\/li>\n<li><em>Min.Sipari\u015f Miktar\u0131: <\/em> 10 Adet \/ Adet<\/li>\n<li><em>Tedarik Yetene\u011fi: <\/em> 10000 Adet \/ Adet her Ay<\/li>\n<li><em>Liman: <\/em> Shenzhen<\/li>\n<li><em>\u00d6deme Ko\u015fullar\u0131: <\/em> T\/T, L\/C, D\/A, D\/P<\/li>","protected":false},"featured_media":9402,"comment_status":"closed","ping_status":"closed","template":"","meta":[],"product_brand":[],"product_cat":[556],"product_tag":[708,709,710,711,712,698,690,560,706,713],"class_list":{"0":"post-9400","1":"product","2":"type-product","3":"status-publish","4":"has-post-thumbnail","6":"product_cat-others","7":"product_tag-2-wheels-hoverboard-for-sale","8":"product_tag-balancing-scooter","9":"product_tag-electrical-scooter","10":"product_tag-new-design-electric-scooter","11":"product_tag-personal-scooter-hoverboard","12":"product_tag-scooter","13":"product_tag-self-balancing-electric-scooter","14":"product_tag-self-balancing-scooter","15":"product_tag-two-wheel-scooter","16":"product_tag-x3-hoverboard","18":"first","19":"instock","20":"product-type-simple"},"yoast_head":"<!-- This site is optimized with the Yoast SEO plugin v21.7 - https:\/\/yoast.com\/wordpress\/plugins\/seo\/ -->\n<title>self balancing electric scooter a8 a8-10 with 10 inch tires li-ion battery MSDS UN38.3 CE FCC RoHS certificatoins - Electric Scooters Bikes Citycoco Manufacturer<\/title>\n<meta name=\"robots\" content=\"index, follow, max-snippet:-1, max-image-preview:large, max-video-preview:-1\" \/>\n<link rel=\"canonical\" href=\"https:\/\/www.rooderchina.com\/tr\/urun\/self-balancing-electric-scooter-a8-a8-10-with-10-inch-tires-li-ion-battery-msds-un38-3-ce-fcc-rohs-certificatoins\/\" \/>\n<meta property=\"og:locale\" content=\"tr_TR\" \/>\n<meta property=\"og:type\" content=\"article\" \/>\n<meta property=\"og:title\" content=\"self balancing electric scooter a8 a8-10 with 10 inch tires li-ion battery MSDS UN38.3 CE FCC RoHS certificatoins - Electric Scooters Bikes Citycoco Manufacturer\" \/>\n<meta property=\"og:description\" content=\"Short Description: find high quality self balancing electric scooter, wholesale low price\u00a0self balancing electric scooter from Rooder\u00a0self balancing electric scooter factory supplier manufacturer exporter company 10inch, lithium battery, 350w*2 motors, ce fcc rohs certified, msds, un38.3    Brand: OEM\/ODM\/ROODER   Min.Order Quantity: 10 Piece\/Pieces   Supply Ability: 10000 Piece\/Pieces per Month   Port: Shenzhen   Payment Terms: T\/T, L\/C, D\/A, D\/P\" \/>\n<meta property=\"og:url\" content=\"https:\/\/www.rooderchina.com\/tr\/urun\/self-balancing-electric-scooter-a8-a8-10-with-10-inch-tires-li-ion-battery-msds-un38-3-ce-fcc-rohs-certificatoins\/\" \/>\n<meta property=\"og:site_name\" content=\"Electric Scooters Bikes Citycoco Manufacturer\" \/>\n<meta property=\"article:publisher\" content=\"https:\/\/www.facebook.com\/rooder.tec\" \/>\n<meta property=\"article:modified_time\" content=\"2023-11-19T17:49:05+00:00\" \/>\n<meta property=\"og:image\" content=\"https:\/\/www.rooderchina.com\/wp-content\/uploads\/2023\/11\/ab21622f.jpg\" \/>\n\t<meta property=\"og:image:width\" content=\"750\" \/>\n\t<meta property=\"og:image:height\" content=\"750\" \/>\n\t<meta property=\"og:image:type\" content=\"image\/jpeg\" \/>\n<meta name=\"twitter:card\" content=\"summary_large_image\" \/>\n<meta name=\"twitter:site\" content=\"@RooderTec\" \/>\n<meta name=\"twitter:label1\" content=\"Tahmini okuma s\u00fcresi\" \/>\n\t<meta name=\"twitter:data1\" content=\"1 dakika\" \/>\n<script type=\"application\/ld+json\" class=\"yoast-schema-graph\">{\"@context\":\"https:\/\/schema.org\",\"@graph\":[{\"@type\":\"WebPage\",\"@id\":\"https:\/\/www.rooderchina.com\/product\/self-balancing-electric-scooter-a8-a8-10-with-10-inch-tires-li-ion-battery-msds-un38-3-ce-fcc-rohs-certificatoins\/\",\"url\":\"https:\/\/www.rooderchina.com\/product\/self-balancing-electric-scooter-a8-a8-10-with-10-inch-tires-li-ion-battery-msds-un38-3-ce-fcc-rohs-certificatoins\/\",\"name\":\"self balancing electric scooter a8 a8-10 with 10 inch tires li-ion battery MSDS UN38.3 CE FCC RoHS certificatoins - Electric Scooters Bikes Citycoco Manufacturer\",\"isPartOf\":{\"@id\":\"https:\/\/www.rooderchina.com\/#website\"},\"datePublished\":\"2023-11-11T10:35:38+00:00\",\"dateModified\":\"2023-11-19T17:49:05+00:00\",\"breadcrumb\":{\"@id\":\"https:\/\/www.rooderchina.com\/product\/self-balancing-electric-scooter-a8-a8-10-with-10-inch-tires-li-ion-battery-msds-un38-3-ce-fcc-rohs-certificatoins\/#breadcrumb\"},\"inLanguage\":\"tr\",\"potentialAction\":[{\"@type\":\"ReadAction\",\"target\":[\"https:\/\/www.rooderchina.com\/product\/self-balancing-electric-scooter-a8-a8-10-with-10-inch-tires-li-ion-battery-msds-un38-3-ce-fcc-rohs-certificatoins\/\"]}]},{\"@type\":\"BreadcrumbList\",\"@id\":\"https:\/\/www.rooderchina.com\/product\/self-balancing-electric-scooter-a8-a8-10-with-10-inch-tires-li-ion-battery-msds-un38-3-ce-fcc-rohs-certificatoins\/#breadcrumb\",\"itemListElement\":[{\"@type\":\"ListItem\",\"position\":1,\"name\":\"HOME\",\"item\":\"https:\/\/www.rooderchina.com\/\"},{\"@type\":\"ListItem\",\"position\":2,\"name\":\"Shop\",\"item\":\"https:\/\/www.rooderchina.com\/shop\/\"},{\"@type\":\"ListItem\",\"position\":3,\"name\":\"self balancing electric scooter a8 a8-10 with 10 inch tires li-ion battery MSDS UN38.3 CE FCC RoHS certificatoins\"}]},{\"@type\":\"WebSite\",\"@id\":\"https:\/\/www.rooderchina.com\/#website\",\"url\":\"https:\/\/www.rooderchina.com\/\",\"name\":\"Electric Scooters Bikes Citycoco Manufacturer\",\"description\":\"Rooder Technology Limited\",\"publisher\":{\"@id\":\"https:\/\/www.rooderchina.com\/#organization\"},\"potentialAction\":[{\"@type\":\"SearchAction\",\"target\":{\"@type\":\"EntryPoint\",\"urlTemplate\":\"https:\/\/www.rooderchina.com\/?s={search_term_string}\"},\"query-input\":\"required name=search_term_string\"}],\"inLanguage\":\"tr\"},{\"@type\":\"Organization\",\"@id\":\"https:\/\/www.rooderchina.com\/#organization\",\"name\":\"Electric Scooters Bikes Citycoco Manufacturer\",\"url\":\"https:\/\/www.rooderchina.com\/\",\"logo\":{\"@type\":\"ImageObject\",\"inLanguage\":\"tr\",\"@id\":\"https:\/\/www.rooderchina.com\/#\/schema\/logo\/image\/\",\"url\":\"https:\/\/www.rooderchina.com\/wp-content\/uploads\/2023\/12\/rooder2.jpg\",\"contentUrl\":\"https:\/\/www.rooderchina.com\/wp-content\/uploads\/2023\/12\/rooder2.jpg\",\"width\":1723,\"height\":1037,\"caption\":\"Electric Scooters Bikes Citycoco Manufacturer\"},\"image\":{\"@id\":\"https:\/\/www.rooderchina.com\/#\/schema\/logo\/image\/\"},\"sameAs\":[\"https:\/\/www.facebook.com\/rooder.tec\",\"https:\/\/twitter.com\/RooderTec\"]}]}<\/script>\n<!-- \/ Yoast SEO plugin. -->","yoast_head_json":{"title":"self balancing electric scooter a8 a8-10 with 10 inch tires li-ion battery MSDS UN38.3 CE FCC RoHS certificatoins - Electric Scooters Bikes Citycoco Manufacturer","robots":{"index":"index","follow":"follow","max-snippet":"max-snippet:-1","max-image-preview":"max-image-preview:large","max-video-preview":"max-video-preview:-1"},"canonical":"https:\/\/www.rooderchina.com\/tr\/urun\/self-balancing-electric-scooter-a8-a8-10-with-10-inch-tires-li-ion-battery-msds-un38-3-ce-fcc-rohs-certificatoins\/","og_locale":"tr_TR","og_type":"article","og_title":"self balancing electric scooter a8 a8-10 with 10 inch tires li-ion battery MSDS UN38.3 CE FCC RoHS certificatoins - Electric Scooters Bikes Citycoco Manufacturer","og_description":"Short Description: find high quality self balancing electric scooter, wholesale low price\u00a0self balancing electric scooter from Rooder\u00a0self balancing electric scooter factory supplier manufacturer exporter company 10inch, lithium battery, 350w*2 motors, ce fcc rohs certified, msds, un38.3    Brand: OEM\/ODM\/ROODER   Min.Order Quantity: 10 Piece\/Pieces   Supply Ability: 10000 Piece\/Pieces per Month   Port: Shenzhen   Payment Terms: T\/T, L\/C, D\/A, D\/P","og_url":"https:\/\/www.rooderchina.com\/tr\/urun\/self-balancing-electric-scooter-a8-a8-10-with-10-inch-tires-li-ion-battery-msds-un38-3-ce-fcc-rohs-certificatoins\/","og_site_name":"Electric Scooters Bikes Citycoco Manufacturer","article_publisher":"https:\/\/www.facebook.com\/rooder.tec","article_modified_time":"2023-11-19T17:49:05+00:00","og_image":[{"width":750,"height":750,"url":"https:\/\/www.rooderchina.com\/wp-content\/uploads\/2023\/11\/ab21622f.jpg","type":"image\/jpeg"}],"twitter_card":"summary_large_image","twitter_site":"@RooderTec","twitter_misc":{"Tahmini okuma s\u00fcresi":"1 dakika"},"schema":{"@context":"https:\/\/schema.org","@graph":[{"@type":"WebPage","@id":"https:\/\/www.rooderchina.com\/product\/self-balancing-electric-scooter-a8-a8-10-with-10-inch-tires-li-ion-battery-msds-un38-3-ce-fcc-rohs-certificatoins\/","url":"https:\/\/www.rooderchina.com\/product\/self-balancing-electric-scooter-a8-a8-10-with-10-inch-tires-li-ion-battery-msds-un38-3-ce-fcc-rohs-certificatoins\/","name":"self balancing electric scooter a8 a8-10 with 10 inch tires li-ion battery MSDS UN38.3 CE FCC RoHS certificatoins - Electric Scooters Bikes Citycoco Manufacturer","isPartOf":{"@id":"https:\/\/www.rooderchina.com\/#website"},"datePublished":"2023-11-11T10:35:38+00:00","dateModified":"2023-11-19T17:49:05+00:00","breadcrumb":{"@id":"https:\/\/www.rooderchina.com\/product\/self-balancing-electric-scooter-a8-a8-10-with-10-inch-tires-li-ion-battery-msds-un38-3-ce-fcc-rohs-certificatoins\/#breadcrumb"},"inLanguage":"tr","potentialAction":[{"@type":"ReadAction","target":["https:\/\/www.rooderchina.com\/product\/self-balancing-electric-scooter-a8-a8-10-with-10-inch-tires-li-ion-battery-msds-un38-3-ce-fcc-rohs-certificatoins\/"]}]},{"@type":"BreadcrumbList","@id":"https:\/\/www.rooderchina.com\/product\/self-balancing-electric-scooter-a8-a8-10-with-10-inch-tires-li-ion-battery-msds-un38-3-ce-fcc-rohs-certificatoins\/#breadcrumb","itemListElement":[{"@type":"ListItem","position":1,"name":"HOME","item":"https:\/\/www.rooderchina.com\/"},{"@type":"ListItem","position":2,"name":"Shop","item":"https:\/\/www.rooderchina.com\/shop\/"},{"@type":"ListItem","position":3,"name":"self balancing electric scooter a8 a8-10 with 10 inch tires li-ion battery MSDS UN38.3 CE FCC RoHS certificatoins"}]},{"@type":"WebSite","@id":"https:\/\/www.rooderchina.com\/#website","url":"https:\/\/www.rooderchina.com\/","name":"Electric Scooters Bikes Citycoco Manufacturer","description":"Rooder Technology Limited","publisher":{"@id":"https:\/\/www.rooderchina.com\/#organization"},"potentialAction":[{"@type":"SearchAction","target":{"@type":"EntryPoint","urlTemplate":"https:\/\/www.rooderchina.com\/?s={search_term_string}"},"query-input":"required name=search_term_string"}],"inLanguage":"tr"},{"@type":"Organization","@id":"https:\/\/www.rooderchina.com\/#organization","name":"Electric Scooters Bikes Citycoco Manufacturer","url":"https:\/\/www.rooderchina.com\/","logo":{"@type":"ImageObject","inLanguage":"tr","@id":"https:\/\/www.rooderchina.com\/#\/schema\/logo\/image\/","url":"https:\/\/www.rooderchina.com\/wp-content\/uploads\/2023\/12\/rooder2.jpg","contentUrl":"https:\/\/www.rooderchina.com\/wp-content\/uploads\/2023\/12\/rooder2.jpg","width":1723,"height":1037,"caption":"Electric Scooters Bikes Citycoco Manufacturer"},"image":{"@id":"https:\/\/www.rooderchina.com\/#\/schema\/logo\/image\/"},"sameAs":["https:\/\/www.facebook.com\/rooder.tec","https:\/\/twitter.com\/RooderTec"]}]}},"_links":{"self":[{"href":"https:\/\/www.rooderchina.com\/tr\/wp-json\/wp\/v2\/product\/9400","targetHints":{"allow":["GET"]}}],"collection":[{"href":"https:\/\/www.rooderchina.com\/tr\/wp-json\/wp\/v2\/product"}],"about":[{"href":"https:\/\/www.rooderchina.com\/tr\/wp-json\/wp\/v2\/types\/product"}],"replies":[{"embeddable":true,"href":"https:\/\/www.rooderchina.com\/tr\/wp-json\/wp\/v2\/comments?post=9400"}],"version-history":[{"count":1,"href":"https:\/\/www.rooderchina.com\/tr\/wp-json\/wp\/v2\/product\/9400\/revisions"}],"predecessor-version":[{"id":9401,"href":"https:\/\/www.rooderchina.com\/tr\/wp-json\/wp\/v2\/product\/9400\/revisions\/9401"}],"wp:featuredmedia":[{"embeddable":true,"href":"https:\/\/www.rooderchina.com\/tr\/wp-json\/wp\/v2\/media\/9402"}],"wp:attachment":[{"href":"https:\/\/www.rooderchina.com\/tr\/wp-json\/wp\/v2\/media?parent=9400"}],"wp:term":[{"taxonomy":"product_brand","embeddable":true,"href":"https:\/\/www.rooderchina.com\/tr\/wp-json\/wp\/v2\/product_brand?post=9400"},{"taxonomy":"product_cat","embeddable":true,"href":"https:\/\/www.rooderchina.com\/tr\/wp-json\/wp\/v2\/product_cat?post=9400"},{"taxonomy":"product_tag","embeddable":true,"href":"https:\/\/www.rooderchina.com\/tr\/wp-json\/wp\/v2\/product_tag?post=9400"}],"curies":[{"name":"wp","href":"https:\/\/api.w.org\/{rel}","templated":true}]}}