{"id":9303,"date":"2023-11-11T18:33:51","date_gmt":"2023-11-11T10:33:51","guid":{"rendered":"http:\/\/www.rooderchina.com\/index.php\/product\/hover-kart-to-racing-go-karting-with-6-5-inch-hoverboard-for-kids-for-sale\/"},"modified":"2023-11-20T01:46:01","modified_gmt":"2023-11-19T17:46:01","slug":"hover-kart-to-racing-go-karting-with-6-5-inch-hoverboard-for-kids-for-sale","status":"publish","type":"product","link":"https:\/\/www.rooderchina.com\/tr\/urun\/hover-kart-to-racing-go-karting-with-6-5-inch-hoverboard-for-kids-for-sale\/","title":{"rendered":"sat\u0131l\u0131k \u00e7ocuklar i\u00e7in 6.5 in\u00e7 u\u00e7an kaykay ile yar\u0131\u015fa gitmek i\u00e7in hover kart"},"content":{"rendered":"<p>With advanced production equipment, experienced professionals, technical advantages and strict attitude of excellence, we stick to the business culture of &#8220;integrity, pragmatism, innovation, and high performance&#8221;. We have been one of the famous scooter lighting manufacturers. Now our products enjoy great popularity not only in domestic market but also in overseas markets.<\/p>\n<p>Rooder scooter Factory will be dedicated to providing the first-class quality, perfect service and a full range of various scooter products for all friends. We sincerely hope to establish win-win cooperative relationships with you hand in hand to create a bright future.<\/p>\n<p><strong><a href=\"https:\/\/www.rooderchina.com\/tr\/tag\/hover-kart-to-racing-go-karting\/\" title=\"View all posts in hover kart to racing go karting\" target=\"_blank\" rel=\"noopener\">hover kart to racing go karting<\/a> with 6.5 inch hoverboard for kids for sale from Rooder technology hover kart factory supplier exporter company manufacturer<\/strong><\/p>\n<\/p>\n<p>&nbsp;<\/p>\n<p>tire size: 6.5inch<br \/>\nrange: 20km<br \/>\nmax. speed:15km\/h<br \/>\nbattery: lithium battery 36v4.4ah<br \/>\nmotor: 300w<br \/>\nmax load: 100kg<br \/>\nmax climb angle: 15\u00b0<br \/>\ncharging time: 120-150minutes<br \/>\napplicable temperature: 0-40\u00b0c<br \/>\ninfrared sensor<br \/>\n\u00f6n ve arka lambalar<br \/>\ncarton size: 650 x 320 x 300 mm<br \/>\nnw:15kg gw: 17kg<br \/>\noption: bluetooth, app<\/p>","protected":false},"excerpt":{"rendered":"<h3>K\u0131sa A\u00e7\u0131klama:<\/h3>\n<p><p>find high quality\u00a0hover kart hoverboard, wholesale cheap price\u00a0hover kart hoverboard from Rooder\u00a0hover kart hoverboard supplier factory manufacturer exporter company<\/p>\n<p>infrared sensor,<br \/>\nfront and rear lights,<br \/>\nsmart balance,<br \/>\n6.5 inch,<br \/>\nToptan sat\u0131\u015f fiyat\u0131,<br \/>\nfactory diretly<\/p>\n<\/p>\n<p><\/p>\n<li><em>Marka: <\/em> OEM\/ODM\/ROODER<\/li>\n<li><em>Min.Sipari\u015f Miktar\u0131: <\/em> 10 Adet \/ Adet<\/li>\n<li><em>Tedarik Yetene\u011fi: <\/em> 10000 Adet \/ Adet her Ay<\/li>\n<li><em>Liman: <\/em> Shenzhen<\/li>\n<li><em>\u00d6deme Ko\u015fullar\u0131: <\/em> T\/T, L\/C, D\/A, D\/P<\/li>","protected":false},"featured_media":9305,"comment_status":"closed","ping_status":"closed","template":"","meta":[],"product_brand":[],"product_cat":[556],"product_tag":[617,618,619,620,621,622,623,624,625,626,627,628,629,630],"class_list":{"0":"post-9303","1":"product","2":"type-product","3":"status-publish","4":"has-post-thumbnail","6":"product_cat-others","7":"product_tag-3-wheel-hoverboard-scooter","8":"product_tag-cheap-hoverkart","9":"product_tag-electric-scooter-2-wheel-folding-seat-hoverkart","10":"product_tag-go-kart-dual-seat","11":"product_tag-go-kart-plastic-seat","12":"product_tag-go-kart-seat-red","13":"product_tag-go-karting-scooter","14":"product_tag-hover-kart-hoverboard","15":"product_tag-hover-kart-to-racing-go-karting","16":"product_tag-hovercart","17":"product_tag-hoverkart","18":"product_tag-hoverkart-hover-kart","19":"product_tag-hoverseat","20":"product_tag-racing-go-karts-for-sale","22":"first","23":"instock","24":"product-type-simple"},"yoast_head":"<!-- This site is optimized with the Yoast SEO plugin v21.7 - https:\/\/yoast.com\/wordpress\/plugins\/seo\/ -->\n<title>hover kart to racing go karting with 6.5 inch hoverboard for kids for sale - Electric Scooters Bikes Citycoco Manufacturer<\/title>\n<meta name=\"robots\" content=\"index, follow, max-snippet:-1, max-image-preview:large, max-video-preview:-1\" \/>\n<link rel=\"canonical\" href=\"https:\/\/www.rooderchina.com\/tr\/urun\/hover-kart-to-racing-go-karting-with-6-5-inch-hoverboard-for-kids-for-sale\/\" \/>\n<meta property=\"og:locale\" content=\"tr_TR\" \/>\n<meta property=\"og:type\" content=\"article\" \/>\n<meta property=\"og:title\" content=\"hover kart to racing go karting with 6.5 inch hoverboard for kids for sale - Electric Scooters Bikes Citycoco Manufacturer\" \/>\n<meta property=\"og:description\" content=\"Short Description: find high quality\u00a0hover kart hoverboard, wholesale cheap price\u00a0hover kart hoverboard from Rooder\u00a0hover kart hoverboard supplier factory manufacturer exporter company infrared sensor, front and rear lights, smart balance, 6.5 inch, wholesale price, factory diretly    Brand: OEM\/ODM\/ROODER   Min.Order Quantity: 10 Piece\/Pieces   Supply Ability: 10000 Piece\/Pieces per Month   Port: Shenzhen   Payment Terms: T\/T, L\/C, D\/A, D\/P\" \/>\n<meta property=\"og:url\" content=\"https:\/\/www.rooderchina.com\/tr\/urun\/hover-kart-to-racing-go-karting-with-6-5-inch-hoverboard-for-kids-for-sale\/\" \/>\n<meta property=\"og:site_name\" content=\"Electric Scooters Bikes Citycoco Manufacturer\" \/>\n<meta property=\"article:publisher\" content=\"https:\/\/www.facebook.com\/rooder.tec\" \/>\n<meta property=\"article:modified_time\" content=\"2023-11-19T17:46:01+00:00\" \/>\n<meta property=\"og:image\" content=\"https:\/\/www.rooderchina.com\/wp-content\/uploads\/2023\/11\/2776fdb2.jpg\" \/>\n\t<meta property=\"og:image:width\" content=\"750\" \/>\n\t<meta property=\"og:image:height\" content=\"750\" \/>\n\t<meta property=\"og:image:type\" content=\"image\/jpeg\" \/>\n<meta name=\"twitter:card\" content=\"summary_large_image\" \/>\n<meta name=\"twitter:site\" content=\"@RooderTec\" \/>\n<meta name=\"twitter:label1\" content=\"Tahmini okuma s\u00fcresi\" \/>\n\t<meta name=\"twitter:data1\" content=\"1 dakika\" \/>\n<script type=\"application\/ld+json\" class=\"yoast-schema-graph\">{\"@context\":\"https:\/\/schema.org\",\"@graph\":[{\"@type\":\"WebPage\",\"@id\":\"https:\/\/www.rooderchina.com\/product\/hover-kart-to-racing-go-karting-with-6-5-inch-hoverboard-for-kids-for-sale\/\",\"url\":\"https:\/\/www.rooderchina.com\/product\/hover-kart-to-racing-go-karting-with-6-5-inch-hoverboard-for-kids-for-sale\/\",\"name\":\"hover kart to racing go karting with 6.5 inch hoverboard for kids for sale - Electric Scooters Bikes Citycoco Manufacturer\",\"isPartOf\":{\"@id\":\"https:\/\/www.rooderchina.com\/#website\"},\"datePublished\":\"2023-11-11T10:33:51+00:00\",\"dateModified\":\"2023-11-19T17:46:01+00:00\",\"breadcrumb\":{\"@id\":\"https:\/\/www.rooderchina.com\/product\/hover-kart-to-racing-go-karting-with-6-5-inch-hoverboard-for-kids-for-sale\/#breadcrumb\"},\"inLanguage\":\"tr\",\"potentialAction\":[{\"@type\":\"ReadAction\",\"target\":[\"https:\/\/www.rooderchina.com\/product\/hover-kart-to-racing-go-karting-with-6-5-inch-hoverboard-for-kids-for-sale\/\"]}]},{\"@type\":\"BreadcrumbList\",\"@id\":\"https:\/\/www.rooderchina.com\/product\/hover-kart-to-racing-go-karting-with-6-5-inch-hoverboard-for-kids-for-sale\/#breadcrumb\",\"itemListElement\":[{\"@type\":\"ListItem\",\"position\":1,\"name\":\"HOME\",\"item\":\"https:\/\/www.rooderchina.com\/\"},{\"@type\":\"ListItem\",\"position\":2,\"name\":\"Shop\",\"item\":\"https:\/\/www.rooderchina.com\/shop\/\"},{\"@type\":\"ListItem\",\"position\":3,\"name\":\"hover kart to racing go karting with 6.5 inch hoverboard for kids for sale\"}]},{\"@type\":\"WebSite\",\"@id\":\"https:\/\/www.rooderchina.com\/#website\",\"url\":\"https:\/\/www.rooderchina.com\/\",\"name\":\"Electric Scooters Bikes Citycoco Manufacturer\",\"description\":\"Rooder Technology Limited\",\"publisher\":{\"@id\":\"https:\/\/www.rooderchina.com\/#organization\"},\"potentialAction\":[{\"@type\":\"SearchAction\",\"target\":{\"@type\":\"EntryPoint\",\"urlTemplate\":\"https:\/\/www.rooderchina.com\/?s={search_term_string}\"},\"query-input\":\"required name=search_term_string\"}],\"inLanguage\":\"tr\"},{\"@type\":\"Organization\",\"@id\":\"https:\/\/www.rooderchina.com\/#organization\",\"name\":\"Electric Scooters Bikes Citycoco Manufacturer\",\"url\":\"https:\/\/www.rooderchina.com\/\",\"logo\":{\"@type\":\"ImageObject\",\"inLanguage\":\"tr\",\"@id\":\"https:\/\/www.rooderchina.com\/#\/schema\/logo\/image\/\",\"url\":\"https:\/\/www.rooderchina.com\/wp-content\/uploads\/2023\/12\/rooder2.jpg\",\"contentUrl\":\"https:\/\/www.rooderchina.com\/wp-content\/uploads\/2023\/12\/rooder2.jpg\",\"width\":1723,\"height\":1037,\"caption\":\"Electric Scooters Bikes Citycoco Manufacturer\"},\"image\":{\"@id\":\"https:\/\/www.rooderchina.com\/#\/schema\/logo\/image\/\"},\"sameAs\":[\"https:\/\/www.facebook.com\/rooder.tec\",\"https:\/\/twitter.com\/RooderTec\"]}]}<\/script>\n<!-- \/ Yoast SEO plugin. -->","yoast_head_json":{"title":"hover kart to racing go karting with 6.5 inch hoverboard for kids for sale - Electric Scooters Bikes Citycoco Manufacturer","robots":{"index":"index","follow":"follow","max-snippet":"max-snippet:-1","max-image-preview":"max-image-preview:large","max-video-preview":"max-video-preview:-1"},"canonical":"https:\/\/www.rooderchina.com\/tr\/urun\/hover-kart-to-racing-go-karting-with-6-5-inch-hoverboard-for-kids-for-sale\/","og_locale":"tr_TR","og_type":"article","og_title":"hover kart to racing go karting with 6.5 inch hoverboard for kids for sale - Electric Scooters Bikes Citycoco Manufacturer","og_description":"Short Description: find high quality\u00a0hover kart hoverboard, wholesale cheap price\u00a0hover kart hoverboard from Rooder\u00a0hover kart hoverboard supplier factory manufacturer exporter company infrared sensor, front and rear lights, smart balance, 6.5 inch, wholesale price, factory diretly    Brand: OEM\/ODM\/ROODER   Min.Order Quantity: 10 Piece\/Pieces   Supply Ability: 10000 Piece\/Pieces per Month   Port: Shenzhen   Payment Terms: T\/T, L\/C, D\/A, D\/P","og_url":"https:\/\/www.rooderchina.com\/tr\/urun\/hover-kart-to-racing-go-karting-with-6-5-inch-hoverboard-for-kids-for-sale\/","og_site_name":"Electric Scooters Bikes Citycoco Manufacturer","article_publisher":"https:\/\/www.facebook.com\/rooder.tec","article_modified_time":"2023-11-19T17:46:01+00:00","og_image":[{"width":750,"height":750,"url":"https:\/\/www.rooderchina.com\/wp-content\/uploads\/2023\/11\/2776fdb2.jpg","type":"image\/jpeg"}],"twitter_card":"summary_large_image","twitter_site":"@RooderTec","twitter_misc":{"Tahmini okuma s\u00fcresi":"1 dakika"},"schema":{"@context":"https:\/\/schema.org","@graph":[{"@type":"WebPage","@id":"https:\/\/www.rooderchina.com\/product\/hover-kart-to-racing-go-karting-with-6-5-inch-hoverboard-for-kids-for-sale\/","url":"https:\/\/www.rooderchina.com\/product\/hover-kart-to-racing-go-karting-with-6-5-inch-hoverboard-for-kids-for-sale\/","name":"hover kart to racing go karting with 6.5 inch hoverboard for kids for sale - Electric Scooters Bikes Citycoco Manufacturer","isPartOf":{"@id":"https:\/\/www.rooderchina.com\/#website"},"datePublished":"2023-11-11T10:33:51+00:00","dateModified":"2023-11-19T17:46:01+00:00","breadcrumb":{"@id":"https:\/\/www.rooderchina.com\/product\/hover-kart-to-racing-go-karting-with-6-5-inch-hoverboard-for-kids-for-sale\/#breadcrumb"},"inLanguage":"tr","potentialAction":[{"@type":"ReadAction","target":["https:\/\/www.rooderchina.com\/product\/hover-kart-to-racing-go-karting-with-6-5-inch-hoverboard-for-kids-for-sale\/"]}]},{"@type":"BreadcrumbList","@id":"https:\/\/www.rooderchina.com\/product\/hover-kart-to-racing-go-karting-with-6-5-inch-hoverboard-for-kids-for-sale\/#breadcrumb","itemListElement":[{"@type":"ListItem","position":1,"name":"HOME","item":"https:\/\/www.rooderchina.com\/"},{"@type":"ListItem","position":2,"name":"Shop","item":"https:\/\/www.rooderchina.com\/shop\/"},{"@type":"ListItem","position":3,"name":"hover kart to racing go karting with 6.5 inch hoverboard for kids for sale"}]},{"@type":"WebSite","@id":"https:\/\/www.rooderchina.com\/#website","url":"https:\/\/www.rooderchina.com\/","name":"Electric Scooters Bikes Citycoco Manufacturer","description":"Rooder Technology Limited","publisher":{"@id":"https:\/\/www.rooderchina.com\/#organization"},"potentialAction":[{"@type":"SearchAction","target":{"@type":"EntryPoint","urlTemplate":"https:\/\/www.rooderchina.com\/?s={search_term_string}"},"query-input":"required name=search_term_string"}],"inLanguage":"tr"},{"@type":"Organization","@id":"https:\/\/www.rooderchina.com\/#organization","name":"Electric Scooters Bikes Citycoco Manufacturer","url":"https:\/\/www.rooderchina.com\/","logo":{"@type":"ImageObject","inLanguage":"tr","@id":"https:\/\/www.rooderchina.com\/#\/schema\/logo\/image\/","url":"https:\/\/www.rooderchina.com\/wp-content\/uploads\/2023\/12\/rooder2.jpg","contentUrl":"https:\/\/www.rooderchina.com\/wp-content\/uploads\/2023\/12\/rooder2.jpg","width":1723,"height":1037,"caption":"Electric Scooters Bikes Citycoco Manufacturer"},"image":{"@id":"https:\/\/www.rooderchina.com\/#\/schema\/logo\/image\/"},"sameAs":["https:\/\/www.facebook.com\/rooder.tec","https:\/\/twitter.com\/RooderTec"]}]}},"_links":{"self":[{"href":"https:\/\/www.rooderchina.com\/tr\/wp-json\/wp\/v2\/product\/9303","targetHints":{"allow":["GET"]}}],"collection":[{"href":"https:\/\/www.rooderchina.com\/tr\/wp-json\/wp\/v2\/product"}],"about":[{"href":"https:\/\/www.rooderchina.com\/tr\/wp-json\/wp\/v2\/types\/product"}],"replies":[{"embeddable":true,"href":"https:\/\/www.rooderchina.com\/tr\/wp-json\/wp\/v2\/comments?post=9303"}],"version-history":[{"count":1,"href":"https:\/\/www.rooderchina.com\/tr\/wp-json\/wp\/v2\/product\/9303\/revisions"}],"predecessor-version":[{"id":9304,"href":"https:\/\/www.rooderchina.com\/tr\/wp-json\/wp\/v2\/product\/9303\/revisions\/9304"}],"wp:featuredmedia":[{"embeddable":true,"href":"https:\/\/www.rooderchina.com\/tr\/wp-json\/wp\/v2\/media\/9305"}],"wp:attachment":[{"href":"https:\/\/www.rooderchina.com\/tr\/wp-json\/wp\/v2\/media?parent=9303"}],"wp:term":[{"taxonomy":"product_brand","embeddable":true,"href":"https:\/\/www.rooderchina.com\/tr\/wp-json\/wp\/v2\/product_brand?post=9303"},{"taxonomy":"product_cat","embeddable":true,"href":"https:\/\/www.rooderchina.com\/tr\/wp-json\/wp\/v2\/product_cat?post=9303"},{"taxonomy":"product_tag","embeddable":true,"href":"https:\/\/www.rooderchina.com\/tr\/wp-json\/wp\/v2\/product_tag?post=9303"}],"curies":[{"name":"wp","href":"https:\/\/api.w.org\/{rel}","templated":true}]}}