{"id":9294,"date":"2023-11-11T18:33:51","date_gmt":"2023-11-11T10:33:51","guid":{"rendered":"http:\/\/www.rooderchina.com\/index.php\/product\/three-wheel-scooter-electric-r803f-with-lithium-battery-36v-motor-for-kids-for-sale\/"},"modified":"2023-11-20T01:45:50","modified_gmt":"2023-11-19T17:45:50","slug":"three-wheel-scooter-electric-r803f-with-lithium-battery-36v-motor-for-kids-for-sale","status":"publish","type":"product","link":"https:\/\/www.rooderchina.com\/tr\/urun\/three-wheel-scooter-electric-r803f-with-lithium-battery-36v-motor-for-kids-for-sale\/","title":{"rendered":"sat\u0131l\u0131k \u00e7ocuklar i\u00e7in lityum pil 36v motorlu \u00fc\u00e7 tekerlekli scooter elektrikli r803f"},"content":{"rendered":"<p>Promising high quality brand electric scooters. All our high power scooters products are used in original lithium battery and therefore offer the highest possible reliability. Meanwhile, we offer OEM scooter manufacture for famous brands, so as to better fulfill customer specifications in a positive manner.<\/p>\n<p>We are looking forward to even greater cooperation with overseas customers. We invite you to be a part of our mutual success by sending an e-mail. Do not hesitate, whatever the nature of your inquiry is. We are here to fulfill your scooter expectations and wishes.<\/p>\n<p><strong><a href=\"https:\/\/www.rooderchina.com\/tr\/tag\/three-wheel-scooter-electric\/\" title=\"View all posts in three wheel scooter electric\" target=\"_blank\" rel=\"noopener\">three wheel scooter electric<\/a> with lithium battery 36v motor for kids for sale from Rooder three wheel scooter electric factory supplier exporter company\u00a0<\/strong><\/p>\n<\/p>\n<p>&nbsp;<\/p>\n<p>&nbsp;<\/p>\n<p>model: r803f<br \/>\nengine: 250w motor 36v brushless motor<br \/>\nmotor maximum load current: 4.5a<br \/>\ncontroller type: 36v 13-16a four brushless controller<br \/>\nbattery: 36v 4.4 lithium battery<br \/>\ncharging time: 1-2 hours<br \/>\ninitial charging time: 12 hours<br \/>\nmaximum speed: 30km \/ h (depending on the ground surface)<br \/>\nfarthest mileage: 10-15km (depending on road conditions and the weight of the rider)<br \/>\nfront brake: drum brake front<br \/>\nmaximum load: 100kg<br \/>\nfront: 8 inch tires<br \/>\nrear: wheels<br \/>\ncontrol system: third gear speed to accelerate the transfer<br \/>\nrider capacity: 1 person (recommendation 6 years old)<br \/>\nsize: 68 * 56 * 21.5cm<br \/>\nseat height: 16cm<br \/>\ngross weight: 16kg<br \/>\nweight: 13kg<\/p>\n<p>1 adet\/karton<br \/>\ncarton size:74*26*59 cm<br \/>\ngw:16.5kg, nw:13kg<br \/>\n0.114cbm\/piece<\/p>\n<p>konteyner d\u00fczeni:<br \/>\n255pcs in 20gp<br \/>\n546pcs in 40gp<br \/>\n617pcs in 40hc<\/p>","protected":false},"excerpt":{"rendered":"<h3>K\u0131sa A\u00e7\u0131klama:<\/h3>\n<p><p>Y\u00fcksek kaliteli \u00fc\u00e7 tekerlekli elektrikli scooter sat\u0131n al\u0131n, toptan ucuz fiyat \u00fc\u00e7 tekerlekli elektrikli scooter Rooder'dan \u00fc\u00e7 tekerlekli elektrikli scooter tedarik\u00e7isi fabrika ihracat\u00e7\u0131 firma \u00fcreticisi www.RooderChina.com<\/p>\n<p>li-ion lityum pil,<br \/>\ng\u00fc\u00e7l\u00fc motor,<br \/>\nY\u00fcksek kalite,<br \/>\n\u00dc\u00e7 tekerlekli scooter,<br \/>\nelektrikli drift trike<\/p>\n<\/p>\n<p><\/p>\n<li><em>Marka: <\/em> OEM\/ODM\/ROODER<\/li>\n<li><em>Min.Sipari\u015f Miktar\u0131: <\/em> 10 Adet \/ Adet<\/li>\n<li><em>Tedarik Yetene\u011fi: <\/em> 10000 Adet \/ Adet her Ay<\/li>\n<li><em>Liman: <\/em> Shenzhen<\/li>\n<li><em>\u00d6deme Ko\u015fullar\u0131: <\/em> T\/T, L\/C, D\/A, D\/P<\/li>","protected":false},"featured_media":9296,"comment_status":"closed","ping_status":"closed","template":"","meta":[],"product_brand":[],"product_cat":[556],"product_tag":[606,607,608,609,610,611,612,613,614,615,616],"class_list":{"0":"post-9294","1":"product","2":"type-product","3":"status-publish","4":"has-post-thumbnail","6":"product_cat-others","7":"product_tag-3-tekerlekli-scooter","8":"product_tag-3-wheel-electric-scooters-for-adults","9":"product_tag-3-wheel-scooter-for-adult","10":"product_tag-3-wheel-scooters-china","11":"product_tag-elektrikli-3-tekerli-araba","12":"product_tag-three-wheel-electric-scooter","13":"product_tag-three-wheel-electric-trike-factory","14":"product_tag-three-wheel-scooter-car","15":"product_tag-three-wheel-scooter-electric","16":"product_tag-three-wheel-scooter-in-thailand","17":"product_tag-xiaomi-m365-scooter-review","19":"first","20":"instock","21":"product-type-simple"},"yoast_head":"<!-- This site is optimized with the Yoast SEO plugin v21.7 - https:\/\/yoast.com\/wordpress\/plugins\/seo\/ -->\n<title>three wheel scooter electric r803f with lithium battery 36v motor for kids for sale - Electric Scooters Bikes Citycoco Manufacturer<\/title>\n<meta name=\"robots\" content=\"index, follow, max-snippet:-1, max-image-preview:large, max-video-preview:-1\" \/>\n<link rel=\"canonical\" href=\"https:\/\/www.rooderchina.com\/tr\/urun\/three-wheel-scooter-electric-r803f-with-lithium-battery-36v-motor-for-kids-for-sale\/\" \/>\n<meta property=\"og:locale\" content=\"tr_TR\" \/>\n<meta property=\"og:type\" content=\"article\" \/>\n<meta property=\"og:title\" content=\"three wheel scooter electric r803f with lithium battery 36v motor for kids for sale - Electric Scooters Bikes Citycoco Manufacturer\" \/>\n<meta property=\"og:description\" content=\"Short Description: Purchase high quality three wheel electric scooter, wholesale cheap price\u00a0three wheel electric scooter from Rooder\u00a0three wheel electric scooter supplier factory exporter company manufacturer on www.RooderChina.com li-ion lithium battery, powerful motor, High quality, Three wheel scooter, electric drifting trike    Brand: OEM\/ODM\/ROODER   Min.Order Quantity: 10 Piece\/Pieces   Supply Ability: 10000 Piece\/Pieces per Month   Port: Shenzhen   Payment Terms: T\/T, L\/C, D\/A, D\/P\" \/>\n<meta property=\"og:url\" content=\"https:\/\/www.rooderchina.com\/tr\/urun\/three-wheel-scooter-electric-r803f-with-lithium-battery-36v-motor-for-kids-for-sale\/\" \/>\n<meta property=\"og:site_name\" content=\"Electric Scooters Bikes Citycoco Manufacturer\" \/>\n<meta property=\"article:publisher\" content=\"https:\/\/www.facebook.com\/rooder.tec\" \/>\n<meta property=\"article:modified_time\" content=\"2023-11-19T17:45:50+00:00\" \/>\n<meta property=\"og:image\" content=\"https:\/\/www.rooderchina.com\/wp-content\/uploads\/2023\/11\/cf13745e.jpg\" \/>\n\t<meta property=\"og:image:width\" content=\"750\" \/>\n\t<meta property=\"og:image:height\" content=\"750\" \/>\n\t<meta property=\"og:image:type\" content=\"image\/jpeg\" \/>\n<meta name=\"twitter:card\" content=\"summary_large_image\" \/>\n<meta name=\"twitter:site\" content=\"@RooderTec\" \/>\n<meta name=\"twitter:label1\" content=\"Tahmini okuma s\u00fcresi\" \/>\n\t<meta name=\"twitter:data1\" content=\"1 dakika\" \/>\n<script type=\"application\/ld+json\" class=\"yoast-schema-graph\">{\"@context\":\"https:\/\/schema.org\",\"@graph\":[{\"@type\":\"WebPage\",\"@id\":\"https:\/\/www.rooderchina.com\/product\/three-wheel-scooter-electric-r803f-with-lithium-battery-36v-motor-for-kids-for-sale\/\",\"url\":\"https:\/\/www.rooderchina.com\/product\/three-wheel-scooter-electric-r803f-with-lithium-battery-36v-motor-for-kids-for-sale\/\",\"name\":\"three wheel scooter electric r803f with lithium battery 36v motor for kids for sale - Electric Scooters Bikes Citycoco Manufacturer\",\"isPartOf\":{\"@id\":\"https:\/\/www.rooderchina.com\/#website\"},\"datePublished\":\"2023-11-11T10:33:51+00:00\",\"dateModified\":\"2023-11-19T17:45:50+00:00\",\"breadcrumb\":{\"@id\":\"https:\/\/www.rooderchina.com\/product\/three-wheel-scooter-electric-r803f-with-lithium-battery-36v-motor-for-kids-for-sale\/#breadcrumb\"},\"inLanguage\":\"tr\",\"potentialAction\":[{\"@type\":\"ReadAction\",\"target\":[\"https:\/\/www.rooderchina.com\/product\/three-wheel-scooter-electric-r803f-with-lithium-battery-36v-motor-for-kids-for-sale\/\"]}]},{\"@type\":\"BreadcrumbList\",\"@id\":\"https:\/\/www.rooderchina.com\/product\/three-wheel-scooter-electric-r803f-with-lithium-battery-36v-motor-for-kids-for-sale\/#breadcrumb\",\"itemListElement\":[{\"@type\":\"ListItem\",\"position\":1,\"name\":\"HOME\",\"item\":\"https:\/\/www.rooderchina.com\/\"},{\"@type\":\"ListItem\",\"position\":2,\"name\":\"Shop\",\"item\":\"https:\/\/www.rooderchina.com\/shop\/\"},{\"@type\":\"ListItem\",\"position\":3,\"name\":\"three wheel scooter electric r803f with lithium battery 36v motor for kids for sale\"}]},{\"@type\":\"WebSite\",\"@id\":\"https:\/\/www.rooderchina.com\/#website\",\"url\":\"https:\/\/www.rooderchina.com\/\",\"name\":\"Electric Scooters Bikes Citycoco Manufacturer\",\"description\":\"Rooder Technology Limited\",\"publisher\":{\"@id\":\"https:\/\/www.rooderchina.com\/#organization\"},\"potentialAction\":[{\"@type\":\"SearchAction\",\"target\":{\"@type\":\"EntryPoint\",\"urlTemplate\":\"https:\/\/www.rooderchina.com\/?s={search_term_string}\"},\"query-input\":\"required name=search_term_string\"}],\"inLanguage\":\"tr\"},{\"@type\":\"Organization\",\"@id\":\"https:\/\/www.rooderchina.com\/#organization\",\"name\":\"Electric Scooters Bikes Citycoco Manufacturer\",\"url\":\"https:\/\/www.rooderchina.com\/\",\"logo\":{\"@type\":\"ImageObject\",\"inLanguage\":\"tr\",\"@id\":\"https:\/\/www.rooderchina.com\/#\/schema\/logo\/image\/\",\"url\":\"https:\/\/www.rooderchina.com\/wp-content\/uploads\/2023\/12\/rooder2.jpg\",\"contentUrl\":\"https:\/\/www.rooderchina.com\/wp-content\/uploads\/2023\/12\/rooder2.jpg\",\"width\":1723,\"height\":1037,\"caption\":\"Electric Scooters Bikes Citycoco Manufacturer\"},\"image\":{\"@id\":\"https:\/\/www.rooderchina.com\/#\/schema\/logo\/image\/\"},\"sameAs\":[\"https:\/\/www.facebook.com\/rooder.tec\",\"https:\/\/twitter.com\/RooderTec\"]}]}<\/script>\n<!-- \/ Yoast SEO plugin. -->","yoast_head_json":{"title":"three wheel scooter electric r803f with lithium battery 36v motor for kids for sale - Electric Scooters Bikes Citycoco Manufacturer","robots":{"index":"index","follow":"follow","max-snippet":"max-snippet:-1","max-image-preview":"max-image-preview:large","max-video-preview":"max-video-preview:-1"},"canonical":"https:\/\/www.rooderchina.com\/tr\/urun\/three-wheel-scooter-electric-r803f-with-lithium-battery-36v-motor-for-kids-for-sale\/","og_locale":"tr_TR","og_type":"article","og_title":"three wheel scooter electric r803f with lithium battery 36v motor for kids for sale - Electric Scooters Bikes Citycoco Manufacturer","og_description":"Short Description: Purchase high quality three wheel electric scooter, wholesale cheap price\u00a0three wheel electric scooter from Rooder\u00a0three wheel electric scooter supplier factory exporter company manufacturer on www.RooderChina.com li-ion lithium battery, powerful motor, High quality, Three wheel scooter, electric drifting trike    Brand: OEM\/ODM\/ROODER   Min.Order Quantity: 10 Piece\/Pieces   Supply Ability: 10000 Piece\/Pieces per Month   Port: Shenzhen   Payment Terms: T\/T, L\/C, D\/A, D\/P","og_url":"https:\/\/www.rooderchina.com\/tr\/urun\/three-wheel-scooter-electric-r803f-with-lithium-battery-36v-motor-for-kids-for-sale\/","og_site_name":"Electric Scooters Bikes Citycoco Manufacturer","article_publisher":"https:\/\/www.facebook.com\/rooder.tec","article_modified_time":"2023-11-19T17:45:50+00:00","og_image":[{"width":750,"height":750,"url":"https:\/\/www.rooderchina.com\/wp-content\/uploads\/2023\/11\/cf13745e.jpg","type":"image\/jpeg"}],"twitter_card":"summary_large_image","twitter_site":"@RooderTec","twitter_misc":{"Tahmini okuma s\u00fcresi":"1 dakika"},"schema":{"@context":"https:\/\/schema.org","@graph":[{"@type":"WebPage","@id":"https:\/\/www.rooderchina.com\/product\/three-wheel-scooter-electric-r803f-with-lithium-battery-36v-motor-for-kids-for-sale\/","url":"https:\/\/www.rooderchina.com\/product\/three-wheel-scooter-electric-r803f-with-lithium-battery-36v-motor-for-kids-for-sale\/","name":"three wheel scooter electric r803f with lithium battery 36v motor for kids for sale - Electric Scooters Bikes Citycoco Manufacturer","isPartOf":{"@id":"https:\/\/www.rooderchina.com\/#website"},"datePublished":"2023-11-11T10:33:51+00:00","dateModified":"2023-11-19T17:45:50+00:00","breadcrumb":{"@id":"https:\/\/www.rooderchina.com\/product\/three-wheel-scooter-electric-r803f-with-lithium-battery-36v-motor-for-kids-for-sale\/#breadcrumb"},"inLanguage":"tr","potentialAction":[{"@type":"ReadAction","target":["https:\/\/www.rooderchina.com\/product\/three-wheel-scooter-electric-r803f-with-lithium-battery-36v-motor-for-kids-for-sale\/"]}]},{"@type":"BreadcrumbList","@id":"https:\/\/www.rooderchina.com\/product\/three-wheel-scooter-electric-r803f-with-lithium-battery-36v-motor-for-kids-for-sale\/#breadcrumb","itemListElement":[{"@type":"ListItem","position":1,"name":"HOME","item":"https:\/\/www.rooderchina.com\/"},{"@type":"ListItem","position":2,"name":"Shop","item":"https:\/\/www.rooderchina.com\/shop\/"},{"@type":"ListItem","position":3,"name":"three wheel scooter electric r803f with lithium battery 36v motor for kids for sale"}]},{"@type":"WebSite","@id":"https:\/\/www.rooderchina.com\/#website","url":"https:\/\/www.rooderchina.com\/","name":"Electric Scooters Bikes Citycoco Manufacturer","description":"Rooder Technology Limited","publisher":{"@id":"https:\/\/www.rooderchina.com\/#organization"},"potentialAction":[{"@type":"SearchAction","target":{"@type":"EntryPoint","urlTemplate":"https:\/\/www.rooderchina.com\/?s={search_term_string}"},"query-input":"required name=search_term_string"}],"inLanguage":"tr"},{"@type":"Organization","@id":"https:\/\/www.rooderchina.com\/#organization","name":"Electric Scooters Bikes Citycoco Manufacturer","url":"https:\/\/www.rooderchina.com\/","logo":{"@type":"ImageObject","inLanguage":"tr","@id":"https:\/\/www.rooderchina.com\/#\/schema\/logo\/image\/","url":"https:\/\/www.rooderchina.com\/wp-content\/uploads\/2023\/12\/rooder2.jpg","contentUrl":"https:\/\/www.rooderchina.com\/wp-content\/uploads\/2023\/12\/rooder2.jpg","width":1723,"height":1037,"caption":"Electric Scooters Bikes Citycoco Manufacturer"},"image":{"@id":"https:\/\/www.rooderchina.com\/#\/schema\/logo\/image\/"},"sameAs":["https:\/\/www.facebook.com\/rooder.tec","https:\/\/twitter.com\/RooderTec"]}]}},"_links":{"self":[{"href":"https:\/\/www.rooderchina.com\/tr\/wp-json\/wp\/v2\/product\/9294","targetHints":{"allow":["GET"]}}],"collection":[{"href":"https:\/\/www.rooderchina.com\/tr\/wp-json\/wp\/v2\/product"}],"about":[{"href":"https:\/\/www.rooderchina.com\/tr\/wp-json\/wp\/v2\/types\/product"}],"replies":[{"embeddable":true,"href":"https:\/\/www.rooderchina.com\/tr\/wp-json\/wp\/v2\/comments?post=9294"}],"version-history":[{"count":1,"href":"https:\/\/www.rooderchina.com\/tr\/wp-json\/wp\/v2\/product\/9294\/revisions"}],"predecessor-version":[{"id":9295,"href":"https:\/\/www.rooderchina.com\/tr\/wp-json\/wp\/v2\/product\/9294\/revisions\/9295"}],"wp:featuredmedia":[{"embeddable":true,"href":"https:\/\/www.rooderchina.com\/tr\/wp-json\/wp\/v2\/media\/9296"}],"wp:attachment":[{"href":"https:\/\/www.rooderchina.com\/tr\/wp-json\/wp\/v2\/media?parent=9294"}],"wp:term":[{"taxonomy":"product_brand","embeddable":true,"href":"https:\/\/www.rooderchina.com\/tr\/wp-json\/wp\/v2\/product_brand?post=9294"},{"taxonomy":"product_cat","embeddable":true,"href":"https:\/\/www.rooderchina.com\/tr\/wp-json\/wp\/v2\/product_cat?post=9294"},{"taxonomy":"product_tag","embeddable":true,"href":"https:\/\/www.rooderchina.com\/tr\/wp-json\/wp\/v2\/product_tag?post=9294"}],"curies":[{"name":"wp","href":"https:\/\/api.w.org\/{rel}","templated":true}]}}