{"id":9271,"date":"2023-11-11T18:33:51","date_gmt":"2023-11-11T10:33:51","guid":{"rendered":"http:\/\/www.rooderchina.com\/index.php\/product\/electric-scooter-citycoco-r804m-with-350-watt-motor-48-volt-10-inch-fat-tire-and-lithium-ion-battery\/"},"modified":"2023-11-11T18:35:10","modified_gmt":"2023-11-11T10:35:10","slug":"electric-scooter-citycoco-r804m-with-350-watt-motor-48-volt-10-inch-fat-tire-and-lithium-ion-battery","status":"publish","type":"product","link":"https:\/\/www.rooderchina.com\/tr\/urun\/electric-scooter-citycoco-r804m-with-350-watt-motor-48-volt-10-inch-fat-tire-and-lithium-ion-battery\/","title":{"rendered":"elektrikli scooter citycoco r804m 350 watt motor 48 volt 10 in\u00e7 ya\u011fl\u0131 lastik ve lityum iyon pil ile"},"content":{"rendered":"<p>In order to ensure the quality of products, we have strictly QC control system and experienced inspectors, we also have professional sales team to offer the best solution for customers with excellent after-sales service. most of our products are designed and exported to EU countries, especially West EU, but also North American, parts of Asia countries. We have certificates for different countries, like CE, ROHS, UL, etc<\/p>\n<p>Rooder Electronics adhere to the concept of green, energy-saving and efficiency, the final goal is to get win-win situation for company and customers.<\/p>\n<p><strong>electric scooter citycoco r804m with 350 watt motor 48 volt 10 inch fat tire and lithium ion battery from electric scooter citycoco manufacturer supplier exporter<\/strong><\/p>\n<\/p>\n<p>&nbsp;<\/p>\n<p>model: r804m<br \/>\nsize: 130*65*105cm<br \/>\nground clearance: 9cm<br \/>\nnet weiht: 31kg<br \/>\nbattery: 48v10ah lithium battery<br \/>\ncharge time: 5 hours<br \/>\nrange: 35km<br \/>\ninput voltage: ac180v-220v, mhx 50hz<br \/>\noutput voltage: 54v2a<br \/>\ntemperature: 0-40c\u00b0<br \/>\nfront and rear led light<br \/>\ntyre: 10*6.00-5.5<br \/>\nmotor: 350w<br \/>\nmax load: 100kg<br \/>\nclimbing:12\u00b0<br \/>\nmax speed: 30km\/h<br \/>\ncolor: black, white, red, green and brown<br \/>\npacking size: 139*71*33cm<br \/>\ngross weight: 39 kg<\/p>\n<p>1 adet\/karton<br \/>\ncarton size:139*71*33cm<br \/>\ngw:39kg, nw:31kg<br \/>\n0.326cbm\/piece<\/p>\n<p>konteyner d\u00fczeni:<br \/>\n89pcs in 20gp<br \/>\n190pcs in 40gp<br \/>\n215pcs in 40hc<\/p>","protected":false},"excerpt":{"rendered":"<h3>K\u0131sa A\u00e7\u0131klama:<\/h3>\n<p><p>y\u00fcksek kaliteli citycoco harley 1000w, toptan ucuz fiyat citycoco harley 1000w Rooder citycoco harley 1000w fabrika tedarik\u00e7isi ihracat\u00e7\u0131 firma \u00fcretici bulmak<\/p>\n<p>Mini harley elektrikli scooter, 350 watt motor, 48 volt, 10 in\u00e7 ya\u011fl\u0131 lastik.<br \/>\n48V lityum iyon ak\u00fc<br \/>\n\u015earj ba\u015f\u0131na 35 km, 30 km\/sa maksimum h\u0131z<br \/>\nLED \u00f6n ve arka \u0131\u015f\u0131k<br \/>\n40kg'dan az<br \/>\nRooder harley elektrikli scooter fabrika do\u011frudan<br \/>\n12 ay garanti<\/p>\n<\/p>\n<p><\/p>\n<li><em>Marka: <\/em> OEM\/ODM\/ROODER<\/li>\n<li><em>Min.Sipari\u015f Miktar\u0131: <\/em> 10 Adet \/ Adet<\/li>\n<li><em>Tedarik Yetene\u011fi: <\/em> 10000 Adet \/ Adet her Ay<\/li>\n<li><em>Liman: <\/em> Shenzhen<\/li>\n<li><em>\u00d6deme Ko\u015fullar\u0131: <\/em> T\/T, L\/C, D\/A, D\/P<\/li>","protected":false},"featured_media":9273,"comment_status":"closed","ping_status":"open","template":"","meta":[],"product_brand":[],"product_cat":[464],"product_tag":[593,594,595,596,597,598,599,600,601,602,475,603,531,604],"class_list":{"0":"post-9271","1":"product","2":"type-product","3":"status-publish","4":"has-post-thumbnail","6":"product_cat-citycoco-choppers","7":"product_tag-1500w-60v-harley-citycoco-es8004","8":"product_tag-citycoco-aksesuar","9":"product_tag-citycoco-barato","10":"product_tag-citycoco-caigiees","11":"product_tag-citycoco-chile","12":"product_tag-citycoco-harley-1000w","13":"product_tag-citycoco-kullananlar","14":"product_tag-citycoco-modello-harley","15":"product_tag-citycoco-prodaja","16":"product_tag-citycoco-singapore","17":"product_tag-citycoco-suppliers","18":"product_tag-citycoco-sverige","19":"product_tag-electric-scooter-citycoco","20":"product_tag-seev-citycoco-kaina","22":"first","23":"instock","24":"product-type-simple"},"yoast_head":"<!-- This site is optimized with the Yoast SEO plugin v21.7 - https:\/\/yoast.com\/wordpress\/plugins\/seo\/ -->\n<title>electric scooter citycoco r804m with 350 watt motor 48 volt 10 inch fat tire and lithium ion battery - Electric Scooters Bikes Citycoco Manufacturer<\/title>\n<meta name=\"robots\" content=\"index, follow, max-snippet:-1, max-image-preview:large, max-video-preview:-1\" \/>\n<link rel=\"canonical\" href=\"https:\/\/www.rooderchina.com\/tr\/urun\/electric-scooter-citycoco-r804m-with-350-watt-motor-48-volt-10-inch-fat-tire-and-lithium-ion-battery\/\" \/>\n<meta property=\"og:locale\" content=\"tr_TR\" \/>\n<meta property=\"og:type\" content=\"article\" \/>\n<meta property=\"og:title\" content=\"electric scooter citycoco r804m with 350 watt motor 48 volt 10 inch fat tire and lithium ion battery - Electric Scooters Bikes Citycoco Manufacturer\" \/>\n<meta property=\"og:description\" content=\"Short Description: find high quality\u00a0citycoco harley 1000w, wholesale cheap price\u00a0citycoco harley 1000w from Rooder\u00a0citycoco harley 1000w factory supplier exporter company manufactuer Mini harley electric scooter with 350 watt motor, 48 volt, 10 inch fat tire. 48V lithium ion battery 35km per charge, 30km\/h max speed LED front and rear light less than 40KG Rooder harley electric scooter factory direct 12 months warranty    Brand: OEM\/ODM\/ROODER   Min.Order Quantity: 10 Piece\/Pieces   Supply Ability: 10000 Piece\/Pieces per Month   Port: Shenzhen   Payment Terms: T\/T, L\/C, D\/A, D\/P\" \/>\n<meta property=\"og:url\" content=\"https:\/\/www.rooderchina.com\/tr\/urun\/electric-scooter-citycoco-r804m-with-350-watt-motor-48-volt-10-inch-fat-tire-and-lithium-ion-battery\/\" \/>\n<meta property=\"og:site_name\" content=\"Electric Scooters Bikes Citycoco Manufacturer\" \/>\n<meta property=\"article:publisher\" content=\"https:\/\/www.facebook.com\/rooder.tec\" \/>\n<meta property=\"article:modified_time\" content=\"2023-11-11T10:35:10+00:00\" \/>\n<meta property=\"og:image\" content=\"https:\/\/www.rooderchina.com\/wp-content\/uploads\/2023\/11\/4fc6ad371-300x296-1.jpg\" \/>\n\t<meta property=\"og:image:width\" content=\"300\" \/>\n\t<meta property=\"og:image:height\" content=\"296\" \/>\n\t<meta property=\"og:image:type\" content=\"image\/jpeg\" \/>\n<meta name=\"twitter:card\" content=\"summary_large_image\" \/>\n<meta name=\"twitter:site\" content=\"@RooderTec\" \/>\n<meta name=\"twitter:label1\" content=\"Tahmini okuma s\u00fcresi\" \/>\n\t<meta name=\"twitter:data1\" content=\"1 dakika\" \/>\n<script type=\"application\/ld+json\" class=\"yoast-schema-graph\">{\"@context\":\"https:\/\/schema.org\",\"@graph\":[{\"@type\":\"WebPage\",\"@id\":\"https:\/\/www.rooderchina.com\/product\/electric-scooter-citycoco-r804m-with-350-watt-motor-48-volt-10-inch-fat-tire-and-lithium-ion-battery\/\",\"url\":\"https:\/\/www.rooderchina.com\/product\/electric-scooter-citycoco-r804m-with-350-watt-motor-48-volt-10-inch-fat-tire-and-lithium-ion-battery\/\",\"name\":\"electric scooter citycoco r804m with 350 watt motor 48 volt 10 inch fat tire and lithium ion battery - Electric Scooters Bikes Citycoco Manufacturer\",\"isPartOf\":{\"@id\":\"https:\/\/www.rooderchina.com\/#website\"},\"datePublished\":\"2023-11-11T10:33:51+00:00\",\"dateModified\":\"2023-11-11T10:35:10+00:00\",\"breadcrumb\":{\"@id\":\"https:\/\/www.rooderchina.com\/product\/electric-scooter-citycoco-r804m-with-350-watt-motor-48-volt-10-inch-fat-tire-and-lithium-ion-battery\/#breadcrumb\"},\"inLanguage\":\"tr\",\"potentialAction\":[{\"@type\":\"ReadAction\",\"target\":[\"https:\/\/www.rooderchina.com\/product\/electric-scooter-citycoco-r804m-with-350-watt-motor-48-volt-10-inch-fat-tire-and-lithium-ion-battery\/\"]}]},{\"@type\":\"BreadcrumbList\",\"@id\":\"https:\/\/www.rooderchina.com\/product\/electric-scooter-citycoco-r804m-with-350-watt-motor-48-volt-10-inch-fat-tire-and-lithium-ion-battery\/#breadcrumb\",\"itemListElement\":[{\"@type\":\"ListItem\",\"position\":1,\"name\":\"HOME\",\"item\":\"https:\/\/www.rooderchina.com\/\"},{\"@type\":\"ListItem\",\"position\":2,\"name\":\"Shop\",\"item\":\"https:\/\/www.rooderchina.com\/shop\/\"},{\"@type\":\"ListItem\",\"position\":3,\"name\":\"electric scooter citycoco r804m with 350 watt motor 48 volt 10 inch fat tire and lithium ion battery\"}]},{\"@type\":\"WebSite\",\"@id\":\"https:\/\/www.rooderchina.com\/#website\",\"url\":\"https:\/\/www.rooderchina.com\/\",\"name\":\"Electric Scooters Bikes Citycoco Manufacturer\",\"description\":\"Rooder Technology Limited\",\"publisher\":{\"@id\":\"https:\/\/www.rooderchina.com\/#organization\"},\"potentialAction\":[{\"@type\":\"SearchAction\",\"target\":{\"@type\":\"EntryPoint\",\"urlTemplate\":\"https:\/\/www.rooderchina.com\/?s={search_term_string}\"},\"query-input\":\"required name=search_term_string\"}],\"inLanguage\":\"tr\"},{\"@type\":\"Organization\",\"@id\":\"https:\/\/www.rooderchina.com\/#organization\",\"name\":\"Electric Scooters Bikes Citycoco Manufacturer\",\"url\":\"https:\/\/www.rooderchina.com\/\",\"logo\":{\"@type\":\"ImageObject\",\"inLanguage\":\"tr\",\"@id\":\"https:\/\/www.rooderchina.com\/#\/schema\/logo\/image\/\",\"url\":\"https:\/\/www.rooderchina.com\/wp-content\/uploads\/2023\/12\/rooder2.jpg\",\"contentUrl\":\"https:\/\/www.rooderchina.com\/wp-content\/uploads\/2023\/12\/rooder2.jpg\",\"width\":1723,\"height\":1037,\"caption\":\"Electric Scooters Bikes Citycoco Manufacturer\"},\"image\":{\"@id\":\"https:\/\/www.rooderchina.com\/#\/schema\/logo\/image\/\"},\"sameAs\":[\"https:\/\/www.facebook.com\/rooder.tec\",\"https:\/\/twitter.com\/RooderTec\"]}]}<\/script>\n<!-- \/ Yoast SEO plugin. -->","yoast_head_json":{"title":"electric scooter citycoco r804m with 350 watt motor 48 volt 10 inch fat tire and lithium ion battery - Electric Scooters Bikes Citycoco Manufacturer","robots":{"index":"index","follow":"follow","max-snippet":"max-snippet:-1","max-image-preview":"max-image-preview:large","max-video-preview":"max-video-preview:-1"},"canonical":"https:\/\/www.rooderchina.com\/tr\/urun\/electric-scooter-citycoco-r804m-with-350-watt-motor-48-volt-10-inch-fat-tire-and-lithium-ion-battery\/","og_locale":"tr_TR","og_type":"article","og_title":"electric scooter citycoco r804m with 350 watt motor 48 volt 10 inch fat tire and lithium ion battery - Electric Scooters Bikes Citycoco Manufacturer","og_description":"Short Description: find high quality\u00a0citycoco harley 1000w, wholesale cheap price\u00a0citycoco harley 1000w from Rooder\u00a0citycoco harley 1000w factory supplier exporter company manufactuer Mini harley electric scooter with 350 watt motor, 48 volt, 10 inch fat tire. 48V lithium ion battery 35km per charge, 30km\/h max speed LED front and rear light less than 40KG Rooder harley electric scooter factory direct 12 months warranty    Brand: OEM\/ODM\/ROODER   Min.Order Quantity: 10 Piece\/Pieces   Supply Ability: 10000 Piece\/Pieces per Month   Port: Shenzhen   Payment Terms: T\/T, L\/C, D\/A, D\/P","og_url":"https:\/\/www.rooderchina.com\/tr\/urun\/electric-scooter-citycoco-r804m-with-350-watt-motor-48-volt-10-inch-fat-tire-and-lithium-ion-battery\/","og_site_name":"Electric Scooters Bikes Citycoco Manufacturer","article_publisher":"https:\/\/www.facebook.com\/rooder.tec","article_modified_time":"2023-11-11T10:35:10+00:00","og_image":[{"width":300,"height":296,"url":"https:\/\/www.rooderchina.com\/wp-content\/uploads\/2023\/11\/4fc6ad371-300x296-1.jpg","type":"image\/jpeg"}],"twitter_card":"summary_large_image","twitter_site":"@RooderTec","twitter_misc":{"Tahmini okuma s\u00fcresi":"1 dakika"},"schema":{"@context":"https:\/\/schema.org","@graph":[{"@type":"WebPage","@id":"https:\/\/www.rooderchina.com\/product\/electric-scooter-citycoco-r804m-with-350-watt-motor-48-volt-10-inch-fat-tire-and-lithium-ion-battery\/","url":"https:\/\/www.rooderchina.com\/product\/electric-scooter-citycoco-r804m-with-350-watt-motor-48-volt-10-inch-fat-tire-and-lithium-ion-battery\/","name":"electric scooter citycoco r804m with 350 watt motor 48 volt 10 inch fat tire and lithium ion battery - Electric Scooters Bikes Citycoco Manufacturer","isPartOf":{"@id":"https:\/\/www.rooderchina.com\/#website"},"datePublished":"2023-11-11T10:33:51+00:00","dateModified":"2023-11-11T10:35:10+00:00","breadcrumb":{"@id":"https:\/\/www.rooderchina.com\/product\/electric-scooter-citycoco-r804m-with-350-watt-motor-48-volt-10-inch-fat-tire-and-lithium-ion-battery\/#breadcrumb"},"inLanguage":"tr","potentialAction":[{"@type":"ReadAction","target":["https:\/\/www.rooderchina.com\/product\/electric-scooter-citycoco-r804m-with-350-watt-motor-48-volt-10-inch-fat-tire-and-lithium-ion-battery\/"]}]},{"@type":"BreadcrumbList","@id":"https:\/\/www.rooderchina.com\/product\/electric-scooter-citycoco-r804m-with-350-watt-motor-48-volt-10-inch-fat-tire-and-lithium-ion-battery\/#breadcrumb","itemListElement":[{"@type":"ListItem","position":1,"name":"HOME","item":"https:\/\/www.rooderchina.com\/"},{"@type":"ListItem","position":2,"name":"Shop","item":"https:\/\/www.rooderchina.com\/shop\/"},{"@type":"ListItem","position":3,"name":"electric scooter citycoco r804m with 350 watt motor 48 volt 10 inch fat tire and lithium ion battery"}]},{"@type":"WebSite","@id":"https:\/\/www.rooderchina.com\/#website","url":"https:\/\/www.rooderchina.com\/","name":"Electric Scooters Bikes Citycoco Manufacturer","description":"Rooder Technology Limited","publisher":{"@id":"https:\/\/www.rooderchina.com\/#organization"},"potentialAction":[{"@type":"SearchAction","target":{"@type":"EntryPoint","urlTemplate":"https:\/\/www.rooderchina.com\/?s={search_term_string}"},"query-input":"required name=search_term_string"}],"inLanguage":"tr"},{"@type":"Organization","@id":"https:\/\/www.rooderchina.com\/#organization","name":"Electric Scooters Bikes Citycoco Manufacturer","url":"https:\/\/www.rooderchina.com\/","logo":{"@type":"ImageObject","inLanguage":"tr","@id":"https:\/\/www.rooderchina.com\/#\/schema\/logo\/image\/","url":"https:\/\/www.rooderchina.com\/wp-content\/uploads\/2023\/12\/rooder2.jpg","contentUrl":"https:\/\/www.rooderchina.com\/wp-content\/uploads\/2023\/12\/rooder2.jpg","width":1723,"height":1037,"caption":"Electric Scooters Bikes Citycoco Manufacturer"},"image":{"@id":"https:\/\/www.rooderchina.com\/#\/schema\/logo\/image\/"},"sameAs":["https:\/\/www.facebook.com\/rooder.tec","https:\/\/twitter.com\/RooderTec"]}]}},"_links":{"self":[{"href":"https:\/\/www.rooderchina.com\/tr\/wp-json\/wp\/v2\/product\/9271","targetHints":{"allow":["GET"]}}],"collection":[{"href":"https:\/\/www.rooderchina.com\/tr\/wp-json\/wp\/v2\/product"}],"about":[{"href":"https:\/\/www.rooderchina.com\/tr\/wp-json\/wp\/v2\/types\/product"}],"replies":[{"embeddable":true,"href":"https:\/\/www.rooderchina.com\/tr\/wp-json\/wp\/v2\/comments?post=9271"}],"version-history":[{"count":1,"href":"https:\/\/www.rooderchina.com\/tr\/wp-json\/wp\/v2\/product\/9271\/revisions"}],"predecessor-version":[{"id":9272,"href":"https:\/\/www.rooderchina.com\/tr\/wp-json\/wp\/v2\/product\/9271\/revisions\/9272"}],"wp:featuredmedia":[{"embeddable":true,"href":"https:\/\/www.rooderchina.com\/tr\/wp-json\/wp\/v2\/media\/9273"}],"wp:attachment":[{"href":"https:\/\/www.rooderchina.com\/tr\/wp-json\/wp\/v2\/media?parent=9271"}],"wp:term":[{"taxonomy":"product_brand","embeddable":true,"href":"https:\/\/www.rooderchina.com\/tr\/wp-json\/wp\/v2\/product_brand?post=9271"},{"taxonomy":"product_cat","embeddable":true,"href":"https:\/\/www.rooderchina.com\/tr\/wp-json\/wp\/v2\/product_cat?post=9271"},{"taxonomy":"product_tag","embeddable":true,"href":"https:\/\/www.rooderchina.com\/tr\/wp-json\/wp\/v2\/product_tag?post=9271"}],"curies":[{"name":"wp","href":"https:\/\/api.w.org\/{rel}","templated":true}]}}