{"id":9240,"date":"2023-11-11T18:33:51","date_gmt":"2023-11-11T10:33:51","guid":{"rendered":"http:\/\/www.rooderchina.com\/index.php\/product\/eec-big-wheel-electric-scooter-citycoco-with-removable-battery\/"},"modified":"2023-11-11T18:35:01","modified_gmt":"2023-11-11T10:35:01","slug":"eec-big-wheel-electric-scooter-citycoco-with-removable-battery","status":"publish","type":"product","link":"https:\/\/www.rooderchina.com\/tr\/urun\/eec-big-wheel-electric-scooter-citycoco-with-removable-battery\/","title":{"rendered":"\u00c7\u0131kar\u0131labilir bataryal\u0131 EEC b\u00fcy\u00fck tekerlekli elektrikli scooter citycoco"},"content":{"rendered":"<p>Rooder launch EEC big wheel electric scooter citycoco in 2018, new design with removable battery. Applying EEC certificate gets many Europe customer likes. It will gets hot sales in EU.\u00a0EEC big wheel electric scooter will be the best chose for the importer.<\/p>\n<p>&nbsp;<\/p>\n<p>Model:r804j<br \/>\nMaterial : Steel tube<br \/>\nBattery : Li-on Battery 60V 12AH<br \/>\nMotor Power: 1000W<br \/>\nsize:1296mmx750mm<br \/>\nSeat cushion height :700mm<br \/>\nWheel base :1296mm<br \/>\nTyre:18&#215;9.5inch<br \/>\nFront brake :Oil brake +Disc Brake<br \/>\nMax Speed : 30-50km\/h<br \/>\nRange Per Charge : 30-40KM<br \/>\nMaximum load :200KGS<br \/>\nMax gradeability : 30 degree<br \/>\nProduct Size:1756x700x1200mm<br \/>\nWorking Temperature :10-40 degree<br \/>\nCharge time : 6 hours<br \/>\n\u00d6n \u015fok s\u00fcspansiyon: evet<br \/>\nArka \u015fok s\u00fcspansiyon: evet<br \/>\nTurning light \uff1a Yes<\/p>\n<p>&nbsp;<\/p><\/p>","protected":false},"excerpt":{"rendered":"<h3>K\u0131sa A\u00e7\u0131klama:<\/h3>\n<p><p>Rooder Technology Ltd'den EEC citycoco, ya\u011fl\u0131 lastik elektrikli scooter, EEC citycoco tedarik\u00e7isi, b\u00fcy\u00fck tekerlekli elektrikli scooter fabrikas\u0131, citycoco b\u00fcy\u00fck elektrikli tekerlek \u00fcreticisi bulmak.<\/p>\n<p>al\u00fcminyum tekerlek: evet<br \/>\n\u00f6n ve arka \u015fok s\u00fcspansiyon: evet<br \/>\n\u00f6n ve arka d\u00f6n\u00fc\u015f lambalar\u0131: evet<br \/>\nfren lambas\u0131: evet<br \/>\ndikiz aynas\u0131: evet<br \/>\nlityum pil: evet<\/p>\n<\/p>\n<p><\/p>\n<li><em>Marka: <\/em> OEM\/ODM\/ROODER<\/li>\n<li><em>Min.Sipari\u015f Miktar\u0131: <\/em> 10 Adet \/ Adet<\/li>\n<li><em>Tedarik Yetene\u011fi: <\/em> 10000 Adet \/ Adet her Ay<\/li>\n<li><em>Liman: <\/em> Shenzhen<\/li>\n<li><em>\u00d6deme Ko\u015fullar\u0131: <\/em> T\/T, L\/C, D\/A, D\/P<\/li>","protected":false},"featured_media":9242,"comment_status":"closed","ping_status":"open","template":"","meta":[],"product_brand":[],"product_cat":[464],"product_tag":[],"class_list":{"0":"post-9240","1":"product","2":"type-product","3":"status-publish","4":"has-post-thumbnail","6":"product_cat-citycoco-choppers","8":"first","9":"instock","10":"product-type-simple"},"yoast_head":"<!-- This site is optimized with the Yoast SEO plugin v21.7 - https:\/\/yoast.com\/wordpress\/plugins\/seo\/ -->\n<title>EEC big wheel electric scooter citycoco with removable battery - Electric Scooters Bikes Citycoco Manufacturer<\/title>\n<meta name=\"robots\" content=\"index, follow, max-snippet:-1, max-image-preview:large, max-video-preview:-1\" \/>\n<link rel=\"canonical\" href=\"https:\/\/www.rooderchina.com\/tr\/urun\/eec-big-wheel-electric-scooter-citycoco-with-removable-battery\/\" \/>\n<meta property=\"og:locale\" content=\"tr_TR\" \/>\n<meta property=\"og:type\" content=\"article\" \/>\n<meta property=\"og:title\" content=\"EEC big wheel electric scooter citycoco with removable battery - Electric Scooters Bikes Citycoco Manufacturer\" \/>\n<meta property=\"og:description\" content=\"Short Description: Finding EEC citycoco , fat tire electric scooter from Rooder Technology Ltd, EEC citycoco supplier , big wheel electric scooter factory,\u00a0citycoco big electric wheel manufacturer. aluminium wheel: yes front and rear shock suspension: yes front and rear turning lights: yes brake light: yes rearview mirror: yes lithium battery: yes    Brand: OEM\/ODM\/ROODER   Min.Order Quantity: 10 Piece\/Pieces   Supply Ability: 10000 Piece\/Pieces per Month   Port: Shenzhen   Payment Terms: T\/T, L\/C, D\/A, D\/P\" \/>\n<meta property=\"og:url\" content=\"https:\/\/www.rooderchina.com\/tr\/urun\/eec-big-wheel-electric-scooter-citycoco-with-removable-battery\/\" \/>\n<meta property=\"og:site_name\" content=\"Electric Scooters Bikes Citycoco Manufacturer\" \/>\n<meta property=\"article:publisher\" content=\"https:\/\/www.facebook.com\/rooder.tec\" \/>\n<meta property=\"article:modified_time\" content=\"2023-11-11T10:35:01+00:00\" \/>\n<meta property=\"og:image\" content=\"https:\/\/www.rooderchina.com\/wp-content\/uploads\/2023\/11\/3f9aa67e.jpg\" \/>\n\t<meta property=\"og:image:width\" content=\"800\" \/>\n\t<meta property=\"og:image:height\" content=\"800\" \/>\n\t<meta property=\"og:image:type\" content=\"image\/jpeg\" \/>\n<meta name=\"twitter:card\" content=\"summary_large_image\" \/>\n<meta name=\"twitter:site\" content=\"@RooderTec\" \/>\n<meta name=\"twitter:label1\" content=\"Tahmini okuma s\u00fcresi\" \/>\n\t<meta name=\"twitter:data1\" content=\"1 dakika\" \/>\n<script type=\"application\/ld+json\" class=\"yoast-schema-graph\">{\"@context\":\"https:\/\/schema.org\",\"@graph\":[{\"@type\":\"WebPage\",\"@id\":\"https:\/\/www.rooderchina.com\/product\/eec-big-wheel-electric-scooter-citycoco-with-removable-battery\/\",\"url\":\"https:\/\/www.rooderchina.com\/product\/eec-big-wheel-electric-scooter-citycoco-with-removable-battery\/\",\"name\":\"EEC big wheel electric scooter citycoco with removable battery - Electric Scooters Bikes Citycoco Manufacturer\",\"isPartOf\":{\"@id\":\"https:\/\/www.rooderchina.com\/#website\"},\"datePublished\":\"2023-11-11T10:33:51+00:00\",\"dateModified\":\"2023-11-11T10:35:01+00:00\",\"breadcrumb\":{\"@id\":\"https:\/\/www.rooderchina.com\/product\/eec-big-wheel-electric-scooter-citycoco-with-removable-battery\/#breadcrumb\"},\"inLanguage\":\"tr\",\"potentialAction\":[{\"@type\":\"ReadAction\",\"target\":[\"https:\/\/www.rooderchina.com\/product\/eec-big-wheel-electric-scooter-citycoco-with-removable-battery\/\"]}]},{\"@type\":\"BreadcrumbList\",\"@id\":\"https:\/\/www.rooderchina.com\/product\/eec-big-wheel-electric-scooter-citycoco-with-removable-battery\/#breadcrumb\",\"itemListElement\":[{\"@type\":\"ListItem\",\"position\":1,\"name\":\"HOME\",\"item\":\"https:\/\/www.rooderchina.com\/\"},{\"@type\":\"ListItem\",\"position\":2,\"name\":\"Shop\",\"item\":\"https:\/\/www.rooderchina.com\/shop\/\"},{\"@type\":\"ListItem\",\"position\":3,\"name\":\"EEC big wheel electric scooter citycoco with removable battery\"}]},{\"@type\":\"WebSite\",\"@id\":\"https:\/\/www.rooderchina.com\/#website\",\"url\":\"https:\/\/www.rooderchina.com\/\",\"name\":\"Electric Scooters Bikes Citycoco Manufacturer\",\"description\":\"Rooder Technology Limited\",\"publisher\":{\"@id\":\"https:\/\/www.rooderchina.com\/#organization\"},\"potentialAction\":[{\"@type\":\"SearchAction\",\"target\":{\"@type\":\"EntryPoint\",\"urlTemplate\":\"https:\/\/www.rooderchina.com\/?s={search_term_string}\"},\"query-input\":\"required name=search_term_string\"}],\"inLanguage\":\"tr\"},{\"@type\":\"Organization\",\"@id\":\"https:\/\/www.rooderchina.com\/#organization\",\"name\":\"Electric Scooters Bikes Citycoco Manufacturer\",\"url\":\"https:\/\/www.rooderchina.com\/\",\"logo\":{\"@type\":\"ImageObject\",\"inLanguage\":\"tr\",\"@id\":\"https:\/\/www.rooderchina.com\/#\/schema\/logo\/image\/\",\"url\":\"https:\/\/www.rooderchina.com\/wp-content\/uploads\/2023\/12\/rooder2.jpg\",\"contentUrl\":\"https:\/\/www.rooderchina.com\/wp-content\/uploads\/2023\/12\/rooder2.jpg\",\"width\":1723,\"height\":1037,\"caption\":\"Electric Scooters Bikes Citycoco Manufacturer\"},\"image\":{\"@id\":\"https:\/\/www.rooderchina.com\/#\/schema\/logo\/image\/\"},\"sameAs\":[\"https:\/\/www.facebook.com\/rooder.tec\",\"https:\/\/twitter.com\/RooderTec\"]}]}<\/script>\n<!-- \/ Yoast SEO plugin. -->","yoast_head_json":{"title":"EEC big wheel electric scooter citycoco with removable battery - Electric Scooters Bikes Citycoco Manufacturer","robots":{"index":"index","follow":"follow","max-snippet":"max-snippet:-1","max-image-preview":"max-image-preview:large","max-video-preview":"max-video-preview:-1"},"canonical":"https:\/\/www.rooderchina.com\/tr\/urun\/eec-big-wheel-electric-scooter-citycoco-with-removable-battery\/","og_locale":"tr_TR","og_type":"article","og_title":"EEC big wheel electric scooter citycoco with removable battery - Electric Scooters Bikes Citycoco Manufacturer","og_description":"Short Description: Finding EEC citycoco , fat tire electric scooter from Rooder Technology Ltd, EEC citycoco supplier , big wheel electric scooter factory,\u00a0citycoco big electric wheel manufacturer. aluminium wheel: yes front and rear shock suspension: yes front and rear turning lights: yes brake light: yes rearview mirror: yes lithium battery: yes    Brand: OEM\/ODM\/ROODER   Min.Order Quantity: 10 Piece\/Pieces   Supply Ability: 10000 Piece\/Pieces per Month   Port: Shenzhen   Payment Terms: T\/T, L\/C, D\/A, D\/P","og_url":"https:\/\/www.rooderchina.com\/tr\/urun\/eec-big-wheel-electric-scooter-citycoco-with-removable-battery\/","og_site_name":"Electric Scooters Bikes Citycoco Manufacturer","article_publisher":"https:\/\/www.facebook.com\/rooder.tec","article_modified_time":"2023-11-11T10:35:01+00:00","og_image":[{"width":800,"height":800,"url":"https:\/\/www.rooderchina.com\/wp-content\/uploads\/2023\/11\/3f9aa67e.jpg","type":"image\/jpeg"}],"twitter_card":"summary_large_image","twitter_site":"@RooderTec","twitter_misc":{"Tahmini okuma s\u00fcresi":"1 dakika"},"schema":{"@context":"https:\/\/schema.org","@graph":[{"@type":"WebPage","@id":"https:\/\/www.rooderchina.com\/product\/eec-big-wheel-electric-scooter-citycoco-with-removable-battery\/","url":"https:\/\/www.rooderchina.com\/product\/eec-big-wheel-electric-scooter-citycoco-with-removable-battery\/","name":"EEC big wheel electric scooter citycoco with removable battery - Electric Scooters Bikes Citycoco Manufacturer","isPartOf":{"@id":"https:\/\/www.rooderchina.com\/#website"},"datePublished":"2023-11-11T10:33:51+00:00","dateModified":"2023-11-11T10:35:01+00:00","breadcrumb":{"@id":"https:\/\/www.rooderchina.com\/product\/eec-big-wheel-electric-scooter-citycoco-with-removable-battery\/#breadcrumb"},"inLanguage":"tr","potentialAction":[{"@type":"ReadAction","target":["https:\/\/www.rooderchina.com\/product\/eec-big-wheel-electric-scooter-citycoco-with-removable-battery\/"]}]},{"@type":"BreadcrumbList","@id":"https:\/\/www.rooderchina.com\/product\/eec-big-wheel-electric-scooter-citycoco-with-removable-battery\/#breadcrumb","itemListElement":[{"@type":"ListItem","position":1,"name":"HOME","item":"https:\/\/www.rooderchina.com\/"},{"@type":"ListItem","position":2,"name":"Shop","item":"https:\/\/www.rooderchina.com\/shop\/"},{"@type":"ListItem","position":3,"name":"EEC big wheel electric scooter citycoco with removable battery"}]},{"@type":"WebSite","@id":"https:\/\/www.rooderchina.com\/#website","url":"https:\/\/www.rooderchina.com\/","name":"Electric Scooters Bikes Citycoco Manufacturer","description":"Rooder Technology Limited","publisher":{"@id":"https:\/\/www.rooderchina.com\/#organization"},"potentialAction":[{"@type":"SearchAction","target":{"@type":"EntryPoint","urlTemplate":"https:\/\/www.rooderchina.com\/?s={search_term_string}"},"query-input":"required name=search_term_string"}],"inLanguage":"tr"},{"@type":"Organization","@id":"https:\/\/www.rooderchina.com\/#organization","name":"Electric Scooters Bikes Citycoco Manufacturer","url":"https:\/\/www.rooderchina.com\/","logo":{"@type":"ImageObject","inLanguage":"tr","@id":"https:\/\/www.rooderchina.com\/#\/schema\/logo\/image\/","url":"https:\/\/www.rooderchina.com\/wp-content\/uploads\/2023\/12\/rooder2.jpg","contentUrl":"https:\/\/www.rooderchina.com\/wp-content\/uploads\/2023\/12\/rooder2.jpg","width":1723,"height":1037,"caption":"Electric Scooters Bikes Citycoco Manufacturer"},"image":{"@id":"https:\/\/www.rooderchina.com\/#\/schema\/logo\/image\/"},"sameAs":["https:\/\/www.facebook.com\/rooder.tec","https:\/\/twitter.com\/RooderTec"]}]}},"_links":{"self":[{"href":"https:\/\/www.rooderchina.com\/tr\/wp-json\/wp\/v2\/product\/9240","targetHints":{"allow":["GET"]}}],"collection":[{"href":"https:\/\/www.rooderchina.com\/tr\/wp-json\/wp\/v2\/product"}],"about":[{"href":"https:\/\/www.rooderchina.com\/tr\/wp-json\/wp\/v2\/types\/product"}],"replies":[{"embeddable":true,"href":"https:\/\/www.rooderchina.com\/tr\/wp-json\/wp\/v2\/comments?post=9240"}],"version-history":[{"count":1,"href":"https:\/\/www.rooderchina.com\/tr\/wp-json\/wp\/v2\/product\/9240\/revisions"}],"predecessor-version":[{"id":9241,"href":"https:\/\/www.rooderchina.com\/tr\/wp-json\/wp\/v2\/product\/9240\/revisions\/9241"}],"wp:featuredmedia":[{"embeddable":true,"href":"https:\/\/www.rooderchina.com\/tr\/wp-json\/wp\/v2\/media\/9242"}],"wp:attachment":[{"href":"https:\/\/www.rooderchina.com\/tr\/wp-json\/wp\/v2\/media?parent=9240"}],"wp:term":[{"taxonomy":"product_brand","embeddable":true,"href":"https:\/\/www.rooderchina.com\/tr\/wp-json\/wp\/v2\/product_brand?post=9240"},{"taxonomy":"product_cat","embeddable":true,"href":"https:\/\/www.rooderchina.com\/tr\/wp-json\/wp\/v2\/product_cat?post=9240"},{"taxonomy":"product_tag","embeddable":true,"href":"https:\/\/www.rooderchina.com\/tr\/wp-json\/wp\/v2\/product_tag?post=9240"}],"curies":[{"name":"wp","href":"https:\/\/api.w.org\/{rel}","templated":true}]}}