{"id":9237,"date":"2023-11-11T18:33:51","date_gmt":"2023-11-11T10:33:51","guid":{"rendered":"http:\/\/www.rooderchina.com\/index.php\/product\/big-wheel-electric-scooter-citycoco-with-removable-battery-rooder-r804f\/"},"modified":"2023-11-20T01:48:20","modified_gmt":"2023-11-19T17:48:20","slug":"big-wheel-electric-scooter-citycoco-with-removable-battery-rooder-r804f","status":"publish","type":"product","link":"https:\/\/www.rooderchina.com\/tr\/urun\/big-wheel-electric-scooter-citycoco-with-removable-battery-rooder-r804f\/","title":{"rendered":"\u00c7\u0131kar\u0131labilir bataryal\u0131 b\u00fcy\u00fck tekerlekli elektrikli scooter citycoco Rooder R804f"},"content":{"rendered":"<p>Rooder Technology co., Ltd is electric scooter factory specializing in the production of citycoco, hoverboard and scooter for many\u00a0<a href=\"http:\/\/years.it\/\" target=\"_blank\" rel=\"noopener nofollow\" data-qt-tooltip=\"years.it\">y<\/a>ears. It has been exported to many countries, such as France, Spain, Mexico, USA, Peru, Italy and so on. All this time, Rooder wins many reputation of citycoco , electric scooter.<\/p>\n<p>Youtube:\u00a0https:\/\/youtu.be\/XXfFGQXs724<\/p>\n<p>Big wheel electric scooter <a href=\"https:\/\/www.rooderchina.com\/tr\/tag\/citycoco-with-removable-battery\/\" title=\"View all posts in citycoco with removable battery\" target=\"_blank\" rel=\"noopener\">citycoco with removable battery<\/a><\/p>\n<\/p>\n<\/p>\n<\/p>\n<p>Model:r804f<br \/>\nJant: 12 in\u00e7 Al\u00fcminyum ala\u015f\u0131m<br \/>\nUzunluk: 1756mm*750mm*50mm<br \/>\nLastik ebad\u0131: 18\u00d79,5 in\u00e7<br \/>\nfren modu : Disk fren<br \/>\nMaksimum t\u0131rman\u0131\u015f : 18 derece<br \/>\nMaksimum tork : 95N\/M<br \/>\nMaksimum kilometre : 35-40KM<br \/>\nMaksimum h\u0131z: 50km\/s<br \/>\nMaksimum y\u00fck : 200kg<br \/>\n\u00c7\u0131kar\u0131labilir pil: 60V12AH lityum pil<br \/>\n\u015earj s\u00fcresi: 6 saat<br \/>\nMotor g\u00fcc\u00fc: 1000W<br \/>\n\u00d6n \u015fok s\u00fcspansiyon: evet<br \/>\nArka \u015fok s\u00fcspansiyon: evet<br \/>\nEvet.<br \/>\nArka d\u00f6n\u00fc\u015f \u0131\u015f\u0131klar\u0131: evet<br \/>\nDur \u0131\u015f\u0131\u011f\u0131: evet<br \/>\nLED ekran: evet<br \/>\n\u00e7ift ki\u015filik koltuk: evet<br \/>\nNW: 65KG GW: 70KG<br \/>\nPaket boyutu: 186*42*80cm<\/p>\n<p>&nbsp;<\/p>","protected":false},"excerpt":{"rendered":"<h3>K\u0131sa A\u00e7\u0131klama:<\/h3>\n<p><p>Elektrikli scooter fabrikas\u0131 Rooder, ya\u011f lasti\u011fi citycoco tedarik\u00e7isi, koltuk fabrikas\u0131 ile elektrikli scooter \u00e7\u0131kar\u0131labilir pil ile b\u00fcy\u00fck tekerlekli elektrikli scooter citycoco bulma.<\/p>\n<\/p>\n<p><\/p>\n<li><em>Marka: <\/em> OEM\/ODM\/ROODER<\/li>\n<li><em>Min.Sipari\u015f Miktar\u0131: <\/em> 10 Adet \/ Adet<\/li>\n<li><em>Tedarik Yetene\u011fi: <\/em> 10000 Adet \/ Adet her Ay<\/li>\n<li><em>Liman: <\/em> Shenzhen<\/li>\n<li><em>\u00d6deme Ko\u015fullar\u0131: <\/em> T\/T, L\/C, D\/A, D\/P<\/li>","protected":false},"featured_media":9239,"comment_status":"closed","ping_status":"closed","template":"","meta":[],"product_brand":[],"product_cat":[464],"product_tag":[572,512,573,530,531],"class_list":{"0":"post-9237","1":"product","2":"type-product","3":"status-publish","4":"has-post-thumbnail","6":"product_cat-citycoco-choppers","7":"product_tag-big-wheel-citycoco","8":"product_tag-big-wheel-electric-scooter","9":"product_tag-citycoco-with-removable-battery","10":"product_tag-electric-scooter","11":"product_tag-electric-scooter-citycoco","13":"first","14":"instock","15":"product-type-simple"},"yoast_head":"<!-- This site is optimized with the Yoast SEO plugin v21.7 - https:\/\/yoast.com\/wordpress\/plugins\/seo\/ -->\n<title>Big wheel electric scooter citycoco with removable battery Rooder R804f - Electric Scooters Bikes Citycoco Manufacturer<\/title>\n<meta name=\"robots\" content=\"index, follow, max-snippet:-1, max-image-preview:large, max-video-preview:-1\" \/>\n<link rel=\"canonical\" href=\"https:\/\/www.rooderchina.com\/tr\/producto\/big-wheel-electric-scooter-citycoco-with-removable-battery-rooder-r804f\/\" \/>\n<meta property=\"og:locale\" content=\"tr_TR\" \/>\n<meta property=\"og:type\" content=\"article\" \/>\n<meta property=\"og:title\" content=\"Big wheel electric scooter citycoco with removable battery Rooder R804f - Electric Scooters Bikes Citycoco Manufacturer\" \/>\n<meta property=\"og:description\" content=\"Short Description: Finding big wheel electric scooter citycoco with removable battery from electric scooter factory Rooder, fat tire citycoco supplier ,\u00a0 electric scooter with seat manufactory.    Brand: OEM\/ODM\/ROODER   Min.Order Quantity: 10 Piece\/Pieces   Supply Ability: 10000 Piece\/Pieces per Month   Port: Shenzhen   Payment Terms: T\/T, L\/C, D\/A, D\/P\" \/>\n<meta property=\"og:url\" content=\"https:\/\/www.rooderchina.com\/tr\/producto\/big-wheel-electric-scooter-citycoco-with-removable-battery-rooder-r804f\/\" \/>\n<meta property=\"og:site_name\" content=\"Electric Scooters Bikes Citycoco Manufacturer\" \/>\n<meta property=\"article:publisher\" content=\"https:\/\/www.facebook.com\/rooder.tec\" \/>\n<meta property=\"article:modified_time\" content=\"2023-11-19T17:48:20+00:00\" \/>\n<meta property=\"og:image\" content=\"https:\/\/www.rooderchina.com\/wp-content\/uploads\/2023\/11\/7fa6e8d1.jpg\" \/>\n\t<meta property=\"og:image:width\" content=\"750\" \/>\n\t<meta property=\"og:image:height\" content=\"750\" \/>\n\t<meta property=\"og:image:type\" content=\"image\/jpeg\" \/>\n<meta name=\"twitter:card\" content=\"summary_large_image\" \/>\n<meta name=\"twitter:site\" content=\"@RooderTec\" \/>\n<meta name=\"twitter:label1\" content=\"Tahmini okuma s\u00fcresi\" \/>\n\t<meta name=\"twitter:data1\" content=\"1 dakika\" \/>\n<script type=\"application\/ld+json\" class=\"yoast-schema-graph\">{\"@context\":\"https:\/\/schema.org\",\"@graph\":[{\"@type\":\"WebPage\",\"@id\":\"https:\/\/www.rooderchina.com\/es\/producto\/big-wheel-electric-scooter-citycoco-with-removable-battery-rooder-r804f\/\",\"url\":\"https:\/\/www.rooderchina.com\/es\/producto\/big-wheel-electric-scooter-citycoco-with-removable-battery-rooder-r804f\/\",\"name\":\"Big wheel electric scooter citycoco with removable battery Rooder R804f - Electric Scooters Bikes Citycoco Manufacturer\",\"isPartOf\":{\"@id\":\"https:\/\/www.rooderchina.com\/#website\"},\"datePublished\":\"2023-11-11T10:33:51+00:00\",\"dateModified\":\"2023-11-19T17:48:20+00:00\",\"breadcrumb\":{\"@id\":\"https:\/\/www.rooderchina.com\/es\/producto\/big-wheel-electric-scooter-citycoco-with-removable-battery-rooder-r804f\/#breadcrumb\"},\"inLanguage\":\"tr\",\"potentialAction\":[{\"@type\":\"ReadAction\",\"target\":[\"https:\/\/www.rooderchina.com\/es\/producto\/big-wheel-electric-scooter-citycoco-with-removable-battery-rooder-r804f\/\"]}]},{\"@type\":\"BreadcrumbList\",\"@id\":\"https:\/\/www.rooderchina.com\/es\/producto\/big-wheel-electric-scooter-citycoco-with-removable-battery-rooder-r804f\/#breadcrumb\",\"itemListElement\":[{\"@type\":\"ListItem\",\"position\":1,\"name\":\"HOME\",\"item\":\"https:\/\/www.rooderchina.com\/\"},{\"@type\":\"ListItem\",\"position\":2,\"name\":\"Shop\",\"item\":\"https:\/\/www.rooderchina.com\/shop\/\"},{\"@type\":\"ListItem\",\"position\":3,\"name\":\"Big wheel electric scooter citycoco with removable battery Rooder R804f\"}]},{\"@type\":\"WebSite\",\"@id\":\"https:\/\/www.rooderchina.com\/#website\",\"url\":\"https:\/\/www.rooderchina.com\/\",\"name\":\"Electric Scooters Bikes Citycoco Manufacturer\",\"description\":\"Rooder Technology Limited\",\"publisher\":{\"@id\":\"https:\/\/www.rooderchina.com\/#organization\"},\"potentialAction\":[{\"@type\":\"SearchAction\",\"target\":{\"@type\":\"EntryPoint\",\"urlTemplate\":\"https:\/\/www.rooderchina.com\/?s={search_term_string}\"},\"query-input\":\"required name=search_term_string\"}],\"inLanguage\":\"tr\"},{\"@type\":\"Organization\",\"@id\":\"https:\/\/www.rooderchina.com\/#organization\",\"name\":\"Electric Scooters Bikes Citycoco Manufacturer\",\"url\":\"https:\/\/www.rooderchina.com\/\",\"logo\":{\"@type\":\"ImageObject\",\"inLanguage\":\"tr\",\"@id\":\"https:\/\/www.rooderchina.com\/#\/schema\/logo\/image\/\",\"url\":\"https:\/\/www.rooderchina.com\/wp-content\/uploads\/2023\/12\/rooder2.jpg\",\"contentUrl\":\"https:\/\/www.rooderchina.com\/wp-content\/uploads\/2023\/12\/rooder2.jpg\",\"width\":1723,\"height\":1037,\"caption\":\"Electric Scooters Bikes Citycoco Manufacturer\"},\"image\":{\"@id\":\"https:\/\/www.rooderchina.com\/#\/schema\/logo\/image\/\"},\"sameAs\":[\"https:\/\/www.facebook.com\/rooder.tec\",\"https:\/\/twitter.com\/RooderTec\"]}]}<\/script>\n<!-- \/ Yoast SEO plugin. -->","yoast_head_json":{"title":"Big wheel electric scooter citycoco with removable battery Rooder R804f - Electric Scooters Bikes Citycoco Manufacturer","robots":{"index":"index","follow":"follow","max-snippet":"max-snippet:-1","max-image-preview":"max-image-preview:large","max-video-preview":"max-video-preview:-1"},"canonical":"https:\/\/www.rooderchina.com\/tr\/producto\/big-wheel-electric-scooter-citycoco-with-removable-battery-rooder-r804f\/","og_locale":"tr_TR","og_type":"article","og_title":"Big wheel electric scooter citycoco with removable battery Rooder R804f - Electric Scooters Bikes Citycoco Manufacturer","og_description":"Short Description: Finding big wheel electric scooter citycoco with removable battery from electric scooter factory Rooder, fat tire citycoco supplier ,\u00a0 electric scooter with seat manufactory.    Brand: OEM\/ODM\/ROODER   Min.Order Quantity: 10 Piece\/Pieces   Supply Ability: 10000 Piece\/Pieces per Month   Port: Shenzhen   Payment Terms: T\/T, L\/C, D\/A, D\/P","og_url":"https:\/\/www.rooderchina.com\/tr\/producto\/big-wheel-electric-scooter-citycoco-with-removable-battery-rooder-r804f\/","og_site_name":"Electric Scooters Bikes Citycoco Manufacturer","article_publisher":"https:\/\/www.facebook.com\/rooder.tec","article_modified_time":"2023-11-19T17:48:20+00:00","og_image":[{"width":750,"height":750,"url":"https:\/\/www.rooderchina.com\/wp-content\/uploads\/2023\/11\/7fa6e8d1.jpg","type":"image\/jpeg"}],"twitter_card":"summary_large_image","twitter_site":"@RooderTec","twitter_misc":{"Tahmini okuma s\u00fcresi":"1 dakika"},"schema":{"@context":"https:\/\/schema.org","@graph":[{"@type":"WebPage","@id":"https:\/\/www.rooderchina.com\/es\/producto\/big-wheel-electric-scooter-citycoco-with-removable-battery-rooder-r804f\/","url":"https:\/\/www.rooderchina.com\/es\/producto\/big-wheel-electric-scooter-citycoco-with-removable-battery-rooder-r804f\/","name":"Big wheel electric scooter citycoco with removable battery Rooder R804f - Electric Scooters Bikes Citycoco Manufacturer","isPartOf":{"@id":"https:\/\/www.rooderchina.com\/#website"},"datePublished":"2023-11-11T10:33:51+00:00","dateModified":"2023-11-19T17:48:20+00:00","breadcrumb":{"@id":"https:\/\/www.rooderchina.com\/es\/producto\/big-wheel-electric-scooter-citycoco-with-removable-battery-rooder-r804f\/#breadcrumb"},"inLanguage":"tr","potentialAction":[{"@type":"ReadAction","target":["https:\/\/www.rooderchina.com\/es\/producto\/big-wheel-electric-scooter-citycoco-with-removable-battery-rooder-r804f\/"]}]},{"@type":"BreadcrumbList","@id":"https:\/\/www.rooderchina.com\/es\/producto\/big-wheel-electric-scooter-citycoco-with-removable-battery-rooder-r804f\/#breadcrumb","itemListElement":[{"@type":"ListItem","position":1,"name":"HOME","item":"https:\/\/www.rooderchina.com\/"},{"@type":"ListItem","position":2,"name":"Shop","item":"https:\/\/www.rooderchina.com\/shop\/"},{"@type":"ListItem","position":3,"name":"Big wheel electric scooter citycoco with removable battery Rooder R804f"}]},{"@type":"WebSite","@id":"https:\/\/www.rooderchina.com\/#website","url":"https:\/\/www.rooderchina.com\/","name":"Electric Scooters Bikes Citycoco Manufacturer","description":"Rooder Technology Limited","publisher":{"@id":"https:\/\/www.rooderchina.com\/#organization"},"potentialAction":[{"@type":"SearchAction","target":{"@type":"EntryPoint","urlTemplate":"https:\/\/www.rooderchina.com\/?s={search_term_string}"},"query-input":"required name=search_term_string"}],"inLanguage":"tr"},{"@type":"Organization","@id":"https:\/\/www.rooderchina.com\/#organization","name":"Electric Scooters Bikes Citycoco Manufacturer","url":"https:\/\/www.rooderchina.com\/","logo":{"@type":"ImageObject","inLanguage":"tr","@id":"https:\/\/www.rooderchina.com\/#\/schema\/logo\/image\/","url":"https:\/\/www.rooderchina.com\/wp-content\/uploads\/2023\/12\/rooder2.jpg","contentUrl":"https:\/\/www.rooderchina.com\/wp-content\/uploads\/2023\/12\/rooder2.jpg","width":1723,"height":1037,"caption":"Electric Scooters Bikes Citycoco Manufacturer"},"image":{"@id":"https:\/\/www.rooderchina.com\/#\/schema\/logo\/image\/"},"sameAs":["https:\/\/www.facebook.com\/rooder.tec","https:\/\/twitter.com\/RooderTec"]}]}},"_links":{"self":[{"href":"https:\/\/www.rooderchina.com\/tr\/wp-json\/wp\/v2\/product\/9237","targetHints":{"allow":["GET"]}}],"collection":[{"href":"https:\/\/www.rooderchina.com\/tr\/wp-json\/wp\/v2\/product"}],"about":[{"href":"https:\/\/www.rooderchina.com\/tr\/wp-json\/wp\/v2\/types\/product"}],"replies":[{"embeddable":true,"href":"https:\/\/www.rooderchina.com\/tr\/wp-json\/wp\/v2\/comments?post=9237"}],"version-history":[{"count":1,"href":"https:\/\/www.rooderchina.com\/tr\/wp-json\/wp\/v2\/product\/9237\/revisions"}],"predecessor-version":[{"id":9238,"href":"https:\/\/www.rooderchina.com\/tr\/wp-json\/wp\/v2\/product\/9237\/revisions\/9238"}],"wp:featuredmedia":[{"embeddable":true,"href":"https:\/\/www.rooderchina.com\/tr\/wp-json\/wp\/v2\/media\/9239"}],"wp:attachment":[{"href":"https:\/\/www.rooderchina.com\/tr\/wp-json\/wp\/v2\/media?parent=9237"}],"wp:term":[{"taxonomy":"product_brand","embeddable":true,"href":"https:\/\/www.rooderchina.com\/tr\/wp-json\/wp\/v2\/product_brand?post=9237"},{"taxonomy":"product_cat","embeddable":true,"href":"https:\/\/www.rooderchina.com\/tr\/wp-json\/wp\/v2\/product_cat?post=9237"},{"taxonomy":"product_tag","embeddable":true,"href":"https:\/\/www.rooderchina.com\/tr\/wp-json\/wp\/v2\/product_tag?post=9237"}],"curies":[{"name":"wp","href":"https:\/\/api.w.org\/{rel}","templated":true}]}}