{"id":9180,"date":"2023-11-11T18:33:51","date_gmt":"2023-11-11T10:33:51","guid":{"rendered":"http:\/\/www.rooderchina.com\/index.php\/product\/1200w-electric-battery-powered-motorcycle-citycoco-harley-r804e-with-eec-front-lamp-rear-turn-brake-light-license-plate-lamp-rearview-mirrors-kickstand-and-dashboard\/"},"modified":"2023-11-11T18:34:36","modified_gmt":"2023-11-11T10:34:36","slug":"1200w-electric-battery-powered-motorcycle-citycoco-harley-r804e-with-eec-front-lamp-rear-turn-brake-light-license-plate-lamp-rearview-mirrors-kickstand-and-dashboard","status":"publish","type":"product","link":"https:\/\/www.rooderchina.com\/tr\/urun\/1200w-electric-battery-powered-motorcycle-citycoco-harley-r804e-with-eec-front-lamp-rear-turn-brake-light-license-plate-lamp-rearview-mirrors-kickstand-and-dashboard\/","title":{"rendered":"1200w elektrikli ak\u00fcl\u00fc motosiklet citycoco harley r804e eec \u00f6n lamba arka d\u00f6n\u00fc\u015f fren lambas\u0131 plaka lambas\u0131 dikiz aynalar\u0131 destek aya\u011f\u0131 ve g\u00f6sterge paneli"},"content":{"rendered":"<p>Shenzhen Rooder Technology Co, Ltd tasar\u0131m\u0131 ve Elektrikli Scooter Denge Citycoco, 2 Tekerlekli Motosiklet, Elektrikli Motosiklet ve elektrikli Bisiklet vb \u00fcretiminde uzmanla\u015fm\u0131\u015ft\u0131r.<\/p>\n<p>Profesyonel Ar-Ge departman\u0131m\u0131z ve kalite kontrol departman\u0131m\u0131z var. S\u0131k\u0131 ISO9001: 2000 Kalite Y\u00f6netim Sistemi alt\u0131nda faaliyet g\u00f6steriyoruz. Fabrikam\u0131z birka\u00e7 benzersiz patent alm\u0131\u015ft\u0131r ve \u00fcr\u00fcnlerimizin \u00e7o\u011fu FCC, RoHS ve CE sertifikalar\u0131n\u0131 ge\u00e7mi\u015ftir. Ba\u015fl\u0131ca pazarlar\u0131m\u0131z \u0130sve\u00e7, Macaristan, Romanya, Almanya, Fransa, \u0130talya, Polonya, Hollanda, \u0130spanya, Finlandiya, T\u00fcrkiye, Rusya, Norve\u00e7, \u0130srail, Avustralya, Bu arada \u00fcr\u00fcnlerimizi Amerika, Kore, Japonya, Hong Kong, Tayvan, Hindistan ve Orta Do\u011fu'ya da sat\u0131yoruz ...<\/p>\n<\/p>\n<p>&nbsp;<\/p>\n<p>&nbsp;<\/p>\n<p>maksimum h\u0131z: 40km\/saat<br \/>\nmenzil (\u015farj ba\u015f\u0131na): 35-70km<br \/>\nmaksimum a\u00e7\u0131 kapsam\u0131: 20\u00b0<br \/>\nnet a\u011f\u0131rl\u0131k: 65kg<br \/>\nbr\u00fct a\u011f\u0131rl\u0131k: 71kg<br \/>\nmaksimum y\u00fck: 150kg<br \/>\nmotor g\u00fcc\u00fc: 1200w f\u0131r\u00e7as\u0131z motor<br \/>\nak\u00fc kapasitesi: 60v 12-20ah<br \/>\npil: \u00e7\u0131kar\u0131labilir lityum pil<br \/>\n\u015farj s\u00fcresi: 4-6 saat<br \/>\nlastik boyutu: 12 in\u00e7 al\u00fcminyum lastikler<br \/>\ndamper: \u00f6n amortis\u00f6r<br \/>\nt\u00fcm araban\u0131n boyutu: 175*78.4*70cm<br \/>\nkarton boyutu: 167*36*80cm<br \/>\n\u00e7er\u00e7eve rengi: siyah\/beyaz<br \/>\n\u00e7amurluk rengi: siyah\/beyaz\/turuncu\/mor\/k\u0131rm\u0131z\u0131\/mavi<br \/>\nilave: \u00f6n lamba, arka lamba, fren lambas\u0131, plaka lambas\u0131, d\u00f6n\u00fc\u015f lambas\u0131, dikiz aynas\u0131, destek aya\u011f\u0131, g\u00f6sterge paneli<\/p>\n<\/p>\n<p>&nbsp;<\/p>\n<p>1200w elektrikli ak\u00fcl\u00fc motosiklet citycoco harley r804e eec \u00f6n lamba arka d\u00f6n\u00fc\u015f fren lambas\u0131 plaka lambas\u0131 dikiz aynalar\u0131 destek aya\u011f\u0131 ve g\u00f6sterge paneli<\/p><\/p>","protected":false},"excerpt":{"rendered":"<h3>K\u0131sa A\u00e7\u0131klama:<\/h3>\n<p><p>ucuz ve kaliteli 1200w elektrikli ak\u00fcl\u00fc motosiklet, eec ile citycoco harley elektrikli scooter, elektrikli bisiklet tedarik\u00e7isi Rooder Technology Limited'den toptan d\u00fc\u015f\u00fck fiyat yeti\u015fkin elektrikli motosiklet bulmak<\/p>\n<p>EEC: Evet,<br \/>\nHay\u0131r,<br \/>\n\u00f6n lamba: evet,<br \/>\narka lamba: evet,<br \/>\nfren lambas\u0131: evet,<br \/>\nd\u00f6n\u00fc\u015f lambas\u0131: evet,<br \/>\nplaka lambas\u0131: evet<br \/>\ndikiz aynalar\u0131: evet<br \/>\ndestek aya\u011f\u0131: evet<br \/>\ng\u00f6sterge paneli: evet<\/p>\n<\/p>\n<p><\/p>\n<li><em>Marka: <\/em> OEM\/ODM\/ROODER<\/li>\n<li><em>Min.Sipari\u015f Miktar\u0131: <\/em> 10 Adet \/ Adet<\/li>\n<li><em>Tedarik Yetene\u011fi: <\/em> 10000 Adet \/ Adet her Ay<\/li>\n<li><em>Liman: <\/em> Shenzhen<\/li>\n<li><em>\u00d6deme Ko\u015fullar\u0131: <\/em> T\/T, L\/C, D\/A, D\/P<\/li>","protected":false},"featured_media":9182,"comment_status":"closed","ping_status":"open","template":"","meta":[],"product_brand":[],"product_cat":[464],"product_tag":[532,533,534,535,524,536,537,538,516,539,540,541,542,543,544],"class_list":{"0":"post-9180","1":"product","2":"type-product","3":"status-publish","4":"has-post-thumbnail","6":"product_cat-citycoco-choppers","7":"product_tag-1000w-electric-battery-powered-motorcycle","8":"product_tag-2-wheel-citycoco-electric-scooter","9":"product_tag-2-wheel-motorcycle","10":"product_tag-2-wheel-seev-citycoco-electric-scooter","11":"product_tag-adult-electric-motorcycle","12":"product_tag-adult-electric-scooters","13":"product_tag-citycoco-eec-coc","14":"product_tag-electric-bike","15":"product_tag-electric-motorcycle","16":"product_tag-electric-scooter-1200w","17":"product_tag-electric-scooter-balance-citycoco","18":"product_tag-electric-scooter-for-adults","19":"product_tag-harley-electric-scooter-factory","20":"product_tag-harley-motorbicycle","21":"product_tag-harleying-electric-scooter","23":"first","24":"instock","25":"product-type-simple"},"yoast_head":"<!-- This site is optimized with the Yoast SEO plugin v21.7 - https:\/\/yoast.com\/wordpress\/plugins\/seo\/ -->\n<title>1200w electric battery powered motorcycle citycoco harley r804e with eec front lamp rear turn brake light license plate lamp rearview mirrors kickstand and dashboard - Electric Scooters Bikes Citycoco Manufacturer<\/title>\n<meta name=\"robots\" content=\"index, follow, max-snippet:-1, max-image-preview:large, max-video-preview:-1\" \/>\n<link rel=\"canonical\" href=\"https:\/\/www.rooderchina.com\/tr\/urun\/1200w-electric-battery-powered-motorcycle-citycoco-harley-r804e-with-eec-front-lamp-rear-turn-brake-light-license-plate-lamp-rearview-mirrors-kickstand-and-dashboard\/\" \/>\n<meta property=\"og:locale\" content=\"tr_TR\" \/>\n<meta property=\"og:type\" content=\"article\" \/>\n<meta property=\"og:title\" content=\"1200w electric battery powered motorcycle citycoco harley r804e with eec front lamp rear turn brake light license plate lamp rearview mirrors kickstand and dashboard - Electric Scooters Bikes Citycoco Manufacturer\" \/>\n<meta property=\"og:description\" content=\"Short Description: find cheap and high quality\u00a01200w electric battery powered motorcycle, citycoco harley electric scooter with eec, wholesale low price\u00a0adult electric motorcycle from electrical bike supplier Rooder Technology Limited eec: yes, coc: no, front lamp: yes, rear lamp: yes, brake lamp: yes, turn lamp: yes, license plate light: yes rearview mirrors: yes kickstand: yes dashboard: yes    Brand: OEM\/ODM\/ROODER   Min.Order Quantity: 10 Piece\/Pieces   Supply Ability: 10000 Piece\/Pieces per Month   Port: Shenzhen   Payment Terms: T\/T, L\/C, D\/A, D\/P\" \/>\n<meta property=\"og:url\" content=\"https:\/\/www.rooderchina.com\/tr\/urun\/1200w-electric-battery-powered-motorcycle-citycoco-harley-r804e-with-eec-front-lamp-rear-turn-brake-light-license-plate-lamp-rearview-mirrors-kickstand-and-dashboard\/\" \/>\n<meta property=\"og:site_name\" content=\"Electric Scooters Bikes Citycoco Manufacturer\" \/>\n<meta property=\"article:publisher\" content=\"https:\/\/www.facebook.com\/rooder.tec\" \/>\n<meta property=\"article:modified_time\" content=\"2023-11-11T10:34:36+00:00\" \/>\n<meta property=\"og:image\" content=\"https:\/\/www.rooderchina.com\/wp-content\/uploads\/2023\/11\/13ec7395.jpg\" \/>\n\t<meta property=\"og:image:width\" content=\"750\" \/>\n\t<meta property=\"og:image:height\" content=\"750\" \/>\n\t<meta property=\"og:image:type\" content=\"image\/jpeg\" \/>\n<meta name=\"twitter:card\" content=\"summary_large_image\" \/>\n<meta name=\"twitter:site\" content=\"@RooderTec\" \/>\n<meta name=\"twitter:label1\" content=\"Tahmini okuma s\u00fcresi\" \/>\n\t<meta name=\"twitter:data1\" content=\"1 dakika\" \/>\n<script type=\"application\/ld+json\" class=\"yoast-schema-graph\">{\"@context\":\"https:\/\/schema.org\",\"@graph\":[{\"@type\":\"WebPage\",\"@id\":\"https:\/\/www.rooderchina.com\/product\/1200w-electric-battery-powered-motorcycle-citycoco-harley-r804e-with-eec-front-lamp-rear-turn-brake-light-license-plate-lamp-rearview-mirrors-kickstand-and-dashboard\/\",\"url\":\"https:\/\/www.rooderchina.com\/product\/1200w-electric-battery-powered-motorcycle-citycoco-harley-r804e-with-eec-front-lamp-rear-turn-brake-light-license-plate-lamp-rearview-mirrors-kickstand-and-dashboard\/\",\"name\":\"1200w electric battery powered motorcycle citycoco harley r804e with eec front lamp rear turn brake light license plate lamp rearview mirrors kickstand and dashboard - Electric Scooters Bikes Citycoco Manufacturer\",\"isPartOf\":{\"@id\":\"https:\/\/www.rooderchina.com\/#website\"},\"datePublished\":\"2023-11-11T10:33:51+00:00\",\"dateModified\":\"2023-11-11T10:34:36+00:00\",\"breadcrumb\":{\"@id\":\"https:\/\/www.rooderchina.com\/product\/1200w-electric-battery-powered-motorcycle-citycoco-harley-r804e-with-eec-front-lamp-rear-turn-brake-light-license-plate-lamp-rearview-mirrors-kickstand-and-dashboard\/#breadcrumb\"},\"inLanguage\":\"tr\",\"potentialAction\":[{\"@type\":\"ReadAction\",\"target\":[\"https:\/\/www.rooderchina.com\/product\/1200w-electric-battery-powered-motorcycle-citycoco-harley-r804e-with-eec-front-lamp-rear-turn-brake-light-license-plate-lamp-rearview-mirrors-kickstand-and-dashboard\/\"]}]},{\"@type\":\"BreadcrumbList\",\"@id\":\"https:\/\/www.rooderchina.com\/product\/1200w-electric-battery-powered-motorcycle-citycoco-harley-r804e-with-eec-front-lamp-rear-turn-brake-light-license-plate-lamp-rearview-mirrors-kickstand-and-dashboard\/#breadcrumb\",\"itemListElement\":[{\"@type\":\"ListItem\",\"position\":1,\"name\":\"HOME\",\"item\":\"https:\/\/www.rooderchina.com\/\"},{\"@type\":\"ListItem\",\"position\":2,\"name\":\"Shop\",\"item\":\"https:\/\/www.rooderchina.com\/shop\/\"},{\"@type\":\"ListItem\",\"position\":3,\"name\":\"1200w electric battery powered motorcycle citycoco harley r804e with eec front lamp rear turn brake light license plate lamp rearview mirrors kickstand and dashboard\"}]},{\"@type\":\"WebSite\",\"@id\":\"https:\/\/www.rooderchina.com\/#website\",\"url\":\"https:\/\/www.rooderchina.com\/\",\"name\":\"Electric Scooters Bikes Citycoco Manufacturer\",\"description\":\"Rooder Technology Limited\",\"publisher\":{\"@id\":\"https:\/\/www.rooderchina.com\/#organization\"},\"potentialAction\":[{\"@type\":\"SearchAction\",\"target\":{\"@type\":\"EntryPoint\",\"urlTemplate\":\"https:\/\/www.rooderchina.com\/?s={search_term_string}\"},\"query-input\":\"required name=search_term_string\"}],\"inLanguage\":\"tr\"},{\"@type\":\"Organization\",\"@id\":\"https:\/\/www.rooderchina.com\/#organization\",\"name\":\"Electric Scooters Bikes Citycoco Manufacturer\",\"url\":\"https:\/\/www.rooderchina.com\/\",\"logo\":{\"@type\":\"ImageObject\",\"inLanguage\":\"tr\",\"@id\":\"https:\/\/www.rooderchina.com\/#\/schema\/logo\/image\/\",\"url\":\"https:\/\/www.rooderchina.com\/wp-content\/uploads\/2023\/12\/rooder2.jpg\",\"contentUrl\":\"https:\/\/www.rooderchina.com\/wp-content\/uploads\/2023\/12\/rooder2.jpg\",\"width\":1723,\"height\":1037,\"caption\":\"Electric Scooters Bikes Citycoco Manufacturer\"},\"image\":{\"@id\":\"https:\/\/www.rooderchina.com\/#\/schema\/logo\/image\/\"},\"sameAs\":[\"https:\/\/www.facebook.com\/rooder.tec\",\"https:\/\/twitter.com\/RooderTec\"]}]}<\/script>\n<!-- \/ Yoast SEO plugin. -->","yoast_head_json":{"title":"1200w electric battery powered motorcycle citycoco harley r804e with eec front lamp rear turn brake light license plate lamp rearview mirrors kickstand and dashboard - Electric Scooters Bikes Citycoco Manufacturer","robots":{"index":"index","follow":"follow","max-snippet":"max-snippet:-1","max-image-preview":"max-image-preview:large","max-video-preview":"max-video-preview:-1"},"canonical":"https:\/\/www.rooderchina.com\/tr\/urun\/1200w-electric-battery-powered-motorcycle-citycoco-harley-r804e-with-eec-front-lamp-rear-turn-brake-light-license-plate-lamp-rearview-mirrors-kickstand-and-dashboard\/","og_locale":"tr_TR","og_type":"article","og_title":"1200w electric battery powered motorcycle citycoco harley r804e with eec front lamp rear turn brake light license plate lamp rearview mirrors kickstand and dashboard - Electric Scooters Bikes Citycoco Manufacturer","og_description":"Short Description: find cheap and high quality\u00a01200w electric battery powered motorcycle, citycoco harley electric scooter with eec, wholesale low price\u00a0adult electric motorcycle from electrical bike supplier Rooder Technology Limited eec: yes, coc: no, front lamp: yes, rear lamp: yes, brake lamp: yes, turn lamp: yes, license plate light: yes rearview mirrors: yes kickstand: yes dashboard: yes    Brand: OEM\/ODM\/ROODER   Min.Order Quantity: 10 Piece\/Pieces   Supply Ability: 10000 Piece\/Pieces per Month   Port: Shenzhen   Payment Terms: T\/T, L\/C, D\/A, D\/P","og_url":"https:\/\/www.rooderchina.com\/tr\/urun\/1200w-electric-battery-powered-motorcycle-citycoco-harley-r804e-with-eec-front-lamp-rear-turn-brake-light-license-plate-lamp-rearview-mirrors-kickstand-and-dashboard\/","og_site_name":"Electric Scooters Bikes Citycoco Manufacturer","article_publisher":"https:\/\/www.facebook.com\/rooder.tec","article_modified_time":"2023-11-11T10:34:36+00:00","og_image":[{"width":750,"height":750,"url":"https:\/\/www.rooderchina.com\/wp-content\/uploads\/2023\/11\/13ec7395.jpg","type":"image\/jpeg"}],"twitter_card":"summary_large_image","twitter_site":"@RooderTec","twitter_misc":{"Tahmini okuma s\u00fcresi":"1 dakika"},"schema":{"@context":"https:\/\/schema.org","@graph":[{"@type":"WebPage","@id":"https:\/\/www.rooderchina.com\/product\/1200w-electric-battery-powered-motorcycle-citycoco-harley-r804e-with-eec-front-lamp-rear-turn-brake-light-license-plate-lamp-rearview-mirrors-kickstand-and-dashboard\/","url":"https:\/\/www.rooderchina.com\/product\/1200w-electric-battery-powered-motorcycle-citycoco-harley-r804e-with-eec-front-lamp-rear-turn-brake-light-license-plate-lamp-rearview-mirrors-kickstand-and-dashboard\/","name":"1200w electric battery powered motorcycle citycoco harley r804e with eec front lamp rear turn brake light license plate lamp rearview mirrors kickstand and dashboard - Electric Scooters Bikes Citycoco Manufacturer","isPartOf":{"@id":"https:\/\/www.rooderchina.com\/#website"},"datePublished":"2023-11-11T10:33:51+00:00","dateModified":"2023-11-11T10:34:36+00:00","breadcrumb":{"@id":"https:\/\/www.rooderchina.com\/product\/1200w-electric-battery-powered-motorcycle-citycoco-harley-r804e-with-eec-front-lamp-rear-turn-brake-light-license-plate-lamp-rearview-mirrors-kickstand-and-dashboard\/#breadcrumb"},"inLanguage":"tr","potentialAction":[{"@type":"ReadAction","target":["https:\/\/www.rooderchina.com\/product\/1200w-electric-battery-powered-motorcycle-citycoco-harley-r804e-with-eec-front-lamp-rear-turn-brake-light-license-plate-lamp-rearview-mirrors-kickstand-and-dashboard\/"]}]},{"@type":"BreadcrumbList","@id":"https:\/\/www.rooderchina.com\/product\/1200w-electric-battery-powered-motorcycle-citycoco-harley-r804e-with-eec-front-lamp-rear-turn-brake-light-license-plate-lamp-rearview-mirrors-kickstand-and-dashboard\/#breadcrumb","itemListElement":[{"@type":"ListItem","position":1,"name":"HOME","item":"https:\/\/www.rooderchina.com\/"},{"@type":"ListItem","position":2,"name":"Shop","item":"https:\/\/www.rooderchina.com\/shop\/"},{"@type":"ListItem","position":3,"name":"1200w electric battery powered motorcycle citycoco harley r804e with eec front lamp rear turn brake light license plate lamp rearview mirrors kickstand and dashboard"}]},{"@type":"WebSite","@id":"https:\/\/www.rooderchina.com\/#website","url":"https:\/\/www.rooderchina.com\/","name":"Electric Scooters Bikes Citycoco Manufacturer","description":"Rooder Technology Limited","publisher":{"@id":"https:\/\/www.rooderchina.com\/#organization"},"potentialAction":[{"@type":"SearchAction","target":{"@type":"EntryPoint","urlTemplate":"https:\/\/www.rooderchina.com\/?s={search_term_string}"},"query-input":"required name=search_term_string"}],"inLanguage":"tr"},{"@type":"Organization","@id":"https:\/\/www.rooderchina.com\/#organization","name":"Electric Scooters Bikes Citycoco Manufacturer","url":"https:\/\/www.rooderchina.com\/","logo":{"@type":"ImageObject","inLanguage":"tr","@id":"https:\/\/www.rooderchina.com\/#\/schema\/logo\/image\/","url":"https:\/\/www.rooderchina.com\/wp-content\/uploads\/2023\/12\/rooder2.jpg","contentUrl":"https:\/\/www.rooderchina.com\/wp-content\/uploads\/2023\/12\/rooder2.jpg","width":1723,"height":1037,"caption":"Electric Scooters Bikes Citycoco Manufacturer"},"image":{"@id":"https:\/\/www.rooderchina.com\/#\/schema\/logo\/image\/"},"sameAs":["https:\/\/www.facebook.com\/rooder.tec","https:\/\/twitter.com\/RooderTec"]}]}},"_links":{"self":[{"href":"https:\/\/www.rooderchina.com\/tr\/wp-json\/wp\/v2\/product\/9180","targetHints":{"allow":["GET"]}}],"collection":[{"href":"https:\/\/www.rooderchina.com\/tr\/wp-json\/wp\/v2\/product"}],"about":[{"href":"https:\/\/www.rooderchina.com\/tr\/wp-json\/wp\/v2\/types\/product"}],"replies":[{"embeddable":true,"href":"https:\/\/www.rooderchina.com\/tr\/wp-json\/wp\/v2\/comments?post=9180"}],"version-history":[{"count":1,"href":"https:\/\/www.rooderchina.com\/tr\/wp-json\/wp\/v2\/product\/9180\/revisions"}],"predecessor-version":[{"id":9181,"href":"https:\/\/www.rooderchina.com\/tr\/wp-json\/wp\/v2\/product\/9180\/revisions\/9181"}],"wp:featuredmedia":[{"embeddable":true,"href":"https:\/\/www.rooderchina.com\/tr\/wp-json\/wp\/v2\/media\/9182"}],"wp:attachment":[{"href":"https:\/\/www.rooderchina.com\/tr\/wp-json\/wp\/v2\/media?parent=9180"}],"wp:term":[{"taxonomy":"product_brand","embeddable":true,"href":"https:\/\/www.rooderchina.com\/tr\/wp-json\/wp\/v2\/product_brand?post=9180"},{"taxonomy":"product_cat","embeddable":true,"href":"https:\/\/www.rooderchina.com\/tr\/wp-json\/wp\/v2\/product_cat?post=9180"},{"taxonomy":"product_tag","embeddable":true,"href":"https:\/\/www.rooderchina.com\/tr\/wp-json\/wp\/v2\/product_tag?post=9180"}],"curies":[{"name":"wp","href":"https:\/\/api.w.org\/{rel}","templated":true}]}}