{"id":9153,"date":"2023-11-11T18:33:51","date_gmt":"2023-11-11T10:33:51","guid":{"rendered":"http:\/\/www.rooderchina.com\/index.php\/product\/citycoco-harley-electric-scooter-r804-with-ce-1000w-60v-lithium-battery-and-2-big-wheel-fat-tire-for-adult-from-china-cheap-city-coco-harley-electric-motorcycle-bike-rooder-factory\/"},"modified":"2023-11-11T18:34:28","modified_gmt":"2023-11-11T10:34:28","slug":"citycoco-harley-electric-scooter-r804-with-ce-1000w-60v-lithium-battery-and-2-big-wheel-fat-tire-for-adult-from-china-cheap-city-coco-harley-electric-motorcycle-bike-rooder-factory","status":"publish","type":"product","link":"https:\/\/www.rooderchina.com\/tr\/urun\/citycoco-harley-electric-scooter-r804-with-ce-1000w-60v-lithium-battery-and-2-big-wheel-fat-tire-for-adult-from-china-cheap-city-coco-harley-electric-motorcycle-bike-rooder-factory\/","title":{"rendered":"citycoco harley elektrikli scooter r804 CE 1000w 60v lityum pil ve yeti\u015fkinler i\u00e7in 2 b\u00fcy\u00fck tekerlek ya\u011f lasti\u011fi ile \u00c7in'den ucuz \u015fehir coco harley elektrikli motosiklet bisiklet Rooder fabrika"},"content":{"rendered":"<p>Shenzhen Rooder Technology Co, Ltd \u00fcretiminde uzmanla\u015fm\u0131\u015ft\u0131r <a href=\"https:\/\/www.rooderchina.com\/tr\/tag\/60v-electric-scooter\/\" title=\"60v Elektrikli Scooter i\u00e7indeki t\u00fcm g\u00f6nderileri g\u00f6r\u00fcnt\u00fcleyin\" target=\"_blank\" rel=\"noopener\">60v Elektrikli Scooter<\/a>, <a href=\"https:\/\/www.rooderchina.com\/tr\/tag\/adult-electric-motorcycle\/\" title=\"View all posts in Yeti\u015fkin Elektrikli Motosiklet\" target=\"_blank\" rel=\"noopener\">Yeti\u015fkin Elektrikli Motosiklet<\/a>, <a href=\"https:\/\/www.rooderchina.com\/tr\/tag\/city-coco\/\" title=\"City coco i\u00e7indeki t\u00fcm g\u00f6nderileri g\u00f6r\u00fcnt\u00fcleyin\" target=\"_blank\" rel=\"noopener\">\u015eehir coco<\/a> ve \u00f6n \u015fok emilimi ile e-scooter citycoco, Shenzhen Guangdong'da bulunmaktad\u0131r. Hava, kara ve denizden rahat ula\u015f\u0131m\u0131n tad\u0131n\u0131 \u00e7\u0131kar\u0131yoruz.<\/p>\n<p>Firmam\u0131z ISO9001 kalite sistem sertifikas\u0131n\u0131 ge\u00e7mi\u015ftir ve \u00fcr\u00fcnlerimiz CE, FCC ve Rohs sertifikalar\u0131n\u0131 alm\u0131\u015ft\u0131r. M\u00fckemmel modern y\u00f6netim sistemine, birinci s\u0131n\u0131f test ekipmanlar\u0131na, y\u00fcksek kaliteli bilim ve teknoloji grubuna ve ses izleme servis sistemine sahibiz. \u00dcr\u00fcnlerimiz i\u00e7 pazarda yayg\u0131n olarak pazarlanmakta ve ayr\u0131ca d\u00fcnya pazar\u0131na ihra\u00e7 edilmektedir.<\/p>\n<p>&nbsp;<\/p>\n<p><strong>citycoco harley elektrikli scooter r804 CE 1000w 60v lityum pil ve yeti\u015fkinler i\u00e7in 2 b\u00fcy\u00fck tekerlek ya\u011f lasti\u011fi ile \u00c7in'den ucuz \u015fehir coco harley elektrikli motosiklet bisiklet Rooder fabrika\u00a0<\/strong><\/p>\n<\/p>\n<p>Citycoco harley elektrikli scooter en son stille tasarlanm\u0131\u015ft\u0131r. Se\u00e7meniz i\u00e7in altm\u0131\u015ftan fazla renk sunuyoruz. Ayr\u0131ca bizimle ileti\u015fime ge\u00e7ebilirsiniz <a title=\"citycoco harley elektrikli scooter r804 CE 1000w 60v lityum pil ve yeti\u015fkinler i\u00e7in 2 b\u00fcy\u00fck tekerlek ya\u011f lasti\u011fi ile \u00c7in&#039;den ucuz \u015fehir coco harley elektrikli motosiklet bisiklet Rooder fabrika \" href=\"https:\/\/www.RooderChina.com\" target=\"_blank\" rel=\"noopener\">www.RooderChina.com<\/a> kendi renk stilinizi tasarlamak i\u00e7in.<\/p>\n<p>Bu \u015fehir coco harley elektrikli scooter \/ motosiklet \/ bisiklet \/ bisiklet, 35-40 kilometre s\u00fcr\u00fc\u015f\u00fc desteklemek i\u00e7in \u015faside g\u00fc\u00e7l\u00fc bir kalbe, 60 Voltaj lityum iyon pile sahiptir. 18 \u00d7 9,5 in\u00e7 s\u00fcper geni\u015f lastiklerle birlikte gelir, scooter'\u0131 dengeli ve dengeli hale getirir. Ayr\u0131ca, lasti\u011fin sa\u011flaml\u0131\u011f\u0131 ve a\u015f\u0131nma direnci, onu bir arazi arac\u0131 haline getirir. 35 km \/ s h\u0131za ula\u015fabilir ve sizi gidece\u011finiz yere zaman\u0131nda g\u00f6t\u00fcrebilir.<\/p>\n<\/p>\n<p>Model:r804<br \/>\nUzunluk : 1756mm<br \/>\nGeni\u015flik : 750mm<br \/>\nA\u011f\u0131rl\u0131k : 50kg<br \/>\nLastik ebad\u0131: 18\u00d79,5 in\u00e7<br \/>\nfren modu : Disk fren<br \/>\nMaksimum t\u0131rman\u0131\u015f : 18 derece<br \/>\nMaksimum tork : 95N\/M<br \/>\nMaksimum kilometre : 35-40KM<br \/>\nMaksimum y\u00fck : 200kg<br \/>\nPil \u00f6zellikleri: 60V8.8AH lityum pil<br \/>\n\u015earj s\u00fcresi: 4 saat<br \/>\nMotor g\u00fcc\u00fc : 800W<\/p>\n<p>1 adet\/karton<br \/>\nkarton boyutu: 1850*420*870mm<br \/>\nGW:60kg, NW:51kg<br \/>\n0,676CBM\/pc<\/p>\n<p>Konteyner sipari\u015fi:<br \/>\n20GP'de 43 adet<br \/>\n40GP'de 92 adet<br \/>\n40HC'de 104 adet<\/p>\n<\/p>\n<p>&nbsp;<\/p>\n<p>\u00f6n \u015fok emilimi ile Rooder e-scooter citycoco, ucuz elektrikli motosiklet, elektrikli scooter citycoco \u00fcreticisinden y\u00fcksek kaliteli ucuz citycoco, 60v elektrikli scooter, harley elektrikli scooter ve ya\u011f lasti\u011fi elektrikli scooter bulun<\/p>\n<p>&nbsp;<\/p>\n<p>&nbsp;<\/p>\n<p>&nbsp;<\/p>\n<\/p>\n<p>&nbsp;<\/p>","protected":false},"excerpt":{"rendered":"<h3>K\u0131sa A\u00e7\u0131klama:<\/h3>\n<p><p>Citycoco harley elektrikli scooter en son stille tasarlanm\u0131\u015ft\u0131r. Se\u00e7meniz i\u00e7in altm\u0131\u015ftan fazla renk sunuyoruz. Ayr\u0131ca bizimle ileti\u015fime ge\u00e7ebilirsiniz\u00a0<a title=\"citycoco harley elektrikli scooter r804 CE 1000w 60v lityum pil ve yeti\u015fkinler i\u00e7in 2 b\u00fcy\u00fck tekerlek ya\u011f lasti\u011fi ile \u00c7in&#039;den ucuz \u015fehir coco harley elektrikli motosiklet bisiklet Rooder fabrika \" href=\"http:\/\/www.RooderChina.com\" target=\"_blank\" rel=\"noopener\">www.RooderChina.com<\/a>\u00a0kendi renk stilinizi tasarlamak i\u00e7in.<\/p>\n<p>Bu \u015fehir coco harley elektrikli scooter \/ motosiklet \/ bisiklet \/ bisiklet, 35-40 kilometre s\u00fcr\u00fc\u015f\u00fc desteklemek i\u00e7in \u015faside g\u00fc\u00e7l\u00fc bir kalbe, 60 Voltaj lityum iyon pile sahiptir. 18 \u00d7 9,5 in\u00e7 s\u00fcper geni\u015f lastiklerle birlikte gelir, scooter'\u0131 dengeli ve dengeli hale getirir. Ayr\u0131ca, lasti\u011fin sa\u011flaml\u0131\u011f\u0131 ve a\u015f\u0131nma direnci, onu bir arazi arac\u0131 haline getirir. 35 km \/ s h\u0131za ula\u015fabilir ve sizi gidece\u011finiz yere zaman\u0131nda g\u00f6t\u00fcrebilir.<\/p>\n<\/p>\n<p><\/p>\n<li><em>Marka: <\/em> OEM\/ODM\/ROODER<\/li>\n<li><em>Min.Sipari\u015f Miktar\u0131: <\/em> 10 Adet \/ Adet<\/li>\n<li><em>Tedarik Yetene\u011fi: <\/em> 10000 Adet \/ Adet her Ay<\/li>\n<li><em>Liman: <\/em> Shenzhen<\/li>\n<li><em>\u00d6deme Ko\u015fullar\u0131: <\/em> T\/T, L\/C, D\/A, D\/P<\/li>","protected":false},"featured_media":9155,"comment_status":"closed","ping_status":"open","template":"","meta":[],"product_brand":[],"product_cat":[464],"product_tag":[523,524,525,526,468,513,527,469,528,489,529,530,531,496,510],"class_list":{"0":"post-9153","1":"product","2":"type-product","3":"status-publish","4":"has-post-thumbnail","6":"product_cat-citycoco-choppers","7":"product_tag-60v-electric-scooter","8":"product_tag-adult-electric-motorcycle","9":"product_tag-cheap-electric-motorcycle","10":"product_tag-city-coco","11":"product_tag-citycoco","12":"product_tag-citycoco-electric-scooter","13":"product_tag-citycoco-factory","14":"product_tag-citycoco-harley-scooter","15":"product_tag-citycoco-manufacturer","16":"product_tag-citycoco-seev-woqu","17":"product_tag-e-scooter-citycoco-with-front-shock-absorption","18":"product_tag-electric-scooter","19":"product_tag-electric-scooter-citycoco","20":"product_tag-fat-tire-electric-scooter","21":"product_tag-harley-electric-scooter","23":"first","24":"instock","25":"product-type-simple"},"yoast_head":"<!-- This site is optimized with the Yoast SEO plugin v21.7 - https:\/\/yoast.com\/wordpress\/plugins\/seo\/ -->\n<title>citycoco harley electric scooter r804 with CE 1000w 60v lithium battery and 2 big wheel fat tire for adult from China cheap city coco harley electric motorcycle bike Rooder factory - Electric Scooters Bikes Citycoco Manufacturer<\/title>\n<meta name=\"robots\" content=\"index, follow, max-snippet:-1, max-image-preview:large, max-video-preview:-1\" \/>\n<link rel=\"canonical\" href=\"https:\/\/www.rooderchina.com\/tr\/produit\/citycoco-harley-electric-scooter-r804-with-ce-1000w-60v-lithium-battery-and-2-big-wheel-fat-tire-for-adult-from-china-cheap-city-coco-harley-electric-motorcycle-bike-rooder-factory\/\" \/>\n<meta property=\"og:locale\" content=\"tr_TR\" \/>\n<meta property=\"og:type\" content=\"article\" \/>\n<meta property=\"og:title\" content=\"citycoco harley electric scooter r804 with CE 1000w 60v lithium battery and 2 big wheel fat tire for adult from China cheap city coco harley electric motorcycle bike Rooder factory - Electric Scooters Bikes Citycoco Manufacturer\" \/>\n<meta property=\"og:description\" content=\"Short Description: The citycoco harley electric scooter is designed with the latest style. We provide more than sixty colors for you to choose. You can also contact with us on\u00a0www.RooderChina.com\u00a0to design your own color style. This city coco harley electric scooter \/ motorcycle \/ bike \/ bicycle\u00a0 has a powerful heart at the chassis, 60 Voltage lithium-ion battery, to support 35-40 kilometers riding. it comes with 18\u00d79.5 inch super wide tires make the scooter balanced and stable. Also, the toughness and wear resistance of the tire enable it an all terrain vehicle.The highest speed can arrive 35 km\/h, and take you to your destination on time.    Brand: OEM\/ODM\/ROODER   Min.Order Quantity: 10 Piece\/Pieces   Supply Ability: 10000 Piece\/Pieces per Month   Port: Shenzhen   Payment Terms: T\/T, L\/C, D\/A, D\/P\" \/>\n<meta property=\"og:url\" content=\"https:\/\/www.rooderchina.com\/tr\/produit\/citycoco-harley-electric-scooter-r804-with-ce-1000w-60v-lithium-battery-and-2-big-wheel-fat-tire-for-adult-from-china-cheap-city-coco-harley-electric-motorcycle-bike-rooder-factory\/\" \/>\n<meta property=\"og:site_name\" content=\"Electric Scooters Bikes Citycoco Manufacturer\" \/>\n<meta property=\"article:publisher\" content=\"https:\/\/www.facebook.com\/rooder.tec\" \/>\n<meta property=\"article:modified_time\" content=\"2023-11-11T10:34:28+00:00\" \/>\n<meta property=\"og:image\" content=\"https:\/\/www.rooderchina.com\/wp-content\/uploads\/2023\/11\/def45d85.jpg\" \/>\n\t<meta property=\"og:image:width\" content=\"750\" \/>\n\t<meta property=\"og:image:height\" content=\"750\" \/>\n\t<meta property=\"og:image:type\" content=\"image\/jpeg\" \/>\n<meta name=\"twitter:card\" content=\"summary_large_image\" \/>\n<meta name=\"twitter:site\" content=\"@RooderTec\" \/>\n<meta name=\"twitter:label1\" content=\"Tahmini okuma s\u00fcresi\" \/>\n\t<meta name=\"twitter:data1\" content=\"2 dakika\" \/>\n<script type=\"application\/ld+json\" class=\"yoast-schema-graph\">{\"@context\":\"https:\/\/schema.org\",\"@graph\":[{\"@type\":\"WebPage\",\"@id\":\"https:\/\/www.rooderchina.com\/fr\/produit\/citycoco-harley-electric-scooter-r804-with-ce-1000w-60v-lithium-battery-and-2-big-wheel-fat-tire-for-adult-from-china-cheap-city-coco-harley-electric-motorcycle-bike-rooder-factory\/\",\"url\":\"https:\/\/www.rooderchina.com\/fr\/produit\/citycoco-harley-electric-scooter-r804-with-ce-1000w-60v-lithium-battery-and-2-big-wheel-fat-tire-for-adult-from-china-cheap-city-coco-harley-electric-motorcycle-bike-rooder-factory\/\",\"name\":\"citycoco harley electric scooter r804 with CE 1000w 60v lithium battery and 2 big wheel fat tire for adult from China cheap city coco harley electric motorcycle bike Rooder factory - Electric Scooters Bikes Citycoco Manufacturer\",\"isPartOf\":{\"@id\":\"https:\/\/www.rooderchina.com\/#website\"},\"datePublished\":\"2023-11-11T10:33:51+00:00\",\"dateModified\":\"2023-11-11T10:34:28+00:00\",\"breadcrumb\":{\"@id\":\"https:\/\/www.rooderchina.com\/fr\/produit\/citycoco-harley-electric-scooter-r804-with-ce-1000w-60v-lithium-battery-and-2-big-wheel-fat-tire-for-adult-from-china-cheap-city-coco-harley-electric-motorcycle-bike-rooder-factory\/#breadcrumb\"},\"inLanguage\":\"tr\",\"potentialAction\":[{\"@type\":\"ReadAction\",\"target\":[\"https:\/\/www.rooderchina.com\/fr\/produit\/citycoco-harley-electric-scooter-r804-with-ce-1000w-60v-lithium-battery-and-2-big-wheel-fat-tire-for-adult-from-china-cheap-city-coco-harley-electric-motorcycle-bike-rooder-factory\/\"]}]},{\"@type\":\"BreadcrumbList\",\"@id\":\"https:\/\/www.rooderchina.com\/fr\/produit\/citycoco-harley-electric-scooter-r804-with-ce-1000w-60v-lithium-battery-and-2-big-wheel-fat-tire-for-adult-from-china-cheap-city-coco-harley-electric-motorcycle-bike-rooder-factory\/#breadcrumb\",\"itemListElement\":[{\"@type\":\"ListItem\",\"position\":1,\"name\":\"HOME\",\"item\":\"https:\/\/www.rooderchina.com\/\"},{\"@type\":\"ListItem\",\"position\":2,\"name\":\"Shop\",\"item\":\"https:\/\/www.rooderchina.com\/shop\/\"},{\"@type\":\"ListItem\",\"position\":3,\"name\":\"citycoco harley electric scooter r804 with CE 1000w 60v lithium battery and 2 big wheel fat tire for adult from China cheap city coco harley electric motorcycle bike Rooder factory\"}]},{\"@type\":\"WebSite\",\"@id\":\"https:\/\/www.rooderchina.com\/#website\",\"url\":\"https:\/\/www.rooderchina.com\/\",\"name\":\"Electric Scooters Bikes Citycoco Manufacturer\",\"description\":\"Rooder Technology Limited\",\"publisher\":{\"@id\":\"https:\/\/www.rooderchina.com\/#organization\"},\"potentialAction\":[{\"@type\":\"SearchAction\",\"target\":{\"@type\":\"EntryPoint\",\"urlTemplate\":\"https:\/\/www.rooderchina.com\/?s={search_term_string}\"},\"query-input\":\"required name=search_term_string\"}],\"inLanguage\":\"tr\"},{\"@type\":\"Organization\",\"@id\":\"https:\/\/www.rooderchina.com\/#organization\",\"name\":\"Electric Scooters Bikes Citycoco Manufacturer\",\"url\":\"https:\/\/www.rooderchina.com\/\",\"logo\":{\"@type\":\"ImageObject\",\"inLanguage\":\"tr\",\"@id\":\"https:\/\/www.rooderchina.com\/#\/schema\/logo\/image\/\",\"url\":\"https:\/\/www.rooderchina.com\/wp-content\/uploads\/2023\/12\/rooder2.jpg\",\"contentUrl\":\"https:\/\/www.rooderchina.com\/wp-content\/uploads\/2023\/12\/rooder2.jpg\",\"width\":1723,\"height\":1037,\"caption\":\"Electric Scooters Bikes Citycoco Manufacturer\"},\"image\":{\"@id\":\"https:\/\/www.rooderchina.com\/#\/schema\/logo\/image\/\"},\"sameAs\":[\"https:\/\/www.facebook.com\/rooder.tec\",\"https:\/\/twitter.com\/RooderTec\"]}]}<\/script>\n<!-- \/ Yoast SEO plugin. -->","yoast_head_json":{"title":"citycoco harley electric scooter r804 with CE 1000w 60v lithium battery and 2 big wheel fat tire for adult from China cheap city coco harley electric motorcycle bike Rooder factory - Electric Scooters Bikes Citycoco Manufacturer","robots":{"index":"index","follow":"follow","max-snippet":"max-snippet:-1","max-image-preview":"max-image-preview:large","max-video-preview":"max-video-preview:-1"},"canonical":"https:\/\/www.rooderchina.com\/tr\/produit\/citycoco-harley-electric-scooter-r804-with-ce-1000w-60v-lithium-battery-and-2-big-wheel-fat-tire-for-adult-from-china-cheap-city-coco-harley-electric-motorcycle-bike-rooder-factory\/","og_locale":"tr_TR","og_type":"article","og_title":"citycoco harley electric scooter r804 with CE 1000w 60v lithium battery and 2 big wheel fat tire for adult from China cheap city coco harley electric motorcycle bike Rooder factory - Electric Scooters Bikes Citycoco Manufacturer","og_description":"Short Description: The citycoco harley electric scooter is designed with the latest style. We provide more than sixty colors for you to choose. You can also contact with us on\u00a0www.RooderChina.com\u00a0to design your own color style. This city coco harley electric scooter \/ motorcycle \/ bike \/ bicycle\u00a0 has a powerful heart at the chassis, 60 Voltage lithium-ion battery, to support 35-40 kilometers riding. it comes with 18\u00d79.5 inch super wide tires make the scooter balanced and stable. Also, the toughness and wear resistance of the tire enable it an all terrain vehicle.The highest speed can arrive 35 km\/h, and take you to your destination on time.    Brand: OEM\/ODM\/ROODER   Min.Order Quantity: 10 Piece\/Pieces   Supply Ability: 10000 Piece\/Pieces per Month   Port: Shenzhen   Payment Terms: T\/T, L\/C, D\/A, D\/P","og_url":"https:\/\/www.rooderchina.com\/tr\/produit\/citycoco-harley-electric-scooter-r804-with-ce-1000w-60v-lithium-battery-and-2-big-wheel-fat-tire-for-adult-from-china-cheap-city-coco-harley-electric-motorcycle-bike-rooder-factory\/","og_site_name":"Electric Scooters Bikes Citycoco Manufacturer","article_publisher":"https:\/\/www.facebook.com\/rooder.tec","article_modified_time":"2023-11-11T10:34:28+00:00","og_image":[{"width":750,"height":750,"url":"https:\/\/www.rooderchina.com\/wp-content\/uploads\/2023\/11\/def45d85.jpg","type":"image\/jpeg"}],"twitter_card":"summary_large_image","twitter_site":"@RooderTec","twitter_misc":{"Tahmini okuma s\u00fcresi":"2 dakika"},"schema":{"@context":"https:\/\/schema.org","@graph":[{"@type":"WebPage","@id":"https:\/\/www.rooderchina.com\/fr\/produit\/citycoco-harley-electric-scooter-r804-with-ce-1000w-60v-lithium-battery-and-2-big-wheel-fat-tire-for-adult-from-china-cheap-city-coco-harley-electric-motorcycle-bike-rooder-factory\/","url":"https:\/\/www.rooderchina.com\/fr\/produit\/citycoco-harley-electric-scooter-r804-with-ce-1000w-60v-lithium-battery-and-2-big-wheel-fat-tire-for-adult-from-china-cheap-city-coco-harley-electric-motorcycle-bike-rooder-factory\/","name":"citycoco harley electric scooter r804 with CE 1000w 60v lithium battery and 2 big wheel fat tire for adult from China cheap city coco harley electric motorcycle bike Rooder factory - Electric Scooters Bikes Citycoco Manufacturer","isPartOf":{"@id":"https:\/\/www.rooderchina.com\/#website"},"datePublished":"2023-11-11T10:33:51+00:00","dateModified":"2023-11-11T10:34:28+00:00","breadcrumb":{"@id":"https:\/\/www.rooderchina.com\/fr\/produit\/citycoco-harley-electric-scooter-r804-with-ce-1000w-60v-lithium-battery-and-2-big-wheel-fat-tire-for-adult-from-china-cheap-city-coco-harley-electric-motorcycle-bike-rooder-factory\/#breadcrumb"},"inLanguage":"tr","potentialAction":[{"@type":"ReadAction","target":["https:\/\/www.rooderchina.com\/fr\/produit\/citycoco-harley-electric-scooter-r804-with-ce-1000w-60v-lithium-battery-and-2-big-wheel-fat-tire-for-adult-from-china-cheap-city-coco-harley-electric-motorcycle-bike-rooder-factory\/"]}]},{"@type":"BreadcrumbList","@id":"https:\/\/www.rooderchina.com\/fr\/produit\/citycoco-harley-electric-scooter-r804-with-ce-1000w-60v-lithium-battery-and-2-big-wheel-fat-tire-for-adult-from-china-cheap-city-coco-harley-electric-motorcycle-bike-rooder-factory\/#breadcrumb","itemListElement":[{"@type":"ListItem","position":1,"name":"HOME","item":"https:\/\/www.rooderchina.com\/"},{"@type":"ListItem","position":2,"name":"Shop","item":"https:\/\/www.rooderchina.com\/shop\/"},{"@type":"ListItem","position":3,"name":"citycoco harley electric scooter r804 with CE 1000w 60v lithium battery and 2 big wheel fat tire for adult from China cheap city coco harley electric motorcycle bike Rooder factory"}]},{"@type":"WebSite","@id":"https:\/\/www.rooderchina.com\/#website","url":"https:\/\/www.rooderchina.com\/","name":"Electric Scooters Bikes Citycoco Manufacturer","description":"Rooder Technology Limited","publisher":{"@id":"https:\/\/www.rooderchina.com\/#organization"},"potentialAction":[{"@type":"SearchAction","target":{"@type":"EntryPoint","urlTemplate":"https:\/\/www.rooderchina.com\/?s={search_term_string}"},"query-input":"required name=search_term_string"}],"inLanguage":"tr"},{"@type":"Organization","@id":"https:\/\/www.rooderchina.com\/#organization","name":"Electric Scooters Bikes Citycoco Manufacturer","url":"https:\/\/www.rooderchina.com\/","logo":{"@type":"ImageObject","inLanguage":"tr","@id":"https:\/\/www.rooderchina.com\/#\/schema\/logo\/image\/","url":"https:\/\/www.rooderchina.com\/wp-content\/uploads\/2023\/12\/rooder2.jpg","contentUrl":"https:\/\/www.rooderchina.com\/wp-content\/uploads\/2023\/12\/rooder2.jpg","width":1723,"height":1037,"caption":"Electric Scooters Bikes Citycoco Manufacturer"},"image":{"@id":"https:\/\/www.rooderchina.com\/#\/schema\/logo\/image\/"},"sameAs":["https:\/\/www.facebook.com\/rooder.tec","https:\/\/twitter.com\/RooderTec"]}]}},"_links":{"self":[{"href":"https:\/\/www.rooderchina.com\/tr\/wp-json\/wp\/v2\/product\/9153","targetHints":{"allow":["GET"]}}],"collection":[{"href":"https:\/\/www.rooderchina.com\/tr\/wp-json\/wp\/v2\/product"}],"about":[{"href":"https:\/\/www.rooderchina.com\/tr\/wp-json\/wp\/v2\/types\/product"}],"replies":[{"embeddable":true,"href":"https:\/\/www.rooderchina.com\/tr\/wp-json\/wp\/v2\/comments?post=9153"}],"version-history":[{"count":1,"href":"https:\/\/www.rooderchina.com\/tr\/wp-json\/wp\/v2\/product\/9153\/revisions"}],"predecessor-version":[{"id":9154,"href":"https:\/\/www.rooderchina.com\/tr\/wp-json\/wp\/v2\/product\/9153\/revisions\/9154"}],"wp:featuredmedia":[{"embeddable":true,"href":"https:\/\/www.rooderchina.com\/tr\/wp-json\/wp\/v2\/media\/9155"}],"wp:attachment":[{"href":"https:\/\/www.rooderchina.com\/tr\/wp-json\/wp\/v2\/media?parent=9153"}],"wp:term":[{"taxonomy":"product_brand","embeddable":true,"href":"https:\/\/www.rooderchina.com\/tr\/wp-json\/wp\/v2\/product_brand?post=9153"},{"taxonomy":"product_cat","embeddable":true,"href":"https:\/\/www.rooderchina.com\/tr\/wp-json\/wp\/v2\/product_cat?post=9153"},{"taxonomy":"product_tag","embeddable":true,"href":"https:\/\/www.rooderchina.com\/tr\/wp-json\/wp\/v2\/product_tag?post=9153"}],"curies":[{"name":"wp","href":"https:\/\/api.w.org\/{rel}","templated":true}]}}