{"id":9089,"date":"2023-11-11T18:33:51","date_gmt":"2023-11-11T10:33:51","guid":{"rendered":"http:\/\/www.rooderchina.com\/index.php\/product\/harley-electric-scooter-1000w-r804c-with-two-big-motorcycle-wheel-fat-tire-60v-removable-lithium-battery-100-colors-from-rooder-e-scooter-exporter-company\/"},"modified":"2023-11-11T18:34:09","modified_gmt":"2023-11-11T10:34:09","slug":"harley-electric-scooter-1000w-r804c-with-two-big-motorcycle-wheel-fat-tire-60v-removable-lithium-battery-100-colors-from-rooder-e-scooter-exporter-company","status":"publish","type":"product","link":"https:\/\/www.rooderchina.com\/tr\/urun\/harley-electric-scooter-1000w-r804c-with-two-big-motorcycle-wheel-fat-tire-60v-removable-lithium-battery-100-colors-from-rooder-e-scooter-exporter-company\/","title":{"rendered":"harley elektrikli scooter 1000w r804c iki b\u00fcy\u00fck motosiklet tekerle\u011fi ile ya\u011f lasti\u011fi 60v \u00e7\u0131kar\u0131labilir lityum pil Rooder e-scooter ihracat\u00e7\u0131 firmas\u0131ndan 100 renk"},"content":{"rendered":"<p>Guangdong'da bulunan Shenzhen rooder technology co, ltd, \u00fcr\u00fcnlerimizi desteklemek i\u00e7in kendi fabrikam\u0131z ve tasar\u0131mc\u0131lar\u0131m\u0131z var.<br \/>\nBa\u015fl\u0131ca \u00fcr\u00fcnlerimiz: <a href=\"https:\/\/www.rooderchina.com\/tr\/tag\/harley-electric-scooter-1000w\/\" title=\"harley electric scooter 1000w i\u00e7indeki t\u00fcm g\u00f6nderileri g\u00f6r\u00fcnt\u00fcleyin\" target=\"_blank\" rel=\"noopener\">harley elektrikli scooter 1000w<\/a> , <a href=\"https:\/\/www.rooderchina.com\/tr\/tag\/2-wheel-citycocoseevwoquscrooser\/\" title=\"2 wheel citycoco\/seev\/woqu\/scrooser i\u00e7indeki t\u00fcm g\u00f6nderileri g\u00f6r\u00fcnt\u00fcleyin\" target=\"_blank\" rel=\"noopener\">2 tekerlek citycoco\/seev\/woqu\/scrooser<\/a>, <a href=\"https:\/\/www.rooderchina.com\/tr\/tag\/fat-tire-electronic-bike\/\" title=\"T\u00fcm g\u00f6nderileri g\u00f6r\u00fcnt\u00fcle fat tire electronic bike\" target=\"_blank\" rel=\"noopener\">ya\u011f lastikli elektronik bisiklet<\/a> ve bunun gibi<br \/>\nT\u00fcm \u00fcr\u00fcnler CE FCC ROHS ve ISO 9001 sertifikalar\u0131na sahiptir.<\/p>\n<p><a href=\"https:\/\/www.rooderchina.com\/tr\/tag\/harley-electric-scooter-1000w\/\" title=\"harley electric scooter 1000w i\u00e7indeki t\u00fcm g\u00f6nderileri g\u00f6r\u00fcnt\u00fcleyin\" target=\"_blank\" rel=\"noopener\">harley elektrikli scooter 1000w<\/a> Rooder e-scooter ihracat\u00e7\u0131 firmas\u0131ndan iki b\u00fcy\u00fck motosiklet tekerle\u011fi ya\u011f lasti\u011fi 60v \u00e7\u0131kar\u0131labilir lityum pil 100 renk ile r804c<\/p>\n<\/p>\n<p>&nbsp;<\/p>\n<p>model:r804c<br \/>\nuzunluk : 1756mm<br \/>\nGeni\u015flik : 750mm<br \/>\nA\u011f\u0131rl\u0131k : 50kg<br \/>\nlastik boyutu: 18\u00d79.5 in\u00e7<br \/>\nfren modu : disk fren<br \/>\nmaksimum t\u0131rman\u0131\u015f : 18 derece<br \/>\nmaksimum tork : 95n\/m<br \/>\nmaksimum kilometre : 35-40km<br \/>\nh\u0131z: d\u00fc\u015f\u00fck 25km\/sa, orta 37km\/sa, y\u00fcksek 47km\/sa,<br \/>\nmaksimum y\u00fck : 200kg<br \/>\n\u00e7\u0131kar\u0131labilir pil: 60v12ah lityum pil<br \/>\n\u015farj s\u00fcresi: 6 saat<br \/>\nmotor g\u00fcc\u00fc: 1000w<br \/>\n\u00f6n \u015fok s\u00fcspansiyon: evet<br \/>\narka \u015fok s\u00fcspansi\u0307yon: evet<br \/>\n\u00f6n led \u0131\u015f\u0131k: evet<br \/>\nstop lambas\u0131: evet<br \/>\narka koltuk: evet<br \/>\nnw: 55kg gw: 70kg<br \/>\npaket boyutu: 185*42*87cm<\/p>\n<p>1 adet\/karton<br \/>\nkarton boyutu: 1850*420*870mm<br \/>\ngw:70kg, nw:55kg<br \/>\n0.676cbm\/adet<\/p>\n<p>konteyner d\u00fczeni:<br \/>\n20gp'de 43 adet<br \/>\n40gp'de 92 adet<br \/>\n40 saat i\u00e7inde 104 adet<\/p>\n<p>&nbsp;<\/p><\/p>","protected":false},"excerpt":{"rendered":"<h3>K\u0131sa A\u00e7\u0131klama:<\/h3>\n<p><p>harley elektrikli scooter 1000w ve elektrikli motosiklet scooter tedarik\u00e7isi fabrika \u00fcreticisi ve ihracat\u00e7\u0131s\u0131 \u015firket shenzhen rooder technology co ltd'den y\u00fcksek kaliteli ve ucuz harley elektrikli scooter 1000w ve elektrikli motosiklet scooter bulun<\/p>\n<p>harley elektrikli scooter 1000w r804c iki b\u00fcy\u00fck motosiklet tekerle\u011fi ile ya\u011f lasti\u011fi 60v \u00e7\u0131kar\u0131labilir lityum pil Rooder e-scooter ihracat\u00e7\u0131 firmas\u0131ndan 100 renk<\/p>\n<p>yeni\u0307 tasarim led i\u015fik: evet.<br \/>\n\u00e7\u0131kar\u0131labilir lityum pil: evet.<br \/>\n\u0130ki koltuk: Evet.<br \/>\n\u00f6n \u015fok emilimi: evet<br \/>\narka\/arka amortis\u00f6rl\u00fc s\u00fcspansiyon : evet<\/p>\n<\/p>\n<p><\/p>\n<li><em>Marka: <\/em> OEM\/ODM\/ROODER<\/li>\n<li><em>Min.Sipari\u015f Miktar\u0131: <\/em> 10 Adet \/ Adet<\/li>\n<li><em>Tedarik Yetene\u011fi: <\/em> 10000 Adet \/ Adet her Ay<\/li>\n<li><em>Liman: <\/em> Shenzhen<\/li>\n<li><em>\u00d6deme Ko\u015fullar\u0131: <\/em> T\/T, L\/C, D\/A, D\/P<\/li>","protected":false},"featured_media":9091,"comment_status":"closed","ping_status":"open","template":"","meta":[],"product_brand":[],"product_cat":[464],"product_tag":[497,498,499,500,501,502,503,504,505,506,507,508,509,510,511],"class_list":{"0":"post-9089","1":"product","2":"type-product","3":"status-publish","4":"has-post-thumbnail","6":"product_cat-citycoco-choppers","7":"product_tag-1000w-2-wheels-electric-citycoco-scooter","8":"product_tag-1000w-electric-citycoco-scooter","9":"product_tag-1000w-electric-scooter","10":"product_tag-2-wheel-citycoco-seev-woqu-scrooser","11":"product_tag-adult-citycoco","12":"product_tag-adult-electric-scooter","13":"product_tag-citycoco-1000w","14":"product_tag-electric-motorcycle-scooter","15":"product_tag-electric-scooter-city-coco","16":"product_tag-fat-tire-electronic-bike","17":"product_tag-haley-type-power-bike","18":"product_tag-harley","19":"product_tag-harley-adult-electric-scooter","20":"product_tag-harley-electric-scooter","21":"product_tag-harley-electric-scooter-1000w","23":"first","24":"instock","25":"product-type-simple"},"yoast_head":"<!-- This site is optimized with the Yoast SEO plugin v21.7 - https:\/\/yoast.com\/wordpress\/plugins\/seo\/ -->\n<title>harley electric scooter 1000w r804c with two big motorcycle wheel fat tire 60v removable lithium battery 100 colors from Rooder e-scooter exporter company - Electric Scooters Bikes Citycoco Manufacturer<\/title>\n<meta name=\"robots\" content=\"index, follow, max-snippet:-1, max-image-preview:large, max-video-preview:-1\" \/>\n<link rel=\"canonical\" href=\"https:\/\/www.rooderchina.com\/tr\/urun\/harley-electric-scooter-1000w-r804c-with-two-big-motorcycle-wheel-fat-tire-60v-removable-lithium-battery-100-colors-from-rooder-e-scooter-exporter-company\/\" \/>\n<meta property=\"og:locale\" content=\"tr_TR\" \/>\n<meta property=\"og:type\" content=\"article\" \/>\n<meta property=\"og:title\" content=\"harley electric scooter 1000w r804c with two big motorcycle wheel fat tire 60v removable lithium battery 100 colors from Rooder e-scooter exporter company - Electric Scooters Bikes Citycoco Manufacturer\" \/>\n<meta property=\"og:description\" content=\"Short Description: find high quality and cheap harley electric scooter 1000w and\u00a0 electric motorcycle scooter from\u00a0harley electric scooter 1000w and\u00a0\u00a0electric motorcycle scooter supplier factory manufactur and exporter company shenzhen rooder technology co ltd harley electric scooter 1000w r804c with two big motorcycle wheel fat tire 60v removable lithium battery 100 colors from Rooder e-scooter exporter company new design led light: yes. removable lithium battery: yes. two seats: yes. front shock absorption: yes rear\/back shock absorber suspension : yes    Brand: OEM\/ODM\/ROODER   Min.Order Quantity: 10 Piece\/Pieces   Supply Ability: 10000 Piece\/Pieces per Month   Port: Shenzhen   Payment Terms: T\/T, L\/C, D\/A, D\/P\" \/>\n<meta property=\"og:url\" content=\"https:\/\/www.rooderchina.com\/tr\/urun\/harley-electric-scooter-1000w-r804c-with-two-big-motorcycle-wheel-fat-tire-60v-removable-lithium-battery-100-colors-from-rooder-e-scooter-exporter-company\/\" \/>\n<meta property=\"og:site_name\" content=\"Electric Scooters Bikes Citycoco Manufacturer\" \/>\n<meta property=\"article:publisher\" content=\"https:\/\/www.facebook.com\/rooder.tec\" \/>\n<meta property=\"article:modified_time\" content=\"2023-11-11T10:34:09+00:00\" \/>\n<meta property=\"og:image\" content=\"https:\/\/www.rooderchina.com\/wp-content\/uploads\/2023\/11\/110da37c.jpg\" \/>\n\t<meta property=\"og:image:width\" content=\"750\" \/>\n\t<meta property=\"og:image:height\" content=\"750\" \/>\n\t<meta property=\"og:image:type\" content=\"image\/jpeg\" \/>\n<meta name=\"twitter:card\" content=\"summary_large_image\" \/>\n<meta name=\"twitter:site\" content=\"@RooderTec\" \/>\n<meta name=\"twitter:label1\" content=\"Tahmini okuma s\u00fcresi\" \/>\n\t<meta name=\"twitter:data1\" content=\"1 dakika\" \/>\n<script type=\"application\/ld+json\" class=\"yoast-schema-graph\">{\"@context\":\"https:\/\/schema.org\",\"@graph\":[{\"@type\":\"WebPage\",\"@id\":\"https:\/\/www.rooderchina.com\/product\/harley-electric-scooter-1000w-r804c-with-two-big-motorcycle-wheel-fat-tire-60v-removable-lithium-battery-100-colors-from-rooder-e-scooter-exporter-company\/\",\"url\":\"https:\/\/www.rooderchina.com\/product\/harley-electric-scooter-1000w-r804c-with-two-big-motorcycle-wheel-fat-tire-60v-removable-lithium-battery-100-colors-from-rooder-e-scooter-exporter-company\/\",\"name\":\"harley electric scooter 1000w r804c with two big motorcycle wheel fat tire 60v removable lithium battery 100 colors from Rooder e-scooter exporter company - Electric Scooters Bikes Citycoco Manufacturer\",\"isPartOf\":{\"@id\":\"https:\/\/www.rooderchina.com\/#website\"},\"datePublished\":\"2023-11-11T10:33:51+00:00\",\"dateModified\":\"2023-11-11T10:34:09+00:00\",\"breadcrumb\":{\"@id\":\"https:\/\/www.rooderchina.com\/product\/harley-electric-scooter-1000w-r804c-with-two-big-motorcycle-wheel-fat-tire-60v-removable-lithium-battery-100-colors-from-rooder-e-scooter-exporter-company\/#breadcrumb\"},\"inLanguage\":\"tr\",\"potentialAction\":[{\"@type\":\"ReadAction\",\"target\":[\"https:\/\/www.rooderchina.com\/product\/harley-electric-scooter-1000w-r804c-with-two-big-motorcycle-wheel-fat-tire-60v-removable-lithium-battery-100-colors-from-rooder-e-scooter-exporter-company\/\"]}]},{\"@type\":\"BreadcrumbList\",\"@id\":\"https:\/\/www.rooderchina.com\/product\/harley-electric-scooter-1000w-r804c-with-two-big-motorcycle-wheel-fat-tire-60v-removable-lithium-battery-100-colors-from-rooder-e-scooter-exporter-company\/#breadcrumb\",\"itemListElement\":[{\"@type\":\"ListItem\",\"position\":1,\"name\":\"HOME\",\"item\":\"https:\/\/www.rooderchina.com\/\"},{\"@type\":\"ListItem\",\"position\":2,\"name\":\"Shop\",\"item\":\"https:\/\/www.rooderchina.com\/shop\/\"},{\"@type\":\"ListItem\",\"position\":3,\"name\":\"harley electric scooter 1000w r804c with two big motorcycle wheel fat tire 60v removable lithium battery 100 colors from Rooder e-scooter exporter company\"}]},{\"@type\":\"WebSite\",\"@id\":\"https:\/\/www.rooderchina.com\/#website\",\"url\":\"https:\/\/www.rooderchina.com\/\",\"name\":\"Electric Scooters Bikes Citycoco Manufacturer\",\"description\":\"Rooder Technology Limited\",\"publisher\":{\"@id\":\"https:\/\/www.rooderchina.com\/#organization\"},\"potentialAction\":[{\"@type\":\"SearchAction\",\"target\":{\"@type\":\"EntryPoint\",\"urlTemplate\":\"https:\/\/www.rooderchina.com\/?s={search_term_string}\"},\"query-input\":\"required name=search_term_string\"}],\"inLanguage\":\"tr\"},{\"@type\":\"Organization\",\"@id\":\"https:\/\/www.rooderchina.com\/#organization\",\"name\":\"Electric Scooters Bikes Citycoco Manufacturer\",\"url\":\"https:\/\/www.rooderchina.com\/\",\"logo\":{\"@type\":\"ImageObject\",\"inLanguage\":\"tr\",\"@id\":\"https:\/\/www.rooderchina.com\/#\/schema\/logo\/image\/\",\"url\":\"https:\/\/www.rooderchina.com\/wp-content\/uploads\/2023\/12\/rooder2.jpg\",\"contentUrl\":\"https:\/\/www.rooderchina.com\/wp-content\/uploads\/2023\/12\/rooder2.jpg\",\"width\":1723,\"height\":1037,\"caption\":\"Electric Scooters Bikes Citycoco Manufacturer\"},\"image\":{\"@id\":\"https:\/\/www.rooderchina.com\/#\/schema\/logo\/image\/\"},\"sameAs\":[\"https:\/\/www.facebook.com\/rooder.tec\",\"https:\/\/twitter.com\/RooderTec\"]}]}<\/script>\n<!-- \/ Yoast SEO plugin. -->","yoast_head_json":{"title":"harley electric scooter 1000w r804c with two big motorcycle wheel fat tire 60v removable lithium battery 100 colors from Rooder e-scooter exporter company - Electric Scooters Bikes Citycoco Manufacturer","robots":{"index":"index","follow":"follow","max-snippet":"max-snippet:-1","max-image-preview":"max-image-preview:large","max-video-preview":"max-video-preview:-1"},"canonical":"https:\/\/www.rooderchina.com\/tr\/urun\/harley-electric-scooter-1000w-r804c-with-two-big-motorcycle-wheel-fat-tire-60v-removable-lithium-battery-100-colors-from-rooder-e-scooter-exporter-company\/","og_locale":"tr_TR","og_type":"article","og_title":"harley electric scooter 1000w r804c with two big motorcycle wheel fat tire 60v removable lithium battery 100 colors from Rooder e-scooter exporter company - Electric Scooters Bikes Citycoco Manufacturer","og_description":"Short Description: find high quality and cheap harley electric scooter 1000w and\u00a0 electric motorcycle scooter from\u00a0harley electric scooter 1000w and\u00a0\u00a0electric motorcycle scooter supplier factory manufactur and exporter company shenzhen rooder technology co ltd harley electric scooter 1000w r804c with two big motorcycle wheel fat tire 60v removable lithium battery 100 colors from Rooder e-scooter exporter company new design led light: yes. removable lithium battery: yes. two seats: yes. front shock absorption: yes rear\/back shock absorber suspension : yes    Brand: OEM\/ODM\/ROODER   Min.Order Quantity: 10 Piece\/Pieces   Supply Ability: 10000 Piece\/Pieces per Month   Port: Shenzhen   Payment Terms: T\/T, L\/C, D\/A, D\/P","og_url":"https:\/\/www.rooderchina.com\/tr\/urun\/harley-electric-scooter-1000w-r804c-with-two-big-motorcycle-wheel-fat-tire-60v-removable-lithium-battery-100-colors-from-rooder-e-scooter-exporter-company\/","og_site_name":"Electric Scooters Bikes Citycoco Manufacturer","article_publisher":"https:\/\/www.facebook.com\/rooder.tec","article_modified_time":"2023-11-11T10:34:09+00:00","og_image":[{"width":750,"height":750,"url":"https:\/\/www.rooderchina.com\/wp-content\/uploads\/2023\/11\/110da37c.jpg","type":"image\/jpeg"}],"twitter_card":"summary_large_image","twitter_site":"@RooderTec","twitter_misc":{"Tahmini okuma s\u00fcresi":"1 dakika"},"schema":{"@context":"https:\/\/schema.org","@graph":[{"@type":"WebPage","@id":"https:\/\/www.rooderchina.com\/product\/harley-electric-scooter-1000w-r804c-with-two-big-motorcycle-wheel-fat-tire-60v-removable-lithium-battery-100-colors-from-rooder-e-scooter-exporter-company\/","url":"https:\/\/www.rooderchina.com\/product\/harley-electric-scooter-1000w-r804c-with-two-big-motorcycle-wheel-fat-tire-60v-removable-lithium-battery-100-colors-from-rooder-e-scooter-exporter-company\/","name":"harley electric scooter 1000w r804c with two big motorcycle wheel fat tire 60v removable lithium battery 100 colors from Rooder e-scooter exporter company - Electric Scooters Bikes Citycoco Manufacturer","isPartOf":{"@id":"https:\/\/www.rooderchina.com\/#website"},"datePublished":"2023-11-11T10:33:51+00:00","dateModified":"2023-11-11T10:34:09+00:00","breadcrumb":{"@id":"https:\/\/www.rooderchina.com\/product\/harley-electric-scooter-1000w-r804c-with-two-big-motorcycle-wheel-fat-tire-60v-removable-lithium-battery-100-colors-from-rooder-e-scooter-exporter-company\/#breadcrumb"},"inLanguage":"tr","potentialAction":[{"@type":"ReadAction","target":["https:\/\/www.rooderchina.com\/product\/harley-electric-scooter-1000w-r804c-with-two-big-motorcycle-wheel-fat-tire-60v-removable-lithium-battery-100-colors-from-rooder-e-scooter-exporter-company\/"]}]},{"@type":"BreadcrumbList","@id":"https:\/\/www.rooderchina.com\/product\/harley-electric-scooter-1000w-r804c-with-two-big-motorcycle-wheel-fat-tire-60v-removable-lithium-battery-100-colors-from-rooder-e-scooter-exporter-company\/#breadcrumb","itemListElement":[{"@type":"ListItem","position":1,"name":"HOME","item":"https:\/\/www.rooderchina.com\/"},{"@type":"ListItem","position":2,"name":"Shop","item":"https:\/\/www.rooderchina.com\/shop\/"},{"@type":"ListItem","position":3,"name":"harley electric scooter 1000w r804c with two big motorcycle wheel fat tire 60v removable lithium battery 100 colors from Rooder e-scooter exporter company"}]},{"@type":"WebSite","@id":"https:\/\/www.rooderchina.com\/#website","url":"https:\/\/www.rooderchina.com\/","name":"Electric Scooters Bikes Citycoco Manufacturer","description":"Rooder Technology Limited","publisher":{"@id":"https:\/\/www.rooderchina.com\/#organization"},"potentialAction":[{"@type":"SearchAction","target":{"@type":"EntryPoint","urlTemplate":"https:\/\/www.rooderchina.com\/?s={search_term_string}"},"query-input":"required name=search_term_string"}],"inLanguage":"tr"},{"@type":"Organization","@id":"https:\/\/www.rooderchina.com\/#organization","name":"Electric Scooters Bikes Citycoco Manufacturer","url":"https:\/\/www.rooderchina.com\/","logo":{"@type":"ImageObject","inLanguage":"tr","@id":"https:\/\/www.rooderchina.com\/#\/schema\/logo\/image\/","url":"https:\/\/www.rooderchina.com\/wp-content\/uploads\/2023\/12\/rooder2.jpg","contentUrl":"https:\/\/www.rooderchina.com\/wp-content\/uploads\/2023\/12\/rooder2.jpg","width":1723,"height":1037,"caption":"Electric Scooters Bikes Citycoco Manufacturer"},"image":{"@id":"https:\/\/www.rooderchina.com\/#\/schema\/logo\/image\/"},"sameAs":["https:\/\/www.facebook.com\/rooder.tec","https:\/\/twitter.com\/RooderTec"]}]}},"_links":{"self":[{"href":"https:\/\/www.rooderchina.com\/tr\/wp-json\/wp\/v2\/product\/9089","targetHints":{"allow":["GET"]}}],"collection":[{"href":"https:\/\/www.rooderchina.com\/tr\/wp-json\/wp\/v2\/product"}],"about":[{"href":"https:\/\/www.rooderchina.com\/tr\/wp-json\/wp\/v2\/types\/product"}],"replies":[{"embeddable":true,"href":"https:\/\/www.rooderchina.com\/tr\/wp-json\/wp\/v2\/comments?post=9089"}],"version-history":[{"count":1,"href":"https:\/\/www.rooderchina.com\/tr\/wp-json\/wp\/v2\/product\/9089\/revisions"}],"predecessor-version":[{"id":9090,"href":"https:\/\/www.rooderchina.com\/tr\/wp-json\/wp\/v2\/product\/9089\/revisions\/9090"}],"wp:featuredmedia":[{"embeddable":true,"href":"https:\/\/www.rooderchina.com\/tr\/wp-json\/wp\/v2\/media\/9091"}],"wp:attachment":[{"href":"https:\/\/www.rooderchina.com\/tr\/wp-json\/wp\/v2\/media?parent=9089"}],"wp:term":[{"taxonomy":"product_brand","embeddable":true,"href":"https:\/\/www.rooderchina.com\/tr\/wp-json\/wp\/v2\/product_brand?post=9089"},{"taxonomy":"product_cat","embeddable":true,"href":"https:\/\/www.rooderchina.com\/tr\/wp-json\/wp\/v2\/product_cat?post=9089"},{"taxonomy":"product_tag","embeddable":true,"href":"https:\/\/www.rooderchina.com\/tr\/wp-json\/wp\/v2\/product_tag?post=9089"}],"curies":[{"name":"wp","href":"https:\/\/api.w.org\/{rel}","templated":true}]}}