{"id":9029,"date":"2023-11-11T18:33:51","date_gmt":"2023-11-11T10:33:51","guid":{"rendered":"http:\/\/www.rooderchina.com\/index.php\/product\/3-wheel-electric-scooter-r804t-with-fat-tire-60v-lithium-battery-1000w-motor-customized-speed-skillful-colors-black-white-red-green-pink-yellow-orange-graffiti\/"},"modified":"2023-11-11T18:33:51","modified_gmt":"2023-11-11T10:33:51","slug":"3-wheel-electric-scooter-r804t-with-fat-tire-60v-lithium-battery-1000w-motor-customized-speed-skillful-colors-black-white-red-green-pink-yellow-orange-graffiti","status":"publish","type":"product","link":"https:\/\/www.rooderchina.com\/tr\/urun\/3-wheel-electric-scooter-r804t-with-fat-tire-60v-lithium-battery-1000w-motor-customized-speed-skillful-colors-black-white-red-green-pink-yellow-orange-graffiti\/","title":{"rendered":"Ya\u011f lastikli 3 tekerlekli elektrikli scooter r804t 60v lityum pil 1000w motor \u00f6zelle\u015ftirilmi\u015f h\u0131z becerikli renkler siyah beyaz k\u0131rm\u0131z\u0131 ye\u015fil pembe sar\u0131 turuncu grafiti"},"content":{"rendered":"<p>Rooder has maintained healthy development with our innovational system driven enterprise centered on the demand of users. We have developed into an enterprise with the research, development, production and sales together. Our products and services include <a href=\"https:\/\/www.rooderchina.com\/tr\/tag\/3-wheel-electric-scooter\/\" title=\"View all posts in 3 Wheel Electric Scooter\" target=\"_blank\" rel=\"noopener\">3 Tekerlekli Elektrikli Scooter<\/a>, cityccoco harley scooter, bike and two seats electric scooter.<\/p>\n<p>Rooder&#8217;s products has now been sold to more than fifty countries and regions around the world. In the domestic market, we have rapidly grasped 9.8% market share with fashionable look and stable performance of our products, well received by Chinese customers.<\/p>\n<\/p>\n<p>Ya\u011f lastikli 3 tekerlekli elektrikli scooter r804t 60v lityum pil 1000w motor \u00f6zelle\u015ftirilmi\u015f h\u0131z becerikli renkler siyah beyaz k\u0131rm\u0131z\u0131 ye\u015fil pembe sar\u0131 turuncu grafiti<\/p>\n<p>maksimum y\u00fck: 200kg<br \/>\nmaksimum h\u0131z: 35km\/s<br \/>\nMenzil: 35-40km<br \/>\nmaksimum t\u0131rmanma kapasitesi: 30\u00b0<br \/>\nbattery: 60v 12ah lithium battery<br \/>\nmaximum torque: 95n\/m<br \/>\ncharge time: 4-6 hours<br \/>\nmotor power:1000w<br \/>\nworking temperature: 10~40degree<br \/>\nnet a\u011f\u0131rl\u0131k: 60kg<br \/>\nlastik boyutu: 18*9,5 in\u00e7<br \/>\nproduct size:1759*780*700mm<br \/>\ncolor: black\/white\/red\/green\/pink\/yellow\/orange<\/p>\n<p>1 adet\/karton<br \/>\ncarton size:191*98*69cm<br \/>\ngw:80kg, nw:60kg<br \/>\n1.292cbm\/piece<\/p>\n<p>konteyner d\u00fczeni:<br \/>\n22pcs in 20gp<br \/>\n48pcs in 40gp<br \/>\n54pcs in 40hc<\/p>\n<p>&nbsp;<\/p><\/p>","protected":false},"excerpt":{"rendered":"<h3>K\u0131sa A\u00e7\u0131klama:<\/h3>\n<p><p>Shenzhen Rooder Technology Co, Ltd www.RooderChina.com \u00fczerinde y\u00fcksek kaliteli ucuz fiyat \u00e7in usta harley elektrikli scooter \u00fcreticileri, scooter citycoco, toptan 3 tekerlekli elektrikli scooter bulmak.<\/p>\n<p>maksimum y\u00fck: 200kg<br \/>\nmaksimum h\u0131z: 35km\/s<br \/>\nMenzil: 35-40km<br \/>\nmaksimum t\u0131rmanma kapasitesi: 30\u00b0<br \/>\nnet a\u011f\u0131rl\u0131k: 60kg<br \/>\nlastik boyutu: 18*9,5 in\u00e7<\/p>\n<\/p>\n<p><\/p>\n<li><em>Marka: <\/em> OEM\/ODM\/ROODER<\/li>\n<li><em>Min.Sipari\u015f Miktar\u0131: <\/em> 10 Adet \/ Adet<\/li>\n<li><em>Tedarik Yetene\u011fi: <\/em> 10000 Adet \/ Adet her Ay<\/li>\n<li><em>Liman: <\/em> Shenzhen<\/li>\n<li><em>\u00d6deme Ko\u015fullar\u0131: <\/em> T\/T, L\/C, D\/A, D\/P<\/li>","protected":false},"featured_media":9031,"comment_status":"closed","ping_status":"open","template":"","meta":[],"product_brand":[],"product_cat":[464],"product_tag":[465,466,467,468,469,470,471,472,473,474,475,476,477,478,479],"class_list":{"0":"post-9029","1":"product","2":"type-product","3":"status-publish","4":"has-post-thumbnail","6":"product_cat-citycoco-choppers","7":"product_tag-3-wheel-electric-scooter","8":"product_tag-china-citycoco-suppliers","9":"product_tag-china-skillful-harley-electric-scooter-manufacturers","10":"product_tag-citycoco","11":"product_tag-citycoco-harley-scooter","12":"product_tag-citycoco-kaina","13":"product_tag-citycoco-romania","14":"product_tag-citycoco-scooter","15":"product_tag-citycoco-scooter-romania","16":"product_tag-citycoco-suomi","17":"product_tag-citycoco-suppliers","18":"product_tag-electric-scooter-harley","19":"product_tag-harley-e-scooter","20":"product_tag-scooter-citycoco","21":"product_tag-seev-citycoco","23":"first","24":"instock","25":"product-type-simple"},"yoast_head":"<!-- This site is optimized with the Yoast SEO plugin v21.7 - https:\/\/yoast.com\/wordpress\/plugins\/seo\/ -->\n<title>3 wheel electric scooter r804t with fat tire 60v lithium battery 1000w motor customized speed skillful colors black white red green pink yellow orange graffiti - Electric Scooters Bikes Citycoco Manufacturer<\/title>\n<meta name=\"robots\" content=\"index, follow, max-snippet:-1, max-image-preview:large, max-video-preview:-1\" \/>\n<link rel=\"canonical\" href=\"https:\/\/www.rooderchina.com\/tr\/urun\/3-wheel-electric-scooter-r804t-with-fat-tire-60v-lithium-battery-1000w-motor-customized-speed-skillful-colors-black-white-red-green-pink-yellow-orange-graffiti\/\" \/>\n<meta property=\"og:locale\" content=\"tr_TR\" \/>\n<meta property=\"og:type\" content=\"article\" \/>\n<meta property=\"og:title\" content=\"3 wheel electric scooter r804t with fat tire 60v lithium battery 1000w motor customized speed skillful colors black white red green pink yellow orange graffiti - Electric Scooters Bikes Citycoco Manufacturer\" \/>\n<meta property=\"og:description\" content=\"Short Description: find high quality cheap price china skillful harley electric scooter manufacturers,\u00a0scooter citycoco, wholesale\u00a03 wheel electric scooter on www.RooderChina.com from\u00a0Shenzhen Rooder Technology Co., Ltd. max load: 200kg max speed: 35km\/h range: 35-40km max climb capability: 30\u00b0 net weight:60kg tire size:18*9.5 inch    Brand: OEM\/ODM\/ROODER   Min.Order Quantity: 10 Piece\/Pieces   Supply Ability: 10000 Piece\/Pieces per Month   Port: Shenzhen   Payment Terms: T\/T, L\/C, D\/A, D\/P\" \/>\n<meta property=\"og:url\" content=\"https:\/\/www.rooderchina.com\/tr\/urun\/3-wheel-electric-scooter-r804t-with-fat-tire-60v-lithium-battery-1000w-motor-customized-speed-skillful-colors-black-white-red-green-pink-yellow-orange-graffiti\/\" \/>\n<meta property=\"og:site_name\" content=\"Electric Scooters Bikes Citycoco Manufacturer\" \/>\n<meta property=\"article:publisher\" content=\"https:\/\/www.facebook.com\/rooder.tec\" \/>\n<meta property=\"og:image\" content=\"https:\/\/www.rooderchina.com\/wp-content\/uploads\/2023\/11\/1363b1cb.jpg\" \/>\n\t<meta property=\"og:image:width\" content=\"750\" \/>\n\t<meta property=\"og:image:height\" content=\"750\" \/>\n\t<meta property=\"og:image:type\" content=\"image\/jpeg\" \/>\n<meta name=\"twitter:card\" content=\"summary_large_image\" \/>\n<meta name=\"twitter:site\" content=\"@RooderTec\" \/>\n<meta name=\"twitter:label1\" content=\"Tahmini okuma s\u00fcresi\" \/>\n\t<meta name=\"twitter:data1\" content=\"1 dakika\" \/>\n<script type=\"application\/ld+json\" class=\"yoast-schema-graph\">{\"@context\":\"https:\/\/schema.org\",\"@graph\":[{\"@type\":\"WebPage\",\"@id\":\"https:\/\/www.rooderchina.com\/product\/3-wheel-electric-scooter-r804t-with-fat-tire-60v-lithium-battery-1000w-motor-customized-speed-skillful-colors-black-white-red-green-pink-yellow-orange-graffiti\/\",\"url\":\"https:\/\/www.rooderchina.com\/product\/3-wheel-electric-scooter-r804t-with-fat-tire-60v-lithium-battery-1000w-motor-customized-speed-skillful-colors-black-white-red-green-pink-yellow-orange-graffiti\/\",\"name\":\"3 wheel electric scooter r804t with fat tire 60v lithium battery 1000w motor customized speed skillful colors black white red green pink yellow orange graffiti - Electric Scooters Bikes Citycoco Manufacturer\",\"isPartOf\":{\"@id\":\"https:\/\/www.rooderchina.com\/#website\"},\"datePublished\":\"2023-11-11T10:33:51+00:00\",\"dateModified\":\"2023-11-11T10:33:51+00:00\",\"breadcrumb\":{\"@id\":\"https:\/\/www.rooderchina.com\/product\/3-wheel-electric-scooter-r804t-with-fat-tire-60v-lithium-battery-1000w-motor-customized-speed-skillful-colors-black-white-red-green-pink-yellow-orange-graffiti\/#breadcrumb\"},\"inLanguage\":\"tr\",\"potentialAction\":[{\"@type\":\"ReadAction\",\"target\":[\"https:\/\/www.rooderchina.com\/product\/3-wheel-electric-scooter-r804t-with-fat-tire-60v-lithium-battery-1000w-motor-customized-speed-skillful-colors-black-white-red-green-pink-yellow-orange-graffiti\/\"]}]},{\"@type\":\"BreadcrumbList\",\"@id\":\"https:\/\/www.rooderchina.com\/product\/3-wheel-electric-scooter-r804t-with-fat-tire-60v-lithium-battery-1000w-motor-customized-speed-skillful-colors-black-white-red-green-pink-yellow-orange-graffiti\/#breadcrumb\",\"itemListElement\":[{\"@type\":\"ListItem\",\"position\":1,\"name\":\"HOME\",\"item\":\"https:\/\/www.rooderchina.com\/\"},{\"@type\":\"ListItem\",\"position\":2,\"name\":\"Shop\",\"item\":\"https:\/\/www.rooderchina.com\/shop\/\"},{\"@type\":\"ListItem\",\"position\":3,\"name\":\"3 wheel electric scooter r804t with fat tire 60v lithium battery 1000w motor customized speed skillful colors black white red green pink yellow orange graffiti\"}]},{\"@type\":\"WebSite\",\"@id\":\"https:\/\/www.rooderchina.com\/#website\",\"url\":\"https:\/\/www.rooderchina.com\/\",\"name\":\"Electric Scooters Bikes Citycoco Manufacturer\",\"description\":\"Rooder Technology Limited\",\"publisher\":{\"@id\":\"https:\/\/www.rooderchina.com\/#organization\"},\"potentialAction\":[{\"@type\":\"SearchAction\",\"target\":{\"@type\":\"EntryPoint\",\"urlTemplate\":\"https:\/\/www.rooderchina.com\/?s={search_term_string}\"},\"query-input\":\"required name=search_term_string\"}],\"inLanguage\":\"tr\"},{\"@type\":\"Organization\",\"@id\":\"https:\/\/www.rooderchina.com\/#organization\",\"name\":\"Electric Scooters Bikes Citycoco Manufacturer\",\"url\":\"https:\/\/www.rooderchina.com\/\",\"logo\":{\"@type\":\"ImageObject\",\"inLanguage\":\"tr\",\"@id\":\"https:\/\/www.rooderchina.com\/#\/schema\/logo\/image\/\",\"url\":\"https:\/\/www.rooderchina.com\/wp-content\/uploads\/2023\/12\/rooder2.jpg\",\"contentUrl\":\"https:\/\/www.rooderchina.com\/wp-content\/uploads\/2023\/12\/rooder2.jpg\",\"width\":1723,\"height\":1037,\"caption\":\"Electric Scooters Bikes Citycoco Manufacturer\"},\"image\":{\"@id\":\"https:\/\/www.rooderchina.com\/#\/schema\/logo\/image\/\"},\"sameAs\":[\"https:\/\/www.facebook.com\/rooder.tec\",\"https:\/\/twitter.com\/RooderTec\"]}]}<\/script>\n<!-- \/ Yoast SEO plugin. -->","yoast_head_json":{"title":"3 wheel electric scooter r804t with fat tire 60v lithium battery 1000w motor customized speed skillful colors black white red green pink yellow orange graffiti - Electric Scooters Bikes Citycoco Manufacturer","robots":{"index":"index","follow":"follow","max-snippet":"max-snippet:-1","max-image-preview":"max-image-preview:large","max-video-preview":"max-video-preview:-1"},"canonical":"https:\/\/www.rooderchina.com\/tr\/urun\/3-wheel-electric-scooter-r804t-with-fat-tire-60v-lithium-battery-1000w-motor-customized-speed-skillful-colors-black-white-red-green-pink-yellow-orange-graffiti\/","og_locale":"tr_TR","og_type":"article","og_title":"3 wheel electric scooter r804t with fat tire 60v lithium battery 1000w motor customized speed skillful colors black white red green pink yellow orange graffiti - Electric Scooters Bikes Citycoco Manufacturer","og_description":"Short Description: find high quality cheap price china skillful harley electric scooter manufacturers,\u00a0scooter citycoco, wholesale\u00a03 wheel electric scooter on www.RooderChina.com from\u00a0Shenzhen Rooder Technology Co., Ltd. max load: 200kg max speed: 35km\/h range: 35-40km max climb capability: 30\u00b0 net weight:60kg tire size:18*9.5 inch    Brand: OEM\/ODM\/ROODER   Min.Order Quantity: 10 Piece\/Pieces   Supply Ability: 10000 Piece\/Pieces per Month   Port: Shenzhen   Payment Terms: T\/T, L\/C, D\/A, D\/P","og_url":"https:\/\/www.rooderchina.com\/tr\/urun\/3-wheel-electric-scooter-r804t-with-fat-tire-60v-lithium-battery-1000w-motor-customized-speed-skillful-colors-black-white-red-green-pink-yellow-orange-graffiti\/","og_site_name":"Electric Scooters Bikes Citycoco Manufacturer","article_publisher":"https:\/\/www.facebook.com\/rooder.tec","og_image":[{"width":750,"height":750,"url":"https:\/\/www.rooderchina.com\/wp-content\/uploads\/2023\/11\/1363b1cb.jpg","type":"image\/jpeg"}],"twitter_card":"summary_large_image","twitter_site":"@RooderTec","twitter_misc":{"Tahmini okuma s\u00fcresi":"1 dakika"},"schema":{"@context":"https:\/\/schema.org","@graph":[{"@type":"WebPage","@id":"https:\/\/www.rooderchina.com\/product\/3-wheel-electric-scooter-r804t-with-fat-tire-60v-lithium-battery-1000w-motor-customized-speed-skillful-colors-black-white-red-green-pink-yellow-orange-graffiti\/","url":"https:\/\/www.rooderchina.com\/product\/3-wheel-electric-scooter-r804t-with-fat-tire-60v-lithium-battery-1000w-motor-customized-speed-skillful-colors-black-white-red-green-pink-yellow-orange-graffiti\/","name":"3 wheel electric scooter r804t with fat tire 60v lithium battery 1000w motor customized speed skillful colors black white red green pink yellow orange graffiti - Electric Scooters Bikes Citycoco Manufacturer","isPartOf":{"@id":"https:\/\/www.rooderchina.com\/#website"},"datePublished":"2023-11-11T10:33:51+00:00","dateModified":"2023-11-11T10:33:51+00:00","breadcrumb":{"@id":"https:\/\/www.rooderchina.com\/product\/3-wheel-electric-scooter-r804t-with-fat-tire-60v-lithium-battery-1000w-motor-customized-speed-skillful-colors-black-white-red-green-pink-yellow-orange-graffiti\/#breadcrumb"},"inLanguage":"tr","potentialAction":[{"@type":"ReadAction","target":["https:\/\/www.rooderchina.com\/product\/3-wheel-electric-scooter-r804t-with-fat-tire-60v-lithium-battery-1000w-motor-customized-speed-skillful-colors-black-white-red-green-pink-yellow-orange-graffiti\/"]}]},{"@type":"BreadcrumbList","@id":"https:\/\/www.rooderchina.com\/product\/3-wheel-electric-scooter-r804t-with-fat-tire-60v-lithium-battery-1000w-motor-customized-speed-skillful-colors-black-white-red-green-pink-yellow-orange-graffiti\/#breadcrumb","itemListElement":[{"@type":"ListItem","position":1,"name":"HOME","item":"https:\/\/www.rooderchina.com\/"},{"@type":"ListItem","position":2,"name":"Shop","item":"https:\/\/www.rooderchina.com\/shop\/"},{"@type":"ListItem","position":3,"name":"3 wheel electric scooter r804t with fat tire 60v lithium battery 1000w motor customized speed skillful colors black white red green pink yellow orange graffiti"}]},{"@type":"WebSite","@id":"https:\/\/www.rooderchina.com\/#website","url":"https:\/\/www.rooderchina.com\/","name":"Electric Scooters Bikes Citycoco Manufacturer","description":"Rooder Technology Limited","publisher":{"@id":"https:\/\/www.rooderchina.com\/#organization"},"potentialAction":[{"@type":"SearchAction","target":{"@type":"EntryPoint","urlTemplate":"https:\/\/www.rooderchina.com\/?s={search_term_string}"},"query-input":"required name=search_term_string"}],"inLanguage":"tr"},{"@type":"Organization","@id":"https:\/\/www.rooderchina.com\/#organization","name":"Electric Scooters Bikes Citycoco Manufacturer","url":"https:\/\/www.rooderchina.com\/","logo":{"@type":"ImageObject","inLanguage":"tr","@id":"https:\/\/www.rooderchina.com\/#\/schema\/logo\/image\/","url":"https:\/\/www.rooderchina.com\/wp-content\/uploads\/2023\/12\/rooder2.jpg","contentUrl":"https:\/\/www.rooderchina.com\/wp-content\/uploads\/2023\/12\/rooder2.jpg","width":1723,"height":1037,"caption":"Electric Scooters Bikes Citycoco Manufacturer"},"image":{"@id":"https:\/\/www.rooderchina.com\/#\/schema\/logo\/image\/"},"sameAs":["https:\/\/www.facebook.com\/rooder.tec","https:\/\/twitter.com\/RooderTec"]}]}},"_links":{"self":[{"href":"https:\/\/www.rooderchina.com\/tr\/wp-json\/wp\/v2\/product\/9029","targetHints":{"allow":["GET"]}}],"collection":[{"href":"https:\/\/www.rooderchina.com\/tr\/wp-json\/wp\/v2\/product"}],"about":[{"href":"https:\/\/www.rooderchina.com\/tr\/wp-json\/wp\/v2\/types\/product"}],"replies":[{"embeddable":true,"href":"https:\/\/www.rooderchina.com\/tr\/wp-json\/wp\/v2\/comments?post=9029"}],"version-history":[{"count":1,"href":"https:\/\/www.rooderchina.com\/tr\/wp-json\/wp\/v2\/product\/9029\/revisions"}],"predecessor-version":[{"id":9030,"href":"https:\/\/www.rooderchina.com\/tr\/wp-json\/wp\/v2\/product\/9029\/revisions\/9030"}],"wp:featuredmedia":[{"embeddable":true,"href":"https:\/\/www.rooderchina.com\/tr\/wp-json\/wp\/v2\/media\/9031"}],"wp:attachment":[{"href":"https:\/\/www.rooderchina.com\/tr\/wp-json\/wp\/v2\/media?parent=9029"}],"wp:term":[{"taxonomy":"product_brand","embeddable":true,"href":"https:\/\/www.rooderchina.com\/tr\/wp-json\/wp\/v2\/product_brand?post=9029"},{"taxonomy":"product_cat","embeddable":true,"href":"https:\/\/www.rooderchina.com\/tr\/wp-json\/wp\/v2\/product_cat?post=9029"},{"taxonomy":"product_tag","embeddable":true,"href":"https:\/\/www.rooderchina.com\/tr\/wp-json\/wp\/v2\/product_tag?post=9029"}],"curies":[{"name":"wp","href":"https:\/\/api.w.org\/{rel}","templated":true}]}}