{"id":24732,"date":"2023-12-24T18:01:32","date_gmt":"2023-12-24T10:01:32","guid":{"rendered":"https:\/\/www.rooderchina.com\/?post_type=product&#038;p=24732"},"modified":"2023-12-24T18:01:32","modified_gmt":"2023-12-24T10:01:32","slug":"electric-cycle-rooder-r809-s3-26-inch-for-sale","status":"publish","type":"product","link":"https:\/\/www.rooderchina.com\/tr\/urun\/electric-cycle-rooder-r809-s3-26-inch-for-sale\/","title":{"rendered":"Sat\u0131l\u0131k Elektrikli Bisiklet Rooder r809-s3 26 in\u00e7"},"content":{"rendered":"<h4>Sat\u0131l\u0131k Elektrikli Bisiklet Rooder r809-s3 26 in\u00e7<\/h4>\n<p>Marka Ad\u0131\uff1aRooder<br \/>\nModel Numaras\u0131\uff1ar809-s3<br \/>\n\u00c7er\u00e7eve Malzemesi \uff1a Al\u00fcminyum Ala\u015f\u0131m<br \/>\nRenk\uff1aSar\u0131 ve siyah\/t\u00fcm siyah<br \/>\nPil \uff1a 10AH<br \/>\nAk\u00fc Voltaj\u0131\uff1a48V\uff0854V\uff09<br \/>\n\u015earj cihaz\u0131 voltaj\u0131\uff1a100-240V 2A<br \/>\nAvrupa standard\u0131 yuvarlak fi\u015f<br \/>\nMotor Watt De\u011feri\uff1a750 W<br \/>\nDi\u015fliler\uff1aBe\u015f di\u015fli<br \/>\nLastik\uff1aCST 26*4.0<br \/>\nFren\uff1a disk fren<br \/>\nE\u011filebilirlik\uff1a 30\u00b0<br \/>\nMaksimum h\u0131z\uff1a45 km\/saat<br \/>\nSaf elektrik kilometresi\uff1a25-35KM<br \/>\nyard\u0131m kilometresi\uff1a40-60KM<\/p>","protected":false},"excerpt":{"rendered":"<p>Rooder cycle r809-s3, 2022'nin yeni modeli, katlan\u0131r tasar\u0131m, varsay\u0131lan renk sar\u0131d\u0131r ve normolly AB ve ABD depo stoklar\u0131nda bulunmaktad\u0131r,<\/p>\n<p>siyah, k\u0131rm\u0131z\u0131, mavi ve ye\u015fil toplu sipari\u015f i\u00e7in \u00c7in'den temin edilebilir. min sipari\u015f 50 adet. al\u00fcminyum ala\u015f\u0131ml\u0131 \u00e7er\u00e7eve ve 26 in\u00e7 ya\u011f lasti\u011fi ile birlikte gelecektir.<\/p>\n<p>750w g\u00fc\u00e7l\u00fc motor saatte maksimum 45 kilo metre h\u0131z\u0131 destekler, ayr\u0131ca h\u0131z\u0131 25 km \/ s'de kilitleyebilirsiniz. Lityum pil 48v 10ah menzili 25-35km'dir.<\/p>","protected":false},"featured_media":24737,"comment_status":"open","ping_status":"closed","template":"","meta":[],"product_brand":[],"product_cat":[574],"product_tag":[1200,1218,1217],"class_list":{"0":"post-24732","1":"product","2":"type-product","3":"status-publish","4":"has-post-thumbnail","6":"product_cat-electric-bicycles","7":"product_tag-electric-cycle","8":"product_tag-r809-s3","9":"product_tag-rooder-r809-s3","11":"first","12":"instock","13":"shipping-taxable","14":"product-type-simple"},"yoast_head":"<!-- This site is optimized with the Yoast SEO plugin v21.7 - https:\/\/yoast.com\/wordpress\/plugins\/seo\/ -->\n<title>Electric Cycle Rooder r809-s3 26 Inch for sale - Electric Scooters Bikes Citycoco Manufacturer<\/title>\n<meta name=\"description\" content=\"Rooder electric cycle r809-s3, it\u2019s the new model of 2022, folding design, default color is yellow, and normolly it\u2019s in stock of EU and US warehouse,black\" \/>\n<meta name=\"robots\" content=\"index, follow, max-snippet:-1, max-image-preview:large, max-video-preview:-1\" \/>\n<link rel=\"canonical\" href=\"https:\/\/www.rooderchina.com\/tr\/urun\/electric-cycle-rooder-r809-s3-26-inch-for-sale\/\" \/>\n<meta property=\"og:locale\" content=\"tr_TR\" \/>\n<meta property=\"og:type\" content=\"article\" \/>\n<meta property=\"og:title\" content=\"Electric Cycle Rooder r809-s3 26 Inch for sale - Electric Scooters Bikes Citycoco Manufacturer\" \/>\n<meta property=\"og:description\" content=\"Rooder electric cycle r809-s3, it\u2019s the new model of 2022, folding design, default color is yellow, and normolly it\u2019s in stock of EU and US warehouse,black\" \/>\n<meta property=\"og:url\" content=\"https:\/\/www.rooderchina.com\/tr\/urun\/electric-cycle-rooder-r809-s3-26-inch-for-sale\/\" \/>\n<meta property=\"og:site_name\" content=\"Electric Scooters Bikes Citycoco Manufacturer\" \/>\n<meta property=\"article:publisher\" content=\"https:\/\/www.facebook.com\/rooder.tec\" \/>\n<meta property=\"og:image\" content=\"https:\/\/www.rooderchina.com\/wp-content\/uploads\/2023\/12\/Electric-Cycle-Rooder-r809-s3-26-Inch-for-sale-5.jpg\" \/>\n\t<meta property=\"og:image:width\" content=\"1024\" \/>\n\t<meta property=\"og:image:height\" content=\"1024\" \/>\n\t<meta property=\"og:image:type\" content=\"image\/jpeg\" \/>\n<meta name=\"twitter:card\" content=\"summary_large_image\" \/>\n<meta name=\"twitter:site\" content=\"@RooderTec\" \/>\n<meta name=\"twitter:label1\" content=\"Tahmini okuma s\u00fcresi\" \/>\n\t<meta name=\"twitter:data1\" content=\"1 dakika\" \/>\n<script type=\"application\/ld+json\" class=\"yoast-schema-graph\">{\"@context\":\"https:\/\/schema.org\",\"@graph\":[{\"@type\":\"WebPage\",\"@id\":\"https:\/\/www.rooderchina.com\/product\/electric-cycle-rooder-r809-s3-26-inch-for-sale\/\",\"url\":\"https:\/\/www.rooderchina.com\/product\/electric-cycle-rooder-r809-s3-26-inch-for-sale\/\",\"name\":\"Electric Cycle Rooder r809-s3 26 Inch for sale - Electric Scooters Bikes Citycoco Manufacturer\",\"isPartOf\":{\"@id\":\"https:\/\/www.rooderchina.com\/#website\"},\"datePublished\":\"2023-12-24T10:01:32+00:00\",\"dateModified\":\"2023-12-24T10:01:32+00:00\",\"description\":\"Rooder electric cycle r809-s3, it\u2019s the new model of 2022, folding design, default color is yellow, and normolly it\u2019s in stock of EU and US warehouse,black\",\"breadcrumb\":{\"@id\":\"https:\/\/www.rooderchina.com\/product\/electric-cycle-rooder-r809-s3-26-inch-for-sale\/#breadcrumb\"},\"inLanguage\":\"tr\",\"potentialAction\":[{\"@type\":\"ReadAction\",\"target\":[\"https:\/\/www.rooderchina.com\/product\/electric-cycle-rooder-r809-s3-26-inch-for-sale\/\"]}]},{\"@type\":\"BreadcrumbList\",\"@id\":\"https:\/\/www.rooderchina.com\/product\/electric-cycle-rooder-r809-s3-26-inch-for-sale\/#breadcrumb\",\"itemListElement\":[{\"@type\":\"ListItem\",\"position\":1,\"name\":\"HOME\",\"item\":\"https:\/\/www.rooderchina.com\/\"},{\"@type\":\"ListItem\",\"position\":2,\"name\":\"Shop\",\"item\":\"https:\/\/www.rooderchina.com\/shop\/\"},{\"@type\":\"ListItem\",\"position\":3,\"name\":\"Electric Cycle Rooder r809-s3 26 Inch for sale\"}]},{\"@type\":\"WebSite\",\"@id\":\"https:\/\/www.rooderchina.com\/#website\",\"url\":\"https:\/\/www.rooderchina.com\/\",\"name\":\"Electric Scooters Bikes Citycoco Manufacturer\",\"description\":\"Rooder Technology Limited\",\"publisher\":{\"@id\":\"https:\/\/www.rooderchina.com\/#organization\"},\"potentialAction\":[{\"@type\":\"SearchAction\",\"target\":{\"@type\":\"EntryPoint\",\"urlTemplate\":\"https:\/\/www.rooderchina.com\/?s={search_term_string}\"},\"query-input\":\"required name=search_term_string\"}],\"inLanguage\":\"tr\"},{\"@type\":\"Organization\",\"@id\":\"https:\/\/www.rooderchina.com\/#organization\",\"name\":\"Electric Scooters Bikes Citycoco Manufacturer\",\"url\":\"https:\/\/www.rooderchina.com\/\",\"logo\":{\"@type\":\"ImageObject\",\"inLanguage\":\"tr\",\"@id\":\"https:\/\/www.rooderchina.com\/#\/schema\/logo\/image\/\",\"url\":\"https:\/\/www.rooderchina.com\/wp-content\/uploads\/2023\/12\/rooder2.jpg\",\"contentUrl\":\"https:\/\/www.rooderchina.com\/wp-content\/uploads\/2023\/12\/rooder2.jpg\",\"width\":1723,\"height\":1037,\"caption\":\"Electric Scooters Bikes Citycoco Manufacturer\"},\"image\":{\"@id\":\"https:\/\/www.rooderchina.com\/#\/schema\/logo\/image\/\"},\"sameAs\":[\"https:\/\/www.facebook.com\/rooder.tec\",\"https:\/\/twitter.com\/RooderTec\"]}]}<\/script>\n<!-- \/ Yoast SEO plugin. -->","yoast_head_json":{"title":"Electric Cycle Rooder r809-s3 26 Inch for sale - Electric Scooters Bikes Citycoco Manufacturer","description":"Rooder electric cycle r809-s3, it\u2019s the new model of 2022, folding design, default color is yellow, and normolly it\u2019s in stock of EU and US warehouse,black","robots":{"index":"index","follow":"follow","max-snippet":"max-snippet:-1","max-image-preview":"max-image-preview:large","max-video-preview":"max-video-preview:-1"},"canonical":"https:\/\/www.rooderchina.com\/tr\/urun\/electric-cycle-rooder-r809-s3-26-inch-for-sale\/","og_locale":"tr_TR","og_type":"article","og_title":"Electric Cycle Rooder r809-s3 26 Inch for sale - Electric Scooters Bikes Citycoco Manufacturer","og_description":"Rooder electric cycle r809-s3, it\u2019s the new model of 2022, folding design, default color is yellow, and normolly it\u2019s in stock of EU and US warehouse,black","og_url":"https:\/\/www.rooderchina.com\/tr\/urun\/electric-cycle-rooder-r809-s3-26-inch-for-sale\/","og_site_name":"Electric Scooters Bikes Citycoco Manufacturer","article_publisher":"https:\/\/www.facebook.com\/rooder.tec","og_image":[{"width":1024,"height":1024,"url":"https:\/\/www.rooderchina.com\/wp-content\/uploads\/2023\/12\/Electric-Cycle-Rooder-r809-s3-26-Inch-for-sale-5.jpg","type":"image\/jpeg"}],"twitter_card":"summary_large_image","twitter_site":"@RooderTec","twitter_misc":{"Tahmini okuma s\u00fcresi":"1 dakika"},"schema":{"@context":"https:\/\/schema.org","@graph":[{"@type":"WebPage","@id":"https:\/\/www.rooderchina.com\/product\/electric-cycle-rooder-r809-s3-26-inch-for-sale\/","url":"https:\/\/www.rooderchina.com\/product\/electric-cycle-rooder-r809-s3-26-inch-for-sale\/","name":"Electric Cycle Rooder r809-s3 26 Inch for sale - Electric Scooters Bikes Citycoco Manufacturer","isPartOf":{"@id":"https:\/\/www.rooderchina.com\/#website"},"datePublished":"2023-12-24T10:01:32+00:00","dateModified":"2023-12-24T10:01:32+00:00","description":"Rooder electric cycle r809-s3, it\u2019s the new model of 2022, folding design, default color is yellow, and normolly it\u2019s in stock of EU and US warehouse,black","breadcrumb":{"@id":"https:\/\/www.rooderchina.com\/product\/electric-cycle-rooder-r809-s3-26-inch-for-sale\/#breadcrumb"},"inLanguage":"tr","potentialAction":[{"@type":"ReadAction","target":["https:\/\/www.rooderchina.com\/product\/electric-cycle-rooder-r809-s3-26-inch-for-sale\/"]}]},{"@type":"BreadcrumbList","@id":"https:\/\/www.rooderchina.com\/product\/electric-cycle-rooder-r809-s3-26-inch-for-sale\/#breadcrumb","itemListElement":[{"@type":"ListItem","position":1,"name":"HOME","item":"https:\/\/www.rooderchina.com\/"},{"@type":"ListItem","position":2,"name":"Shop","item":"https:\/\/www.rooderchina.com\/shop\/"},{"@type":"ListItem","position":3,"name":"Electric Cycle Rooder r809-s3 26 Inch for sale"}]},{"@type":"WebSite","@id":"https:\/\/www.rooderchina.com\/#website","url":"https:\/\/www.rooderchina.com\/","name":"Electric Scooters Bikes Citycoco Manufacturer","description":"Rooder Technology Limited","publisher":{"@id":"https:\/\/www.rooderchina.com\/#organization"},"potentialAction":[{"@type":"SearchAction","target":{"@type":"EntryPoint","urlTemplate":"https:\/\/www.rooderchina.com\/?s={search_term_string}"},"query-input":"required name=search_term_string"}],"inLanguage":"tr"},{"@type":"Organization","@id":"https:\/\/www.rooderchina.com\/#organization","name":"Electric Scooters Bikes Citycoco Manufacturer","url":"https:\/\/www.rooderchina.com\/","logo":{"@type":"ImageObject","inLanguage":"tr","@id":"https:\/\/www.rooderchina.com\/#\/schema\/logo\/image\/","url":"https:\/\/www.rooderchina.com\/wp-content\/uploads\/2023\/12\/rooder2.jpg","contentUrl":"https:\/\/www.rooderchina.com\/wp-content\/uploads\/2023\/12\/rooder2.jpg","width":1723,"height":1037,"caption":"Electric Scooters Bikes Citycoco Manufacturer"},"image":{"@id":"https:\/\/www.rooderchina.com\/#\/schema\/logo\/image\/"},"sameAs":["https:\/\/www.facebook.com\/rooder.tec","https:\/\/twitter.com\/RooderTec"]}]}},"_links":{"self":[{"href":"https:\/\/www.rooderchina.com\/tr\/wp-json\/wp\/v2\/product\/24732","targetHints":{"allow":["GET"]}}],"collection":[{"href":"https:\/\/www.rooderchina.com\/tr\/wp-json\/wp\/v2\/product"}],"about":[{"href":"https:\/\/www.rooderchina.com\/tr\/wp-json\/wp\/v2\/types\/product"}],"replies":[{"embeddable":true,"href":"https:\/\/www.rooderchina.com\/tr\/wp-json\/wp\/v2\/comments?post=24732"}],"version-history":[{"count":1,"href":"https:\/\/www.rooderchina.com\/tr\/wp-json\/wp\/v2\/product\/24732\/revisions"}],"predecessor-version":[{"id":24742,"href":"https:\/\/www.rooderchina.com\/tr\/wp-json\/wp\/v2\/product\/24732\/revisions\/24742"}],"wp:featuredmedia":[{"embeddable":true,"href":"https:\/\/www.rooderchina.com\/tr\/wp-json\/wp\/v2\/media\/24737"}],"wp:attachment":[{"href":"https:\/\/www.rooderchina.com\/tr\/wp-json\/wp\/v2\/media?parent=24732"}],"wp:term":[{"taxonomy":"product_brand","embeddable":true,"href":"https:\/\/www.rooderchina.com\/tr\/wp-json\/wp\/v2\/product_brand?post=24732"},{"taxonomy":"product_cat","embeddable":true,"href":"https:\/\/www.rooderchina.com\/tr\/wp-json\/wp\/v2\/product_cat?post=24732"},{"taxonomy":"product_tag","embeddable":true,"href":"https:\/\/www.rooderchina.com\/tr\/wp-json\/wp\/v2\/product_tag?post=24732"}],"curies":[{"name":"wp","href":"https:\/\/api.w.org\/{rel}","templated":true}]}}