{"id":24722,"date":"2023-12-24T17:57:40","date_gmt":"2023-12-24T09:57:40","guid":{"rendered":"https:\/\/www.rooderchina.com\/?post_type=product&#038;p=24722"},"modified":"2023-12-24T17:57:40","modified_gmt":"2023-12-24T09:57:40","slug":"ebike-r809-s6-26inch-750w-for-sale","status":"publish","type":"product","link":"https:\/\/www.rooderchina.com\/tr\/urun\/ebike-r809-s6-26inch-750w-for-sale\/","title":{"rendered":"Sat\u0131l\u0131k Ebike r809-s6 26 in\u00e7 750w"},"content":{"rendered":"<h4>Sat\u0131l\u0131k Ebike r809-s6 26 in\u00e7 750w<\/h4>\n<p>Marka Ad\u0131\uff1aRooder<br \/>\nModel Numaras\u0131\uff1ar809-s6<br \/>\n\u00c7er\u00e7eve Malzemesi \uff1a Al\u00fcminyum Ala\u015f\u0131m<br \/>\nRenk:siyah \/ g\u00fcm\u00fc\u015f-gri<br \/>\nPil \uff1a 15AH<br \/>\nAk\u00fc Voltaj\u0131\uff1a48V\uff0854V\uff09<br \/>\n\u015earj cihaz\u0131 voltaj\u0131\uff1a100-240V 2A<br \/>\nAvrupa standard\u0131 yuvarlak fi\u015f<br \/>\nMotor Watt De\u011feri\uff1a750 W<br \/>\nDi\u015fliler\uff1aBe\u015f di\u015fli<br \/>\nLastik\uff1aCST 26*4.0<br \/>\nFren \uff1a Ya\u011f freni<br \/>\nE\u011filebilirlik\uff1a 30\u00b0<br \/>\nMaksimum h\u0131z\uff1a45 km\/saat<br \/>\nSaf elektrik kilometresi\uff1a40-60KM<br \/>\nyard\u0131m kilometresi\uff1a70-110KM<\/p>","protected":false},"excerpt":{"rendered":"<p>Rooder r809-s6 elektrikli bisiklet, al\u00fcminyum ala\u015f\u0131ml\u0131 \u00e7er\u00e7eve, net a\u011f\u0131rl\u0131k 30kgs ve sadece batarya ile br\u00fct a\u011f\u0131rl\u0131k 37kgs ile gelecek.<\/p>\n<p>the battery mounted on the bike is removable, you can take it out to charge it, it\u2019s 48v 15ah lithium battery with 40-60km range per charge.<\/p>\n<p>G\u00fc\u00e7l\u00fc motor 750w, 45km \/ s maksimum h\u0131za ula\u015fabilir, ancak yerel yasalar\u0131n\u0131za ba\u011fl\u0131 olarak maksimum 25km \/ s olarak da s\u0131n\u0131rlayabilirsiniz.<\/p>\n<p>\u015fi\u015fman lastikler CST veya Chaoyang marka olacak.<\/p>","protected":false},"featured_media":24729,"comment_status":"open","ping_status":"closed","template":"","meta":[],"product_brand":[],"product_cat":[574],"product_tag":[850,1215,1216],"class_list":{"0":"post-24722","1":"product","2":"type-product","3":"status-publish","4":"has-post-thumbnail","6":"product_cat-electric-bicycles","7":"product_tag-ebike","8":"product_tag-r809-s6","9":"product_tag-rooder-r809-s6","11":"first","12":"instock","13":"shipping-taxable","14":"product-type-simple"},"yoast_head":"<!-- This site is optimized with the Yoast SEO plugin v21.7 - https:\/\/yoast.com\/wordpress\/plugins\/seo\/ -->\n<title>Ebike r809-s6 26inch 750w for sale - Rooder China Supplier<\/title>\n<meta name=\"description\" content=\"Rooder r809-s6 electric bike, it will come with aluminum alloy frame, net weight 30kgs and gross weight with battery 37kgs only.the battery mounted on the\" \/>\n<meta name=\"robots\" content=\"index, follow, max-snippet:-1, max-image-preview:large, max-video-preview:-1\" \/>\n<link rel=\"canonical\" href=\"https:\/\/www.rooderchina.com\/tr\/urun\/ebike-r809-s6-26inch-750w-for-sale\/\" \/>\n<meta property=\"og:locale\" content=\"tr_TR\" \/>\n<meta property=\"og:type\" content=\"article\" \/>\n<meta property=\"og:title\" content=\"Ebike r809-s6 26inch 750w for sale - Rooder China Supplier\" \/>\n<meta property=\"og:description\" content=\"Rooder r809-s6 electric bike, it will come with aluminum alloy frame, net weight 30kgs and gross weight with battery 37kgs only.the battery mounted on the\" \/>\n<meta property=\"og:url\" content=\"https:\/\/www.rooderchina.com\/tr\/urun\/ebike-r809-s6-26inch-750w-for-sale\/\" \/>\n<meta property=\"og:site_name\" content=\"Electric Scooters Bikes Citycoco Manufacturer\" \/>\n<meta property=\"article:publisher\" content=\"https:\/\/www.facebook.com\/rooder.tec\" \/>\n<meta property=\"og:image\" content=\"https:\/\/www.rooderchina.com\/wp-content\/uploads\/2023\/12\/Ebike-r809-s6-26inch-750w-for-sale-7.jpg\" \/>\n\t<meta property=\"og:image:width\" content=\"1024\" \/>\n\t<meta property=\"og:image:height\" content=\"1024\" \/>\n\t<meta property=\"og:image:type\" content=\"image\/jpeg\" \/>\n<meta name=\"twitter:card\" content=\"summary_large_image\" \/>\n<meta name=\"twitter:site\" content=\"@RooderTec\" \/>\n<meta name=\"twitter:label1\" content=\"Tahmini okuma s\u00fcresi\" \/>\n\t<meta name=\"twitter:data1\" content=\"1 dakika\" \/>\n<script type=\"application\/ld+json\" class=\"yoast-schema-graph\">{\"@context\":\"https:\/\/schema.org\",\"@graph\":[{\"@type\":\"WebPage\",\"@id\":\"https:\/\/www.rooderchina.com\/product\/ebike-r809-s6-26inch-750w-for-sale\/\",\"url\":\"https:\/\/www.rooderchina.com\/product\/ebike-r809-s6-26inch-750w-for-sale\/\",\"name\":\"Ebike r809-s6 26inch 750w for sale - Rooder China Supplier\",\"isPartOf\":{\"@id\":\"https:\/\/www.rooderchina.com\/#website\"},\"datePublished\":\"2023-12-24T09:57:40+00:00\",\"dateModified\":\"2023-12-24T09:57:40+00:00\",\"description\":\"Rooder r809-s6 electric bike, it will come with aluminum alloy frame, net weight 30kgs and gross weight with battery 37kgs only.the battery mounted on the\",\"breadcrumb\":{\"@id\":\"https:\/\/www.rooderchina.com\/product\/ebike-r809-s6-26inch-750w-for-sale\/#breadcrumb\"},\"inLanguage\":\"tr\",\"potentialAction\":[{\"@type\":\"ReadAction\",\"target\":[\"https:\/\/www.rooderchina.com\/product\/ebike-r809-s6-26inch-750w-for-sale\/\"]}]},{\"@type\":\"BreadcrumbList\",\"@id\":\"https:\/\/www.rooderchina.com\/product\/ebike-r809-s6-26inch-750w-for-sale\/#breadcrumb\",\"itemListElement\":[{\"@type\":\"ListItem\",\"position\":1,\"name\":\"HOME\",\"item\":\"https:\/\/www.rooderchina.com\/\"},{\"@type\":\"ListItem\",\"position\":2,\"name\":\"Shop\",\"item\":\"https:\/\/www.rooderchina.com\/shop\/\"},{\"@type\":\"ListItem\",\"position\":3,\"name\":\"Ebike r809-s6 26inch 750w for sale\"}]},{\"@type\":\"WebSite\",\"@id\":\"https:\/\/www.rooderchina.com\/#website\",\"url\":\"https:\/\/www.rooderchina.com\/\",\"name\":\"Electric Scooters Bikes Citycoco Manufacturer\",\"description\":\"Rooder Technology Limited\",\"publisher\":{\"@id\":\"https:\/\/www.rooderchina.com\/#organization\"},\"potentialAction\":[{\"@type\":\"SearchAction\",\"target\":{\"@type\":\"EntryPoint\",\"urlTemplate\":\"https:\/\/www.rooderchina.com\/?s={search_term_string}\"},\"query-input\":\"required name=search_term_string\"}],\"inLanguage\":\"tr\"},{\"@type\":\"Organization\",\"@id\":\"https:\/\/www.rooderchina.com\/#organization\",\"name\":\"Electric Scooters Bikes Citycoco Manufacturer\",\"url\":\"https:\/\/www.rooderchina.com\/\",\"logo\":{\"@type\":\"ImageObject\",\"inLanguage\":\"tr\",\"@id\":\"https:\/\/www.rooderchina.com\/#\/schema\/logo\/image\/\",\"url\":\"https:\/\/www.rooderchina.com\/wp-content\/uploads\/2023\/12\/rooder2.jpg\",\"contentUrl\":\"https:\/\/www.rooderchina.com\/wp-content\/uploads\/2023\/12\/rooder2.jpg\",\"width\":1723,\"height\":1037,\"caption\":\"Electric Scooters Bikes Citycoco Manufacturer\"},\"image\":{\"@id\":\"https:\/\/www.rooderchina.com\/#\/schema\/logo\/image\/\"},\"sameAs\":[\"https:\/\/www.facebook.com\/rooder.tec\",\"https:\/\/twitter.com\/RooderTec\"]}]}<\/script>\n<!-- \/ Yoast SEO plugin. -->","yoast_head_json":{"title":"Ebike r809-s6 26inch 750w for sale - Rooder China Supplier","description":"Rooder r809-s6 electric bike, it will come with aluminum alloy frame, net weight 30kgs and gross weight with battery 37kgs only.the battery mounted on the","robots":{"index":"index","follow":"follow","max-snippet":"max-snippet:-1","max-image-preview":"max-image-preview:large","max-video-preview":"max-video-preview:-1"},"canonical":"https:\/\/www.rooderchina.com\/tr\/urun\/ebike-r809-s6-26inch-750w-for-sale\/","og_locale":"tr_TR","og_type":"article","og_title":"Ebike r809-s6 26inch 750w for sale - Rooder China Supplier","og_description":"Rooder r809-s6 electric bike, it will come with aluminum alloy frame, net weight 30kgs and gross weight with battery 37kgs only.the battery mounted on the","og_url":"https:\/\/www.rooderchina.com\/tr\/urun\/ebike-r809-s6-26inch-750w-for-sale\/","og_site_name":"Electric Scooters Bikes Citycoco Manufacturer","article_publisher":"https:\/\/www.facebook.com\/rooder.tec","og_image":[{"width":1024,"height":1024,"url":"https:\/\/www.rooderchina.com\/wp-content\/uploads\/2023\/12\/Ebike-r809-s6-26inch-750w-for-sale-7.jpg","type":"image\/jpeg"}],"twitter_card":"summary_large_image","twitter_site":"@RooderTec","twitter_misc":{"Tahmini okuma s\u00fcresi":"1 dakika"},"schema":{"@context":"https:\/\/schema.org","@graph":[{"@type":"WebPage","@id":"https:\/\/www.rooderchina.com\/product\/ebike-r809-s6-26inch-750w-for-sale\/","url":"https:\/\/www.rooderchina.com\/product\/ebike-r809-s6-26inch-750w-for-sale\/","name":"Ebike r809-s6 26inch 750w for sale - Rooder China Supplier","isPartOf":{"@id":"https:\/\/www.rooderchina.com\/#website"},"datePublished":"2023-12-24T09:57:40+00:00","dateModified":"2023-12-24T09:57:40+00:00","description":"Rooder r809-s6 electric bike, it will come with aluminum alloy frame, net weight 30kgs and gross weight with battery 37kgs only.the battery mounted on the","breadcrumb":{"@id":"https:\/\/www.rooderchina.com\/product\/ebike-r809-s6-26inch-750w-for-sale\/#breadcrumb"},"inLanguage":"tr","potentialAction":[{"@type":"ReadAction","target":["https:\/\/www.rooderchina.com\/product\/ebike-r809-s6-26inch-750w-for-sale\/"]}]},{"@type":"BreadcrumbList","@id":"https:\/\/www.rooderchina.com\/product\/ebike-r809-s6-26inch-750w-for-sale\/#breadcrumb","itemListElement":[{"@type":"ListItem","position":1,"name":"HOME","item":"https:\/\/www.rooderchina.com\/"},{"@type":"ListItem","position":2,"name":"Shop","item":"https:\/\/www.rooderchina.com\/shop\/"},{"@type":"ListItem","position":3,"name":"Ebike r809-s6 26inch 750w for sale"}]},{"@type":"WebSite","@id":"https:\/\/www.rooderchina.com\/#website","url":"https:\/\/www.rooderchina.com\/","name":"Electric Scooters Bikes Citycoco Manufacturer","description":"Rooder Technology Limited","publisher":{"@id":"https:\/\/www.rooderchina.com\/#organization"},"potentialAction":[{"@type":"SearchAction","target":{"@type":"EntryPoint","urlTemplate":"https:\/\/www.rooderchina.com\/?s={search_term_string}"},"query-input":"required name=search_term_string"}],"inLanguage":"tr"},{"@type":"Organization","@id":"https:\/\/www.rooderchina.com\/#organization","name":"Electric Scooters Bikes Citycoco Manufacturer","url":"https:\/\/www.rooderchina.com\/","logo":{"@type":"ImageObject","inLanguage":"tr","@id":"https:\/\/www.rooderchina.com\/#\/schema\/logo\/image\/","url":"https:\/\/www.rooderchina.com\/wp-content\/uploads\/2023\/12\/rooder2.jpg","contentUrl":"https:\/\/www.rooderchina.com\/wp-content\/uploads\/2023\/12\/rooder2.jpg","width":1723,"height":1037,"caption":"Electric Scooters Bikes Citycoco Manufacturer"},"image":{"@id":"https:\/\/www.rooderchina.com\/#\/schema\/logo\/image\/"},"sameAs":["https:\/\/www.facebook.com\/rooder.tec","https:\/\/twitter.com\/RooderTec"]}]}},"_links":{"self":[{"href":"https:\/\/www.rooderchina.com\/tr\/wp-json\/wp\/v2\/product\/24722","targetHints":{"allow":["GET"]}}],"collection":[{"href":"https:\/\/www.rooderchina.com\/tr\/wp-json\/wp\/v2\/product"}],"about":[{"href":"https:\/\/www.rooderchina.com\/tr\/wp-json\/wp\/v2\/types\/product"}],"replies":[{"embeddable":true,"href":"https:\/\/www.rooderchina.com\/tr\/wp-json\/wp\/v2\/comments?post=24722"}],"version-history":[{"count":1,"href":"https:\/\/www.rooderchina.com\/tr\/wp-json\/wp\/v2\/product\/24722\/revisions"}],"predecessor-version":[{"id":24731,"href":"https:\/\/www.rooderchina.com\/tr\/wp-json\/wp\/v2\/product\/24722\/revisions\/24731"}],"wp:featuredmedia":[{"embeddable":true,"href":"https:\/\/www.rooderchina.com\/tr\/wp-json\/wp\/v2\/media\/24729"}],"wp:attachment":[{"href":"https:\/\/www.rooderchina.com\/tr\/wp-json\/wp\/v2\/media?parent=24722"}],"wp:term":[{"taxonomy":"product_brand","embeddable":true,"href":"https:\/\/www.rooderchina.com\/tr\/wp-json\/wp\/v2\/product_brand?post=24722"},{"taxonomy":"product_cat","embeddable":true,"href":"https:\/\/www.rooderchina.com\/tr\/wp-json\/wp\/v2\/product_cat?post=24722"},{"taxonomy":"product_tag","embeddable":true,"href":"https:\/\/www.rooderchina.com\/tr\/wp-json\/wp\/v2\/product_tag?post=24722"}],"curies":[{"name":"wp","href":"https:\/\/api.w.org\/{rel}","templated":true}]}}