{"id":24711,"date":"2023-12-24T17:53:28","date_gmt":"2023-12-24T09:53:28","guid":{"rendered":"https:\/\/www.rooderchina.com\/?post_type=product&#038;p=24711"},"modified":"2023-12-24T17:53:28","modified_gmt":"2023-12-24T09:53:28","slug":"dual-motor-electric-cycle-r809-s5-for-sale","status":"publish","type":"product","link":"https:\/\/www.rooderchina.com\/tr\/urun\/dual-motor-electric-cycle-r809-s5-for-sale\/","title":{"rendered":"Sat\u0131l\u0131k \u00c7ift Motorlu Elektrikli Bisiklet r809-s5"},"content":{"rendered":"<h4>Sat\u0131l\u0131k \u00c7ift Motorlu Elektrikli Bisiklet r809-s5<\/h4>\n<p>Marka Ad\u0131\uff1aRooder<br \/>\nModel Numaras\u0131\uff1ar809-s5<br \/>\n\u00c7er\u00e7eve Malzemesi \uff1a Al\u00fcminyum Ala\u015f\u0131m<br \/>\nRenk:siyah<br \/>\nPil \uff1a 15AH<br \/>\nAk\u00fc Voltaj\u0131\uff1a48V\uff0854V\uff09<br \/>\n\u015earj cihaz\u0131 voltaj\u0131\uff1a100-240V 2A<br \/>\nAvrupa standard\u0131 yuvarlak fi\u015f<br \/>\nMotor G\u00fcc\u00fc\uff1a750 W, opsiyonel: 750W*2<br \/>\nDi\u015fliler\uff1aBe\u015f di\u015fli<br \/>\nLastik\uff1aCST 20*4.0<br \/>\nFren\uff1a disk fren<br \/>\nE\u011filebilirlik\uff1a 30\u00b0<br \/>\nMaksimum h\u0131z\uff1a45 km\/saat<br \/>\nSaf elektrik kilometresi\uff1a40-60KM<br \/>\nyard\u0131m kilometresi\uff1a70-110KM<\/p>","protected":false},"excerpt":{"rendered":"<p>Rooder elektrikli bisiklet r809-s5, 2022'nin en yeni modeli, 45km \/ s maksimum h\u0131z\u0131 destekleyen 750w motorla gelecek<\/p>\n<p>veya 25km \/ s s\u0131n\u0131rl\u0131 h\u0131z, 1 dakika i\u00e7inde farkl\u0131 h\u0131zlar\u0131 de\u011fi\u015ftirebilirsiniz. ayr\u0131ca \u00e7ift motoru destekler, bir \u00f6n ve bir arka.<\/p>\n<p>al\u00fcminyum ala\u015f\u0131m\u0131 y\u00fcksek kaliteli ve daha g\u00fc\u00e7l\u00fcd\u00fcr ve \u00e7\u0131kar\u0131labilir batarya ile bile sadece 31 kg net a\u011f\u0131rl\u0131ktad\u0131r, br\u00fct a\u011f\u0131rl\u0131k sadece 36 kg'd\u0131r.<\/p>","protected":false},"featured_media":24719,"comment_status":"open","ping_status":"closed","template":"","meta":[],"product_brand":[],"product_cat":[574],"product_tag":[1200,1214],"class_list":{"0":"post-24711","1":"product","2":"type-product","3":"status-publish","4":"has-post-thumbnail","6":"product_cat-electric-bicycles","7":"product_tag-electric-cycle","8":"product_tag-r809-s5","10":"first","11":"instock","12":"shipping-taxable","13":"product-type-simple"},"yoast_head":"<!-- This site is optimized with the Yoast SEO plugin v21.7 - https:\/\/yoast.com\/wordpress\/plugins\/seo\/ -->\n<title>Dual Motor Electric Cycle r809-s5 for sale - Rooder Manufacturer<\/title>\n<meta name=\"description\" content=\"Rooder electric cycle r809-s5, it\u2019s the newest model of 2022, it will come with 750w engine which supports 45km\/hmax speedor 25km\/h limited speed, you can\" \/>\n<meta name=\"robots\" content=\"index, follow, max-snippet:-1, max-image-preview:large, max-video-preview:-1\" \/>\n<link rel=\"canonical\" href=\"https:\/\/www.rooderchina.com\/tr\/urun\/dual-motor-electric-cycle-r809-s5-for-sale\/\" \/>\n<meta property=\"og:locale\" content=\"tr_TR\" \/>\n<meta property=\"og:type\" content=\"article\" \/>\n<meta property=\"og:title\" content=\"Dual Motor Electric Cycle r809-s5 for sale - Rooder Manufacturer\" \/>\n<meta property=\"og:description\" content=\"Rooder electric cycle r809-s5, it\u2019s the newest model of 2022, it will come with 750w engine which supports 45km\/hmax speedor 25km\/h limited speed, you can\" \/>\n<meta property=\"og:url\" content=\"https:\/\/www.rooderchina.com\/tr\/urun\/dual-motor-electric-cycle-r809-s5-for-sale\/\" \/>\n<meta property=\"og:site_name\" content=\"Electric Scooters Bikes Citycoco Manufacturer\" \/>\n<meta property=\"article:publisher\" content=\"https:\/\/www.facebook.com\/rooder.tec\" \/>\n<meta property=\"og:image\" content=\"https:\/\/www.rooderchina.com\/wp-content\/uploads\/2023\/12\/Dual-Motor-Electric-Cycle-r809-s5-for-sale-8.jpg\" \/>\n\t<meta property=\"og:image:width\" content=\"1024\" \/>\n\t<meta property=\"og:image:height\" content=\"1024\" \/>\n\t<meta property=\"og:image:type\" content=\"image\/jpeg\" \/>\n<meta name=\"twitter:card\" content=\"summary_large_image\" \/>\n<meta name=\"twitter:site\" content=\"@RooderTec\" \/>\n<meta name=\"twitter:label1\" content=\"Tahmini okuma s\u00fcresi\" \/>\n\t<meta name=\"twitter:data1\" content=\"1 dakika\" \/>\n<script type=\"application\/ld+json\" class=\"yoast-schema-graph\">{\"@context\":\"https:\/\/schema.org\",\"@graph\":[{\"@type\":\"WebPage\",\"@id\":\"https:\/\/www.rooderchina.com\/product\/dual-motor-electric-cycle-r809-s5-for-sale\/\",\"url\":\"https:\/\/www.rooderchina.com\/product\/dual-motor-electric-cycle-r809-s5-for-sale\/\",\"name\":\"Dual Motor Electric Cycle r809-s5 for sale - Rooder Manufacturer\",\"isPartOf\":{\"@id\":\"https:\/\/www.rooderchina.com\/#website\"},\"datePublished\":\"2023-12-24T09:53:28+00:00\",\"dateModified\":\"2023-12-24T09:53:28+00:00\",\"description\":\"Rooder electric cycle r809-s5, it\u2019s the newest model of 2022, it will come with 750w engine which supports 45km\/hmax speedor 25km\/h limited speed, you can\",\"breadcrumb\":{\"@id\":\"https:\/\/www.rooderchina.com\/product\/dual-motor-electric-cycle-r809-s5-for-sale\/#breadcrumb\"},\"inLanguage\":\"tr\",\"potentialAction\":[{\"@type\":\"ReadAction\",\"target\":[\"https:\/\/www.rooderchina.com\/product\/dual-motor-electric-cycle-r809-s5-for-sale\/\"]}]},{\"@type\":\"BreadcrumbList\",\"@id\":\"https:\/\/www.rooderchina.com\/product\/dual-motor-electric-cycle-r809-s5-for-sale\/#breadcrumb\",\"itemListElement\":[{\"@type\":\"ListItem\",\"position\":1,\"name\":\"HOME\",\"item\":\"https:\/\/www.rooderchina.com\/\"},{\"@type\":\"ListItem\",\"position\":2,\"name\":\"Shop\",\"item\":\"https:\/\/www.rooderchina.com\/shop\/\"},{\"@type\":\"ListItem\",\"position\":3,\"name\":\"Dual Motor Electric Cycle r809-s5 for sale\"}]},{\"@type\":\"WebSite\",\"@id\":\"https:\/\/www.rooderchina.com\/#website\",\"url\":\"https:\/\/www.rooderchina.com\/\",\"name\":\"Electric Scooters Bikes Citycoco Manufacturer\",\"description\":\"Rooder Technology Limited\",\"publisher\":{\"@id\":\"https:\/\/www.rooderchina.com\/#organization\"},\"potentialAction\":[{\"@type\":\"SearchAction\",\"target\":{\"@type\":\"EntryPoint\",\"urlTemplate\":\"https:\/\/www.rooderchina.com\/?s={search_term_string}\"},\"query-input\":\"required name=search_term_string\"}],\"inLanguage\":\"tr\"},{\"@type\":\"Organization\",\"@id\":\"https:\/\/www.rooderchina.com\/#organization\",\"name\":\"Electric Scooters Bikes Citycoco Manufacturer\",\"url\":\"https:\/\/www.rooderchina.com\/\",\"logo\":{\"@type\":\"ImageObject\",\"inLanguage\":\"tr\",\"@id\":\"https:\/\/www.rooderchina.com\/#\/schema\/logo\/image\/\",\"url\":\"https:\/\/www.rooderchina.com\/wp-content\/uploads\/2023\/12\/rooder2.jpg\",\"contentUrl\":\"https:\/\/www.rooderchina.com\/wp-content\/uploads\/2023\/12\/rooder2.jpg\",\"width\":1723,\"height\":1037,\"caption\":\"Electric Scooters Bikes Citycoco Manufacturer\"},\"image\":{\"@id\":\"https:\/\/www.rooderchina.com\/#\/schema\/logo\/image\/\"},\"sameAs\":[\"https:\/\/www.facebook.com\/rooder.tec\",\"https:\/\/twitter.com\/RooderTec\"]}]}<\/script>\n<!-- \/ Yoast SEO plugin. -->","yoast_head_json":{"title":"Dual Motor Electric Cycle r809-s5 for sale - Rooder Manufacturer","description":"Rooder electric cycle r809-s5, it\u2019s the newest model of 2022, it will come with 750w engine which supports 45km\/hmax speedor 25km\/h limited speed, you can","robots":{"index":"index","follow":"follow","max-snippet":"max-snippet:-1","max-image-preview":"max-image-preview:large","max-video-preview":"max-video-preview:-1"},"canonical":"https:\/\/www.rooderchina.com\/tr\/urun\/dual-motor-electric-cycle-r809-s5-for-sale\/","og_locale":"tr_TR","og_type":"article","og_title":"Dual Motor Electric Cycle r809-s5 for sale - Rooder Manufacturer","og_description":"Rooder electric cycle r809-s5, it\u2019s the newest model of 2022, it will come with 750w engine which supports 45km\/hmax speedor 25km\/h limited speed, you can","og_url":"https:\/\/www.rooderchina.com\/tr\/urun\/dual-motor-electric-cycle-r809-s5-for-sale\/","og_site_name":"Electric Scooters Bikes Citycoco Manufacturer","article_publisher":"https:\/\/www.facebook.com\/rooder.tec","og_image":[{"width":1024,"height":1024,"url":"https:\/\/www.rooderchina.com\/wp-content\/uploads\/2023\/12\/Dual-Motor-Electric-Cycle-r809-s5-for-sale-8.jpg","type":"image\/jpeg"}],"twitter_card":"summary_large_image","twitter_site":"@RooderTec","twitter_misc":{"Tahmini okuma s\u00fcresi":"1 dakika"},"schema":{"@context":"https:\/\/schema.org","@graph":[{"@type":"WebPage","@id":"https:\/\/www.rooderchina.com\/product\/dual-motor-electric-cycle-r809-s5-for-sale\/","url":"https:\/\/www.rooderchina.com\/product\/dual-motor-electric-cycle-r809-s5-for-sale\/","name":"Dual Motor Electric Cycle r809-s5 for sale - Rooder Manufacturer","isPartOf":{"@id":"https:\/\/www.rooderchina.com\/#website"},"datePublished":"2023-12-24T09:53:28+00:00","dateModified":"2023-12-24T09:53:28+00:00","description":"Rooder electric cycle r809-s5, it\u2019s the newest model of 2022, it will come with 750w engine which supports 45km\/hmax speedor 25km\/h limited speed, you can","breadcrumb":{"@id":"https:\/\/www.rooderchina.com\/product\/dual-motor-electric-cycle-r809-s5-for-sale\/#breadcrumb"},"inLanguage":"tr","potentialAction":[{"@type":"ReadAction","target":["https:\/\/www.rooderchina.com\/product\/dual-motor-electric-cycle-r809-s5-for-sale\/"]}]},{"@type":"BreadcrumbList","@id":"https:\/\/www.rooderchina.com\/product\/dual-motor-electric-cycle-r809-s5-for-sale\/#breadcrumb","itemListElement":[{"@type":"ListItem","position":1,"name":"HOME","item":"https:\/\/www.rooderchina.com\/"},{"@type":"ListItem","position":2,"name":"Shop","item":"https:\/\/www.rooderchina.com\/shop\/"},{"@type":"ListItem","position":3,"name":"Dual Motor Electric Cycle r809-s5 for sale"}]},{"@type":"WebSite","@id":"https:\/\/www.rooderchina.com\/#website","url":"https:\/\/www.rooderchina.com\/","name":"Electric Scooters Bikes Citycoco Manufacturer","description":"Rooder Technology Limited","publisher":{"@id":"https:\/\/www.rooderchina.com\/#organization"},"potentialAction":[{"@type":"SearchAction","target":{"@type":"EntryPoint","urlTemplate":"https:\/\/www.rooderchina.com\/?s={search_term_string}"},"query-input":"required name=search_term_string"}],"inLanguage":"tr"},{"@type":"Organization","@id":"https:\/\/www.rooderchina.com\/#organization","name":"Electric Scooters Bikes Citycoco Manufacturer","url":"https:\/\/www.rooderchina.com\/","logo":{"@type":"ImageObject","inLanguage":"tr","@id":"https:\/\/www.rooderchina.com\/#\/schema\/logo\/image\/","url":"https:\/\/www.rooderchina.com\/wp-content\/uploads\/2023\/12\/rooder2.jpg","contentUrl":"https:\/\/www.rooderchina.com\/wp-content\/uploads\/2023\/12\/rooder2.jpg","width":1723,"height":1037,"caption":"Electric Scooters Bikes Citycoco Manufacturer"},"image":{"@id":"https:\/\/www.rooderchina.com\/#\/schema\/logo\/image\/"},"sameAs":["https:\/\/www.facebook.com\/rooder.tec","https:\/\/twitter.com\/RooderTec"]}]}},"_links":{"self":[{"href":"https:\/\/www.rooderchina.com\/tr\/wp-json\/wp\/v2\/product\/24711","targetHints":{"allow":["GET"]}}],"collection":[{"href":"https:\/\/www.rooderchina.com\/tr\/wp-json\/wp\/v2\/product"}],"about":[{"href":"https:\/\/www.rooderchina.com\/tr\/wp-json\/wp\/v2\/types\/product"}],"replies":[{"embeddable":true,"href":"https:\/\/www.rooderchina.com\/tr\/wp-json\/wp\/v2\/comments?post=24711"}],"version-history":[{"count":1,"href":"https:\/\/www.rooderchina.com\/tr\/wp-json\/wp\/v2\/product\/24711\/revisions"}],"predecessor-version":[{"id":24721,"href":"https:\/\/www.rooderchina.com\/tr\/wp-json\/wp\/v2\/product\/24711\/revisions\/24721"}],"wp:featuredmedia":[{"embeddable":true,"href":"https:\/\/www.rooderchina.com\/tr\/wp-json\/wp\/v2\/media\/24719"}],"wp:attachment":[{"href":"https:\/\/www.rooderchina.com\/tr\/wp-json\/wp\/v2\/media?parent=24711"}],"wp:term":[{"taxonomy":"product_brand","embeddable":true,"href":"https:\/\/www.rooderchina.com\/tr\/wp-json\/wp\/v2\/product_brand?post=24711"},{"taxonomy":"product_cat","embeddable":true,"href":"https:\/\/www.rooderchina.com\/tr\/wp-json\/wp\/v2\/product_cat?post=24711"},{"taxonomy":"product_tag","embeddable":true,"href":"https:\/\/www.rooderchina.com\/tr\/wp-json\/wp\/v2\/product_tag?post=24711"}],"curies":[{"name":"wp","href":"https:\/\/api.w.org\/{rel}","templated":true}]}}