{"id":24697,"date":"2023-12-24T17:47:02","date_gmt":"2023-12-24T09:47:02","guid":{"rendered":"https:\/\/www.rooderchina.com\/?post_type=product&#038;p=24697"},"modified":"2023-12-24T17:47:32","modified_gmt":"2023-12-24T09:47:32","slug":"electric-mountain-bike-r809-s2-20ah-dropshipping","status":"publish","type":"product","link":"https:\/\/www.rooderchina.com\/tr\/urun\/electric-mountain-bike-r809-s2-20ah-dropshipping\/","title":{"rendered":"elektrikli da\u011f bisikleti r809-s2 20ah dropshipping"},"content":{"rendered":"<h4 class=\"product__title\">elektrikli da\u011f bisikleti r809-s2 20ah dropshipping<\/h4>\n<p>Marka Ad\u0131\uff1aRooder<br \/>\nModel Numaras\u0131\uff1ar809-s2<br \/>\n\u00c7er\u00e7eve Malzemesi\uff1aAl\u00fcminyum Ala\u015f\u0131m<br \/>\nRenk:siyah<br \/>\nPil \uff1a 20AH<br \/>\nAk\u00fc Voltaj\u0131\uff1a48V\uff0854V\uff09<br \/>\n\u015earj cihaz\u0131 voltaj\u0131\uff1a100-240V 2A<br \/>\nAvrupa standard\u0131 yuvarlak fi\u015f<br \/>\nMotor Watt De\u011feri\uff1a750 W<br \/>\nDi\u015fliler\uff1aBe\u015f di\u015fli<br \/>\nLastik\uff1aCST 26*4.0<br \/>\nFren\uff1a disk fren<br \/>\nE\u011filebilirlik\uff1a 30\u00b0<br \/>\nMaksimum h\u0131z\uff1akilit 25km\/s veya kilit a\u00e7ma 35-45 km\/s<br \/>\nSaf elektrik kilometresi\uff1a45-70KM<br \/>\nyard\u0131m kilometresi\uff1a80-130KM<\/p>","protected":false},"excerpt":{"rendered":"<p>Rooder ebike r809-s2, 48v 20ah lityum pil, \u015farj ba\u015f\u0131na 45-70km uzun menzil ile gelecek,<\/p>\n<p>750 watt motor maksimum 45km\/s kilit a\u00e7ma h\u0131z\u0131n\u0131 destekler, ayr\u0131ca 25km\/s'de kilitleyebilirsiniz.<\/p>\n<p>Aluminum Alloy frame , net weight 30kg only, gross weight 38kgs. carton size: 161*24.5*82cm,<\/p>\n<p>20GP konteynere 82 adet, 40HQ konteynere 205 adet y\u00fckleyebilirsiniz.<\/p>","protected":false},"featured_media":24706,"comment_status":"open","ping_status":"closed","template":"","meta":[],"product_brand":[],"product_cat":[574],"product_tag":[538,1195,1196,1211,1210],"class_list":{"0":"post-24697","1":"product","2":"type-product","3":"status-publish","4":"has-post-thumbnail","6":"product_cat-electric-bicycles","7":"product_tag-electric-bike","8":"product_tag-electric-mountain-bike","9":"product_tag-mountain-bike","10":"product_tag-r809-s2","11":"product_tag-rooder-r809-s2","13":"first","14":"instock","15":"shipping-taxable","16":"product-type-simple"},"yoast_head":"<!-- This site is optimized with the Yoast SEO plugin v21.7 - https:\/\/yoast.com\/wordpress\/plugins\/seo\/ -->\n<title>electric mountain bike r809-s2 20ah dropshipping - Rooder Factory<\/title>\n<meta name=\"description\" content=\"Rooder ebike r809-s2, it will come with 48v 20ah lithium battery, 45-70km long range per charge,750 watt engine supports unlock speed 45km\/h max, you can\" \/>\n<meta name=\"robots\" content=\"index, follow, max-snippet:-1, max-image-preview:large, max-video-preview:-1\" \/>\n<link rel=\"canonical\" href=\"https:\/\/www.rooderchina.com\/tr\/urun\/electric-mountain-bike-r809-s2-20ah-dropshipping\/\" \/>\n<meta property=\"og:locale\" content=\"tr_TR\" \/>\n<meta property=\"og:type\" content=\"article\" \/>\n<meta property=\"og:title\" content=\"electric mountain bike r809-s2 20ah dropshipping - Rooder Factory\" \/>\n<meta property=\"og:description\" content=\"Rooder ebike r809-s2, it will come with 48v 20ah lithium battery, 45-70km long range per charge,750 watt engine supports unlock speed 45km\/h max, you can\" \/>\n<meta property=\"og:url\" content=\"https:\/\/www.rooderchina.com\/tr\/urun\/electric-mountain-bike-r809-s2-20ah-dropshipping\/\" \/>\n<meta property=\"og:site_name\" content=\"Electric Scooters Bikes Citycoco Manufacturer\" \/>\n<meta property=\"article:publisher\" content=\"https:\/\/www.facebook.com\/rooder.tec\" \/>\n<meta property=\"article:modified_time\" content=\"2023-12-24T09:47:32+00:00\" \/>\n<meta property=\"og:image\" content=\"https:\/\/www.rooderchina.com\/wp-content\/uploads\/2023\/12\/electric-mountain-bike-r809-s2-20ah-dropshipping-9.jpg\" \/>\n\t<meta property=\"og:image:width\" content=\"1024\" \/>\n\t<meta property=\"og:image:height\" content=\"1024\" \/>\n\t<meta property=\"og:image:type\" content=\"image\/jpeg\" \/>\n<meta name=\"twitter:card\" content=\"summary_large_image\" \/>\n<meta name=\"twitter:site\" content=\"@RooderTec\" \/>\n<meta name=\"twitter:label1\" content=\"Tahmini okuma s\u00fcresi\" \/>\n\t<meta name=\"twitter:data1\" content=\"1 dakika\" \/>\n<script type=\"application\/ld+json\" class=\"yoast-schema-graph\">{\"@context\":\"https:\/\/schema.org\",\"@graph\":[{\"@type\":\"WebPage\",\"@id\":\"https:\/\/www.rooderchina.com\/product\/electric-mountain-bike-r809-s2-20ah-dropshipping\/\",\"url\":\"https:\/\/www.rooderchina.com\/product\/electric-mountain-bike-r809-s2-20ah-dropshipping\/\",\"name\":\"electric mountain bike r809-s2 20ah dropshipping - Rooder Factory\",\"isPartOf\":{\"@id\":\"https:\/\/www.rooderchina.com\/#website\"},\"datePublished\":\"2023-12-24T09:47:02+00:00\",\"dateModified\":\"2023-12-24T09:47:32+00:00\",\"description\":\"Rooder ebike r809-s2, it will come with 48v 20ah lithium battery, 45-70km long range per charge,750 watt engine supports unlock speed 45km\/h max, you can\",\"breadcrumb\":{\"@id\":\"https:\/\/www.rooderchina.com\/product\/electric-mountain-bike-r809-s2-20ah-dropshipping\/#breadcrumb\"},\"inLanguage\":\"tr\",\"potentialAction\":[{\"@type\":\"ReadAction\",\"target\":[\"https:\/\/www.rooderchina.com\/product\/electric-mountain-bike-r809-s2-20ah-dropshipping\/\"]}]},{\"@type\":\"BreadcrumbList\",\"@id\":\"https:\/\/www.rooderchina.com\/product\/electric-mountain-bike-r809-s2-20ah-dropshipping\/#breadcrumb\",\"itemListElement\":[{\"@type\":\"ListItem\",\"position\":1,\"name\":\"HOME\",\"item\":\"https:\/\/www.rooderchina.com\/\"},{\"@type\":\"ListItem\",\"position\":2,\"name\":\"Shop\",\"item\":\"https:\/\/www.rooderchina.com\/shop\/\"},{\"@type\":\"ListItem\",\"position\":3,\"name\":\"electric mountain bike r809-s2 20ah dropshipping\"}]},{\"@type\":\"WebSite\",\"@id\":\"https:\/\/www.rooderchina.com\/#website\",\"url\":\"https:\/\/www.rooderchina.com\/\",\"name\":\"Electric Scooters Bikes Citycoco Manufacturer\",\"description\":\"Rooder Technology Limited\",\"publisher\":{\"@id\":\"https:\/\/www.rooderchina.com\/#organization\"},\"potentialAction\":[{\"@type\":\"SearchAction\",\"target\":{\"@type\":\"EntryPoint\",\"urlTemplate\":\"https:\/\/www.rooderchina.com\/?s={search_term_string}\"},\"query-input\":\"required name=search_term_string\"}],\"inLanguage\":\"tr\"},{\"@type\":\"Organization\",\"@id\":\"https:\/\/www.rooderchina.com\/#organization\",\"name\":\"Electric Scooters Bikes Citycoco Manufacturer\",\"url\":\"https:\/\/www.rooderchina.com\/\",\"logo\":{\"@type\":\"ImageObject\",\"inLanguage\":\"tr\",\"@id\":\"https:\/\/www.rooderchina.com\/#\/schema\/logo\/image\/\",\"url\":\"https:\/\/www.rooderchina.com\/wp-content\/uploads\/2023\/12\/rooder2.jpg\",\"contentUrl\":\"https:\/\/www.rooderchina.com\/wp-content\/uploads\/2023\/12\/rooder2.jpg\",\"width\":1723,\"height\":1037,\"caption\":\"Electric Scooters Bikes Citycoco Manufacturer\"},\"image\":{\"@id\":\"https:\/\/www.rooderchina.com\/#\/schema\/logo\/image\/\"},\"sameAs\":[\"https:\/\/www.facebook.com\/rooder.tec\",\"https:\/\/twitter.com\/RooderTec\"]}]}<\/script>\n<!-- \/ Yoast SEO plugin. -->","yoast_head_json":{"title":"electric mountain bike r809-s2 20ah dropshipping - Rooder Factory","description":"Rooder ebike r809-s2, it will come with 48v 20ah lithium battery, 45-70km long range per charge,750 watt engine supports unlock speed 45km\/h max, you can","robots":{"index":"index","follow":"follow","max-snippet":"max-snippet:-1","max-image-preview":"max-image-preview:large","max-video-preview":"max-video-preview:-1"},"canonical":"https:\/\/www.rooderchina.com\/tr\/urun\/electric-mountain-bike-r809-s2-20ah-dropshipping\/","og_locale":"tr_TR","og_type":"article","og_title":"electric mountain bike r809-s2 20ah dropshipping - Rooder Factory","og_description":"Rooder ebike r809-s2, it will come with 48v 20ah lithium battery, 45-70km long range per charge,750 watt engine supports unlock speed 45km\/h max, you can","og_url":"https:\/\/www.rooderchina.com\/tr\/urun\/electric-mountain-bike-r809-s2-20ah-dropshipping\/","og_site_name":"Electric Scooters Bikes Citycoco Manufacturer","article_publisher":"https:\/\/www.facebook.com\/rooder.tec","article_modified_time":"2023-12-24T09:47:32+00:00","og_image":[{"width":1024,"height":1024,"url":"https:\/\/www.rooderchina.com\/wp-content\/uploads\/2023\/12\/electric-mountain-bike-r809-s2-20ah-dropshipping-9.jpg","type":"image\/jpeg"}],"twitter_card":"summary_large_image","twitter_site":"@RooderTec","twitter_misc":{"Tahmini okuma s\u00fcresi":"1 dakika"},"schema":{"@context":"https:\/\/schema.org","@graph":[{"@type":"WebPage","@id":"https:\/\/www.rooderchina.com\/product\/electric-mountain-bike-r809-s2-20ah-dropshipping\/","url":"https:\/\/www.rooderchina.com\/product\/electric-mountain-bike-r809-s2-20ah-dropshipping\/","name":"electric mountain bike r809-s2 20ah dropshipping - Rooder Factory","isPartOf":{"@id":"https:\/\/www.rooderchina.com\/#website"},"datePublished":"2023-12-24T09:47:02+00:00","dateModified":"2023-12-24T09:47:32+00:00","description":"Rooder ebike r809-s2, it will come with 48v 20ah lithium battery, 45-70km long range per charge,750 watt engine supports unlock speed 45km\/h max, you can","breadcrumb":{"@id":"https:\/\/www.rooderchina.com\/product\/electric-mountain-bike-r809-s2-20ah-dropshipping\/#breadcrumb"},"inLanguage":"tr","potentialAction":[{"@type":"ReadAction","target":["https:\/\/www.rooderchina.com\/product\/electric-mountain-bike-r809-s2-20ah-dropshipping\/"]}]},{"@type":"BreadcrumbList","@id":"https:\/\/www.rooderchina.com\/product\/electric-mountain-bike-r809-s2-20ah-dropshipping\/#breadcrumb","itemListElement":[{"@type":"ListItem","position":1,"name":"HOME","item":"https:\/\/www.rooderchina.com\/"},{"@type":"ListItem","position":2,"name":"Shop","item":"https:\/\/www.rooderchina.com\/shop\/"},{"@type":"ListItem","position":3,"name":"electric mountain bike r809-s2 20ah dropshipping"}]},{"@type":"WebSite","@id":"https:\/\/www.rooderchina.com\/#website","url":"https:\/\/www.rooderchina.com\/","name":"Electric Scooters Bikes Citycoco Manufacturer","description":"Rooder Technology Limited","publisher":{"@id":"https:\/\/www.rooderchina.com\/#organization"},"potentialAction":[{"@type":"SearchAction","target":{"@type":"EntryPoint","urlTemplate":"https:\/\/www.rooderchina.com\/?s={search_term_string}"},"query-input":"required name=search_term_string"}],"inLanguage":"tr"},{"@type":"Organization","@id":"https:\/\/www.rooderchina.com\/#organization","name":"Electric Scooters Bikes Citycoco Manufacturer","url":"https:\/\/www.rooderchina.com\/","logo":{"@type":"ImageObject","inLanguage":"tr","@id":"https:\/\/www.rooderchina.com\/#\/schema\/logo\/image\/","url":"https:\/\/www.rooderchina.com\/wp-content\/uploads\/2023\/12\/rooder2.jpg","contentUrl":"https:\/\/www.rooderchina.com\/wp-content\/uploads\/2023\/12\/rooder2.jpg","width":1723,"height":1037,"caption":"Electric Scooters Bikes Citycoco Manufacturer"},"image":{"@id":"https:\/\/www.rooderchina.com\/#\/schema\/logo\/image\/"},"sameAs":["https:\/\/www.facebook.com\/rooder.tec","https:\/\/twitter.com\/RooderTec"]}]}},"_links":{"self":[{"href":"https:\/\/www.rooderchina.com\/tr\/wp-json\/wp\/v2\/product\/24697","targetHints":{"allow":["GET"]}}],"collection":[{"href":"https:\/\/www.rooderchina.com\/tr\/wp-json\/wp\/v2\/product"}],"about":[{"href":"https:\/\/www.rooderchina.com\/tr\/wp-json\/wp\/v2\/types\/product"}],"replies":[{"embeddable":true,"href":"https:\/\/www.rooderchina.com\/tr\/wp-json\/wp\/v2\/comments?post=24697"}],"version-history":[{"count":1,"href":"https:\/\/www.rooderchina.com\/tr\/wp-json\/wp\/v2\/product\/24697\/revisions"}],"predecessor-version":[{"id":24708,"href":"https:\/\/www.rooderchina.com\/tr\/wp-json\/wp\/v2\/product\/24697\/revisions\/24708"}],"wp:featuredmedia":[{"embeddable":true,"href":"https:\/\/www.rooderchina.com\/tr\/wp-json\/wp\/v2\/media\/24706"}],"wp:attachment":[{"href":"https:\/\/www.rooderchina.com\/tr\/wp-json\/wp\/v2\/media?parent=24697"}],"wp:term":[{"taxonomy":"product_brand","embeddable":true,"href":"https:\/\/www.rooderchina.com\/tr\/wp-json\/wp\/v2\/product_brand?post=24697"},{"taxonomy":"product_cat","embeddable":true,"href":"https:\/\/www.rooderchina.com\/tr\/wp-json\/wp\/v2\/product_cat?post=24697"},{"taxonomy":"product_tag","embeddable":true,"href":"https:\/\/www.rooderchina.com\/tr\/wp-json\/wp\/v2\/product_tag?post=24697"}],"curies":[{"name":"wp","href":"https:\/\/api.w.org\/{rel}","templated":true}]}}