{"id":24686,"date":"2023-12-24T17:40:28","date_gmt":"2023-12-24T09:40:28","guid":{"rendered":"https:\/\/www.rooderchina.com\/?post_type=product&#038;p=24686"},"modified":"2023-12-24T17:48:44","modified_gmt":"2023-12-24T09:48:44","slug":"rooder-moutain-bike-r809-s7-48v-15ah-wholesale","status":"publish","type":"product","link":"https:\/\/www.rooderchina.com\/tr\/urun\/rooder-moutain-bike-r809-s7-48v-15ah-wholesale\/","title":{"rendered":"Rooder Moutain Bike r809-s7 48v 15ah toptan sat\u0131\u015f"},"content":{"rendered":"<h4>Rooder Moutain Bike 48v 15ah wholesale<\/h4>\n<p>Marka Ad\u0131\uff1aRooder<br \/>\nModel Numaras\u0131\uff1ar809-s7<br \/>\n\u00c7er\u00e7eve Malzemesi \uff1a Al\u00fcminyum Ala\u015f\u0131m<br \/>\nRenk:g\u00fcm\u00fc\u015f-gri<br \/>\nPil \uff1a 15AH<br \/>\nAk\u00fc Voltaj\u0131\uff1a48V\uff0854V\uff09<br \/>\n\u015earj cihaz\u0131 voltaj\u0131\uff1a100-240V 2A<br \/>\nAvrupa standard\u0131 yuvarlak fi\u015f<br \/>\nMotor Watt De\u011feri\uff1a750 W<br \/>\nDi\u015fliler\uff1aBe\u015f di\u015fli<br \/>\nLastik\uff1aCST 26*4.0<br \/>\nFren\uff1a disk fren<br \/>\nE\u011filebilirlik\uff1a 30\u00b0<br \/>\nMaksimum h\u0131z\uff1a45 km\/saat<br \/>\nSaf elektrik kilometresi\uff1a40-60KM<br \/>\nyard\u0131m kilometresi\uff1a70-110KM<\/p>","protected":false},"excerpt":{"rendered":"<p>Rooder electric moutain bike r809-s7,\u00a0 it will come with default color silver-gray,<\/p>\n<p>750w motor with 35-45 max speed, also you can set it 25km\/h max.<\/p>\n<p>al\u00fcminyum ala\u015f\u0131ml\u0131 \u00e7er\u00e7eve, net a\u011f\u0131rl\u0131k sadece 30kgs<\/p>\n<p>48v 15ah \u00e7\u0131kar\u0131labilir ak\u00fc 40-60km menzil<\/p>","protected":false},"featured_media":24695,"comment_status":"open","ping_status":"closed","template":"","meta":[],"product_brand":[],"product_cat":[574],"product_tag":[1209,1213,1212],"class_list":{"0":"post-24686","1":"product","2":"type-product","3":"status-publish","4":"has-post-thumbnail","6":"product_cat-electric-bicycles","7":"product_tag-moutain-bike","8":"product_tag-r809-s7","9":"product_tag-rooder-r809-s7","11":"first","12":"instock","13":"shipping-taxable","14":"product-type-simple"},"yoast_head":"<!-- This site is optimized with the Yoast SEO plugin v21.7 - https:\/\/yoast.com\/wordpress\/plugins\/seo\/ -->\n<title>Rooder Moutain Bike r809-s7 48v 15ah wholesale - Rooder Factory<\/title>\n<meta name=\"description\" content=\"Rooder electric moutain bike r809-s7,\u00a0 it will come with default color silver-gray,750w motor with 35-45 max speed, also you can set it 25km\/h max.aluminun\" \/>\n<meta name=\"robots\" content=\"index, follow, max-snippet:-1, max-image-preview:large, max-video-preview:-1\" \/>\n<link rel=\"canonical\" href=\"https:\/\/www.rooderchina.com\/tr\/urun\/rooder-moutain-bike-r809-s7-48v-15ah-wholesale\/\" \/>\n<meta property=\"og:locale\" content=\"tr_TR\" \/>\n<meta property=\"og:type\" content=\"article\" \/>\n<meta property=\"og:title\" content=\"Rooder Moutain Bike r809-s7 48v 15ah wholesale - Rooder Factory\" \/>\n<meta property=\"og:description\" content=\"Rooder electric moutain bike r809-s7,\u00a0 it will come with default color silver-gray,750w motor with 35-45 max speed, also you can set it 25km\/h max.aluminun\" \/>\n<meta property=\"og:url\" content=\"https:\/\/www.rooderchina.com\/tr\/urun\/rooder-moutain-bike-r809-s7-48v-15ah-wholesale\/\" \/>\n<meta property=\"og:site_name\" content=\"Electric Scooters Bikes Citycoco Manufacturer\" \/>\n<meta property=\"article:publisher\" content=\"https:\/\/www.facebook.com\/rooder.tec\" \/>\n<meta property=\"article:modified_time\" content=\"2023-12-24T09:48:44+00:00\" \/>\n<meta property=\"og:image\" content=\"https:\/\/www.rooderchina.com\/wp-content\/uploads\/2023\/12\/Rooder-Moutain-Bike-48v-15ah-wholesale-9.jpg\" \/>\n\t<meta property=\"og:image:width\" content=\"1024\" \/>\n\t<meta property=\"og:image:height\" content=\"1024\" \/>\n\t<meta property=\"og:image:type\" content=\"image\/jpeg\" \/>\n<meta name=\"twitter:card\" content=\"summary_large_image\" \/>\n<meta name=\"twitter:site\" content=\"@RooderTec\" \/>\n<meta name=\"twitter:label1\" content=\"Tahmini okuma s\u00fcresi\" \/>\n\t<meta name=\"twitter:data1\" content=\"1 dakika\" \/>\n<script type=\"application\/ld+json\" class=\"yoast-schema-graph\">{\"@context\":\"https:\/\/schema.org\",\"@graph\":[{\"@type\":\"WebPage\",\"@id\":\"https:\/\/www.rooderchina.com\/product\/rooder-moutain-bike-r809-s7-48v-15ah-wholesale\/\",\"url\":\"https:\/\/www.rooderchina.com\/product\/rooder-moutain-bike-r809-s7-48v-15ah-wholesale\/\",\"name\":\"Rooder Moutain Bike r809-s7 48v 15ah wholesale - Rooder Factory\",\"isPartOf\":{\"@id\":\"https:\/\/www.rooderchina.com\/#website\"},\"datePublished\":\"2023-12-24T09:40:28+00:00\",\"dateModified\":\"2023-12-24T09:48:44+00:00\",\"description\":\"Rooder electric moutain bike r809-s7,\u00a0 it will come with default color silver-gray,750w motor with 35-45 max speed, also you can set it 25km\/h max.aluminun\",\"breadcrumb\":{\"@id\":\"https:\/\/www.rooderchina.com\/product\/rooder-moutain-bike-r809-s7-48v-15ah-wholesale\/#breadcrumb\"},\"inLanguage\":\"tr\",\"potentialAction\":[{\"@type\":\"ReadAction\",\"target\":[\"https:\/\/www.rooderchina.com\/product\/rooder-moutain-bike-r809-s7-48v-15ah-wholesale\/\"]}]},{\"@type\":\"BreadcrumbList\",\"@id\":\"https:\/\/www.rooderchina.com\/product\/rooder-moutain-bike-r809-s7-48v-15ah-wholesale\/#breadcrumb\",\"itemListElement\":[{\"@type\":\"ListItem\",\"position\":1,\"name\":\"HOME\",\"item\":\"https:\/\/www.rooderchina.com\/\"},{\"@type\":\"ListItem\",\"position\":2,\"name\":\"Shop\",\"item\":\"https:\/\/www.rooderchina.com\/shop\/\"},{\"@type\":\"ListItem\",\"position\":3,\"name\":\"Rooder Moutain Bike r809-s7 48v 15ah wholesale\"}]},{\"@type\":\"WebSite\",\"@id\":\"https:\/\/www.rooderchina.com\/#website\",\"url\":\"https:\/\/www.rooderchina.com\/\",\"name\":\"Electric Scooters Bikes Citycoco Manufacturer\",\"description\":\"Rooder Technology Limited\",\"publisher\":{\"@id\":\"https:\/\/www.rooderchina.com\/#organization\"},\"potentialAction\":[{\"@type\":\"SearchAction\",\"target\":{\"@type\":\"EntryPoint\",\"urlTemplate\":\"https:\/\/www.rooderchina.com\/?s={search_term_string}\"},\"query-input\":\"required name=search_term_string\"}],\"inLanguage\":\"tr\"},{\"@type\":\"Organization\",\"@id\":\"https:\/\/www.rooderchina.com\/#organization\",\"name\":\"Electric Scooters Bikes Citycoco Manufacturer\",\"url\":\"https:\/\/www.rooderchina.com\/\",\"logo\":{\"@type\":\"ImageObject\",\"inLanguage\":\"tr\",\"@id\":\"https:\/\/www.rooderchina.com\/#\/schema\/logo\/image\/\",\"url\":\"https:\/\/www.rooderchina.com\/wp-content\/uploads\/2023\/12\/rooder2.jpg\",\"contentUrl\":\"https:\/\/www.rooderchina.com\/wp-content\/uploads\/2023\/12\/rooder2.jpg\",\"width\":1723,\"height\":1037,\"caption\":\"Electric Scooters Bikes Citycoco Manufacturer\"},\"image\":{\"@id\":\"https:\/\/www.rooderchina.com\/#\/schema\/logo\/image\/\"},\"sameAs\":[\"https:\/\/www.facebook.com\/rooder.tec\",\"https:\/\/twitter.com\/RooderTec\"]}]}<\/script>\n<!-- \/ Yoast SEO plugin. -->","yoast_head_json":{"title":"Rooder Moutain Bike r809-s7 48v 15ah wholesale - Rooder Factory","description":"Rooder electric moutain bike r809-s7,\u00a0 it will come with default color silver-gray,750w motor with 35-45 max speed, also you can set it 25km\/h max.aluminun","robots":{"index":"index","follow":"follow","max-snippet":"max-snippet:-1","max-image-preview":"max-image-preview:large","max-video-preview":"max-video-preview:-1"},"canonical":"https:\/\/www.rooderchina.com\/tr\/urun\/rooder-moutain-bike-r809-s7-48v-15ah-wholesale\/","og_locale":"tr_TR","og_type":"article","og_title":"Rooder Moutain Bike r809-s7 48v 15ah wholesale - Rooder Factory","og_description":"Rooder electric moutain bike r809-s7,\u00a0 it will come with default color silver-gray,750w motor with 35-45 max speed, also you can set it 25km\/h max.aluminun","og_url":"https:\/\/www.rooderchina.com\/tr\/urun\/rooder-moutain-bike-r809-s7-48v-15ah-wholesale\/","og_site_name":"Electric Scooters Bikes Citycoco Manufacturer","article_publisher":"https:\/\/www.facebook.com\/rooder.tec","article_modified_time":"2023-12-24T09:48:44+00:00","og_image":[{"width":1024,"height":1024,"url":"https:\/\/www.rooderchina.com\/wp-content\/uploads\/2023\/12\/Rooder-Moutain-Bike-48v-15ah-wholesale-9.jpg","type":"image\/jpeg"}],"twitter_card":"summary_large_image","twitter_site":"@RooderTec","twitter_misc":{"Tahmini okuma s\u00fcresi":"1 dakika"},"schema":{"@context":"https:\/\/schema.org","@graph":[{"@type":"WebPage","@id":"https:\/\/www.rooderchina.com\/product\/rooder-moutain-bike-r809-s7-48v-15ah-wholesale\/","url":"https:\/\/www.rooderchina.com\/product\/rooder-moutain-bike-r809-s7-48v-15ah-wholesale\/","name":"Rooder Moutain Bike r809-s7 48v 15ah wholesale - Rooder Factory","isPartOf":{"@id":"https:\/\/www.rooderchina.com\/#website"},"datePublished":"2023-12-24T09:40:28+00:00","dateModified":"2023-12-24T09:48:44+00:00","description":"Rooder electric moutain bike r809-s7,\u00a0 it will come with default color silver-gray,750w motor with 35-45 max speed, also you can set it 25km\/h max.aluminun","breadcrumb":{"@id":"https:\/\/www.rooderchina.com\/product\/rooder-moutain-bike-r809-s7-48v-15ah-wholesale\/#breadcrumb"},"inLanguage":"tr","potentialAction":[{"@type":"ReadAction","target":["https:\/\/www.rooderchina.com\/product\/rooder-moutain-bike-r809-s7-48v-15ah-wholesale\/"]}]},{"@type":"BreadcrumbList","@id":"https:\/\/www.rooderchina.com\/product\/rooder-moutain-bike-r809-s7-48v-15ah-wholesale\/#breadcrumb","itemListElement":[{"@type":"ListItem","position":1,"name":"HOME","item":"https:\/\/www.rooderchina.com\/"},{"@type":"ListItem","position":2,"name":"Shop","item":"https:\/\/www.rooderchina.com\/shop\/"},{"@type":"ListItem","position":3,"name":"Rooder Moutain Bike r809-s7 48v 15ah wholesale"}]},{"@type":"WebSite","@id":"https:\/\/www.rooderchina.com\/#website","url":"https:\/\/www.rooderchina.com\/","name":"Electric Scooters Bikes Citycoco Manufacturer","description":"Rooder Technology Limited","publisher":{"@id":"https:\/\/www.rooderchina.com\/#organization"},"potentialAction":[{"@type":"SearchAction","target":{"@type":"EntryPoint","urlTemplate":"https:\/\/www.rooderchina.com\/?s={search_term_string}"},"query-input":"required name=search_term_string"}],"inLanguage":"tr"},{"@type":"Organization","@id":"https:\/\/www.rooderchina.com\/#organization","name":"Electric Scooters Bikes Citycoco Manufacturer","url":"https:\/\/www.rooderchina.com\/","logo":{"@type":"ImageObject","inLanguage":"tr","@id":"https:\/\/www.rooderchina.com\/#\/schema\/logo\/image\/","url":"https:\/\/www.rooderchina.com\/wp-content\/uploads\/2023\/12\/rooder2.jpg","contentUrl":"https:\/\/www.rooderchina.com\/wp-content\/uploads\/2023\/12\/rooder2.jpg","width":1723,"height":1037,"caption":"Electric Scooters Bikes Citycoco Manufacturer"},"image":{"@id":"https:\/\/www.rooderchina.com\/#\/schema\/logo\/image\/"},"sameAs":["https:\/\/www.facebook.com\/rooder.tec","https:\/\/twitter.com\/RooderTec"]}]}},"_links":{"self":[{"href":"https:\/\/www.rooderchina.com\/tr\/wp-json\/wp\/v2\/product\/24686","targetHints":{"allow":["GET"]}}],"collection":[{"href":"https:\/\/www.rooderchina.com\/tr\/wp-json\/wp\/v2\/product"}],"about":[{"href":"https:\/\/www.rooderchina.com\/tr\/wp-json\/wp\/v2\/types\/product"}],"replies":[{"embeddable":true,"href":"https:\/\/www.rooderchina.com\/tr\/wp-json\/wp\/v2\/comments?post=24686"}],"version-history":[{"count":2,"href":"https:\/\/www.rooderchina.com\/tr\/wp-json\/wp\/v2\/product\/24686\/revisions"}],"predecessor-version":[{"id":24709,"href":"https:\/\/www.rooderchina.com\/tr\/wp-json\/wp\/v2\/product\/24686\/revisions\/24709"}],"wp:featuredmedia":[{"embeddable":true,"href":"https:\/\/www.rooderchina.com\/tr\/wp-json\/wp\/v2\/media\/24695"}],"wp:attachment":[{"href":"https:\/\/www.rooderchina.com\/tr\/wp-json\/wp\/v2\/media?parent=24686"}],"wp:term":[{"taxonomy":"product_brand","embeddable":true,"href":"https:\/\/www.rooderchina.com\/tr\/wp-json\/wp\/v2\/product_brand?post=24686"},{"taxonomy":"product_cat","embeddable":true,"href":"https:\/\/www.rooderchina.com\/tr\/wp-json\/wp\/v2\/product_cat?post=24686"},{"taxonomy":"product_tag","embeddable":true,"href":"https:\/\/www.rooderchina.com\/tr\/wp-json\/wp\/v2\/product_tag?post=24686"}],"curies":[{"name":"wp","href":"https:\/\/api.w.org\/{rel}","templated":true}]}}