{"id":19195,"date":"2023-12-15T18:35:42","date_gmt":"2023-12-15T10:35:42","guid":{"rendered":"https:\/\/www.rooderchina.com\/?post_type=product&#038;p=19195"},"modified":"2023-12-17T12:09:14","modified_gmt":"2023-12-17T04:09:14","slug":"rooder-electric-mountain-bike-mocha-750w-35ah-for-sale","status":"publish","type":"product","link":"https:\/\/www.rooderchina.com\/tr\/urun\/rooder-electric-mountain-bike-mocha-750w-35ah-for-sale\/","title":{"rendered":"Sat\u0131l\u0131k Rooder elektrikli da\u011f bisikleti mocha 750w 35ah"},"content":{"rendered":"<div data-elementor-type=\"product-post\" data-elementor-id=\"19195\" class=\"elementor elementor-19195\">\n\t\t\t\t\t\t\t\t\t<section class=\"wd-negative-gap elementor-section elementor-top-section elementor-element elementor-element-373c0dcb elementor-section-boxed elementor-section-height-default elementor-section-height-default wd-section-disabled\" data-id=\"373c0dcb\" data-element_type=\"section\">\n\t\t\t\t\t\t<div class=\"elementor-container elementor-column-gap-default\">\n\t\t\t\t\t<div class=\"elementor-column elementor-col-100 elementor-top-column elementor-element elementor-element-255d4874\" data-id=\"255d4874\" data-element_type=\"column\">\n\t\t\t<div class=\"elementor-widget-wrap elementor-element-populated\">\n\t\t\t\t\t\t\t\t<div class=\"elementor-element elementor-element-65de5c2a color-scheme-inherit text-left elementor-widget elementor-widget-text-editor\" data-id=\"65de5c2a\" data-element_type=\"widget\" data-widget_type=\"text-editor.default\">\n\t\t\t\t<div class=\"elementor-widget-container\">\n\t\t\t<style>\/*! elementor - v3.7.8 - 02-10-2022 *\/\n.elementor-widget-text-editor.elementor-drop-cap-view-stacked .elementor-drop-cap{background-color:#818a91;color:#fff}.elementor-widget-text-editor.elementor-drop-cap-view-framed .elementor-drop-cap{color:#818a91;border:3px solid;background-color:transparent}.elementor-widget-text-editor:not(.elementor-drop-cap-view-default) .elementor-drop-cap{margin-top:8px}.elementor-widget-text-editor:not(.elementor-drop-cap-view-default) .elementor-drop-cap-letter{width:1em;height:1em}.elementor-widget-text-editor .elementor-drop-cap{float:left;text-align:center;line-height:1;font-size:50px}.elementor-widget-text-editor .elementor-drop-cap-letter{display:inline-block}<\/style>\t\t\t\t<h2>Sat\u0131l\u0131k Rooder Elektrikli Da\u011f Bisikleti Mocha 750W 35Ah: G\u00fc\u00e7 ve Tarz\u0131n M\u00fckemmel Kar\u0131\u015f\u0131m\u0131<\/h2><div><p>M\u00fckemmel bir ev mi ar\u0131yorsunuz? <a href=\"https:\/\/www.rooderchina.com\/tr\/shop\/\">da\u011f bisikleti<\/a> g\u00fc\u00e7, stil ve g\u00fcvenilirli\u011fi birle\u015ftiren bir bisiklet mi? Rooder Da\u011f Bisikleti Mocha 750W 35Ah'den ba\u015fkas\u0131na bakmay\u0131n. Bu ola\u011fan\u00fcst\u00fc elektrikli bisiklet, off-road maceralar\u0131n\u0131z\u0131 yeni zirvelere ta\u015f\u0131mak i\u00e7in tasarlanm\u0131\u015ft\u0131r.<\/p><p>Sa\u011flam bir 750W motorla g\u00fc\u00e7lendirilen Rooder Da\u011f Bisikleti Mocha, dik tepeleri ve zorlu arazileri zahmetsizce fetheder. 35Ah ak\u00fcs\u00fc ile g\u00fcc\u00fcn\u00fcz\u00fcn bitmesinden endi\u015fe etmeden uzun s\u00fcr\u00fc\u015flerin keyfini \u00e7\u0131karabilirsiniz. \u0130ster vah\u015fi do\u011fay\u0131 ke\u015ffediyor ister \u015fehirde i\u015fe gidip geliyor olun, bu bisiklet ak\u0131c\u0131 ve heyecan verici bir s\u00fcr\u00fc\u015f sunar.<\/p><p>Rooder Da\u011f Bisikleti Mocha'y\u0131 di\u011ferlerinden ay\u0131ran \u015fey, \u015f\u0131k ve tarz sahibi tasar\u0131m\u0131d\u0131r. Detaylara \u00f6zen g\u00f6sterilerek \u00fcretilen bu bisiklet, gitti\u011finiz her yerde ba\u015f d\u00f6nd\u00fcr\u00fcc\u00fcd\u00fcr. Mocha renkli kadrosu \u015f\u0131kl\u0131\u011f\u0131 yans\u0131t\u0131rken, sa\u011flam yap\u0131s\u0131 dayan\u0131kl\u0131l\u0131k ve denge sa\u011flar.<\/p><p>Geli\u015fmi\u015f \u00f6zelliklerle donat\u0131lm\u0131\u015f Rooder Da\u011f Bisikleti Mocha, g\u00fcvenli\u011finize ve rahatl\u0131\u011f\u0131n\u0131za \u00f6ncelik verir. \u00d6n ve arka disk frenler g\u00fcvenilir durdurma g\u00fcc\u00fc sa\u011flarken, LED far d\u00fc\u015f\u00fck \u0131\u015f\u0131k ko\u015fullar\u0131nda bile yolunuzu ayd\u0131nlat\u0131r. Bisikletin LCD ekran\u0131 h\u0131z\u0131n\u0131z, mesafeniz ve pil \u00f6mr\u00fcn\u00fcz hakk\u0131nda sizi bilgilendirir.<\/p><p>Rooder'da kalitenin ve m\u00fc\u015fteri memnuniyetinin \u00f6nemini biliyoruz. Bu nedenle da\u011f bisikletlerimiz titiz testlerden ge\u00e7er ve en y\u00fcksek standartlara uyar. Rooder Da\u011f Bisikleti Mocha 750W 35Ah'yi se\u00e7ti\u011finizde, performans\u0131ndan ve g\u00fcvenilirli\u011finden emin olabilirsiniz.<\/p><p>Bu ola\u011fan\u00fcst\u00fc elektrikli da\u011f bisikletine sahip olma f\u0131rsat\u0131n\u0131 ka\u00e7\u0131rmay\u0131n. Sat\u0131l\u0131k Rooder Da\u011f Bisikleti Mocha 750W 35Ah hakk\u0131nda daha fazla bilgi edinmek i\u00e7in web sitemizi ziyaret edin veya bug\u00fcn bizimle ileti\u015fime ge\u00e7in. G\u00fc\u00e7 ve stilin m\u00fckemmel kar\u0131\u015f\u0131m\u0131 ile off-road maceralar\u0131n\u0131n heyecan\u0131n\u0131 ya\u015fay\u0131n.<\/p><p>Model: Mocha<br \/>\u00c7er\u00e7eve: AL6061<br \/>\u00d6n \u00c7atal: 20\u2033 Al\u00fcminyum ala\u015f\u0131ml\u0131 \u00f6n \u00e7atal Di\u015fsiz dikme borusu, siyah i\u00e7 boru, strok 60mm dikme borusu<br \/>a\u00e7\u0131k di\u015fli ya\u011f bas\u0131nc\u0131 \u015fok kay\u0131\u015f\u0131 Kilitli al\u00fcminyum omuz al\u00fcminyum bacak mat siyah s\u00fctun disk freni.\"<br \/>Fren: \u00d6n ve arka ya\u011fl\u0131 fren, 180 mm diskli, 2,3 mm kal\u0131nl\u0131\u011f\u0131nda<br \/>Aynakol ve Krank: 1\/8*52T*160L, demir YATAK, al\u00fcminyum ayaklar, sap f\u0131r\u0131nlanm\u0131\u015f kum siyah\u0131 etiketsiz, \u00e7ift kapakl\u0131 BK<br \/>Sap\/Kol \u00c7ubu\u011fu: Al\u00fcminyum Sprey siyah, t\u0131rt\u0131ll\u0131 Al\u00fcminyum Sprey siyah<br \/>Att\u0131r\u0131c\u0131: tek h\u0131z<br \/>Lastikler: 20\u00d74.0 Kar lasti\u011fi Siyah<br \/>Pedal: 9\/16 'AL6061 G\u00fcm\u00fc\u015f<br \/>Sele: Y\u00fcksek elastik k\u00f6p\u00fcrme<br \/>Pil kutusu: \u00c7\u0131kar\u0131labilir Harici Batarya<br \/>Ak\u00fc: Samsung 48V 35AH ak\u00fc (25ah+10ah)<br \/>Motor: 48V 750W Y\u00fcksek H\u0131zl\u0131 Motor, tepe torku 80NM<br \/>Ekran: LCD g\u00f6sterge<br \/>Kontrol\u00f6r: 48V25A-12 t\u00fcpler<br \/>Sens\u00f6r: \u00c7ift Hall 12-sinyal h\u0131z sens\u00f6r\u00fc<br \/>\u015earj cihaz\u0131: Lityum AC 110V-240V3A (ABD standart fi\u015fi veya AB fi\u015fi) 54.6V3A UL62368 su ge\u00e7irmez kablo ABD i\u00e7in UL veya Avrupa i\u00e7in CE sertifikas\u0131n\u0131 kar\u015f\u0131lar<br \/>Kablo: entegre konekt\u00f6r su ge\u00e7irmez kablo<br \/>I\u015f\u0131k: \u00d6n \u0131\u015f\u0131k<br \/>Kuyruk lambas\u0131: LED farlar Fren lambalar\u0131<br \/>S\u00fcr\u00fc\u015f Modu: 1. Elektrik Modu; 2. Asistan modu;<br \/>H\u0131z: 1. Elektrik Modu \uff1a45km\/s (30mph); 2. Asistan modu \uff1a55km\/s (34mph);<br \/>\u00d6n g\u00f6bek: 3\/8\u2033 12GX36HX135WX155L Standart al\u00fcminyum anodize siyah y\u00fcksek dereceli kilit h\u0131zl\u0131 serbest b\u0131rakma olmadan disk fren 6 pinli kilit<br \/>Ad\u0131m kasna\u011f\u0131: Y\u00fcksek mukavemetli krom molibden \u00e7elik tek h\u0131zl\u0131 volan 1\/2*1\/8*16T ses tam ED \u0130ngilizce<br \/>Jantlar: \u00c7ift 20\u2033X12GX36H A\/V nozullu disk fren AL6061 Sprey siyah<br \/>\u0130\u00e7 lastik: Butil kau\u00e7uk 20X4.0 AV nozul 48mm<br \/>destek aya\u011f\u0131: 20 in\u00e7 200 mm uzunlu\u011funda, arka yan merdiven AL6061 kum siyah\u0131<br \/>Jant telleri: Siyah paslanmaz \u00e7elik 12G jant teli<br \/>Zincir: Tek h\u0131zl\u0131 zincir 1\/8 136 knot duckrust<br \/>Paketleme: SKD 85%.<\/p><div class=\"main-page-wrapper\"><div class=\"container\"><div class=\"row content-layout-wrapper align-items-start\"><div class=\"site-content col-lg-12 col-12 col-md-12\" role=\"main\"><article id=\"post-4400\" class=\"post-4400 page type-page status-publish hentry\"><div class=\"entry-content\"><div class=\"elementor elementor-4400\" data-elementor-type=\"wp-page\" data-elementor-id=\"4400\"><section class=\"wd-negative-gap elementor-section elementor-top-section elementor-element elementor-element-2ed1e94 elementor-section-boxed elementor-section-height-default elementor-section-height-default wd-section-disabled\" data-id=\"2ed1e94\" data-element_type=\"section\"><div class=\"elementor-container elementor-column-gap-default\"><div class=\"elementor-column elementor-col-100 elementor-top-column elementor-element elementor-element-55314ed\" data-id=\"55314ed\" data-element_type=\"column\"><div class=\"elementor-widget-wrap elementor-element-populated\"><div class=\"elementor-element elementor-element-c1707e1 color-scheme-inherit text-left elementor-widget elementor-widget-text-editor\" data-id=\"c1707e1\" data-element_type=\"widget\" data-widget_type=\"text-editor.default\"><div class=\"elementor-widget-container\"><p>Rooder'\u0131n yeni modellerini, fiyat listesini ve haberlerini ilk seferde \u00f6\u011frenmek i\u00e7in l\u00fctfen kanal\u0131m\u0131za abone olun, te\u015fekk\u00fcrler.\u00a0<a title=\"Rooder youtube kanal\u0131\" href=\"https:\/\/www.youtube.com\/@rooder2010?sub_confirmation=1\" target=\"_blank\" rel=\"noopener\">https:\/\/www.youtube.com\/@rooder2010?sub_confirmation=1<\/a><\/p><\/div><\/div><\/div><\/div><\/div><\/section><\/div><\/div><\/article><\/div><\/div><\/div><\/div><\/div>\t\t\t\t\t\t<\/div>\n\t\t\t\t<\/div>\n\t\t\t\t\t<\/div>\n\t\t<\/div>\n\t\t\t\t\t\t\t<\/div>\n\t\t<\/section>\n\t\t\t\t<section class=\"wd-negative-gap elementor-section elementor-top-section elementor-element elementor-element-37d71e6 elementor-section-boxed elementor-section-height-default elementor-section-height-default wd-section-disabled\" data-id=\"37d71e6\" data-element_type=\"section\">\n\t\t\t\t\t\t<div class=\"elementor-container elementor-column-gap-default\">\n\t\t\t\t\t<div class=\"elementor-column elementor-col-100 elementor-top-column elementor-element elementor-element-cac279d\" data-id=\"cac279d\" data-element_type=\"column\">\n\t\t\t<div class=\"elementor-widget-wrap elementor-element-populated\">\n\t\t\t\t\t\t\t\t<div class=\"elementor-element elementor-element-2983794 elementor-aspect-ratio-169 elementor-widget elementor-widget-video\" data-id=\"2983794\" data-element_type=\"widget\" data-settings=\"{&quot;youtube_url&quot;:&quot;https:\\\/\\\/www.youtube.com\\\/watch?v=keAsCDjfmkM&quot;,&quot;video_type&quot;:&quot;youtube&quot;,&quot;controls&quot;:&quot;yes&quot;,&quot;aspect_ratio&quot;:&quot;169&quot;}\" data-widget_type=\"video.default\">\n\t\t\t\t<div class=\"elementor-widget-container\">\n\t\t\t<style>\/*! elementor - v3.7.8 - 02-10-2022 *\/\n.elementor-widget-video .elementor-widget-container{overflow:hidden;-webkit-transform:translateZ(0);transform:translateZ(0)}.elementor-widget-video .elementor-open-inline .elementor-custom-embed-image-overlay{position:absolute;top:0;left:0;width:100%;height:100%;background-size:cover;background-position:50%}.elementor-widget-video .elementor-custom-embed-image-overlay{cursor:pointer;text-align:center}.elementor-widget-video .elementor-custom-embed-image-overlay:hover .elementor-custom-embed-play i{opacity:1}.elementor-widget-video .elementor-custom-embed-image-overlay img{display:block;width:100%}.elementor-widget-video .e-hosted-video .elementor-video{-o-object-fit:cover;object-fit:cover}.e-container>.elementor-widget-video{width:var(--container-widget-width,100%)}<\/style>\t\t<div class=\"elementor-wrapper elementor-fit-aspect-ratio elementor-open-inline\">\n\t\t\t<div class=\"elementor-video\"><\/div>\t\t<\/div>\n\t\t\t\t<\/div>\n\t\t\t\t<\/div>\n\t\t\t\t\t<\/div>\n\t\t<\/div>\n\t\t\t\t\t\t\t<\/div>\n\t\t<\/section>\n\t\t\t\t\t\t\t<\/div>","protected":false},"excerpt":{"rendered":"<p>G\u00fc\u00e7, stil ve g\u00fcvenilirli\u011fi bir araya getiren m\u00fckemmel da\u011f bisikletini mi ar\u0131yorsunuz? Rooder Da\u011f Bisikleti Mocha 750W 35Ah'den ba\u015fkas\u0131na bakmay\u0131n. Bu ola\u011fan\u00fcst\u00fc elektrikli bisiklet, off-road maceralar\u0131n\u0131z\u0131 yeni zirvelere ta\u015f\u0131mak i\u00e7in tasarlanm\u0131\u015ft\u0131r. Sa\u011flam bir 750W motorla g\u00fc\u00e7lendirilen Rooder Mountain Bike Mocha, dik tepeleri ve zorlu arazileri zahmetsizce fetheder. 35Ah ak\u00fcs\u00fc ile g\u00fcc\u00fcn\u00fcz\u00fcn bitmesinden endi\u015fe etmeden uzun s\u00fcr\u00fc\u015flerin keyfini \u00e7\u0131karabilirsiniz. \u0130ster vah\u015fi do\u011fay\u0131 ke\u015ffediyor ister \u015fehirde i\u015fe gidip geliyor olun, bu bisiklet ak\u0131c\u0131 ve heyecan verici bir s\u00fcr\u00fc\u015f sunar. Geli\u015fmi\u015f \u00f6zelliklerle donat\u0131lan Rooder Da\u011f Bisikleti Mocha, g\u00fcvenli\u011finize ve rahatl\u0131\u011f\u0131n\u0131za \u00f6ncelik verir. Bu ola\u011fan\u00fcst\u00fc elektrikli da\u011f bisikletine sahip olma f\u0131rsat\u0131n\u0131 ka\u00e7\u0131rmay\u0131n. Sat\u0131l\u0131k Rooder Da\u011f Bisikleti Mocha 750W 35Ah hakk\u0131nda daha fazla bilgi edinmek i\u00e7in web sitemizi ziyaret edin veya bug\u00fcn bizimle ileti\u015fime ge\u00e7in. G\u00fc\u00e7 ve stilin m\u00fckemmel kar\u0131\u015f\u0131m\u0131 ile off-road maceralar\u0131n\u0131n heyecan\u0131n\u0131 ya\u015fay\u0131n.<\/p>","protected":false},"featured_media":19209,"comment_status":"open","ping_status":"closed","template":"","meta":[],"product_brand":[],"product_cat":[574],"product_tag":[844,1195,1197,1196,847,1198],"class_list":{"0":"post-19195","1":"product","2":"type-product","3":"status-publish","4":"has-post-thumbnail","6":"product_cat-electric-bicycles","7":"product_tag-bike","8":"product_tag-electric-mountain-bike","9":"product_tag-mocha","10":"product_tag-mountain-bike","11":"product_tag-rooder-bike","12":"product_tag-rooder-mocha","14":"first","15":"instock","16":"featured","17":"shipping-taxable","18":"product-type-simple"},"yoast_head":"<!-- This site is optimized with the Yoast SEO plugin v21.7 - https:\/\/yoast.com\/wordpress\/plugins\/seo\/ -->\n<title>Rooder electric mountain bike mocha 750w 35ah for sale - Electric Scooters Bikes Citycoco Manufacturer<\/title>\n<meta name=\"description\" content=\"Rooder electric mountain bike mocha 750w 35ah for sale from China Rooder factory, the perfect mountain bike that combines power, style, and reliability.\" \/>\n<meta name=\"robots\" content=\"index, follow, max-snippet:-1, max-image-preview:large, max-video-preview:-1\" \/>\n<link rel=\"canonical\" href=\"https:\/\/www.rooderchina.com\/tr\/urun\/rooder-electric-mountain-bike-mocha-750w-35ah-for-sale\/\" \/>\n<meta property=\"og:locale\" content=\"tr_TR\" \/>\n<meta property=\"og:type\" content=\"article\" \/>\n<meta property=\"og:title\" content=\"Rooder electric mountain bike mocha 750w 35ah for sale - Electric Scooters Bikes Citycoco Manufacturer\" \/>\n<meta property=\"og:description\" content=\"Rooder electric mountain bike mocha 750w 35ah for sale from China Rooder factory, the perfect mountain bike that combines power, style, and reliability.\" \/>\n<meta property=\"og:url\" content=\"https:\/\/www.rooderchina.com\/tr\/urun\/rooder-electric-mountain-bike-mocha-750w-35ah-for-sale\/\" \/>\n<meta property=\"og:site_name\" content=\"Electric Scooters Bikes Citycoco Manufacturer\" \/>\n<meta property=\"article:publisher\" content=\"https:\/\/www.facebook.com\/rooder.tec\" \/>\n<meta property=\"article:modified_time\" content=\"2023-12-17T04:09:14+00:00\" \/>\n<meta property=\"og:image\" content=\"https:\/\/www.rooderchina.com\/wp-content\/uploads\/2023\/12\/Rooder-electric-mountain-bike-mocha-750w-35ah-for-sale-4.jpg\" \/>\n\t<meta property=\"og:image:width\" content=\"1204\" \/>\n\t<meta property=\"og:image:height\" content=\"1204\" \/>\n\t<meta property=\"og:image:type\" content=\"image\/jpeg\" \/>\n<meta name=\"twitter:card\" content=\"summary_large_image\" \/>\n<meta name=\"twitter:site\" content=\"@RooderTec\" \/>\n<script type=\"application\/ld+json\" class=\"yoast-schema-graph\">{\"@context\":\"https:\/\/schema.org\",\"@graph\":[{\"@type\":\"WebPage\",\"@id\":\"https:\/\/www.rooderchina.com\/product\/rooder-electric-mountain-bike-mocha-750w-35ah-for-sale\/\",\"url\":\"https:\/\/www.rooderchina.com\/product\/rooder-electric-mountain-bike-mocha-750w-35ah-for-sale\/\",\"name\":\"Rooder electric mountain bike mocha 750w 35ah for sale - Electric Scooters Bikes Citycoco Manufacturer\",\"isPartOf\":{\"@id\":\"https:\/\/www.rooderchina.com\/#website\"},\"datePublished\":\"2023-12-15T10:35:42+00:00\",\"dateModified\":\"2023-12-17T04:09:14+00:00\",\"description\":\"Rooder electric mountain bike mocha 750w 35ah for sale from China Rooder factory, the perfect mountain bike that combines power, style, and reliability.\",\"breadcrumb\":{\"@id\":\"https:\/\/www.rooderchina.com\/product\/rooder-electric-mountain-bike-mocha-750w-35ah-for-sale\/#breadcrumb\"},\"inLanguage\":\"tr\",\"potentialAction\":[{\"@type\":\"ReadAction\",\"target\":[\"https:\/\/www.rooderchina.com\/product\/rooder-electric-mountain-bike-mocha-750w-35ah-for-sale\/\"]}]},{\"@type\":\"BreadcrumbList\",\"@id\":\"https:\/\/www.rooderchina.com\/product\/rooder-electric-mountain-bike-mocha-750w-35ah-for-sale\/#breadcrumb\",\"itemListElement\":[{\"@type\":\"ListItem\",\"position\":1,\"name\":\"HOME\",\"item\":\"https:\/\/www.rooderchina.com\/\"},{\"@type\":\"ListItem\",\"position\":2,\"name\":\"Shop\",\"item\":\"https:\/\/www.rooderchina.com\/shop\/\"},{\"@type\":\"ListItem\",\"position\":3,\"name\":\"Rooder electric mountain bike mocha 750w 35ah for sale\"}]},{\"@type\":\"WebSite\",\"@id\":\"https:\/\/www.rooderchina.com\/#website\",\"url\":\"https:\/\/www.rooderchina.com\/\",\"name\":\"Electric Scooters Bikes Citycoco Manufacturer\",\"description\":\"Rooder Technology Limited\",\"publisher\":{\"@id\":\"https:\/\/www.rooderchina.com\/#organization\"},\"potentialAction\":[{\"@type\":\"SearchAction\",\"target\":{\"@type\":\"EntryPoint\",\"urlTemplate\":\"https:\/\/www.rooderchina.com\/?s={search_term_string}\"},\"query-input\":\"required name=search_term_string\"}],\"inLanguage\":\"tr\"},{\"@type\":\"Organization\",\"@id\":\"https:\/\/www.rooderchina.com\/#organization\",\"name\":\"Electric Scooters Bikes Citycoco Manufacturer\",\"url\":\"https:\/\/www.rooderchina.com\/\",\"logo\":{\"@type\":\"ImageObject\",\"inLanguage\":\"tr\",\"@id\":\"https:\/\/www.rooderchina.com\/#\/schema\/logo\/image\/\",\"url\":\"https:\/\/www.rooderchina.com\/wp-content\/uploads\/2023\/12\/rooder2.jpg\",\"contentUrl\":\"https:\/\/www.rooderchina.com\/wp-content\/uploads\/2023\/12\/rooder2.jpg\",\"width\":1723,\"height\":1037,\"caption\":\"Electric Scooters Bikes Citycoco Manufacturer\"},\"image\":{\"@id\":\"https:\/\/www.rooderchina.com\/#\/schema\/logo\/image\/\"},\"sameAs\":[\"https:\/\/www.facebook.com\/rooder.tec\",\"https:\/\/twitter.com\/RooderTec\"]}]}<\/script>\n<!-- \/ Yoast SEO plugin. -->","yoast_head_json":{"title":"Rooder electric mountain bike mocha 750w 35ah for sale - Electric Scooters Bikes Citycoco Manufacturer","description":"Rooder electric mountain bike mocha 750w 35ah for sale from China Rooder factory, the perfect mountain bike that combines power, style, and reliability.","robots":{"index":"index","follow":"follow","max-snippet":"max-snippet:-1","max-image-preview":"max-image-preview:large","max-video-preview":"max-video-preview:-1"},"canonical":"https:\/\/www.rooderchina.com\/tr\/urun\/rooder-electric-mountain-bike-mocha-750w-35ah-for-sale\/","og_locale":"tr_TR","og_type":"article","og_title":"Rooder electric mountain bike mocha 750w 35ah for sale - Electric Scooters Bikes Citycoco Manufacturer","og_description":"Rooder electric mountain bike mocha 750w 35ah for sale from China Rooder factory, the perfect mountain bike that combines power, style, and reliability.","og_url":"https:\/\/www.rooderchina.com\/tr\/urun\/rooder-electric-mountain-bike-mocha-750w-35ah-for-sale\/","og_site_name":"Electric Scooters Bikes Citycoco Manufacturer","article_publisher":"https:\/\/www.facebook.com\/rooder.tec","article_modified_time":"2023-12-17T04:09:14+00:00","og_image":[{"width":1204,"height":1204,"url":"https:\/\/www.rooderchina.com\/wp-content\/uploads\/2023\/12\/Rooder-electric-mountain-bike-mocha-750w-35ah-for-sale-4.jpg","type":"image\/jpeg"}],"twitter_card":"summary_large_image","twitter_site":"@RooderTec","schema":{"@context":"https:\/\/schema.org","@graph":[{"@type":"WebPage","@id":"https:\/\/www.rooderchina.com\/product\/rooder-electric-mountain-bike-mocha-750w-35ah-for-sale\/","url":"https:\/\/www.rooderchina.com\/product\/rooder-electric-mountain-bike-mocha-750w-35ah-for-sale\/","name":"Rooder electric mountain bike mocha 750w 35ah for sale - Electric Scooters Bikes Citycoco Manufacturer","isPartOf":{"@id":"https:\/\/www.rooderchina.com\/#website"},"datePublished":"2023-12-15T10:35:42+00:00","dateModified":"2023-12-17T04:09:14+00:00","description":"Rooder electric mountain bike mocha 750w 35ah for sale from China Rooder factory, the perfect mountain bike that combines power, style, and reliability.","breadcrumb":{"@id":"https:\/\/www.rooderchina.com\/product\/rooder-electric-mountain-bike-mocha-750w-35ah-for-sale\/#breadcrumb"},"inLanguage":"tr","potentialAction":[{"@type":"ReadAction","target":["https:\/\/www.rooderchina.com\/product\/rooder-electric-mountain-bike-mocha-750w-35ah-for-sale\/"]}]},{"@type":"BreadcrumbList","@id":"https:\/\/www.rooderchina.com\/product\/rooder-electric-mountain-bike-mocha-750w-35ah-for-sale\/#breadcrumb","itemListElement":[{"@type":"ListItem","position":1,"name":"HOME","item":"https:\/\/www.rooderchina.com\/"},{"@type":"ListItem","position":2,"name":"Shop","item":"https:\/\/www.rooderchina.com\/shop\/"},{"@type":"ListItem","position":3,"name":"Rooder electric mountain bike mocha 750w 35ah for sale"}]},{"@type":"WebSite","@id":"https:\/\/www.rooderchina.com\/#website","url":"https:\/\/www.rooderchina.com\/","name":"Electric Scooters Bikes Citycoco Manufacturer","description":"Rooder Technology Limited","publisher":{"@id":"https:\/\/www.rooderchina.com\/#organization"},"potentialAction":[{"@type":"SearchAction","target":{"@type":"EntryPoint","urlTemplate":"https:\/\/www.rooderchina.com\/?s={search_term_string}"},"query-input":"required name=search_term_string"}],"inLanguage":"tr"},{"@type":"Organization","@id":"https:\/\/www.rooderchina.com\/#organization","name":"Electric Scooters Bikes Citycoco Manufacturer","url":"https:\/\/www.rooderchina.com\/","logo":{"@type":"ImageObject","inLanguage":"tr","@id":"https:\/\/www.rooderchina.com\/#\/schema\/logo\/image\/","url":"https:\/\/www.rooderchina.com\/wp-content\/uploads\/2023\/12\/rooder2.jpg","contentUrl":"https:\/\/www.rooderchina.com\/wp-content\/uploads\/2023\/12\/rooder2.jpg","width":1723,"height":1037,"caption":"Electric Scooters Bikes Citycoco Manufacturer"},"image":{"@id":"https:\/\/www.rooderchina.com\/#\/schema\/logo\/image\/"},"sameAs":["https:\/\/www.facebook.com\/rooder.tec","https:\/\/twitter.com\/RooderTec"]}]}},"_links":{"self":[{"href":"https:\/\/www.rooderchina.com\/tr\/wp-json\/wp\/v2\/product\/19195","targetHints":{"allow":["GET"]}}],"collection":[{"href":"https:\/\/www.rooderchina.com\/tr\/wp-json\/wp\/v2\/product"}],"about":[{"href":"https:\/\/www.rooderchina.com\/tr\/wp-json\/wp\/v2\/types\/product"}],"replies":[{"embeddable":true,"href":"https:\/\/www.rooderchina.com\/tr\/wp-json\/wp\/v2\/comments?post=19195"}],"version-history":[{"count":20,"href":"https:\/\/www.rooderchina.com\/tr\/wp-json\/wp\/v2\/product\/19195\/revisions"}],"predecessor-version":[{"id":19235,"href":"https:\/\/www.rooderchina.com\/tr\/wp-json\/wp\/v2\/product\/19195\/revisions\/19235"}],"wp:featuredmedia":[{"embeddable":true,"href":"https:\/\/www.rooderchina.com\/tr\/wp-json\/wp\/v2\/media\/19209"}],"wp:attachment":[{"href":"https:\/\/www.rooderchina.com\/tr\/wp-json\/wp\/v2\/media?parent=19195"}],"wp:term":[{"taxonomy":"product_brand","embeddable":true,"href":"https:\/\/www.rooderchina.com\/tr\/wp-json\/wp\/v2\/product_brand?post=19195"},{"taxonomy":"product_cat","embeddable":true,"href":"https:\/\/www.rooderchina.com\/tr\/wp-json\/wp\/v2\/product_cat?post=19195"},{"taxonomy":"product_tag","embeddable":true,"href":"https:\/\/www.rooderchina.com\/tr\/wp-json\/wp\/v2\/product_tag?post=19195"}],"curies":[{"name":"wp","href":"https:\/\/api.w.org\/{rel}","templated":true}]}}