{"id":10430,"date":"2023-11-11T19:11:53","date_gmt":"2023-11-11T11:11:53","guid":{"rendered":"http:\/\/www.rooderchina.com\/index.php\/product\/6-5-inch-hoverboard-balance-scooter-r8n-with-lamborghini-design-bluetooth-led-light-lg-battery-ce-fcc-rohs-msds-un38-3-certification-from-rooder-technology-limited\/"},"modified":"2023-11-11T19:11:53","modified_gmt":"2023-11-11T11:11:53","slug":"6-5-inch-hoverboard-balance-scooter-r8n-with-lamborghini-design-bluetooth-led-light-lg-battery-ce-fcc-rohs-msds-un38-3-certification-from-rooder-technology-limited","status":"publish","type":"product","link":"https:\/\/www.rooderchina.com\/tr\/urun\/6-5-inch-hoverboard-balance-scooter-r8n-with-lamborghini-design-bluetooth-led-light-lg-battery-ce-fcc-rohs-msds-un38-3-certification-from-rooder-technology-limited\/","title":{"rendered":"6.5 in\u00e7 u\u00e7an kaykay denge scooter r8n lamborghini tasar\u0131m\u0131 ile bluetooth led \u0131\u015f\u0131k lg pil CE FCC ROHS MSDS UN38.3 sertifikas\u0131 Rooder Technology Limited'den"},"content":{"rendered":"<p>We are a big and professional manufacturer and exporter of all kinds of <a href=\"https:\/\/www.rooderchina.com\/tr\/tag\/2-wheel-balance-board\/\" title=\"View all posts in 2 wheel balance board\" target=\"_blank\" rel=\"noopener\">2 wheel balance board<\/a>, <a href=\"https:\/\/www.rooderchina.com\/tr\/tag\/hoverboard-self-balance-scooter\/\" title=\"View all posts in hoverboard self balance scooter\" target=\"_blank\" rel=\"noopener\">hoverboard self balance scooter<\/a> ve <a href=\"https:\/\/www.rooderchina.com\/tr\/tag\/hoverboard-electric-skateboard\/\" title=\"View all posts in hoverboard electric skateboard\" target=\"_blank\" rel=\"noopener\">hoverboard electric skateboard<\/a> in China, with well-equipped testing and production facilities and strong technical force.<\/p>\n<p>We are proud of our skilled workers and enthusiastic staff. We always guarantee reasonable prices, good quality and punctual delivery. Therefore, through all these years&#8217; efforts, we have developed very quickly and our products are widely recognized and trusted by users and can meet continuously developing economic and social needs.<\/p>\n<p>We always lay emphasis on the science and technology innovation, and constantly introduce advanced technology, products designs are people-oriented, and constantly strive for perfection. We&#8217;ll keep moving, perfect exciting Items, meanwhile develop new products to meet the market and customer&#8217;s demand, sincerely looking forward to your contacting for cooperation to our mutual benefit.<\/p>\n<p><strong>6.5 inch <a href=\"https:\/\/www.rooderchina.com\/tr\/tag\/hoverboard-balance-scooter\/\" title=\"View all posts in hoverboard balance scooter\" target=\"_blank\" rel=\"noopener\">hoverboard balance scooter<\/a> with lamborghini design bluetooth led light lg battery CE FCC ROHS MSDS UN38.3 certification from Rooder Technology Limited<\/strong><\/p>\n<p>&nbsp;<\/p>\n<\/p>\n<p>model: r8n<br \/>\nboyut: 584*186*178mm<br \/>\nnet a\u011f\u0131rl\u0131k: 10kgs<br \/>\nyerden y\u00fckseklik :30mm<br \/>\nplatform y\u00fcksekli\u011fi:110mm<br \/>\nlastik boyutu: 6,5\u2033 170mm<br \/>\nmaksimum y\u00fck: 100kgs<br \/>\nmaksimum h\u0131z s\u0131n\u0131r\u0131:10km\/s<br \/>\nmenzil:15-20km<br \/>\nminimus d\u00f6n\u00fc\u015f yar\u0131\u00e7ap\u0131:0<br \/>\nmaksimum t\u0131rmanma limiti:15<br \/>\nbatarya:lityum-iyon 36v 4.4ah samsung<br \/>\n\u015farj s\u0131cakl\u0131\u011f\u0131: 0 \u2103 ~ 40 \u2103<br \/>\n\u00e7al\u0131\u015ft\u0131r\u0131lan s\u0131cakl\u0131k: -15 \u2103 ~ 50 \u2103<br \/>\nMotor: 350w*2<br \/>\npower requirements:ac100-240v\/50-60hz<br \/>\n\u015farj s\u00fcresi: 2-3 saat<br \/>\nambalaj kartonu: 65*25*25cm<br \/>\nbr\u00fct a\u011f\u0131rl\u0131k: 12kg<br \/>\nmevcut renk: siyah, beyaz, k\u0131rm\u0131z\u0131, mavi, ye\u015fil ve alt\u0131n vb.<br \/>\nse\u00e7enek: bluetooth \/ uzaktan kumanda<\/p>\n<p>1 adet\/karton<br \/>\nnet a\u011f\u0131rl\u0131k: 10kg<br \/>\ngw:12kg<br \/>\n\u00fcr\u00fcn boyutu: 584*186*178mm<br \/>\nkarton boyutu: 65*25*25cm<br \/>\n0.046cbm\/piece<\/p>\n<p>konteyner d\u00fczeni:<br \/>\n628pcs in 20gp<br \/>\n1342pcs in 40gp<br \/>\n1515pcs in 40hc<br \/>\nhs kodu: 8711600010<\/p>\n<p>&nbsp;<\/p><\/p>","protected":false},"excerpt":{"rendered":"<h3>K\u0131sa A\u00e7\u0131klama:<\/h3>\n<p><p>y\u00fcksek kaliteli ucuz fiyat u\u00e7an kaykay denge scooter, Rooder u\u00e7an kaykay denge scooter tedarik\u00e7isi \u00fcreticisi fabrika ihracat\u00e7\u0131 firmadan toptan u\u00e7an kaykay denge scooter bulmak <a href=\"http:\/\/www.RooderChina.com\" target=\"_blank\" rel=\"noopener\">www.RooderChina.com<\/a><\/p>\n<p>6,5 in\u00e7<br \/>\nlamborghini tasar\u0131m<br \/>\nCE<br \/>\nFCC<br \/>\nRohs<br \/>\nMSDS<br \/>\nUN38.3<\/p>\n<\/p>\n<p><\/p>\n<li><em>Marka: <\/em> OEM\/ODM\/ROODER<\/li>\n<li><em>Min.Sipari\u015f Miktar\u0131: <\/em> 10 Adet \/ Adet<\/li>\n<li><em>Tedarik Yetene\u011fi: <\/em> 10000 Adet \/ Adet her Ay<\/li>\n<li><em>Liman: <\/em> Shenzhen<\/li>\n<li><em>\u00d6deme Ko\u015fullar\u0131: <\/em> T\/T, L\/C, D\/A, D\/P<\/li>","protected":false},"featured_media":10432,"comment_status":"closed","ping_status":"open","template":"","meta":[],"product_brand":[],"product_cat":[556],"product_tag":[1122,910,1123,1124,1125,1007,1126,1127,1128,1129,1130,1131,1132,1133,1134],"class_list":{"0":"post-10430","1":"product","2":"type-product","3":"status-publish","4":"has-post-thumbnail","6":"product_cat-others","7":"product_tag-2-wheel-balance-board","8":"product_tag-2-wheel-hoverboard","9":"product_tag-bluetooth-hoverboard","10":"product_tag-cheap-self-balancing-board","11":"product_tag-hoverboard-balance-scooter","12":"product_tag-hoverboard-electric-skateboard","13":"product_tag-hoverboard-self-balance-scooter","14":"product_tag-lowest-price-for-a-hoverboard","15":"product_tag-new-hoverboard","16":"product_tag-pink-hoverboard","17":"product_tag-safe-hoverboards-for-sale","18":"product_tag-segway-board","19":"product_tag-segway-hoverboard","20":"product_tag-swagway","21":"product_tag-the-safest-hoverboards","23":"first","24":"instock","25":"product-type-simple"},"yoast_head":"<!-- This site is optimized with the Yoast SEO plugin v21.7 - https:\/\/yoast.com\/wordpress\/plugins\/seo\/ -->\n<title>6.5 inch hoverboard balance scooter r8n with lamborghini design bluetooth led light lg battery CE FCC ROHS MSDS UN38.3 certification from Rooder Technology Limited - Electric Scooters Bikes Citycoco Manufacturer<\/title>\n<meta name=\"robots\" content=\"index, follow, max-snippet:-1, max-image-preview:large, max-video-preview:-1\" \/>\n<link rel=\"canonical\" href=\"https:\/\/www.rooderchina.com\/tr\/urun\/6-5-inch-hoverboard-balance-scooter-r8n-with-lamborghini-design-bluetooth-led-light-lg-battery-ce-fcc-rohs-msds-un38-3-certification-from-rooder-technology-limited\/\" \/>\n<meta property=\"og:locale\" content=\"tr_TR\" \/>\n<meta property=\"og:type\" content=\"article\" \/>\n<meta property=\"og:title\" content=\"6.5 inch hoverboard balance scooter r8n with lamborghini design bluetooth led light lg battery CE FCC ROHS MSDS UN38.3 certification from Rooder Technology Limited - Electric Scooters Bikes Citycoco Manufacturer\" \/>\n<meta property=\"og:description\" content=\"Short Description: find high quality cheap price hoverboard balance scooter,\u00a0 wholesale\u00a0hoverboard balance scooter from Rooder\u00a0hoverboard balance scooter supplier manufacturer factory exporter company on www.RooderChina.com 6.5inch lamborghini design CE FCC Rohs MSDS UN38.3    Brand: OEM\/ODM\/ROODER   Min.Order Quantity: 10 Piece\/Pieces   Supply Ability: 10000 Piece\/Pieces per Month   Port: Shenzhen   Payment Terms: T\/T, L\/C, D\/A, D\/P\" \/>\n<meta property=\"og:url\" content=\"https:\/\/www.rooderchina.com\/tr\/urun\/6-5-inch-hoverboard-balance-scooter-r8n-with-lamborghini-design-bluetooth-led-light-lg-battery-ce-fcc-rohs-msds-un38-3-certification-from-rooder-technology-limited\/\" \/>\n<meta property=\"og:site_name\" content=\"Electric Scooters Bikes Citycoco Manufacturer\" \/>\n<meta property=\"article:publisher\" content=\"https:\/\/www.facebook.com\/rooder.tec\" \/>\n<meta property=\"og:image\" content=\"https:\/\/www.rooderchina.com\/wp-content\/uploads\/2023\/11\/082dd5c2.jpg\" \/>\n\t<meta property=\"og:image:width\" content=\"750\" \/>\n\t<meta property=\"og:image:height\" content=\"750\" \/>\n\t<meta property=\"og:image:type\" content=\"image\/jpeg\" \/>\n<meta name=\"twitter:card\" content=\"summary_large_image\" \/>\n<meta name=\"twitter:site\" content=\"@RooderTec\" \/>\n<meta name=\"twitter:label1\" content=\"Tahmini okuma s\u00fcresi\" \/>\n\t<meta name=\"twitter:data1\" content=\"1 dakika\" \/>\n<script type=\"application\/ld+json\" class=\"yoast-schema-graph\">{\"@context\":\"https:\/\/schema.org\",\"@graph\":[{\"@type\":\"WebPage\",\"@id\":\"https:\/\/www.rooderchina.com\/product\/6-5-inch-hoverboard-balance-scooter-r8n-with-lamborghini-design-bluetooth-led-light-lg-battery-ce-fcc-rohs-msds-un38-3-certification-from-rooder-technology-limited\/\",\"url\":\"https:\/\/www.rooderchina.com\/product\/6-5-inch-hoverboard-balance-scooter-r8n-with-lamborghini-design-bluetooth-led-light-lg-battery-ce-fcc-rohs-msds-un38-3-certification-from-rooder-technology-limited\/\",\"name\":\"6.5 inch hoverboard balance scooter r8n with lamborghini design bluetooth led light lg battery CE FCC ROHS MSDS UN38.3 certification from Rooder Technology Limited - Electric Scooters Bikes Citycoco Manufacturer\",\"isPartOf\":{\"@id\":\"https:\/\/www.rooderchina.com\/#website\"},\"datePublished\":\"2023-11-11T11:11:53+00:00\",\"dateModified\":\"2023-11-11T11:11:53+00:00\",\"breadcrumb\":{\"@id\":\"https:\/\/www.rooderchina.com\/product\/6-5-inch-hoverboard-balance-scooter-r8n-with-lamborghini-design-bluetooth-led-light-lg-battery-ce-fcc-rohs-msds-un38-3-certification-from-rooder-technology-limited\/#breadcrumb\"},\"inLanguage\":\"tr\",\"potentialAction\":[{\"@type\":\"ReadAction\",\"target\":[\"https:\/\/www.rooderchina.com\/product\/6-5-inch-hoverboard-balance-scooter-r8n-with-lamborghini-design-bluetooth-led-light-lg-battery-ce-fcc-rohs-msds-un38-3-certification-from-rooder-technology-limited\/\"]}]},{\"@type\":\"BreadcrumbList\",\"@id\":\"https:\/\/www.rooderchina.com\/product\/6-5-inch-hoverboard-balance-scooter-r8n-with-lamborghini-design-bluetooth-led-light-lg-battery-ce-fcc-rohs-msds-un38-3-certification-from-rooder-technology-limited\/#breadcrumb\",\"itemListElement\":[{\"@type\":\"ListItem\",\"position\":1,\"name\":\"HOME\",\"item\":\"https:\/\/www.rooderchina.com\/\"},{\"@type\":\"ListItem\",\"position\":2,\"name\":\"Shop\",\"item\":\"https:\/\/www.rooderchina.com\/shop\/\"},{\"@type\":\"ListItem\",\"position\":3,\"name\":\"6.5 inch hoverboard balance scooter r8n with lamborghini design bluetooth led light lg battery CE FCC ROHS MSDS UN38.3 certification from Rooder Technology Limited\"}]},{\"@type\":\"WebSite\",\"@id\":\"https:\/\/www.rooderchina.com\/#website\",\"url\":\"https:\/\/www.rooderchina.com\/\",\"name\":\"Electric Scooters Bikes Citycoco Manufacturer\",\"description\":\"Rooder Technology Limited\",\"publisher\":{\"@id\":\"https:\/\/www.rooderchina.com\/#organization\"},\"potentialAction\":[{\"@type\":\"SearchAction\",\"target\":{\"@type\":\"EntryPoint\",\"urlTemplate\":\"https:\/\/www.rooderchina.com\/?s={search_term_string}\"},\"query-input\":\"required name=search_term_string\"}],\"inLanguage\":\"tr\"},{\"@type\":\"Organization\",\"@id\":\"https:\/\/www.rooderchina.com\/#organization\",\"name\":\"Electric Scooters Bikes Citycoco Manufacturer\",\"url\":\"https:\/\/www.rooderchina.com\/\",\"logo\":{\"@type\":\"ImageObject\",\"inLanguage\":\"tr\",\"@id\":\"https:\/\/www.rooderchina.com\/#\/schema\/logo\/image\/\",\"url\":\"https:\/\/www.rooderchina.com\/wp-content\/uploads\/2023\/12\/rooder2.jpg\",\"contentUrl\":\"https:\/\/www.rooderchina.com\/wp-content\/uploads\/2023\/12\/rooder2.jpg\",\"width\":1723,\"height\":1037,\"caption\":\"Electric Scooters Bikes Citycoco Manufacturer\"},\"image\":{\"@id\":\"https:\/\/www.rooderchina.com\/#\/schema\/logo\/image\/\"},\"sameAs\":[\"https:\/\/www.facebook.com\/rooder.tec\",\"https:\/\/twitter.com\/RooderTec\"]}]}<\/script>\n<!-- \/ Yoast SEO plugin. -->","yoast_head_json":{"title":"6.5 inch hoverboard balance scooter r8n with lamborghini design bluetooth led light lg battery CE FCC ROHS MSDS UN38.3 certification from Rooder Technology Limited - Electric Scooters Bikes Citycoco Manufacturer","robots":{"index":"index","follow":"follow","max-snippet":"max-snippet:-1","max-image-preview":"max-image-preview:large","max-video-preview":"max-video-preview:-1"},"canonical":"https:\/\/www.rooderchina.com\/tr\/urun\/6-5-inch-hoverboard-balance-scooter-r8n-with-lamborghini-design-bluetooth-led-light-lg-battery-ce-fcc-rohs-msds-un38-3-certification-from-rooder-technology-limited\/","og_locale":"tr_TR","og_type":"article","og_title":"6.5 inch hoverboard balance scooter r8n with lamborghini design bluetooth led light lg battery CE FCC ROHS MSDS UN38.3 certification from Rooder Technology Limited - Electric Scooters Bikes Citycoco Manufacturer","og_description":"Short Description: find high quality cheap price hoverboard balance scooter,\u00a0 wholesale\u00a0hoverboard balance scooter from Rooder\u00a0hoverboard balance scooter supplier manufacturer factory exporter company on www.RooderChina.com 6.5inch lamborghini design CE FCC Rohs MSDS UN38.3    Brand: OEM\/ODM\/ROODER   Min.Order Quantity: 10 Piece\/Pieces   Supply Ability: 10000 Piece\/Pieces per Month   Port: Shenzhen   Payment Terms: T\/T, L\/C, D\/A, D\/P","og_url":"https:\/\/www.rooderchina.com\/tr\/urun\/6-5-inch-hoverboard-balance-scooter-r8n-with-lamborghini-design-bluetooth-led-light-lg-battery-ce-fcc-rohs-msds-un38-3-certification-from-rooder-technology-limited\/","og_site_name":"Electric Scooters Bikes Citycoco Manufacturer","article_publisher":"https:\/\/www.facebook.com\/rooder.tec","og_image":[{"width":750,"height":750,"url":"https:\/\/www.rooderchina.com\/wp-content\/uploads\/2023\/11\/082dd5c2.jpg","type":"image\/jpeg"}],"twitter_card":"summary_large_image","twitter_site":"@RooderTec","twitter_misc":{"Tahmini okuma s\u00fcresi":"1 dakika"},"schema":{"@context":"https:\/\/schema.org","@graph":[{"@type":"WebPage","@id":"https:\/\/www.rooderchina.com\/product\/6-5-inch-hoverboard-balance-scooter-r8n-with-lamborghini-design-bluetooth-led-light-lg-battery-ce-fcc-rohs-msds-un38-3-certification-from-rooder-technology-limited\/","url":"https:\/\/www.rooderchina.com\/product\/6-5-inch-hoverboard-balance-scooter-r8n-with-lamborghini-design-bluetooth-led-light-lg-battery-ce-fcc-rohs-msds-un38-3-certification-from-rooder-technology-limited\/","name":"6.5 inch hoverboard balance scooter r8n with lamborghini design bluetooth led light lg battery CE FCC ROHS MSDS UN38.3 certification from Rooder Technology Limited - Electric Scooters Bikes Citycoco Manufacturer","isPartOf":{"@id":"https:\/\/www.rooderchina.com\/#website"},"datePublished":"2023-11-11T11:11:53+00:00","dateModified":"2023-11-11T11:11:53+00:00","breadcrumb":{"@id":"https:\/\/www.rooderchina.com\/product\/6-5-inch-hoverboard-balance-scooter-r8n-with-lamborghini-design-bluetooth-led-light-lg-battery-ce-fcc-rohs-msds-un38-3-certification-from-rooder-technology-limited\/#breadcrumb"},"inLanguage":"tr","potentialAction":[{"@type":"ReadAction","target":["https:\/\/www.rooderchina.com\/product\/6-5-inch-hoverboard-balance-scooter-r8n-with-lamborghini-design-bluetooth-led-light-lg-battery-ce-fcc-rohs-msds-un38-3-certification-from-rooder-technology-limited\/"]}]},{"@type":"BreadcrumbList","@id":"https:\/\/www.rooderchina.com\/product\/6-5-inch-hoverboard-balance-scooter-r8n-with-lamborghini-design-bluetooth-led-light-lg-battery-ce-fcc-rohs-msds-un38-3-certification-from-rooder-technology-limited\/#breadcrumb","itemListElement":[{"@type":"ListItem","position":1,"name":"HOME","item":"https:\/\/www.rooderchina.com\/"},{"@type":"ListItem","position":2,"name":"Shop","item":"https:\/\/www.rooderchina.com\/shop\/"},{"@type":"ListItem","position":3,"name":"6.5 inch hoverboard balance scooter r8n with lamborghini design bluetooth led light lg battery CE FCC ROHS MSDS UN38.3 certification from Rooder Technology Limited"}]},{"@type":"WebSite","@id":"https:\/\/www.rooderchina.com\/#website","url":"https:\/\/www.rooderchina.com\/","name":"Electric Scooters Bikes Citycoco Manufacturer","description":"Rooder Technology Limited","publisher":{"@id":"https:\/\/www.rooderchina.com\/#organization"},"potentialAction":[{"@type":"SearchAction","target":{"@type":"EntryPoint","urlTemplate":"https:\/\/www.rooderchina.com\/?s={search_term_string}"},"query-input":"required name=search_term_string"}],"inLanguage":"tr"},{"@type":"Organization","@id":"https:\/\/www.rooderchina.com\/#organization","name":"Electric Scooters Bikes Citycoco Manufacturer","url":"https:\/\/www.rooderchina.com\/","logo":{"@type":"ImageObject","inLanguage":"tr","@id":"https:\/\/www.rooderchina.com\/#\/schema\/logo\/image\/","url":"https:\/\/www.rooderchina.com\/wp-content\/uploads\/2023\/12\/rooder2.jpg","contentUrl":"https:\/\/www.rooderchina.com\/wp-content\/uploads\/2023\/12\/rooder2.jpg","width":1723,"height":1037,"caption":"Electric Scooters Bikes Citycoco Manufacturer"},"image":{"@id":"https:\/\/www.rooderchina.com\/#\/schema\/logo\/image\/"},"sameAs":["https:\/\/www.facebook.com\/rooder.tec","https:\/\/twitter.com\/RooderTec"]}]}},"_links":{"self":[{"href":"https:\/\/www.rooderchina.com\/tr\/wp-json\/wp\/v2\/product\/10430","targetHints":{"allow":["GET"]}}],"collection":[{"href":"https:\/\/www.rooderchina.com\/tr\/wp-json\/wp\/v2\/product"}],"about":[{"href":"https:\/\/www.rooderchina.com\/tr\/wp-json\/wp\/v2\/types\/product"}],"replies":[{"embeddable":true,"href":"https:\/\/www.rooderchina.com\/tr\/wp-json\/wp\/v2\/comments?post=10430"}],"version-history":[{"count":1,"href":"https:\/\/www.rooderchina.com\/tr\/wp-json\/wp\/v2\/product\/10430\/revisions"}],"predecessor-version":[{"id":10431,"href":"https:\/\/www.rooderchina.com\/tr\/wp-json\/wp\/v2\/product\/10430\/revisions\/10431"}],"wp:featuredmedia":[{"embeddable":true,"href":"https:\/\/www.rooderchina.com\/tr\/wp-json\/wp\/v2\/media\/10432"}],"wp:attachment":[{"href":"https:\/\/www.rooderchina.com\/tr\/wp-json\/wp\/v2\/media?parent=10430"}],"wp:term":[{"taxonomy":"product_brand","embeddable":true,"href":"https:\/\/www.rooderchina.com\/tr\/wp-json\/wp\/v2\/product_brand?post=10430"},{"taxonomy":"product_cat","embeddable":true,"href":"https:\/\/www.rooderchina.com\/tr\/wp-json\/wp\/v2\/product_cat?post=10430"},{"taxonomy":"product_tag","embeddable":true,"href":"https:\/\/www.rooderchina.com\/tr\/wp-json\/wp\/v2\/product_tag?post=10430"}],"curies":[{"name":"wp","href":"https:\/\/api.w.org\/{rel}","templated":true}]}}