{"id":10264,"date":"2023-11-11T19:08:29","date_gmt":"2023-11-11T11:08:29","guid":{"rendered":"http:\/\/www.rooderchina.com\/index.php\/product\/best-electric-hoverboard-r806-with-lamborghini-design-two-8-inch-smart-balance-wheels-led-lights-bluetooth-safe-lg-samsung-battery-pink-yellow-orange-graffiti\/"},"modified":"2023-11-11T19:09:07","modified_gmt":"2023-11-11T11:09:07","slug":"best-electric-hoverboard-r806-with-lamborghini-design-two-8-inch-smart-balance-wheels-led-lights-bluetooth-safe-lg-samsung-battery-pink-yellow-orange-graffiti","status":"publish","type":"product","link":"https:\/\/www.rooderchina.com\/tr\/urun\/best-electric-hoverboard-r806-with-lamborghini-design-two-8-inch-smart-balance-wheels-led-lights-bluetooth-safe-lg-samsung-battery-pink-yellow-orange-graffiti\/","title":{"rendered":"lamborghini tasar\u0131m\u0131 ile en iyi elektrikli u\u00e7an kaykay r806 iki 8 in\u00e7 ak\u0131ll\u0131 denge tekerlekleri led \u0131\u015f\u0131klar bluetooth g\u00fcvenli lg samsung pil pembe sar\u0131 turuncu grafiti"},"content":{"rendered":"<p>Rooder is China&#8217;s leading manufacturer of <a href=\"https:\/\/www.rooderchina.com\/tr\/tag\/scooter-electric-self-balancing\/\" title=\"View all posts in scooter electric self balancing\" target=\"_blank\" rel=\"noopener\">scooter electric self balancing<\/a> products.<\/p>\n<p>Based on customer demand, we have been keeping innovating and producing for 7 years in scooter field, ranking top in scooter core technology, scooter programs and brand OEM in Shenzhen China.<\/p>\n<p>Our target is to establish long-term business relationships with customers from around the world and invite interested parties to contact us with their inquiries.<\/p>\n<p><strong><a href=\"https:\/\/www.rooderchina.com\/tr\/tag\/best-electric-hoverboard\/\" title=\"View all posts in best electric hoverboard\" target=\"_blank\" rel=\"noopener\">best electric hoverboard<\/a> r806 with lamborghini design two 8 inch smart balance wheels led lights bluetooth safe lg samsung battery pink yellow orange graffiti<\/strong><\/p>\n<\/p>\n<p>&nbsp;<\/p>\n<p>model:r806<br \/>\ndimensions: 604*225*185mm<br \/>\nbattery: built-in li-ion battery (36v, 4.4 ah) samsung<br \/>\nmax mileage: 20km<br \/>\nmotor power:350w*2<br \/>\ncharging requirements:ac100-240v\/50-60hz<br \/>\nrange per charger:15-20km<br \/>\nmax speed:10km\/h<br \/>\nmax loading: 120kg<br \/>\nmax climb:\u226415 degree<br \/>\nnet weight: 11.25kg<br \/>\ntire size: 8 inch<br \/>\npadel height: 48mm<br \/>\npower show: colorful led lights<br \/>\ncolor option: black, white, blue, green, red<br \/>\ncarton size: 68cm x 31cm x 29cm<br \/>\ngw: 14kgs<br \/>\nse\u00e7enek: bluetooth \/ uzaktan kumanda<\/p>\n<p>1 adet\/karton<br \/>\nnet weight:11.25kg<br \/>\ngw:14kg<br \/>\nproduct size:604*225*185mm<br \/>\ncarton size:68cm x 31cm x 29cm<br \/>\n0.061cbm\/piece<\/p>\n<p>konteyner d\u00fczeni:<br \/>\n474pcs in 20gp<br \/>\n1014pcs in 40gp<br \/>\n1145pcs in 40hc<br \/>\nhs kodu: 8711600010<\/p><\/p>","protected":false},"excerpt":{"rendered":"<h3>K\u0131sa A\u00e7\u0131klama:<\/h3>\n<p><p>y\u00fcksek kalite d\u00fc\u015f\u00fck fiyat en iyi elektrikli hoverboard, toptan \u00c7in en iyi elektrikli hoverboard Rooder en iyi elektrikli hoverboard \u00fcretici fabrika tedarik\u00e7i ve ihracat\u00e7\u0131 firma www.RooderChina.com \u00fczerinde bulmak<\/p>\n<p>lamborghini tasar\u0131m<br \/>\n8 in\u00e7 tekerlekler<br \/>\nled \u0131\u015f\u0131klar<br \/>\nBluetooth<br \/>\nsamsung batarya<br \/>\ngrafiti rengi<br \/>\nkrom rengi<br \/>\nkamuflaj renkleri<\/p>\n<\/p>\n<p><\/p>\n<li><em>Marka: <\/em> OEM\/ODM\/ROODER<\/li>\n<li><em>Min.Sipari\u015f Miktar\u0131: <\/em> 10 Adet \/ Adet<\/li>\n<li><em>Tedarik Yetene\u011fi: <\/em> 10000 Adet \/ Adet her Ay<\/li>\n<li><em>Liman: <\/em> Shenzhen<\/li>\n<li><em>\u00d6deme Ko\u015fullar\u0131: <\/em> T\/T, L\/C, D\/A, D\/P<\/li>","protected":false},"featured_media":10266,"comment_status":"closed","ping_status":"open","template":"","meta":[],"product_brand":[],"product_cat":[556],"product_tag":[1051,1052,1053,1054,1055,1056,1057,1058,1059,1060,1061,1062,1063,1064,1065],"class_list":{"0":"post-10264","1":"product","2":"type-product","3":"status-publish","4":"has-post-thumbnail","6":"product_cat-others","7":"product_tag-best-electric-hoverboard","8":"product_tag-best-hoverboard","9":"product_tag-cheap-safe-hoverboards","10":"product_tag-cool-hoverboard","11":"product_tag-cool-hoverboards-for-sale","12":"product_tag-hoverboard-best","13":"product_tag-hoverboard-safe","14":"product_tag-hoverboard-store","15":"product_tag-hoverboard-wholesale","16":"product_tag-hoverboarder","17":"product_tag-safe-hoverboards","18":"product_tag-safest-hoverboard","19":"product_tag-scooter-electric-self-balancing","20":"product_tag-smart-self-balance-board","21":"product_tag-the-best-hoverboard","23":"first","24":"instock","25":"product-type-simple"},"yoast_head":"<!-- This site is optimized with the Yoast SEO plugin v21.7 - https:\/\/yoast.com\/wordpress\/plugins\/seo\/ -->\n<title>best electric hoverboard r806 with lamborghini design two 8 inch smart balance wheels led lights bluetooth safe lg samsung battery pink yellow orange graffiti - Electric Scooters Bikes Citycoco Manufacturer<\/title>\n<meta name=\"robots\" content=\"index, follow, max-snippet:-1, max-image-preview:large, max-video-preview:-1\" \/>\n<link rel=\"canonical\" href=\"https:\/\/www.rooderchina.com\/tr\/urun\/best-electric-hoverboard-r806-with-lamborghini-design-two-8-inch-smart-balance-wheels-led-lights-bluetooth-safe-lg-samsung-battery-pink-yellow-orange-graffiti\/\" \/>\n<meta property=\"og:locale\" content=\"tr_TR\" \/>\n<meta property=\"og:type\" content=\"article\" \/>\n<meta property=\"og:title\" content=\"best electric hoverboard r806 with lamborghini design two 8 inch smart balance wheels led lights bluetooth safe lg samsung battery pink yellow orange graffiti - Electric Scooters Bikes Citycoco Manufacturer\" \/>\n<meta property=\"og:description\" content=\"Short Description: find high quality low price\u00a0best electric hoverboard, wholesale China\u00a0best electric hoverboard from Rooder\u00a0best electric hoverboard manufacturer factory supplier and exporter company on www.RooderChina.com lamborghini design 8 inch wheels led lights bluetooth samsung battery graffiti color chrome color camouflage colours    Brand: OEM\/ODM\/ROODER   Min.Order Quantity: 10 Piece\/Pieces   Supply Ability: 10000 Piece\/Pieces per Month   Port: Shenzhen   Payment Terms: T\/T, L\/C, D\/A, D\/P\" \/>\n<meta property=\"og:url\" content=\"https:\/\/www.rooderchina.com\/tr\/urun\/best-electric-hoverboard-r806-with-lamborghini-design-two-8-inch-smart-balance-wheels-led-lights-bluetooth-safe-lg-samsung-battery-pink-yellow-orange-graffiti\/\" \/>\n<meta property=\"og:site_name\" content=\"Electric Scooters Bikes Citycoco Manufacturer\" \/>\n<meta property=\"article:publisher\" content=\"https:\/\/www.facebook.com\/rooder.tec\" \/>\n<meta property=\"article:modified_time\" content=\"2023-11-11T11:09:07+00:00\" \/>\n<meta property=\"og:image\" content=\"https:\/\/www.rooderchina.com\/wp-content\/uploads\/2023\/11\/1f42c4d6.jpg\" \/>\n\t<meta property=\"og:image:width\" content=\"750\" \/>\n\t<meta property=\"og:image:height\" content=\"750\" \/>\n\t<meta property=\"og:image:type\" content=\"image\/jpeg\" \/>\n<meta name=\"twitter:card\" content=\"summary_large_image\" \/>\n<meta name=\"twitter:site\" content=\"@RooderTec\" \/>\n<meta name=\"twitter:label1\" content=\"Tahmini okuma s\u00fcresi\" \/>\n\t<meta name=\"twitter:data1\" content=\"1 dakika\" \/>\n<script type=\"application\/ld+json\" class=\"yoast-schema-graph\">{\"@context\":\"https:\/\/schema.org\",\"@graph\":[{\"@type\":\"WebPage\",\"@id\":\"https:\/\/www.rooderchina.com\/product\/best-electric-hoverboard-r806-with-lamborghini-design-two-8-inch-smart-balance-wheels-led-lights-bluetooth-safe-lg-samsung-battery-pink-yellow-orange-graffiti\/\",\"url\":\"https:\/\/www.rooderchina.com\/product\/best-electric-hoverboard-r806-with-lamborghini-design-two-8-inch-smart-balance-wheels-led-lights-bluetooth-safe-lg-samsung-battery-pink-yellow-orange-graffiti\/\",\"name\":\"best electric hoverboard r806 with lamborghini design two 8 inch smart balance wheels led lights bluetooth safe lg samsung battery pink yellow orange graffiti - Electric Scooters Bikes Citycoco Manufacturer\",\"isPartOf\":{\"@id\":\"https:\/\/www.rooderchina.com\/#website\"},\"datePublished\":\"2023-11-11T11:08:29+00:00\",\"dateModified\":\"2023-11-11T11:09:07+00:00\",\"breadcrumb\":{\"@id\":\"https:\/\/www.rooderchina.com\/product\/best-electric-hoverboard-r806-with-lamborghini-design-two-8-inch-smart-balance-wheels-led-lights-bluetooth-safe-lg-samsung-battery-pink-yellow-orange-graffiti\/#breadcrumb\"},\"inLanguage\":\"tr\",\"potentialAction\":[{\"@type\":\"ReadAction\",\"target\":[\"https:\/\/www.rooderchina.com\/product\/best-electric-hoverboard-r806-with-lamborghini-design-two-8-inch-smart-balance-wheels-led-lights-bluetooth-safe-lg-samsung-battery-pink-yellow-orange-graffiti\/\"]}]},{\"@type\":\"BreadcrumbList\",\"@id\":\"https:\/\/www.rooderchina.com\/product\/best-electric-hoverboard-r806-with-lamborghini-design-two-8-inch-smart-balance-wheels-led-lights-bluetooth-safe-lg-samsung-battery-pink-yellow-orange-graffiti\/#breadcrumb\",\"itemListElement\":[{\"@type\":\"ListItem\",\"position\":1,\"name\":\"HOME\",\"item\":\"https:\/\/www.rooderchina.com\/\"},{\"@type\":\"ListItem\",\"position\":2,\"name\":\"Shop\",\"item\":\"https:\/\/www.rooderchina.com\/shop\/\"},{\"@type\":\"ListItem\",\"position\":3,\"name\":\"best electric hoverboard r806 with lamborghini design two 8 inch smart balance wheels led lights bluetooth safe lg samsung battery pink yellow orange graffiti\"}]},{\"@type\":\"WebSite\",\"@id\":\"https:\/\/www.rooderchina.com\/#website\",\"url\":\"https:\/\/www.rooderchina.com\/\",\"name\":\"Electric Scooters Bikes Citycoco Manufacturer\",\"description\":\"Rooder Technology Limited\",\"publisher\":{\"@id\":\"https:\/\/www.rooderchina.com\/#organization\"},\"potentialAction\":[{\"@type\":\"SearchAction\",\"target\":{\"@type\":\"EntryPoint\",\"urlTemplate\":\"https:\/\/www.rooderchina.com\/?s={search_term_string}\"},\"query-input\":\"required name=search_term_string\"}],\"inLanguage\":\"tr\"},{\"@type\":\"Organization\",\"@id\":\"https:\/\/www.rooderchina.com\/#organization\",\"name\":\"Electric Scooters Bikes Citycoco Manufacturer\",\"url\":\"https:\/\/www.rooderchina.com\/\",\"logo\":{\"@type\":\"ImageObject\",\"inLanguage\":\"tr\",\"@id\":\"https:\/\/www.rooderchina.com\/#\/schema\/logo\/image\/\",\"url\":\"https:\/\/www.rooderchina.com\/wp-content\/uploads\/2023\/12\/rooder2.jpg\",\"contentUrl\":\"https:\/\/www.rooderchina.com\/wp-content\/uploads\/2023\/12\/rooder2.jpg\",\"width\":1723,\"height\":1037,\"caption\":\"Electric Scooters Bikes Citycoco Manufacturer\"},\"image\":{\"@id\":\"https:\/\/www.rooderchina.com\/#\/schema\/logo\/image\/\"},\"sameAs\":[\"https:\/\/www.facebook.com\/rooder.tec\",\"https:\/\/twitter.com\/RooderTec\"]}]}<\/script>\n<!-- \/ Yoast SEO plugin. -->","yoast_head_json":{"title":"best electric hoverboard r806 with lamborghini design two 8 inch smart balance wheels led lights bluetooth safe lg samsung battery pink yellow orange graffiti - Electric Scooters Bikes Citycoco Manufacturer","robots":{"index":"index","follow":"follow","max-snippet":"max-snippet:-1","max-image-preview":"max-image-preview:large","max-video-preview":"max-video-preview:-1"},"canonical":"https:\/\/www.rooderchina.com\/tr\/urun\/best-electric-hoverboard-r806-with-lamborghini-design-two-8-inch-smart-balance-wheels-led-lights-bluetooth-safe-lg-samsung-battery-pink-yellow-orange-graffiti\/","og_locale":"tr_TR","og_type":"article","og_title":"best electric hoverboard r806 with lamborghini design two 8 inch smart balance wheels led lights bluetooth safe lg samsung battery pink yellow orange graffiti - Electric Scooters Bikes Citycoco Manufacturer","og_description":"Short Description: find high quality low price\u00a0best electric hoverboard, wholesale China\u00a0best electric hoverboard from Rooder\u00a0best electric hoverboard manufacturer factory supplier and exporter company on www.RooderChina.com lamborghini design 8 inch wheels led lights bluetooth samsung battery graffiti color chrome color camouflage colours    Brand: OEM\/ODM\/ROODER   Min.Order Quantity: 10 Piece\/Pieces   Supply Ability: 10000 Piece\/Pieces per Month   Port: Shenzhen   Payment Terms: T\/T, L\/C, D\/A, D\/P","og_url":"https:\/\/www.rooderchina.com\/tr\/urun\/best-electric-hoverboard-r806-with-lamborghini-design-two-8-inch-smart-balance-wheels-led-lights-bluetooth-safe-lg-samsung-battery-pink-yellow-orange-graffiti\/","og_site_name":"Electric Scooters Bikes Citycoco Manufacturer","article_publisher":"https:\/\/www.facebook.com\/rooder.tec","article_modified_time":"2023-11-11T11:09:07+00:00","og_image":[{"width":750,"height":750,"url":"https:\/\/www.rooderchina.com\/wp-content\/uploads\/2023\/11\/1f42c4d6.jpg","type":"image\/jpeg"}],"twitter_card":"summary_large_image","twitter_site":"@RooderTec","twitter_misc":{"Tahmini okuma s\u00fcresi":"1 dakika"},"schema":{"@context":"https:\/\/schema.org","@graph":[{"@type":"WebPage","@id":"https:\/\/www.rooderchina.com\/product\/best-electric-hoverboard-r806-with-lamborghini-design-two-8-inch-smart-balance-wheels-led-lights-bluetooth-safe-lg-samsung-battery-pink-yellow-orange-graffiti\/","url":"https:\/\/www.rooderchina.com\/product\/best-electric-hoverboard-r806-with-lamborghini-design-two-8-inch-smart-balance-wheels-led-lights-bluetooth-safe-lg-samsung-battery-pink-yellow-orange-graffiti\/","name":"best electric hoverboard r806 with lamborghini design two 8 inch smart balance wheels led lights bluetooth safe lg samsung battery pink yellow orange graffiti - Electric Scooters Bikes Citycoco Manufacturer","isPartOf":{"@id":"https:\/\/www.rooderchina.com\/#website"},"datePublished":"2023-11-11T11:08:29+00:00","dateModified":"2023-11-11T11:09:07+00:00","breadcrumb":{"@id":"https:\/\/www.rooderchina.com\/product\/best-electric-hoverboard-r806-with-lamborghini-design-two-8-inch-smart-balance-wheels-led-lights-bluetooth-safe-lg-samsung-battery-pink-yellow-orange-graffiti\/#breadcrumb"},"inLanguage":"tr","potentialAction":[{"@type":"ReadAction","target":["https:\/\/www.rooderchina.com\/product\/best-electric-hoverboard-r806-with-lamborghini-design-two-8-inch-smart-balance-wheels-led-lights-bluetooth-safe-lg-samsung-battery-pink-yellow-orange-graffiti\/"]}]},{"@type":"BreadcrumbList","@id":"https:\/\/www.rooderchina.com\/product\/best-electric-hoverboard-r806-with-lamborghini-design-two-8-inch-smart-balance-wheels-led-lights-bluetooth-safe-lg-samsung-battery-pink-yellow-orange-graffiti\/#breadcrumb","itemListElement":[{"@type":"ListItem","position":1,"name":"HOME","item":"https:\/\/www.rooderchina.com\/"},{"@type":"ListItem","position":2,"name":"Shop","item":"https:\/\/www.rooderchina.com\/shop\/"},{"@type":"ListItem","position":3,"name":"best electric hoverboard r806 with lamborghini design two 8 inch smart balance wheels led lights bluetooth safe lg samsung battery pink yellow orange graffiti"}]},{"@type":"WebSite","@id":"https:\/\/www.rooderchina.com\/#website","url":"https:\/\/www.rooderchina.com\/","name":"Electric Scooters Bikes Citycoco Manufacturer","description":"Rooder Technology Limited","publisher":{"@id":"https:\/\/www.rooderchina.com\/#organization"},"potentialAction":[{"@type":"SearchAction","target":{"@type":"EntryPoint","urlTemplate":"https:\/\/www.rooderchina.com\/?s={search_term_string}"},"query-input":"required name=search_term_string"}],"inLanguage":"tr"},{"@type":"Organization","@id":"https:\/\/www.rooderchina.com\/#organization","name":"Electric Scooters Bikes Citycoco Manufacturer","url":"https:\/\/www.rooderchina.com\/","logo":{"@type":"ImageObject","inLanguage":"tr","@id":"https:\/\/www.rooderchina.com\/#\/schema\/logo\/image\/","url":"https:\/\/www.rooderchina.com\/wp-content\/uploads\/2023\/12\/rooder2.jpg","contentUrl":"https:\/\/www.rooderchina.com\/wp-content\/uploads\/2023\/12\/rooder2.jpg","width":1723,"height":1037,"caption":"Electric Scooters Bikes Citycoco Manufacturer"},"image":{"@id":"https:\/\/www.rooderchina.com\/#\/schema\/logo\/image\/"},"sameAs":["https:\/\/www.facebook.com\/rooder.tec","https:\/\/twitter.com\/RooderTec"]}]}},"_links":{"self":[{"href":"https:\/\/www.rooderchina.com\/tr\/wp-json\/wp\/v2\/product\/10264","targetHints":{"allow":["GET"]}}],"collection":[{"href":"https:\/\/www.rooderchina.com\/tr\/wp-json\/wp\/v2\/product"}],"about":[{"href":"https:\/\/www.rooderchina.com\/tr\/wp-json\/wp\/v2\/types\/product"}],"replies":[{"embeddable":true,"href":"https:\/\/www.rooderchina.com\/tr\/wp-json\/wp\/v2\/comments?post=10264"}],"version-history":[{"count":1,"href":"https:\/\/www.rooderchina.com\/tr\/wp-json\/wp\/v2\/product\/10264\/revisions"}],"predecessor-version":[{"id":10265,"href":"https:\/\/www.rooderchina.com\/tr\/wp-json\/wp\/v2\/product\/10264\/revisions\/10265"}],"wp:featuredmedia":[{"embeddable":true,"href":"https:\/\/www.rooderchina.com\/tr\/wp-json\/wp\/v2\/media\/10266"}],"wp:attachment":[{"href":"https:\/\/www.rooderchina.com\/tr\/wp-json\/wp\/v2\/media?parent=10264"}],"wp:term":[{"taxonomy":"product_brand","embeddable":true,"href":"https:\/\/www.rooderchina.com\/tr\/wp-json\/wp\/v2\/product_brand?post=10264"},{"taxonomy":"product_cat","embeddable":true,"href":"https:\/\/www.rooderchina.com\/tr\/wp-json\/wp\/v2\/product_cat?post=10264"},{"taxonomy":"product_tag","embeddable":true,"href":"https:\/\/www.rooderchina.com\/tr\/wp-json\/wp\/v2\/product_tag?post=10264"}],"curies":[{"name":"wp","href":"https:\/\/api.w.org\/{rel}","templated":true}]}}