{"id":10220,"date":"2023-11-11T19:08:29","date_gmt":"2023-11-11T11:08:29","guid":{"rendered":"http:\/\/www.rooderchina.com\/index.php\/product\/best-price-for-hoverbord-r807-with-two-10-inch-smart-balance-off-road-wheel-bluetooth-samsung-battery-from-rooder-self-balancing-scooter-exporter-company\/"},"modified":"2023-11-11T19:08:29","modified_gmt":"2023-11-11T11:08:29","slug":"best-price-for-hoverbord-r807-with-two-10-inch-smart-balance-off-road-wheel-bluetooth-samsung-battery-from-rooder-self-balancing-scooter-exporter-company","status":"publish","type":"product","link":"https:\/\/www.rooderchina.com\/tr\/urun\/best-price-for-hoverbord-r807-with-two-10-inch-smart-balance-off-road-wheel-bluetooth-samsung-battery-from-rooder-self-balancing-scooter-exporter-company\/","title":{"rendered":"iki 10 in\u00e7 ak\u0131ll\u0131 denge kapal\u0131 yol tekerle\u011fi bluetooth samsung pil ile hoverbord r807 i\u00e7in en iyi fiyat Rooder kendini dengeleyen scooter ihracat\u00e7\u0131 firmas\u0131ndan"},"content":{"rendered":"<p>We have 7 years of electric scooter, <a href=\"https:\/\/www.rooderchina.com\/tr\/tag\/segboards\/\" title=\"View all posts in segboards\" target=\"_blank\" rel=\"noopener\">segboards<\/a>, and <a href=\"https:\/\/www.rooderchina.com\/tr\/tag\/self-balancing-segway\/\" title=\"View all posts in self balancing segway\" target=\"_blank\" rel=\"noopener\">self balancing segway<\/a> experience. As a R&amp;D, design and sales comprehensive , modern high-tech company, Rooder has a powerful and complete R&amp;D design team, professional sales team, and more than 10 years of OEM design and manufacturing experiences.<\/p>\n<p>Our factory covers more than 3000 meter square, equipped with advanced facilities and skilled workers. We pay much attention to quality control, our products have attained CE,FCC, RoHS certifications. Annual production capacity is 1 million.<\/p>\n<p>&#8220;Be loyal to company, sincere to customer and honest to colleague&#8221; is the enterprise tenet of Rooder, and take technological innovation as our basis. With further development, we hope to establish friendly and long-term business relationship with all trades and customers.<\/p>\n<p>&nbsp;<\/p>\n<p><strong>iki 10 in\u00e7 ak\u0131ll\u0131 denge kapal\u0131 yol tekerle\u011fi bluetooth samsung pil ile hoverbord r807 i\u00e7in en iyi fiyat Rooder kendini dengeleyen scooter ihracat\u00e7\u0131 firmas\u0131ndan\u00a0<\/strong><\/p>\n<\/p>\n<p>model: r807h<br \/>\nbattery: built-in li-ion battery (36v, 4.4 ah) samsung<br \/>\nmax mileage: 20km<br \/>\nmotor power:350w*2<br \/>\ncharging requirements:ac100-240v\/50-60hz<br \/>\nrange per charger:15-20km<br \/>\nmax speed:10km\/h<br \/>\nmax loading: 120kg<br \/>\nmax climb:\u226415 degree<br \/>\nnet weight: 13.5kg<br \/>\ntire size: 10 inch<br \/>\npadel height: 270mm<br \/>\npower show: led light<br \/>\ncolor option: black, white, blue, green, red<br \/>\ncarton size: 71cm x 35cm x 36cm<br \/>\ngw: 15kgs<br \/>\nse\u00e7enek: bluetooth \/ uzaktan kumanda<\/p>\n<p>1 adet\/karton<br \/>\nnet weight:12kg<br \/>\ngw:15kg<br \/>\ncarton size:71cm x 35cm x 36cm<br \/>\n0.089cbm\/piece<\/p>\n<p>konteyner d\u00fczeni:<br \/>\n324pcs in 20gp<br \/>\n693pcs in 40gp<br \/>\n782pcs in 40hc<br \/>\nhs kodu: 8711600010<\/p><\/p>","protected":false},"excerpt":{"rendered":"<h3>K\u0131sa A\u00e7\u0131klama:<\/h3>\n<p><p>hoverboard i\u00e7in y\u00fcksek kalite ve en iyi fiyat bulmak, hoverboard i\u00e7in toptan en iyi fiyat Rooder hoverboard tedarik\u00e7isi fabrika \u00fcreticisi ihracat\u00e7\u0131 \u015firket i\u00e7in en iyi fiyat www.RooderChina.com<\/p>\n<p>10 in\u00e7<br \/>\nBluetooth<br \/>\nsamsung batarya<br \/>\nuygulama<\/p>\n<\/p>\n<p><\/p>\n<li><em>Marka: <\/em> OEM\/ODM\/ROODER<\/li>\n<li><em>Min.Sipari\u015f Miktar\u0131: <\/em> 10 Adet \/ Adet<\/li>\n<li><em>Tedarik Yetene\u011fi: <\/em> 10000 Adet \/ Adet her Ay<\/li>\n<li><em>Liman: <\/em> Shenzhen<\/li>\n<li><em>\u00d6deme Ko\u015fullar\u0131: <\/em> T\/T, L\/C, D\/A, D\/P<\/li>","protected":false},"featured_media":10222,"comment_status":"closed","ping_status":"open","template":"","meta":[],"product_brand":[],"product_cat":[556],"product_tag":[1036,1037,1038,1039,1040,1041,1042,1043,1044,1045,1046,1047,1048,1049,1050],"class_list":{"0":"post-10220","1":"product","2":"type-product","3":"status-publish","4":"has-post-thumbnail","6":"product_cat-others","7":"product_tag-best-price-for-hoverboard","8":"product_tag-best-price-on-hoverboards","9":"product_tag-cheap-safe-hoverboard","10":"product_tag-electric-hoverboard-for-sale","11":"product_tag-hoover-boards","12":"product_tag-hover-boards","13":"product_tag-hoverboard-company","14":"product_tag-hoverboard-new","15":"product_tag-new-hover-board","16":"product_tag-new-hoverboards-for-sale","17":"product_tag-segboard","18":"product_tag-segboards","19":"product_tag-segway-hoverboard-for-sale","20":"product_tag-self-balancing-segway","21":"product_tag-top-safest-hoverboards","23":"first","24":"instock","25":"product-type-simple"},"yoast_head":"<!-- This site is optimized with the Yoast SEO plugin v21.7 - https:\/\/yoast.com\/wordpress\/plugins\/seo\/ -->\n<title>best price for hoverbord r807 with two 10 inch smart balance off road wheel bluetooth samsung battery from Rooder self balancing scooter exporter company - Electric Scooters Bikes Citycoco Manufacturer<\/title>\n<meta name=\"robots\" content=\"index, follow, max-snippet:-1, max-image-preview:large, max-video-preview:-1\" \/>\n<link rel=\"canonical\" href=\"https:\/\/www.rooderchina.com\/tr\/urun\/best-price-for-hoverbord-r807-with-two-10-inch-smart-balance-off-road-wheel-bluetooth-samsung-battery-from-rooder-self-balancing-scooter-exporter-company\/\" \/>\n<meta property=\"og:locale\" content=\"tr_TR\" \/>\n<meta property=\"og:type\" content=\"article\" \/>\n<meta property=\"og:title\" content=\"best price for hoverbord r807 with two 10 inch smart balance off road wheel bluetooth samsung battery from Rooder self balancing scooter exporter company - Electric Scooters Bikes Citycoco Manufacturer\" \/>\n<meta property=\"og:description\" content=\"Short Description: find high quality and\u00a0best price for hoverboard, wholesale\u00a0best price for hoverboard from Rooder\u00a0best price for hoverboard supplier factory manufacturer exporter company on www.RooderChina.com 10inch bluetooth samsung battery app    Brand: OEM\/ODM\/ROODER   Min.Order Quantity: 10 Piece\/Pieces   Supply Ability: 10000 Piece\/Pieces per Month   Port: Shenzhen   Payment Terms: T\/T, L\/C, D\/A, D\/P\" \/>\n<meta property=\"og:url\" content=\"https:\/\/www.rooderchina.com\/tr\/urun\/best-price-for-hoverbord-r807-with-two-10-inch-smart-balance-off-road-wheel-bluetooth-samsung-battery-from-rooder-self-balancing-scooter-exporter-company\/\" \/>\n<meta property=\"og:site_name\" content=\"Electric Scooters Bikes Citycoco Manufacturer\" \/>\n<meta property=\"article:publisher\" content=\"https:\/\/www.facebook.com\/rooder.tec\" \/>\n<meta property=\"og:image\" content=\"https:\/\/www.rooderchina.com\/wp-content\/uploads\/2023\/11\/592e9360.jpg\" \/>\n\t<meta property=\"og:image:width\" content=\"750\" \/>\n\t<meta property=\"og:image:height\" content=\"750\" \/>\n\t<meta property=\"og:image:type\" content=\"image\/jpeg\" \/>\n<meta name=\"twitter:card\" content=\"summary_large_image\" \/>\n<meta name=\"twitter:site\" content=\"@RooderTec\" \/>\n<meta name=\"twitter:label1\" content=\"Tahmini okuma s\u00fcresi\" \/>\n\t<meta name=\"twitter:data1\" content=\"1 dakika\" \/>\n<script type=\"application\/ld+json\" class=\"yoast-schema-graph\">{\"@context\":\"https:\/\/schema.org\",\"@graph\":[{\"@type\":\"WebPage\",\"@id\":\"https:\/\/www.rooderchina.com\/product\/best-price-for-hoverbord-r807-with-two-10-inch-smart-balance-off-road-wheel-bluetooth-samsung-battery-from-rooder-self-balancing-scooter-exporter-company\/\",\"url\":\"https:\/\/www.rooderchina.com\/product\/best-price-for-hoverbord-r807-with-two-10-inch-smart-balance-off-road-wheel-bluetooth-samsung-battery-from-rooder-self-balancing-scooter-exporter-company\/\",\"name\":\"best price for hoverbord r807 with two 10 inch smart balance off road wheel bluetooth samsung battery from Rooder self balancing scooter exporter company - Electric Scooters Bikes Citycoco Manufacturer\",\"isPartOf\":{\"@id\":\"https:\/\/www.rooderchina.com\/#website\"},\"datePublished\":\"2023-11-11T11:08:29+00:00\",\"dateModified\":\"2023-11-11T11:08:29+00:00\",\"breadcrumb\":{\"@id\":\"https:\/\/www.rooderchina.com\/product\/best-price-for-hoverbord-r807-with-two-10-inch-smart-balance-off-road-wheel-bluetooth-samsung-battery-from-rooder-self-balancing-scooter-exporter-company\/#breadcrumb\"},\"inLanguage\":\"tr\",\"potentialAction\":[{\"@type\":\"ReadAction\",\"target\":[\"https:\/\/www.rooderchina.com\/product\/best-price-for-hoverbord-r807-with-two-10-inch-smart-balance-off-road-wheel-bluetooth-samsung-battery-from-rooder-self-balancing-scooter-exporter-company\/\"]}]},{\"@type\":\"BreadcrumbList\",\"@id\":\"https:\/\/www.rooderchina.com\/product\/best-price-for-hoverbord-r807-with-two-10-inch-smart-balance-off-road-wheel-bluetooth-samsung-battery-from-rooder-self-balancing-scooter-exporter-company\/#breadcrumb\",\"itemListElement\":[{\"@type\":\"ListItem\",\"position\":1,\"name\":\"HOME\",\"item\":\"https:\/\/www.rooderchina.com\/\"},{\"@type\":\"ListItem\",\"position\":2,\"name\":\"Shop\",\"item\":\"https:\/\/www.rooderchina.com\/shop\/\"},{\"@type\":\"ListItem\",\"position\":3,\"name\":\"best price for hoverbord r807 with two 10 inch smart balance off road wheel bluetooth samsung battery from Rooder self balancing scooter exporter company\"}]},{\"@type\":\"WebSite\",\"@id\":\"https:\/\/www.rooderchina.com\/#website\",\"url\":\"https:\/\/www.rooderchina.com\/\",\"name\":\"Electric Scooters Bikes Citycoco Manufacturer\",\"description\":\"Rooder Technology Limited\",\"publisher\":{\"@id\":\"https:\/\/www.rooderchina.com\/#organization\"},\"potentialAction\":[{\"@type\":\"SearchAction\",\"target\":{\"@type\":\"EntryPoint\",\"urlTemplate\":\"https:\/\/www.rooderchina.com\/?s={search_term_string}\"},\"query-input\":\"required name=search_term_string\"}],\"inLanguage\":\"tr\"},{\"@type\":\"Organization\",\"@id\":\"https:\/\/www.rooderchina.com\/#organization\",\"name\":\"Electric Scooters Bikes Citycoco Manufacturer\",\"url\":\"https:\/\/www.rooderchina.com\/\",\"logo\":{\"@type\":\"ImageObject\",\"inLanguage\":\"tr\",\"@id\":\"https:\/\/www.rooderchina.com\/#\/schema\/logo\/image\/\",\"url\":\"https:\/\/www.rooderchina.com\/wp-content\/uploads\/2023\/12\/rooder2.jpg\",\"contentUrl\":\"https:\/\/www.rooderchina.com\/wp-content\/uploads\/2023\/12\/rooder2.jpg\",\"width\":1723,\"height\":1037,\"caption\":\"Electric Scooters Bikes Citycoco Manufacturer\"},\"image\":{\"@id\":\"https:\/\/www.rooderchina.com\/#\/schema\/logo\/image\/\"},\"sameAs\":[\"https:\/\/www.facebook.com\/rooder.tec\",\"https:\/\/twitter.com\/RooderTec\"]}]}<\/script>\n<!-- \/ Yoast SEO plugin. -->","yoast_head_json":{"title":"best price for hoverbord r807 with two 10 inch smart balance off road wheel bluetooth samsung battery from Rooder self balancing scooter exporter company - Electric Scooters Bikes Citycoco Manufacturer","robots":{"index":"index","follow":"follow","max-snippet":"max-snippet:-1","max-image-preview":"max-image-preview:large","max-video-preview":"max-video-preview:-1"},"canonical":"https:\/\/www.rooderchina.com\/tr\/urun\/best-price-for-hoverbord-r807-with-two-10-inch-smart-balance-off-road-wheel-bluetooth-samsung-battery-from-rooder-self-balancing-scooter-exporter-company\/","og_locale":"tr_TR","og_type":"article","og_title":"best price for hoverbord r807 with two 10 inch smart balance off road wheel bluetooth samsung battery from Rooder self balancing scooter exporter company - Electric Scooters Bikes Citycoco Manufacturer","og_description":"Short Description: find high quality and\u00a0best price for hoverboard, wholesale\u00a0best price for hoverboard from Rooder\u00a0best price for hoverboard supplier factory manufacturer exporter company on www.RooderChina.com 10inch bluetooth samsung battery app    Brand: OEM\/ODM\/ROODER   Min.Order Quantity: 10 Piece\/Pieces   Supply Ability: 10000 Piece\/Pieces per Month   Port: Shenzhen   Payment Terms: T\/T, L\/C, D\/A, D\/P","og_url":"https:\/\/www.rooderchina.com\/tr\/urun\/best-price-for-hoverbord-r807-with-two-10-inch-smart-balance-off-road-wheel-bluetooth-samsung-battery-from-rooder-self-balancing-scooter-exporter-company\/","og_site_name":"Electric Scooters Bikes Citycoco Manufacturer","article_publisher":"https:\/\/www.facebook.com\/rooder.tec","og_image":[{"width":750,"height":750,"url":"https:\/\/www.rooderchina.com\/wp-content\/uploads\/2023\/11\/592e9360.jpg","type":"image\/jpeg"}],"twitter_card":"summary_large_image","twitter_site":"@RooderTec","twitter_misc":{"Tahmini okuma s\u00fcresi":"1 dakika"},"schema":{"@context":"https:\/\/schema.org","@graph":[{"@type":"WebPage","@id":"https:\/\/www.rooderchina.com\/product\/best-price-for-hoverbord-r807-with-two-10-inch-smart-balance-off-road-wheel-bluetooth-samsung-battery-from-rooder-self-balancing-scooter-exporter-company\/","url":"https:\/\/www.rooderchina.com\/product\/best-price-for-hoverbord-r807-with-two-10-inch-smart-balance-off-road-wheel-bluetooth-samsung-battery-from-rooder-self-balancing-scooter-exporter-company\/","name":"best price for hoverbord r807 with two 10 inch smart balance off road wheel bluetooth samsung battery from Rooder self balancing scooter exporter company - Electric Scooters Bikes Citycoco Manufacturer","isPartOf":{"@id":"https:\/\/www.rooderchina.com\/#website"},"datePublished":"2023-11-11T11:08:29+00:00","dateModified":"2023-11-11T11:08:29+00:00","breadcrumb":{"@id":"https:\/\/www.rooderchina.com\/product\/best-price-for-hoverbord-r807-with-two-10-inch-smart-balance-off-road-wheel-bluetooth-samsung-battery-from-rooder-self-balancing-scooter-exporter-company\/#breadcrumb"},"inLanguage":"tr","potentialAction":[{"@type":"ReadAction","target":["https:\/\/www.rooderchina.com\/product\/best-price-for-hoverbord-r807-with-two-10-inch-smart-balance-off-road-wheel-bluetooth-samsung-battery-from-rooder-self-balancing-scooter-exporter-company\/"]}]},{"@type":"BreadcrumbList","@id":"https:\/\/www.rooderchina.com\/product\/best-price-for-hoverbord-r807-with-two-10-inch-smart-balance-off-road-wheel-bluetooth-samsung-battery-from-rooder-self-balancing-scooter-exporter-company\/#breadcrumb","itemListElement":[{"@type":"ListItem","position":1,"name":"HOME","item":"https:\/\/www.rooderchina.com\/"},{"@type":"ListItem","position":2,"name":"Shop","item":"https:\/\/www.rooderchina.com\/shop\/"},{"@type":"ListItem","position":3,"name":"best price for hoverbord r807 with two 10 inch smart balance off road wheel bluetooth samsung battery from Rooder self balancing scooter exporter company"}]},{"@type":"WebSite","@id":"https:\/\/www.rooderchina.com\/#website","url":"https:\/\/www.rooderchina.com\/","name":"Electric Scooters Bikes Citycoco Manufacturer","description":"Rooder Technology Limited","publisher":{"@id":"https:\/\/www.rooderchina.com\/#organization"},"potentialAction":[{"@type":"SearchAction","target":{"@type":"EntryPoint","urlTemplate":"https:\/\/www.rooderchina.com\/?s={search_term_string}"},"query-input":"required name=search_term_string"}],"inLanguage":"tr"},{"@type":"Organization","@id":"https:\/\/www.rooderchina.com\/#organization","name":"Electric Scooters Bikes Citycoco Manufacturer","url":"https:\/\/www.rooderchina.com\/","logo":{"@type":"ImageObject","inLanguage":"tr","@id":"https:\/\/www.rooderchina.com\/#\/schema\/logo\/image\/","url":"https:\/\/www.rooderchina.com\/wp-content\/uploads\/2023\/12\/rooder2.jpg","contentUrl":"https:\/\/www.rooderchina.com\/wp-content\/uploads\/2023\/12\/rooder2.jpg","width":1723,"height":1037,"caption":"Electric Scooters Bikes Citycoco Manufacturer"},"image":{"@id":"https:\/\/www.rooderchina.com\/#\/schema\/logo\/image\/"},"sameAs":["https:\/\/www.facebook.com\/rooder.tec","https:\/\/twitter.com\/RooderTec"]}]}},"_links":{"self":[{"href":"https:\/\/www.rooderchina.com\/tr\/wp-json\/wp\/v2\/product\/10220","targetHints":{"allow":["GET"]}}],"collection":[{"href":"https:\/\/www.rooderchina.com\/tr\/wp-json\/wp\/v2\/product"}],"about":[{"href":"https:\/\/www.rooderchina.com\/tr\/wp-json\/wp\/v2\/types\/product"}],"replies":[{"embeddable":true,"href":"https:\/\/www.rooderchina.com\/tr\/wp-json\/wp\/v2\/comments?post=10220"}],"version-history":[{"count":1,"href":"https:\/\/www.rooderchina.com\/tr\/wp-json\/wp\/v2\/product\/10220\/revisions"}],"predecessor-version":[{"id":10221,"href":"https:\/\/www.rooderchina.com\/tr\/wp-json\/wp\/v2\/product\/10220\/revisions\/10221"}],"wp:featuredmedia":[{"embeddable":true,"href":"https:\/\/www.rooderchina.com\/tr\/wp-json\/wp\/v2\/media\/10222"}],"wp:attachment":[{"href":"https:\/\/www.rooderchina.com\/tr\/wp-json\/wp\/v2\/media?parent=10220"}],"wp:term":[{"taxonomy":"product_brand","embeddable":true,"href":"https:\/\/www.rooderchina.com\/tr\/wp-json\/wp\/v2\/product_brand?post=10220"},{"taxonomy":"product_cat","embeddable":true,"href":"https:\/\/www.rooderchina.com\/tr\/wp-json\/wp\/v2\/product_cat?post=10220"},{"taxonomy":"product_tag","embeddable":true,"href":"https:\/\/www.rooderchina.com\/tr\/wp-json\/wp\/v2\/product_tag?post=10220"}],"curies":[{"name":"wp","href":"https:\/\/api.w.org\/{rel}","templated":true}]}}