{"id":10193,"date":"2023-11-11T19:07:53","date_gmt":"2023-11-11T11:07:53","guid":{"rendered":"http:\/\/www.rooderchina.com\/index.php\/product\/cheap-electric-skateboard-r800d-with-remote-control-24v-lithium-battery-150w-motor-for-kids\/"},"modified":"2023-11-20T01:44:25","modified_gmt":"2023-11-19T17:44:25","slug":"cheap-electric-skateboard-r800d-with-remote-control-24v-lithium-battery-150w-motor-for-kids","status":"publish","type":"product","link":"https:\/\/www.rooderchina.com\/tr\/urun\/cheap-electric-skateboard-r800d-with-remote-control-24v-lithium-battery-150w-motor-for-kids\/","title":{"rendered":"uzaktan kumandal\u0131 ucuz elektrikli kaykay r800d \u00e7ocuklar i\u00e7in 24v lityum pil 150w motor"},"content":{"rendered":"<p>Our well-equipped facilities and excellent quality control throughout all stages of production enables us to guarantee total customer satisfaction. As a result of our high quality products and outstanding customer service, we have gained a global sales network reaching Europe, US, Brazil etc.<\/p>\n<p>To future develop the business and do a good job in skateboard trade service, we invest partners <a href=\"https:\/\/www.rooderchina.com\/tr\/tag\/electronic-skateboard\/\" title=\"View all posts in elektronik kaykay\" target=\"_blank\" rel=\"noopener\">electronic skateboard<\/a> factory and assembly workshop in Dongguan City with convenient transportation access.<\/p>\n<p>If you are interested in any of our products or would like to discuss a custom order, please feel free to contact us, we are looking forward to forming successful business relationships with new clients around the world in the near future<\/p>\n<p><strong><a href=\"https:\/\/www.rooderchina.com\/tr\/tag\/cheap-electric-skateboard\/\" title=\"View all posts in ucuz elektrikli kaykay\" target=\"_blank\" rel=\"noopener\">cheap electric skateboard<\/a> r800d with remote control 24v lithium battery 150w motor for kids<\/strong><\/p>\n<\/p>\n<p>&nbsp;<\/p>\n<p>model: r800d<br \/>\nmileage: 10 km<br \/>\ntop speed: 18km\/h<br \/>\nclimbing ability: 18 degrees<br \/>\nmaximum load: 100kg<br \/>\nworking temperature: -40 degrees to 70 degrees<br \/>\nmotor power: 250w<br \/>\nbattery : 25.2v 2.2ah lithium battery.<br \/>\ncharging time: 2-4 hours<br \/>\ncharging temperature: 0-45 degrees<br \/>\novercharge protection: yes<br \/>\ncharger: 90-240v 50-60hz<br \/>\nwaterproof: ip54<br \/>\nbody material: wood + plastic<br \/>\nvehicle dimensions: 70*22*11.5cm<br \/>\nbody height: 11cm<br \/>\nchassis height: 5cm<br \/>\npedal height from the ground: 10cm<br \/>\ntire type: pu solid tires<br \/>\ntire size: 7cm<br \/>\npacking size: 74cm*27cm*16cm<br \/>\nnw: 3.8kg, gw: 5.2kg<br \/>\npackage list: skateboard, charger, remote control<\/p>\n<p>1 adet\/karton<br \/>\ncarton size: 74*27*16cm<br \/>\ngw:3.8kg, nw:5.5kg<br \/>\n0.032cbm\/piece<\/p>\n<p>konteyner d\u00fczeni:<br \/>\n907pcs in 20gp<br \/>\n40gp'de 1939 adet<br \/>\n40 saat i\u00e7inde 2190 adet<\/p>","protected":false},"excerpt":{"rendered":"<h3>K\u0131sa A\u00e7\u0131klama:<\/h3>\n<p><p>en iyi kalite ve ucuz fiyat ucuz elektrikli kaykay, Rooder \u00c7in ucuz elektrikli kaykay tedarik\u00e7i ihracat\u00e7\u0131 \u015firket fabrika \u00fcreticisinden toptan ucuz elektrikli kaykay bulmak www.RooderChina.com<\/p>\n<p>18 kmh maksimum h\u0131z,<br \/>\nuzaktan kumanda,<br \/>\nLityum pil,<br \/>\nPU tekerlekler<\/p>\n<\/p>\n<p><\/p>\n<li><em>Marka: <\/em> OEM\/ODM\/ROODER<\/li>\n<li><em>Min.Sipari\u015f Miktar\u0131: <\/em> 10 Adet \/ Adet<\/li>\n<li><em>Tedarik Yetene\u011fi: <\/em> 10000 Adet \/ Adet her Ay<\/li>\n<li><em>Liman: <\/em> Shenzhen<\/li>\n<li><em>\u00d6deme Ko\u015fullar\u0131: <\/em> T\/T, L\/C, D\/A, D\/P<\/li>","protected":false},"featured_media":10195,"comment_status":"closed","ping_status":"closed","template":"","meta":[],"product_brand":[],"product_cat":[556],"product_tag":[1019,1020,1021,1022,1023,1024,1025,1026,1027],"class_list":{"0":"post-10193","1":"product","2":"type-product","3":"status-publish","4":"has-post-thumbnail","6":"product_cat-others","7":"product_tag-cheap-electric-skateboard","8":"product_tag-e-skateboard","9":"product_tag-electric-skateboard-price","10":"product_tag-electric-skateboard-wheels","11":"product_tag-electric-skateboards","12":"product_tag-electronic-skateboard","13":"product_tag-longboard-electric-skateboard","14":"product_tag-powered-skateboard","15":"product_tag-skateboard-wheel-motor","17":"first","18":"instock","19":"product-type-simple"},"yoast_head":"<!-- This site is optimized with the Yoast SEO plugin v21.7 - https:\/\/yoast.com\/wordpress\/plugins\/seo\/ -->\n<title>cheap electric skateboard r800d with remote control 24v lithium battery 150w motor for kids - Electric Scooters Bikes Citycoco Manufacturer<\/title>\n<meta name=\"robots\" content=\"index, follow, max-snippet:-1, max-image-preview:large, max-video-preview:-1\" \/>\n<link rel=\"canonical\" href=\"https:\/\/www.rooderchina.com\/tr\/urun\/cheap-electric-skateboard-r800d-with-remote-control-24v-lithium-battery-150w-motor-for-kids\/\" \/>\n<meta property=\"og:locale\" content=\"tr_TR\" \/>\n<meta property=\"og:type\" content=\"article\" \/>\n<meta property=\"og:title\" content=\"cheap electric skateboard r800d with remote control 24v lithium battery 150w motor for kids - Electric Scooters Bikes Citycoco Manufacturer\" \/>\n<meta property=\"og:description\" content=\"Short Description: find best quality and cheap price\u00a0cheap electric skateboard, wholesale\u00a0cheap electric skateboard from Rooder China\u00a0cheap electric skateboard\u00a0 supplier exporter company factory manufacturer on www.RooderChina.com 18kmh max speed, remote control, lithium battery, PU wheels    Brand: OEM\/ODM\/ROODER   Min.Order Quantity: 10 Piece\/Pieces   Supply Ability: 10000 Piece\/Pieces per Month   Port: Shenzhen   Payment Terms: T\/T, L\/C, D\/A, D\/P\" \/>\n<meta property=\"og:url\" content=\"https:\/\/www.rooderchina.com\/tr\/urun\/cheap-electric-skateboard-r800d-with-remote-control-24v-lithium-battery-150w-motor-for-kids\/\" \/>\n<meta property=\"og:site_name\" content=\"Electric Scooters Bikes Citycoco Manufacturer\" \/>\n<meta property=\"article:publisher\" content=\"https:\/\/www.facebook.com\/rooder.tec\" \/>\n<meta property=\"article:modified_time\" content=\"2023-11-19T17:44:25+00:00\" \/>\n<meta property=\"og:image\" content=\"https:\/\/www.rooderchina.com\/wp-content\/uploads\/2023\/11\/ecd6dc1f.jpg\" \/>\n\t<meta property=\"og:image:width\" content=\"750\" \/>\n\t<meta property=\"og:image:height\" content=\"750\" \/>\n\t<meta property=\"og:image:type\" content=\"image\/jpeg\" \/>\n<meta name=\"twitter:card\" content=\"summary_large_image\" \/>\n<meta name=\"twitter:site\" content=\"@RooderTec\" \/>\n<meta name=\"twitter:label1\" content=\"Tahmini okuma s\u00fcresi\" \/>\n\t<meta name=\"twitter:data1\" content=\"1 dakika\" \/>\n<script type=\"application\/ld+json\" class=\"yoast-schema-graph\">{\"@context\":\"https:\/\/schema.org\",\"@graph\":[{\"@type\":\"WebPage\",\"@id\":\"https:\/\/www.rooderchina.com\/product\/cheap-electric-skateboard-r800d-with-remote-control-24v-lithium-battery-150w-motor-for-kids\/\",\"url\":\"https:\/\/www.rooderchina.com\/product\/cheap-electric-skateboard-r800d-with-remote-control-24v-lithium-battery-150w-motor-for-kids\/\",\"name\":\"cheap electric skateboard r800d with remote control 24v lithium battery 150w motor for kids - Electric Scooters Bikes Citycoco Manufacturer\",\"isPartOf\":{\"@id\":\"https:\/\/www.rooderchina.com\/#website\"},\"datePublished\":\"2023-11-11T11:07:53+00:00\",\"dateModified\":\"2023-11-19T17:44:25+00:00\",\"breadcrumb\":{\"@id\":\"https:\/\/www.rooderchina.com\/product\/cheap-electric-skateboard-r800d-with-remote-control-24v-lithium-battery-150w-motor-for-kids\/#breadcrumb\"},\"inLanguage\":\"tr\",\"potentialAction\":[{\"@type\":\"ReadAction\",\"target\":[\"https:\/\/www.rooderchina.com\/product\/cheap-electric-skateboard-r800d-with-remote-control-24v-lithium-battery-150w-motor-for-kids\/\"]}]},{\"@type\":\"BreadcrumbList\",\"@id\":\"https:\/\/www.rooderchina.com\/product\/cheap-electric-skateboard-r800d-with-remote-control-24v-lithium-battery-150w-motor-for-kids\/#breadcrumb\",\"itemListElement\":[{\"@type\":\"ListItem\",\"position\":1,\"name\":\"HOME\",\"item\":\"https:\/\/www.rooderchina.com\/\"},{\"@type\":\"ListItem\",\"position\":2,\"name\":\"Shop\",\"item\":\"https:\/\/www.rooderchina.com\/shop\/\"},{\"@type\":\"ListItem\",\"position\":3,\"name\":\"cheap electric skateboard r800d with remote control 24v lithium battery 150w motor for kids\"}]},{\"@type\":\"WebSite\",\"@id\":\"https:\/\/www.rooderchina.com\/#website\",\"url\":\"https:\/\/www.rooderchina.com\/\",\"name\":\"Electric Scooters Bikes Citycoco Manufacturer\",\"description\":\"Rooder Technology Limited\",\"publisher\":{\"@id\":\"https:\/\/www.rooderchina.com\/#organization\"},\"potentialAction\":[{\"@type\":\"SearchAction\",\"target\":{\"@type\":\"EntryPoint\",\"urlTemplate\":\"https:\/\/www.rooderchina.com\/?s={search_term_string}\"},\"query-input\":\"required name=search_term_string\"}],\"inLanguage\":\"tr\"},{\"@type\":\"Organization\",\"@id\":\"https:\/\/www.rooderchina.com\/#organization\",\"name\":\"Electric Scooters Bikes Citycoco Manufacturer\",\"url\":\"https:\/\/www.rooderchina.com\/\",\"logo\":{\"@type\":\"ImageObject\",\"inLanguage\":\"tr\",\"@id\":\"https:\/\/www.rooderchina.com\/#\/schema\/logo\/image\/\",\"url\":\"https:\/\/www.rooderchina.com\/wp-content\/uploads\/2023\/12\/rooder2.jpg\",\"contentUrl\":\"https:\/\/www.rooderchina.com\/wp-content\/uploads\/2023\/12\/rooder2.jpg\",\"width\":1723,\"height\":1037,\"caption\":\"Electric Scooters Bikes Citycoco Manufacturer\"},\"image\":{\"@id\":\"https:\/\/www.rooderchina.com\/#\/schema\/logo\/image\/\"},\"sameAs\":[\"https:\/\/www.facebook.com\/rooder.tec\",\"https:\/\/twitter.com\/RooderTec\"]}]}<\/script>\n<!-- \/ Yoast SEO plugin. -->","yoast_head_json":{"title":"cheap electric skateboard r800d with remote control 24v lithium battery 150w motor for kids - Electric Scooters Bikes Citycoco Manufacturer","robots":{"index":"index","follow":"follow","max-snippet":"max-snippet:-1","max-image-preview":"max-image-preview:large","max-video-preview":"max-video-preview:-1"},"canonical":"https:\/\/www.rooderchina.com\/tr\/urun\/cheap-electric-skateboard-r800d-with-remote-control-24v-lithium-battery-150w-motor-for-kids\/","og_locale":"tr_TR","og_type":"article","og_title":"cheap electric skateboard r800d with remote control 24v lithium battery 150w motor for kids - Electric Scooters Bikes Citycoco Manufacturer","og_description":"Short Description: find best quality and cheap price\u00a0cheap electric skateboard, wholesale\u00a0cheap electric skateboard from Rooder China\u00a0cheap electric skateboard\u00a0 supplier exporter company factory manufacturer on www.RooderChina.com 18kmh max speed, remote control, lithium battery, PU wheels    Brand: OEM\/ODM\/ROODER   Min.Order Quantity: 10 Piece\/Pieces   Supply Ability: 10000 Piece\/Pieces per Month   Port: Shenzhen   Payment Terms: T\/T, L\/C, D\/A, D\/P","og_url":"https:\/\/www.rooderchina.com\/tr\/urun\/cheap-electric-skateboard-r800d-with-remote-control-24v-lithium-battery-150w-motor-for-kids\/","og_site_name":"Electric Scooters Bikes Citycoco Manufacturer","article_publisher":"https:\/\/www.facebook.com\/rooder.tec","article_modified_time":"2023-11-19T17:44:25+00:00","og_image":[{"width":750,"height":750,"url":"https:\/\/www.rooderchina.com\/wp-content\/uploads\/2023\/11\/ecd6dc1f.jpg","type":"image\/jpeg"}],"twitter_card":"summary_large_image","twitter_site":"@RooderTec","twitter_misc":{"Tahmini okuma s\u00fcresi":"1 dakika"},"schema":{"@context":"https:\/\/schema.org","@graph":[{"@type":"WebPage","@id":"https:\/\/www.rooderchina.com\/product\/cheap-electric-skateboard-r800d-with-remote-control-24v-lithium-battery-150w-motor-for-kids\/","url":"https:\/\/www.rooderchina.com\/product\/cheap-electric-skateboard-r800d-with-remote-control-24v-lithium-battery-150w-motor-for-kids\/","name":"cheap electric skateboard r800d with remote control 24v lithium battery 150w motor for kids - Electric Scooters Bikes Citycoco Manufacturer","isPartOf":{"@id":"https:\/\/www.rooderchina.com\/#website"},"datePublished":"2023-11-11T11:07:53+00:00","dateModified":"2023-11-19T17:44:25+00:00","breadcrumb":{"@id":"https:\/\/www.rooderchina.com\/product\/cheap-electric-skateboard-r800d-with-remote-control-24v-lithium-battery-150w-motor-for-kids\/#breadcrumb"},"inLanguage":"tr","potentialAction":[{"@type":"ReadAction","target":["https:\/\/www.rooderchina.com\/product\/cheap-electric-skateboard-r800d-with-remote-control-24v-lithium-battery-150w-motor-for-kids\/"]}]},{"@type":"BreadcrumbList","@id":"https:\/\/www.rooderchina.com\/product\/cheap-electric-skateboard-r800d-with-remote-control-24v-lithium-battery-150w-motor-for-kids\/#breadcrumb","itemListElement":[{"@type":"ListItem","position":1,"name":"HOME","item":"https:\/\/www.rooderchina.com\/"},{"@type":"ListItem","position":2,"name":"Shop","item":"https:\/\/www.rooderchina.com\/shop\/"},{"@type":"ListItem","position":3,"name":"cheap electric skateboard r800d with remote control 24v lithium battery 150w motor for kids"}]},{"@type":"WebSite","@id":"https:\/\/www.rooderchina.com\/#website","url":"https:\/\/www.rooderchina.com\/","name":"Electric Scooters Bikes Citycoco Manufacturer","description":"Rooder Technology Limited","publisher":{"@id":"https:\/\/www.rooderchina.com\/#organization"},"potentialAction":[{"@type":"SearchAction","target":{"@type":"EntryPoint","urlTemplate":"https:\/\/www.rooderchina.com\/?s={search_term_string}"},"query-input":"required name=search_term_string"}],"inLanguage":"tr"},{"@type":"Organization","@id":"https:\/\/www.rooderchina.com\/#organization","name":"Electric Scooters Bikes Citycoco Manufacturer","url":"https:\/\/www.rooderchina.com\/","logo":{"@type":"ImageObject","inLanguage":"tr","@id":"https:\/\/www.rooderchina.com\/#\/schema\/logo\/image\/","url":"https:\/\/www.rooderchina.com\/wp-content\/uploads\/2023\/12\/rooder2.jpg","contentUrl":"https:\/\/www.rooderchina.com\/wp-content\/uploads\/2023\/12\/rooder2.jpg","width":1723,"height":1037,"caption":"Electric Scooters Bikes Citycoco Manufacturer"},"image":{"@id":"https:\/\/www.rooderchina.com\/#\/schema\/logo\/image\/"},"sameAs":["https:\/\/www.facebook.com\/rooder.tec","https:\/\/twitter.com\/RooderTec"]}]}},"_links":{"self":[{"href":"https:\/\/www.rooderchina.com\/tr\/wp-json\/wp\/v2\/product\/10193","targetHints":{"allow":["GET"]}}],"collection":[{"href":"https:\/\/www.rooderchina.com\/tr\/wp-json\/wp\/v2\/product"}],"about":[{"href":"https:\/\/www.rooderchina.com\/tr\/wp-json\/wp\/v2\/types\/product"}],"replies":[{"embeddable":true,"href":"https:\/\/www.rooderchina.com\/tr\/wp-json\/wp\/v2\/comments?post=10193"}],"version-history":[{"count":1,"href":"https:\/\/www.rooderchina.com\/tr\/wp-json\/wp\/v2\/product\/10193\/revisions"}],"predecessor-version":[{"id":10194,"href":"https:\/\/www.rooderchina.com\/tr\/wp-json\/wp\/v2\/product\/10193\/revisions\/10194"}],"wp:featuredmedia":[{"embeddable":true,"href":"https:\/\/www.rooderchina.com\/tr\/wp-json\/wp\/v2\/media\/10195"}],"wp:attachment":[{"href":"https:\/\/www.rooderchina.com\/tr\/wp-json\/wp\/v2\/media?parent=10193"}],"wp:term":[{"taxonomy":"product_brand","embeddable":true,"href":"https:\/\/www.rooderchina.com\/tr\/wp-json\/wp\/v2\/product_brand?post=10193"},{"taxonomy":"product_cat","embeddable":true,"href":"https:\/\/www.rooderchina.com\/tr\/wp-json\/wp\/v2\/product_cat?post=10193"},{"taxonomy":"product_tag","embeddable":true,"href":"https:\/\/www.rooderchina.com\/tr\/wp-json\/wp\/v2\/product_tag?post=10193"}],"curies":[{"name":"wp","href":"https:\/\/api.w.org\/{rel}","templated":true}]}}