{"id":10119,"date":"2023-11-11T19:05:43","date_gmt":"2023-11-11T11:05:43","guid":{"rendered":"http:\/\/www.rooderchina.com\/index.php\/product\/folding-carbon-scooter-r803-with-two-wheel-5-5-inch-motor-led-light-lithium-battery\/"},"modified":"2023-11-11T19:05:51","modified_gmt":"2023-11-11T11:05:51","slug":"folding-carbon-scooter-r803-with-two-wheel-5-5-inch-motor-led-light-lithium-battery","status":"publish","type":"product","link":"https:\/\/www.rooderchina.com\/tr\/urun\/folding-carbon-scooter-r803-with-two-wheel-5-5-inch-motor-led-light-lithium-battery\/","title":{"rendered":"katlan\u0131r karbon scooter r803, iki tekerlekli 5,5 in\u00e7 motorlu led \u0131\u015f\u0131kl\u0131 lityum pil"},"content":{"rendered":"<p>Rooder teknoloji limited \u015firketlerinden biridir. <a href=\"https:\/\/www.rooderchina.com\/tr\/tag\/electric-kick-scooter\/\" title=\"View all posts in elektrikli kick scooter\" target=\"_blank\" rel=\"noopener\">elektrikli tekme scooter<\/a> Guangdong'daki \u00fcr\u00fcn i\u015fletmeleri. Firmam\u0131z katlan\u0131r elektrik \u00fcretimi ve ihracat\u0131 konusunda uzmanla\u015fm\u0131\u015ft\u0131r. <a href=\"https:\/\/www.rooderchina.com\/tr\/tag\/scooter\/\" title=\"Scooter i\u00e7indeki t\u00fcm g\u00f6nderileri g\u00f6r\u00fcnt\u00fcleyin\" target=\"_blank\" rel=\"noopener\">scooter<\/a>motosikletler, go kartlar vb. Ba\u015far\u0131m\u0131z\u0131n anahtar\u0131 iyi kalite ve en iyi hizmettir.<\/p>\n<p>M\u00fc\u015fterilerden gelen sorularla ilgilenmek i\u00e7in olduk\u00e7a verimli bir ekibimiz var. Avrupa'ya, ABD'ye vb. mal satma konusunda deneyimliyiz ve m\u00fc\u015fteriler aras\u0131nda iyi bir \u00fcne sahibiz. 3 fabrika ile geni\u015f bir \u00fcr\u00fcn yelpazesi sunabiliyoruz. Asl\u0131nda, ana serilerimiz art\u0131k kir bisikletleri, elektrikli scooterlar vb. Ayr\u0131ca, standart \u00fcr\u00fcnlerin yan\u0131 s\u0131ra, \u00f6zel sipari\u015flerinizi kar\u015f\u0131lamak i\u00e7in geni\u015f bir \u00f6zelle\u015ftirme hizmetleri yelpazesi de sunuyoruz. \u0130lgilenen t\u00fcm \u015firketlerle samimi bir i\u015fbirli\u011fi aray\u0131\u015f\u0131nday\u0131z.<\/p>\n<p><strong><a href=\"https:\/\/www.rooderchina.com\/tr\/tag\/folding-carbon-scooter\/\" title=\"View all posts in katlan\u0131r karbon scooter\" target=\"_blank\" rel=\"noopener\">katlan\u0131r karbon scooter<\/a> r803 iki tekerlekli 5,5 in\u00e7 motorlu led \u0131\u015f\u0131kl\u0131 lityum pilli<\/strong><\/p>\n<\/p>\n<p>model: r803<br \/>\n\u00dcr\u00fcn ad\u0131: karbon fiber katlan\u0131r elektrikli scooter<br \/>\nMalzeme:3k karbon fiber<br \/>\nA\u011f\u0131rl\u0131k: 6,3 kg, d\u00fcnyan\u0131n en hafif elektrikli scooter'\u0131<br \/>\nbr\u00fct a\u011f\u0131rl\u0131k: 8,6 kg<br \/>\nmenzil: 20 - 25km<br \/>\npil: 24v 8.8ah 18650 lityum iyon h\u00fccreler<br \/>\nmotor: 24v 250w f\u0131r\u00e7as\u0131z motor<br \/>\nfrenler: arka \u00e7amurluk frenli ebs mikroelektronik frenler<br \/>\nen y\u00fcksek h\u0131z: 25 km\/s<br \/>\n\u00f6zelle\u015ftirilebilir h\u0131z ayarlar\u0131: 8 km\/sa, 16 km\/sa, 23 km\/sa<br \/>\ntipik t\u0131rmanma a\u00e7\u0131s\u0131: 25 derece<br \/>\n\u015farj cihaz\u0131: ac100~240v giri\u015f<br \/>\n\u015farj s\u00fcresi: 4 saat<br \/>\nmaks. a\u011f\u0131rl\u0131k limiti: 100 kg<br \/>\nmevcut renkler: mat siyah, mat beyaz, mat pembe<br \/>\nkatlama boyutu: 100*40*23 cm<br \/>\ntoplam boyut: 92*40*100 cm<br \/>\npaket boyutu: 105*16*24 cm<\/p>","protected":false},"excerpt":{"rendered":"<h3>K\u0131sa A\u00e7\u0131klama:<\/h3>\n<p><p>y\u00fcksek kalite d\u00fc\u015f\u00fck fiyat 2 tekerlekli karbon fiber elektrikli scooter, rooder teknolojisinden toptan 2 tekerlekli karbon fiber elektrikli scooter bulmak 2 tekerlekli karbon fiber elektrikli scooter fabrika ihracat\u00e7\u0131 firma tedarik\u00e7i \u00fcretici<\/p>\n<p>Katlan\u0131yor,<br \/>\nkarbon fiber,<br \/>\n5,5 in\u00e7,<br \/>\nLityum pil,<br \/>\nen hafif scooter<\/p>\n<\/p>\n<p><\/p>\n<li><em>Marka: <\/em> OEM\/ODM\/ROODER<\/li>\n<li><em>Min.Sipari\u015f Miktar\u0131: <\/em> 10 Adet \/ Adet<\/li>\n<li><em>Tedarik Yetene\u011fi: <\/em> 10000 Adet \/ Adet her Ay<\/li>\n<li><em>Liman: <\/em> Shenzhen<\/li>\n<li><em>\u00d6deme Ko\u015fullar\u0131: <\/em> T\/T, L\/C, D\/A, D\/P<\/li>","protected":false},"featured_media":10121,"comment_status":"closed","ping_status":"open","template":"","meta":[],"product_brand":[],"product_cat":[829],"product_tag":[551,864,946,530,541,973,974,555,908,711,698,690,560],"class_list":{"0":"post-10119","1":"product","2":"type-product","3":"status-publish","4":"has-post-thumbnail","6":"product_cat-electric-scooters","7":"product_tag-2-wheel-electric-scooter","8":"product_tag-cheap-electric-scooter","9":"product_tag-electric-kick-scooter","10":"product_tag-electric-scooter","11":"product_tag-electric-scooter-for-adults","12":"product_tag-folding-carbon-scooter","13":"product_tag-folding-electronic-scooter","14":"product_tag-folding-scooter","15":"product_tag-mobility-scooter","16":"product_tag-new-design-electric-scooter","17":"product_tag-scooter","18":"product_tag-self-balancing-electric-scooter","19":"product_tag-self-balancing-scooter","21":"first","22":"instock","23":"product-type-simple"},"yoast_head":"<!-- This site is optimized with the Yoast SEO plugin v21.7 - https:\/\/yoast.com\/wordpress\/plugins\/seo\/ -->\n<title>folding carbon scooter r803 with two wheel 5.5 inch motor led light lithium battery - Electric Scooters Bikes Citycoco Manufacturer<\/title>\n<meta name=\"robots\" content=\"index, follow, max-snippet:-1, max-image-preview:large, max-video-preview:-1\" \/>\n<link rel=\"canonical\" href=\"https:\/\/www.rooderchina.com\/tr\/urun\/folding-carbon-scooter-r803-with-two-wheel-5-5-inch-motor-led-light-lithium-battery\/\" \/>\n<meta property=\"og:locale\" content=\"tr_TR\" \/>\n<meta property=\"og:type\" content=\"article\" \/>\n<meta property=\"og:title\" content=\"folding carbon scooter r803 with two wheel 5.5 inch motor led light lithium battery - Electric Scooters Bikes Citycoco Manufacturer\" \/>\n<meta property=\"og:description\" content=\"Short Description: find high quality low price 2 wheel carbon fiber electric scooter, wholesale\u00a02 wheel carbon fiber electric scooter from rooder technology\u00a02 wheel carbon fiber electric scooter factory exporter company supplier manufacturer folding, carbon fiber, 5.5 inch, lithium battery, lightest scooter    Brand: OEM\/ODM\/ROODER   Min.Order Quantity: 10 Piece\/Pieces   Supply Ability: 10000 Piece\/Pieces per Month   Port: Shenzhen   Payment Terms: T\/T, L\/C, D\/A, D\/P\" \/>\n<meta property=\"og:url\" content=\"https:\/\/www.rooderchina.com\/tr\/urun\/folding-carbon-scooter-r803-with-two-wheel-5-5-inch-motor-led-light-lithium-battery\/\" \/>\n<meta property=\"og:site_name\" content=\"Electric Scooters Bikes Citycoco Manufacturer\" \/>\n<meta property=\"article:publisher\" content=\"https:\/\/www.facebook.com\/rooder.tec\" \/>\n<meta property=\"article:modified_time\" content=\"2023-11-11T11:05:51+00:00\" \/>\n<meta property=\"og:image\" content=\"https:\/\/www.rooderchina.com\/wp-content\/uploads\/2023\/11\/38b31e40.jpg\" \/>\n\t<meta property=\"og:image:width\" content=\"750\" \/>\n\t<meta property=\"og:image:height\" content=\"750\" \/>\n\t<meta property=\"og:image:type\" content=\"image\/jpeg\" \/>\n<meta name=\"twitter:card\" content=\"summary_large_image\" \/>\n<meta name=\"twitter:site\" content=\"@RooderTec\" \/>\n<meta name=\"twitter:label1\" content=\"Tahmini okuma s\u00fcresi\" \/>\n\t<meta name=\"twitter:data1\" content=\"1 dakika\" \/>\n<script type=\"application\/ld+json\" class=\"yoast-schema-graph\">{\"@context\":\"https:\/\/schema.org\",\"@graph\":[{\"@type\":\"WebPage\",\"@id\":\"https:\/\/www.rooderchina.com\/product\/folding-carbon-scooter-r803-with-two-wheel-5-5-inch-motor-led-light-lithium-battery\/\",\"url\":\"https:\/\/www.rooderchina.com\/product\/folding-carbon-scooter-r803-with-two-wheel-5-5-inch-motor-led-light-lithium-battery\/\",\"name\":\"folding carbon scooter r803 with two wheel 5.5 inch motor led light lithium battery - Electric Scooters Bikes Citycoco Manufacturer\",\"isPartOf\":{\"@id\":\"https:\/\/www.rooderchina.com\/#website\"},\"datePublished\":\"2023-11-11T11:05:43+00:00\",\"dateModified\":\"2023-11-11T11:05:51+00:00\",\"breadcrumb\":{\"@id\":\"https:\/\/www.rooderchina.com\/product\/folding-carbon-scooter-r803-with-two-wheel-5-5-inch-motor-led-light-lithium-battery\/#breadcrumb\"},\"inLanguage\":\"tr\",\"potentialAction\":[{\"@type\":\"ReadAction\",\"target\":[\"https:\/\/www.rooderchina.com\/product\/folding-carbon-scooter-r803-with-two-wheel-5-5-inch-motor-led-light-lithium-battery\/\"]}]},{\"@type\":\"BreadcrumbList\",\"@id\":\"https:\/\/www.rooderchina.com\/product\/folding-carbon-scooter-r803-with-two-wheel-5-5-inch-motor-led-light-lithium-battery\/#breadcrumb\",\"itemListElement\":[{\"@type\":\"ListItem\",\"position\":1,\"name\":\"HOME\",\"item\":\"https:\/\/www.rooderchina.com\/\"},{\"@type\":\"ListItem\",\"position\":2,\"name\":\"Shop\",\"item\":\"https:\/\/www.rooderchina.com\/shop\/\"},{\"@type\":\"ListItem\",\"position\":3,\"name\":\"folding carbon scooter r803 with two wheel 5.5 inch motor led light lithium battery\"}]},{\"@type\":\"WebSite\",\"@id\":\"https:\/\/www.rooderchina.com\/#website\",\"url\":\"https:\/\/www.rooderchina.com\/\",\"name\":\"Electric Scooters Bikes Citycoco Manufacturer\",\"description\":\"Rooder Technology Limited\",\"publisher\":{\"@id\":\"https:\/\/www.rooderchina.com\/#organization\"},\"potentialAction\":[{\"@type\":\"SearchAction\",\"target\":{\"@type\":\"EntryPoint\",\"urlTemplate\":\"https:\/\/www.rooderchina.com\/?s={search_term_string}\"},\"query-input\":\"required name=search_term_string\"}],\"inLanguage\":\"tr\"},{\"@type\":\"Organization\",\"@id\":\"https:\/\/www.rooderchina.com\/#organization\",\"name\":\"Electric Scooters Bikes Citycoco Manufacturer\",\"url\":\"https:\/\/www.rooderchina.com\/\",\"logo\":{\"@type\":\"ImageObject\",\"inLanguage\":\"tr\",\"@id\":\"https:\/\/www.rooderchina.com\/#\/schema\/logo\/image\/\",\"url\":\"https:\/\/www.rooderchina.com\/wp-content\/uploads\/2023\/12\/rooder2.jpg\",\"contentUrl\":\"https:\/\/www.rooderchina.com\/wp-content\/uploads\/2023\/12\/rooder2.jpg\",\"width\":1723,\"height\":1037,\"caption\":\"Electric Scooters Bikes Citycoco Manufacturer\"},\"image\":{\"@id\":\"https:\/\/www.rooderchina.com\/#\/schema\/logo\/image\/\"},\"sameAs\":[\"https:\/\/www.facebook.com\/rooder.tec\",\"https:\/\/twitter.com\/RooderTec\"]}]}<\/script>\n<!-- \/ Yoast SEO plugin. -->","yoast_head_json":{"title":"folding carbon scooter r803 with two wheel 5.5 inch motor led light lithium battery - Electric Scooters Bikes Citycoco Manufacturer","robots":{"index":"index","follow":"follow","max-snippet":"max-snippet:-1","max-image-preview":"max-image-preview:large","max-video-preview":"max-video-preview:-1"},"canonical":"https:\/\/www.rooderchina.com\/tr\/urun\/folding-carbon-scooter-r803-with-two-wheel-5-5-inch-motor-led-light-lithium-battery\/","og_locale":"tr_TR","og_type":"article","og_title":"folding carbon scooter r803 with two wheel 5.5 inch motor led light lithium battery - Electric Scooters Bikes Citycoco Manufacturer","og_description":"Short Description: find high quality low price 2 wheel carbon fiber electric scooter, wholesale\u00a02 wheel carbon fiber electric scooter from rooder technology\u00a02 wheel carbon fiber electric scooter factory exporter company supplier manufacturer folding, carbon fiber, 5.5 inch, lithium battery, lightest scooter    Brand: OEM\/ODM\/ROODER   Min.Order Quantity: 10 Piece\/Pieces   Supply Ability: 10000 Piece\/Pieces per Month   Port: Shenzhen   Payment Terms: T\/T, L\/C, D\/A, D\/P","og_url":"https:\/\/www.rooderchina.com\/tr\/urun\/folding-carbon-scooter-r803-with-two-wheel-5-5-inch-motor-led-light-lithium-battery\/","og_site_name":"Electric Scooters Bikes Citycoco Manufacturer","article_publisher":"https:\/\/www.facebook.com\/rooder.tec","article_modified_time":"2023-11-11T11:05:51+00:00","og_image":[{"width":750,"height":750,"url":"https:\/\/www.rooderchina.com\/wp-content\/uploads\/2023\/11\/38b31e40.jpg","type":"image\/jpeg"}],"twitter_card":"summary_large_image","twitter_site":"@RooderTec","twitter_misc":{"Tahmini okuma s\u00fcresi":"1 dakika"},"schema":{"@context":"https:\/\/schema.org","@graph":[{"@type":"WebPage","@id":"https:\/\/www.rooderchina.com\/product\/folding-carbon-scooter-r803-with-two-wheel-5-5-inch-motor-led-light-lithium-battery\/","url":"https:\/\/www.rooderchina.com\/product\/folding-carbon-scooter-r803-with-two-wheel-5-5-inch-motor-led-light-lithium-battery\/","name":"folding carbon scooter r803 with two wheel 5.5 inch motor led light lithium battery - Electric Scooters Bikes Citycoco Manufacturer","isPartOf":{"@id":"https:\/\/www.rooderchina.com\/#website"},"datePublished":"2023-11-11T11:05:43+00:00","dateModified":"2023-11-11T11:05:51+00:00","breadcrumb":{"@id":"https:\/\/www.rooderchina.com\/product\/folding-carbon-scooter-r803-with-two-wheel-5-5-inch-motor-led-light-lithium-battery\/#breadcrumb"},"inLanguage":"tr","potentialAction":[{"@type":"ReadAction","target":["https:\/\/www.rooderchina.com\/product\/folding-carbon-scooter-r803-with-two-wheel-5-5-inch-motor-led-light-lithium-battery\/"]}]},{"@type":"BreadcrumbList","@id":"https:\/\/www.rooderchina.com\/product\/folding-carbon-scooter-r803-with-two-wheel-5-5-inch-motor-led-light-lithium-battery\/#breadcrumb","itemListElement":[{"@type":"ListItem","position":1,"name":"HOME","item":"https:\/\/www.rooderchina.com\/"},{"@type":"ListItem","position":2,"name":"Shop","item":"https:\/\/www.rooderchina.com\/shop\/"},{"@type":"ListItem","position":3,"name":"folding carbon scooter r803 with two wheel 5.5 inch motor led light lithium battery"}]},{"@type":"WebSite","@id":"https:\/\/www.rooderchina.com\/#website","url":"https:\/\/www.rooderchina.com\/","name":"Electric Scooters Bikes Citycoco Manufacturer","description":"Rooder Technology Limited","publisher":{"@id":"https:\/\/www.rooderchina.com\/#organization"},"potentialAction":[{"@type":"SearchAction","target":{"@type":"EntryPoint","urlTemplate":"https:\/\/www.rooderchina.com\/?s={search_term_string}"},"query-input":"required name=search_term_string"}],"inLanguage":"tr"},{"@type":"Organization","@id":"https:\/\/www.rooderchina.com\/#organization","name":"Electric Scooters Bikes Citycoco Manufacturer","url":"https:\/\/www.rooderchina.com\/","logo":{"@type":"ImageObject","inLanguage":"tr","@id":"https:\/\/www.rooderchina.com\/#\/schema\/logo\/image\/","url":"https:\/\/www.rooderchina.com\/wp-content\/uploads\/2023\/12\/rooder2.jpg","contentUrl":"https:\/\/www.rooderchina.com\/wp-content\/uploads\/2023\/12\/rooder2.jpg","width":1723,"height":1037,"caption":"Electric Scooters Bikes Citycoco Manufacturer"},"image":{"@id":"https:\/\/www.rooderchina.com\/#\/schema\/logo\/image\/"},"sameAs":["https:\/\/www.facebook.com\/rooder.tec","https:\/\/twitter.com\/RooderTec"]}]}},"_links":{"self":[{"href":"https:\/\/www.rooderchina.com\/tr\/wp-json\/wp\/v2\/product\/10119","targetHints":{"allow":["GET"]}}],"collection":[{"href":"https:\/\/www.rooderchina.com\/tr\/wp-json\/wp\/v2\/product"}],"about":[{"href":"https:\/\/www.rooderchina.com\/tr\/wp-json\/wp\/v2\/types\/product"}],"replies":[{"embeddable":true,"href":"https:\/\/www.rooderchina.com\/tr\/wp-json\/wp\/v2\/comments?post=10119"}],"version-history":[{"count":1,"href":"https:\/\/www.rooderchina.com\/tr\/wp-json\/wp\/v2\/product\/10119\/revisions"}],"predecessor-version":[{"id":10120,"href":"https:\/\/www.rooderchina.com\/tr\/wp-json\/wp\/v2\/product\/10119\/revisions\/10120"}],"wp:featuredmedia":[{"embeddable":true,"href":"https:\/\/www.rooderchina.com\/tr\/wp-json\/wp\/v2\/media\/10121"}],"wp:attachment":[{"href":"https:\/\/www.rooderchina.com\/tr\/wp-json\/wp\/v2\/media?parent=10119"}],"wp:term":[{"taxonomy":"product_brand","embeddable":true,"href":"https:\/\/www.rooderchina.com\/tr\/wp-json\/wp\/v2\/product_brand?post=10119"},{"taxonomy":"product_cat","embeddable":true,"href":"https:\/\/www.rooderchina.com\/tr\/wp-json\/wp\/v2\/product_cat?post=10119"},{"taxonomy":"product_tag","embeddable":true,"href":"https:\/\/www.rooderchina.com\/tr\/wp-json\/wp\/v2\/product_tag?post=10119"}],"curies":[{"name":"wp","href":"https:\/\/api.w.org\/{rel}","templated":true}]}}