{"id":10104,"date":"2023-11-11T19:05:43","date_gmt":"2023-11-11T11:05:43","guid":{"rendered":"http:\/\/www.rooderchina.com\/index.php\/product\/foldable-electric-mobility-scooter-r803x-with-two-8-5-inch-wheels-lithium-battery-front-rear-led-light\/"},"modified":"2023-11-11T19:05:43","modified_gmt":"2023-11-11T11:05:43","slug":"foldable-electric-mobility-scooter-r803x-with-two-8-5-inch-wheels-lithium-battery-front-rear-led-light","status":"publish","type":"product","link":"https:\/\/www.rooderchina.com\/tr\/urun\/foldable-electric-mobility-scooter-r803x-with-two-8-5-inch-wheels-lithium-battery-front-rear-led-light\/","title":{"rendered":"katlanabilir elektrikli mobilite scooter r803x iki 8,5 in\u00e7 tekerlekli lityum pil \u00f6n arka led \u0131\u015f\u0131k"},"content":{"rendered":"<p>Our company has been a professional manufacturer and exporter of <a href=\"https:\/\/www.rooderchina.com\/tr\/tag\/electric-scooter-foldable\/\" title=\"View all posts in electric scooter foldable\" target=\"_blank\" rel=\"noopener\">electric scooter foldable<\/a> products. With well organized facilities, imported production machines (Robot welding machines, CNC bending machines, powder coating machines and plastic part injection machines) and professional knowledge in the international operation, we provide innovative medical solutions for rehabilitation. We are encouraged and inspired by the new ideas and products that our customers need. Our mission is &#8220;the quality, design and novelty of offered products&#8221;.<\/p>\n<p>We care for our customers. Professionalism is the key factor in every segment of our activities. We are at your disposal in terms of complete business and consultation services. Customer Satisfaction is our priority.<\/p>\n<p>&nbsp;<\/p>\n<p><strong><a href=\"https:\/\/www.rooderchina.com\/tr\/tag\/foldable-electric-mobility-scooter\/\" title=\"View all posts in foldable electric mobility scooter\" target=\"_blank\" rel=\"noopener\">katlanabilir elektrikli mobilite scooter<\/a> r803x with two 8.5 inch wheels lithium battery front rear led light<\/strong><\/p>\n<\/p>\n<p>model: r803x<br \/>\nnw: 12.5kg<br \/>\nmaterial: aluminum alloy<br \/>\nwheel size: 8.5 inch inflatable tire<br \/>\nmaximum speed: 18-25km\/h ( common mode ), 18km\/h ( energy-saving mode )<br \/>\nrange: 15-20km<br \/>\nbraking system: front e-abs anti-lock system, rear mechanical disk brake<br \/>\nrated motor power: 250w<br \/>\nmaximum motor power: 500w<br \/>\nclimbing gradient: approx 14 degree<br \/>\nwaterproof grade: ip54<br \/>\npedal ground clearance: 87.5mm<br \/>\nmax load: 100kg<br \/>\ncharger input voltage: 100 &#8211; 240v, 50 \/ 60hz<br \/>\nbattery: 36v4.4ah lithium battery<br \/>\nbattery limited voltage: 42v<br \/>\ncharging time: 3 hours<br \/>\nunfolding size: 108 x 43 x 114cm<br \/>\nfolding size: 108 x 43 x 49cm<br \/>\noption: seat<\/p>","protected":false},"excerpt":{"rendered":"<h3>K\u0131sa A\u00e7\u0131klama:<\/h3>\n<p><p>en kaliteli ve ucuz fiyat bulmak 2 tekerlekli elektrikli scooter katlanabilir, toptan 2 tekerlekli elektrikli scooter katlanabilir Rooder 2 tekerlekli elektrikli scooter katlanabilir alibaba alt\u0131n tedarik\u00e7isi \u00fcretici fabrika ihracat \u015firketi www.RooderChina.com<\/p>\n<p>beyaz \u00f6n led \u0131\u015f\u0131k,<br \/>\nk\u0131rm\u0131z\u0131 yan\u0131p s\u00f6nen arka led lamba,<br \/>\nkatlanabilir,<br \/>\n8.5 in\u00e7 jantlar,<br \/>\ny\u00fcksek kalite<\/p>\n<\/p>\n<p><\/p>\n<li><em>Marka: <\/em> OEM\/ODM\/ROODER<\/li>\n<li><em>Min.Sipari\u015f Miktar\u0131: <\/em> 10 Adet \/ Adet<\/li>\n<li><em>Tedarik Yetene\u011fi: <\/em> 10000 Adet \/ Adet her Ay<\/li>\n<li><em>Liman: <\/em> Shenzhen<\/li>\n<li><em>\u00d6deme Ko\u015fullar\u0131: <\/em> T\/T, L\/C, D\/A, D\/P<\/li>","protected":false},"featured_media":10106,"comment_status":"closed","ping_status":"open","template":"","meta":[],"product_brand":[],"product_cat":[829],"product_tag":[692,965,536,864,966,675,967,968,650,969,970,971,972],"class_list":{"0":"post-10104","1":"product","2":"type-product","3":"status-publish","4":"has-post-thumbnail","6":"product_cat-electric-scooters","7":"product_tag-2-wheel-balancing-scooter","8":"product_tag-2-wheel-electric-scooter-foldable","9":"product_tag-adult-electric-scooters","10":"product_tag-cheap-electric-scooter","11":"product_tag-electric-chariot","12":"product_tag-electric-chariot-scooter","13":"product_tag-electric-scooter-foldable","14":"product_tag-electric-scooter-with-suspension","15":"product_tag-electric-skateboard","16":"product_tag-electric-skateboard-for-adult","17":"product_tag-foldable-electric-mobility-scooter","18":"product_tag-mi-electric-scooter","19":"product_tag-xiaomi-m365","21":"first","22":"instock","23":"product-type-simple"},"yoast_head":"<!-- This site is optimized with the Yoast SEO plugin v21.7 - https:\/\/yoast.com\/wordpress\/plugins\/seo\/ -->\n<title>foldable electric mobility scooter r803x with two 8.5 inch wheels lithium battery front rear led light - Electric Scooters Bikes Citycoco Manufacturer<\/title>\n<meta name=\"robots\" content=\"index, follow, max-snippet:-1, max-image-preview:large, max-video-preview:-1\" \/>\n<link rel=\"canonical\" href=\"https:\/\/www.rooderchina.com\/tr\/urun\/foldable-electric-mobility-scooter-r803x-with-two-8-5-inch-wheels-lithium-battery-front-rear-led-light\/\" \/>\n<meta property=\"og:locale\" content=\"tr_TR\" \/>\n<meta property=\"og:type\" content=\"article\" \/>\n<meta property=\"og:title\" content=\"foldable electric mobility scooter r803x with two 8.5 inch wheels lithium battery front rear led light - Electric Scooters Bikes Citycoco Manufacturer\" \/>\n<meta property=\"og:description\" content=\"Short Description: find top quality and cheap price\u00a02 wheel electric scooter foldable, wholesale\u00a02 wheel electric scooter foldable from Rooder\u00a02 wheel electric scooter foldable alibaba gold supplier manufacturer factory export company on www.RooderChina.com white front led light, red blink rear led lamp, foldable, 8.5 inch wheels, high quality    Brand: OEM\/ODM\/ROODER   Min.Order Quantity: 10 Piece\/Pieces   Supply Ability: 10000 Piece\/Pieces per Month   Port: Shenzhen   Payment Terms: T\/T, L\/C, D\/A, D\/P\" \/>\n<meta property=\"og:url\" content=\"https:\/\/www.rooderchina.com\/tr\/urun\/foldable-electric-mobility-scooter-r803x-with-two-8-5-inch-wheels-lithium-battery-front-rear-led-light\/\" \/>\n<meta property=\"og:site_name\" content=\"Electric Scooters Bikes Citycoco Manufacturer\" \/>\n<meta property=\"article:publisher\" content=\"https:\/\/www.facebook.com\/rooder.tec\" \/>\n<meta property=\"og:image\" content=\"https:\/\/www.rooderchina.com\/wp-content\/uploads\/2023\/11\/11a11daa.jpg\" \/>\n\t<meta property=\"og:image:width\" content=\"750\" \/>\n\t<meta property=\"og:image:height\" content=\"750\" \/>\n\t<meta property=\"og:image:type\" content=\"image\/jpeg\" \/>\n<meta name=\"twitter:card\" content=\"summary_large_image\" \/>\n<meta name=\"twitter:site\" content=\"@RooderTec\" \/>\n<meta name=\"twitter:label1\" content=\"Tahmini okuma s\u00fcresi\" \/>\n\t<meta name=\"twitter:data1\" content=\"1 dakika\" \/>\n<script type=\"application\/ld+json\" class=\"yoast-schema-graph\">{\"@context\":\"https:\/\/schema.org\",\"@graph\":[{\"@type\":\"WebPage\",\"@id\":\"https:\/\/www.rooderchina.com\/product\/foldable-electric-mobility-scooter-r803x-with-two-8-5-inch-wheels-lithium-battery-front-rear-led-light\/\",\"url\":\"https:\/\/www.rooderchina.com\/product\/foldable-electric-mobility-scooter-r803x-with-two-8-5-inch-wheels-lithium-battery-front-rear-led-light\/\",\"name\":\"foldable electric mobility scooter r803x with two 8.5 inch wheels lithium battery front rear led light - Electric Scooters Bikes Citycoco Manufacturer\",\"isPartOf\":{\"@id\":\"https:\/\/www.rooderchina.com\/#website\"},\"datePublished\":\"2023-11-11T11:05:43+00:00\",\"dateModified\":\"2023-11-11T11:05:43+00:00\",\"breadcrumb\":{\"@id\":\"https:\/\/www.rooderchina.com\/product\/foldable-electric-mobility-scooter-r803x-with-two-8-5-inch-wheels-lithium-battery-front-rear-led-light\/#breadcrumb\"},\"inLanguage\":\"tr\",\"potentialAction\":[{\"@type\":\"ReadAction\",\"target\":[\"https:\/\/www.rooderchina.com\/product\/foldable-electric-mobility-scooter-r803x-with-two-8-5-inch-wheels-lithium-battery-front-rear-led-light\/\"]}]},{\"@type\":\"BreadcrumbList\",\"@id\":\"https:\/\/www.rooderchina.com\/product\/foldable-electric-mobility-scooter-r803x-with-two-8-5-inch-wheels-lithium-battery-front-rear-led-light\/#breadcrumb\",\"itemListElement\":[{\"@type\":\"ListItem\",\"position\":1,\"name\":\"HOME\",\"item\":\"https:\/\/www.rooderchina.com\/\"},{\"@type\":\"ListItem\",\"position\":2,\"name\":\"Shop\",\"item\":\"https:\/\/www.rooderchina.com\/shop\/\"},{\"@type\":\"ListItem\",\"position\":3,\"name\":\"foldable electric mobility scooter r803x with two 8.5 inch wheels lithium battery front rear led light\"}]},{\"@type\":\"WebSite\",\"@id\":\"https:\/\/www.rooderchina.com\/#website\",\"url\":\"https:\/\/www.rooderchina.com\/\",\"name\":\"Electric Scooters Bikes Citycoco Manufacturer\",\"description\":\"Rooder Technology Limited\",\"publisher\":{\"@id\":\"https:\/\/www.rooderchina.com\/#organization\"},\"potentialAction\":[{\"@type\":\"SearchAction\",\"target\":{\"@type\":\"EntryPoint\",\"urlTemplate\":\"https:\/\/www.rooderchina.com\/?s={search_term_string}\"},\"query-input\":\"required name=search_term_string\"}],\"inLanguage\":\"tr\"},{\"@type\":\"Organization\",\"@id\":\"https:\/\/www.rooderchina.com\/#organization\",\"name\":\"Electric Scooters Bikes Citycoco Manufacturer\",\"url\":\"https:\/\/www.rooderchina.com\/\",\"logo\":{\"@type\":\"ImageObject\",\"inLanguage\":\"tr\",\"@id\":\"https:\/\/www.rooderchina.com\/#\/schema\/logo\/image\/\",\"url\":\"https:\/\/www.rooderchina.com\/wp-content\/uploads\/2023\/12\/rooder2.jpg\",\"contentUrl\":\"https:\/\/www.rooderchina.com\/wp-content\/uploads\/2023\/12\/rooder2.jpg\",\"width\":1723,\"height\":1037,\"caption\":\"Electric Scooters Bikes Citycoco Manufacturer\"},\"image\":{\"@id\":\"https:\/\/www.rooderchina.com\/#\/schema\/logo\/image\/\"},\"sameAs\":[\"https:\/\/www.facebook.com\/rooder.tec\",\"https:\/\/twitter.com\/RooderTec\"]}]}<\/script>\n<!-- \/ Yoast SEO plugin. -->","yoast_head_json":{"title":"foldable electric mobility scooter r803x with two 8.5 inch wheels lithium battery front rear led light - Electric Scooters Bikes Citycoco Manufacturer","robots":{"index":"index","follow":"follow","max-snippet":"max-snippet:-1","max-image-preview":"max-image-preview:large","max-video-preview":"max-video-preview:-1"},"canonical":"https:\/\/www.rooderchina.com\/tr\/urun\/foldable-electric-mobility-scooter-r803x-with-two-8-5-inch-wheels-lithium-battery-front-rear-led-light\/","og_locale":"tr_TR","og_type":"article","og_title":"foldable electric mobility scooter r803x with two 8.5 inch wheels lithium battery front rear led light - Electric Scooters Bikes Citycoco Manufacturer","og_description":"Short Description: find top quality and cheap price\u00a02 wheel electric scooter foldable, wholesale\u00a02 wheel electric scooter foldable from Rooder\u00a02 wheel electric scooter foldable alibaba gold supplier manufacturer factory export company on www.RooderChina.com white front led light, red blink rear led lamp, foldable, 8.5 inch wheels, high quality    Brand: OEM\/ODM\/ROODER   Min.Order Quantity: 10 Piece\/Pieces   Supply Ability: 10000 Piece\/Pieces per Month   Port: Shenzhen   Payment Terms: T\/T, L\/C, D\/A, D\/P","og_url":"https:\/\/www.rooderchina.com\/tr\/urun\/foldable-electric-mobility-scooter-r803x-with-two-8-5-inch-wheels-lithium-battery-front-rear-led-light\/","og_site_name":"Electric Scooters Bikes Citycoco Manufacturer","article_publisher":"https:\/\/www.facebook.com\/rooder.tec","og_image":[{"width":750,"height":750,"url":"https:\/\/www.rooderchina.com\/wp-content\/uploads\/2023\/11\/11a11daa.jpg","type":"image\/jpeg"}],"twitter_card":"summary_large_image","twitter_site":"@RooderTec","twitter_misc":{"Tahmini okuma s\u00fcresi":"1 dakika"},"schema":{"@context":"https:\/\/schema.org","@graph":[{"@type":"WebPage","@id":"https:\/\/www.rooderchina.com\/product\/foldable-electric-mobility-scooter-r803x-with-two-8-5-inch-wheels-lithium-battery-front-rear-led-light\/","url":"https:\/\/www.rooderchina.com\/product\/foldable-electric-mobility-scooter-r803x-with-two-8-5-inch-wheels-lithium-battery-front-rear-led-light\/","name":"foldable electric mobility scooter r803x with two 8.5 inch wheels lithium battery front rear led light - Electric Scooters Bikes Citycoco Manufacturer","isPartOf":{"@id":"https:\/\/www.rooderchina.com\/#website"},"datePublished":"2023-11-11T11:05:43+00:00","dateModified":"2023-11-11T11:05:43+00:00","breadcrumb":{"@id":"https:\/\/www.rooderchina.com\/product\/foldable-electric-mobility-scooter-r803x-with-two-8-5-inch-wheels-lithium-battery-front-rear-led-light\/#breadcrumb"},"inLanguage":"tr","potentialAction":[{"@type":"ReadAction","target":["https:\/\/www.rooderchina.com\/product\/foldable-electric-mobility-scooter-r803x-with-two-8-5-inch-wheels-lithium-battery-front-rear-led-light\/"]}]},{"@type":"BreadcrumbList","@id":"https:\/\/www.rooderchina.com\/product\/foldable-electric-mobility-scooter-r803x-with-two-8-5-inch-wheels-lithium-battery-front-rear-led-light\/#breadcrumb","itemListElement":[{"@type":"ListItem","position":1,"name":"HOME","item":"https:\/\/www.rooderchina.com\/"},{"@type":"ListItem","position":2,"name":"Shop","item":"https:\/\/www.rooderchina.com\/shop\/"},{"@type":"ListItem","position":3,"name":"foldable electric mobility scooter r803x with two 8.5 inch wheels lithium battery front rear led light"}]},{"@type":"WebSite","@id":"https:\/\/www.rooderchina.com\/#website","url":"https:\/\/www.rooderchina.com\/","name":"Electric Scooters Bikes Citycoco Manufacturer","description":"Rooder Technology Limited","publisher":{"@id":"https:\/\/www.rooderchina.com\/#organization"},"potentialAction":[{"@type":"SearchAction","target":{"@type":"EntryPoint","urlTemplate":"https:\/\/www.rooderchina.com\/?s={search_term_string}"},"query-input":"required name=search_term_string"}],"inLanguage":"tr"},{"@type":"Organization","@id":"https:\/\/www.rooderchina.com\/#organization","name":"Electric Scooters Bikes Citycoco Manufacturer","url":"https:\/\/www.rooderchina.com\/","logo":{"@type":"ImageObject","inLanguage":"tr","@id":"https:\/\/www.rooderchina.com\/#\/schema\/logo\/image\/","url":"https:\/\/www.rooderchina.com\/wp-content\/uploads\/2023\/12\/rooder2.jpg","contentUrl":"https:\/\/www.rooderchina.com\/wp-content\/uploads\/2023\/12\/rooder2.jpg","width":1723,"height":1037,"caption":"Electric Scooters Bikes Citycoco Manufacturer"},"image":{"@id":"https:\/\/www.rooderchina.com\/#\/schema\/logo\/image\/"},"sameAs":["https:\/\/www.facebook.com\/rooder.tec","https:\/\/twitter.com\/RooderTec"]}]}},"_links":{"self":[{"href":"https:\/\/www.rooderchina.com\/tr\/wp-json\/wp\/v2\/product\/10104","targetHints":{"allow":["GET"]}}],"collection":[{"href":"https:\/\/www.rooderchina.com\/tr\/wp-json\/wp\/v2\/product"}],"about":[{"href":"https:\/\/www.rooderchina.com\/tr\/wp-json\/wp\/v2\/types\/product"}],"replies":[{"embeddable":true,"href":"https:\/\/www.rooderchina.com\/tr\/wp-json\/wp\/v2\/comments?post=10104"}],"version-history":[{"count":1,"href":"https:\/\/www.rooderchina.com\/tr\/wp-json\/wp\/v2\/product\/10104\/revisions"}],"predecessor-version":[{"id":10105,"href":"https:\/\/www.rooderchina.com\/tr\/wp-json\/wp\/v2\/product\/10104\/revisions\/10105"}],"wp:featuredmedia":[{"embeddable":true,"href":"https:\/\/www.rooderchina.com\/tr\/wp-json\/wp\/v2\/media\/10106"}],"wp:attachment":[{"href":"https:\/\/www.rooderchina.com\/tr\/wp-json\/wp\/v2\/media?parent=10104"}],"wp:term":[{"taxonomy":"product_brand","embeddable":true,"href":"https:\/\/www.rooderchina.com\/tr\/wp-json\/wp\/v2\/product_brand?post=10104"},{"taxonomy":"product_cat","embeddable":true,"href":"https:\/\/www.rooderchina.com\/tr\/wp-json\/wp\/v2\/product_cat?post=10104"},{"taxonomy":"product_tag","embeddable":true,"href":"https:\/\/www.rooderchina.com\/tr\/wp-json\/wp\/v2\/product_tag?post=10104"}],"curies":[{"name":"wp","href":"https:\/\/api.w.org\/{rel}","templated":true}]}}