{"id":10090,"date":"2023-11-11T19:05:13","date_gmt":"2023-11-11T11:05:13","guid":{"rendered":"http:\/\/www.rooderchina.com\/index.php\/product\/two-wheel-standing-electric-scooter-r803c-with-lithium-battery-5-5-inch-motor-foldable-aluminum-alloy-body\/"},"modified":"2023-11-11T19:05:32","modified_gmt":"2023-11-11T11:05:32","slug":"two-wheel-standing-electric-scooter-r803c-with-lithium-battery-5-5-inch-motor-foldable-aluminum-alloy-body","status":"publish","type":"product","link":"https:\/\/www.rooderchina.com\/tr\/urun\/two-wheel-standing-electric-scooter-r803c-with-lithium-battery-5-5-inch-motor-foldable-aluminum-alloy-body\/","title":{"rendered":"lityum pilli iki tekerlekli ayakta elektrikli scooter r803c 5.5 in\u00e7 motor katlanabilir al\u00fcminyum ala\u015f\u0131ml\u0131 g\u00f6vde"},"content":{"rendered":"<p>Deniza\u015f\u0131r\u0131 \u00fclkelere 5 y\u0131l\u0131 a\u015fk\u0131n ihracat ve \u00fcretim sayesinde, farkl\u0131 tatlara, farkl\u0131 \u00fclkeler i\u00e7in farkl\u0131 giri\u015f ko\u015fullar\u0131na a\u015finay\u0131z. Ve konseptimiz \u00f6nce hizmet, \u00f6nce kalite, \u00f6nce samimiyettir. Ve m\u00fc\u015fterilerime her zaman d\u00fc\u015f\u00fck kar sa\u011flay\u0131n. B\u00f6ylece m\u00fc\u015fterilerimiz iyi bir kar elde edebilir ve bizimle uzun bir i\u015f ili\u015fkisi s\u00fcrd\u00fcrebilir. M\u00fc\u015fterimiz farkl\u0131 alanlarda, ABD, Avrupa, Rusya, Orta Do\u011fu, G\u00fcney Afrika, Kanada, Avustralya, Yeni Zelanda, G\u00fcney Asya, Kuzey Afrika, G\u00fcney Afrika'da da\u011f\u0131t\u0131lm\u0131\u015ft\u0131r. Ve farkl\u0131 \u00fcr\u00fcnlerimiz farkl\u0131 pazarlara girmi\u015ftir. Bu nedenle, bizimle i\u015fbirli\u011fi yapmay\u0131 se\u00e7erseniz, pazar\u0131n\u0131z\u0131 tatmin etmek i\u00e7in farkl\u0131 bir tada sahip olaca\u011f\u0131z ve size pazar analizini ve pazarlar\u0131n\u0131za ne t\u00fcr \u00fcr\u00fcnlerin uygun olaca\u011f\u0131n\u0131 s\u00f6yleyebiliriz.<\/p>\n<p><strong><a href=\"https:\/\/www.rooderchina.com\/tr\/tag\/two-wheel-standing-electric-scooter\/\" title=\"View all posts in iki tekerlekli ayakta elektrikli scooter\" target=\"_blank\" rel=\"noopener\">iki tekerlekli ayakta elektrikli scooter<\/a> lityum pilli r803c 5,5 in\u00e7 motor katlanabilir al\u00fcminyum ala\u015f\u0131ml\u0131 g\u00f6vde<\/strong><\/p>\n<\/p>\n<p>&nbsp;<\/p>\n<p>model: r803c<br \/>\nal\u00fcminyum ala\u015f\u0131ml\u0131 katlan\u0131r elektrikli scooter<br \/>\nmenzil: 10 - 15 km<br \/>\npil: 24v 4.4ah 18650 lityum iyon h\u00fccreler<br \/>\nmotor: 24v 250w f\u0131r\u00e7as\u0131z motor<br \/>\nen y\u00fcksek h\u0131z: 25 km\/s<br \/>\ntipik t\u0131rmanma a\u00e7\u0131s\u0131: 25 derece<br \/>\n\u015farj cihaz\u0131: ac100~240v giri\u015f<br \/>\n\u015farj s\u00fcresi: 2-3 saat<br \/>\nmaks. a\u011f\u0131rl\u0131k limiti: 120 kg<br \/>\nmevcut renkler: siyah, beyaz, ye\u015fil, k\u0131rm\u0131z\u0131, mavi vb.<br \/>\nkatlama boyutu: 105*14.5*29.5cm<br \/>\na\u00e7\u0131lmam\u0131\u015f boyut: 103*95*53cm<br \/>\npaket boyutu: 112*24*33cm<\/p>\n<p>&nbsp;<\/p>","protected":false},"excerpt":{"rendered":"<h3>K\u0131sa A\u00e7\u0131klama:<\/h3>\n<p><p>y\u00fcksek kalite ve ucuz fiyat katlanabilir elektrikli scooter, Rooder katlanabilir elektrikli scooter fabrika tedarik\u00e7isi \u00fcretici ihracat\u00e7\u0131 firmadan toptan katlanabilir elektrikli scooter bulmak www.RooderChina.com<\/p>\n<p>katlanabilir scooter,<br \/>\nLityum pil,<br \/>\n5,5 in\u00e7 veya 6,5 in\u00e7 jantlar,<br \/>\nfabrika fiyat\u0131<\/p>\n<p>&nbsp;<\/p>\n<\/p>\n<p><\/p>\n<li><em>Marka: <\/em> OEM\/ODM\/ROODER<\/li>\n<li><em>Min.Sipari\u015f Miktar\u0131: <\/em> 10 Adet \/ Adet<\/li>\n<li><em>Tedarik Yetene\u011fi: <\/em> 10000 Adet \/ Adet her Ay<\/li>\n<li><em>Liman: <\/em> Shenzhen<\/li>\n<li><em>\u00d6deme Ko\u015fullar\u0131: <\/em> T\/T, L\/C, D\/A, D\/P<\/li>","protected":false},"featured_media":10092,"comment_status":"closed","ping_status":"open","template":"","meta":[],"product_brand":[],"product_cat":[829],"product_tag":[465,955,956,957,958,959,960,710,961,962,950,963,964],"class_list":{"0":"post-10090","1":"product","2":"type-product","3":"status-publish","4":"has-post-thumbnail","6":"product_cat-electric-scooters","7":"product_tag-3-wheel-electric-scooter","8":"product_tag-3-wheels-electric-skateboard","9":"product_tag-adult-electric-3-wheel-scooters","10":"product_tag-carbon-fiber-foldable-electric-scooter","11":"product_tag-citicoco-2017","12":"product_tag-citicoco-bike","13":"product_tag-citicoco-electric-scooter","14":"product_tag-electrical-scooter","15":"product_tag-foldable-electric-scooter","16":"product_tag-hot-sale-carbon-fiber-kick-standing-electric-scooter","17":"product_tag-kick-scooter","18":"product_tag-motorcycle-electric","19":"product_tag-two-wheel-standing-electric-scooter","21":"first","22":"instock","23":"product-type-simple"},"yoast_head":"<!-- This site is optimized with the Yoast SEO plugin v21.7 - https:\/\/yoast.com\/wordpress\/plugins\/seo\/ -->\n<title>two wheel standing electric scooter r803c with lithium battery 5.5 inch motor foldable aluminum alloy body - Electric Scooters Bikes Citycoco Manufacturer<\/title>\n<meta name=\"robots\" content=\"index, follow, max-snippet:-1, max-image-preview:large, max-video-preview:-1\" \/>\n<link rel=\"canonical\" href=\"https:\/\/www.rooderchina.com\/tr\/urun\/two-wheel-standing-electric-scooter-r803c-with-lithium-battery-5-5-inch-motor-foldable-aluminum-alloy-body\/\" \/>\n<meta property=\"og:locale\" content=\"tr_TR\" \/>\n<meta property=\"og:type\" content=\"article\" \/>\n<meta property=\"og:title\" content=\"two wheel standing electric scooter r803c with lithium battery 5.5 inch motor foldable aluminum alloy body - Electric Scooters Bikes Citycoco Manufacturer\" \/>\n<meta property=\"og:description\" content=\"Short Description: find high quality and cheap price foldable electric scooter, wholesale\u00a0foldable electric scooter from Rooder\u00a0foldable electric scooter factory supplier manufacturer exporter company www.RooderChina.com foldable scooter, lithium battery, 5.5 inch or 6.5 inch wheels, factory price &nbsp;    Brand: OEM\/ODM\/ROODER   Min.Order Quantity: 10 Piece\/Pieces   Supply Ability: 10000 Piece\/Pieces per Month   Port: Shenzhen   Payment Terms: T\/T, L\/C, D\/A, D\/P\" \/>\n<meta property=\"og:url\" content=\"https:\/\/www.rooderchina.com\/tr\/urun\/two-wheel-standing-electric-scooter-r803c-with-lithium-battery-5-5-inch-motor-foldable-aluminum-alloy-body\/\" \/>\n<meta property=\"og:site_name\" content=\"Electric Scooters Bikes Citycoco Manufacturer\" \/>\n<meta property=\"article:publisher\" content=\"https:\/\/www.facebook.com\/rooder.tec\" \/>\n<meta property=\"article:modified_time\" content=\"2023-11-11T11:05:32+00:00\" \/>\n<meta property=\"og:image\" content=\"https:\/\/www.rooderchina.com\/wp-content\/uploads\/2023\/11\/2c98bc8a.jpg\" \/>\n\t<meta property=\"og:image:width\" content=\"750\" \/>\n\t<meta property=\"og:image:height\" content=\"750\" \/>\n\t<meta property=\"og:image:type\" content=\"image\/jpeg\" \/>\n<meta name=\"twitter:card\" content=\"summary_large_image\" \/>\n<meta name=\"twitter:site\" content=\"@RooderTec\" \/>\n<meta name=\"twitter:label1\" content=\"Tahmini okuma s\u00fcresi\" \/>\n\t<meta name=\"twitter:data1\" content=\"1 dakika\" \/>\n<script type=\"application\/ld+json\" class=\"yoast-schema-graph\">{\"@context\":\"https:\/\/schema.org\",\"@graph\":[{\"@type\":\"WebPage\",\"@id\":\"https:\/\/www.rooderchina.com\/product\/two-wheel-standing-electric-scooter-r803c-with-lithium-battery-5-5-inch-motor-foldable-aluminum-alloy-body\/\",\"url\":\"https:\/\/www.rooderchina.com\/product\/two-wheel-standing-electric-scooter-r803c-with-lithium-battery-5-5-inch-motor-foldable-aluminum-alloy-body\/\",\"name\":\"two wheel standing electric scooter r803c with lithium battery 5.5 inch motor foldable aluminum alloy body - Electric Scooters Bikes Citycoco Manufacturer\",\"isPartOf\":{\"@id\":\"https:\/\/www.rooderchina.com\/#website\"},\"datePublished\":\"2023-11-11T11:05:13+00:00\",\"dateModified\":\"2023-11-11T11:05:32+00:00\",\"breadcrumb\":{\"@id\":\"https:\/\/www.rooderchina.com\/product\/two-wheel-standing-electric-scooter-r803c-with-lithium-battery-5-5-inch-motor-foldable-aluminum-alloy-body\/#breadcrumb\"},\"inLanguage\":\"tr\",\"potentialAction\":[{\"@type\":\"ReadAction\",\"target\":[\"https:\/\/www.rooderchina.com\/product\/two-wheel-standing-electric-scooter-r803c-with-lithium-battery-5-5-inch-motor-foldable-aluminum-alloy-body\/\"]}]},{\"@type\":\"BreadcrumbList\",\"@id\":\"https:\/\/www.rooderchina.com\/product\/two-wheel-standing-electric-scooter-r803c-with-lithium-battery-5-5-inch-motor-foldable-aluminum-alloy-body\/#breadcrumb\",\"itemListElement\":[{\"@type\":\"ListItem\",\"position\":1,\"name\":\"HOME\",\"item\":\"https:\/\/www.rooderchina.com\/\"},{\"@type\":\"ListItem\",\"position\":2,\"name\":\"Shop\",\"item\":\"https:\/\/www.rooderchina.com\/shop\/\"},{\"@type\":\"ListItem\",\"position\":3,\"name\":\"two wheel standing electric scooter r803c with lithium battery 5.5 inch motor foldable aluminum alloy body\"}]},{\"@type\":\"WebSite\",\"@id\":\"https:\/\/www.rooderchina.com\/#website\",\"url\":\"https:\/\/www.rooderchina.com\/\",\"name\":\"Electric Scooters Bikes Citycoco Manufacturer\",\"description\":\"Rooder Technology Limited\",\"publisher\":{\"@id\":\"https:\/\/www.rooderchina.com\/#organization\"},\"potentialAction\":[{\"@type\":\"SearchAction\",\"target\":{\"@type\":\"EntryPoint\",\"urlTemplate\":\"https:\/\/www.rooderchina.com\/?s={search_term_string}\"},\"query-input\":\"required name=search_term_string\"}],\"inLanguage\":\"tr\"},{\"@type\":\"Organization\",\"@id\":\"https:\/\/www.rooderchina.com\/#organization\",\"name\":\"Electric Scooters Bikes Citycoco Manufacturer\",\"url\":\"https:\/\/www.rooderchina.com\/\",\"logo\":{\"@type\":\"ImageObject\",\"inLanguage\":\"tr\",\"@id\":\"https:\/\/www.rooderchina.com\/#\/schema\/logo\/image\/\",\"url\":\"https:\/\/www.rooderchina.com\/wp-content\/uploads\/2023\/12\/rooder2.jpg\",\"contentUrl\":\"https:\/\/www.rooderchina.com\/wp-content\/uploads\/2023\/12\/rooder2.jpg\",\"width\":1723,\"height\":1037,\"caption\":\"Electric Scooters Bikes Citycoco Manufacturer\"},\"image\":{\"@id\":\"https:\/\/www.rooderchina.com\/#\/schema\/logo\/image\/\"},\"sameAs\":[\"https:\/\/www.facebook.com\/rooder.tec\",\"https:\/\/twitter.com\/RooderTec\"]}]}<\/script>\n<!-- \/ Yoast SEO plugin. -->","yoast_head_json":{"title":"two wheel standing electric scooter r803c with lithium battery 5.5 inch motor foldable aluminum alloy body - Electric Scooters Bikes Citycoco Manufacturer","robots":{"index":"index","follow":"follow","max-snippet":"max-snippet:-1","max-image-preview":"max-image-preview:large","max-video-preview":"max-video-preview:-1"},"canonical":"https:\/\/www.rooderchina.com\/tr\/urun\/two-wheel-standing-electric-scooter-r803c-with-lithium-battery-5-5-inch-motor-foldable-aluminum-alloy-body\/","og_locale":"tr_TR","og_type":"article","og_title":"two wheel standing electric scooter r803c with lithium battery 5.5 inch motor foldable aluminum alloy body - Electric Scooters Bikes Citycoco Manufacturer","og_description":"Short Description: find high quality and cheap price foldable electric scooter, wholesale\u00a0foldable electric scooter from Rooder\u00a0foldable electric scooter factory supplier manufacturer exporter company www.RooderChina.com foldable scooter, lithium battery, 5.5 inch or 6.5 inch wheels, factory price &nbsp;    Brand: OEM\/ODM\/ROODER   Min.Order Quantity: 10 Piece\/Pieces   Supply Ability: 10000 Piece\/Pieces per Month   Port: Shenzhen   Payment Terms: T\/T, L\/C, D\/A, D\/P","og_url":"https:\/\/www.rooderchina.com\/tr\/urun\/two-wheel-standing-electric-scooter-r803c-with-lithium-battery-5-5-inch-motor-foldable-aluminum-alloy-body\/","og_site_name":"Electric Scooters Bikes Citycoco Manufacturer","article_publisher":"https:\/\/www.facebook.com\/rooder.tec","article_modified_time":"2023-11-11T11:05:32+00:00","og_image":[{"width":750,"height":750,"url":"https:\/\/www.rooderchina.com\/wp-content\/uploads\/2023\/11\/2c98bc8a.jpg","type":"image\/jpeg"}],"twitter_card":"summary_large_image","twitter_site":"@RooderTec","twitter_misc":{"Tahmini okuma s\u00fcresi":"1 dakika"},"schema":{"@context":"https:\/\/schema.org","@graph":[{"@type":"WebPage","@id":"https:\/\/www.rooderchina.com\/product\/two-wheel-standing-electric-scooter-r803c-with-lithium-battery-5-5-inch-motor-foldable-aluminum-alloy-body\/","url":"https:\/\/www.rooderchina.com\/product\/two-wheel-standing-electric-scooter-r803c-with-lithium-battery-5-5-inch-motor-foldable-aluminum-alloy-body\/","name":"two wheel standing electric scooter r803c with lithium battery 5.5 inch motor foldable aluminum alloy body - Electric Scooters Bikes Citycoco Manufacturer","isPartOf":{"@id":"https:\/\/www.rooderchina.com\/#website"},"datePublished":"2023-11-11T11:05:13+00:00","dateModified":"2023-11-11T11:05:32+00:00","breadcrumb":{"@id":"https:\/\/www.rooderchina.com\/product\/two-wheel-standing-electric-scooter-r803c-with-lithium-battery-5-5-inch-motor-foldable-aluminum-alloy-body\/#breadcrumb"},"inLanguage":"tr","potentialAction":[{"@type":"ReadAction","target":["https:\/\/www.rooderchina.com\/product\/two-wheel-standing-electric-scooter-r803c-with-lithium-battery-5-5-inch-motor-foldable-aluminum-alloy-body\/"]}]},{"@type":"BreadcrumbList","@id":"https:\/\/www.rooderchina.com\/product\/two-wheel-standing-electric-scooter-r803c-with-lithium-battery-5-5-inch-motor-foldable-aluminum-alloy-body\/#breadcrumb","itemListElement":[{"@type":"ListItem","position":1,"name":"HOME","item":"https:\/\/www.rooderchina.com\/"},{"@type":"ListItem","position":2,"name":"Shop","item":"https:\/\/www.rooderchina.com\/shop\/"},{"@type":"ListItem","position":3,"name":"two wheel standing electric scooter r803c with lithium battery 5.5 inch motor foldable aluminum alloy body"}]},{"@type":"WebSite","@id":"https:\/\/www.rooderchina.com\/#website","url":"https:\/\/www.rooderchina.com\/","name":"Electric Scooters Bikes Citycoco Manufacturer","description":"Rooder Technology Limited","publisher":{"@id":"https:\/\/www.rooderchina.com\/#organization"},"potentialAction":[{"@type":"SearchAction","target":{"@type":"EntryPoint","urlTemplate":"https:\/\/www.rooderchina.com\/?s={search_term_string}"},"query-input":"required name=search_term_string"}],"inLanguage":"tr"},{"@type":"Organization","@id":"https:\/\/www.rooderchina.com\/#organization","name":"Electric Scooters Bikes Citycoco Manufacturer","url":"https:\/\/www.rooderchina.com\/","logo":{"@type":"ImageObject","inLanguage":"tr","@id":"https:\/\/www.rooderchina.com\/#\/schema\/logo\/image\/","url":"https:\/\/www.rooderchina.com\/wp-content\/uploads\/2023\/12\/rooder2.jpg","contentUrl":"https:\/\/www.rooderchina.com\/wp-content\/uploads\/2023\/12\/rooder2.jpg","width":1723,"height":1037,"caption":"Electric Scooters Bikes Citycoco Manufacturer"},"image":{"@id":"https:\/\/www.rooderchina.com\/#\/schema\/logo\/image\/"},"sameAs":["https:\/\/www.facebook.com\/rooder.tec","https:\/\/twitter.com\/RooderTec"]}]}},"_links":{"self":[{"href":"https:\/\/www.rooderchina.com\/tr\/wp-json\/wp\/v2\/product\/10090","targetHints":{"allow":["GET"]}}],"collection":[{"href":"https:\/\/www.rooderchina.com\/tr\/wp-json\/wp\/v2\/product"}],"about":[{"href":"https:\/\/www.rooderchina.com\/tr\/wp-json\/wp\/v2\/types\/product"}],"replies":[{"embeddable":true,"href":"https:\/\/www.rooderchina.com\/tr\/wp-json\/wp\/v2\/comments?post=10090"}],"version-history":[{"count":1,"href":"https:\/\/www.rooderchina.com\/tr\/wp-json\/wp\/v2\/product\/10090\/revisions"}],"predecessor-version":[{"id":10091,"href":"https:\/\/www.rooderchina.com\/tr\/wp-json\/wp\/v2\/product\/10090\/revisions\/10091"}],"wp:featuredmedia":[{"embeddable":true,"href":"https:\/\/www.rooderchina.com\/tr\/wp-json\/wp\/v2\/media\/10092"}],"wp:attachment":[{"href":"https:\/\/www.rooderchina.com\/tr\/wp-json\/wp\/v2\/media?parent=10090"}],"wp:term":[{"taxonomy":"product_brand","embeddable":true,"href":"https:\/\/www.rooderchina.com\/tr\/wp-json\/wp\/v2\/product_brand?post=10090"},{"taxonomy":"product_cat","embeddable":true,"href":"https:\/\/www.rooderchina.com\/tr\/wp-json\/wp\/v2\/product_cat?post=10090"},{"taxonomy":"product_tag","embeddable":true,"href":"https:\/\/www.rooderchina.com\/tr\/wp-json\/wp\/v2\/product_tag?post=10090"}],"curies":[{"name":"wp","href":"https:\/\/api.w.org\/{rel}","templated":true}]}}