{"id":10046,"date":"2023-11-11T19:04:35","date_gmt":"2023-11-11T11:04:35","guid":{"rendered":"http:\/\/www.rooderchina.com\/index.php\/product\/folding-electric-scooter-r803b-for-adult-with-8-inch-brushless-motor-wheel-lcd-screen-black-white-blue-color-for-sale\/"},"modified":"2023-11-11T19:04:57","modified_gmt":"2023-11-11T11:04:57","slug":"folding-electric-scooter-r803b-for-adult-with-8-inch-brushless-motor-wheel-lcd-screen-black-white-blue-color-for-sale","status":"publish","type":"product","link":"https:\/\/www.rooderchina.com\/tr\/urun\/folding-electric-scooter-r803b-for-adult-with-8-inch-brushless-motor-wheel-lcd-screen-black-white-blue-color-for-sale\/","title":{"rendered":"katlan\u0131r elektrikli scooter r803b 8 in\u00e7 f\u0131r\u00e7as\u0131z motorlu tekerlekli lcd ekranl\u0131 yeti\u015fkinler i\u00e7in siyah beyaz mavi renk sat\u0131l\u0131k"},"content":{"rendered":"<p>we are special at manufacturing &amp; exporting various outdoor sports products with services of both ODM and OEM, offering products from our own factories and our affiliated manufacturing companies across China as well. Thanks to strict quality-control and moderate prices, annually, millions of dollars worth of our products march into world market, other than Chinese domestic market, including Europe North American, South American and Korea.<\/p>\n<p>Our advantages:<\/p>\n<p>1. With 3 subordinate factories, focused in different area for more than 5 years.<br \/>\n2. Specialise in kick scooters, electric scooters and skateboards.<br \/>\n3. Provide best quality, best service and competitive price.<\/p>\n<p>More services we can provide:<\/p>\n<p>1. Professional Free Design.<br \/>\n2. OEM Support.<br \/>\n3. Low MOQ.<br \/>\n4. Fast delivery.<br \/>\n5. Door to Door Service.<\/p>\n<p>If you are looking for a dependable, responsive, high quality manufacturer, then you have come to the right place. Contact us and let us earn your trust by turning mere words into action. We&#8217;re confident you&#8217;ll never look back.<\/p>\n<p><strong><a href=\"https:\/\/www.rooderchina.com\/tr\/tag\/folding-electric-scooter\/\" title=\"View all posts in folding electric scooter\" target=\"_blank\" rel=\"noopener\">katlan\u0131r elektrikli scooter<\/a> r803b for adult with 8 inch brushless motor wheel lcd screen black white blue color for sale<\/strong><\/p>\n<\/p>\n<p>&nbsp;<\/p>\n<p>model: r803b<br \/>\n<a href=\"https:\/\/www.rooderchina.com\/tr\/tag\/folding-electric-scooter\/\" title=\"View all posts in folding electric scooter\" target=\"_blank\" rel=\"noopener\">katlan\u0131r elektrikli scooter<\/a> with aluminum alloy<br \/>\nbattery:36v8ah<br \/>\n\u015farj s\u00fcresi: 3-4 saat<br \/>\ng\u00fc\u00e7:350w<br \/>\ntop speed:35km\/h<br \/>\nrange:25km<br \/>\ngrade ability:25\u00b0(depend on the weight of rider and road conditions)<br \/>\nalternative translations:earmarked to accelerate<br \/>\nfront and rear spring suspension: yes<br \/>\nlastik boyutu: 8 in\u00e7<br \/>\nmaksimum y\u00fck: 120kg<br \/>\nnet weight:11.5kg<br \/>\ngross weight: 15kg<br \/>\nfolded measurement:94x15x33cm<br \/>\npacking measurement: 104x22x41cm<\/p>","protected":false},"excerpt":{"rendered":"<h3>K\u0131sa A\u00e7\u0131klama:<\/h3>\n<p><p>yeti\u015fkinler i\u00e7in y\u00fcksek kaliteli ve ucuz fiyat katlan\u0131r elektrikli scooter, Rooder alibaba alt\u0131n tedarik\u00e7isi yeti\u015fkinler i\u00e7in toptan katlan\u0131r elektrikli scooter www.RooderChina.com \u00fczerinde yeti\u015fkinler i\u00e7in katlan\u0131r elektrikli scooter bulmak<\/p>\n<p>katlan\u0131r elektrikli scooter,<br \/>\n8 in\u00e7 motor,<br \/>\nLityum pil,<br \/>\ndo\u011frudan fabrika,<br \/>\ntoptan sat\u0131\u015f fiyat\u0131<\/p>\n<\/p>\n<p><\/p>\n<li><em>Marka: <\/em> OEM\/ODM\/ROODER<\/li>\n<li><em>Min.Sipari\u015f Miktar\u0131: <\/em> 10 Adet \/ Adet<\/li>\n<li><em>Tedarik Yetene\u011fi: <\/em> 10000 Adet \/ Adet her Ay<\/li>\n<li><em>Liman: <\/em> Shenzhen<\/li>\n<li><em>\u00d6deme Ko\u015fullar\u0131: <\/em> T\/T, L\/C, D\/A, D\/P<\/li>","protected":false},"featured_media":10048,"comment_status":"closed","ping_status":"open","template":"","meta":[],"product_brand":[],"product_cat":[829],"product_tag":[932,933,934,935,936,937,938,939,940,941,942,554,943,568],"class_list":{"0":"post-10046","1":"product","2":"type-product","3":"status-publish","4":"has-post-thumbnail","6":"product_cat-electric-scooters","7":"product_tag-500w-electric-scooter","8":"product_tag-best-electric-scooter-for-adults","9":"product_tag-big-wheelers-electric-scooter","10":"product_tag-cheap-electric-scooter-for-adults","11":"product_tag-cheap-motor-scooter","12":"product_tag-electric-motor-scooters-for-adults","13":"product_tag-electric-scooter-350w","14":"product_tag-electric-scooter-for-adult","15":"product_tag-electric-scooter-for-adults-kids","16":"product_tag-electric-scooter-with-damper","17":"product_tag-electric-stand-up-scooter","18":"product_tag-folding-electric-scooter","19":"product_tag-folding-electric-scooter-for-adult","20":"product_tag-two-wheel-electric-scooter","22":"first","23":"instock","24":"product-type-simple"},"yoast_head":"<!-- This site is optimized with the Yoast SEO plugin v21.7 - https:\/\/yoast.com\/wordpress\/plugins\/seo\/ -->\n<title>folding electric scooter r803b for adult with 8 inch brushless motor wheel lcd screen black white blue color for sale - Electric Scooters Bikes Citycoco Manufacturer<\/title>\n<meta name=\"robots\" content=\"index, follow, max-snippet:-1, max-image-preview:large, max-video-preview:-1\" \/>\n<link rel=\"canonical\" href=\"https:\/\/www.rooderchina.com\/tr\/urun\/folding-electric-scooter-r803b-for-adult-with-8-inch-brushless-motor-wheel-lcd-screen-black-white-blue-color-for-sale\/\" \/>\n<meta property=\"og:locale\" content=\"tr_TR\" \/>\n<meta property=\"og:type\" content=\"article\" \/>\n<meta property=\"og:title\" content=\"folding electric scooter r803b for adult with 8 inch brushless motor wheel lcd screen black white blue color for sale - Electric Scooters Bikes Citycoco Manufacturer\" \/>\n<meta property=\"og:description\" content=\"Short Description: find high quality and cheap price\u00a0folding electric scooter for adult, wholesale\u00a0folding electric scooter for adult from Rooder alibaba gold supplier\u00a0folding electric scooter for adult on www.RooderChina.com folding electric scooter, 8 inch motor, lithium battery, factory directly, wholesale price    Brand: OEM\/ODM\/ROODER   Min.Order Quantity: 10 Piece\/Pieces   Supply Ability: 10000 Piece\/Pieces per Month   Port: Shenzhen   Payment Terms: T\/T, L\/C, D\/A, D\/P\" \/>\n<meta property=\"og:url\" content=\"https:\/\/www.rooderchina.com\/tr\/urun\/folding-electric-scooter-r803b-for-adult-with-8-inch-brushless-motor-wheel-lcd-screen-black-white-blue-color-for-sale\/\" \/>\n<meta property=\"og:site_name\" content=\"Electric Scooters Bikes Citycoco Manufacturer\" \/>\n<meta property=\"article:publisher\" content=\"https:\/\/www.facebook.com\/rooder.tec\" \/>\n<meta property=\"article:modified_time\" content=\"2023-11-11T11:04:57+00:00\" \/>\n<meta property=\"og:image\" content=\"https:\/\/www.rooderchina.com\/wp-content\/uploads\/2023\/11\/aa3af7c8.jpg\" \/>\n\t<meta property=\"og:image:width\" content=\"750\" \/>\n\t<meta property=\"og:image:height\" content=\"750\" \/>\n\t<meta property=\"og:image:type\" content=\"image\/jpeg\" \/>\n<meta name=\"twitter:card\" content=\"summary_large_image\" \/>\n<meta name=\"twitter:site\" content=\"@RooderTec\" \/>\n<meta name=\"twitter:label1\" content=\"Tahmini okuma s\u00fcresi\" \/>\n\t<meta name=\"twitter:data1\" content=\"1 dakika\" \/>\n<script type=\"application\/ld+json\" class=\"yoast-schema-graph\">{\"@context\":\"https:\/\/schema.org\",\"@graph\":[{\"@type\":\"WebPage\",\"@id\":\"https:\/\/www.rooderchina.com\/product\/folding-electric-scooter-r803b-for-adult-with-8-inch-brushless-motor-wheel-lcd-screen-black-white-blue-color-for-sale\/\",\"url\":\"https:\/\/www.rooderchina.com\/product\/folding-electric-scooter-r803b-for-adult-with-8-inch-brushless-motor-wheel-lcd-screen-black-white-blue-color-for-sale\/\",\"name\":\"folding electric scooter r803b for adult with 8 inch brushless motor wheel lcd screen black white blue color for sale - Electric Scooters Bikes Citycoco Manufacturer\",\"isPartOf\":{\"@id\":\"https:\/\/www.rooderchina.com\/#website\"},\"datePublished\":\"2023-11-11T11:04:35+00:00\",\"dateModified\":\"2023-11-11T11:04:57+00:00\",\"breadcrumb\":{\"@id\":\"https:\/\/www.rooderchina.com\/product\/folding-electric-scooter-r803b-for-adult-with-8-inch-brushless-motor-wheel-lcd-screen-black-white-blue-color-for-sale\/#breadcrumb\"},\"inLanguage\":\"tr\",\"potentialAction\":[{\"@type\":\"ReadAction\",\"target\":[\"https:\/\/www.rooderchina.com\/product\/folding-electric-scooter-r803b-for-adult-with-8-inch-brushless-motor-wheel-lcd-screen-black-white-blue-color-for-sale\/\"]}]},{\"@type\":\"BreadcrumbList\",\"@id\":\"https:\/\/www.rooderchina.com\/product\/folding-electric-scooter-r803b-for-adult-with-8-inch-brushless-motor-wheel-lcd-screen-black-white-blue-color-for-sale\/#breadcrumb\",\"itemListElement\":[{\"@type\":\"ListItem\",\"position\":1,\"name\":\"HOME\",\"item\":\"https:\/\/www.rooderchina.com\/\"},{\"@type\":\"ListItem\",\"position\":2,\"name\":\"Shop\",\"item\":\"https:\/\/www.rooderchina.com\/shop\/\"},{\"@type\":\"ListItem\",\"position\":3,\"name\":\"folding electric scooter r803b for adult with 8 inch brushless motor wheel lcd screen black white blue color for sale\"}]},{\"@type\":\"WebSite\",\"@id\":\"https:\/\/www.rooderchina.com\/#website\",\"url\":\"https:\/\/www.rooderchina.com\/\",\"name\":\"Electric Scooters Bikes Citycoco Manufacturer\",\"description\":\"Rooder Technology Limited\",\"publisher\":{\"@id\":\"https:\/\/www.rooderchina.com\/#organization\"},\"potentialAction\":[{\"@type\":\"SearchAction\",\"target\":{\"@type\":\"EntryPoint\",\"urlTemplate\":\"https:\/\/www.rooderchina.com\/?s={search_term_string}\"},\"query-input\":\"required name=search_term_string\"}],\"inLanguage\":\"tr\"},{\"@type\":\"Organization\",\"@id\":\"https:\/\/www.rooderchina.com\/#organization\",\"name\":\"Electric Scooters Bikes Citycoco Manufacturer\",\"url\":\"https:\/\/www.rooderchina.com\/\",\"logo\":{\"@type\":\"ImageObject\",\"inLanguage\":\"tr\",\"@id\":\"https:\/\/www.rooderchina.com\/#\/schema\/logo\/image\/\",\"url\":\"https:\/\/www.rooderchina.com\/wp-content\/uploads\/2023\/12\/rooder2.jpg\",\"contentUrl\":\"https:\/\/www.rooderchina.com\/wp-content\/uploads\/2023\/12\/rooder2.jpg\",\"width\":1723,\"height\":1037,\"caption\":\"Electric Scooters Bikes Citycoco Manufacturer\"},\"image\":{\"@id\":\"https:\/\/www.rooderchina.com\/#\/schema\/logo\/image\/\"},\"sameAs\":[\"https:\/\/www.facebook.com\/rooder.tec\",\"https:\/\/twitter.com\/RooderTec\"]}]}<\/script>\n<!-- \/ Yoast SEO plugin. -->","yoast_head_json":{"title":"folding electric scooter r803b for adult with 8 inch brushless motor wheel lcd screen black white blue color for sale - Electric Scooters Bikes Citycoco Manufacturer","robots":{"index":"index","follow":"follow","max-snippet":"max-snippet:-1","max-image-preview":"max-image-preview:large","max-video-preview":"max-video-preview:-1"},"canonical":"https:\/\/www.rooderchina.com\/tr\/urun\/folding-electric-scooter-r803b-for-adult-with-8-inch-brushless-motor-wheel-lcd-screen-black-white-blue-color-for-sale\/","og_locale":"tr_TR","og_type":"article","og_title":"folding electric scooter r803b for adult with 8 inch brushless motor wheel lcd screen black white blue color for sale - Electric Scooters Bikes Citycoco Manufacturer","og_description":"Short Description: find high quality and cheap price\u00a0folding electric scooter for adult, wholesale\u00a0folding electric scooter for adult from Rooder alibaba gold supplier\u00a0folding electric scooter for adult on www.RooderChina.com folding electric scooter, 8 inch motor, lithium battery, factory directly, wholesale price    Brand: OEM\/ODM\/ROODER   Min.Order Quantity: 10 Piece\/Pieces   Supply Ability: 10000 Piece\/Pieces per Month   Port: Shenzhen   Payment Terms: T\/T, L\/C, D\/A, D\/P","og_url":"https:\/\/www.rooderchina.com\/tr\/urun\/folding-electric-scooter-r803b-for-adult-with-8-inch-brushless-motor-wheel-lcd-screen-black-white-blue-color-for-sale\/","og_site_name":"Electric Scooters Bikes Citycoco Manufacturer","article_publisher":"https:\/\/www.facebook.com\/rooder.tec","article_modified_time":"2023-11-11T11:04:57+00:00","og_image":[{"width":750,"height":750,"url":"https:\/\/www.rooderchina.com\/wp-content\/uploads\/2023\/11\/aa3af7c8.jpg","type":"image\/jpeg"}],"twitter_card":"summary_large_image","twitter_site":"@RooderTec","twitter_misc":{"Tahmini okuma s\u00fcresi":"1 dakika"},"schema":{"@context":"https:\/\/schema.org","@graph":[{"@type":"WebPage","@id":"https:\/\/www.rooderchina.com\/product\/folding-electric-scooter-r803b-for-adult-with-8-inch-brushless-motor-wheel-lcd-screen-black-white-blue-color-for-sale\/","url":"https:\/\/www.rooderchina.com\/product\/folding-electric-scooter-r803b-for-adult-with-8-inch-brushless-motor-wheel-lcd-screen-black-white-blue-color-for-sale\/","name":"folding electric scooter r803b for adult with 8 inch brushless motor wheel lcd screen black white blue color for sale - Electric Scooters Bikes Citycoco Manufacturer","isPartOf":{"@id":"https:\/\/www.rooderchina.com\/#website"},"datePublished":"2023-11-11T11:04:35+00:00","dateModified":"2023-11-11T11:04:57+00:00","breadcrumb":{"@id":"https:\/\/www.rooderchina.com\/product\/folding-electric-scooter-r803b-for-adult-with-8-inch-brushless-motor-wheel-lcd-screen-black-white-blue-color-for-sale\/#breadcrumb"},"inLanguage":"tr","potentialAction":[{"@type":"ReadAction","target":["https:\/\/www.rooderchina.com\/product\/folding-electric-scooter-r803b-for-adult-with-8-inch-brushless-motor-wheel-lcd-screen-black-white-blue-color-for-sale\/"]}]},{"@type":"BreadcrumbList","@id":"https:\/\/www.rooderchina.com\/product\/folding-electric-scooter-r803b-for-adult-with-8-inch-brushless-motor-wheel-lcd-screen-black-white-blue-color-for-sale\/#breadcrumb","itemListElement":[{"@type":"ListItem","position":1,"name":"HOME","item":"https:\/\/www.rooderchina.com\/"},{"@type":"ListItem","position":2,"name":"Shop","item":"https:\/\/www.rooderchina.com\/shop\/"},{"@type":"ListItem","position":3,"name":"folding electric scooter r803b for adult with 8 inch brushless motor wheel lcd screen black white blue color for sale"}]},{"@type":"WebSite","@id":"https:\/\/www.rooderchina.com\/#website","url":"https:\/\/www.rooderchina.com\/","name":"Electric Scooters Bikes Citycoco Manufacturer","description":"Rooder Technology Limited","publisher":{"@id":"https:\/\/www.rooderchina.com\/#organization"},"potentialAction":[{"@type":"SearchAction","target":{"@type":"EntryPoint","urlTemplate":"https:\/\/www.rooderchina.com\/?s={search_term_string}"},"query-input":"required name=search_term_string"}],"inLanguage":"tr"},{"@type":"Organization","@id":"https:\/\/www.rooderchina.com\/#organization","name":"Electric Scooters Bikes Citycoco Manufacturer","url":"https:\/\/www.rooderchina.com\/","logo":{"@type":"ImageObject","inLanguage":"tr","@id":"https:\/\/www.rooderchina.com\/#\/schema\/logo\/image\/","url":"https:\/\/www.rooderchina.com\/wp-content\/uploads\/2023\/12\/rooder2.jpg","contentUrl":"https:\/\/www.rooderchina.com\/wp-content\/uploads\/2023\/12\/rooder2.jpg","width":1723,"height":1037,"caption":"Electric Scooters Bikes Citycoco Manufacturer"},"image":{"@id":"https:\/\/www.rooderchina.com\/#\/schema\/logo\/image\/"},"sameAs":["https:\/\/www.facebook.com\/rooder.tec","https:\/\/twitter.com\/RooderTec"]}]}},"_links":{"self":[{"href":"https:\/\/www.rooderchina.com\/tr\/wp-json\/wp\/v2\/product\/10046","targetHints":{"allow":["GET"]}}],"collection":[{"href":"https:\/\/www.rooderchina.com\/tr\/wp-json\/wp\/v2\/product"}],"about":[{"href":"https:\/\/www.rooderchina.com\/tr\/wp-json\/wp\/v2\/types\/product"}],"replies":[{"embeddable":true,"href":"https:\/\/www.rooderchina.com\/tr\/wp-json\/wp\/v2\/comments?post=10046"}],"version-history":[{"count":1,"href":"https:\/\/www.rooderchina.com\/tr\/wp-json\/wp\/v2\/product\/10046\/revisions"}],"predecessor-version":[{"id":10047,"href":"https:\/\/www.rooderchina.com\/tr\/wp-json\/wp\/v2\/product\/10046\/revisions\/10047"}],"wp:featuredmedia":[{"embeddable":true,"href":"https:\/\/www.rooderchina.com\/tr\/wp-json\/wp\/v2\/media\/10048"}],"wp:attachment":[{"href":"https:\/\/www.rooderchina.com\/tr\/wp-json\/wp\/v2\/media?parent=10046"}],"wp:term":[{"taxonomy":"product_brand","embeddable":true,"href":"https:\/\/www.rooderchina.com\/tr\/wp-json\/wp\/v2\/product_brand?post=10046"},{"taxonomy":"product_cat","embeddable":true,"href":"https:\/\/www.rooderchina.com\/tr\/wp-json\/wp\/v2\/product_cat?post=10046"},{"taxonomy":"product_tag","embeddable":true,"href":"https:\/\/www.rooderchina.com\/tr\/wp-json\/wp\/v2\/product_tag?post=10046"}],"curies":[{"name":"wp","href":"https:\/\/api.w.org\/{rel}","templated":true}]}}