{"id":9995,"date":"2023-11-11T18:56:08","date_gmt":"2023-11-11T10:56:08","guid":{"rendered":"http:\/\/www.rooderchina.com\/index.php\/product\/2-wheel-hoverboard-r808-with-off-rod-all-terrain-smart-wheels-lithium-battery-auto-balance-pull-rod-dual-bluetooth-speaker\/"},"modified":"2023-11-11T18:56:25","modified_gmt":"2023-11-11T10:56:25","slug":"2-wheel-hoverboard-r808-with-off-rod-all-terrain-smart-wheels-lithium-battery-auto-balance-pull-rod-dual-bluetooth-speaker","status":"publish","type":"product","link":"https:\/\/www.rooderchina.com\/pt\/produto\/2-wheel-hoverboard-r808-with-off-rod-all-terrain-smart-wheels-lithium-battery-auto-balance-pull-rod-dual-bluetooth-speaker\/","title":{"rendered":"Hoverboard r808 de 2 rodas com haste off rod todo terreno rodas inteligentes bateria de l\u00edtio equil\u00edbrio autom\u00e1tico haste de tra\u00e7\u00e3o alto-falante duplo bluetooth"},"content":{"rendered":"<p>Somos um fabricante de bicicletas el\u00e9tricas, scooters el\u00e9tricas e skates el\u00e9tricos com instala\u00e7\u00f5es de teste bem equipadas e forte for\u00e7a t\u00e9cnica.<\/p>\n<p>Com uma ampla variedade, boa qualidade, pre\u00e7os razo\u00e1veis e designs elegantes, nossos produtos s\u00e3o amplamente utilizados em bicicletas el\u00e9tricas e outros setores.<\/p>\n<p>Nossos produtos s\u00e3o amplamente reconhecidos e confi\u00e1veis pelos usu\u00e1rios e podem atender \u00e0s necessidades econ\u00f4micas e sociais em constante mudan\u00e7a.<\/p>\n<p>Convidamos clientes novos e antigos de todas as esferas da vida a entrar em contato conosco para futuras rela\u00e7\u00f5es comerciais e sucesso m\u00fatuo.<\/p>\n<p><strong><a href=\"https:\/\/www.rooderchina.com\/pt\/tag\/2-wheel-hoverboard\/\" title=\"Ver todas as mensagens em hoverboard de 2 rodas\" target=\"_blank\" rel=\"noopener\">Hoverboard de 2 rodas<\/a> r808 com haste off rod todo terreno rodas inteligentes bateria de l\u00edtio equil\u00edbrio autom\u00e1tico haste de tra\u00e7\u00e3o alto-falante duplo bluetooth<\/strong><\/p>\n<\/p>\n<p>&nbsp;<\/p>\n<section>\n<section>\n<section>\n<section>\n<section>\n<section>modelo: r808<br \/>\nPeso l\u00edquido: 14 kg<br \/>\nTamanho do pneu: 8,5\u2033.<br \/>\nCarga m\u00e1xima: 120 kg<br \/>\nLimite de velocidade m\u00e1xima: 12km\/h<br \/>\nalcance: 10-15 km<br \/>\nraio de giro m\u00ednimo: 0<br \/>\nLimite m\u00e1ximo de escalada: 15<br \/>\nbateria: \u00edon de l\u00edtio remov\u00edvel 36v 4.4ah samsung<br \/>\nTemperatura de carregamento: 0\u2103~40\u2103<br \/>\nTemperatura de opera\u00e7\u00e3o: -15\u2103~50\u2103<br \/>\nmotor: 350w*2<br \/>\npower requirements:ac100-240v\/50-60hz<br \/>\nTempo de carregamento: 2 a 3 horas<br \/>\nCaixa de embalagem: 77*29*33cm<br \/>\nPeso bruto: 16 kg<br \/>\nop\u00e7\u00e3o: bluetooth \/ controle remoto \/ haste de tra\u00e7\u00e3o \/ app1pe\u00e7a\/caixa<br \/>\nPeso l\u00edquido: 14 kg<br \/>\ngw:16kg<br \/>\nTamanho da caixa: 73*26*28cm<br \/>\n0,047cbm\/pe\u00e7a<\/p>\n<p>ordem do cont\u00eainer:<br \/>\n623pcs em 20gp<br \/>\n1331pcs em 40gp<br \/>\n1503pcs em 40hc<\/p>\n<\/section>\n<\/section>\n<\/section>\n<\/section>\n<\/section>\n<\/section>","protected":false},"excerpt":{"rendered":"<h3>Descri\u00e7\u00e3o resumida:<\/h3>\n<p><p>Encontre scooter el\u00e9trico hoverboard de alta qualidade e baixo pre\u00e7o, scooter el\u00e9trico hoverboard por atacado da Rooder hoverboard scooter el\u00e9trico fornecedor f\u00e1brica exportador empresa fabricante em www.RooderChina.com<\/p>\n<p>Todo terreno,<br \/>\n8,5 polegadas,<br \/>\nAlto-falante bluetooth duplo,<br \/>\nequil\u00edbrio autom\u00e1tico.<br \/>\naplicativo,<br \/>\nhaste de tra\u00e7\u00e3o,<br \/>\nbateria samsung<\/p>\n<\/p>\n<p><\/p>\n<li><em>Marca: <\/em> OEM\/ODM\/ROODER<\/li>\n<li><em>Quantidade m\u00ednima do pedido: <\/em> 10 pe\u00e7as\/pe\u00e7as<\/li>\n<li><em>Capacidade de fornecimento: <\/em> 10000 pe\u00e7as\/pe\u00e7as por m\u00eas<\/li>\n<li><em>Porto: <\/em> Shenzhen<\/li>\n<li><em>Condi\u00e7\u00f5es de pagamento: <\/em> T\/T, L\/C, D\/A, D\/P<\/li>","protected":false},"featured_media":9997,"comment_status":"closed","ping_status":"open","template":"","meta":[],"product_brand":[],"product_cat":[556],"product_tag":[910,911,912,913,914,915,916,727,917,918,919,653],"class_list":{"0":"post-9995","1":"product","2":"type-product","3":"status-publish","4":"has-post-thumbnail","6":"product_cat-others","7":"product_tag-2-wheel-hoverboard","8":"product_tag-bluetooth-scooter-hoverboard","9":"product_tag-dropshipping-scooter-hoverboard-r2","10":"product_tag-electric-scooter-balancing-hoverboard","11":"product_tag-hoverboard-10-inch-scooter","12":"product_tag-hoverboard-electric-scooter","13":"product_tag-hoverboard-electric-skateboard-scooter","14":"product_tag-hoverboard-scooter","15":"product_tag-hoverboard-scooter-1000w","16":"product_tag-hoverboard-scooterhoverboard-electrical","17":"product_tag-lowest-price-hoverboard-scooter","18":"product_tag-scooter-hoverboard","20":"first","21":"instock","22":"product-type-simple"},"yoast_head":"<!-- This site is optimized with the Yoast SEO plugin v21.7 - https:\/\/yoast.com\/wordpress\/plugins\/seo\/ -->\n<title>2 wheel hoverboard r808 with off rod all terrain smart wheels lithium battery auto balance pull rod dual bluetooth speaker - Electric Scooters Bikes Citycoco Manufacturer<\/title>\n<meta name=\"robots\" content=\"index, follow, max-snippet:-1, max-image-preview:large, max-video-preview:-1\" \/>\n<link rel=\"canonical\" href=\"https:\/\/www.rooderchina.com\/pt\/produto\/2-wheel-hoverboard-r808-with-off-rod-all-terrain-smart-wheels-lithium-battery-auto-balance-pull-rod-dual-bluetooth-speaker\/\" \/>\n<meta property=\"og:locale\" content=\"pt_BR\" \/>\n<meta property=\"og:type\" content=\"article\" \/>\n<meta property=\"og:title\" content=\"2 wheel hoverboard r808 with off rod all terrain smart wheels lithium battery auto balance pull rod dual bluetooth speaker - Electric Scooters Bikes Citycoco Manufacturer\" \/>\n<meta property=\"og:description\" content=\"Short Description: find high quality low price\u00a0hoverboard electric scooter, wholesale\u00a0hoverboard electric scooter from Rooder\u00a0hoverboard electric scooter supplier factory exporter company manufacturer on www.RooderChina.com all terrain, 8.5 inch, dual bluetooth speaker, auto balance. app, pull rod, samsung battery    Brand: OEM\/ODM\/ROODER   Min.Order Quantity: 10 Piece\/Pieces   Supply Ability: 10000 Piece\/Pieces per Month   Port: Shenzhen   Payment Terms: T\/T, L\/C, D\/A, D\/P\" \/>\n<meta property=\"og:url\" content=\"https:\/\/www.rooderchina.com\/pt\/produto\/2-wheel-hoverboard-r808-with-off-rod-all-terrain-smart-wheels-lithium-battery-auto-balance-pull-rod-dual-bluetooth-speaker\/\" \/>\n<meta property=\"og:site_name\" content=\"Electric Scooters Bikes Citycoco Manufacturer\" \/>\n<meta property=\"article:publisher\" content=\"https:\/\/www.facebook.com\/rooder.tec\" \/>\n<meta property=\"article:modified_time\" content=\"2023-11-11T10:56:25+00:00\" \/>\n<meta property=\"og:image\" content=\"https:\/\/www.rooderchina.com\/wp-content\/uploads\/2023\/11\/16ad1f9f.jpg\" \/>\n\t<meta property=\"og:image:width\" content=\"750\" \/>\n\t<meta property=\"og:image:height\" content=\"750\" \/>\n\t<meta property=\"og:image:type\" content=\"image\/jpeg\" \/>\n<meta name=\"twitter:card\" content=\"summary_large_image\" \/>\n<meta name=\"twitter:site\" content=\"@RooderTec\" \/>\n<meta name=\"twitter:label1\" content=\"Est. tempo de leitura\" \/>\n\t<meta name=\"twitter:data1\" content=\"1 minuto\" \/>\n<script type=\"application\/ld+json\" class=\"yoast-schema-graph\">{\"@context\":\"https:\/\/schema.org\",\"@graph\":[{\"@type\":\"WebPage\",\"@id\":\"https:\/\/www.rooderchina.com\/product\/2-wheel-hoverboard-r808-with-off-rod-all-terrain-smart-wheels-lithium-battery-auto-balance-pull-rod-dual-bluetooth-speaker\/\",\"url\":\"https:\/\/www.rooderchina.com\/product\/2-wheel-hoverboard-r808-with-off-rod-all-terrain-smart-wheels-lithium-battery-auto-balance-pull-rod-dual-bluetooth-speaker\/\",\"name\":\"2 wheel hoverboard r808 with off rod all terrain smart wheels lithium battery auto balance pull rod dual bluetooth speaker - Electric Scooters Bikes Citycoco Manufacturer\",\"isPartOf\":{\"@id\":\"https:\/\/www.rooderchina.com\/#website\"},\"datePublished\":\"2023-11-11T10:56:08+00:00\",\"dateModified\":\"2023-11-11T10:56:25+00:00\",\"breadcrumb\":{\"@id\":\"https:\/\/www.rooderchina.com\/product\/2-wheel-hoverboard-r808-with-off-rod-all-terrain-smart-wheels-lithium-battery-auto-balance-pull-rod-dual-bluetooth-speaker\/#breadcrumb\"},\"inLanguage\":\"pt-BR\",\"potentialAction\":[{\"@type\":\"ReadAction\",\"target\":[\"https:\/\/www.rooderchina.com\/product\/2-wheel-hoverboard-r808-with-off-rod-all-terrain-smart-wheels-lithium-battery-auto-balance-pull-rod-dual-bluetooth-speaker\/\"]}]},{\"@type\":\"BreadcrumbList\",\"@id\":\"https:\/\/www.rooderchina.com\/product\/2-wheel-hoverboard-r808-with-off-rod-all-terrain-smart-wheels-lithium-battery-auto-balance-pull-rod-dual-bluetooth-speaker\/#breadcrumb\",\"itemListElement\":[{\"@type\":\"ListItem\",\"position\":1,\"name\":\"HOME\",\"item\":\"https:\/\/www.rooderchina.com\/\"},{\"@type\":\"ListItem\",\"position\":2,\"name\":\"Shop\",\"item\":\"https:\/\/www.rooderchina.com\/shop\/\"},{\"@type\":\"ListItem\",\"position\":3,\"name\":\"2 wheel hoverboard r808 with off rod all terrain smart wheels lithium battery auto balance pull rod dual bluetooth speaker\"}]},{\"@type\":\"WebSite\",\"@id\":\"https:\/\/www.rooderchina.com\/#website\",\"url\":\"https:\/\/www.rooderchina.com\/\",\"name\":\"Electric Scooters Bikes Citycoco Manufacturer\",\"description\":\"Rooder Technology Limited\",\"publisher\":{\"@id\":\"https:\/\/www.rooderchina.com\/#organization\"},\"potentialAction\":[{\"@type\":\"SearchAction\",\"target\":{\"@type\":\"EntryPoint\",\"urlTemplate\":\"https:\/\/www.rooderchina.com\/?s={search_term_string}\"},\"query-input\":\"required name=search_term_string\"}],\"inLanguage\":\"pt-BR\"},{\"@type\":\"Organization\",\"@id\":\"https:\/\/www.rooderchina.com\/#organization\",\"name\":\"Electric Scooters Bikes Citycoco Manufacturer\",\"url\":\"https:\/\/www.rooderchina.com\/\",\"logo\":{\"@type\":\"ImageObject\",\"inLanguage\":\"pt-BR\",\"@id\":\"https:\/\/www.rooderchina.com\/#\/schema\/logo\/image\/\",\"url\":\"https:\/\/www.rooderchina.com\/wp-content\/uploads\/2023\/12\/rooder2.jpg\",\"contentUrl\":\"https:\/\/www.rooderchina.com\/wp-content\/uploads\/2023\/12\/rooder2.jpg\",\"width\":1723,\"height\":1037,\"caption\":\"Electric Scooters Bikes Citycoco Manufacturer\"},\"image\":{\"@id\":\"https:\/\/www.rooderchina.com\/#\/schema\/logo\/image\/\"},\"sameAs\":[\"https:\/\/www.facebook.com\/rooder.tec\",\"https:\/\/twitter.com\/RooderTec\"]}]}<\/script>\n<!-- \/ Yoast SEO plugin. -->","yoast_head_json":{"title":"2 wheel hoverboard r808 with off rod all terrain smart wheels lithium battery auto balance pull rod dual bluetooth speaker - Electric Scooters Bikes Citycoco Manufacturer","robots":{"index":"index","follow":"follow","max-snippet":"max-snippet:-1","max-image-preview":"max-image-preview:large","max-video-preview":"max-video-preview:-1"},"canonical":"https:\/\/www.rooderchina.com\/pt\/produto\/2-wheel-hoverboard-r808-with-off-rod-all-terrain-smart-wheels-lithium-battery-auto-balance-pull-rod-dual-bluetooth-speaker\/","og_locale":"pt_BR","og_type":"article","og_title":"2 wheel hoverboard r808 with off rod all terrain smart wheels lithium battery auto balance pull rod dual bluetooth speaker - Electric Scooters Bikes Citycoco Manufacturer","og_description":"Short Description: find high quality low price\u00a0hoverboard electric scooter, wholesale\u00a0hoverboard electric scooter from Rooder\u00a0hoverboard electric scooter supplier factory exporter company manufacturer on www.RooderChina.com all terrain, 8.5 inch, dual bluetooth speaker, auto balance. app, pull rod, samsung battery    Brand: OEM\/ODM\/ROODER   Min.Order Quantity: 10 Piece\/Pieces   Supply Ability: 10000 Piece\/Pieces per Month   Port: Shenzhen   Payment Terms: T\/T, L\/C, D\/A, D\/P","og_url":"https:\/\/www.rooderchina.com\/pt\/produto\/2-wheel-hoverboard-r808-with-off-rod-all-terrain-smart-wheels-lithium-battery-auto-balance-pull-rod-dual-bluetooth-speaker\/","og_site_name":"Electric Scooters Bikes Citycoco Manufacturer","article_publisher":"https:\/\/www.facebook.com\/rooder.tec","article_modified_time":"2023-11-11T10:56:25+00:00","og_image":[{"width":750,"height":750,"url":"https:\/\/www.rooderchina.com\/wp-content\/uploads\/2023\/11\/16ad1f9f.jpg","type":"image\/jpeg"}],"twitter_card":"summary_large_image","twitter_site":"@RooderTec","twitter_misc":{"Est. tempo de leitura":"1 minuto"},"schema":{"@context":"https:\/\/schema.org","@graph":[{"@type":"WebPage","@id":"https:\/\/www.rooderchina.com\/product\/2-wheel-hoverboard-r808-with-off-rod-all-terrain-smart-wheels-lithium-battery-auto-balance-pull-rod-dual-bluetooth-speaker\/","url":"https:\/\/www.rooderchina.com\/product\/2-wheel-hoverboard-r808-with-off-rod-all-terrain-smart-wheels-lithium-battery-auto-balance-pull-rod-dual-bluetooth-speaker\/","name":"2 wheel hoverboard r808 with off rod all terrain smart wheels lithium battery auto balance pull rod dual bluetooth speaker - Electric Scooters Bikes Citycoco Manufacturer","isPartOf":{"@id":"https:\/\/www.rooderchina.com\/#website"},"datePublished":"2023-11-11T10:56:08+00:00","dateModified":"2023-11-11T10:56:25+00:00","breadcrumb":{"@id":"https:\/\/www.rooderchina.com\/product\/2-wheel-hoverboard-r808-with-off-rod-all-terrain-smart-wheels-lithium-battery-auto-balance-pull-rod-dual-bluetooth-speaker\/#breadcrumb"},"inLanguage":"pt-BR","potentialAction":[{"@type":"ReadAction","target":["https:\/\/www.rooderchina.com\/product\/2-wheel-hoverboard-r808-with-off-rod-all-terrain-smart-wheels-lithium-battery-auto-balance-pull-rod-dual-bluetooth-speaker\/"]}]},{"@type":"BreadcrumbList","@id":"https:\/\/www.rooderchina.com\/product\/2-wheel-hoverboard-r808-with-off-rod-all-terrain-smart-wheels-lithium-battery-auto-balance-pull-rod-dual-bluetooth-speaker\/#breadcrumb","itemListElement":[{"@type":"ListItem","position":1,"name":"HOME","item":"https:\/\/www.rooderchina.com\/"},{"@type":"ListItem","position":2,"name":"Shop","item":"https:\/\/www.rooderchina.com\/shop\/"},{"@type":"ListItem","position":3,"name":"2 wheel hoverboard r808 with off rod all terrain smart wheels lithium battery auto balance pull rod dual bluetooth speaker"}]},{"@type":"WebSite","@id":"https:\/\/www.rooderchina.com\/#website","url":"https:\/\/www.rooderchina.com\/","name":"Electric Scooters Bikes Citycoco Manufacturer","description":"Rooder Technology Limited","publisher":{"@id":"https:\/\/www.rooderchina.com\/#organization"},"potentialAction":[{"@type":"SearchAction","target":{"@type":"EntryPoint","urlTemplate":"https:\/\/www.rooderchina.com\/?s={search_term_string}"},"query-input":"required name=search_term_string"}],"inLanguage":"pt-BR"},{"@type":"Organization","@id":"https:\/\/www.rooderchina.com\/#organization","name":"Electric Scooters Bikes Citycoco Manufacturer","url":"https:\/\/www.rooderchina.com\/","logo":{"@type":"ImageObject","inLanguage":"pt-BR","@id":"https:\/\/www.rooderchina.com\/#\/schema\/logo\/image\/","url":"https:\/\/www.rooderchina.com\/wp-content\/uploads\/2023\/12\/rooder2.jpg","contentUrl":"https:\/\/www.rooderchina.com\/wp-content\/uploads\/2023\/12\/rooder2.jpg","width":1723,"height":1037,"caption":"Electric Scooters Bikes Citycoco Manufacturer"},"image":{"@id":"https:\/\/www.rooderchina.com\/#\/schema\/logo\/image\/"},"sameAs":["https:\/\/www.facebook.com\/rooder.tec","https:\/\/twitter.com\/RooderTec"]}]}},"_links":{"self":[{"href":"https:\/\/www.rooderchina.com\/pt\/wp-json\/wp\/v2\/product\/9995","targetHints":{"allow":["GET"]}}],"collection":[{"href":"https:\/\/www.rooderchina.com\/pt\/wp-json\/wp\/v2\/product"}],"about":[{"href":"https:\/\/www.rooderchina.com\/pt\/wp-json\/wp\/v2\/types\/product"}],"replies":[{"embeddable":true,"href":"https:\/\/www.rooderchina.com\/pt\/wp-json\/wp\/v2\/comments?post=9995"}],"version-history":[{"count":1,"href":"https:\/\/www.rooderchina.com\/pt\/wp-json\/wp\/v2\/product\/9995\/revisions"}],"predecessor-version":[{"id":9996,"href":"https:\/\/www.rooderchina.com\/pt\/wp-json\/wp\/v2\/product\/9995\/revisions\/9996"}],"wp:featuredmedia":[{"embeddable":true,"href":"https:\/\/www.rooderchina.com\/pt\/wp-json\/wp\/v2\/media\/9997"}],"wp:attachment":[{"href":"https:\/\/www.rooderchina.com\/pt\/wp-json\/wp\/v2\/media?parent=9995"}],"wp:term":[{"taxonomy":"product_brand","embeddable":true,"href":"https:\/\/www.rooderchina.com\/pt\/wp-json\/wp\/v2\/product_brand?post=9995"},{"taxonomy":"product_cat","embeddable":true,"href":"https:\/\/www.rooderchina.com\/pt\/wp-json\/wp\/v2\/product_cat?post=9995"},{"taxonomy":"product_tag","embeddable":true,"href":"https:\/\/www.rooderchina.com\/pt\/wp-json\/wp\/v2\/product_tag?post=9995"}],"curies":[{"name":"wp","href":"https:\/\/api.w.org\/{rel}","templated":true}]}}