{"id":9958,"date":"2023-11-11T18:55:21","date_gmt":"2023-11-11T10:55:21","guid":{"rendered":"http:\/\/www.rooderchina.com\/index.php\/product\/rooder-mangosteen-m1ps-electric-motorcycle-4000w-80kmph\/"},"modified":"2023-12-15T09:43:14","modified_gmt":"2023-12-15T01:43:14","slug":"rooder-mangosteen-m1ps-electric-motorcycle-4000w-80kmph","status":"publish","type":"product","link":"https:\/\/www.rooderchina.com\/pt\/produto\/rooder-mangosteen-m1ps-electric-motorcycle-4000w-80kmph\/","title":{"rendered":"Motocicleta el\u00e9trica Rooder mangosteen m1ps 4000w 80kmph"},"content":{"rendered":"<p>Rooder <a title=\"Ver todas as mensagens em mangosteen m1ps\" href=\"https:\/\/www.rooderchina.com\/pt\/tag\/mangosteen-m1ps\/\" target=\"_blank\" rel=\"noopener\">mangost\u00e3o m1ps<\/a> <a title=\"Ver todos os posts em motocicleta el\u00e9trica\" href=\"https:\/\/www.rooderchina.com\/pt\/tag\/electric-motorcycle\/\" target=\"_blank\" rel=\"noopener\">motocicleta el\u00e9trica<\/a> 4000w 80kmph<\/p>\n<p>De 0 a 1, de nada a alguma coisa, Outros podem passar 1 dia, N\u00f3s passamos 5 anos. Mangosteen SARA m1ps, Reunindo as prefer\u00eancias de 80.000 clientes do Super M1 (2018) em todo o mundo, Atualizado a partir do maravilhoso Arrow M1P (2019), Ap\u00f3s a triagem repetida da cadeia de suprimentos Runner M8 (2020), E ent\u00e3o para a excel\u00eancia do Alligator M2 (2021), S-A-R-A (novo em 2022) combina muitas vantagens, Leve, moderno, de alto desempenho, econ\u00f4mico, Estreia mundial em 15 de julho de 2022, Procurou agentes exclusivos em todo o mundo. Marca Mangosteen <a title=\"Ver todos os posts em motocicleta el\u00e9trica\" href=\"https:\/\/www.rooderchina.com\/pt\/tag\/electric-motorcycle\/\" target=\"_blank\" rel=\"noopener\">motocicleta el\u00e9trica<\/a>Uma marca sobre cria\u00e7\u00e3o, compartilhamento e amor, Convidamos voc\u00ea a compartilhar a senha da riqueza global, Os lugares s\u00e3o limitados, primeiro a chegar, primeiro a ser servido.<\/p>\n<p>&nbsp;<\/p>\n<p><iframe loading=\"lazy\" title=\"Motocicleta el\u00e9trica Rooder mangosteen m1ps 4000w 80kmph\" src=\"https:\/\/www.youtube.com\/embed\/f0QJqd5arEQ?rel=0&amp;autoplay=0\" width=\"385\" height=\"318\" frameborder=\"0\" allowfullscreen=\"allowfullscreen\"><\/iframe><\/p>\n<p><strong>Especifica\u00e7\u00e3o:<\/strong><\/p>\n<table style=\"width: 100%;\">\n<tbody>\n<tr>\n<td><strong>Modelo<\/strong><\/td>\n<td><strong>Rooder Mangosteen m1ps<\/strong><\/td>\n<\/tr>\n<tr>\n<td>Marca<\/td>\n<td>Mangosteen \/ Rooder depende do estoque<\/td>\n<\/tr>\n<tr>\n<td>Material da estrutura<\/td>\n<td>Estrutura de liga de ferro sem costura<\/td>\n<\/tr>\n<tr>\n<td>Tamanho do pneu dianteiro<\/td>\n<td>130\/70-12<\/td>\n<\/tr>\n<tr>\n<td>Tamanho do pneu traseiro<\/td>\n<td>215\/40-12<\/td>\n<\/tr>\n<tr>\n<td>Press\u00e3o dos pneus<\/td>\n<td>dianteiro 225kpa, traseiro 151kpa<\/td>\n<\/tr>\n<tr>\n<td>Garfo dianteiro<\/td>\n<td>ronzlla mechanical Fork<\/td>\n<\/tr>\n<tr>\n<td>Sistema de c\u00e2mbio do desviador<\/td>\n<td>N\u00c3O<\/td>\n<\/tr>\n<tr>\n<td>Tipo de freio<\/td>\n<td>Freio a disco dianteiro e traseiro<\/td>\n<\/tr>\n<tr>\n<td>Pot\u00eancia do motor<\/td>\n<td>Motor sem escovas de 72 V e 4000 W<\/td>\n<\/tr>\n<tr>\n<td>Velocidade m\u00e1xima<\/td>\n<td>80km\/h para a Europa<\/td>\n<\/tr>\n<tr>\n<td>Capacidade de classifica\u00e7\u00e3o<\/td>\n<td>40 graus<\/td>\n<\/tr>\n<tr>\n<td>Carga m\u00e1xima<\/td>\n<td>200 kg<\/td>\n<\/tr>\n<tr>\n<td>Bateria<\/td>\n<td>Bateria remov\u00edvel de \u00edon de l\u00edtio de 72V, 40Ah<\/td>\n<\/tr>\n<tr>\n<td>Faixa<\/td>\n<td>80-120 km<\/td>\n<\/tr>\n<tr>\n<td>Carregador<\/td>\n<td>MGSD 72V, 5A<\/td>\n<\/tr>\n<tr>\n<td>Tempo de carregamento<\/td>\n<td>7 a 8 horas<\/td>\n<\/tr>\n<tr>\n<td>Temperatura de trabalho<\/td>\n<td>-20~40\u2103<\/td>\n<\/tr>\n<tr>\n<td>Padr\u00e3o \u00e0 prova d'\u00e1gua<\/td>\n<td>IP54<\/td>\n<\/tr>\n<tr>\n<td>Tela<\/td>\n<td>Tela LCD<\/td>\n<\/tr>\n<tr>\n<td>Amortecedor dianteiro<\/td>\n<td>Amortecedor hidr\u00e1ulico Garfo<\/td>\n<\/tr>\n<tr>\n<td>Amortecedor traseiro<\/td>\n<td>Amortecedor de mola em liga de alum\u00ednio<\/td>\n<\/tr>\n<tr>\n<td>Sistema de luz<\/td>\n<td>Farol de LED, luz de freio, luzes de convers\u00e3o e refletor lateral,<\/td>\n<\/tr>\n<tr>\n<td>Altura do selim<\/td>\n<td>63,5 cm<\/td>\n<\/tr>\n<tr>\n<td>Altura adequada<\/td>\n<td>160-210 cm<\/td>\n<\/tr>\n<tr>\n<td>Alarme<\/td>\n<td>alarme com controle remoto de 2 pe\u00e7as<\/td>\n<\/tr>\n<tr>\n<td>Peso l\u00edquido do produto<\/td>\n<td>81 kg<\/td>\n<\/tr>\n<tr>\n<td>Peso bruto<\/td>\n<td>92 kg<\/td>\n<\/tr>\n<tr>\n<td>Certificados<\/td>\n<td>CE, FCC, ROHS, EEC, COC, CNIT, UTAC, DOT, MSDS, UN38.3<\/td>\n<\/tr>\n<tr>\n<td>Tamanho do produto<\/td>\n<td>210*91*130 cm (C*L*L*A)<\/td>\n<\/tr>\n<tr>\n<td>Tamanho da embalagem<\/td>\n<td>188*37,5*77 cm (C*L*L*A)<\/td>\n<\/tr>\n<tr>\n<td>Lista de pacotes<\/td>\n<td>citycoco m1ps escooter, espelhos, carregador, ferramentas, manual do usu\u00e1rio<\/td>\n<\/tr>\n<\/tbody>\n<\/table>\n<p>&nbsp;<\/p>\n<p><strong>fotos:<\/strong><\/p>","protected":false},"excerpt":{"rendered":"<h3>Descri\u00e7\u00e3o resumida:<\/h3>\n<p>motocicleta el\u00e9trica m1ps Rooder magosteen chopper.<\/p>\n<p>1. Carregador r\u00e1pido de 72v 13ah, 3 horas para carregar completamente a bateria de l\u00edtio.<\/p>\n<p>2. Motor potente de 72V 4000w, 80kmph.<\/p>\n<p>3. Bateria remov\u00edvel de 72v 40ah, alcance de 80 a 100 km.<\/p>\n<p>4. Controlador 72v 80A.<\/p>\n<p>5. Motor 72v 170N\/M<\/p>\n<p>6.  CE CEE COC DOT<\/p>\n<p>7. MSDS UN38.3<\/p>\n<p>8. Estoque na UE e nos EUA, sem MOQ.<\/p>\n<p>&nbsp;<\/p>\n<p>&nbsp;<\/p>\n<ul>\n<li><em>Marca: <\/em> OEM\/ODM\/ROODER<\/li>\n<li><em>Quantidade m\u00ednima do pedido: <\/em> 10 pe\u00e7as\/pe\u00e7as<\/li>\n<li><em>Capacidade de fornecimento: <\/em> 10000 pe\u00e7as\/pe\u00e7as por m\u00eas<\/li>\n<li><em>Porto: <\/em> Shenzhen<\/li>\n<li><em>Condi\u00e7\u00f5es de pagamento: <\/em> T\/T, L\/C, D\/A, D\/P<\/li>\n<\/ul>\n<p>&nbsp;<\/p>","protected":false},"featured_media":9960,"comment_status":"closed","ping_status":"closed","template":"","meta":[],"product_brand":[],"product_cat":[464],"product_tag":[516,894,754,895,745,896],"class_list":{"0":"post-9958","1":"product","2":"type-product","3":"status-publish","4":"has-post-thumbnail","6":"product_cat-citycoco-choppers","7":"product_tag-electric-motorcycle","8":"product_tag-mangosteen-4000w","9":"product_tag-mangosteen-m1ps","10":"product_tag-motorcycle","11":"product_tag-rooder","12":"product_tag-rooder-m1ps","14":"first","15":"instock","16":"featured","17":"product-type-simple"},"yoast_head":"<!-- This site is optimized with the Yoast SEO plugin v21.7 - https:\/\/yoast.com\/wordpress\/plugins\/seo\/ -->\n<title>Rooder mangosteen m1ps electric motorcycle 4000w 80kmph - Electric Scooters Bikes Citycoco Manufacturer<\/title>\n<meta name=\"robots\" content=\"index, follow, max-snippet:-1, max-image-preview:large, max-video-preview:-1\" \/>\n<link rel=\"canonical\" href=\"https:\/\/www.rooderchina.com\/pt\/produto\/rooder-mangosteen-m1ps-electric-motorcycle-4000w-80kmph\/\" \/>\n<meta property=\"og:locale\" content=\"pt_BR\" \/>\n<meta property=\"og:type\" content=\"article\" \/>\n<meta property=\"og:title\" content=\"Rooder mangosteen m1ps electric motorcycle 4000w 80kmph - Electric Scooters Bikes Citycoco Manufacturer\" \/>\n<meta property=\"og:description\" content=\"Short Description: m1ps electric motorcycle Rooder magosteen chopper.  1. 72v 13ah fast charger, 3 hours to full charge the lithium battery.  2. 72V 4000w powerful motor, 80kmph.  3. 72v 40ah removable battery, 80 to 100 km range.  4. 72v 80A controller.  5. 72v 170N\/M motor  6.\u00a0 CE EEC COC DOT  7. MSDS UN38.3  8. EU and US stock, no MOQ.  &nbsp;  &nbsp;   Brand: OEM\/ODM\/ROODER  Min.Order Quantity: 10 Piece\/Pieces  Supply Ability: 10000 Piece\/Pieces per Month  Port: Shenzhen  Payment Terms: T\/T, L\/C, D\/A, D\/P  &nbsp;\" \/>\n<meta property=\"og:url\" content=\"https:\/\/www.rooderchina.com\/pt\/produto\/rooder-mangosteen-m1ps-electric-motorcycle-4000w-80kmph\/\" \/>\n<meta property=\"og:site_name\" content=\"Electric Scooters Bikes Citycoco Manufacturer\" \/>\n<meta property=\"article:publisher\" content=\"https:\/\/www.facebook.com\/rooder.tec\" \/>\n<meta property=\"article:modified_time\" content=\"2023-12-15T01:43:14+00:00\" \/>\n<meta property=\"og:image\" content=\"https:\/\/www.rooderchina.com\/wp-content\/uploads\/2023\/11\/Rooder-mangosteen-m1ps-electric-motorcycle-4000w-80kmph-1.jpg\" \/>\n\t<meta property=\"og:image:width\" content=\"1024\" \/>\n\t<meta property=\"og:image:height\" content=\"1024\" \/>\n\t<meta property=\"og:image:type\" content=\"image\/jpeg\" \/>\n<meta name=\"twitter:card\" content=\"summary_large_image\" \/>\n<meta name=\"twitter:site\" content=\"@RooderTec\" \/>\n<meta name=\"twitter:label1\" content=\"Est. tempo de leitura\" \/>\n\t<meta name=\"twitter:data1\" content=\"2 minutos\" \/>\n<script type=\"application\/ld+json\" class=\"yoast-schema-graph\">{\"@context\":\"https:\/\/schema.org\",\"@graph\":[{\"@type\":\"WebPage\",\"@id\":\"https:\/\/www.rooderchina.com\/product\/rooder-mangosteen-m1ps-electric-motorcycle-4000w-80kmph\/\",\"url\":\"https:\/\/www.rooderchina.com\/product\/rooder-mangosteen-m1ps-electric-motorcycle-4000w-80kmph\/\",\"name\":\"Rooder mangosteen m1ps electric motorcycle 4000w 80kmph - Electric Scooters Bikes Citycoco Manufacturer\",\"isPartOf\":{\"@id\":\"https:\/\/www.rooderchina.com\/#website\"},\"datePublished\":\"2023-11-11T10:55:21+00:00\",\"dateModified\":\"2023-12-15T01:43:14+00:00\",\"breadcrumb\":{\"@id\":\"https:\/\/www.rooderchina.com\/product\/rooder-mangosteen-m1ps-electric-motorcycle-4000w-80kmph\/#breadcrumb\"},\"inLanguage\":\"pt-BR\",\"potentialAction\":[{\"@type\":\"ReadAction\",\"target\":[\"https:\/\/www.rooderchina.com\/product\/rooder-mangosteen-m1ps-electric-motorcycle-4000w-80kmph\/\"]}]},{\"@type\":\"BreadcrumbList\",\"@id\":\"https:\/\/www.rooderchina.com\/product\/rooder-mangosteen-m1ps-electric-motorcycle-4000w-80kmph\/#breadcrumb\",\"itemListElement\":[{\"@type\":\"ListItem\",\"position\":1,\"name\":\"HOME\",\"item\":\"https:\/\/www.rooderchina.com\/\"},{\"@type\":\"ListItem\",\"position\":2,\"name\":\"Shop\",\"item\":\"https:\/\/www.rooderchina.com\/shop\/\"},{\"@type\":\"ListItem\",\"position\":3,\"name\":\"Rooder mangosteen m1ps electric motorcycle 4000w 80kmph\"}]},{\"@type\":\"WebSite\",\"@id\":\"https:\/\/www.rooderchina.com\/#website\",\"url\":\"https:\/\/www.rooderchina.com\/\",\"name\":\"Electric Scooters Bikes Citycoco Manufacturer\",\"description\":\"Rooder Technology Limited\",\"publisher\":{\"@id\":\"https:\/\/www.rooderchina.com\/#organization\"},\"potentialAction\":[{\"@type\":\"SearchAction\",\"target\":{\"@type\":\"EntryPoint\",\"urlTemplate\":\"https:\/\/www.rooderchina.com\/?s={search_term_string}\"},\"query-input\":\"required name=search_term_string\"}],\"inLanguage\":\"pt-BR\"},{\"@type\":\"Organization\",\"@id\":\"https:\/\/www.rooderchina.com\/#organization\",\"name\":\"Electric Scooters Bikes Citycoco Manufacturer\",\"url\":\"https:\/\/www.rooderchina.com\/\",\"logo\":{\"@type\":\"ImageObject\",\"inLanguage\":\"pt-BR\",\"@id\":\"https:\/\/www.rooderchina.com\/#\/schema\/logo\/image\/\",\"url\":\"https:\/\/www.rooderchina.com\/wp-content\/uploads\/2023\/12\/rooder2.jpg\",\"contentUrl\":\"https:\/\/www.rooderchina.com\/wp-content\/uploads\/2023\/12\/rooder2.jpg\",\"width\":1723,\"height\":1037,\"caption\":\"Electric Scooters Bikes Citycoco Manufacturer\"},\"image\":{\"@id\":\"https:\/\/www.rooderchina.com\/#\/schema\/logo\/image\/\"},\"sameAs\":[\"https:\/\/www.facebook.com\/rooder.tec\",\"https:\/\/twitter.com\/RooderTec\"]}]}<\/script>\n<!-- \/ Yoast SEO plugin. -->","yoast_head_json":{"title":"Rooder mangosteen m1ps electric motorcycle 4000w 80kmph - Electric Scooters Bikes Citycoco Manufacturer","robots":{"index":"index","follow":"follow","max-snippet":"max-snippet:-1","max-image-preview":"max-image-preview:large","max-video-preview":"max-video-preview:-1"},"canonical":"https:\/\/www.rooderchina.com\/pt\/produto\/rooder-mangosteen-m1ps-electric-motorcycle-4000w-80kmph\/","og_locale":"pt_BR","og_type":"article","og_title":"Rooder mangosteen m1ps electric motorcycle 4000w 80kmph - Electric Scooters Bikes Citycoco Manufacturer","og_description":"Short Description: m1ps electric motorcycle Rooder magosteen chopper.  1. 72v 13ah fast charger, 3 hours to full charge the lithium battery.  2. 72V 4000w powerful motor, 80kmph.  3. 72v 40ah removable battery, 80 to 100 km range.  4. 72v 80A controller.  5. 72v 170N\/M motor  6.\u00a0 CE EEC COC DOT  7. MSDS UN38.3  8. EU and US stock, no MOQ.  &nbsp;  &nbsp;   Brand: OEM\/ODM\/ROODER  Min.Order Quantity: 10 Piece\/Pieces  Supply Ability: 10000 Piece\/Pieces per Month  Port: Shenzhen  Payment Terms: T\/T, L\/C, D\/A, D\/P  &nbsp;","og_url":"https:\/\/www.rooderchina.com\/pt\/produto\/rooder-mangosteen-m1ps-electric-motorcycle-4000w-80kmph\/","og_site_name":"Electric Scooters Bikes Citycoco Manufacturer","article_publisher":"https:\/\/www.facebook.com\/rooder.tec","article_modified_time":"2023-12-15T01:43:14+00:00","og_image":[{"width":1024,"height":1024,"url":"https:\/\/www.rooderchina.com\/wp-content\/uploads\/2023\/11\/Rooder-mangosteen-m1ps-electric-motorcycle-4000w-80kmph-1.jpg","type":"image\/jpeg"}],"twitter_card":"summary_large_image","twitter_site":"@RooderTec","twitter_misc":{"Est. tempo de leitura":"2 minutos"},"schema":{"@context":"https:\/\/schema.org","@graph":[{"@type":"WebPage","@id":"https:\/\/www.rooderchina.com\/product\/rooder-mangosteen-m1ps-electric-motorcycle-4000w-80kmph\/","url":"https:\/\/www.rooderchina.com\/product\/rooder-mangosteen-m1ps-electric-motorcycle-4000w-80kmph\/","name":"Rooder mangosteen m1ps electric motorcycle 4000w 80kmph - Electric Scooters Bikes Citycoco Manufacturer","isPartOf":{"@id":"https:\/\/www.rooderchina.com\/#website"},"datePublished":"2023-11-11T10:55:21+00:00","dateModified":"2023-12-15T01:43:14+00:00","breadcrumb":{"@id":"https:\/\/www.rooderchina.com\/product\/rooder-mangosteen-m1ps-electric-motorcycle-4000w-80kmph\/#breadcrumb"},"inLanguage":"pt-BR","potentialAction":[{"@type":"ReadAction","target":["https:\/\/www.rooderchina.com\/product\/rooder-mangosteen-m1ps-electric-motorcycle-4000w-80kmph\/"]}]},{"@type":"BreadcrumbList","@id":"https:\/\/www.rooderchina.com\/product\/rooder-mangosteen-m1ps-electric-motorcycle-4000w-80kmph\/#breadcrumb","itemListElement":[{"@type":"ListItem","position":1,"name":"HOME","item":"https:\/\/www.rooderchina.com\/"},{"@type":"ListItem","position":2,"name":"Shop","item":"https:\/\/www.rooderchina.com\/shop\/"},{"@type":"ListItem","position":3,"name":"Rooder mangosteen m1ps electric motorcycle 4000w 80kmph"}]},{"@type":"WebSite","@id":"https:\/\/www.rooderchina.com\/#website","url":"https:\/\/www.rooderchina.com\/","name":"Electric Scooters Bikes Citycoco Manufacturer","description":"Rooder Technology Limited","publisher":{"@id":"https:\/\/www.rooderchina.com\/#organization"},"potentialAction":[{"@type":"SearchAction","target":{"@type":"EntryPoint","urlTemplate":"https:\/\/www.rooderchina.com\/?s={search_term_string}"},"query-input":"required name=search_term_string"}],"inLanguage":"pt-BR"},{"@type":"Organization","@id":"https:\/\/www.rooderchina.com\/#organization","name":"Electric Scooters Bikes Citycoco Manufacturer","url":"https:\/\/www.rooderchina.com\/","logo":{"@type":"ImageObject","inLanguage":"pt-BR","@id":"https:\/\/www.rooderchina.com\/#\/schema\/logo\/image\/","url":"https:\/\/www.rooderchina.com\/wp-content\/uploads\/2023\/12\/rooder2.jpg","contentUrl":"https:\/\/www.rooderchina.com\/wp-content\/uploads\/2023\/12\/rooder2.jpg","width":1723,"height":1037,"caption":"Electric Scooters Bikes Citycoco Manufacturer"},"image":{"@id":"https:\/\/www.rooderchina.com\/#\/schema\/logo\/image\/"},"sameAs":["https:\/\/www.facebook.com\/rooder.tec","https:\/\/twitter.com\/RooderTec"]}]}},"_links":{"self":[{"href":"https:\/\/www.rooderchina.com\/pt\/wp-json\/wp\/v2\/product\/9958","targetHints":{"allow":["GET"]}}],"collection":[{"href":"https:\/\/www.rooderchina.com\/pt\/wp-json\/wp\/v2\/product"}],"about":[{"href":"https:\/\/www.rooderchina.com\/pt\/wp-json\/wp\/v2\/types\/product"}],"replies":[{"embeddable":true,"href":"https:\/\/www.rooderchina.com\/pt\/wp-json\/wp\/v2\/comments?post=9958"}],"version-history":[{"count":2,"href":"https:\/\/www.rooderchina.com\/pt\/wp-json\/wp\/v2\/product\/9958\/revisions"}],"predecessor-version":[{"id":18316,"href":"https:\/\/www.rooderchina.com\/pt\/wp-json\/wp\/v2\/product\/9958\/revisions\/18316"}],"wp:featuredmedia":[{"embeddable":true,"href":"https:\/\/www.rooderchina.com\/pt\/wp-json\/wp\/v2\/media\/9960"}],"wp:attachment":[{"href":"https:\/\/www.rooderchina.com\/pt\/wp-json\/wp\/v2\/media?parent=9958"}],"wp:term":[{"taxonomy":"product_brand","embeddable":true,"href":"https:\/\/www.rooderchina.com\/pt\/wp-json\/wp\/v2\/product_brand?post=9958"},{"taxonomy":"product_cat","embeddable":true,"href":"https:\/\/www.rooderchina.com\/pt\/wp-json\/wp\/v2\/product_cat?post=9958"},{"taxonomy":"product_tag","embeddable":true,"href":"https:\/\/www.rooderchina.com\/pt\/wp-json\/wp\/v2\/product_tag?post=9958"}],"curies":[{"name":"wp","href":"https:\/\/api.w.org\/{rel}","templated":true}]}}