{"id":9930,"date":"2023-11-11T18:54:33","date_gmt":"2023-11-11T10:54:33","guid":{"rendered":"http:\/\/www.rooderchina.com\/index.php\/product\/rooder-803o11-elektro-scooter-electric-with-52v-2400w-28ah\/"},"modified":"2023-11-20T01:59:02","modified_gmt":"2023-11-19T17:59:02","slug":"rooder-803o11-elektro-scooter-electric-with-52v-2400w-28ah","status":"publish","type":"product","link":"https:\/\/www.rooderchina.com\/pt\/produto\/rooder-803o11-elektro-scooter-electric-with-52v-2400w-28ah\/","title":{"rendered":"rooder 803o11 elektro scooter el\u00e9trica com 52v 2400w 28ah"},"content":{"rendered":"<table style=\"width: 411px;\" border=\"0\" cellspacing=\"0\" cellpadding=\"0\">\n<colgroup>\n<col width=\"149\" \/>\n<col width=\"262\" \/> <\/colgroup>\n<tbody>\n<tr>\n<td width=\"149\" height=\"19\">Modelo<\/td>\n<td width=\"262\">\u00a0<a href=\"https:\/\/www.rooderchina.com\/pt\/tag\/r803o11\/\" title=\"Ver todas as mensagens em r803o11\" target=\"_blank\" rel=\"noopener\">r803o11<\/a><\/td>\n<\/tr>\n<tr>\n<td height=\"19\">NW<\/td>\n<td>\u00a043 kg<\/td>\n<\/tr>\n<tr>\n<td height=\"19\">Pneu<\/td>\n<td>Pneus de 10 polegadas (255*80)<\/td>\n<\/tr>\n<tr>\n<td height=\"19\">Carga m\u00e1xima<\/td>\n<td>200KG<\/td>\n<\/tr>\n<tr>\n<td height=\"19\">Motor<\/td>\n<td>\u00a052V1200KW*2<\/td>\n<\/tr>\n<tr>\n<td height=\"19\">Velocidade m\u00e1xima<\/td>\n<td>60-70km\/h<\/td>\n<\/tr>\n<tr>\n<td height=\"19\">Controlador<\/td>\n<td>\u00a0controladores duplos de 25A<\/td>\n<\/tr>\n<tr>\n<td height=\"19\">Freios<\/td>\n<td>\u00a0Freios a \u00f3leo hidr\u00e1ulicos dianteiros e traseiros<\/td>\n<\/tr>\n<tr>\n<td height=\"19\">Absor\u00e7\u00e3o de choques<\/td>\n<td>\u00a0Amortecedores de mola dianteiros e traseiros<\/td>\n<\/tr>\n<tr>\n<td height=\"19\">Luzes<\/td>\n<td>\u00a02*Luzes U7 + buzinas de motocicleta<\/td>\n<\/tr>\n<tr>\n<td height=\"19\">Tela<\/td>\n<td>\u00a0velocidade, bateria e quilometragem<\/td>\n<\/tr>\n<tr>\n<td height=\"19\">Carregador<\/td>\n<td>\u00a0Carregador de 4A<\/td>\n<\/tr>\n<tr>\n<td height=\"19\">Gradiente de escalada<\/td>\n<td>\u00a0aproximadamente 30 graus<\/td>\n<\/tr>\n<tr>\n<td height=\"19\">Grau de impermeabilidade<\/td>\n<td>\u00a0IP54<\/td>\n<\/tr>\n<tr>\n<td height=\"19\">Tens\u00e3o de entrada do carregador<\/td>\n<td>\u00a0100 - 240V, 50 \/ 60Hz<\/td>\n<\/tr>\n<tr>\n<td height=\"19\">Bateria<\/td>\n<td>\u00a0Bateria de l\u00edtio 52v28ah<\/td>\n<\/tr>\n<tr>\n<td height=\"19\">Tempo de carregamento<\/td>\n<td>\u00a06 a 7 horas<\/td>\n<\/tr>\n<tr>\n<td height=\"19\">Tamanho do desdobramento<\/td>\n<td>\u00a0133*57*130cm<\/td>\n<\/tr>\n<tr>\n<td height=\"19\">Tamanho dobr\u00e1vel<\/td>\n<td>\u00a0123*23*47cm<\/td>\n<\/tr>\n<tr>\n<td height=\"19\">Tamanho da embalagem<\/td>\n<td>\u00a0137*36*57cm<\/td>\n<\/tr>\n<tr>\n<td height=\"19\">GW<\/td>\n<td>\u00a048 kg<\/td>\n<\/tr>\n<\/tbody>\n<\/table>\n<p>&nbsp;<\/p>\n<p>&nbsp;<\/p>\n<p><iframe loading=\"lazy\" title=\"scooter el\u00e9trico\" src=\"https:\/\/www.youtube.com\/embed\/6mAIJl98gjA?rel=0&amp;autoplay=0\" height=\"318\" width=\"385\" allowfullscreen=\"\" frameborder=\"0\"><\/iframe><\/p>","protected":false},"excerpt":{"rendered":"<h3>Descri\u00e7\u00e3o resumida:<\/h3>\n<p><p>Objetivo da empresa: criar o melhor sistema de transmiss\u00e3o e mudar para sempre o mundo das scooters e bicicletas por meio de nossos produtos inovadores. Continuaremos a buscar avan\u00e7os em tecnologia e engenharia de implanta\u00e7\u00e3o para tornar sua experi\u00eancia de pilotagem ainda melhor! N\u00f3s simplesmente continuamos fazendo melhor! Esse \u00e9 o objetivo da Rooder. Tem mais de 10 anos de experi\u00eancia no setor de pe\u00e7as para bicicletas.<\/p>\n<p>Fornecemos uma ampla gama de componentes de trem de for\u00e7a para ciclistas em mais de 150 pa\u00edses. Produzimos as melhores caixas em diferentes sites, temos a vis\u00e3o e o desejo de expandir nossos neg\u00f3cios no setor de bicicletas, por isso estamos agora expandindo nossos produtos mais distintos. \u00c9 claro que os ciclistas casuais apreciar\u00e3o o desempenho confi\u00e1vel, a confiabilidade e todas as qualidades padr\u00e3o que as pessoas esperam. Os que mais gostam de n\u00f3s s\u00e3o os ciclistas. Eles s\u00e3o os que mais nos amam, e \u00e9 por isso que temos que nos sair t\u00e3o bem!<\/p>\n<\/p>\n<p><\/p>\n<li><em>Marca: <\/em> OEM\/ODM\/ROODER<\/li>\n<li><em>Quantidade m\u00ednima do pedido: <\/em> 10 pe\u00e7as\/pe\u00e7as<\/li>\n<li><em>Capacidade de fornecimento: <\/em> 10000 pe\u00e7as\/pe\u00e7as por m\u00eas<\/li>\n<li><em>Porto: <\/em> Shenzhen<\/li>\n<li><em>Condi\u00e7\u00f5es de pagamento: <\/em> T\/T, L\/C, D\/A, D\/P<\/li>","protected":false},"featured_media":9932,"comment_status":"closed","ping_status":"open","template":"","meta":[],"product_brand":[],"product_cat":[829],"product_tag":[530,885,886,745,887,888],"class_list":{"0":"post-9930","1":"product","2":"type-product","3":"status-publish","4":"has-post-thumbnail","6":"product_cat-electric-scooters","7":"product_tag-electric-scooter","8":"product_tag-elektro-scooter","9":"product_tag-r803o11","10":"product_tag-rooder","11":"product_tag-rooder-r803o11","12":"product_tag-scooter-electric","14":"first","15":"instock","16":"featured","17":"product-type-simple"},"yoast_head":"<!-- This site is optimized with the Yoast SEO plugin v21.7 - https:\/\/yoast.com\/wordpress\/plugins\/seo\/ -->\n<title>rooder 803o11 elektro scooter electric with 52v 2400w 28ah - Electric Scooters Bikes Citycoco Manufacturer<\/title>\n<meta name=\"robots\" content=\"index, follow, max-snippet:-1, max-image-preview:large, max-video-preview:-1\" \/>\n<link rel=\"canonical\" href=\"https:\/\/www.rooderchina.com\/pt\/produto\/rooder-803o11-elektro-scooter-electric-with-52v-2400w-28ah\/\" \/>\n<meta property=\"og:locale\" content=\"pt_BR\" \/>\n<meta property=\"og:type\" content=\"article\" \/>\n<meta property=\"og:title\" content=\"rooder 803o11 elektro scooter electric with 52v 2400w 28ah - Electric Scooters Bikes Citycoco Manufacturer\" \/>\n<meta property=\"og:description\" content=\"Short Description: Company&#8217;s goal: to create the best transmission system and to change the world of scooters and bicycles forever through our innovative products. We will continue to seek advances in deployment technology and engineering to make your riding experience even better! We just keep doing better! This is the whole purpose of Rooder. Has more than 10 years of experience in the bicycle parts business. We have supplied a wide range of powertrain components to riders in more than 150 countries. We produce the best cartons on different websites, we have the vision and desire to expand our business in the bicycle industry, so we are now expanding our more distinctive products. Of course, casual riders will appreciate reliable performance, reliability and all the standard qualities that people expect. The ones who love us the most are cyclists. They love us the most, which is why we have to do so well!    Brand: OEM\/ODM\/ROODER   Min.Order Quantity: 10 Piece\/Pieces   Supply Ability: 10000 Piece\/Pieces per Month   Port: Shenzhen   Payment Terms: T\/T, L\/C, D\/A, D\/P\" \/>\n<meta property=\"og:url\" content=\"https:\/\/www.rooderchina.com\/pt\/produto\/rooder-803o11-elektro-scooter-electric-with-52v-2400w-28ah\/\" \/>\n<meta property=\"og:site_name\" content=\"Electric Scooters Bikes Citycoco Manufacturer\" \/>\n<meta property=\"article:publisher\" content=\"https:\/\/www.facebook.com\/rooder.tec\" \/>\n<meta property=\"article:modified_time\" content=\"2023-11-19T17:59:02+00:00\" \/>\n<meta property=\"og:image\" content=\"https:\/\/www.rooderchina.com\/wp-content\/uploads\/2023\/11\/rooder-803o11-elektro-scooter-electric-with-52v-2400w-28ah-1.jpg\" \/>\n\t<meta property=\"og:image:width\" content=\"1000\" \/>\n\t<meta property=\"og:image:height\" content=\"1000\" \/>\n\t<meta property=\"og:image:type\" content=\"image\/jpeg\" \/>\n<meta name=\"twitter:card\" content=\"summary_large_image\" \/>\n<meta name=\"twitter:site\" content=\"@RooderTec\" \/>\n<script type=\"application\/ld+json\" class=\"yoast-schema-graph\">{\"@context\":\"https:\/\/schema.org\",\"@graph\":[{\"@type\":\"WebPage\",\"@id\":\"https:\/\/www.rooderchina.com\/product\/rooder-803o11-elektro-scooter-electric-with-52v-2400w-28ah\/\",\"url\":\"https:\/\/www.rooderchina.com\/product\/rooder-803o11-elektro-scooter-electric-with-52v-2400w-28ah\/\",\"name\":\"rooder 803o11 elektro scooter electric with 52v 2400w 28ah - Electric Scooters Bikes Citycoco Manufacturer\",\"isPartOf\":{\"@id\":\"https:\/\/www.rooderchina.com\/#website\"},\"datePublished\":\"2023-11-11T10:54:33+00:00\",\"dateModified\":\"2023-11-19T17:59:02+00:00\",\"breadcrumb\":{\"@id\":\"https:\/\/www.rooderchina.com\/product\/rooder-803o11-elektro-scooter-electric-with-52v-2400w-28ah\/#breadcrumb\"},\"inLanguage\":\"pt-BR\",\"potentialAction\":[{\"@type\":\"ReadAction\",\"target\":[\"https:\/\/www.rooderchina.com\/product\/rooder-803o11-elektro-scooter-electric-with-52v-2400w-28ah\/\"]}]},{\"@type\":\"BreadcrumbList\",\"@id\":\"https:\/\/www.rooderchina.com\/product\/rooder-803o11-elektro-scooter-electric-with-52v-2400w-28ah\/#breadcrumb\",\"itemListElement\":[{\"@type\":\"ListItem\",\"position\":1,\"name\":\"HOME\",\"item\":\"https:\/\/www.rooderchina.com\/\"},{\"@type\":\"ListItem\",\"position\":2,\"name\":\"Shop\",\"item\":\"https:\/\/www.rooderchina.com\/shop\/\"},{\"@type\":\"ListItem\",\"position\":3,\"name\":\"rooder 803o11 elektro scooter electric with 52v 2400w 28ah\"}]},{\"@type\":\"WebSite\",\"@id\":\"https:\/\/www.rooderchina.com\/#website\",\"url\":\"https:\/\/www.rooderchina.com\/\",\"name\":\"Electric Scooters Bikes Citycoco Manufacturer\",\"description\":\"Rooder Technology Limited\",\"publisher\":{\"@id\":\"https:\/\/www.rooderchina.com\/#organization\"},\"potentialAction\":[{\"@type\":\"SearchAction\",\"target\":{\"@type\":\"EntryPoint\",\"urlTemplate\":\"https:\/\/www.rooderchina.com\/?s={search_term_string}\"},\"query-input\":\"required name=search_term_string\"}],\"inLanguage\":\"pt-BR\"},{\"@type\":\"Organization\",\"@id\":\"https:\/\/www.rooderchina.com\/#organization\",\"name\":\"Electric Scooters Bikes Citycoco Manufacturer\",\"url\":\"https:\/\/www.rooderchina.com\/\",\"logo\":{\"@type\":\"ImageObject\",\"inLanguage\":\"pt-BR\",\"@id\":\"https:\/\/www.rooderchina.com\/#\/schema\/logo\/image\/\",\"url\":\"https:\/\/www.rooderchina.com\/wp-content\/uploads\/2023\/12\/rooder2.jpg\",\"contentUrl\":\"https:\/\/www.rooderchina.com\/wp-content\/uploads\/2023\/12\/rooder2.jpg\",\"width\":1723,\"height\":1037,\"caption\":\"Electric Scooters Bikes Citycoco Manufacturer\"},\"image\":{\"@id\":\"https:\/\/www.rooderchina.com\/#\/schema\/logo\/image\/\"},\"sameAs\":[\"https:\/\/www.facebook.com\/rooder.tec\",\"https:\/\/twitter.com\/RooderTec\"]}]}<\/script>\n<!-- \/ Yoast SEO plugin. -->","yoast_head_json":{"title":"rooder 803o11 elektro scooter electric with 52v 2400w 28ah - Electric Scooters Bikes Citycoco Manufacturer","robots":{"index":"index","follow":"follow","max-snippet":"max-snippet:-1","max-image-preview":"max-image-preview:large","max-video-preview":"max-video-preview:-1"},"canonical":"https:\/\/www.rooderchina.com\/pt\/produto\/rooder-803o11-elektro-scooter-electric-with-52v-2400w-28ah\/","og_locale":"pt_BR","og_type":"article","og_title":"rooder 803o11 elektro scooter electric with 52v 2400w 28ah - Electric Scooters Bikes Citycoco Manufacturer","og_description":"Short Description: Company&#8217;s goal: to create the best transmission system and to change the world of scooters and bicycles forever through our innovative products. We will continue to seek advances in deployment technology and engineering to make your riding experience even better! We just keep doing better! This is the whole purpose of Rooder. Has more than 10 years of experience in the bicycle parts business. We have supplied a wide range of powertrain components to riders in more than 150 countries. We produce the best cartons on different websites, we have the vision and desire to expand our business in the bicycle industry, so we are now expanding our more distinctive products. Of course, casual riders will appreciate reliable performance, reliability and all the standard qualities that people expect. The ones who love us the most are cyclists. They love us the most, which is why we have to do so well!    Brand: OEM\/ODM\/ROODER   Min.Order Quantity: 10 Piece\/Pieces   Supply Ability: 10000 Piece\/Pieces per Month   Port: Shenzhen   Payment Terms: T\/T, L\/C, D\/A, D\/P","og_url":"https:\/\/www.rooderchina.com\/pt\/produto\/rooder-803o11-elektro-scooter-electric-with-52v-2400w-28ah\/","og_site_name":"Electric Scooters Bikes Citycoco Manufacturer","article_publisher":"https:\/\/www.facebook.com\/rooder.tec","article_modified_time":"2023-11-19T17:59:02+00:00","og_image":[{"width":1000,"height":1000,"url":"https:\/\/www.rooderchina.com\/wp-content\/uploads\/2023\/11\/rooder-803o11-elektro-scooter-electric-with-52v-2400w-28ah-1.jpg","type":"image\/jpeg"}],"twitter_card":"summary_large_image","twitter_site":"@RooderTec","schema":{"@context":"https:\/\/schema.org","@graph":[{"@type":"WebPage","@id":"https:\/\/www.rooderchina.com\/product\/rooder-803o11-elektro-scooter-electric-with-52v-2400w-28ah\/","url":"https:\/\/www.rooderchina.com\/product\/rooder-803o11-elektro-scooter-electric-with-52v-2400w-28ah\/","name":"rooder 803o11 elektro scooter electric with 52v 2400w 28ah - Electric Scooters Bikes Citycoco Manufacturer","isPartOf":{"@id":"https:\/\/www.rooderchina.com\/#website"},"datePublished":"2023-11-11T10:54:33+00:00","dateModified":"2023-11-19T17:59:02+00:00","breadcrumb":{"@id":"https:\/\/www.rooderchina.com\/product\/rooder-803o11-elektro-scooter-electric-with-52v-2400w-28ah\/#breadcrumb"},"inLanguage":"pt-BR","potentialAction":[{"@type":"ReadAction","target":["https:\/\/www.rooderchina.com\/product\/rooder-803o11-elektro-scooter-electric-with-52v-2400w-28ah\/"]}]},{"@type":"BreadcrumbList","@id":"https:\/\/www.rooderchina.com\/product\/rooder-803o11-elektro-scooter-electric-with-52v-2400w-28ah\/#breadcrumb","itemListElement":[{"@type":"ListItem","position":1,"name":"HOME","item":"https:\/\/www.rooderchina.com\/"},{"@type":"ListItem","position":2,"name":"Shop","item":"https:\/\/www.rooderchina.com\/shop\/"},{"@type":"ListItem","position":3,"name":"rooder 803o11 elektro scooter electric with 52v 2400w 28ah"}]},{"@type":"WebSite","@id":"https:\/\/www.rooderchina.com\/#website","url":"https:\/\/www.rooderchina.com\/","name":"Electric Scooters Bikes Citycoco Manufacturer","description":"Rooder Technology Limited","publisher":{"@id":"https:\/\/www.rooderchina.com\/#organization"},"potentialAction":[{"@type":"SearchAction","target":{"@type":"EntryPoint","urlTemplate":"https:\/\/www.rooderchina.com\/?s={search_term_string}"},"query-input":"required name=search_term_string"}],"inLanguage":"pt-BR"},{"@type":"Organization","@id":"https:\/\/www.rooderchina.com\/#organization","name":"Electric Scooters Bikes Citycoco Manufacturer","url":"https:\/\/www.rooderchina.com\/","logo":{"@type":"ImageObject","inLanguage":"pt-BR","@id":"https:\/\/www.rooderchina.com\/#\/schema\/logo\/image\/","url":"https:\/\/www.rooderchina.com\/wp-content\/uploads\/2023\/12\/rooder2.jpg","contentUrl":"https:\/\/www.rooderchina.com\/wp-content\/uploads\/2023\/12\/rooder2.jpg","width":1723,"height":1037,"caption":"Electric Scooters Bikes Citycoco Manufacturer"},"image":{"@id":"https:\/\/www.rooderchina.com\/#\/schema\/logo\/image\/"},"sameAs":["https:\/\/www.facebook.com\/rooder.tec","https:\/\/twitter.com\/RooderTec"]}]}},"_links":{"self":[{"href":"https:\/\/www.rooderchina.com\/pt\/wp-json\/wp\/v2\/product\/9930","targetHints":{"allow":["GET"]}}],"collection":[{"href":"https:\/\/www.rooderchina.com\/pt\/wp-json\/wp\/v2\/product"}],"about":[{"href":"https:\/\/www.rooderchina.com\/pt\/wp-json\/wp\/v2\/types\/product"}],"replies":[{"embeddable":true,"href":"https:\/\/www.rooderchina.com\/pt\/wp-json\/wp\/v2\/comments?post=9930"}],"version-history":[{"count":1,"href":"https:\/\/www.rooderchina.com\/pt\/wp-json\/wp\/v2\/product\/9930\/revisions"}],"predecessor-version":[{"id":9931,"href":"https:\/\/www.rooderchina.com\/pt\/wp-json\/wp\/v2\/product\/9930\/revisions\/9931"}],"wp:featuredmedia":[{"embeddable":true,"href":"https:\/\/www.rooderchina.com\/pt\/wp-json\/wp\/v2\/media\/9932"}],"wp:attachment":[{"href":"https:\/\/www.rooderchina.com\/pt\/wp-json\/wp\/v2\/media?parent=9930"}],"wp:term":[{"taxonomy":"product_brand","embeddable":true,"href":"https:\/\/www.rooderchina.com\/pt\/wp-json\/wp\/v2\/product_brand?post=9930"},{"taxonomy":"product_cat","embeddable":true,"href":"https:\/\/www.rooderchina.com\/pt\/wp-json\/wp\/v2\/product_cat?post=9930"},{"taxonomy":"product_tag","embeddable":true,"href":"https:\/\/www.rooderchina.com\/pt\/wp-json\/wp\/v2\/product_tag?post=9930"}],"curies":[{"name":"wp","href":"https:\/\/api.w.org\/{rel}","templated":true}]}}