{"id":9875,"date":"2023-11-11T18:53:38","date_gmt":"2023-11-11T10:53:38","guid":{"rendered":"http:\/\/www.rooderchina.com\/index.php\/product\/rooder-r803o16-largest-e-scooter-companies-13-inch-60v-50ah\/"},"modified":"2023-11-20T01:57:43","modified_gmt":"2023-11-19T17:57:43","slug":"rooder-r803o16-largest-e-scooter-companies-13-inch-60v-50ah","status":"publish","type":"product","link":"https:\/\/www.rooderchina.com\/pt\/produto\/rooder-r803o16-largest-e-scooter-companies-13-inch-60v-50ah\/","title":{"rendered":"Rooder r803o16 maiores empresas de e scooter 13 polegadas 60v 50ah"},"content":{"rendered":"<table style=\"width: 440px;\" border=\"0\" cellspacing=\"0\" cellpadding=\"0\">\n<colgroup>\n<col width=\"162\" \/>\n<col width=\"278\" \/> <\/colgroup>\n<tbody>\n<tr>\n<td width=\"162\" height=\"19\">Modelo<\/td>\n<td width=\"278\">\u00a0<a href=\"https:\/\/www.rooderchina.com\/pt\/tag\/r803o16\/\" title=\"Ver todas as mensagens em r803o16\" target=\"_blank\" rel=\"noopener\">r803o16<\/a><\/td>\n<\/tr>\n<tr>\n<td height=\"19\">NW<\/td>\n<td>\u00a062 kg<\/td>\n<\/tr>\n<tr>\n<td height=\"19\">Pneu<\/td>\n<td>\u00a0Pneus de 13 polegadas, (13*5,00-6,5)<\/td>\n<\/tr>\n<tr>\n<td height=\"19\">Carga m\u00e1xima<\/td>\n<td>\u00a0170KG<\/td>\n<\/tr>\n<tr>\n<td height=\"19\">Motor<\/td>\n<td>\u00a060V3.5KW*2<\/td>\n<\/tr>\n<tr>\n<td height=\"19\">Velocidade m\u00e1xima<\/td>\n<td>\u00a080-90km\/h<\/td>\n<\/tr>\n<tr>\n<td height=\"19\">Controlador<\/td>\n<td>\u00a0controladores duplos<\/td>\n<\/tr>\n<tr>\n<td height=\"19\">Freios<\/td>\n<td>\u00a0Freios a \u00f3leo hidr\u00e1ulicos dianteiros e traseiros<\/td>\n<\/tr>\n<tr>\n<td height=\"19\">Absor\u00e7\u00e3o de choques<\/td>\n<td>\u00a0Amortecedores de mola dianteiros e traseiros<\/td>\n<\/tr>\n<tr>\n<td height=\"19\">Luzes<\/td>\n<td>\u00a02pcs luzes + buzinas de motocicleta<\/td>\n<\/tr>\n<tr>\n<td height=\"19\">Tela<\/td>\n<td>\u00a0Tela LCD, velocidade, bateria e quilometragem<\/td>\n<\/tr>\n<tr>\n<td height=\"19\">Carregador<\/td>\n<td>\u00a0Carregador de 4A<\/td>\n<\/tr>\n<tr>\n<td height=\"19\">Gradiente de escalada<\/td>\n<td>\u00a0aproximadamente 55 graus<\/td>\n<\/tr>\n<tr>\n<td height=\"19\">Grau de impermeabilidade<\/td>\n<td>\u00a0IP54<\/td>\n<\/tr>\n<tr>\n<td height=\"19\">Tens\u00e3o de entrada do carregador<\/td>\n<td>\u00a0100 - 240V, 50 \/ 60Hz<\/td>\n<\/tr>\n<tr>\n<td height=\"19\">Bateria<\/td>\n<td>\u00a0Bateria de l\u00edtio 60v50ah<\/td>\n<\/tr>\n<tr>\n<td height=\"19\">Tempo de carregamento<\/td>\n<td>\u00a06-12,5 horas<\/td>\n<\/tr>\n<tr>\n<td height=\"19\">Tamanho do desdobramento<\/td>\n<td>\u00a0134*74*140cm<\/td>\n<\/tr>\n<tr>\n<td height=\"19\">Tamanho dobr\u00e1vel<\/td>\n<td>\u00a0141*30*52cm<\/td>\n<\/tr>\n<tr>\n<td height=\"19\">Tamanho da embalagem<\/td>\n<td>\u00a0148*37*58cm<\/td>\n<\/tr>\n<tr>\n<td height=\"19\">GW<\/td>\n<td>\u00a072 kg<\/td>\n<\/tr>\n<\/tbody>\n<\/table>\n<p>&nbsp;<\/p>\n<p>&nbsp;<\/p>\n<p><iframe loading=\"lazy\" title=\"scooter el\u00e9trico\" src=\"https:\/\/www.youtube.com\/embed\/xR4OLvz-7eg?rel=0&amp;autoplay=0\" height=\"318\" width=\"385\" allowfullscreen=\"\" frameborder=\"0\"><\/iframe><\/p>","protected":false},"excerpt":{"rendered":"<h3>Descri\u00e7\u00e3o resumida:<\/h3>\n<p><p>Temos uma equipe de design, uma equipe de engenheiros, uma equipe de produ\u00e7\u00e3o e uma equipe de servi\u00e7os dedicada a executar padr\u00f5es rigorosos de gerenciamento de qualidade em todos os aspectos da sele\u00e7\u00e3o de componentes, inspe\u00e7\u00e3o, montagem, comissionamento e embalagem para garantir a excelente qualidade dos nossos produtos, a entrega no prazo e pre\u00e7os altamente competitivos. Lan\u00e7amos nossos novos produtos originais a cada tr\u00eas meses, que t\u00eam designs e patentes exclusivos e s\u00e3o aperfei\u00e7oados em termos de apar\u00eancia, fun\u00e7\u00e3o e detalhes.<\/p>\n<p>Com as certifica\u00e7\u00f5es relevantes, como CE, UL, KC e Rohs, nossos produtos s\u00e3o exportados para mais de 50 pa\u00edses e mercados regionais na Am\u00e9rica do Norte, Europa, Austr\u00e1lia, Jap\u00e3o, Coreia, Nova Zel\u00e2ndia, Am\u00e9rica do Sul e Oriente M\u00e9dio. Estamos ansiosos para desenvolver um relacionamento comercial de longo prazo com voc\u00ea. Sinta-se \u00e0 vontade para entrar em contato conosco se estiver interessado em algum de nossos produtos! Convidamos voc\u00ea a se juntar a n\u00f3s em todos os projetos de OEM e ODM.<\/p>\n<\/p>\n<p><\/p>\n<li><em>Marca: <\/em> OEM\/ODM\/ROODER<\/li>\n<li><em>Quantidade m\u00ednima do pedido: <\/em> 10 pe\u00e7as\/pe\u00e7as<\/li>\n<li><em>Capacidade de fornecimento: <\/em> 10000 pe\u00e7as\/pe\u00e7as por m\u00eas<\/li>\n<li><em>Porto: <\/em> Shenzhen<\/li>\n<li><em>Condi\u00e7\u00f5es de pagamento: <\/em> T\/T, L\/C, D\/A, D\/P<\/li>","protected":false},"featured_media":9877,"comment_status":"closed","ping_status":"open","template":"","meta":[],"product_brand":[],"product_cat":[829],"product_tag":[530,870,871,745,872],"class_list":{"0":"post-9875","1":"product","2":"type-product","3":"status-publish","4":"has-post-thumbnail","6":"product_cat-electric-scooters","7":"product_tag-electric-scooter","8":"product_tag-largest-e-scooter-companies","9":"product_tag-r803o16","10":"product_tag-rooder","11":"product_tag-rooder-r803o16","13":"first","14":"instock","15":"featured","16":"product-type-simple"},"yoast_head":"<!-- This site is optimized with the Yoast SEO plugin v21.7 - https:\/\/yoast.com\/wordpress\/plugins\/seo\/ -->\n<title>Rooder r803o16 largest e scooter companies 13 inch 60v 50ah - Electric Scooters Bikes Citycoco Manufacturer<\/title>\n<meta name=\"robots\" content=\"index, follow, max-snippet:-1, max-image-preview:large, max-video-preview:-1\" \/>\n<link rel=\"canonical\" href=\"https:\/\/www.rooderchina.com\/pt\/produto\/rooder-r803o16-largest-e-scooter-companies-13-inch-60v-50ah\/\" \/>\n<meta property=\"og:locale\" content=\"pt_BR\" \/>\n<meta property=\"og:type\" content=\"article\" \/>\n<meta property=\"og:title\" content=\"Rooder r803o16 largest e scooter companies 13 inch 60v 50ah - Electric Scooters Bikes Citycoco Manufacturer\" \/>\n<meta property=\"og:description\" content=\"Short Description: We have a dedicated design team, engineer team, production team and service team to execute strict quality management standards in every aspect of component selection, inspection, assembly, commissioning and packaging to ensure the excellent quality of our products, on-time delivery and highly competitive prices. We release our original designed new products every 3 months, which have unique designs and patents and are perfected in terms of appearance, function and details. With the relevant certifications such as CE, UL, KC and Rohs, our products are exported to more than 50 country and regional markets in North America, Europe, Australia, Japan, Korea, New Zealand, South America and the Middle East. We look forward to developing a long-term business relationship with you. Feel free to contact us if you are interested in any of our products! We welcome you to join us for all OEM and ODM projects.    Brand: OEM\/ODM\/ROODER   Min.Order Quantity: 10 Piece\/Pieces   Supply Ability: 10000 Piece\/Pieces per Month   Port: Shenzhen   Payment Terms: T\/T, L\/C, D\/A, D\/P\" \/>\n<meta property=\"og:url\" content=\"https:\/\/www.rooderchina.com\/pt\/produto\/rooder-r803o16-largest-e-scooter-companies-13-inch-60v-50ah\/\" \/>\n<meta property=\"og:site_name\" content=\"Electric Scooters Bikes Citycoco Manufacturer\" \/>\n<meta property=\"article:publisher\" content=\"https:\/\/www.facebook.com\/rooder.tec\" \/>\n<meta property=\"article:modified_time\" content=\"2023-11-19T17:57:43+00:00\" \/>\n<meta property=\"og:image\" content=\"https:\/\/www.rooderchina.com\/wp-content\/uploads\/2023\/11\/Rooder-r803o16-largest-e-scooter-companies-13-inch-60v-50ah-1.jpg\" \/>\n\t<meta property=\"og:image:width\" content=\"1000\" \/>\n\t<meta property=\"og:image:height\" content=\"1000\" \/>\n\t<meta property=\"og:image:type\" content=\"image\/jpeg\" \/>\n<meta name=\"twitter:card\" content=\"summary_large_image\" \/>\n<meta name=\"twitter:site\" content=\"@RooderTec\" \/>\n<script type=\"application\/ld+json\" class=\"yoast-schema-graph\">{\"@context\":\"https:\/\/schema.org\",\"@graph\":[{\"@type\":\"WebPage\",\"@id\":\"https:\/\/www.rooderchina.com\/product\/rooder-r803o16-largest-e-scooter-companies-13-inch-60v-50ah\/\",\"url\":\"https:\/\/www.rooderchina.com\/product\/rooder-r803o16-largest-e-scooter-companies-13-inch-60v-50ah\/\",\"name\":\"Rooder r803o16 largest e scooter companies 13 inch 60v 50ah - Electric Scooters Bikes Citycoco Manufacturer\",\"isPartOf\":{\"@id\":\"https:\/\/www.rooderchina.com\/#website\"},\"datePublished\":\"2023-11-11T10:53:38+00:00\",\"dateModified\":\"2023-11-19T17:57:43+00:00\",\"breadcrumb\":{\"@id\":\"https:\/\/www.rooderchina.com\/product\/rooder-r803o16-largest-e-scooter-companies-13-inch-60v-50ah\/#breadcrumb\"},\"inLanguage\":\"pt-BR\",\"potentialAction\":[{\"@type\":\"ReadAction\",\"target\":[\"https:\/\/www.rooderchina.com\/product\/rooder-r803o16-largest-e-scooter-companies-13-inch-60v-50ah\/\"]}]},{\"@type\":\"BreadcrumbList\",\"@id\":\"https:\/\/www.rooderchina.com\/product\/rooder-r803o16-largest-e-scooter-companies-13-inch-60v-50ah\/#breadcrumb\",\"itemListElement\":[{\"@type\":\"ListItem\",\"position\":1,\"name\":\"HOME\",\"item\":\"https:\/\/www.rooderchina.com\/\"},{\"@type\":\"ListItem\",\"position\":2,\"name\":\"Shop\",\"item\":\"https:\/\/www.rooderchina.com\/shop\/\"},{\"@type\":\"ListItem\",\"position\":3,\"name\":\"Rooder r803o16 largest e scooter companies 13 inch 60v 50ah\"}]},{\"@type\":\"WebSite\",\"@id\":\"https:\/\/www.rooderchina.com\/#website\",\"url\":\"https:\/\/www.rooderchina.com\/\",\"name\":\"Electric Scooters Bikes Citycoco Manufacturer\",\"description\":\"Rooder Technology Limited\",\"publisher\":{\"@id\":\"https:\/\/www.rooderchina.com\/#organization\"},\"potentialAction\":[{\"@type\":\"SearchAction\",\"target\":{\"@type\":\"EntryPoint\",\"urlTemplate\":\"https:\/\/www.rooderchina.com\/?s={search_term_string}\"},\"query-input\":\"required name=search_term_string\"}],\"inLanguage\":\"pt-BR\"},{\"@type\":\"Organization\",\"@id\":\"https:\/\/www.rooderchina.com\/#organization\",\"name\":\"Electric Scooters Bikes Citycoco Manufacturer\",\"url\":\"https:\/\/www.rooderchina.com\/\",\"logo\":{\"@type\":\"ImageObject\",\"inLanguage\":\"pt-BR\",\"@id\":\"https:\/\/www.rooderchina.com\/#\/schema\/logo\/image\/\",\"url\":\"https:\/\/www.rooderchina.com\/wp-content\/uploads\/2023\/12\/rooder2.jpg\",\"contentUrl\":\"https:\/\/www.rooderchina.com\/wp-content\/uploads\/2023\/12\/rooder2.jpg\",\"width\":1723,\"height\":1037,\"caption\":\"Electric Scooters Bikes Citycoco Manufacturer\"},\"image\":{\"@id\":\"https:\/\/www.rooderchina.com\/#\/schema\/logo\/image\/\"},\"sameAs\":[\"https:\/\/www.facebook.com\/rooder.tec\",\"https:\/\/twitter.com\/RooderTec\"]}]}<\/script>\n<!-- \/ Yoast SEO plugin. -->","yoast_head_json":{"title":"Rooder r803o16 largest e scooter companies 13 inch 60v 50ah - Electric Scooters Bikes Citycoco Manufacturer","robots":{"index":"index","follow":"follow","max-snippet":"max-snippet:-1","max-image-preview":"max-image-preview:large","max-video-preview":"max-video-preview:-1"},"canonical":"https:\/\/www.rooderchina.com\/pt\/produto\/rooder-r803o16-largest-e-scooter-companies-13-inch-60v-50ah\/","og_locale":"pt_BR","og_type":"article","og_title":"Rooder r803o16 largest e scooter companies 13 inch 60v 50ah - Electric Scooters Bikes Citycoco Manufacturer","og_description":"Short Description: We have a dedicated design team, engineer team, production team and service team to execute strict quality management standards in every aspect of component selection, inspection, assembly, commissioning and packaging to ensure the excellent quality of our products, on-time delivery and highly competitive prices. We release our original designed new products every 3 months, which have unique designs and patents and are perfected in terms of appearance, function and details. With the relevant certifications such as CE, UL, KC and Rohs, our products are exported to more than 50 country and regional markets in North America, Europe, Australia, Japan, Korea, New Zealand, South America and the Middle East. We look forward to developing a long-term business relationship with you. Feel free to contact us if you are interested in any of our products! We welcome you to join us for all OEM and ODM projects.    Brand: OEM\/ODM\/ROODER   Min.Order Quantity: 10 Piece\/Pieces   Supply Ability: 10000 Piece\/Pieces per Month   Port: Shenzhen   Payment Terms: T\/T, L\/C, D\/A, D\/P","og_url":"https:\/\/www.rooderchina.com\/pt\/produto\/rooder-r803o16-largest-e-scooter-companies-13-inch-60v-50ah\/","og_site_name":"Electric Scooters Bikes Citycoco Manufacturer","article_publisher":"https:\/\/www.facebook.com\/rooder.tec","article_modified_time":"2023-11-19T17:57:43+00:00","og_image":[{"width":1000,"height":1000,"url":"https:\/\/www.rooderchina.com\/wp-content\/uploads\/2023\/11\/Rooder-r803o16-largest-e-scooter-companies-13-inch-60v-50ah-1.jpg","type":"image\/jpeg"}],"twitter_card":"summary_large_image","twitter_site":"@RooderTec","schema":{"@context":"https:\/\/schema.org","@graph":[{"@type":"WebPage","@id":"https:\/\/www.rooderchina.com\/product\/rooder-r803o16-largest-e-scooter-companies-13-inch-60v-50ah\/","url":"https:\/\/www.rooderchina.com\/product\/rooder-r803o16-largest-e-scooter-companies-13-inch-60v-50ah\/","name":"Rooder r803o16 largest e scooter companies 13 inch 60v 50ah - Electric Scooters Bikes Citycoco Manufacturer","isPartOf":{"@id":"https:\/\/www.rooderchina.com\/#website"},"datePublished":"2023-11-11T10:53:38+00:00","dateModified":"2023-11-19T17:57:43+00:00","breadcrumb":{"@id":"https:\/\/www.rooderchina.com\/product\/rooder-r803o16-largest-e-scooter-companies-13-inch-60v-50ah\/#breadcrumb"},"inLanguage":"pt-BR","potentialAction":[{"@type":"ReadAction","target":["https:\/\/www.rooderchina.com\/product\/rooder-r803o16-largest-e-scooter-companies-13-inch-60v-50ah\/"]}]},{"@type":"BreadcrumbList","@id":"https:\/\/www.rooderchina.com\/product\/rooder-r803o16-largest-e-scooter-companies-13-inch-60v-50ah\/#breadcrumb","itemListElement":[{"@type":"ListItem","position":1,"name":"HOME","item":"https:\/\/www.rooderchina.com\/"},{"@type":"ListItem","position":2,"name":"Shop","item":"https:\/\/www.rooderchina.com\/shop\/"},{"@type":"ListItem","position":3,"name":"Rooder r803o16 largest e scooter companies 13 inch 60v 50ah"}]},{"@type":"WebSite","@id":"https:\/\/www.rooderchina.com\/#website","url":"https:\/\/www.rooderchina.com\/","name":"Electric Scooters Bikes Citycoco Manufacturer","description":"Rooder Technology Limited","publisher":{"@id":"https:\/\/www.rooderchina.com\/#organization"},"potentialAction":[{"@type":"SearchAction","target":{"@type":"EntryPoint","urlTemplate":"https:\/\/www.rooderchina.com\/?s={search_term_string}"},"query-input":"required name=search_term_string"}],"inLanguage":"pt-BR"},{"@type":"Organization","@id":"https:\/\/www.rooderchina.com\/#organization","name":"Electric Scooters Bikes Citycoco Manufacturer","url":"https:\/\/www.rooderchina.com\/","logo":{"@type":"ImageObject","inLanguage":"pt-BR","@id":"https:\/\/www.rooderchina.com\/#\/schema\/logo\/image\/","url":"https:\/\/www.rooderchina.com\/wp-content\/uploads\/2023\/12\/rooder2.jpg","contentUrl":"https:\/\/www.rooderchina.com\/wp-content\/uploads\/2023\/12\/rooder2.jpg","width":1723,"height":1037,"caption":"Electric Scooters Bikes Citycoco Manufacturer"},"image":{"@id":"https:\/\/www.rooderchina.com\/#\/schema\/logo\/image\/"},"sameAs":["https:\/\/www.facebook.com\/rooder.tec","https:\/\/twitter.com\/RooderTec"]}]}},"_links":{"self":[{"href":"https:\/\/www.rooderchina.com\/pt\/wp-json\/wp\/v2\/product\/9875","targetHints":{"allow":["GET"]}}],"collection":[{"href":"https:\/\/www.rooderchina.com\/pt\/wp-json\/wp\/v2\/product"}],"about":[{"href":"https:\/\/www.rooderchina.com\/pt\/wp-json\/wp\/v2\/types\/product"}],"replies":[{"embeddable":true,"href":"https:\/\/www.rooderchina.com\/pt\/wp-json\/wp\/v2\/comments?post=9875"}],"version-history":[{"count":1,"href":"https:\/\/www.rooderchina.com\/pt\/wp-json\/wp\/v2\/product\/9875\/revisions"}],"predecessor-version":[{"id":9876,"href":"https:\/\/www.rooderchina.com\/pt\/wp-json\/wp\/v2\/product\/9875\/revisions\/9876"}],"wp:featuredmedia":[{"embeddable":true,"href":"https:\/\/www.rooderchina.com\/pt\/wp-json\/wp\/v2\/media\/9877"}],"wp:attachment":[{"href":"https:\/\/www.rooderchina.com\/pt\/wp-json\/wp\/v2\/media?parent=9875"}],"wp:term":[{"taxonomy":"product_brand","embeddable":true,"href":"https:\/\/www.rooderchina.com\/pt\/wp-json\/wp\/v2\/product_brand?post=9875"},{"taxonomy":"product_cat","embeddable":true,"href":"https:\/\/www.rooderchina.com\/pt\/wp-json\/wp\/v2\/product_cat?post=9875"},{"taxonomy":"product_tag","embeddable":true,"href":"https:\/\/www.rooderchina.com\/pt\/wp-json\/wp\/v2\/product_tag?post=9875"}],"curies":[{"name":"wp","href":"https:\/\/api.w.org\/{rel}","templated":true}]}}