{"id":9852,"date":"2023-11-11T18:51:21","date_gmt":"2023-11-11T10:51:21","guid":{"rendered":"http:\/\/www.rooderchina.com\/index.php\/product\/rooder-r803o18-three-wheel-electric-scooter-52v-6000w-20ah\/"},"modified":"2023-11-11T18:51:21","modified_gmt":"2023-11-11T10:51:21","slug":"rooder-r803o18-three-wheel-electric-scooter-52v-6000w-20ah","status":"publish","type":"product","link":"https:\/\/www.rooderchina.com\/pt\/produto\/rooder-r803o18-three-wheel-electric-scooter-52v-6000w-20ah\/","title":{"rendered":"Rooder r803o18 scooter el\u00e9trica de tr\u00eas rodas 52v 6000w 20ah"},"content":{"rendered":"<table style=\"width: 423px;\" border=\"0\" cellspacing=\"0\" cellpadding=\"0\">\n<colgroup>\n<col width=\"149\" \/>\n<col width=\"274\" \/> <\/colgroup>\n<tbody>\n<tr>\n<td width=\"149\" height=\"19\">Modelo<\/td>\n<td width=\"274\">\u00a0<a href=\"https:\/\/www.rooderchina.com\/pt\/tag\/r803o18\/\" title=\"View all posts in r803o18\" target=\"_blank\" rel=\"noopener\">r803o18<\/a> (3 wheels)<\/td>\n<\/tr>\n<tr>\n<td height=\"19\">NW<\/td>\n<td>\u00a060kgs<\/td>\n<\/tr>\n<tr>\n<td height=\"19\">Pneu<\/td>\n<td>\u00a011inches tires, (100\/65-6.5)<\/td>\n<\/tr>\n<tr>\n<td height=\"19\">Carga m\u00e1xima<\/td>\n<td>\u00a0170KG<\/td>\n<\/tr>\n<tr>\n<td height=\"19\">Motor<\/td>\n<td>\u00a052V3KW*2<\/td>\n<\/tr>\n<tr>\n<td height=\"19\">Velocidade m\u00e1xima<\/td>\n<td>\u00a060-65km\/h<\/td>\n<\/tr>\n<tr>\n<td height=\"19\">Controlador<\/td>\n<td>\u00a0controladores duplos<\/td>\n<\/tr>\n<tr>\n<td height=\"19\">Freios<\/td>\n<td>\u00a0Freios a \u00f3leo hidr\u00e1ulicos dianteiros e traseiros<\/td>\n<\/tr>\n<tr>\n<td height=\"19\">Absor\u00e7\u00e3o de choques<\/td>\n<td>\u00a0Amortecedores de mola dianteiros e traseiros<\/td>\n<\/tr>\n<tr>\n<td height=\"19\">Luzes<\/td>\n<td>\u00a02pcs luzes + buzinas de motocicleta<\/td>\n<\/tr>\n<tr>\n<td height=\"19\">Tela<\/td>\n<td>\u00a0Tela LCD, velocidade, bateria e quilometragem<\/td>\n<\/tr>\n<tr>\n<td height=\"19\">Carregador<\/td>\n<td>\u00a0Carregador de 4A<\/td>\n<\/tr>\n<tr>\n<td height=\"19\">Gradiente de escalada<\/td>\n<td>\u00a0aproximadamente 55 graus<\/td>\n<\/tr>\n<tr>\n<td height=\"19\">Grau de impermeabilidade<\/td>\n<td>\u00a0IP54<\/td>\n<\/tr>\n<tr>\n<td height=\"19\">Tens\u00e3o de entrada do carregador<\/td>\n<td>\u00a0100 - 240V, 50 \/ 60Hz<\/td>\n<\/tr>\n<tr>\n<td height=\"19\">Bateria<\/td>\n<td>\u00a052v20ah lithium battery<\/td>\n<\/tr>\n<tr>\n<td height=\"19\">Tempo de carregamento<\/td>\n<td>\u00a03-5 hours<\/td>\n<\/tr>\n<tr>\n<td height=\"19\">Tamanho do desdobramento<\/td>\n<td>\u00a0123*73*130cm<\/td>\n<\/tr>\n<tr>\n<td height=\"19\">Tamanho dobr\u00e1vel<\/td>\n<td>\u00a0133*43*51cm<\/td>\n<\/tr>\n<tr>\n<td height=\"19\">Tamanho da embalagem<\/td>\n<td>\u00a0148*37*58cm<\/td>\n<\/tr>\n<tr>\n<td height=\"19\">GW<\/td>\n<td>\u00a066kgs<\/td>\n<\/tr>\n<\/tbody>\n<\/table>\n<p>&nbsp;<\/p>\n<p><iframe loading=\"lazy\" title=\"scooter el\u00e9trico\" src=\"https:\/\/www.youtube.com\/embed\/dAWT4DynAoM?rel=0&amp;autoplay=0\" height=\"318\" width=\"385\" allowfullscreen=\"\" frameborder=\"0\"><\/iframe><\/p>","protected":false},"excerpt":{"rendered":"<h3>Descri\u00e7\u00e3o resumida:<\/h3>\n<p><p>A Rooder Technology Co., Ltd. \u00e9 uma empresa de produ\u00e7\u00e3o profissional de carros el\u00e9tricos, scooters el\u00e9tricas, carros de equil\u00edbrio e outras ferramentas de viagem inteligentes de pesquisa e desenvolvimento de transporte, processamento de produ\u00e7\u00e3o e atacado, a empresa acompanha o ritmo do The Times, os equipamentos de produ\u00e7\u00e3o e os equipamentos de prote\u00e7\u00e3o ambiental atingiram o n\u00edvel avan\u00e7ado nacional, com um conjunto completo de sistema de gerenciamento de qualidade cient\u00edfica. Ap\u00f3s anos de desenvolvimento e acumula\u00e7\u00e3o, a empresa alcan\u00e7ou um certo grau de realiza\u00e7\u00e3o.<\/p>\n<p>A empresa tem um grupo de profissionais experientes em tecnologia, fabrica\u00e7\u00e3o e gerenciamento, alinhados com a filosofia de neg\u00f3cios \"tecnologia como competitividade, alta qualidade para sobreviv\u00eancia\", aderindo ao prop\u00f3sito \"qualidade em primeiro lugar, cliente em primeiro lugar\", desenvolvimento e inova\u00e7\u00e3o cont\u00ednuos, para fornecer aos clientes produtos de seguran\u00e7a de alta qualidade e alta efici\u00eancia. Nossa empresa tem uma coopera\u00e7\u00e3o de longo prazo com comerciantes nacionais e estrangeiros, tem sido bem recebida e nossos produtos s\u00e3o exportados principalmente para os Estados Unidos, Fran\u00e7a, Alemanha, Gr\u00e3-Bretanha, It\u00e1lia, Espanha, Canad\u00e1, Austr\u00e1lia, Col\u00f4mbia, M\u00e9xico e outros pa\u00edses e regi\u00f5es. Damos as boas-vindas a novos e antigos clientes para visitas, orienta\u00e7\u00f5es e negocia\u00e7\u00f5es comerciais, e esperamos cooperar com voc\u00ea!<\/p>\n<\/p>\n<p><\/p>\n<li><em>Marca: <\/em> OEM\/ODM\/ROODER<\/li>\n<li><em>Quantidade m\u00ednima do pedido: <\/em> 10 pe\u00e7as\/pe\u00e7as<\/li>\n<li><em>Capacidade de fornecimento: <\/em> 10000 pe\u00e7as\/pe\u00e7as por m\u00eas<\/li>\n<li><em>Porto: <\/em> Shenzhen<\/li>\n<li><em>Condi\u00e7\u00f5es de pagamento: <\/em> T\/T, L\/C, D\/A, D\/P<\/li>","protected":false},"featured_media":9854,"comment_status":"closed","ping_status":"open","template":"","meta":[],"product_brand":[],"product_cat":[829],"product_tag":[530,865,745,866,611],"class_list":{"0":"post-9852","1":"product","2":"type-product","3":"status-publish","4":"has-post-thumbnail","6":"product_cat-electric-scooters","7":"product_tag-electric-scooter","8":"product_tag-r803o18","9":"product_tag-rooder","10":"product_tag-rooder-r803o18","11":"product_tag-three-wheel-electric-scooter","13":"first","14":"instock","15":"product-type-simple"},"yoast_head":"<!-- This site is optimized with the Yoast SEO plugin v21.7 - https:\/\/yoast.com\/wordpress\/plugins\/seo\/ -->\n<title>Rooder r803o18 three wheel electric scooter 52v 6000w 20ah - Electric Scooters Bikes Citycoco Manufacturer<\/title>\n<meta name=\"robots\" content=\"index, follow, max-snippet:-1, max-image-preview:large, max-video-preview:-1\" \/>\n<link rel=\"canonical\" href=\"https:\/\/www.rooderchina.com\/pt\/produto\/rooder-r803o18-three-wheel-electric-scooter-52v-6000w-20ah\/\" \/>\n<meta property=\"og:locale\" content=\"pt_BR\" \/>\n<meta property=\"og:type\" content=\"article\" \/>\n<meta property=\"og:title\" content=\"Rooder r803o18 three wheel electric scooter 52v 6000w 20ah - Electric Scooters Bikes Citycoco Manufacturer\" \/>\n<meta property=\"og:description\" content=\"Short Description: Rooder Technology Co., Ltd. is a professional production of electric cars, electric scooters, balance cars and other intelligent travel tools of transportation research and development, production processing and wholesale, the company keeps pace with The Times, production equipment, environmental protection equipment have reached the domestic advanced level, with a complete set of scientific quality management system. After years of development and accumulation has achieved a certain degree of achievement. The company has a group of experienced professional technology, manufacturing and management personnel, in line with: technology as the competitiveness, high quality for survival &#8220;business philosophy, adhering to the&#8221; quality first, customer first &#8220;purpose, continuous development and innovation, to provide customers with high quality, high efficiency of safety products. Our company has long-term cooperation with domestic and foreign traders, has been well received, our products are mainly exported to the United States, France, Germany, Britain, Italy, Spain, Canada, Australia, Colombia, Mexico and other countries and regions. Welcome new and old customers to visit, guidance and business negotiations, and look forward to cooperating with you!    Brand: OEM\/ODM\/ROODER   Min.Order Quantity: 10 Piece\/Pieces   Supply Ability: 10000 Piece\/Pieces per Month   Port: Shenzhen   Payment Terms: T\/T, L\/C, D\/A, D\/P\" \/>\n<meta property=\"og:url\" content=\"https:\/\/www.rooderchina.com\/pt\/produto\/rooder-r803o18-three-wheel-electric-scooter-52v-6000w-20ah\/\" \/>\n<meta property=\"og:site_name\" content=\"Electric Scooters Bikes Citycoco Manufacturer\" \/>\n<meta property=\"article:publisher\" content=\"https:\/\/www.facebook.com\/rooder.tec\" \/>\n<meta property=\"og:image\" content=\"https:\/\/www.rooderchina.com\/wp-content\/uploads\/2023\/11\/Rooder-r803o18-three-wheel-electric-scooter-52v-6000w-20ah-1.jpg\" \/>\n\t<meta property=\"og:image:width\" content=\"1000\" \/>\n\t<meta property=\"og:image:height\" content=\"1000\" \/>\n\t<meta property=\"og:image:type\" content=\"image\/jpeg\" \/>\n<meta name=\"twitter:card\" content=\"summary_large_image\" \/>\n<meta name=\"twitter:site\" content=\"@RooderTec\" \/>\n<script type=\"application\/ld+json\" class=\"yoast-schema-graph\">{\"@context\":\"https:\/\/schema.org\",\"@graph\":[{\"@type\":\"WebPage\",\"@id\":\"https:\/\/www.rooderchina.com\/product\/rooder-r803o18-three-wheel-electric-scooter-52v-6000w-20ah\/\",\"url\":\"https:\/\/www.rooderchina.com\/product\/rooder-r803o18-three-wheel-electric-scooter-52v-6000w-20ah\/\",\"name\":\"Rooder r803o18 three wheel electric scooter 52v 6000w 20ah - Electric Scooters Bikes Citycoco Manufacturer\",\"isPartOf\":{\"@id\":\"https:\/\/www.rooderchina.com\/#website\"},\"datePublished\":\"2023-11-11T10:51:21+00:00\",\"dateModified\":\"2023-11-11T10:51:21+00:00\",\"breadcrumb\":{\"@id\":\"https:\/\/www.rooderchina.com\/product\/rooder-r803o18-three-wheel-electric-scooter-52v-6000w-20ah\/#breadcrumb\"},\"inLanguage\":\"pt-BR\",\"potentialAction\":[{\"@type\":\"ReadAction\",\"target\":[\"https:\/\/www.rooderchina.com\/product\/rooder-r803o18-three-wheel-electric-scooter-52v-6000w-20ah\/\"]}]},{\"@type\":\"BreadcrumbList\",\"@id\":\"https:\/\/www.rooderchina.com\/product\/rooder-r803o18-three-wheel-electric-scooter-52v-6000w-20ah\/#breadcrumb\",\"itemListElement\":[{\"@type\":\"ListItem\",\"position\":1,\"name\":\"HOME\",\"item\":\"https:\/\/www.rooderchina.com\/\"},{\"@type\":\"ListItem\",\"position\":2,\"name\":\"Shop\",\"item\":\"https:\/\/www.rooderchina.com\/shop\/\"},{\"@type\":\"ListItem\",\"position\":3,\"name\":\"Rooder r803o18 three wheel electric scooter 52v 6000w 20ah\"}]},{\"@type\":\"WebSite\",\"@id\":\"https:\/\/www.rooderchina.com\/#website\",\"url\":\"https:\/\/www.rooderchina.com\/\",\"name\":\"Electric Scooters Bikes Citycoco Manufacturer\",\"description\":\"Rooder Technology Limited\",\"publisher\":{\"@id\":\"https:\/\/www.rooderchina.com\/#organization\"},\"potentialAction\":[{\"@type\":\"SearchAction\",\"target\":{\"@type\":\"EntryPoint\",\"urlTemplate\":\"https:\/\/www.rooderchina.com\/?s={search_term_string}\"},\"query-input\":\"required name=search_term_string\"}],\"inLanguage\":\"pt-BR\"},{\"@type\":\"Organization\",\"@id\":\"https:\/\/www.rooderchina.com\/#organization\",\"name\":\"Electric Scooters Bikes Citycoco Manufacturer\",\"url\":\"https:\/\/www.rooderchina.com\/\",\"logo\":{\"@type\":\"ImageObject\",\"inLanguage\":\"pt-BR\",\"@id\":\"https:\/\/www.rooderchina.com\/#\/schema\/logo\/image\/\",\"url\":\"https:\/\/www.rooderchina.com\/wp-content\/uploads\/2023\/12\/rooder2.jpg\",\"contentUrl\":\"https:\/\/www.rooderchina.com\/wp-content\/uploads\/2023\/12\/rooder2.jpg\",\"width\":1723,\"height\":1037,\"caption\":\"Electric Scooters Bikes Citycoco Manufacturer\"},\"image\":{\"@id\":\"https:\/\/www.rooderchina.com\/#\/schema\/logo\/image\/\"},\"sameAs\":[\"https:\/\/www.facebook.com\/rooder.tec\",\"https:\/\/twitter.com\/RooderTec\"]}]}<\/script>\n<!-- \/ Yoast SEO plugin. -->","yoast_head_json":{"title":"Rooder r803o18 three wheel electric scooter 52v 6000w 20ah - Electric Scooters Bikes Citycoco Manufacturer","robots":{"index":"index","follow":"follow","max-snippet":"max-snippet:-1","max-image-preview":"max-image-preview:large","max-video-preview":"max-video-preview:-1"},"canonical":"https:\/\/www.rooderchina.com\/pt\/produto\/rooder-r803o18-three-wheel-electric-scooter-52v-6000w-20ah\/","og_locale":"pt_BR","og_type":"article","og_title":"Rooder r803o18 three wheel electric scooter 52v 6000w 20ah - Electric Scooters Bikes Citycoco Manufacturer","og_description":"Short Description: Rooder Technology Co., Ltd. is a professional production of electric cars, electric scooters, balance cars and other intelligent travel tools of transportation research and development, production processing and wholesale, the company keeps pace with The Times, production equipment, environmental protection equipment have reached the domestic advanced level, with a complete set of scientific quality management system. After years of development and accumulation has achieved a certain degree of achievement. The company has a group of experienced professional technology, manufacturing and management personnel, in line with: technology as the competitiveness, high quality for survival &#8220;business philosophy, adhering to the&#8221; quality first, customer first &#8220;purpose, continuous development and innovation, to provide customers with high quality, high efficiency of safety products. Our company has long-term cooperation with domestic and foreign traders, has been well received, our products are mainly exported to the United States, France, Germany, Britain, Italy, Spain, Canada, Australia, Colombia, Mexico and other countries and regions. Welcome new and old customers to visit, guidance and business negotiations, and look forward to cooperating with you!    Brand: OEM\/ODM\/ROODER   Min.Order Quantity: 10 Piece\/Pieces   Supply Ability: 10000 Piece\/Pieces per Month   Port: Shenzhen   Payment Terms: T\/T, L\/C, D\/A, D\/P","og_url":"https:\/\/www.rooderchina.com\/pt\/produto\/rooder-r803o18-three-wheel-electric-scooter-52v-6000w-20ah\/","og_site_name":"Electric Scooters Bikes Citycoco Manufacturer","article_publisher":"https:\/\/www.facebook.com\/rooder.tec","og_image":[{"width":1000,"height":1000,"url":"https:\/\/www.rooderchina.com\/wp-content\/uploads\/2023\/11\/Rooder-r803o18-three-wheel-electric-scooter-52v-6000w-20ah-1.jpg","type":"image\/jpeg"}],"twitter_card":"summary_large_image","twitter_site":"@RooderTec","schema":{"@context":"https:\/\/schema.org","@graph":[{"@type":"WebPage","@id":"https:\/\/www.rooderchina.com\/product\/rooder-r803o18-three-wheel-electric-scooter-52v-6000w-20ah\/","url":"https:\/\/www.rooderchina.com\/product\/rooder-r803o18-three-wheel-electric-scooter-52v-6000w-20ah\/","name":"Rooder r803o18 three wheel electric scooter 52v 6000w 20ah - Electric Scooters Bikes Citycoco Manufacturer","isPartOf":{"@id":"https:\/\/www.rooderchina.com\/#website"},"datePublished":"2023-11-11T10:51:21+00:00","dateModified":"2023-11-11T10:51:21+00:00","breadcrumb":{"@id":"https:\/\/www.rooderchina.com\/product\/rooder-r803o18-three-wheel-electric-scooter-52v-6000w-20ah\/#breadcrumb"},"inLanguage":"pt-BR","potentialAction":[{"@type":"ReadAction","target":["https:\/\/www.rooderchina.com\/product\/rooder-r803o18-three-wheel-electric-scooter-52v-6000w-20ah\/"]}]},{"@type":"BreadcrumbList","@id":"https:\/\/www.rooderchina.com\/product\/rooder-r803o18-three-wheel-electric-scooter-52v-6000w-20ah\/#breadcrumb","itemListElement":[{"@type":"ListItem","position":1,"name":"HOME","item":"https:\/\/www.rooderchina.com\/"},{"@type":"ListItem","position":2,"name":"Shop","item":"https:\/\/www.rooderchina.com\/shop\/"},{"@type":"ListItem","position":3,"name":"Rooder r803o18 three wheel electric scooter 52v 6000w 20ah"}]},{"@type":"WebSite","@id":"https:\/\/www.rooderchina.com\/#website","url":"https:\/\/www.rooderchina.com\/","name":"Electric Scooters Bikes Citycoco Manufacturer","description":"Rooder Technology Limited","publisher":{"@id":"https:\/\/www.rooderchina.com\/#organization"},"potentialAction":[{"@type":"SearchAction","target":{"@type":"EntryPoint","urlTemplate":"https:\/\/www.rooderchina.com\/?s={search_term_string}"},"query-input":"required name=search_term_string"}],"inLanguage":"pt-BR"},{"@type":"Organization","@id":"https:\/\/www.rooderchina.com\/#organization","name":"Electric Scooters Bikes Citycoco Manufacturer","url":"https:\/\/www.rooderchina.com\/","logo":{"@type":"ImageObject","inLanguage":"pt-BR","@id":"https:\/\/www.rooderchina.com\/#\/schema\/logo\/image\/","url":"https:\/\/www.rooderchina.com\/wp-content\/uploads\/2023\/12\/rooder2.jpg","contentUrl":"https:\/\/www.rooderchina.com\/wp-content\/uploads\/2023\/12\/rooder2.jpg","width":1723,"height":1037,"caption":"Electric Scooters Bikes Citycoco Manufacturer"},"image":{"@id":"https:\/\/www.rooderchina.com\/#\/schema\/logo\/image\/"},"sameAs":["https:\/\/www.facebook.com\/rooder.tec","https:\/\/twitter.com\/RooderTec"]}]}},"_links":{"self":[{"href":"https:\/\/www.rooderchina.com\/pt\/wp-json\/wp\/v2\/product\/9852","targetHints":{"allow":["GET"]}}],"collection":[{"href":"https:\/\/www.rooderchina.com\/pt\/wp-json\/wp\/v2\/product"}],"about":[{"href":"https:\/\/www.rooderchina.com\/pt\/wp-json\/wp\/v2\/types\/product"}],"replies":[{"embeddable":true,"href":"https:\/\/www.rooderchina.com\/pt\/wp-json\/wp\/v2\/comments?post=9852"}],"version-history":[{"count":1,"href":"https:\/\/www.rooderchina.com\/pt\/wp-json\/wp\/v2\/product\/9852\/revisions"}],"predecessor-version":[{"id":9853,"href":"https:\/\/www.rooderchina.com\/pt\/wp-json\/wp\/v2\/product\/9852\/revisions\/9853"}],"wp:featuredmedia":[{"embeddable":true,"href":"https:\/\/www.rooderchina.com\/pt\/wp-json\/wp\/v2\/media\/9854"}],"wp:attachment":[{"href":"https:\/\/www.rooderchina.com\/pt\/wp-json\/wp\/v2\/media?parent=9852"}],"wp:term":[{"taxonomy":"product_brand","embeddable":true,"href":"https:\/\/www.rooderchina.com\/pt\/wp-json\/wp\/v2\/product_brand?post=9852"},{"taxonomy":"product_cat","embeddable":true,"href":"https:\/\/www.rooderchina.com\/pt\/wp-json\/wp\/v2\/product_cat?post=9852"},{"taxonomy":"product_tag","embeddable":true,"href":"https:\/\/www.rooderchina.com\/pt\/wp-json\/wp\/v2\/product_tag?post=9852"}],"curies":[{"name":"wp","href":"https:\/\/api.w.org\/{rel}","templated":true}]}}