{"id":9803,"date":"2023-11-11T18:49:56","date_gmt":"2023-11-11T10:49:56","guid":{"rendered":"http:\/\/www.rooderchina.com\/index.php\/product\/cb02-mini-rooder-ebike-for-children-wholesale-price\/"},"modified":"2023-11-11T18:50:09","modified_gmt":"2023-11-11T10:50:09","slug":"cb02-mini-rooder-ebike-for-children-wholesale-price","status":"publish","type":"product","link":"https:\/\/www.rooderchina.com\/pt\/produto\/cb02-mini-rooder-ebike-for-children-wholesale-price\/","title":{"rendered":"cb02 mini Rooder ebike para crian\u00e7as pre\u00e7o de atacado"},"content":{"rendered":"<p><strong>V\u00eddeo:<\/strong><\/p>\n<p><iframe loading=\"lazy\" title=\"bicicleta el\u00e9trica\" src=\"https:\/\/www.youtube.com\/embed\/G5xleR43vbU?rel=0&amp;autoplay=0\" height=\"318\" width=\"385\" allowfullscreen=\"\" frameborder=\"0\"><\/iframe><\/p>\n<p><strong>Especifica\u00e7\u00f5es:<\/strong><\/p>\n<table style=\"width: 538px;\" border=\"0\" cellspacing=\"0\" cellpadding=\"0\">\n<tbody>\n<tr>\n<td width=\"165\">\n<p align=\"center\"><b>Modelo<\/b><\/p>\n<\/td>\n<td width=\"373\">\n<p align=\"left\"><b>CB01A (com corrente) e CB01B (sem corrente)<\/b><\/p>\n<\/td>\n<\/tr>\n<tr>\n<td width=\"165\">\n<p align=\"center\">Marca<\/p>\n<\/td>\n<td width=\"373\">\n<p align=\"left\">Rooder<\/p>\n<\/td>\n<\/tr>\n<tr>\n<td width=\"165\">\n<p align=\"center\"><b>Material da estrutura<\/b><\/p>\n<\/td>\n<td width=\"373\">\n<p align=\"left\">Estrutura de liga de ferro sem costura<\/p>\n<\/td>\n<\/tr>\n<tr>\n<td width=\"165\">\n<p align=\"center\">Tamanho do pneu<\/p>\n<\/td>\n<td width=\"373\">\n<p align=\"left\">Pneu gordo de 20*5 polegadas<\/p>\n<\/td>\n<\/tr>\n<tr>\n<td width=\"165\">\n<p align=\"center\">Garfo dianteiro<\/p>\n<\/td>\n<td width=\"373\">\n<p align=\"left\">ronzlla mechanical Fork<\/p>\n<\/td>\n<\/tr>\n<tr>\n<td width=\"165\">\n<p align=\"center\">Tipo de freio<\/p>\n<\/td>\n<td width=\"373\">\n<p align=\"left\">Freio a disco dianteiro e traseiro<\/p>\n<\/td>\n<\/tr>\n<tr>\n<td width=\"165\">\n<p align=\"center\"><b>Pot\u00eancia do motor<\/b><\/p>\n<\/td>\n<td width=\"373\">\n<p align=\"left\">Motor de 48V 500W\/1000W com roda de raios<\/p>\n<\/td>\n<\/tr>\n<tr>\n<td width=\"165\">\n<p align=\"center\"><b>Velocidade m\u00e1xima<\/b><\/p>\n<\/td>\n<td width=\"373\">\n<p align=\"left\">500w 25-45km\/h, 1000w 25-50km\/h \/h.<\/p>\n<\/td>\n<\/tr>\n<tr>\n<td width=\"165\">\n<p align=\"center\"><b>Capacidade de classifica\u00e7\u00e3o<\/b><\/p>\n<\/td>\n<td width=\"373\">\n<p align=\"left\">20 graus<\/p>\n<\/td>\n<\/tr>\n<tr>\n<td width=\"165\">\n<p align=\"center\">Carga m\u00e1xima<\/p>\n<\/td>\n<td width=\"373\">\n<p align=\"left\">150 kg<\/p>\n<\/td>\n<\/tr>\n<tr>\n<td width=\"165\">\n<p align=\"center\"><b>Bateria<\/b><\/p>\n<\/td>\n<td width=\"373\">\n<p align=\"left\">Bateria de l\u00edtio de 48V 10Ah, 15Ah, 20Ah e 40Ah<\/p>\n<\/td>\n<\/tr>\n<tr>\n<td width=\"165\">\n<p align=\"center\">Faixa<\/p>\n<\/td>\n<td width=\"373\">\n<p align=\"left\">10a 10-30 km, 15a 15-45km, 40a 40-120km.<\/p>\n<\/td>\n<\/tr>\n<tr>\n<td width=\"165\">\n<p align=\"center\"><b>Carregador<\/b><\/p>\n<\/td>\n<td width=\"373\">\n<p align=\"left\">54,6V 2A<\/p>\n<\/td>\n<\/tr>\n<tr>\n<td width=\"165\">\n<p align=\"center\"><b>Tempo de carregamento<\/b><\/p>\n<\/td>\n<td width=\"373\">\n<p align=\"left\">5 a 10 horas, dependendo da bateria<\/p>\n<\/td>\n<\/tr>\n<tr>\n<td width=\"165\">\n<p align=\"center\">Temperatura de trabalho<\/p>\n<\/td>\n<td width=\"373\">\n<p align=\"left\">-20~40\u2103<\/p>\n<\/td>\n<\/tr>\n<tr>\n<td width=\"165\">\n<p align=\"center\">Padr\u00e3o \u00e0 prova d'\u00e1gua<\/p>\n<\/td>\n<td width=\"373\">\n<p align=\"left\">IP65<\/p>\n<\/td>\n<\/tr>\n<tr>\n<td width=\"165\">\n<p align=\"center\">Tela<\/p>\n<\/td>\n<td width=\"373\">\n<p align=\"left\">Tela LCD<\/p>\n<\/td>\n<\/tr>\n<tr>\n<td width=\"165\">\n<p align=\"center\">Amortecedor dianteiro<\/p>\n<\/td>\n<td width=\"373\">\n<p align=\"left\">Amortecedor hidr\u00e1ulico Garfo<\/p>\n<\/td>\n<\/tr>\n<tr>\n<td width=\"165\">\n<p align=\"center\">Amortecedor traseiro<\/p>\n<\/td>\n<td width=\"373\">\n<p align=\"left\">NENHUM<\/p>\n<\/td>\n<\/tr>\n<tr>\n<td width=\"165\">\n<p align=\"center\">Sistema de luz<\/p>\n<\/td>\n<td width=\"373\">\n<p align=\"left\">Farol de LED<\/p>\n<\/td>\n<\/tr>\n<tr>\n<td width=\"165\">\n<p align=\"center\">Peso l\u00edquido do produto<\/p>\n<\/td>\n<td width=\"373\">\n<p align=\"left\">35 kg<\/p>\n<\/td>\n<\/tr>\n<tr>\n<td width=\"165\">\n<p align=\"center\">Peso bruto<\/p>\n<\/td>\n<td width=\"373\">\n<p align=\"left\">48 kgs<\/p>\n<\/td>\n<\/tr>\n<tr>\n<td width=\"165\">\n<p align=\"center\">Certificados<\/p>\n<\/td>\n<td width=\"373\">\n<p align=\"left\">CE, FCC, ROHS, MSDS, UN38.3<\/p>\n<\/td>\n<\/tr>\n<tr>\n<td width=\"165\">\n<p align=\"center\">Tamanho da embalagem<\/p>\n<\/td>\n<td width=\"373\">\n<p align=\"left\">158\u00d728\u00d773cm (C*L*L*A)<\/p>\n<\/td>\n<\/tr>\n<tr>\n<td width=\"165\">\n<p align=\"center\">Lista de pacotes<\/p>\n<\/td>\n<td width=\"373\">\n<p align=\"left\">bicicleta, carregador, ferramentas, manual do usu\u00e1rio<\/p>\n<\/td>\n<\/tr>\n<\/tbody>\n<\/table>\n<p><strong>Fotos:<\/strong><\/p>\n<\/p>\n<p>&nbsp;<\/p>","protected":false},"excerpt":{"rendered":"<h3>Descri\u00e7\u00e3o resumida:<\/h3>\n<p><p>A Rooder \u00e9 uma das fornecedoras mais profissionais na \u00e1rea de esportes ao ar livre e seus principais produtos incluem scooter el\u00e9trico, bicicleta el\u00e9trica etc. Temos armaz\u00e9ns na Alemanha, Pol\u00f4nia e Estados Unidos para dar suporte ao transporte direto no mercado europeu e americano com o tempo de entrega mais r\u00e1pido. Nossa f\u00e1brica na China tem uma oficina de 4.000 metros quadrados, com mais de 100 funcion\u00e1rios, departamento de QC\/QA, departamento de engenharia, departamento de design e departamento de servi\u00e7o p\u00f3s-venda.<\/p>\n<p>Sempre nos esfor\u00e7amos para fornecer produtos de alta qualidade, seguros e confi\u00e1veis para todos os clientes. Al\u00e9m disso, temos mais de 6 anos de coopera\u00e7\u00e3o com uma empresa de log\u00edstica para garantir a seguran\u00e7a do transporte. Nosso foco \u00e9 o estilo de scooter e bicicleta el\u00e9trica mais popular, mais vendido e mais seguro do mercado, desenvolvendo produtos de alta qualidade com baixa garantia e oferecendo um conjunto completo e perfeito de servi\u00e7os comerciais. Nossa meta \u00e9 sempre manter um \u00f3timo relacionamento comercial em que todos saiam ganhando.<\/p>\n<\/p>\n<p><\/p>\n<li><em>Marca: <\/em> OEM\/ODM\/ROODER<\/li>\n<li><em>Quantidade m\u00ednima do pedido: <\/em> 10 pe\u00e7as\/pe\u00e7as<\/li>\n<li><em>Capacidade de fornecimento: <\/em> 10000 pe\u00e7as\/pe\u00e7as por m\u00eas<\/li>\n<li><em>Porto: <\/em> Shenzhen<\/li>\n<li><em>Condi\u00e7\u00f5es de pagamento: <\/em> T\/T, L\/C, D\/A, D\/P<\/li>","protected":false},"featured_media":9805,"comment_status":"closed","ping_status":"open","template":"","meta":[],"product_brand":[],"product_cat":[574],"product_tag":[855,850,745,856,853],"class_list":{"0":"post-9803","1":"product","2":"type-product","3":"status-publish","4":"has-post-thumbnail","6":"product_cat-electric-bicycles","7":"product_tag-cb02-mini","8":"product_tag-ebike","9":"product_tag-rooder","10":"product_tag-rooder-cb02-mini","11":"product_tag-rooder-ebike","13":"first","14":"instock","15":"product-type-simple"},"yoast_head":"<!-- This site is optimized with the Yoast SEO plugin v21.7 - https:\/\/yoast.com\/wordpress\/plugins\/seo\/ -->\n<title>cb02 mini Rooder ebike for children wholesale price - Electric Scooters Bikes Citycoco Manufacturer<\/title>\n<meta name=\"robots\" content=\"index, follow, max-snippet:-1, max-image-preview:large, max-video-preview:-1\" \/>\n<link rel=\"canonical\" href=\"https:\/\/www.rooderchina.com\/pt\/produto\/cb02-mini-rooder-ebike-for-children-wholesale-price\/\" \/>\n<meta property=\"og:locale\" content=\"pt_BR\" \/>\n<meta property=\"og:type\" content=\"article\" \/>\n<meta property=\"og:title\" content=\"cb02 mini Rooder ebike for children wholesale price - Electric Scooters Bikes Citycoco Manufacturer\" \/>\n<meta property=\"og:description\" content=\"Short Description: Rooder is one of the most professional supplier in outdoor sport field, main products including electric scooter, electric bike, etc. We have warehouse in Germany, Poland and America to support drop shipping in European &amp; USA market with fastest delivery time. For our China factory, it has 4000 square meters workshop, with more than 100 staffs, QC\/QA department, Engineer department, designer department, after-sale service department. We always strive to provide high-quality, safe, and reliable products for all customers. Besides, we have more than 6 years cooperated logistics company to ensure the safety transportation. We focus on the most popular, hot selling and safety e scooter e bike style in the market, developing the high-end products with low warranty, offering the perfect one stop full set of business service. Win-Win great business relationship is always our pursuing.    Brand: OEM\/ODM\/ROODER   Min.Order Quantity: 10 Piece\/Pieces   Supply Ability: 10000 Piece\/Pieces per Month   Port: Shenzhen   Payment Terms: T\/T, L\/C, D\/A, D\/P\" \/>\n<meta property=\"og:url\" content=\"https:\/\/www.rooderchina.com\/pt\/produto\/cb02-mini-rooder-ebike-for-children-wholesale-price\/\" \/>\n<meta property=\"og:site_name\" content=\"Electric Scooters Bikes Citycoco Manufacturer\" \/>\n<meta property=\"article:publisher\" content=\"https:\/\/www.facebook.com\/rooder.tec\" \/>\n<meta property=\"article:modified_time\" content=\"2023-11-11T10:50:09+00:00\" \/>\n<meta property=\"og:image\" content=\"https:\/\/www.rooderchina.com\/wp-content\/uploads\/2023\/11\/cb02-mini-Rooder-ebike-for-children-wholesale-price-1.jpg\" \/>\n\t<meta property=\"og:image:width\" content=\"1000\" \/>\n\t<meta property=\"og:image:height\" content=\"1000\" \/>\n\t<meta property=\"og:image:type\" content=\"image\/jpeg\" \/>\n<meta name=\"twitter:card\" content=\"summary_large_image\" \/>\n<meta name=\"twitter:site\" content=\"@RooderTec\" \/>\n<meta name=\"twitter:label1\" content=\"Est. tempo de leitura\" \/>\n\t<meta name=\"twitter:data1\" content=\"1 minuto\" \/>\n<script type=\"application\/ld+json\" class=\"yoast-schema-graph\">{\"@context\":\"https:\/\/schema.org\",\"@graph\":[{\"@type\":\"WebPage\",\"@id\":\"https:\/\/www.rooderchina.com\/product\/cb02-mini-rooder-ebike-for-children-wholesale-price\/\",\"url\":\"https:\/\/www.rooderchina.com\/product\/cb02-mini-rooder-ebike-for-children-wholesale-price\/\",\"name\":\"cb02 mini Rooder ebike for children wholesale price - Electric Scooters Bikes Citycoco Manufacturer\",\"isPartOf\":{\"@id\":\"https:\/\/www.rooderchina.com\/#website\"},\"datePublished\":\"2023-11-11T10:49:56+00:00\",\"dateModified\":\"2023-11-11T10:50:09+00:00\",\"breadcrumb\":{\"@id\":\"https:\/\/www.rooderchina.com\/product\/cb02-mini-rooder-ebike-for-children-wholesale-price\/#breadcrumb\"},\"inLanguage\":\"pt-BR\",\"potentialAction\":[{\"@type\":\"ReadAction\",\"target\":[\"https:\/\/www.rooderchina.com\/product\/cb02-mini-rooder-ebike-for-children-wholesale-price\/\"]}]},{\"@type\":\"BreadcrumbList\",\"@id\":\"https:\/\/www.rooderchina.com\/product\/cb02-mini-rooder-ebike-for-children-wholesale-price\/#breadcrumb\",\"itemListElement\":[{\"@type\":\"ListItem\",\"position\":1,\"name\":\"HOME\",\"item\":\"https:\/\/www.rooderchina.com\/\"},{\"@type\":\"ListItem\",\"position\":2,\"name\":\"Shop\",\"item\":\"https:\/\/www.rooderchina.com\/shop\/\"},{\"@type\":\"ListItem\",\"position\":3,\"name\":\"cb02 mini Rooder ebike for children wholesale price\"}]},{\"@type\":\"WebSite\",\"@id\":\"https:\/\/www.rooderchina.com\/#website\",\"url\":\"https:\/\/www.rooderchina.com\/\",\"name\":\"Electric Scooters Bikes Citycoco Manufacturer\",\"description\":\"Rooder Technology Limited\",\"publisher\":{\"@id\":\"https:\/\/www.rooderchina.com\/#organization\"},\"potentialAction\":[{\"@type\":\"SearchAction\",\"target\":{\"@type\":\"EntryPoint\",\"urlTemplate\":\"https:\/\/www.rooderchina.com\/?s={search_term_string}\"},\"query-input\":\"required name=search_term_string\"}],\"inLanguage\":\"pt-BR\"},{\"@type\":\"Organization\",\"@id\":\"https:\/\/www.rooderchina.com\/#organization\",\"name\":\"Electric Scooters Bikes Citycoco Manufacturer\",\"url\":\"https:\/\/www.rooderchina.com\/\",\"logo\":{\"@type\":\"ImageObject\",\"inLanguage\":\"pt-BR\",\"@id\":\"https:\/\/www.rooderchina.com\/#\/schema\/logo\/image\/\",\"url\":\"https:\/\/www.rooderchina.com\/wp-content\/uploads\/2023\/12\/rooder2.jpg\",\"contentUrl\":\"https:\/\/www.rooderchina.com\/wp-content\/uploads\/2023\/12\/rooder2.jpg\",\"width\":1723,\"height\":1037,\"caption\":\"Electric Scooters Bikes Citycoco Manufacturer\"},\"image\":{\"@id\":\"https:\/\/www.rooderchina.com\/#\/schema\/logo\/image\/\"},\"sameAs\":[\"https:\/\/www.facebook.com\/rooder.tec\",\"https:\/\/twitter.com\/RooderTec\"]}]}<\/script>\n<!-- \/ Yoast SEO plugin. -->","yoast_head_json":{"title":"cb02 mini Rooder ebike for children wholesale price - Electric Scooters Bikes Citycoco Manufacturer","robots":{"index":"index","follow":"follow","max-snippet":"max-snippet:-1","max-image-preview":"max-image-preview:large","max-video-preview":"max-video-preview:-1"},"canonical":"https:\/\/www.rooderchina.com\/pt\/produto\/cb02-mini-rooder-ebike-for-children-wholesale-price\/","og_locale":"pt_BR","og_type":"article","og_title":"cb02 mini Rooder ebike for children wholesale price - Electric Scooters Bikes Citycoco Manufacturer","og_description":"Short Description: Rooder is one of the most professional supplier in outdoor sport field, main products including electric scooter, electric bike, etc. We have warehouse in Germany, Poland and America to support drop shipping in European &amp; USA market with fastest delivery time. For our China factory, it has 4000 square meters workshop, with more than 100 staffs, QC\/QA department, Engineer department, designer department, after-sale service department. We always strive to provide high-quality, safe, and reliable products for all customers. Besides, we have more than 6 years cooperated logistics company to ensure the safety transportation. We focus on the most popular, hot selling and safety e scooter e bike style in the market, developing the high-end products with low warranty, offering the perfect one stop full set of business service. Win-Win great business relationship is always our pursuing.    Brand: OEM\/ODM\/ROODER   Min.Order Quantity: 10 Piece\/Pieces   Supply Ability: 10000 Piece\/Pieces per Month   Port: Shenzhen   Payment Terms: T\/T, L\/C, D\/A, D\/P","og_url":"https:\/\/www.rooderchina.com\/pt\/produto\/cb02-mini-rooder-ebike-for-children-wholesale-price\/","og_site_name":"Electric Scooters Bikes Citycoco Manufacturer","article_publisher":"https:\/\/www.facebook.com\/rooder.tec","article_modified_time":"2023-11-11T10:50:09+00:00","og_image":[{"width":1000,"height":1000,"url":"https:\/\/www.rooderchina.com\/wp-content\/uploads\/2023\/11\/cb02-mini-Rooder-ebike-for-children-wholesale-price-1.jpg","type":"image\/jpeg"}],"twitter_card":"summary_large_image","twitter_site":"@RooderTec","twitter_misc":{"Est. tempo de leitura":"1 minuto"},"schema":{"@context":"https:\/\/schema.org","@graph":[{"@type":"WebPage","@id":"https:\/\/www.rooderchina.com\/product\/cb02-mini-rooder-ebike-for-children-wholesale-price\/","url":"https:\/\/www.rooderchina.com\/product\/cb02-mini-rooder-ebike-for-children-wholesale-price\/","name":"cb02 mini Rooder ebike for children wholesale price - Electric Scooters Bikes Citycoco Manufacturer","isPartOf":{"@id":"https:\/\/www.rooderchina.com\/#website"},"datePublished":"2023-11-11T10:49:56+00:00","dateModified":"2023-11-11T10:50:09+00:00","breadcrumb":{"@id":"https:\/\/www.rooderchina.com\/product\/cb02-mini-rooder-ebike-for-children-wholesale-price\/#breadcrumb"},"inLanguage":"pt-BR","potentialAction":[{"@type":"ReadAction","target":["https:\/\/www.rooderchina.com\/product\/cb02-mini-rooder-ebike-for-children-wholesale-price\/"]}]},{"@type":"BreadcrumbList","@id":"https:\/\/www.rooderchina.com\/product\/cb02-mini-rooder-ebike-for-children-wholesale-price\/#breadcrumb","itemListElement":[{"@type":"ListItem","position":1,"name":"HOME","item":"https:\/\/www.rooderchina.com\/"},{"@type":"ListItem","position":2,"name":"Shop","item":"https:\/\/www.rooderchina.com\/shop\/"},{"@type":"ListItem","position":3,"name":"cb02 mini Rooder ebike for children wholesale price"}]},{"@type":"WebSite","@id":"https:\/\/www.rooderchina.com\/#website","url":"https:\/\/www.rooderchina.com\/","name":"Electric Scooters Bikes Citycoco Manufacturer","description":"Rooder Technology Limited","publisher":{"@id":"https:\/\/www.rooderchina.com\/#organization"},"potentialAction":[{"@type":"SearchAction","target":{"@type":"EntryPoint","urlTemplate":"https:\/\/www.rooderchina.com\/?s={search_term_string}"},"query-input":"required name=search_term_string"}],"inLanguage":"pt-BR"},{"@type":"Organization","@id":"https:\/\/www.rooderchina.com\/#organization","name":"Electric Scooters Bikes Citycoco Manufacturer","url":"https:\/\/www.rooderchina.com\/","logo":{"@type":"ImageObject","inLanguage":"pt-BR","@id":"https:\/\/www.rooderchina.com\/#\/schema\/logo\/image\/","url":"https:\/\/www.rooderchina.com\/wp-content\/uploads\/2023\/12\/rooder2.jpg","contentUrl":"https:\/\/www.rooderchina.com\/wp-content\/uploads\/2023\/12\/rooder2.jpg","width":1723,"height":1037,"caption":"Electric Scooters Bikes Citycoco Manufacturer"},"image":{"@id":"https:\/\/www.rooderchina.com\/#\/schema\/logo\/image\/"},"sameAs":["https:\/\/www.facebook.com\/rooder.tec","https:\/\/twitter.com\/RooderTec"]}]}},"_links":{"self":[{"href":"https:\/\/www.rooderchina.com\/pt\/wp-json\/wp\/v2\/product\/9803","targetHints":{"allow":["GET"]}}],"collection":[{"href":"https:\/\/www.rooderchina.com\/pt\/wp-json\/wp\/v2\/product"}],"about":[{"href":"https:\/\/www.rooderchina.com\/pt\/wp-json\/wp\/v2\/types\/product"}],"replies":[{"embeddable":true,"href":"https:\/\/www.rooderchina.com\/pt\/wp-json\/wp\/v2\/comments?post=9803"}],"version-history":[{"count":1,"href":"https:\/\/www.rooderchina.com\/pt\/wp-json\/wp\/v2\/product\/9803\/revisions"}],"predecessor-version":[{"id":9804,"href":"https:\/\/www.rooderchina.com\/pt\/wp-json\/wp\/v2\/product\/9803\/revisions\/9804"}],"wp:featuredmedia":[{"embeddable":true,"href":"https:\/\/www.rooderchina.com\/pt\/wp-json\/wp\/v2\/media\/9805"}],"wp:attachment":[{"href":"https:\/\/www.rooderchina.com\/pt\/wp-json\/wp\/v2\/media?parent=9803"}],"wp:term":[{"taxonomy":"product_brand","embeddable":true,"href":"https:\/\/www.rooderchina.com\/pt\/wp-json\/wp\/v2\/product_brand?post=9803"},{"taxonomy":"product_cat","embeddable":true,"href":"https:\/\/www.rooderchina.com\/pt\/wp-json\/wp\/v2\/product_cat?post=9803"},{"taxonomy":"product_tag","embeddable":true,"href":"https:\/\/www.rooderchina.com\/pt\/wp-json\/wp\/v2\/product_tag?post=9803"}],"curies":[{"name":"wp","href":"https:\/\/api.w.org\/{rel}","templated":true}]}}