{"id":9765,"date":"2023-11-11T18:49:12","date_gmt":"2023-11-11T10:49:12","guid":{"rendered":"http:\/\/www.rooderchina.com\/index.php\/product\/citycoco-chopper-electric-scooter-rooder-m1p-custom-2000w-wholesale-price\/"},"modified":"2023-11-11T18:49:12","modified_gmt":"2023-11-11T10:49:12","slug":"citycoco-chopper-electric-scooter-rooder-m1p-custom-2000w-wholesale-price","status":"publish","type":"product","link":"https:\/\/www.rooderchina.com\/pt\/produto\/citycoco-chopper-electric-scooter-rooder-m1p-custom-2000w-wholesale-price\/","title":{"rendered":"scooter el\u00e9trica citycoco chopper Rooder m1p custom 2000w pre\u00e7o de atacado"},"content":{"rendered":"<p>A Rooder Technology Co., Ltd. \u00e9 uma empresa de alta tecnologia integrada de pesquisa e desenvolvimento, produ\u00e7\u00e3o, vendas e servi\u00e7os, especializada na produ\u00e7\u00e3o e opera\u00e7\u00e3o de <a href=\"https:\/\/www.rooderchina.com\/pt\/tag\/citycoco-chopper\/\" title=\"Ver todos os posts em citycoco chopper\" target=\"_blank\" rel=\"noopener\">chopper citycoco<\/a> escooter. Os principais produtos s\u00e3o motocicletas el\u00e9tricas, citycoo e<a href=\"https:\/\/www.rooderchina.com\/pt\/tag\/chopper\/\" title=\"Ver todas as mensagens em chopper\" target=\"_blank\" rel=\"noopener\">chopper<\/a>.<\/p>\n<p>A empresa tem uma equipe de desenvolvimento t\u00e9cnico e profissional com opera\u00e7\u00e3o avan\u00e7ada, muitos anos de experi\u00eancia e um grande n\u00famero de funcion\u00e1rios bem treinados e qualificados. As empresas aplicam rigorosamente o sistema de controle de qualidade ISO9001:2000, o produto nacional existente cobriu uma grande \u00e1rea do mercado nacional e internacional, ganhou reconhecimento e elogios de usu\u00e1rios de todas as esferas da vida, criou uma boa marca corporativa e alta visibilidade, produtos em falta.<\/p>\n<p>A excelente qualidade, a reputa\u00e7\u00e3o honesta e o servi\u00e7o perfeito s\u00e3o a busca incessante da Cheng Sheng, a ades\u00e3o de longo prazo aos princ\u00edpios comerciais \"mercado de alta qualidade, bom servi\u00e7o para conquistar clientes, esfor\u00e7os totais para criar efici\u00eancia\". Desejamos a todos os meus colegas uma coopera\u00e7\u00e3o sincera e uma cria\u00e7\u00e3o brilhante.<\/p>\n<\/p>\n<p>&nbsp;<\/p>\n<p>citycoco <a href=\"https:\/\/www.rooderchina.com\/pt\/tag\/chopper\/\" title=\"Ver todas as mensagens em chopper\" target=\"_blank\" rel=\"noopener\">chopper<\/a> v\u00eddeo de revis\u00e3o do youtube:<\/p>\n<p><iframe loading=\"lazy\" title=\"chopper citycoco \" src=\"https:\/\/www.youtube.com\/embed\/Pn90zgkh5ew?rel=0&amp;autoplay=0\" height=\"270\" width=\"480\" allowfullscreen=\"\" frameborder=\"0\"><\/iframe><\/p>\n<p>O helic\u00f3ptero citycoco \u00e9 fabricado pela f\u00e1brica da Rooder em Shenzhen, Guangdong, China<\/p>\n<p><iframe loading=\"lazy\" title=\"f\u00e1brica de helic\u00f3pteros citycoco\" src=\"https:\/\/www.youtube.com\/embed\/uk7SKZr9NGg?rel=0&amp;autoplay=0\" height=\"270\" width=\"480\" allowfullscreen=\"\" frameborder=\"0\"><\/iframe><\/p>","protected":false},"excerpt":{"rendered":"<h3>Descri\u00e7\u00e3o resumida:<\/h3>\n<p><p>A Citycoco Chopper \u00e9 uma scooter el\u00e9trica dispon\u00edvel para homens e mulheres. A scooter tem uma bateria de l\u00edtio e uma velocidade m\u00e1xima de 45 km\/h.<\/p>\n<p>Ele pode transportar cargas de at\u00e9 200 kg e tem uma capacidade de subida de mais de 25 graus.<\/p>\n<p>O Citycoco Chopper est\u00e1 dispon\u00edvel em diferentes modelos, incluindo o super m1, arrow m1p, runner m8, alligator m2, sara m1ps, knight m8s e outros.<\/p>\n<p>Voc\u00ea pode comprar o citycoco chopper do fornecedor Rooder, n\u00famero comercial WA: +8613632905138.<\/p>\n<p>A Rooder Technology Limited \u00e9 uma empresa de Shenzhen, China, que fabrica scooters el\u00e9tricas h\u00e1 10 anos. Eles tamb\u00e9m fabricam motocicletas el\u00e9tricas, scooters de equil\u00edbrio e muito mais.<\/p>\n<p>&nbsp;<\/p>\n<\/p>\n<p><\/p>\n<li><em>Marca: <\/em> OEM\/ODM\/ROODER<\/li>\n<li><em>Quantidade m\u00ednima do pedido: <\/em> 10 pe\u00e7as\/pe\u00e7as<\/li>\n<li><em>Capacidade de fornecimento: <\/em> 10000 pe\u00e7as\/pe\u00e7as por m\u00eas<\/li>\n<li><em>Porto: <\/em> Shenzhen<\/li>\n<li><em>Condi\u00e7\u00f5es de pagamento: <\/em> T\/T, L\/C, D\/A, D\/P<\/li>","protected":false},"featured_media":9767,"comment_status":"closed","ping_status":"open","template":"","meta":[],"product_brand":[],"product_cat":[464],"product_tag":[750,468,487,751,843,836,841,756],"class_list":{"0":"post-9765","1":"product","2":"type-product","3":"status-publish","4":"has-post-thumbnail","6":"product_cat-citycoco-choppers","7":"product_tag-chopper","8":"product_tag-citycoco","9":"product_tag-citycoco-2000w","10":"product_tag-citycoco-chopper","11":"product_tag-citycoco-chopper-electric-scooter","12":"product_tag-citycoco-m1p","13":"product_tag-m1p-scooter","14":"product_tag-rooder-citycoco","16":"first","17":"instock","18":"product-type-simple"},"yoast_head":"<!-- This site is optimized with the Yoast SEO plugin v21.7 - https:\/\/yoast.com\/wordpress\/plugins\/seo\/ -->\n<title>citycoco chopper electric scooter Rooder m1p custom 2000w wholesale price - Electric Scooters Bikes Citycoco Manufacturer<\/title>\n<meta name=\"robots\" content=\"index, follow, max-snippet:-1, max-image-preview:large, max-video-preview:-1\" \/>\n<link rel=\"canonical\" href=\"https:\/\/www.rooderchina.com\/pt\/produto\/citycoco-chopper-electric-scooter-rooder-m1p-custom-2000w-wholesale-price\/\" \/>\n<meta property=\"og:locale\" content=\"pt_BR\" \/>\n<meta property=\"og:type\" content=\"article\" \/>\n<meta property=\"og:title\" content=\"citycoco chopper electric scooter Rooder m1p custom 2000w wholesale price - Electric Scooters Bikes Citycoco Manufacturer\" \/>\n<meta property=\"og:description\" content=\"Short Description: The Citycoco Chopper is an electric scooter that&#8217;s available for men and women. The scooter has a lithium battery and a top speed of 45 km\/h. It can carry loads of up to 200 kg and has a climbing capacity of more than 25 degrees. The Citycoco Chopper is available in different models, including the super m1, arrow m1p, runner m8, alligator m2, sara m1ps, knight m8s and more. You can buy citycoco chopper from Rooder suppplier, WA business number: +8613632905138. Rooder Technology Limited is a company in Shenzhen, China that has been making electric scooters for 10 years. They also make electric motorcycles, balance scooters, and more. &nbsp;    Brand: OEM\/ODM\/ROODER   Min.Order Quantity: 10 Piece\/Pieces   Supply Ability: 10000 Piece\/Pieces per Month   Port: Shenzhen   Payment Terms: T\/T, L\/C, D\/A, D\/P\" \/>\n<meta property=\"og:url\" content=\"https:\/\/www.rooderchina.com\/pt\/produto\/citycoco-chopper-electric-scooter-rooder-m1p-custom-2000w-wholesale-price\/\" \/>\n<meta property=\"og:site_name\" content=\"Electric Scooters Bikes Citycoco Manufacturer\" \/>\n<meta property=\"article:publisher\" content=\"https:\/\/www.facebook.com\/rooder.tec\" \/>\n<meta property=\"og:image\" content=\"https:\/\/www.rooderchina.com\/wp-content\/uploads\/2023\/11\/citycoco-chopper-electric-scooter-Rooder-m1p-custom-2000w-wholesale-price-1.jpg\" \/>\n\t<meta property=\"og:image:width\" content=\"1000\" \/>\n\t<meta property=\"og:image:height\" content=\"1000\" \/>\n\t<meta property=\"og:image:type\" content=\"image\/jpeg\" \/>\n<meta name=\"twitter:card\" content=\"summary_large_image\" \/>\n<meta name=\"twitter:site\" content=\"@RooderTec\" \/>\n<meta name=\"twitter:label1\" content=\"Est. tempo de leitura\" \/>\n\t<meta name=\"twitter:data1\" content=\"1 minuto\" \/>\n<script type=\"application\/ld+json\" class=\"yoast-schema-graph\">{\"@context\":\"https:\/\/schema.org\",\"@graph\":[{\"@type\":\"WebPage\",\"@id\":\"https:\/\/www.rooderchina.com\/product\/citycoco-chopper-electric-scooter-rooder-m1p-custom-2000w-wholesale-price\/\",\"url\":\"https:\/\/www.rooderchina.com\/product\/citycoco-chopper-electric-scooter-rooder-m1p-custom-2000w-wholesale-price\/\",\"name\":\"citycoco chopper electric scooter Rooder m1p custom 2000w wholesale price - Electric Scooters Bikes Citycoco Manufacturer\",\"isPartOf\":{\"@id\":\"https:\/\/www.rooderchina.com\/#website\"},\"datePublished\":\"2023-11-11T10:49:12+00:00\",\"dateModified\":\"2023-11-11T10:49:12+00:00\",\"breadcrumb\":{\"@id\":\"https:\/\/www.rooderchina.com\/product\/citycoco-chopper-electric-scooter-rooder-m1p-custom-2000w-wholesale-price\/#breadcrumb\"},\"inLanguage\":\"pt-BR\",\"potentialAction\":[{\"@type\":\"ReadAction\",\"target\":[\"https:\/\/www.rooderchina.com\/product\/citycoco-chopper-electric-scooter-rooder-m1p-custom-2000w-wholesale-price\/\"]}]},{\"@type\":\"BreadcrumbList\",\"@id\":\"https:\/\/www.rooderchina.com\/product\/citycoco-chopper-electric-scooter-rooder-m1p-custom-2000w-wholesale-price\/#breadcrumb\",\"itemListElement\":[{\"@type\":\"ListItem\",\"position\":1,\"name\":\"HOME\",\"item\":\"https:\/\/www.rooderchina.com\/\"},{\"@type\":\"ListItem\",\"position\":2,\"name\":\"Shop\",\"item\":\"https:\/\/www.rooderchina.com\/shop\/\"},{\"@type\":\"ListItem\",\"position\":3,\"name\":\"citycoco chopper electric scooter Rooder m1p custom 2000w wholesale price\"}]},{\"@type\":\"WebSite\",\"@id\":\"https:\/\/www.rooderchina.com\/#website\",\"url\":\"https:\/\/www.rooderchina.com\/\",\"name\":\"Electric Scooters Bikes Citycoco Manufacturer\",\"description\":\"Rooder Technology Limited\",\"publisher\":{\"@id\":\"https:\/\/www.rooderchina.com\/#organization\"},\"potentialAction\":[{\"@type\":\"SearchAction\",\"target\":{\"@type\":\"EntryPoint\",\"urlTemplate\":\"https:\/\/www.rooderchina.com\/?s={search_term_string}\"},\"query-input\":\"required name=search_term_string\"}],\"inLanguage\":\"pt-BR\"},{\"@type\":\"Organization\",\"@id\":\"https:\/\/www.rooderchina.com\/#organization\",\"name\":\"Electric Scooters Bikes Citycoco Manufacturer\",\"url\":\"https:\/\/www.rooderchina.com\/\",\"logo\":{\"@type\":\"ImageObject\",\"inLanguage\":\"pt-BR\",\"@id\":\"https:\/\/www.rooderchina.com\/#\/schema\/logo\/image\/\",\"url\":\"https:\/\/www.rooderchina.com\/wp-content\/uploads\/2023\/12\/rooder2.jpg\",\"contentUrl\":\"https:\/\/www.rooderchina.com\/wp-content\/uploads\/2023\/12\/rooder2.jpg\",\"width\":1723,\"height\":1037,\"caption\":\"Electric Scooters Bikes Citycoco Manufacturer\"},\"image\":{\"@id\":\"https:\/\/www.rooderchina.com\/#\/schema\/logo\/image\/\"},\"sameAs\":[\"https:\/\/www.facebook.com\/rooder.tec\",\"https:\/\/twitter.com\/RooderTec\"]}]}<\/script>\n<!-- \/ Yoast SEO plugin. -->","yoast_head_json":{"title":"citycoco chopper electric scooter Rooder m1p custom 2000w wholesale price - Electric Scooters Bikes Citycoco Manufacturer","robots":{"index":"index","follow":"follow","max-snippet":"max-snippet:-1","max-image-preview":"max-image-preview:large","max-video-preview":"max-video-preview:-1"},"canonical":"https:\/\/www.rooderchina.com\/pt\/produto\/citycoco-chopper-electric-scooter-rooder-m1p-custom-2000w-wholesale-price\/","og_locale":"pt_BR","og_type":"article","og_title":"citycoco chopper electric scooter Rooder m1p custom 2000w wholesale price - Electric Scooters Bikes Citycoco Manufacturer","og_description":"Short Description: The Citycoco Chopper is an electric scooter that&#8217;s available for men and women. The scooter has a lithium battery and a top speed of 45 km\/h. It can carry loads of up to 200 kg and has a climbing capacity of more than 25 degrees. The Citycoco Chopper is available in different models, including the super m1, arrow m1p, runner m8, alligator m2, sara m1ps, knight m8s and more. You can buy citycoco chopper from Rooder suppplier, WA business number: +8613632905138. Rooder Technology Limited is a company in Shenzhen, China that has been making electric scooters for 10 years. They also make electric motorcycles, balance scooters, and more. &nbsp;    Brand: OEM\/ODM\/ROODER   Min.Order Quantity: 10 Piece\/Pieces   Supply Ability: 10000 Piece\/Pieces per Month   Port: Shenzhen   Payment Terms: T\/T, L\/C, D\/A, D\/P","og_url":"https:\/\/www.rooderchina.com\/pt\/produto\/citycoco-chopper-electric-scooter-rooder-m1p-custom-2000w-wholesale-price\/","og_site_name":"Electric Scooters Bikes Citycoco Manufacturer","article_publisher":"https:\/\/www.facebook.com\/rooder.tec","og_image":[{"width":1000,"height":1000,"url":"https:\/\/www.rooderchina.com\/wp-content\/uploads\/2023\/11\/citycoco-chopper-electric-scooter-Rooder-m1p-custom-2000w-wholesale-price-1.jpg","type":"image\/jpeg"}],"twitter_card":"summary_large_image","twitter_site":"@RooderTec","twitter_misc":{"Est. tempo de leitura":"1 minuto"},"schema":{"@context":"https:\/\/schema.org","@graph":[{"@type":"WebPage","@id":"https:\/\/www.rooderchina.com\/product\/citycoco-chopper-electric-scooter-rooder-m1p-custom-2000w-wholesale-price\/","url":"https:\/\/www.rooderchina.com\/product\/citycoco-chopper-electric-scooter-rooder-m1p-custom-2000w-wholesale-price\/","name":"citycoco chopper electric scooter Rooder m1p custom 2000w wholesale price - Electric Scooters Bikes Citycoco Manufacturer","isPartOf":{"@id":"https:\/\/www.rooderchina.com\/#website"},"datePublished":"2023-11-11T10:49:12+00:00","dateModified":"2023-11-11T10:49:12+00:00","breadcrumb":{"@id":"https:\/\/www.rooderchina.com\/product\/citycoco-chopper-electric-scooter-rooder-m1p-custom-2000w-wholesale-price\/#breadcrumb"},"inLanguage":"pt-BR","potentialAction":[{"@type":"ReadAction","target":["https:\/\/www.rooderchina.com\/product\/citycoco-chopper-electric-scooter-rooder-m1p-custom-2000w-wholesale-price\/"]}]},{"@type":"BreadcrumbList","@id":"https:\/\/www.rooderchina.com\/product\/citycoco-chopper-electric-scooter-rooder-m1p-custom-2000w-wholesale-price\/#breadcrumb","itemListElement":[{"@type":"ListItem","position":1,"name":"HOME","item":"https:\/\/www.rooderchina.com\/"},{"@type":"ListItem","position":2,"name":"Shop","item":"https:\/\/www.rooderchina.com\/shop\/"},{"@type":"ListItem","position":3,"name":"citycoco chopper electric scooter Rooder m1p custom 2000w wholesale price"}]},{"@type":"WebSite","@id":"https:\/\/www.rooderchina.com\/#website","url":"https:\/\/www.rooderchina.com\/","name":"Electric Scooters Bikes Citycoco Manufacturer","description":"Rooder Technology Limited","publisher":{"@id":"https:\/\/www.rooderchina.com\/#organization"},"potentialAction":[{"@type":"SearchAction","target":{"@type":"EntryPoint","urlTemplate":"https:\/\/www.rooderchina.com\/?s={search_term_string}"},"query-input":"required name=search_term_string"}],"inLanguage":"pt-BR"},{"@type":"Organization","@id":"https:\/\/www.rooderchina.com\/#organization","name":"Electric Scooters Bikes Citycoco Manufacturer","url":"https:\/\/www.rooderchina.com\/","logo":{"@type":"ImageObject","inLanguage":"pt-BR","@id":"https:\/\/www.rooderchina.com\/#\/schema\/logo\/image\/","url":"https:\/\/www.rooderchina.com\/wp-content\/uploads\/2023\/12\/rooder2.jpg","contentUrl":"https:\/\/www.rooderchina.com\/wp-content\/uploads\/2023\/12\/rooder2.jpg","width":1723,"height":1037,"caption":"Electric Scooters Bikes Citycoco Manufacturer"},"image":{"@id":"https:\/\/www.rooderchina.com\/#\/schema\/logo\/image\/"},"sameAs":["https:\/\/www.facebook.com\/rooder.tec","https:\/\/twitter.com\/RooderTec"]}]}},"_links":{"self":[{"href":"https:\/\/www.rooderchina.com\/pt\/wp-json\/wp\/v2\/product\/9765","targetHints":{"allow":["GET"]}}],"collection":[{"href":"https:\/\/www.rooderchina.com\/pt\/wp-json\/wp\/v2\/product"}],"about":[{"href":"https:\/\/www.rooderchina.com\/pt\/wp-json\/wp\/v2\/types\/product"}],"replies":[{"embeddable":true,"href":"https:\/\/www.rooderchina.com\/pt\/wp-json\/wp\/v2\/comments?post=9765"}],"version-history":[{"count":1,"href":"https:\/\/www.rooderchina.com\/pt\/wp-json\/wp\/v2\/product\/9765\/revisions"}],"predecessor-version":[{"id":9766,"href":"https:\/\/www.rooderchina.com\/pt\/wp-json\/wp\/v2\/product\/9765\/revisions\/9766"}],"wp:featuredmedia":[{"embeddable":true,"href":"https:\/\/www.rooderchina.com\/pt\/wp-json\/wp\/v2\/media\/9767"}],"wp:attachment":[{"href":"https:\/\/www.rooderchina.com\/pt\/wp-json\/wp\/v2\/media?parent=9765"}],"wp:term":[{"taxonomy":"product_brand","embeddable":true,"href":"https:\/\/www.rooderchina.com\/pt\/wp-json\/wp\/v2\/product_brand?post=9765"},{"taxonomy":"product_cat","embeddable":true,"href":"https:\/\/www.rooderchina.com\/pt\/wp-json\/wp\/v2\/product_cat?post=9765"},{"taxonomy":"product_tag","embeddable":true,"href":"https:\/\/www.rooderchina.com\/pt\/wp-json\/wp\/v2\/product_tag?post=9765"}],"curies":[{"name":"wp","href":"https:\/\/api.w.org\/{rel}","templated":true}]}}