{"id":9545,"date":"2023-11-11T18:40:50","date_gmt":"2023-11-11T10:40:50","guid":{"rendered":"http:\/\/www.rooderchina.com\/index.php\/product\/elektroroller-harley-scooter-citycoco-elektroscooter-coc-eec-rooder\/"},"modified":"2023-11-11T18:40:50","modified_gmt":"2023-11-11T10:40:50","slug":"elektroroller-harley-scooter-citycoco-elektroscooter-coc-eec-rooder","status":"publish","type":"product","link":"https:\/\/www.rooderchina.com\/pt\/produto\/elektroroller-harley-scooter-citycoco-elektroscooter-coc-eec-rooder\/","title":{"rendered":"Elektroroller Harley Scooter Citycoco Elektroscooter COC EEC ROODER"},"content":{"rendered":"<p><a href=\"https:\/\/www.rooderchina.com\/pt\/tag\/elektroroller\/\" title=\"View all posts in Elektroroller\" target=\"_blank\" rel=\"noopener\">Elektroroller<\/a> Harley Scooter <a href=\"https:\/\/www.rooderchina.com\/pt\/tag\/citycoco\/\" title=\"View all posts in Citycoco\" target=\"_blank\" rel=\"noopener\">Citycoco<\/a> Elektroscooter COC EEC ROODER<\/p>\n<p><span style=\"color: #ff0000;\"><strong>1.we are EU warehouse reseller supplier.<\/strong><\/span><\/p>\n<p>Dutch address:<\/p>\n<p>MFR Warehousing<br \/>\nEssebaan 43\/45, 2908 LJ<br \/>\nCapelle Aan Den Ijssel<\/p>\n<p>Rotterdam\u00a0Netherlands<\/p>\n<p>Contact Name: Gavin Lee<\/p>\n<p>Contact Number: 0031***<\/p>\n<p>Whatsapp: 008613632905138<\/p>\n<p>&nbsp;<\/p>\n<p><strong><span style=\"color: #ff0000;\">2.Our Youtube channel (unboxing, testing, design, factory, material, after-sales service, warranty&#8230;)<\/span><\/strong><\/p>\n<p><a title=\"citycoco youtube\" href=\"https:\/\/www.youtube.com\/user\/rooder2010\" target=\"_blank\" rel=\"noopener\">https:\/\/www.youtube.com\/user\/rooder2010<\/a><\/p>\n<p>Please Subscribe and Like us.\u00a0Rooder\u00a0Live Show Schedule.<\/p>\n<p>&nbsp;<\/p>\n<p>The following product Rooder mangosteen r804-m8 is certified COC (Certificate of Conformity),2000W EEC electric roller, is the latest and most fashionable design this\u00a0year, the electric roller, which we have LED headlights and flashlights, fashionable LED display design, CNC aluminium design, aluminium fork, front 12 inch aluminium\u00a0alloy rim, front and rear hydraulic disc brake, colorful design for customer choice.\u00a0The Rooder roller is approved by the EEC, each Citycoco roller has a COC certificate. And can drive road traffic in Europe, 2000W aluminum wheel powerful brushless\u00a0engine, comfortable large seat.\u00a060V 20A or 30ah lithium exchanger removable battery, long running power for the drive, battery box with stronger cover, more safety and longevity. 4A quick charger, 4-5 hours can be fully charged.<\/p>\n<p>If you need an electric roller to go to work, go to shopping, go to the beach or take a trip, this two-wheel electric roller is your best choice!<\/p>\n<p>We have warehouse in Holland and Germany, Min order 1 piece, fast shipping to Europe Union Countries such as Netherlands, Belgium, Germany, France, United Kingdom,\u00a0Monaco, Italy, Spain, Ireland, Denmark, Sweden, Finland, Greece, Lithuania, Latvia, Portugal, Estonia, Croatia, Romania, Hungary and so on.<\/p>\n<p>&nbsp;<\/p>\n<p>Description<\/p>\n<p>Model: r804-m8<br \/>\nTamanho do pneu: 18 polegadas<br \/>\nModo de freio : Freio a disco<br \/>\nSubida m\u00e1xima: 30 graus<br \/>\nTorque m\u00e1ximo: 95N\/M<br \/>\nQuilometragem m\u00e1xima: 50 km<br \/>\nVelocidade m\u00e1xima: 45km\/h<br \/>\nCarga m\u00e1xima: 200KG<br \/>\nBateria remov\u00edvel: bateria de l\u00edtio de 60V20AH<br \/>\nTempo de carregamento: 5 horas<br \/>\nPot\u00eancia do motor: 2000W<br \/>\nHorn: sim.<br \/>\nSuspens\u00e3o com amortecedor dianteiro: sim<br \/>\nSuspens\u00e3o do amortecedor traseiro: sim<br \/>\nHorn: sim.<br \/>\nLuz de LED frontal: sim<br \/>\nLuzes de dire\u00e7\u00e3o dianteiras: sim<br \/>\nLuzes de giro traseiras: sim<br \/>\nSem\u00e1foro de parada: sim<br \/>\nTela LCD: sim<br \/>\nNW: 72KG GW: 82KG<br \/>\nTamanho da embalagem: 180*38*77cm<\/p>\n<p>Option: 3000w.<\/p>\n<p>more details, please check our youtube channel:<\/p>\n<p data-spm-anchor-id=\"a2700.wholesale.pronpeci14.i0.1d2775e8mQVU4q\"><a title=\"Rooder citycoco\" href=\"https:\/\/www.youtube.com\/watch?v=q041U4dO3yo \" target=\"_blank\" rel=\"noopener\">https:\/\/www.youtube.com\/watch?v=q041U4dO3yo\u00a0<\/a><\/p>\n<p data-spm-anchor-id=\"a2700.wholesale.pronpeci14.i0.1d2775e8mQVU4q\">\n<p><iframe loading=\"lazy\" src=\"https:\/\/www.youtube.com\/embed\/q041U4dO3yo?rel=0&amp;autoplay=0\" height=\"318\" width=\"385\" allowfullscreen=\"\" frameborder=\"0\"><\/iframe><\/p>","protected":false},"excerpt":{"rendered":"<h3>Descri\u00e7\u00e3o resumida:<\/h3>\n<p><p>O grupo Rooder tem seu pr\u00f3prio citycoco patenteado e, ao mesmo tempo, passou pela aprova\u00e7\u00e3o da EEC.<\/p>\n<p>A scooter el\u00e9trica Rooder citycoco R804-m8 tem um novo design baseado na primeira gera\u00e7\u00e3o da citycoco r804, vem com assento \u00fanico, motor mais potente e bateria remov\u00edvel, com op\u00e7\u00e3o de bateria de 12ah e 20ah. Foi aprovada na norma EEC 168\/2013, categoria Le1B, bem como no papel VIN e COC para registro para uso legal nas ruas da Europa. Temos armaz\u00e9ns na Holanda e na Alemanha. Pedidos m\u00ednimos de 1 pe\u00e7a, envio r\u00e1pido para pa\u00edses da Uni\u00e3o Europeia, como Holanda, B\u00e9lgica, Alemanha, Fran\u00e7a e Reino Unido,<br \/>\nM\u00f4naco, It\u00e1lia, Espanha, Irlanda, Dinamarca, Su\u00e9cia, Finl\u00e2ndia, Gr\u00e9cia, Litu\u00e2nia, Let\u00f4nia, Portugal, Est\u00f4nia, Cro\u00e1cia, Rom\u00eania, Hungria e assim por diante.<\/p>\n<\/p>\n<p><\/p>\n<li><em>Marca: <\/em> OEM\/ODM\/ROODER<\/li>\n<li><em>Quantidade m\u00ednima do pedido: <\/em> 10 pe\u00e7as\/pe\u00e7as<\/li>\n<li><em>Capacidade de fornecimento: <\/em> 10000 pe\u00e7as\/pe\u00e7as por m\u00eas<\/li>\n<li><em>Porto: <\/em> Shenzhen<\/li>\n<li><em>Condi\u00e7\u00f5es de pagamento: <\/em> T\/T, L\/C, D\/A, D\/P<\/li>","protected":false},"featured_media":9547,"comment_status":"closed","ping_status":"open","template":"","meta":[],"product_brand":[],"product_cat":[464],"product_tag":[468,765,766,767,768,769,508,770],"class_list":{"0":"post-9545","1":"product","2":"type-product","3":"status-publish","4":"has-post-thumbnail","6":"product_cat-citycoco-choppers","7":"product_tag-citycoco","8":"product_tag-citycoco-coc","9":"product_tag-citycoco-coc-eec","10":"product_tag-citycoco-eec","11":"product_tag-elektroroller","12":"product_tag-elektroscooter","13":"product_tag-harley","14":"product_tag-harley-scooter","16":"first","17":"instock","18":"product-type-simple"},"yoast_head":"<!-- This site is optimized with the Yoast SEO plugin v21.7 - https:\/\/yoast.com\/wordpress\/plugins\/seo\/ -->\n<title>Elektroroller Harley Scooter Citycoco Elektroscooter COC EEC ROODER - Electric Scooters Bikes Citycoco Manufacturer<\/title>\n<meta name=\"robots\" content=\"index, follow, max-snippet:-1, max-image-preview:large, max-video-preview:-1\" \/>\n<link rel=\"canonical\" href=\"https:\/\/www.rooderchina.com\/pt\/produto\/elektroroller-harley-scooter-citycoco-elektroscooter-coc-eec-rooder\/\" \/>\n<meta property=\"og:locale\" content=\"pt_BR\" \/>\n<meta property=\"og:type\" content=\"article\" \/>\n<meta property=\"og:title\" content=\"Elektroroller Harley Scooter Citycoco Elektroscooter COC EEC ROODER - Electric Scooters Bikes Citycoco Manufacturer\" \/>\n<meta property=\"og:description\" content=\"Short Description: Rooder group has our own patent citycoco,\u00a0 and passed EEC approval at the same time. Rooder citycoco electric scooter R804-m8 is new design based on first generation citycoco r804, it comes with\u00a0single\u00a0seat, stronger motor and removable battery, 12ah and 20ah battery optional. It passed EEC standard 168\/2013 category Le1B as well as VIN and COC paper for register for street legal using in Europe. We have warehouse in Holland and Germany, Min order 1 piece, fast shipping to Europe Union Countries such as\u00a0Netherlands, Belgium, Germany, France, United Kingdom, Monaco, Italy, Spain, Ireland, Denmark, Sweden, Finland, Greece, Lithuania, Latvia, Portugal, Estonia, Croatia, Romania, Hungary and so on.    Brand: OEM\/ODM\/ROODER   Min.Order Quantity: 10 Piece\/Pieces   Supply Ability: 10000 Piece\/Pieces per Month   Port: Shenzhen   Payment Terms: T\/T, L\/C, D\/A, D\/P\" \/>\n<meta property=\"og:url\" content=\"https:\/\/www.rooderchina.com\/pt\/produto\/elektroroller-harley-scooter-citycoco-elektroscooter-coc-eec-rooder\/\" \/>\n<meta property=\"og:site_name\" content=\"Electric Scooters Bikes Citycoco Manufacturer\" \/>\n<meta property=\"article:publisher\" content=\"https:\/\/www.facebook.com\/rooder.tec\" \/>\n<meta property=\"og:image\" content=\"https:\/\/www.rooderchina.com\/wp-content\/uploads\/2023\/11\/9d3e868c.jpg\" \/>\n\t<meta property=\"og:image:width\" content=\"750\" \/>\n\t<meta property=\"og:image:height\" content=\"750\" \/>\n\t<meta property=\"og:image:type\" content=\"image\/jpeg\" \/>\n<meta name=\"twitter:card\" content=\"summary_large_image\" \/>\n<meta name=\"twitter:site\" content=\"@RooderTec\" \/>\n<meta name=\"twitter:label1\" content=\"Est. tempo de leitura\" \/>\n\t<meta name=\"twitter:data1\" content=\"2 minutos\" \/>\n<script type=\"application\/ld+json\" class=\"yoast-schema-graph\">{\"@context\":\"https:\/\/schema.org\",\"@graph\":[{\"@type\":\"WebPage\",\"@id\":\"https:\/\/www.rooderchina.com\/product\/elektroroller-harley-scooter-citycoco-elektroscooter-coc-eec-rooder\/\",\"url\":\"https:\/\/www.rooderchina.com\/product\/elektroroller-harley-scooter-citycoco-elektroscooter-coc-eec-rooder\/\",\"name\":\"Elektroroller Harley Scooter Citycoco Elektroscooter COC EEC ROODER - Electric Scooters Bikes Citycoco Manufacturer\",\"isPartOf\":{\"@id\":\"https:\/\/www.rooderchina.com\/#website\"},\"datePublished\":\"2023-11-11T10:40:50+00:00\",\"dateModified\":\"2023-11-11T10:40:50+00:00\",\"breadcrumb\":{\"@id\":\"https:\/\/www.rooderchina.com\/product\/elektroroller-harley-scooter-citycoco-elektroscooter-coc-eec-rooder\/#breadcrumb\"},\"inLanguage\":\"pt-BR\",\"potentialAction\":[{\"@type\":\"ReadAction\",\"target\":[\"https:\/\/www.rooderchina.com\/product\/elektroroller-harley-scooter-citycoco-elektroscooter-coc-eec-rooder\/\"]}]},{\"@type\":\"BreadcrumbList\",\"@id\":\"https:\/\/www.rooderchina.com\/product\/elektroroller-harley-scooter-citycoco-elektroscooter-coc-eec-rooder\/#breadcrumb\",\"itemListElement\":[{\"@type\":\"ListItem\",\"position\":1,\"name\":\"HOME\",\"item\":\"https:\/\/www.rooderchina.com\/\"},{\"@type\":\"ListItem\",\"position\":2,\"name\":\"Shop\",\"item\":\"https:\/\/www.rooderchina.com\/shop\/\"},{\"@type\":\"ListItem\",\"position\":3,\"name\":\"Elektroroller Harley Scooter Citycoco Elektroscooter COC EEC ROODER\"}]},{\"@type\":\"WebSite\",\"@id\":\"https:\/\/www.rooderchina.com\/#website\",\"url\":\"https:\/\/www.rooderchina.com\/\",\"name\":\"Electric Scooters Bikes Citycoco Manufacturer\",\"description\":\"Rooder Technology Limited\",\"publisher\":{\"@id\":\"https:\/\/www.rooderchina.com\/#organization\"},\"potentialAction\":[{\"@type\":\"SearchAction\",\"target\":{\"@type\":\"EntryPoint\",\"urlTemplate\":\"https:\/\/www.rooderchina.com\/?s={search_term_string}\"},\"query-input\":\"required name=search_term_string\"}],\"inLanguage\":\"pt-BR\"},{\"@type\":\"Organization\",\"@id\":\"https:\/\/www.rooderchina.com\/#organization\",\"name\":\"Electric Scooters Bikes Citycoco Manufacturer\",\"url\":\"https:\/\/www.rooderchina.com\/\",\"logo\":{\"@type\":\"ImageObject\",\"inLanguage\":\"pt-BR\",\"@id\":\"https:\/\/www.rooderchina.com\/#\/schema\/logo\/image\/\",\"url\":\"https:\/\/www.rooderchina.com\/wp-content\/uploads\/2023\/12\/rooder2.jpg\",\"contentUrl\":\"https:\/\/www.rooderchina.com\/wp-content\/uploads\/2023\/12\/rooder2.jpg\",\"width\":1723,\"height\":1037,\"caption\":\"Electric Scooters Bikes Citycoco Manufacturer\"},\"image\":{\"@id\":\"https:\/\/www.rooderchina.com\/#\/schema\/logo\/image\/\"},\"sameAs\":[\"https:\/\/www.facebook.com\/rooder.tec\",\"https:\/\/twitter.com\/RooderTec\"]}]}<\/script>\n<!-- \/ Yoast SEO plugin. -->","yoast_head_json":{"title":"Elektroroller Harley Scooter Citycoco Elektroscooter COC EEC ROODER - Electric Scooters Bikes Citycoco Manufacturer","robots":{"index":"index","follow":"follow","max-snippet":"max-snippet:-1","max-image-preview":"max-image-preview:large","max-video-preview":"max-video-preview:-1"},"canonical":"https:\/\/www.rooderchina.com\/pt\/produto\/elektroroller-harley-scooter-citycoco-elektroscooter-coc-eec-rooder\/","og_locale":"pt_BR","og_type":"article","og_title":"Elektroroller Harley Scooter Citycoco Elektroscooter COC EEC ROODER - Electric Scooters Bikes Citycoco Manufacturer","og_description":"Short Description: Rooder group has our own patent citycoco,\u00a0 and passed EEC approval at the same time. Rooder citycoco electric scooter R804-m8 is new design based on first generation citycoco r804, it comes with\u00a0single\u00a0seat, stronger motor and removable battery, 12ah and 20ah battery optional. It passed EEC standard 168\/2013 category Le1B as well as VIN and COC paper for register for street legal using in Europe. We have warehouse in Holland and Germany, Min order 1 piece, fast shipping to Europe Union Countries such as\u00a0Netherlands, Belgium, Germany, France, United Kingdom, Monaco, Italy, Spain, Ireland, Denmark, Sweden, Finland, Greece, Lithuania, Latvia, Portugal, Estonia, Croatia, Romania, Hungary and so on.    Brand: OEM\/ODM\/ROODER   Min.Order Quantity: 10 Piece\/Pieces   Supply Ability: 10000 Piece\/Pieces per Month   Port: Shenzhen   Payment Terms: T\/T, L\/C, D\/A, D\/P","og_url":"https:\/\/www.rooderchina.com\/pt\/produto\/elektroroller-harley-scooter-citycoco-elektroscooter-coc-eec-rooder\/","og_site_name":"Electric Scooters Bikes Citycoco Manufacturer","article_publisher":"https:\/\/www.facebook.com\/rooder.tec","og_image":[{"width":750,"height":750,"url":"https:\/\/www.rooderchina.com\/wp-content\/uploads\/2023\/11\/9d3e868c.jpg","type":"image\/jpeg"}],"twitter_card":"summary_large_image","twitter_site":"@RooderTec","twitter_misc":{"Est. tempo de leitura":"2 minutos"},"schema":{"@context":"https:\/\/schema.org","@graph":[{"@type":"WebPage","@id":"https:\/\/www.rooderchina.com\/product\/elektroroller-harley-scooter-citycoco-elektroscooter-coc-eec-rooder\/","url":"https:\/\/www.rooderchina.com\/product\/elektroroller-harley-scooter-citycoco-elektroscooter-coc-eec-rooder\/","name":"Elektroroller Harley Scooter Citycoco Elektroscooter COC EEC ROODER - Electric Scooters Bikes Citycoco Manufacturer","isPartOf":{"@id":"https:\/\/www.rooderchina.com\/#website"},"datePublished":"2023-11-11T10:40:50+00:00","dateModified":"2023-11-11T10:40:50+00:00","breadcrumb":{"@id":"https:\/\/www.rooderchina.com\/product\/elektroroller-harley-scooter-citycoco-elektroscooter-coc-eec-rooder\/#breadcrumb"},"inLanguage":"pt-BR","potentialAction":[{"@type":"ReadAction","target":["https:\/\/www.rooderchina.com\/product\/elektroroller-harley-scooter-citycoco-elektroscooter-coc-eec-rooder\/"]}]},{"@type":"BreadcrumbList","@id":"https:\/\/www.rooderchina.com\/product\/elektroroller-harley-scooter-citycoco-elektroscooter-coc-eec-rooder\/#breadcrumb","itemListElement":[{"@type":"ListItem","position":1,"name":"HOME","item":"https:\/\/www.rooderchina.com\/"},{"@type":"ListItem","position":2,"name":"Shop","item":"https:\/\/www.rooderchina.com\/shop\/"},{"@type":"ListItem","position":3,"name":"Elektroroller Harley Scooter Citycoco Elektroscooter COC EEC ROODER"}]},{"@type":"WebSite","@id":"https:\/\/www.rooderchina.com\/#website","url":"https:\/\/www.rooderchina.com\/","name":"Electric Scooters Bikes Citycoco Manufacturer","description":"Rooder Technology Limited","publisher":{"@id":"https:\/\/www.rooderchina.com\/#organization"},"potentialAction":[{"@type":"SearchAction","target":{"@type":"EntryPoint","urlTemplate":"https:\/\/www.rooderchina.com\/?s={search_term_string}"},"query-input":"required name=search_term_string"}],"inLanguage":"pt-BR"},{"@type":"Organization","@id":"https:\/\/www.rooderchina.com\/#organization","name":"Electric Scooters Bikes Citycoco Manufacturer","url":"https:\/\/www.rooderchina.com\/","logo":{"@type":"ImageObject","inLanguage":"pt-BR","@id":"https:\/\/www.rooderchina.com\/#\/schema\/logo\/image\/","url":"https:\/\/www.rooderchina.com\/wp-content\/uploads\/2023\/12\/rooder2.jpg","contentUrl":"https:\/\/www.rooderchina.com\/wp-content\/uploads\/2023\/12\/rooder2.jpg","width":1723,"height":1037,"caption":"Electric Scooters Bikes Citycoco Manufacturer"},"image":{"@id":"https:\/\/www.rooderchina.com\/#\/schema\/logo\/image\/"},"sameAs":["https:\/\/www.facebook.com\/rooder.tec","https:\/\/twitter.com\/RooderTec"]}]}},"_links":{"self":[{"href":"https:\/\/www.rooderchina.com\/pt\/wp-json\/wp\/v2\/product\/9545","targetHints":{"allow":["GET"]}}],"collection":[{"href":"https:\/\/www.rooderchina.com\/pt\/wp-json\/wp\/v2\/product"}],"about":[{"href":"https:\/\/www.rooderchina.com\/pt\/wp-json\/wp\/v2\/types\/product"}],"replies":[{"embeddable":true,"href":"https:\/\/www.rooderchina.com\/pt\/wp-json\/wp\/v2\/comments?post=9545"}],"version-history":[{"count":1,"href":"https:\/\/www.rooderchina.com\/pt\/wp-json\/wp\/v2\/product\/9545\/revisions"}],"predecessor-version":[{"id":9546,"href":"https:\/\/www.rooderchina.com\/pt\/wp-json\/wp\/v2\/product\/9545\/revisions\/9546"}],"wp:featuredmedia":[{"embeddable":true,"href":"https:\/\/www.rooderchina.com\/pt\/wp-json\/wp\/v2\/media\/9547"}],"wp:attachment":[{"href":"https:\/\/www.rooderchina.com\/pt\/wp-json\/wp\/v2\/media?parent=9545"}],"wp:term":[{"taxonomy":"product_brand","embeddable":true,"href":"https:\/\/www.rooderchina.com\/pt\/wp-json\/wp\/v2\/product_brand?post=9545"},{"taxonomy":"product_cat","embeddable":true,"href":"https:\/\/www.rooderchina.com\/pt\/wp-json\/wp\/v2\/product_cat?post=9545"},{"taxonomy":"product_tag","embeddable":true,"href":"https:\/\/www.rooderchina.com\/pt\/wp-json\/wp\/v2\/product_tag?post=9545"}],"curies":[{"name":"wp","href":"https:\/\/api.w.org\/{rel}","templated":true}]}}