{"id":9487,"date":"2023-11-11T18:37:46","date_gmt":"2023-11-11T10:37:46","guid":{"rendered":"http:\/\/www.rooderchina.com\/index.php\/product\/mangosteen-m1ps-rooder-sara-citycoco-chopper-60v-50ah\/"},"modified":"2023-11-11T18:37:48","modified_gmt":"2023-11-11T10:37:48","slug":"mangosteen-m1ps-rooder-sara-citycoco-chopper-60v-50ah","status":"publish","type":"product","link":"https:\/\/www.rooderchina.com\/pt\/produto\/mangosteen-m1ps-rooder-sara-citycoco-chopper-60v-50ah\/","title":{"rendered":"mangost\u00e3o m1ps Rooder SARA citycoco chopper 60v 50ah"},"content":{"rendered":"<p><strong><a href=\"https:\/\/www.rooderchina.com\/pt\/tag\/mangosteen-m1ps\/\" title=\"Ver todas as mensagens em mangosteen m1ps\" target=\"_blank\" rel=\"noopener\">mangost\u00e3o m1ps<\/a> Rooder SARA <a href=\"https:\/\/www.rooderchina.com\/pt\/tag\/citycoco-chopper\/\" title=\"Ver todos os posts em citycoco chopper\" target=\"_blank\" rel=\"noopener\">chopper citycoco<\/a> 60v 50ah<\/strong><\/p>\n<\/p>\n<p>H\u00e1 muitas scooters el\u00e9tricas com autonomia de 100 quil\u00f4metros, mas h\u00e1 pouqu\u00edssimas scooters el\u00e9tricas que podem rodar em estradas ruins, sendo \u00e0 prova d'\u00e1gua e levando em conta as diversas condi\u00e7\u00f5es da estrada.<\/p>\n<p>&nbsp;<\/p>\n<p>Today, I&#8217;m going to introduce to you an electric scooter that is durable and can drive long mileage. It&#8217;s an amazing new scooter Rooder SARA around me. It\u2019s made by <a href=\"https:\/\/www.rooderchina.com\/pt\/tag\/mangosteen\/\" title=\"Ver todas as mensagens em mangosteen\" target=\"_blank\" rel=\"noopener\">mangost\u00e3o<\/a> technology co., limited which located in Gonddong China. The model is Mangosteen <a href=\"https:\/\/www.rooderchina.com\/pt\/tag\/m1ps\/\" title=\"View all posts in m1ps\" target=\"_blank\" rel=\"noopener\">m1ps<\/a><\/p>\n<\/p>\n<p>Why <a href=\"https:\/\/www.rooderchina.com\/pt\/tag\/mangosteen-m1ps\/\" title=\"Ver todas as mensagens em mangosteen m1ps\" target=\"_blank\" rel=\"noopener\">mangost\u00e3o m1ps<\/a> can ride more than 100 kilometers. There are THREE reasons.<\/p>\n<p>&nbsp;<\/p>\n<p>A primeira \u00e9 a bateria de melhor qualidade da Samsung e da LG, 72V40AH ou 60V50AH.<\/p>\n<p>O segundo \u00e9 o motor MGSD de alta efici\u00eancia, 4000w, 5000w e at\u00e9 8000w para voc\u00ea escolher, com velocidade de at\u00e9 100km\/h.<\/p>\n<p>O terceiro \u00e9 o controlador de economia de energia MGSD.<\/p>\n<\/p>\n<p>In addition to 100 kilometers battery life, the rider is also shape and appearance. The whole scooter has a harley <a href=\"https:\/\/www.rooderchina.com\/pt\/tag\/chopper\/\" title=\"Ver todas as mensagens em chopper\" target=\"_blank\" rel=\"noopener\">chopper<\/a> style shape, with LED headlights and exclusive golden decorations. Compared with the appearance of other chopper, this Harley chopper shape is better, Men and women all like it.<\/p>\n<p>&nbsp;<\/p>\n<p>O medidor de LED de alto brilho tem um design de superf\u00edcie curva para pot\u00eancia, velocidade e quilometragem, que pode ser exibido claramente sob o sol e tem uma exibi\u00e7\u00e3o precisa da pot\u00eancia.<\/p>\n<\/p>\n<p>O Rooder SARA garante uma maior dist\u00e2ncia de cruzeiro do scooter el\u00e9trico e tamb\u00e9m permite conhecer claramente a scooter. Quanto tempo a scooter pode durar e qual \u00e9 o melhor momento para carreg\u00e1-la. Em termos de seguran\u00e7a de condu\u00e7\u00e3o, por menor que seja a pesquisa cient\u00edfica, ela precisa ser equipada com freios de pilha de apoio, a dist\u00e2ncia de frenagem \u00e9 menor, a experi\u00eancia de absor\u00e7\u00e3o de choque ultraconfort\u00e1vel proporcionada pela inser\u00e7\u00e3o hidr\u00e1ulica dianteira do cilindro de alum\u00ednio, que lida facilmente com v\u00e1rias condi\u00e7\u00f5es de estrada, e a absor\u00e7\u00e3o de choque traseiro hidr\u00e1ulico de tubo duplo facilita a respira\u00e7\u00e3o.<\/p>\n<p>&nbsp;<\/p>\n<p>O maior ponto de venda desse design SARA \u00e9 o longo alcance,<\/p>\n<p>the battery is protected from bumps, and we are more self-willed to wash it, we don\u2019t have to worry about breaking the chassis and damaging the battery, and when we cross the road with water in rainy days ,<\/p>\n<\/p>\n<p>O Rooder Sara mangosteen m1ps tem uma bateria com dura\u00e7\u00e3o de 100 quil\u00f4metros, tem \u00f3tima apar\u00eancia e pode ser usado em v\u00e1rias condi\u00e7\u00f5es de estrada.<\/p>\n<p>O que voc\u00ea acha disso?  Whatsapp <a href=\"https:\/\/api.whatsapp.com\/send?phone=8613632905138\" target=\"_blank\" rel=\"noopener\">+8613632905138<\/a><\/p>\n<p>&nbsp;<\/p>\n<p><strong>mangosteen m1ps video:<\/strong><\/p>\n<p><iframe loading=\"lazy\" src=\"https:\/\/www.youtube.com\/embed\/YoM_FInH64Q?rel=0&amp;autoplay=0\" height=\"318\" width=\"385\" allowfullscreen=\"\" frameborder=\"0\"><\/iframe><\/p>","protected":false},"excerpt":{"rendered":"<h3>Descri\u00e7\u00e3o resumida:<\/h3>\n<p><p>mangost\u00e3o m1ps<\/p>\n<p>Motor de 4000 a 8000w, velocidade m\u00e1xima de 45kmph a 100kmph ou 62mph<\/p>\n<p>Bateria de l\u00edtio de 72v40ah ou 60v50a, alcance de 80-160 km<\/p>\n<p>Certifica\u00e7\u00f5es EEC COC DOT CE FCC ROHS<\/p>\n<p>Marca de mangost\u00e3o Rooder <a href=\"https:\/\/api.whatsapp.com\/send?phone=8613632905138\" target=\"_blank\" rel=\"noopener\">+8613632905138<\/a><\/p>\n<\/p>\n<p><\/p>\n<li><em>Marca: <\/em> OEM\/ODM\/ROODER<\/li>\n<li><em>Quantidade m\u00ednima do pedido: <\/em> 10 pe\u00e7as\/pe\u00e7as<\/li>\n<li><em>Capacidade de fornecimento: <\/em> 10000 pe\u00e7as\/pe\u00e7as por m\u00eas<\/li>\n<li><em>Porto: <\/em> Shenzhen<\/li>\n<li><em>Condi\u00e7\u00f5es de pagamento: <\/em> T\/T, L\/C, D\/A, D\/P<\/li>","protected":false},"featured_media":9489,"comment_status":"closed","ping_status":"open","template":"","meta":[],"product_brand":[],"product_cat":[464],"product_tag":[750,468,751,752,734,735,753,754,745,755,756,757,758,759],"class_list":{"0":"post-9487","1":"product","2":"type-product","3":"status-publish","4":"has-post-thumbnail","6":"product_cat-citycoco-choppers","7":"product_tag-chopper","8":"product_tag-citycoco","9":"product_tag-citycoco-chopper","10":"product_tag-m1ps","11":"product_tag-mangosteen","12":"product_tag-mangosteen-chopper","13":"product_tag-mangosteen-citycoco","14":"product_tag-mangosteen-m1ps","15":"product_tag-rooder","16":"product_tag-rooder-chopper","17":"product_tag-rooder-citycoco","18":"product_tag-rooder-citycoco-chopper","19":"product_tag-rooder-sara","20":"product_tag-sara","22":"first","23":"instock","24":"product-type-simple"},"yoast_head":"<!-- This site is optimized with the Yoast SEO plugin v21.7 - https:\/\/yoast.com\/wordpress\/plugins\/seo\/ -->\n<title>mangosteen m1ps Rooder SARA citycoco chopper 60v 50ah - Electric Scooters Bikes Citycoco Manufacturer<\/title>\n<meta name=\"robots\" content=\"index, follow, max-snippet:-1, max-image-preview:large, max-video-preview:-1\" \/>\n<link rel=\"canonical\" href=\"https:\/\/www.rooderchina.com\/pt\/produto\/mangosteen-m1ps-rooder-sara-citycoco-chopper-60v-50ah\/\" \/>\n<meta property=\"og:locale\" content=\"pt_BR\" \/>\n<meta property=\"og:type\" content=\"article\" \/>\n<meta property=\"og:title\" content=\"mangosteen m1ps Rooder SARA citycoco chopper 60v 50ah - Electric Scooters Bikes Citycoco Manufacturer\" \/>\n<meta property=\"og:description\" content=\"Short Description: mangosteen m1ps 4000 to 8000w motor, 45kmph to 100kmph or 62mph max speed 72v40ah or 60v50a lithium battery, 80-160km range EEC COC DOT CE FCC ROHS certifications Rooder mangosteen brand +8613632905138    Brand: OEM\/ODM\/ROODER   Min.Order Quantity: 10 Piece\/Pieces   Supply Ability: 10000 Piece\/Pieces per Month   Port: Shenzhen   Payment Terms: T\/T, L\/C, D\/A, D\/P\" \/>\n<meta property=\"og:url\" content=\"https:\/\/www.rooderchina.com\/pt\/produto\/mangosteen-m1ps-rooder-sara-citycoco-chopper-60v-50ah\/\" \/>\n<meta property=\"og:site_name\" content=\"Electric Scooters Bikes Citycoco Manufacturer\" \/>\n<meta property=\"article:publisher\" content=\"https:\/\/www.facebook.com\/rooder.tec\" \/>\n<meta property=\"article:modified_time\" content=\"2023-11-11T10:37:48+00:00\" \/>\n<meta property=\"og:image\" content=\"https:\/\/www.rooderchina.com\/wp-content\/uploads\/2023\/11\/mangosteen-m1ps-Rooder-SARA-citycoco-chopper-1.jpg\" \/>\n\t<meta property=\"og:image:width\" content=\"1024\" \/>\n\t<meta property=\"og:image:height\" content=\"1024\" \/>\n\t<meta property=\"og:image:type\" content=\"image\/jpeg\" \/>\n<meta name=\"twitter:card\" content=\"summary_large_image\" \/>\n<meta name=\"twitter:site\" content=\"@RooderTec\" \/>\n<meta name=\"twitter:label1\" content=\"Est. tempo de leitura\" \/>\n\t<meta name=\"twitter:data1\" content=\"2 minutos\" \/>\n<script type=\"application\/ld+json\" class=\"yoast-schema-graph\">{\"@context\":\"https:\/\/schema.org\",\"@graph\":[{\"@type\":\"WebPage\",\"@id\":\"https:\/\/www.rooderchina.com\/product\/mangosteen-m1ps-rooder-sara-citycoco-chopper-60v-50ah\/\",\"url\":\"https:\/\/www.rooderchina.com\/product\/mangosteen-m1ps-rooder-sara-citycoco-chopper-60v-50ah\/\",\"name\":\"mangosteen m1ps Rooder SARA citycoco chopper 60v 50ah - Electric Scooters Bikes Citycoco Manufacturer\",\"isPartOf\":{\"@id\":\"https:\/\/www.rooderchina.com\/#website\"},\"datePublished\":\"2023-11-11T10:37:46+00:00\",\"dateModified\":\"2023-11-11T10:37:48+00:00\",\"breadcrumb\":{\"@id\":\"https:\/\/www.rooderchina.com\/product\/mangosteen-m1ps-rooder-sara-citycoco-chopper-60v-50ah\/#breadcrumb\"},\"inLanguage\":\"pt-BR\",\"potentialAction\":[{\"@type\":\"ReadAction\",\"target\":[\"https:\/\/www.rooderchina.com\/product\/mangosteen-m1ps-rooder-sara-citycoco-chopper-60v-50ah\/\"]}]},{\"@type\":\"BreadcrumbList\",\"@id\":\"https:\/\/www.rooderchina.com\/product\/mangosteen-m1ps-rooder-sara-citycoco-chopper-60v-50ah\/#breadcrumb\",\"itemListElement\":[{\"@type\":\"ListItem\",\"position\":1,\"name\":\"HOME\",\"item\":\"https:\/\/www.rooderchina.com\/\"},{\"@type\":\"ListItem\",\"position\":2,\"name\":\"Shop\",\"item\":\"https:\/\/www.rooderchina.com\/shop\/\"},{\"@type\":\"ListItem\",\"position\":3,\"name\":\"mangosteen m1ps Rooder SARA citycoco chopper 60v 50ah\"}]},{\"@type\":\"WebSite\",\"@id\":\"https:\/\/www.rooderchina.com\/#website\",\"url\":\"https:\/\/www.rooderchina.com\/\",\"name\":\"Electric Scooters Bikes Citycoco Manufacturer\",\"description\":\"Rooder Technology Limited\",\"publisher\":{\"@id\":\"https:\/\/www.rooderchina.com\/#organization\"},\"potentialAction\":[{\"@type\":\"SearchAction\",\"target\":{\"@type\":\"EntryPoint\",\"urlTemplate\":\"https:\/\/www.rooderchina.com\/?s={search_term_string}\"},\"query-input\":\"required name=search_term_string\"}],\"inLanguage\":\"pt-BR\"},{\"@type\":\"Organization\",\"@id\":\"https:\/\/www.rooderchina.com\/#organization\",\"name\":\"Electric Scooters Bikes Citycoco Manufacturer\",\"url\":\"https:\/\/www.rooderchina.com\/\",\"logo\":{\"@type\":\"ImageObject\",\"inLanguage\":\"pt-BR\",\"@id\":\"https:\/\/www.rooderchina.com\/#\/schema\/logo\/image\/\",\"url\":\"https:\/\/www.rooderchina.com\/wp-content\/uploads\/2023\/12\/rooder2.jpg\",\"contentUrl\":\"https:\/\/www.rooderchina.com\/wp-content\/uploads\/2023\/12\/rooder2.jpg\",\"width\":1723,\"height\":1037,\"caption\":\"Electric Scooters Bikes Citycoco Manufacturer\"},\"image\":{\"@id\":\"https:\/\/www.rooderchina.com\/#\/schema\/logo\/image\/\"},\"sameAs\":[\"https:\/\/www.facebook.com\/rooder.tec\",\"https:\/\/twitter.com\/RooderTec\"]}]}<\/script>\n<!-- \/ Yoast SEO plugin. -->","yoast_head_json":{"title":"mangosteen m1ps Rooder SARA citycoco chopper 60v 50ah - Electric Scooters Bikes Citycoco Manufacturer","robots":{"index":"index","follow":"follow","max-snippet":"max-snippet:-1","max-image-preview":"max-image-preview:large","max-video-preview":"max-video-preview:-1"},"canonical":"https:\/\/www.rooderchina.com\/pt\/produto\/mangosteen-m1ps-rooder-sara-citycoco-chopper-60v-50ah\/","og_locale":"pt_BR","og_type":"article","og_title":"mangosteen m1ps Rooder SARA citycoco chopper 60v 50ah - Electric Scooters Bikes Citycoco Manufacturer","og_description":"Short Description: mangosteen m1ps 4000 to 8000w motor, 45kmph to 100kmph or 62mph max speed 72v40ah or 60v50a lithium battery, 80-160km range EEC COC DOT CE FCC ROHS certifications Rooder mangosteen brand +8613632905138    Brand: OEM\/ODM\/ROODER   Min.Order Quantity: 10 Piece\/Pieces   Supply Ability: 10000 Piece\/Pieces per Month   Port: Shenzhen   Payment Terms: T\/T, L\/C, D\/A, D\/P","og_url":"https:\/\/www.rooderchina.com\/pt\/produto\/mangosteen-m1ps-rooder-sara-citycoco-chopper-60v-50ah\/","og_site_name":"Electric Scooters Bikes Citycoco Manufacturer","article_publisher":"https:\/\/www.facebook.com\/rooder.tec","article_modified_time":"2023-11-11T10:37:48+00:00","og_image":[{"width":1024,"height":1024,"url":"https:\/\/www.rooderchina.com\/wp-content\/uploads\/2023\/11\/mangosteen-m1ps-Rooder-SARA-citycoco-chopper-1.jpg","type":"image\/jpeg"}],"twitter_card":"summary_large_image","twitter_site":"@RooderTec","twitter_misc":{"Est. tempo de leitura":"2 minutos"},"schema":{"@context":"https:\/\/schema.org","@graph":[{"@type":"WebPage","@id":"https:\/\/www.rooderchina.com\/product\/mangosteen-m1ps-rooder-sara-citycoco-chopper-60v-50ah\/","url":"https:\/\/www.rooderchina.com\/product\/mangosteen-m1ps-rooder-sara-citycoco-chopper-60v-50ah\/","name":"mangosteen m1ps Rooder SARA citycoco chopper 60v 50ah - Electric Scooters Bikes Citycoco Manufacturer","isPartOf":{"@id":"https:\/\/www.rooderchina.com\/#website"},"datePublished":"2023-11-11T10:37:46+00:00","dateModified":"2023-11-11T10:37:48+00:00","breadcrumb":{"@id":"https:\/\/www.rooderchina.com\/product\/mangosteen-m1ps-rooder-sara-citycoco-chopper-60v-50ah\/#breadcrumb"},"inLanguage":"pt-BR","potentialAction":[{"@type":"ReadAction","target":["https:\/\/www.rooderchina.com\/product\/mangosteen-m1ps-rooder-sara-citycoco-chopper-60v-50ah\/"]}]},{"@type":"BreadcrumbList","@id":"https:\/\/www.rooderchina.com\/product\/mangosteen-m1ps-rooder-sara-citycoco-chopper-60v-50ah\/#breadcrumb","itemListElement":[{"@type":"ListItem","position":1,"name":"HOME","item":"https:\/\/www.rooderchina.com\/"},{"@type":"ListItem","position":2,"name":"Shop","item":"https:\/\/www.rooderchina.com\/shop\/"},{"@type":"ListItem","position":3,"name":"mangosteen m1ps Rooder SARA citycoco chopper 60v 50ah"}]},{"@type":"WebSite","@id":"https:\/\/www.rooderchina.com\/#website","url":"https:\/\/www.rooderchina.com\/","name":"Electric Scooters Bikes Citycoco Manufacturer","description":"Rooder Technology Limited","publisher":{"@id":"https:\/\/www.rooderchina.com\/#organization"},"potentialAction":[{"@type":"SearchAction","target":{"@type":"EntryPoint","urlTemplate":"https:\/\/www.rooderchina.com\/?s={search_term_string}"},"query-input":"required name=search_term_string"}],"inLanguage":"pt-BR"},{"@type":"Organization","@id":"https:\/\/www.rooderchina.com\/#organization","name":"Electric Scooters Bikes Citycoco Manufacturer","url":"https:\/\/www.rooderchina.com\/","logo":{"@type":"ImageObject","inLanguage":"pt-BR","@id":"https:\/\/www.rooderchina.com\/#\/schema\/logo\/image\/","url":"https:\/\/www.rooderchina.com\/wp-content\/uploads\/2023\/12\/rooder2.jpg","contentUrl":"https:\/\/www.rooderchina.com\/wp-content\/uploads\/2023\/12\/rooder2.jpg","width":1723,"height":1037,"caption":"Electric Scooters Bikes Citycoco Manufacturer"},"image":{"@id":"https:\/\/www.rooderchina.com\/#\/schema\/logo\/image\/"},"sameAs":["https:\/\/www.facebook.com\/rooder.tec","https:\/\/twitter.com\/RooderTec"]}]}},"_links":{"self":[{"href":"https:\/\/www.rooderchina.com\/pt\/wp-json\/wp\/v2\/product\/9487","targetHints":{"allow":["GET"]}}],"collection":[{"href":"https:\/\/www.rooderchina.com\/pt\/wp-json\/wp\/v2\/product"}],"about":[{"href":"https:\/\/www.rooderchina.com\/pt\/wp-json\/wp\/v2\/types\/product"}],"replies":[{"embeddable":true,"href":"https:\/\/www.rooderchina.com\/pt\/wp-json\/wp\/v2\/comments?post=9487"}],"version-history":[{"count":1,"href":"https:\/\/www.rooderchina.com\/pt\/wp-json\/wp\/v2\/product\/9487\/revisions"}],"predecessor-version":[{"id":9488,"href":"https:\/\/www.rooderchina.com\/pt\/wp-json\/wp\/v2\/product\/9487\/revisions\/9488"}],"wp:featuredmedia":[{"embeddable":true,"href":"https:\/\/www.rooderchina.com\/pt\/wp-json\/wp\/v2\/media\/9489"}],"wp:attachment":[{"href":"https:\/\/www.rooderchina.com\/pt\/wp-json\/wp\/v2\/media?parent=9487"}],"wp:term":[{"taxonomy":"product_brand","embeddable":true,"href":"https:\/\/www.rooderchina.com\/pt\/wp-json\/wp\/v2\/product_brand?post=9487"},{"taxonomy":"product_cat","embeddable":true,"href":"https:\/\/www.rooderchina.com\/pt\/wp-json\/wp\/v2\/product_cat?post=9487"},{"taxonomy":"product_tag","embeddable":true,"href":"https:\/\/www.rooderchina.com\/pt\/wp-json\/wp\/v2\/product_tag?post=9487"}],"curies":[{"name":"wp","href":"https:\/\/api.w.org\/{rel}","templated":true}]}}