{"id":9371,"date":"2023-11-11T18:35:38","date_gmt":"2023-11-11T10:35:38","guid":{"rendered":"http:\/\/www.rooderchina.com\/index.php\/product\/2-wheel-electric-scooter-w7-with-72v-removable-lithium-battery-2000w-brush-motor-off-road-tires\/"},"modified":"2023-11-20T01:47:11","modified_gmt":"2023-11-19T17:47:11","slug":"2-wheel-electric-scooter-w7-with-72v-removable-lithium-battery-2000w-brush-motor-off-road-tires","status":"publish","type":"product","link":"https:\/\/www.rooderchina.com\/pt\/produto\/2-wheel-electric-scooter-w7-with-72v-removable-lithium-battery-2000w-brush-motor-off-road-tires\/","title":{"rendered":"Scooter el\u00e9trica de 2 rodas w7 com bateria de l\u00edtio remov\u00edvel de 72v e motor de 2000w com escova e pneus off-road"},"content":{"rendered":"<p>As a well-know brand in domestic and oversea, Rooder has great corporation with some of the famous company, such as JD, TECENT, Alibaba and so on. Our products are popular with customers around worldwide and hot-sales in France, England, Spain, Germany, USA, Singapore, South-Korea and so on.<\/p>\n<p>Thank you for your understanding and continued interest in the products and services of Dream Industry.<\/p>\n<p><strong><a href=\"https:\/\/www.rooderchina.com\/pt\/tag\/2-wheel-electric-scooter\/\" title=\"View all posts in 2 wheel electric scooter\" target=\"_blank\" rel=\"noopener\">Scooter el\u00e9trico de 2 rodas<\/a> w7 with 72v removable lithium battery 2000w brush motor off road tires from segway 2 wheel electric <a href=\"https:\/\/www.rooderchina.com\/pt\/tag\/scooter\/\" title=\"Ver todas as mensagens em scooter\" target=\"_blank\" rel=\"noopener\">scooter<\/a> supplier factory company<\/strong><\/p>\n<\/p>\n<p>&nbsp;<\/p>\n<p>model: w7<br \/>\nnet weight 46 kg<br \/>\ndimension 85 (l)x 45 (w) x 122 (h)cm<br \/>\nmax speed 20km\/h<br \/>\nmax load 200 kg<br \/>\nmax range:35-40km<br \/>\nmax climb capability 30 degree<br \/>\nmin turning radius 0<br \/>\nfull charging time: 3h<br \/>\nrechargeable &amp; removable lithium battery: 84v,8.8ah panisonic<br \/>\npower brush motor<br \/>\nvoltage 100 v-240 v, 50\/60hz<br \/>\nmax power: 4000 watts (2*2000w\/pc)<br \/>\nlifetime of battery more than 5 years<br \/>\ntire 19in vacuum tire<br \/>\nwheel 7in (aluminum rim)<br \/>\nheight of handle 80-130cm adjustable<br \/>\nstandard pressure 150 kpa<br \/>\nbattery\/voltage\/speed\/time\/mileage display<br \/>\nluzes de led<\/p>\n<p>1 pe\u00e7a\/caixa<br \/>\ncarton size: 92cm x 52cm x 63cm<br \/>\nnw:47kg, gw:60kg.<\/p>\n<p>packaging details:<br \/>\n88pcs in 20&#8242; gp,<br \/>\n191pcs in 40&#8242; gp.<br \/>\n241pcs in 40&#8242; hc<\/p>\n<p>&nbsp;<\/p>\n<p>MORE PRODUCT:<\/p><\/p>","protected":false},"excerpt":{"rendered":"<h3>Descri\u00e7\u00e3o resumida:<\/h3>\n<p><p>Encontre scooter de balanceamento de 2 rodas de alta qualidade, scooter de balanceamento de 2 rodas por atacado da Rooder, fabricante de scooter de balanceamento de 2 rodas, fornecedor, exportador, empresa<\/p>\n<p>Bateria de l\u00edtio remov\u00edvel de 72 V,<br \/>\nMotor de 2000w*2,<br \/>\nmotor de escova potente,<br \/>\npneus fora de estrada,<br \/>\ndiretamente da f\u00e1brica<\/p>\n<\/p>\n<p><\/p>\n<li><em>Marca: <\/em> OEM\/ODM\/ROODER<\/li>\n<li><em>Quantidade m\u00ednima do pedido: <\/em> 10 pe\u00e7as\/pe\u00e7as<\/li>\n<li><em>Capacidade de fornecimento: <\/em> 10000 pe\u00e7as\/pe\u00e7as por m\u00eas<\/li>\n<li><em>Porto: <\/em> Shenzhen<\/li>\n<li><em>Condi\u00e7\u00f5es de pagamento: <\/em> T\/T, L\/C, D\/A, D\/P<\/li>","protected":false},"featured_media":9373,"comment_status":"closed","ping_status":"closed","template":"","meta":[],"product_brand":[],"product_cat":[556],"product_tag":[692,551,693,694,695,696,697,698,699],"class_list":{"0":"post-9371","1":"product","2":"type-product","3":"status-publish","4":"has-post-thumbnail","6":"product_cat-others","7":"product_tag-2-wheel-balancing-scooter","8":"product_tag-2-wheel-electric-scooter","9":"product_tag-balance-scooter-10-inch","10":"product_tag-electric-scooters","11":"product_tag-hoverboard","12":"product_tag-hoverboard-10-inch","13":"product_tag-mini-bluetooth-hoverboard","14":"product_tag-scooter","15":"product_tag-self-balancing-hoverboard","17":"first","18":"instock","19":"product-type-simple"},"yoast_head":"<!-- This site is optimized with the Yoast SEO plugin v21.7 - https:\/\/yoast.com\/wordpress\/plugins\/seo\/ -->\n<title>2 wheel electric scooter w7 with 72v removable lithium battery 2000w brush motor off road tires - Electric Scooters Bikes Citycoco Manufacturer<\/title>\n<meta name=\"robots\" content=\"index, follow, max-snippet:-1, max-image-preview:large, max-video-preview:-1\" \/>\n<link rel=\"canonical\" href=\"https:\/\/www.rooderchina.com\/pt\/produto\/2-wheel-electric-scooter-w7-with-72v-removable-lithium-battery-2000w-brush-motor-off-road-tires\/\" \/>\n<meta property=\"og:locale\" content=\"pt_BR\" \/>\n<meta property=\"og:type\" content=\"article\" \/>\n<meta property=\"og:title\" content=\"2 wheel electric scooter w7 with 72v removable lithium battery 2000w brush motor off road tires - Electric Scooters Bikes Citycoco Manufacturer\" \/>\n<meta property=\"og:description\" content=\"Short Description: find high quality\u00a02 wheel balancing scooter, wholesale\u00a02 wheel balancing scooter from Rooder\u00a02 wheel balancing scooter manufacturer supplier factory exporter company 72v removable lithium battery, 2000w*2 motor, powerful brush motor, off road tires, factory directly    Brand: OEM\/ODM\/ROODER   Min.Order Quantity: 10 Piece\/Pieces   Supply Ability: 10000 Piece\/Pieces per Month   Port: Shenzhen   Payment Terms: T\/T, L\/C, D\/A, D\/P\" \/>\n<meta property=\"og:url\" content=\"https:\/\/www.rooderchina.com\/pt\/produto\/2-wheel-electric-scooter-w7-with-72v-removable-lithium-battery-2000w-brush-motor-off-road-tires\/\" \/>\n<meta property=\"og:site_name\" content=\"Electric Scooters Bikes Citycoco Manufacturer\" \/>\n<meta property=\"article:publisher\" content=\"https:\/\/www.facebook.com\/rooder.tec\" \/>\n<meta property=\"article:modified_time\" content=\"2023-11-19T17:47:11+00:00\" \/>\n<meta property=\"og:image\" content=\"https:\/\/www.rooderchina.com\/wp-content\/uploads\/2023\/11\/1df1f49a.jpg\" \/>\n\t<meta property=\"og:image:width\" content=\"750\" \/>\n\t<meta property=\"og:image:height\" content=\"750\" \/>\n\t<meta property=\"og:image:type\" content=\"image\/jpeg\" \/>\n<meta name=\"twitter:card\" content=\"summary_large_image\" \/>\n<meta name=\"twitter:site\" content=\"@RooderTec\" \/>\n<meta name=\"twitter:label1\" content=\"Est. tempo de leitura\" \/>\n\t<meta name=\"twitter:data1\" content=\"1 minuto\" \/>\n<script type=\"application\/ld+json\" class=\"yoast-schema-graph\">{\"@context\":\"https:\/\/schema.org\",\"@graph\":[{\"@type\":\"WebPage\",\"@id\":\"https:\/\/www.rooderchina.com\/product\/2-wheel-electric-scooter-w7-with-72v-removable-lithium-battery-2000w-brush-motor-off-road-tires\/\",\"url\":\"https:\/\/www.rooderchina.com\/product\/2-wheel-electric-scooter-w7-with-72v-removable-lithium-battery-2000w-brush-motor-off-road-tires\/\",\"name\":\"2 wheel electric scooter w7 with 72v removable lithium battery 2000w brush motor off road tires - Electric Scooters Bikes Citycoco Manufacturer\",\"isPartOf\":{\"@id\":\"https:\/\/www.rooderchina.com\/#website\"},\"datePublished\":\"2023-11-11T10:35:38+00:00\",\"dateModified\":\"2023-11-19T17:47:11+00:00\",\"breadcrumb\":{\"@id\":\"https:\/\/www.rooderchina.com\/product\/2-wheel-electric-scooter-w7-with-72v-removable-lithium-battery-2000w-brush-motor-off-road-tires\/#breadcrumb\"},\"inLanguage\":\"pt-BR\",\"potentialAction\":[{\"@type\":\"ReadAction\",\"target\":[\"https:\/\/www.rooderchina.com\/product\/2-wheel-electric-scooter-w7-with-72v-removable-lithium-battery-2000w-brush-motor-off-road-tires\/\"]}]},{\"@type\":\"BreadcrumbList\",\"@id\":\"https:\/\/www.rooderchina.com\/product\/2-wheel-electric-scooter-w7-with-72v-removable-lithium-battery-2000w-brush-motor-off-road-tires\/#breadcrumb\",\"itemListElement\":[{\"@type\":\"ListItem\",\"position\":1,\"name\":\"HOME\",\"item\":\"https:\/\/www.rooderchina.com\/\"},{\"@type\":\"ListItem\",\"position\":2,\"name\":\"Shop\",\"item\":\"https:\/\/www.rooderchina.com\/shop\/\"},{\"@type\":\"ListItem\",\"position\":3,\"name\":\"2 wheel electric scooter w7 with 72v removable lithium battery 2000w brush motor off road tires\"}]},{\"@type\":\"WebSite\",\"@id\":\"https:\/\/www.rooderchina.com\/#website\",\"url\":\"https:\/\/www.rooderchina.com\/\",\"name\":\"Electric Scooters Bikes Citycoco Manufacturer\",\"description\":\"Rooder Technology Limited\",\"publisher\":{\"@id\":\"https:\/\/www.rooderchina.com\/#organization\"},\"potentialAction\":[{\"@type\":\"SearchAction\",\"target\":{\"@type\":\"EntryPoint\",\"urlTemplate\":\"https:\/\/www.rooderchina.com\/?s={search_term_string}\"},\"query-input\":\"required name=search_term_string\"}],\"inLanguage\":\"pt-BR\"},{\"@type\":\"Organization\",\"@id\":\"https:\/\/www.rooderchina.com\/#organization\",\"name\":\"Electric Scooters Bikes Citycoco Manufacturer\",\"url\":\"https:\/\/www.rooderchina.com\/\",\"logo\":{\"@type\":\"ImageObject\",\"inLanguage\":\"pt-BR\",\"@id\":\"https:\/\/www.rooderchina.com\/#\/schema\/logo\/image\/\",\"url\":\"https:\/\/www.rooderchina.com\/wp-content\/uploads\/2023\/12\/rooder2.jpg\",\"contentUrl\":\"https:\/\/www.rooderchina.com\/wp-content\/uploads\/2023\/12\/rooder2.jpg\",\"width\":1723,\"height\":1037,\"caption\":\"Electric Scooters Bikes Citycoco Manufacturer\"},\"image\":{\"@id\":\"https:\/\/www.rooderchina.com\/#\/schema\/logo\/image\/\"},\"sameAs\":[\"https:\/\/www.facebook.com\/rooder.tec\",\"https:\/\/twitter.com\/RooderTec\"]}]}<\/script>\n<!-- \/ Yoast SEO plugin. -->","yoast_head_json":{"title":"2 wheel electric scooter w7 with 72v removable lithium battery 2000w brush motor off road tires - Electric Scooters Bikes Citycoco Manufacturer","robots":{"index":"index","follow":"follow","max-snippet":"max-snippet:-1","max-image-preview":"max-image-preview:large","max-video-preview":"max-video-preview:-1"},"canonical":"https:\/\/www.rooderchina.com\/pt\/produto\/2-wheel-electric-scooter-w7-with-72v-removable-lithium-battery-2000w-brush-motor-off-road-tires\/","og_locale":"pt_BR","og_type":"article","og_title":"2 wheel electric scooter w7 with 72v removable lithium battery 2000w brush motor off road tires - Electric Scooters Bikes Citycoco Manufacturer","og_description":"Short Description: find high quality\u00a02 wheel balancing scooter, wholesale\u00a02 wheel balancing scooter from Rooder\u00a02 wheel balancing scooter manufacturer supplier factory exporter company 72v removable lithium battery, 2000w*2 motor, powerful brush motor, off road tires, factory directly    Brand: OEM\/ODM\/ROODER   Min.Order Quantity: 10 Piece\/Pieces   Supply Ability: 10000 Piece\/Pieces per Month   Port: Shenzhen   Payment Terms: T\/T, L\/C, D\/A, D\/P","og_url":"https:\/\/www.rooderchina.com\/pt\/produto\/2-wheel-electric-scooter-w7-with-72v-removable-lithium-battery-2000w-brush-motor-off-road-tires\/","og_site_name":"Electric Scooters Bikes Citycoco Manufacturer","article_publisher":"https:\/\/www.facebook.com\/rooder.tec","article_modified_time":"2023-11-19T17:47:11+00:00","og_image":[{"width":750,"height":750,"url":"https:\/\/www.rooderchina.com\/wp-content\/uploads\/2023\/11\/1df1f49a.jpg","type":"image\/jpeg"}],"twitter_card":"summary_large_image","twitter_site":"@RooderTec","twitter_misc":{"Est. tempo de leitura":"1 minuto"},"schema":{"@context":"https:\/\/schema.org","@graph":[{"@type":"WebPage","@id":"https:\/\/www.rooderchina.com\/product\/2-wheel-electric-scooter-w7-with-72v-removable-lithium-battery-2000w-brush-motor-off-road-tires\/","url":"https:\/\/www.rooderchina.com\/product\/2-wheel-electric-scooter-w7-with-72v-removable-lithium-battery-2000w-brush-motor-off-road-tires\/","name":"2 wheel electric scooter w7 with 72v removable lithium battery 2000w brush motor off road tires - Electric Scooters Bikes Citycoco Manufacturer","isPartOf":{"@id":"https:\/\/www.rooderchina.com\/#website"},"datePublished":"2023-11-11T10:35:38+00:00","dateModified":"2023-11-19T17:47:11+00:00","breadcrumb":{"@id":"https:\/\/www.rooderchina.com\/product\/2-wheel-electric-scooter-w7-with-72v-removable-lithium-battery-2000w-brush-motor-off-road-tires\/#breadcrumb"},"inLanguage":"pt-BR","potentialAction":[{"@type":"ReadAction","target":["https:\/\/www.rooderchina.com\/product\/2-wheel-electric-scooter-w7-with-72v-removable-lithium-battery-2000w-brush-motor-off-road-tires\/"]}]},{"@type":"BreadcrumbList","@id":"https:\/\/www.rooderchina.com\/product\/2-wheel-electric-scooter-w7-with-72v-removable-lithium-battery-2000w-brush-motor-off-road-tires\/#breadcrumb","itemListElement":[{"@type":"ListItem","position":1,"name":"HOME","item":"https:\/\/www.rooderchina.com\/"},{"@type":"ListItem","position":2,"name":"Shop","item":"https:\/\/www.rooderchina.com\/shop\/"},{"@type":"ListItem","position":3,"name":"2 wheel electric scooter w7 with 72v removable lithium battery 2000w brush motor off road tires"}]},{"@type":"WebSite","@id":"https:\/\/www.rooderchina.com\/#website","url":"https:\/\/www.rooderchina.com\/","name":"Electric Scooters Bikes Citycoco Manufacturer","description":"Rooder Technology Limited","publisher":{"@id":"https:\/\/www.rooderchina.com\/#organization"},"potentialAction":[{"@type":"SearchAction","target":{"@type":"EntryPoint","urlTemplate":"https:\/\/www.rooderchina.com\/?s={search_term_string}"},"query-input":"required name=search_term_string"}],"inLanguage":"pt-BR"},{"@type":"Organization","@id":"https:\/\/www.rooderchina.com\/#organization","name":"Electric Scooters Bikes Citycoco Manufacturer","url":"https:\/\/www.rooderchina.com\/","logo":{"@type":"ImageObject","inLanguage":"pt-BR","@id":"https:\/\/www.rooderchina.com\/#\/schema\/logo\/image\/","url":"https:\/\/www.rooderchina.com\/wp-content\/uploads\/2023\/12\/rooder2.jpg","contentUrl":"https:\/\/www.rooderchina.com\/wp-content\/uploads\/2023\/12\/rooder2.jpg","width":1723,"height":1037,"caption":"Electric Scooters Bikes Citycoco Manufacturer"},"image":{"@id":"https:\/\/www.rooderchina.com\/#\/schema\/logo\/image\/"},"sameAs":["https:\/\/www.facebook.com\/rooder.tec","https:\/\/twitter.com\/RooderTec"]}]}},"_links":{"self":[{"href":"https:\/\/www.rooderchina.com\/pt\/wp-json\/wp\/v2\/product\/9371","targetHints":{"allow":["GET"]}}],"collection":[{"href":"https:\/\/www.rooderchina.com\/pt\/wp-json\/wp\/v2\/product"}],"about":[{"href":"https:\/\/www.rooderchina.com\/pt\/wp-json\/wp\/v2\/types\/product"}],"replies":[{"embeddable":true,"href":"https:\/\/www.rooderchina.com\/pt\/wp-json\/wp\/v2\/comments?post=9371"}],"version-history":[{"count":1,"href":"https:\/\/www.rooderchina.com\/pt\/wp-json\/wp\/v2\/product\/9371\/revisions"}],"predecessor-version":[{"id":9372,"href":"https:\/\/www.rooderchina.com\/pt\/wp-json\/wp\/v2\/product\/9371\/revisions\/9372"}],"wp:featuredmedia":[{"embeddable":true,"href":"https:\/\/www.rooderchina.com\/pt\/wp-json\/wp\/v2\/media\/9373"}],"wp:attachment":[{"href":"https:\/\/www.rooderchina.com\/pt\/wp-json\/wp\/v2\/media?parent=9371"}],"wp:term":[{"taxonomy":"product_brand","embeddable":true,"href":"https:\/\/www.rooderchina.com\/pt\/wp-json\/wp\/v2\/product_brand?post=9371"},{"taxonomy":"product_cat","embeddable":true,"href":"https:\/\/www.rooderchina.com\/pt\/wp-json\/wp\/v2\/product_cat?post=9371"},{"taxonomy":"product_tag","embeddable":true,"href":"https:\/\/www.rooderchina.com\/pt\/wp-json\/wp\/v2\/product_tag?post=9371"}],"curies":[{"name":"wp","href":"https:\/\/api.w.org\/{rel}","templated":true}]}}